{"id":15785,"date":"2023-07-15T07:43:40","date_gmt":"2023-07-15T07:43:40","guid":{"rendered":"https:\/\/www.ticketswhales.com\/saona-island-private-tour-from-punta-cana-hotels-punta-cana-lobby\/"},"modified":"2023-07-15T07:43:40","modified_gmt":"2023-07-15T07:43:40","slug":"saona-island-private-tour-from-punta-cana-hotels-punta-cana-lobby","status":"publish","type":"page","link":"https:\/\/www.boattoursamana.com\/cs\/ostrov-saona-soukroma-prohlidka-z-hotelu-punta-cana-lobby-punta-cana-2","title":{"rendered":"Soukrom\u00e1 prohl\u00eddka ostrova Saona z hotel\u016f Punta Cana \u2013 lobby Punta Cana"},"content":{"rendered":"<p><span style=\"vertical-align: inherit;\"><span style=\"vertical-align: inherit;\">Pase de un d\u00eda a la isla Saona desde el puerto de Bayahibe. <\/span><span style=\"vertical-align: inherit;\">Almuerzo y piscinas naturales incluidas. <\/span><span style=\"vertical-align: inherit;\">En caso de necesidad traslado desde cualquier parte de Rep\u00fablica Dominicana. <\/span><span style=\"vertical-align: inherit;\">Simplemente cont\u00e1ctenos y tengamos la mejor experiencia en Isla Saona.<\/span><\/span><br \/>\nn<br \/>\nn&nbsp;<br \/>\nn<br \/>\nn<em><strong><span style=\"vertical-align: inherit;\"><span style=\"vertical-align: inherit;\">Seleccione la fecha para el tour\u00a0<\/span><\/span><\/strong><\/em><\/p>\n<p>&nbsp;<\/p>\n<div class=\"vc_row wpb_row vc_row-fluid\" ><div class=\"wpb_column vc_column_container vc_col-sm-12\"><div class=\"vc_column-inner\"><div class=\"wpb_wrapper\">\n\t<div class=\"wpb_text_column wpb_content_element\" >\n\t\t<div class=\"wpb_wrapper\">\n\t\t\t<p>\nn<\/p>\n<h2><b><i>Soukrom\u00fd v\u00fdlet na ostrov Saona\u00a0<\/i><\/b><\/h2>\n<p>n<\/p>\n<h4><b><i>P\u0159ehled<\/i><\/b><\/h4>\n<p>n<\/p>\n<div>Odjezd je z hlavn\u00edho mola <strong>Bayahibe<\/strong> v 9:00 a n\u00e1vrat v 17:00. Li\u00a0<b>(p\u0159id\u00e1v\u00e1te soukrom\u00fd transfer z jin\u00fdch odlet\u016f do t\u00e9to cesty, \u010das se m\u016f\u017ee zm\u011bnit)<\/b> <span style=\"font-size: 16px;\">Tento v\u00fdlet v\u00e1s zavede na ty nejlep\u0161\u00ed pl\u00e1\u017ee <strong>ostrov Saona<\/strong> (Isla Saona) z m\u011bsta Bayahibe, ob\u011bd je na ostrov\u011b a zastav\u00edte se u p\u0159\u00edrodn\u00edch koupali\u0161\u0165<strong> N\u00e1rodn\u00ed park Cotubanama<\/strong>. U\u017eijte si kr\u00e1sn\u00e9 jihov\u00fdchodn\u00ed pob\u0159e\u017e\u00ed Dominik\u00e1nsk\u00e9 republiky, kde se po plavb\u011b lod\u00ed budete plavit pod\u00e9l pob\u0159e\u017e\u00ed a pozorovat r\u016fzn\u00e9 pl\u00e1\u017ee, krajinu, mangrovy a v\u00e1pencov\u00e9 \u00fatvary tohoto jedine\u010dn\u00e9ho m\u00edsta.\u00a0<\/span><\/div>\n<p>n<\/p>\n<div>\nn<br \/>\nn<span style=\"font-weight: 400;\">Cesta na ostrov trv\u00e1 asi 45 minut a b\u011bhem prohl\u00eddky budete m\u00edt mo\u017enost vid\u011bt <strong>Mano Juan<\/strong>, kter\u00e1 je jedinou komunitou zalo\u017eenou na ostrov\u011b, na stejn\u00e9m m\u00edst\u011b m\u00e1te mo\u017enost ob\u011bdvat, v p\u0159\u00edpad\u011b, \u017ee se nedostanete do Mano Juan, nav\u0161t\u00edv\u00edte r\u016fzn\u00e9 pl\u00e1\u017ee v okol\u00ed a ob\u011bd bude na pl\u00e1\u017ei, na ostrov\u011b budete m\u00edt tak\u00e9 mo\u017enost \u0161norchlovat.<\/span><br \/>\nn<br \/>\nn<span style=\"font-weight: 400;\">A\u017e svou cestu dokon\u010d\u00edte na r\u016fzn\u00fdch m\u00edstech ostrova, vr\u00e1t\u00edte se zp\u011bt na m\u00edsto, kde se setk\u00e1te s pr\u016fvodcem.<\/span><br \/>\nn<\/p>\n<ul>\nn \t<\/p>\n<li style=\"font-weight: 400;\"><span style=\"font-weight: 400;\">Zahrnuje ob\u011bd formou bufetu na pl\u00e1\u017ei.<\/span><\/li>\n<p>n \t<\/p>\n<li style=\"font-weight: 400;\"><span style=\"font-weight: 400;\">P\u0159\u00edrodn\u00ed baz\u00e9n<\/span><\/li>\n<p>n \t<\/p>\n<li style=\"font-weight: 400;\"><span style=\"font-weight: 400;\">Transfer lod\u00ed nebo katamar\u00e1nem<\/span><\/li>\n<p>n \t<\/p>\n<li style=\"font-weight: 400;\"><span style=\"font-weight: 400;\">Kapit\u00e1n poskytuje instrukce a dohled<\/span><\/li>\n<p>n<\/ul>\n<p>n\n<\/p><\/div>\n<p>n&nbsp;<br \/>\nn<\/p>\n<h2><b>Zahrnut\u00ed a vylou\u010den\u00ed<\/b><\/h2>\n<p>n<b>Inkluze<\/b><br \/>\nn<\/p>\n<ol>\nn \t<\/p>\n<li>V\u00fdlet motorov\u00fdm \u010dlunem nebo katamar\u00e1nem (v\u0161e z\u00e1vis\u00ed na velikosti skupiny)<\/li>\n<p>n \t<\/p>\n<li style=\"font-weight: 400;\"><span style=\"font-weight: 400;\">Ob\u011bd formou bufetu na pl\u00e1\u017ei<\/span><\/li>\n<p>n \t<\/p>\n<li>P\u0159\u00edrodn\u00ed baz\u00e9n<\/li>\n<p>n \t<\/p>\n<li style=\"font-weight: 400;\"><span style=\"font-weight: 400;\">V\u0161echny dan\u011b, poplatky a manipula\u010dn\u00ed poplatky<\/span><\/li>\n<p>n \t<\/p>\n<li style=\"font-weight: 400;\"><span style=\"font-weight: 400;\">M\u00edstn\u00ed dan\u011b<\/span><\/li>\n<p>n \t<\/p>\n<li style=\"font-weight: 400;\"><span style=\"font-weight: 400;\">N\u00e1poje<\/span><\/li>\n<p>n<\/ol>\n<p>n<b> V\u00fdluky<\/b><br \/>\nn<\/p>\n<ol>\nn \t<\/p>\n<li style=\"font-weight: 400;\"><span style=\"font-weight: 400;\">Spropitn\u00e9<\/span><\/li>\n<p>n \t<\/p>\n<li>M\u00edstn\u00ed pr\u016fvodce<\/li>\n<p>n<\/ol>\n<p>n&nbsp;<br \/>\nn<\/p>\n<h4><em><strong>Odjezd a n\u00e1vrat<\/strong><\/em><\/h4>\n<p>n<span style=\"font-weight: 400;\">M\u00e1me rozvrh navr\u017een\u00fd tak, abychom v\u00e1s vyzvedli a odvezli na z\u00e1klad\u011b oblasti, ve kter\u00e9 se nach\u00e1z\u00edte. <\/span><span style=\"font-weight: 400;\">Cestovatel z\u00edsk\u00e1 m\u00edsto setk\u00e1n\u00ed po procesu rezervace. Prohl\u00eddky za\u010d\u00ednaj\u00ed a kon\u010d\u00ed v m\u00edstech setk\u00e1n\u00ed.<\/span><br \/>\nn<br \/>\nn&nbsp;<br \/>\nn<\/p>\n<h4><b><i>Co \u010dekat?<\/i><\/b><\/h4>\n<p>n&nbsp;<br \/>\nn<br \/>\nn<em><strong>Z\u00edskejte vstupenky<\/strong><\/em> jednodenn\u00ed vstupenka na ostrov Saona (Isla Saona) v Bayahibe plus \u00fa\u017easn\u00fd ob\u011bd a \u010das na pl\u00e1\u017ei.<br \/>\nn<br \/>\nn<span style=\"font-weight: 400;\">Celodenn\u00ed v\u00fdlet organizovan\u00fd \u201eBooking Adventures\u201c za\u010d\u00edn\u00e1 na m\u00edst\u011b setk\u00e1n\u00ed s pr\u016fvodcem. <\/span>Ob\u011bd na pl\u00e1\u017ei a m\u016f\u017eete z\u016fstat tak dlouho, jak chcete, koup\u00e1n\u00ed. Pokud jste vegan, m\u016f\u017eeme pro v\u00e1s tak\u00e9 p\u0159ipravit n\u011bjak\u00e9 j\u00eddlo.<br \/>\nn<br \/>\nnTento v\u00fdlet lod\u00ed za\u010d\u00edn\u00e1 v Bayahibe, ale nab\u00edz\u00edme soukrom\u00fd transfer za p\u0159\u00edplatek v z\u00e1vislosti na tom, kde je skupina.<br \/>\nn<br \/>\nn<strong>J\u00edzdn\u00ed \u0159\u00e1d:<\/strong><br \/>\nn<br \/>\nn7:45 \u2013 18:00<br \/>\nn<br \/>\nn&nbsp;<br \/>\nn<\/p>\n<h4><em><strong>Co byste m\u011bli p\u0159in\u00e9st?<\/strong><\/em><\/h4>\n<p>n<\/p>\n<ul>\nn \t<\/p>\n<li style=\"font-weight: 400;\"><span style=\"font-weight: 400;\">Fotoapar\u00e1t<\/span><\/li>\n<p>n \t<\/p>\n<li style=\"font-weight: 400;\"><span style=\"font-weight: 400;\">Repelentn\u00ed pupeny<\/span><\/li>\n<p>n \t<\/p>\n<li style=\"font-weight: 400;\"><span style=\"font-weight: 400;\">opalovac\u00ed kr\u00e9m<\/span><\/li>\n<p>n \t<\/p>\n<li style=\"font-weight: 400;\"><span style=\"font-weight: 400;\">\u010cepice<\/span><\/li>\n<p>n \t<\/p>\n<li style=\"font-weight: 400;\"><span style=\"font-weight: 400;\">Pohodln\u00e9 kalhoty<\/span><\/li>\n<p>n \t<\/p>\n<li style=\"font-weight: 400;\"><span style=\"font-weight: 400;\">Turistick\u00e9 boty do lesa<\/span><\/li>\n<p>n \t<\/p>\n<li style=\"font-weight: 400;\"><span style=\"font-weight: 400;\">Sand\u00e1ly na pl\u00e1\u017e<\/span><\/li>\n<p>n \t<\/p>\n<li style=\"font-weight: 400;\"><span style=\"font-weight: 400;\">Plavky<\/span><\/li>\n<p>n \t<\/p>\n<li>Pen\u00edze za suven\u00fdry<\/li>\n<p>n<\/ul>\n<p>n&nbsp;<br \/>\nn<\/p>\n<h2><b><i>Hotel vyzvednut\u00ed na jednodenn\u00ed v\u00fdlet na ostrov Saona<\/i><\/b><\/h2>\n<p>n<span style=\"font-weight: 400;\">Toto je program, kter\u00fd jsme nastavili na z\u00e1klad\u011b va\u0161ich um\u00edst\u011bn\u00ed. Sd\u011blte n\u00e1m pros\u00edm sv\u016fj konkr\u00e9tn\u00ed hotel a my v\u00e1s budeme kontaktovat, abychom v\u00e1m \u0159ekli, kde se s v\u00e1mi setk\u00e1me. Tato mo\u017enost p\u0159evodu je zpoplatn\u011bna. Tento v\u00fdlet za\u010d\u00edn\u00e1 v Bayahibe.<\/span><br \/>\nn<\/p>\n<table style=\"height: 487px;\" width=\"420\">\nn<\/p>\n<tbody>\nn<\/p>\n<tr>\nn<\/p>\n<td><b>M\u00edsto<\/b><\/td>\n<p>n<\/p>\n<td><b>\u010cas<\/b><\/td>\n<p>n<\/tr>\n<p>n<\/p>\n<tr>\nn<\/p>\n<td><b>Punta Cana<\/b><\/td>\n<p>n<\/p>\n<td><b>7:45 r\u00e1no<\/b><\/td>\n<p>n<\/tr>\n<p>n<\/p>\n<tr>\nn<\/p>\n<td><b>B\u00e1varo<\/b><\/td>\n<p>n<\/p>\n<td><b>7:30 r\u00e1no<\/b><\/td>\n<p>n<\/tr>\n<p>n<\/p>\n<tr>\nn<\/p>\n<td><b>Uvero Altos<\/b><\/td>\n<p>n<\/p>\n<td><b>7:00 r\u00e1no<\/b><\/td>\n<p>n<\/tr>\n<p>n<\/p>\n<tr>\nn<\/p>\n<td><b>Club Med<\/b><\/td>\n<p>n<\/p>\n<td><b>7:00 r\u00e1no<\/b><\/td>\n<p>n<\/tr>\n<p>n<\/p>\n<tr>\nn<\/p>\n<td><b>Boca Chica<\/b><\/td>\n<p>n<\/p>\n<td><b>7:00 r\u00e1no<\/b><\/td>\n<p>n<\/tr>\n<p>n<\/p>\n<tr>\nn<\/p>\n<td><b>Santo Domingo<\/b><\/td>\n<p>n<\/p>\n<td><b>6:40 r\u00e1no<\/b><\/td>\n<p>n<\/tr>\n<p>n<\/p>\n<tr>\nn<\/p>\n<td><b>Juan Doli\u00f3<\/b><\/td>\n<p>n<\/p>\n<td><b>7:00 r\u00e1no<\/b><\/td>\n<p>n<\/tr>\n<p>n<\/tbody>\n<p>n<\/table>\n<p>n&nbsp;<br \/>\nn<br \/>\nn<b>Pozn\u00e1mka:<\/b><span style=\"font-weight: 400;\"> pokud prov\u00e1d\u00edte rezervaci do 24 hodin od \u010dasu odjezdu z\u00e1jezdu\/exkurze, m\u016f\u017eeme za\u0159\u00eddit vyzvednut\u00ed v hotelu za p\u0159\u00edplatek. Jakmile bude v\u00e1\u0161 n\u00e1kup dokon\u010den, za\u0161leme v\u00e1m kompletn\u00ed kontaktn\u00ed informace (telefonn\u00ed \u010d\u00edslo, e-mailovou adresu atd.) pro na\u0161eho m\u00edstn\u00edho pr\u016fvodce, abychom mohli zajistit vyzvednut\u00ed.<\/span><br \/>\nn<\/p>\n<h4><b><i>Potvrzen\u00ed dal\u0161\u00edch informac\u00ed <\/i><\/b><\/h4>\n<p>n<\/p>\n<ol>\nn \t<\/p>\n<li>Vstupenky jsou \u00fa\u010dtenkou po zaplacen\u00ed tohoto z\u00e1jezdu. Platbu m\u016f\u017eete zobrazit na telefonu.<\/li>\n<p>n \t<\/p>\n<li style=\"font-weight: 400;\"><span style=\"font-weight: 400;\">M\u00edsto setk\u00e1n\u00ed bude obdr\u017eeno po procesu rezervace.<\/span><\/li>\n<p>n \t<\/p>\n<li style=\"font-weight: 400;\"><span style=\"font-weight: 400;\">D\u011bti mus\u00ed b\u00fdt v doprovodu dosp\u011bl\u00e9 osoby.<\/span><\/li>\n<p>n \t<\/p>\n<li style=\"font-weight: 400;\"><span style=\"font-weight: 400;\">bezbari\u00e9rov\u00fd <\/span><\/li>\n<p>n \t<\/p>\n<li style=\"font-weight: 400;\"><span style=\"font-weight: 400;\">D\u011bti mus\u00ed sed\u011bt na kl\u00edn\u011b <\/span><\/li>\n<p>n \t<\/p>\n<li style=\"font-weight: 400;\"><span style=\"font-weight: 400;\">Z\u00fa\u010dastnit se m\u016f\u017ee v\u011bt\u0161ina cestovatel\u016f<\/span><\/li>\n<p>n<\/ol>\n<p>n<\/p>\n<h4><b><i>Storno podm\u00ednky<\/i><\/b><\/h4>\n<p>Chcete-li z\u00edskat plnou n\u00e1hradu, p\u0159e\u010dt\u011bte si na\u0161e storno podm\u00ednky\u00a0<a href=\"https:\/\/www.boattoursamana.com\/cs\/online-rezervace\/\" target=\"_blank\" rel=\"noopener\" data-saferedirecturl=\"https:\/\/www.google.com\/url?q=https:\/\/www.boattoursamana.com\/online-booking\/&amp;source=gmail&amp;ust=1672449202351000&amp;usg=AOvVaw1yAeVAPktmaVCqDujgUn90\">Klikn\u011bte zde<\/a>. Prost\u0159edky budou ztraceny, pokud bude rezervace zru\u0161ena ve stejn\u00fd den cesty.<br \/>\nn<br \/>\nPOZN\u00c1MKA: Pokud byste cht\u011bli absolvovat tuto exkurzi a cht\u011bli byste v\u011bd\u011bt n\u011bjak\u00e9 dal\u0161\u00ed podrobnosti, m\u016f\u017eete<a href=\"mailto:info@bookingadventures.com.do\">\u00a0kontaktujte n\u00e1s e-mailem<\/a>l<strong>\u00a0<\/strong>nebo prost\u0159ednictv\u00edm na\u0161eho p\u0159\u00edm\u00e9ho servisn\u00edho chatu Whatsapp na tomto \u010d\u00edsle:\u00a0<strong>+1 809-720-6035<\/strong>. Okam\u017eit\u011b se V\u00e1m z\u00fa\u010dastn\u00edme a m\u016f\u017eeme V\u00e1m zpracovat nab\u00eddku s \u00fapravou ceny dle po\u010dtu osob.<br \/>\nn<br \/>\n(Po\u017eadujeme minim\u00e1ln\u011b 4 osoby pro soukrom\u00e9 domluven\u00ed prohl\u00eddky. Pro m\u00e9n\u011b osob m\u016f\u017eeme zajistit polosoukromou prohl\u00eddku s max. 15 osobami).<br \/>\nn<\/p>\n<div id=\"gtx-trans\" style=\"position: absolute; left: -1px; top: 1055.03px;\">\nn<\/p>\n<div class=\"gtx-trans-icon\"><\/div>\n<p>n\n<\/p><\/div>\n<p>n<\/p>\n\n\t\t<\/div>\n\t<\/div>\n<\/div><\/div><\/div><\/div><div class=\"vc_row wpb_row vc_row-fluid\" ><div class=\"wpb_column vc_column_container vc_col-sm-12\"><div class=\"vc_column-inner\"><div class=\"wpb_wrapper\"><\/div><\/div><\/div><\/div><div class=\"vc_row wpb_row vc_row-fluid\" ><div class=\"wpb_column vc_column_container vc_col-sm-12\"><div class=\"vc_column-inner\"><div class=\"wpb_wrapper\"><div class=\"vc_empty_space\"   style=\"height: 32px\"><span class=\"vc_empty_space_inner\"><\/span><\/div>\n\t<div class=\"wpb_video_widget wpb_content_element vc_clearfix   vc_video-aspect-ratio-169 vc_video-el-width-100 vc_video-align-left\" >\n\t\t<div class=\"wpb_wrapper\">\n\t\t\t<h2 class=\"wpb_heading wpb_video_heading\">Video v\u00fdlety a exkurze na ostrov Saona:<\/h2>\n\t\t\t<div class=\"wpb_video_wrapper\"><iframe loading=\"lazy\" title=\"Ostrov Saola Cel\u00fd den od Booking Adventures, cestov\u00e1n\u00ed Dominik\u00e1nsk\u00e1 republika\" width=\"1100\" height=\"619\" src=\"https:\/\/www.youtube.com\/embed\/sas91N4zMHo?feature=oembed\" frameborder=\"0\" allow=\"accelerometer; autoplay; clipboard-write; encrypted-media; gyroscope; picture-in-picture; web-share\" allowfullscreen><\/iframe><\/div>\n\t\t<\/div>\n\t<\/div>\n<div class=\"vc_empty_space\"   style=\"height: 32px\"><span class=\"vc_empty_space_inner\"><\/span><\/div><\/div><\/div><\/div><\/div><div class=\"vc_row wpb_row vc_row-fluid\" ><\/div><div class=\"wpb_column vc_column_container vc_col-sm-12\"><div class=\"vc_column-inner\"><div class=\"wpb_wrapper\"><\/div><\/div><\/div><div class=\"vc_empty_space\"   style=\"height: 32px\"><span class=\"vc_empty_space_inner\"><\/span><\/div><div class=\"vc_empty_space\"   style=\"height: 32px\"><span class=\"vc_empty_space_inner\"><\/span><\/div>","protected":false},"excerpt":{"rendered":"<p>Pase de un d\u00eda a la isla Saona desde el puerto de Bayahibe. Almuerzo y piscinas naturales incluidas. En caso de necesidad traslado desde cualquier parte de Rep\u00fablica Dominicana. Simplemente cont\u00e1ctenos y tengamos la mejor experiencia en Isla Saona. nn n nSeleccione la fecha para el tour\u00a0 &nbsp;<\/p>","protected":false},"author":2,"featured_media":0,"parent":0,"menu_order":0,"comment_status":"open","ping_status":"closed","template":"","meta":{"footnotes":""},"class_list":["post-15785","page","type-page","status-publish","hentry"],"_links":{"self":[{"href":"https:\/\/www.boattoursamana.com\/cs\/wp-json\/wp\/v2\/pages\/15785","targetHints":{"allow":["GET"]}}],"collection":[{"href":"https:\/\/www.boattoursamana.com\/cs\/wp-json\/wp\/v2\/pages"}],"about":[{"href":"https:\/\/www.boattoursamana.com\/cs\/wp-json\/wp\/v2\/types\/page"}],"author":[{"embeddable":true,"href":"https:\/\/www.boattoursamana.com\/cs\/wp-json\/wp\/v2\/users\/2"}],"replies":[{"embeddable":true,"href":"https:\/\/www.boattoursamana.com\/cs\/wp-json\/wp\/v2\/comments?post=15785"}],"version-history":[{"count":0,"href":"https:\/\/www.boattoursamana.com\/cs\/wp-json\/wp\/v2\/pages\/15785\/revisions"}],"wp:attachment":[{"href":"https:\/\/www.boattoursamana.com\/cs\/wp-json\/wp\/v2\/media?parent=15785"}],"curies":[{"name":"wp","href":"https:\/\/api.w.org\/{rel}","templated":true}]}}