{"id":15830,"date":"2023-07-15T07:44:42","date_gmt":"2023-07-15T07:44:42","guid":{"rendered":"https:\/\/www.ticketswhales.com\/las-galeras-las-7-playas-escondidas-de-samana-the-7-hidden-beaches-in-samana\/"},"modified":"2023-07-15T07:44:42","modified_gmt":"2023-07-15T07:44:42","slug":"las-galeras-las-7-playas-escondidas-de-samana-the-7-hidden-beaches-in-samana","status":"publish","type":"page","link":"https:\/\/www.boattoursamana.com\/cs\/las-galeras-las-7-playas-escondidas-de-samana-7-skrytych-plazi-v-samane","title":{"rendered":"Las Galeras: Las 7 Playas Escondidas de Saman\u00e1 \u2013 7 skryt\u00fdch pl\u00e1\u017e\u00ed v Saman\u00e1"},"content":{"rendered":"<p><span style=\"vertical-align: inherit;\"><span style=\"vertical-align: inherit;\">Si est\u00e1 visitando Saman\u00e1 y le gustar\u00eda tener una verdadera experiencia local haciendo senderismo, un viaje en barco m\u00e1s un almuerzo en la playa de Rinc\u00f3n, este es el viaje que necesita hacer. <\/span><span style=\"vertical-align: inherit;\">Nav\u0161tivte 7 escondidas escondidas de Saman\u00e1 v oblasti Las Galeras, nav\u0161tivte tamn\u00ed poh\u00e1dky a vynikaj\u00edc\u00ed videa a fotografie pro neuv\u011b\u0159iteln\u00e9 zdroje.<\/span><\/span><br \/>\nn<br \/>\nn<strong><span style=\"vertical-align: inherit;\"><span style=\"vertical-align: inherit;\">Seleccione la fecha para el Tour:\u00a0<\/span><\/span><\/strong><\/p>\n<p>&nbsp;<\/p>\n<div class=\"vc_row wpb_row vc_row-fluid\" ><div class=\"wpb_column vc_column_container vc_col-sm-12\"><div class=\"vc_column-inner\"><div class=\"wpb_wrapper\"><div class=\"mkdf-section-title-holder\" style=\"text-align: left\">\n\t<div class=\"mkdf-st-inner\">\n\t\t\t\t\t<h5 class=\"mkdf-st-subtitle\" >\n\t\t\t\tOb\u011bd, proj\u00ed\u017e\u010fka lod\u00ed a soukrom\u00e1 doprava z hotel\u016f.\t\t\t<\/h5>\n\t\t\t\t\t\t\t<h3 class=\"mkdf-st-title\" >\n\t\t\t\tPlaya Rinc\u00f3n, Playa Fronton + Playa Madame Beach, Saman\u00e1 \u2013 Dominik\u00e1nsk\u00e1 republika.\t\t\t<\/h3>\n\t\t\t\t\t<\/div>\n<\/div>\n\t<div class=\"wpb_text_column wpb_content_element\" >\n\t\t<div class=\"wpb_wrapper\">\n\t\t\t<p>\nn<\/p>\n<h3>Playa Calet\u00f3n, Playa Escondida, Playa Colorado, Playa del Amor, Playa La Vaca, Playa la Playita Playa Brem\u00e1n.<\/h3>\n<p>n<\/p>\n<h4><b><i>P\u0159ehled <\/i><\/b><\/h4>\n<p>nJeden z nejkr\u00e1sn\u011bj\u0161\u00edch v\u00fdlet\u016f na poloostrov\u011b Saman\u00e1.<br \/>\nn<br \/>\nn<span class=\"Y2IQFc\" lang=\"en\">7 skryt\u00fdch pl\u00e1\u017e\u00ed v Saman\u00e1, kter\u00e9 se nach\u00e1zej\u00ed na poloostrov\u011b Saman\u00e1 a uchov\u00e1vaj\u00ed kr\u00e1sn\u00e1 tajemstv\u00ed historie, a tak\u00e9 d\u00edky znalosti t\u011bchto m\u00edst p\u0159isp\u00edv\u00e1me k m\u00edstn\u00ed ekonomice, kter\u00e1 je \u017eivotn\u011b d\u016fle\u017eit\u00e1 pro ob\u017eivu lid\u00ed.<\/span><br \/>\nn<br \/>\nVstupte do jedine\u010dn\u00e9 atmosf\u00e9ry n\u00e1v\u0161t\u011bvou 7 pl\u00e1\u017e\u00ed na lodi a tak\u00e9 p\u011b\u0161\u00ed turistikou v jedn\u00e9 mal\u00e9 jeskyni na pob\u0159e\u017e\u00ed. N\u011bkter\u00e9 pl\u00e1\u017ee jsou dostupn\u00e9 pouze lod\u00ed obklopenou kor\u00e1lov\u00fdm \u00fatesem, kolem kter\u00e9ho m\u016f\u017eete \u0161norchlovat, plavat s rybami a objevovat jeho kor\u00e1ly a relaxovat a u\u017e\u00edvat si \u00fa\u017easnou scen\u00e9rii. Odpo\u010dinek, koup\u00e1n\u00ed a pot\u00e9 odjezd na Playa colorado, dal\u0161\u00ed izolovanou perfektn\u00ed pl\u00e1\u017e pro \u0161norchlov\u00e1n\u00ed, kde m\u016f\u017eete tak\u00e9 nav\u0161t\u00edvit jeskyni a po\u0159\u00eddit skv\u011bl\u00e1 videa nebo fotografie pro \u00fa\u017easn\u00e9 vzpom\u00ednky.<br \/>\nn<br \/>\nnPoob\u011bdv\u00e1te s prsty na nohou v p\u00edsku za zvuk\u016f Merengue a Bachaty v \u201eEl Paraiso\u201c \u2013 posledn\u00ed restauraci p\u0159ed d\u017eungl\u00ed \u2013 kde v\u00e1m naserv\u00edruj\u00ed kompletn\u00ed j\u00eddlo v\u010detn\u011b ryb\u00edho pokrmu, dopln\u011bn\u00e9 m\u00edstn\u00edmi n\u00e1poji a koktejly. Na zp\u00e1te\u010dn\u00ed cest\u011b se zastav\u00edme na pl\u00e1\u017ei El Rincon, zde najdete p\u0159\u00edrodn\u00ed perlu, kter\u00e1 je pova\u017eov\u00e1na za jednu z nejkr\u00e1sn\u011bj\u0161\u00edch pl\u00e1\u017e\u00ed v zemi. B\u00edl\u00fd jemn\u00fd p\u00edsek, tyrkysov\u00e9 mo\u0159e a metr vysok\u00e9 palmy mluv\u00ed za v\u0161e.<br \/>\nn<br \/>\nn&nbsp;<br \/>\nn<\/p>\n<ul>\nn \t<\/p>\n<li><span style=\"font-weight: 400;\">M\u00edstn\u00ed pr\u016fvodce se zku\u0161enostmi s bezpe\u010dnost\u00ed v t\u00e9to oblasti.<\/span><\/li>\n<p>n \t<\/p>\n<li style=\"font-weight: 400;\">Poplatky v cen\u011b<\/li>\n<p>n \t<\/p>\n<li>Ob\u011bd na pl\u00e1\u017ei<\/li>\n<p>n \t<\/p>\n<li>J\u00edzda lod\u00ed<\/li>\n<p>n \t<\/p>\n<li style=\"font-weight: 400;\">M\u00edstn\u00ed pr\u016fvodce ve \u0161pan\u011bl\u0161tin\u011b, angli\u010dtin\u011b nebo francouz\u0161tin\u011b.<\/li>\n<p>n \t<\/p>\n<li>Turistika<\/li>\n<p>n \t<\/p>\n<li>plav\u00e1n\u00ed<\/li>\n<p>n<\/ul>\n<p>n&nbsp;<br \/>\nn<\/p>\n<h4><b>Zahrnut\u00ed a vylou\u010den\u00ed<\/b><\/h4>\n<p>n&nbsp;<br \/>\nn<br \/>\nn<b>Inkluze<\/b><br \/>\nn<\/p>\n<ol>\nn \t<\/p>\n<li><span style=\"font-weight: 400;\">M\u00edstn\u00ed pr\u016fvodce se zku\u0161enostmi s bezpe\u010dnost\u00ed v t\u00e9to oblasti.<\/span><\/li>\n<p>n \t<\/p>\n<li style=\"font-weight: 400;\">Pl\u00e1\u017e El Rincon<\/li>\n<p>n \t<\/p>\n<li>Pl\u00e1\u017e v Coloradu<\/li>\n<p>n \t<\/p>\n<li>Pl\u00e1\u017e La Playita<\/li>\n<p>n \t<\/p>\n<li>Pl\u00e1\u017e La Vaca<\/li>\n<p>n \t<\/p>\n<li>Br\u00e9msk\u00e1 pl\u00e1\u017e<\/li>\n<p>n \t<\/p>\n<li>Pl\u00e1\u017e Mariano<\/li>\n<p>n \t<\/p>\n<li>Pl\u00e1\u017e Caleton<\/li>\n<p>n \t<\/p>\n<li style=\"font-weight: 400;\"><span style=\"font-weight: 400;\">V\u0161echny dan\u011b, poplatky a manipula\u010dn\u00ed poplatky<\/span><\/li>\n<p>n \t<\/p>\n<li style=\"font-weight: 400;\"><span style=\"font-weight: 400;\">M\u00edstn\u00ed dan\u011b<\/span><\/li>\n<p>n \t<\/p>\n<li>Ob\u011bd na pl\u00e1\u017ei<\/li>\n<p>n \t<\/p>\n<li>Turistika<\/li>\n<p>n \t<\/p>\n<li style=\"font-weight: 400;\"><span style=\"font-weight: 400;\">V\u0161echny aktivity<\/span><\/li>\n<p>n<\/ol>\n<p>n<b> V\u00fdluky<\/b><br \/>\nn<\/p>\n<ol>\nn \t<\/p>\n<li style=\"font-weight: 400;\"><span style=\"font-weight: 400;\">Spropitn\u00e9<\/span><\/li>\n<p>n<\/ol>\n<p>n<\/p>\n<h4><em><strong>Odjezd a n\u00e1vrat<\/strong><\/em><\/h4>\n<p>n<span style=\"font-weight: 400;\">Cestovatel z\u00edsk\u00e1 m\u00edsto setk\u00e1n\u00ed po procesu rezervace. Prohl\u00eddky za\u010d\u00ednaj\u00ed a kon\u010d\u00ed v m\u00edstech setk\u00e1n\u00ed.<\/span><br \/>\nn<\/p>\n<h3>Playa Calet\u00f3n, Playa Escondida, Playa Colorado, Playa del Amor, Playa La Vaca, Playa la Playita Playa Brem\u00e1n.<\/h3>\n<p>n<\/p>\n<h4><b><i>Co \u010dekat?<\/i><\/b><\/h4>\n<p>n<em><strong>Z\u00edskejte vstupenky<\/strong><\/em> za n\u00e1v\u0161t\u011bvu 7 z nejunik\u00e1tn\u011bj\u0161\u00edch pl\u00e1\u017e\u00ed v Dominik\u00e1nsk\u00e9 republice. V\u00fdchoz\u00edm bodem v\u00fdletu je setk\u00e1n\u00ed v oblasti Las Galeras, p\u011b\u0161\u00ed turistika a koup\u00e1n\u00ed v jednom dni 7 pl\u00e1\u017e\u00ed plus pl\u00e1\u017e el Rincon. Nejprve nav\u0161t\u00edv\u00edme jeskyni Duarte, p\u011b\u0161\u00ed turistiku a uvid\u00edme nejkr\u00e1sn\u011bj\u0161\u00ed jeskyni v las Galeras. Tato jeskyn\u011b m\u00e1 900 metr\u016f a m\u00e1 2 r\u016fzn\u00e9 vchody, aby se zabr\u00e1nilo opakov\u00e1n\u00ed stejn\u00e9 scen\u00e9rie.<br \/>\nn<br \/>\nnPo prohl\u00eddce jeskyn\u011b se vrac\u00edme na motorov\u00fd \u010dlun, abychom nav\u0161t\u00edvili Playa Caleton, je to jedna z nejv\u00edce zmi\u0148ovan\u00fdch pl\u00e1\u017e\u00ed v Saman\u011b kv\u016fli \u010dist\u00e9 vod\u011b. Nejprve si zaplaveme a u\u017eijeme si tuto pl\u00e1\u017e, abychom pokra\u010dovali v na\u0161\u00ed cest\u011b po Playa del Amor.<br \/>\nn<br \/>\nn<strong>hr\u00e1t 7<\/strong><br \/>\nn<br \/>\nnPlaya Rinc\u00f3n je neporu\u0161en\u00fd p\u00e1s b\u00edl\u00e9ho p\u00edsku, kter\u00fd se t\u00e1hne v d\u00e9lce asi 4 km pod\u00e9l nezastav\u011bn\u00e9 \u010d\u00e1sti pob\u0159e\u017e\u00ed. Tato odlehl\u00e1 pl\u00e1\u017e, lemovan\u00e1 okrajem kokosov\u00fdch palem a na obou konc\u00edch sev\u0159en\u00e1 horami a \u00fatesy, p\u016fsob\u00ed jako skute\u010dn\u00e1 utopie, od\u0159\u00edznut\u00e1 od civilizace.<br \/>\nn<br \/>\nnPo pl\u00e1\u017ei El Rincon se vr\u00e1t\u00edme na motorov\u00e9m \u010dlunu do m\u00edsta setk\u00e1n\u00ed Las Galeras!<br \/>\nn<br \/>\nnProhl\u00eddka organizovan\u00e1 \u201eBooking Adventures\u201c za\u010d\u00edn\u00e1 na m\u00edst\u011b setk\u00e1n\u00ed s na\u0161\u00edm pr\u016fvodcem. P\u0159ij\u010fte s Booking Adventures a dejte si ob\u011bd na pl\u00e1\u017ei a u\u017eijte si 7 nej\u00fa\u017easn\u011bj\u0161\u00edch pl\u00e1\u017e\u00ed v Saman\u011b v Dominik\u00e1nsk\u00e9 republice.<br \/>\nn<\/p>\n<div class=\"body-description secondary\">\nn<br \/>\nn&nbsp;<br \/>\nn<br \/>\nn<\/div>\n<p>n<\/p>\n<h4><em><strong>Co byste m\u011bli p\u0159in\u00e9st?<\/strong><\/em><\/h4>\n<p>n<\/p>\n<ul>\nn \t<\/p>\n<li style=\"font-weight: 400;\"><span style=\"font-weight: 400;\">Fotoapar\u00e1t<\/span><\/li>\n<p>n \t<\/p>\n<li style=\"font-weight: 400;\"><span style=\"font-weight: 400;\">Repelentn\u00ed pupeny<\/span><\/li>\n<p>n \t<\/p>\n<li style=\"font-weight: 400;\"><span style=\"font-weight: 400;\">Opalovac\u00ed kr\u00e9m<\/span><\/li>\n<p>n \t<\/p>\n<li>Voda<\/li>\n<p>n \t<\/p>\n<li style=\"font-weight: 400;\"><span style=\"font-weight: 400;\">\u010cepice<\/span><\/li>\n<p>n \t<\/p>\n<li style=\"font-weight: 400;\"><span style=\"font-weight: 400;\">Pohodln\u00e9 kalhoty<\/span><\/li>\n<p>n \t<\/p>\n<li style=\"font-weight: 400;\"><span style=\"font-weight: 400;\">Turistick\u00e9 boty do lesa<\/span><\/li>\n<p>n \t<\/p>\n<li style=\"font-weight: 400;\"><span style=\"font-weight: 400;\">Sand\u00e1ly do jarn\u00edch oblast\u00ed.<\/span><\/li>\n<p>n \t<\/p>\n<li style=\"font-weight: 400;\"><span style=\"font-weight: 400;\">Plavky<\/span><\/li>\n<p>n<\/ul>\n<p>n&nbsp;<br \/>\nn<\/p>\n<h4><b><i>Hotel vyzvednut\u00ed <\/i><\/b><\/h4>\n<p>n<span style=\"font-weight: 400;\">Vyzvednut\u00ed v hotelu nen\u00ed sou\u010d\u00e1st\u00ed tohoto z\u00e1jezdu. <\/span><br \/>\nn<br \/>\nn&nbsp;<br \/>\nn<br \/>\nn<b>Pozn\u00e1mka:<\/b><span style=\"font-weight: 400;\"> Pokud provedete rezervaci do 24 hodin od \u010dasu odjezdu z\u00e1jezdu\/exkurze, m\u016f\u017eeme v\u00e1m za p\u0159\u00edplatek zajistit vyzvednut\u00ed v hotelu. Pr\u00e1v\u011b jsme to vyzvedli v oblasti Samana. Jakmile bude v\u00e1\u0161 n\u00e1kup dokon\u010den, za\u0161leme v\u00e1m kompletn\u00ed kontaktn\u00ed informace (telefonn\u00ed \u010d\u00edslo, e-mailovou adresu atd.) pro na\u0161eho m\u00edstn\u00edho pr\u016fvodce, abychom mohli zajistit vyzvednut\u00ed.<\/span><br \/>\nn<\/p>\n<h4><b><i>Potvrzen\u00ed dal\u0161\u00edch informac\u00ed <\/i><\/b><\/h4>\n<p>n<\/p>\n<ol>\nn \t<\/p>\n<li>Vstupenky jsou \u00fa\u010dtenkou po zaplacen\u00ed tohoto z\u00e1jezdu. Platbu m\u016f\u017eete zobrazit na telefonu.<\/li>\n<p>n \t<\/p>\n<li style=\"font-weight: 400;\"><span style=\"font-weight: 400;\">M\u00edsto setk\u00e1n\u00ed bude obdr\u017eeno po procesu rezervace.<\/span><\/li>\n<p>n \t<\/p>\n<li style=\"font-weight: 400;\"><span style=\"font-weight: 400;\">D\u011bti mus\u00ed b\u00fdt v doprovodu dosp\u011bl\u00e9 osoby.<\/span><\/li>\n<p>n \t<\/p>\n<li style=\"font-weight: 400;\"><span style=\"font-weight: 400;\"> Bezbari\u00e9rov\u00fd p\u0159\u00edstup <\/span><\/li>\n<p>n \t<\/p>\n<li style=\"font-weight: 400;\"><span style=\"font-weight: 400;\">D\u011bti mus\u00ed sed\u011bt na kl\u00edn\u011b <\/span><\/li>\n<p>n \t<\/p>\n<li style=\"font-weight: 400;\"><span style=\"font-weight: 400;\">Nedoporu\u010duje se pro cestovatele s probl\u00e9my se z\u00e1dy<\/span><\/li>\n<p>n \t<\/p>\n<li style=\"font-weight: 400;\"><span style=\"font-weight: 400;\">Nedoporu\u010duje se t\u011bhotn\u00fdm cestovatel\u016fm <\/span><\/li>\n<p>n \t<\/p>\n<li style=\"font-weight: 400;\"><span style=\"font-weight: 400;\"> \u017d\u00e1dn\u00e9 probl\u00e9my se srdcem ani jin\u00e9 z\u00e1va\u017en\u00e9 zdravotn\u00ed stavy <\/span><\/li>\n<p>n \t<\/p>\n<li style=\"font-weight: 400;\"><span style=\"font-weight: 400;\">Z\u00fa\u010dastnit se m\u016f\u017ee v\u011bt\u0161ina cestovatel\u016f<\/span><\/li>\n<p>n<\/ol>\n<p>n<\/p>\n<h4><b><i>Storno podm\u00ednky<\/i><\/b><\/h4>\n<p>Chcete-li z\u00edskat plnou n\u00e1hradu, p\u0159e\u010dt\u011bte si na\u0161e storno podm\u00ednky\u00a0<a href=\"https:\/\/www.boattoursamana.com\/cs\/online-rezervace\/\" target=\"_blank\" rel=\"noopener\" data-saferedirecturl=\"https:\/\/www.google.com\/url?q=https:\/\/www.boattoursamana.com\/online-booking\/&amp;source=gmail&amp;ust=1672449202351000&amp;usg=AOvVaw1yAeVAPktmaVCqDujgUn90\">Klikn\u011bte zde<\/a>. Prost\u0159edky budou ztraceny, pokud bude rezervace zru\u0161ena ve stejn\u00fd den cesty.<\/p>\n\n\t\t<\/div>\n\t<\/div>\n<\/div><\/div><\/div><\/div><div class=\"vc_row wpb_row vc_row-fluid\" ><div class=\"wpb_column vc_column_container vc_col-sm-12\"><div class=\"vc_column-inner\"><div class=\"wpb_wrapper\">\n\t<div class=\"wpb_video_widget wpb_content_element vc_clearfix   vc_video-aspect-ratio-169 vc_video-el-width-100 vc_video-align-left\" >\n\t\t<div class=\"wpb_wrapper\">\n\t\t\t<h2 class=\"wpb_heading wpb_video_heading\">Boca del diablo a pl\u00e1\u017e Fronton<\/h2>\n\t\t\t<div class=\"wpb_video_wrapper\"><iframe loading=\"lazy\" title=\"Poloostrov Saman\u00e1, Dominik\u00e1nsk\u00e1 republika (DJI Phantom 4 4K)\" width=\"1100\" height=\"619\" src=\"https:\/\/www.youtube.com\/embed\/DYDXVm8Q_iM?feature=oembed\" frameborder=\"0\" allow=\"accelerometer; autoplay; clipboard-write; encrypted-media; gyroscope; picture-in-picture; web-share\" allowfullscreen><\/iframe><\/div>\n\t\t<\/div>\n\t<\/div>\n<\/div><\/div><\/div><\/div><div class=\"vc_row wpb_row vc_row-fluid\" ><\/div><div class=\"wpb_column vc_column_container vc_col-sm-12\"><div class=\"vc_column-inner\"><div class=\"wpb_wrapper\"><\/div><\/div><\/div><div class=\"vc_empty_space\"   style=\"height: 32px\"><span class=\"vc_empty_space_inner\"><\/span><\/div>\n\t<div class=\"wpb_text_column wpb_content_element\" >\n\t\t<div class=\"wpb_wrapper\">\n\t\t\t<p>\nn<br \/>\nnJsem textov\u00fd blok. Kliknut\u00edm na tla\u010d\u00edtko upravit tento text zm\u011bn\u00edte. Lorem ipsum dolor sit amet, consectetur adipiscing elit. Ut elit tellus, luctus nec ullamcorper mattis, pulvinar dapibus leo.<br \/>\nn<br \/>\nn<\/p>\n\n\t\t<\/div>\n\t<\/div>\n<div class=\"vc_empty_space\"   style=\"height: 32px\"><span class=\"vc_empty_space_inner\"><\/span><\/div>","protected":false},"excerpt":{"rendered":"<p>Si est\u00e1 visitando Saman\u00e1 y le gustar\u00eda tener una verdadera experiencia local haciendo senderismo, un viaje en barco m\u00e1s un almuerzo en la playa de Rinc\u00f3n, este es el viaje que necesita hacer. Nav\u0161tivte 7 escondidas escondidas de Saman\u00e1 v oblasti Las Galeras, nav\u0161tivte tamn\u00ed poh\u00e1dky a vynikaj\u00edc\u00ed videa a fotografie pro neuv\u011b\u0159iteln\u00e9 zdroje. n nSeleccione la fecha para el Tour:\u00a0 &nbsp;<\/p>","protected":false},"author":2,"featured_media":0,"parent":0,"menu_order":0,"comment_status":"open","ping_status":"closed","template":"","meta":{"footnotes":""},"class_list":["post-15830","page","type-page","status-publish","hentry"],"_links":{"self":[{"href":"https:\/\/www.boattoursamana.com\/cs\/wp-json\/wp\/v2\/pages\/15830","targetHints":{"allow":["GET"]}}],"collection":[{"href":"https:\/\/www.boattoursamana.com\/cs\/wp-json\/wp\/v2\/pages"}],"about":[{"href":"https:\/\/www.boattoursamana.com\/cs\/wp-json\/wp\/v2\/types\/page"}],"author":[{"embeddable":true,"href":"https:\/\/www.boattoursamana.com\/cs\/wp-json\/wp\/v2\/users\/2"}],"replies":[{"embeddable":true,"href":"https:\/\/www.boattoursamana.com\/cs\/wp-json\/wp\/v2\/comments?post=15830"}],"version-history":[{"count":0,"href":"https:\/\/www.boattoursamana.com\/cs\/wp-json\/wp\/v2\/pages\/15830\/revisions"}],"wp:attachment":[{"href":"https:\/\/www.boattoursamana.com\/cs\/wp-json\/wp\/v2\/media?parent=15830"}],"curies":[{"name":"wp","href":"https:\/\/api.w.org\/{rel}","templated":true}]}}