{"id":15853,"date":"2023-07-15T07:45:08","date_gmt":"2023-07-15T07:45:08","guid":{"rendered":"https:\/\/www.ticketswhales.com\/private-speed-boat-lancha-samana-bay\/"},"modified":"2023-07-15T07:45:08","modified_gmt":"2023-07-15T07:45:08","slug":"private-speed-boat-lancha-samana-bay","status":"publish","type":"page","link":"https:\/\/www.boattoursamana.com\/cs\/soukromy-motorovy-clun-lancha-samana-bay","title":{"rendered":"Soukrom\u00fd motorov\u00fd \u010dlun (Lancha) Saman\u00e1 Bay"},"content":{"rendered":"<p>Soukrom\u00fd motorov\u00fd \u010dlun (Lancha) Samana Bay Pronajm\u011bte si tento skv\u011bl\u00fd motorov\u00fd \u010dlun na cel\u00fd den a\u017e pro 5 osob k n\u00e1v\u0161t\u011bv\u011b <a href=\"https:\/\/www.boattoursamana.com\/cs\/destinaci\/vstupenky-na-vylety-do-narodniho-parku-los-haitises\/\" target=\"_blank\" rel=\"noopener\" data-saferedirecturl=\"https:\/\/www.google.com\/url?q=https:\/\/www.boattoursamana.com\/destinations\/los-haitises-national-park-tickets-tours\/&amp;source=gmail&amp;ust=1637749313206000&amp;usg=AOvVaw2iM1LFDbYv-Gthna0qZt2n\">Haitises<\/a> a Cayo Levantado. Tak\u00e9 v sez\u00f3n\u011b pozorov\u00e1n\u00ed velryb m\u016f\u017eete pou\u017e\u00edt lo\u010f k pozorov\u00e1n\u00ed velryb v z\u00e1toce Samana.<\/p>\n<p>&nbsp;<\/p>\n<div class=\"vc_row wpb_row vc_row-fluid\" ><div class=\"wpb_column vc_column_container vc_col-sm-12\"><div class=\"vc_column-inner\"><div class=\"wpb_wrapper\"><div class=\"vc_btn3-container vc_btn3-inline\" ><button class=\"vc_general vc_btn3 vc_btn3-size-md vc_btn3-shape-rounded vc_btn3-style-modern vc_btn3-color-green\">ZAREZERVOVAT HNED<\/button><\/div>\n\t<div class=\"wpb_text_column wpb_content_element\" >\n\t\t<div class=\"wpb_wrapper\">\n\t\t\t<p>\nn<\/p>\n<div class=\"custom-left\">\nn<\/p>\n<div class=\"row\">\nn<\/p>\n<div class=\"col-md-12 cust-clas\">\nn<\/p>\n<div class=\"product-header alignleft\">\nn<br \/>\nnSAMANA\u00a0 BOAT &#8211; RENTAL<br \/>\nn<br \/>\nnPRIVATE FULL DAY CHARTER SAMANA BAY<br \/>\nn<br \/>\nn8 HOUR TRIP- MONDAY TO SUNDAY<br \/>\nn<br \/>\nn<\/div>\n<p>n\n<\/p><\/div>\n<p>n\n<\/p><\/div>\n<p>n\n<\/p><\/div>\n<p>n<\/p>\n<div class=\"custom-left para-p\">\nn<\/p>\n<div class=\"info_content_label\">\nn<br \/>\nn<label>Info:<\/label><br \/>\nn<br \/>\nnRent this fabulous speed boat\u00a0 for the full day for up to 5 people to visit the <a href=\"https:\/\/www.boattoursamana.com\/cs\/destinaci\/vstupenky-na-vylety-do-narodniho-parku-los-haitises\/\" target=\"_blank\" rel=\"noopener\" data-saferedirecturl=\"https:\/\/www.google.com\/url?q=https:\/\/www.boattoursamana.com\/destinations\/los-haitises-national-park-tickets-tours\/&amp;source=gmail&amp;ust=1637749313206000&amp;usg=AOvVaw2iM1LFDbYv-Gthna0qZt2n\">Haitises<\/a> a Cayo Levantado. Tak\u00e9 v sez\u00f3n\u011b pozorov\u00e1n\u00ed velryb m\u016f\u017eete pou\u017e\u00edt lo\u010f k pozorov\u00e1n\u00ed velryb v z\u00e1toce Samana.<br \/>\nn<br \/>\nnIncludes crew, fuel and ice cooler.<br \/>\nn<br \/>\nnFood Options available for an extra price:<br \/>\nn<br \/>\nn<strong>Podrobnosti o tradi\u010dn\u00edm ob\u011bd\u011b formou bufetu, $15 USD p.<\/strong><br \/>\nn<br \/>\nn-Zelen\u00fd sal\u00e1t<br \/>\nn-chl\u00e9b<br \/>\n- Moro de Guandule (r\u00fd\u017ee na dominik\u00e1nsk\u00fd zp\u016fsob) s kokosem<br \/>\nn\u2013 T\u011bstoviny v raj\u010datov\u00e9 om\u00e1\u010dce<br \/>\nn-Yuca kastrol<br \/>\n-Ryba a grilovan\u00e9 ku\u0159e (dorado) + voliteln\u011b om\u00e1\u010dka z kokosov\u00e9ho ml\u00e9ka<br \/>\nn-\u010cerstv\u00e9 ovoce<br \/>\nn-1 nealkoholick\u00fd n\u00e1poj (soda nebo voda)<br \/>\nn-K\u00e1va<br \/>\nn<br \/>\nn<strong>Dopl\u0148kov\u00e1 slu\u017eba humra + kokosov\u00e9 cukrov\u00ed $19 USD (dopl\u0148kov\u00e9).<\/strong><br \/>\nn<br \/>\nn<\/div>\n<p>n<label>Zahrnuje:<\/label>\u00a0Ostatn\u00ed slu\u017eby v cen\u011b (v\u010detn\u011b pos\u00e1dky, paliva a chladi\u010de s ledem)<br \/>\nn<br \/>\nn<label>Nen\u00ed v cen\u011b:<\/label>\u00a0N\u00e1poje ani j\u00eddlo NEN\u00cd zahrnuto<br \/>\nn<br \/>\nn<label>Zahrnout palivo:<\/label>\u00a0Ano<br \/>\nn<br \/>\nn<\/div>\n<p>nContact us by Whatsapp: +1-809-720-6035. Best price online&#8230;<br \/>\nn<br \/>\nn&nbsp;<br \/>\nn<\/p>\n<h4><b><i>Storno podm\u00ednky<\/i><\/b><\/h4>\n<p>Chcete-li z\u00edskat plnou n\u00e1hradu, p\u0159e\u010dt\u011bte si na\u0161e storno podm\u00ednky\u00a0<a href=\"https:\/\/www.boattoursamana.com\/cs\/online-rezervace\/\" target=\"_blank\" rel=\"noopener\" data-saferedirecturl=\"https:\/\/www.google.com\/url?q=https:\/\/www.boattoursamana.com\/online-booking\/&amp;source=gmail&amp;ust=1672449202351000&amp;usg=AOvVaw1yAeVAPktmaVCqDujgUn90\">Klikn\u011bte zde<\/a>. Prost\u0159edky budou ztraceny, pokud bude rezervace zru\u0161ena ve stejn\u00fd den cesty.<\/p>\n\n\t\t<\/div>\n\t<\/div>\n<\/div><\/div><\/div><\/div><div class=\"vc_row wpb_row vc_row-fluid\" ><div class=\"wpb_column vc_column_container vc_col-sm-12\"><div class=\"vc_column-inner\"><div class=\"wpb_wrapper\"><div class=\"vc_btn3-container vc_btn3-inline\" ><button class=\"vc_general vc_btn3 vc_btn3-size-md vc_btn3-shape-rounded vc_btn3-style-modern vc_btn3-color-green\">ZAREZERVOVAT HNED<\/button><\/div><\/div><\/div><\/div><\/div>","protected":false},"excerpt":{"rendered":"<p>Soukrom\u00fd motorov\u00fd \u010dlun (Lancha) Samana Bay Pronajm\u011bte si tento b\u00e1je\u010dn\u00fd motorov\u00fd \u010dlun na cel\u00fd den a\u017e pro 5 osob k n\u00e1v\u0161t\u011bv\u011b Haitises a Cayo Levantado. Tak\u00e9 v sez\u00f3n\u011b pozorov\u00e1n\u00ed velryb m\u016f\u017eete pou\u017e\u00edt lo\u010f k pozorov\u00e1n\u00ed velryb v z\u00e1toce Samana. &nbsp;<\/p>","protected":false},"author":2,"featured_media":0,"parent":0,"menu_order":0,"comment_status":"open","ping_status":"closed","template":"","meta":{"footnotes":""},"class_list":["post-15853","page","type-page","status-publish","hentry"],"_links":{"self":[{"href":"https:\/\/www.boattoursamana.com\/cs\/wp-json\/wp\/v2\/pages\/15853","targetHints":{"allow":["GET"]}}],"collection":[{"href":"https:\/\/www.boattoursamana.com\/cs\/wp-json\/wp\/v2\/pages"}],"about":[{"href":"https:\/\/www.boattoursamana.com\/cs\/wp-json\/wp\/v2\/types\/page"}],"author":[{"embeddable":true,"href":"https:\/\/www.boattoursamana.com\/cs\/wp-json\/wp\/v2\/users\/2"}],"replies":[{"embeddable":true,"href":"https:\/\/www.boattoursamana.com\/cs\/wp-json\/wp\/v2\/comments?post=15853"}],"version-history":[{"count":0,"href":"https:\/\/www.boattoursamana.com\/cs\/wp-json\/wp\/v2\/pages\/15853\/revisions"}],"wp:attachment":[{"href":"https:\/\/www.boattoursamana.com\/cs\/wp-json\/wp\/v2\/media?parent=15853"}],"curies":[{"name":"wp","href":"https:\/\/api.w.org\/{rel}","templated":true}]}}