{"id":15861,"date":"2023-07-15T07:45:08","date_gmt":"2023-07-15T07:45:08","guid":{"rendered":"https:\/\/www.ticketswhales.com\/27-waterfalls-from-santo-domingo-private-or-small-group-trip\/"},"modified":"2023-07-15T07:45:08","modified_gmt":"2023-07-15T07:45:08","slug":"27-waterfalls-from-santo-domingo-private-or-small-group-trip","status":"publish","type":"page","link":"https:\/\/www.boattoursamana.com\/cs\/27-vodopadu-ze-santo-domingo-soukromy-nebo-maly-skupinovy-vylet","title":{"rendered":"27 vodop\u00e1d\u016f ze Santo Dominga \u2013 soukrom\u00fd nebo mal\u00fd skupinov\u00fd v\u00fdlet"},"content":{"rendered":"<p id=\"tw-target-text\" class=\"tw-data-text tw-text-large tw-ta\" dir=\"ltr\" data-placeholder=\"Translation\"><span class=\"Y2IQFc\" lang=\"en\">Tato exkurze ze Santo Dominga k 27 vodop\u00e1d\u016fm Damajagua v Puerto Plata, ob\u011bd a exkurze p\u0159es 27 vodop\u00e1d\u016f, proch\u00e1zka a skok k \u0159ece. Ekologick\u00fd v\u00fdlet k 27 vodop\u00e1d\u016fm Puerto Plata. Z\u00edskejte vstupenky na celodenn\u00ed v\u00fdlet z oblasti Punta Cana do Cascada 27 z Damajaguy. <\/span><\/p>\n<p>n<\/p>\n<p class=\"tw-data-text tw-text-large tw-ta\" dir=\"ltr\" data-placeholder=\"Translation\"><span class=\"Y2IQFc\" lang=\"en\">Vstupenky s ob\u011bdem a exkurz\u00ed Zahrnuj\u00ed skoky a koup\u00e1n\u00ed v nejkr\u00e1sn\u011bj\u0161\u00edch vodop\u00e1dech v Dominik\u00e1nsk\u00e9 republice. Vych\u00e1zejte a plavte s bezpe\u010dnostn\u00edm vybaven\u00edm, abyste m\u011bli ten nejlep\u0161\u00ed z\u00e1\u017eitek!<\/span><\/p>\n<p>n<\/p>\n<p class=\"tw-data-text tw-text-large tw-ta\" dir=\"ltr\" data-placeholder=\"Translation\"><strong><span class=\"Y2IQFc\" lang=\"en\">Vyberte datum turn\u00e9:<\/span><\/strong><\/p>\n<p>&nbsp;<\/p>\n<div class=\"vc_row wpb_row vc_row-fluid\" ><div class=\"wpb_column vc_column_container vc_col-sm-12\"><div class=\"vc_column-inner\"><div class=\"wpb_wrapper\"><div class=\"vc_btn3-container vc_btn3-inline\" ><button class=\"vc_general vc_btn3 vc_btn3-size-md vc_btn3-shape-rounded vc_btn3-style-modern vc_btn3-color-green\">ZAREZERVOVAT HNED<\/button><\/div><div class=\"mkdf-section-title-holder\" style=\"text-align: left\">\n\t<div class=\"mkdf-st-inner\">\n\t\t\t\t\t<h5 class=\"mkdf-st-subtitle\" >\n\t\t\t\tOb\u011bd a doprava v cen\u011b\t\t\t<\/h5>\n\t\t\t\t\t\t\t<h3 class=\"mkdf-st-title\" >\n\t\t\t\t27 vodop\u00e1d\u016f ze Santo Dominga - soukrom\u00fd nebo mal\u00fd skupinov\u00fd v\u00fdlet\t\t\t<\/h3>\n\t\t\t\t\t<\/div>\n<\/div><\/div><\/div><\/div><\/div><div class=\"vc_row wpb_row vc_row-fluid\" ><div class=\"wpb_column vc_column_container vc_col-sm-12\"><div class=\"vc_column-inner\"><div class=\"wpb_wrapper\">\n\t<div class=\"wpb_text_column wpb_content_element\" >\n\t\t<div class=\"wpb_wrapper\">\n\t\t\t<p>\nn<\/p>\n<h3 class=\"ui_header h1 attractions-product-info-ProductTitle__title--1qM0o\"><\/h3>\n<p>n<\/p>\n<h4><b><i>P\u0159ehled <\/i><\/b><\/h4>\n<p>nGet your Tickets for a Full Day excursion starting from Santo Domingo to the 27 Waterfall from Damajagua. Entrance tickets with Lunch and Excursion Include jumping and swimming in the most beautiful waterfalls of the Dominican Republic. Hiking and Swimming with safety equipment to have the best experience ever!!<br \/>\nn<br \/>\nnAfter this experience, you will get back to Santo Domingo in the Location where you meet with the Tour Guide or Hotel.<br \/>\nn<\/p>\n<ul>\nn \t<\/p>\n<li style=\"font-weight: 400;\">Poplatky v cen\u011b<\/li>\n<p>n \t<\/p>\n<li>Ob\u011bd<\/li>\n<p>n \t<\/p>\n<li>Ob\u010derstven\u00ed<\/li>\n<p>n \t<\/p>\n<li style=\"font-weight: 400;\">M\u00edstn\u00ed pr\u016fvodce v angli\u010dtin\u011b<\/li>\n<p>n<\/ul>\n<p>n&nbsp;<br \/>\nn<\/p>\n<h4><b>Zahrnut\u00ed a vylou\u010den\u00ed<\/b><\/h4>\n<p>n&nbsp;<br \/>\nn<br \/>\nn<b>Inkluze<\/b><br \/>\nn<\/p>\n<ol>\nn \t<\/p>\n<li style=\"font-weight: 400;\">27 vodop\u00e1d\u016f Damajagua<\/li>\n<p>n \t<\/p>\n<li>Ob\u011bd<\/li>\n<p>n \t<\/p>\n<li style=\"font-weight: 400;\"><span style=\"font-weight: 400;\">V\u0161echny dan\u011b, poplatky a manipula\u010dn\u00ed poplatky<\/span><\/li>\n<p>n \t<\/p>\n<li style=\"font-weight: 400;\"><span style=\"font-weight: 400;\">M\u00edstn\u00ed dan\u011b<\/span><\/li>\n<p>n \t<\/p>\n<li style=\"font-weight: 400;\"><span style=\"font-weight: 400;\">N\u00e1poje<\/span><\/li>\n<p>n \t<\/p>\n<li>Ob\u010derstven\u00ed<\/li>\n<p>n \t<\/p>\n<li style=\"font-weight: 400;\"><span style=\"font-weight: 400;\">V\u0161echny aktivity<\/span><\/li>\n<p>n \t<\/p>\n<li style=\"font-weight: 400;\"><span style=\"font-weight: 400;\">M\u00edstn\u00ed pr\u016fvodce<\/span><\/li>\n<p>n \t<\/p>\n<li>P\u0159eprava<\/li>\n<p>n<\/ol>\n<p>n<b> V\u00fdluky<\/b><br \/>\nn<\/p>\n<ol>\nn \t<\/p>\n<li style=\"font-weight: 400;\"><span style=\"font-weight: 400;\">Spropitn\u00e9<\/span><\/li>\n<p>n \t<\/p>\n<li style=\"font-weight: 400;\"><span style=\"font-weight: 400;\">Alkoholick\u00e9 n\u00e1poje<\/span><\/li>\n<p>n<\/ol>\n<p>n&nbsp;<br \/>\nn<\/p>\n<h4><em><strong>Odjezd a n\u00e1vrat<\/strong><\/em><\/h4>\n<p>n<span style=\"font-weight: 400;\">Cestovatel bude vyzvednut v Santo Domingo Hotels. Prohl\u00eddky za\u010d\u00ednaj\u00ed a kon\u010d\u00ed v m\u00edstech va\u0161eho setk\u00e1n\u00ed.<\/span><br \/>\nn<\/p>\n<h4><\/h4>\n<p>n<\/p>\n<h3 class=\"ui_header h1 attractions-product-info-ProductTitle__title--1qM0o\">27 vodop\u00e1d\u016f Damajagua V\u00fdlet ze Santo Dominga.<\/h3>\n<p>n<\/p>\n<h4><b><i>Co \u010dekat?<\/i><\/b><\/h4>\n<p>n<\/p>\n<div class=\"apd_content_block\" data-tab=\"TABS_OVERVIEW\">\nn<\/p>\n<div class=\"ui_card section attractions-product-details-Overview__sectionMargin--uHktd attractions-product-details-Overview__cleanslateOverrideDT--39Ov7\"><strong>Pozn\u00e1mka:<\/strong> Cesta jedn\u00edm sm\u011brem ze Santo Dominga do Puerto Plata trv\u00e1 p\u0159ibli\u017en\u011b 3 hodiny. Startujeme ze Santo Dominga kolem 7:00. N\u00e1vrat do Santo Dominga kolem 19:00.<\/div>\n<p>n\n<\/p><\/div>\n<p>n<\/p>\n<div data-tab=\"TABS_WHAT_TO_EXPECT\">\nn<\/p>\n<div class=\"ui_card attractions-card-CollapsibleProductDetailsCard__cardContainer--3r2wk attractions-card-CollapsibleProductDetailsCard__cleanslateOverrideDT--2AJh0\">\nn<\/p>\n<div class=\"attractions-card-CollapsibleCard__header--IDA3r\">\nn<\/p>\n<div class=\"attractions-card-CollapsibleCard__headerSection--3gTKb\"><\/div>\n<p>n\n<\/p><\/div>\n<p>n<\/p>\n<div class=\"attractions-card-CollapsibleCard__content--2Ws8q\">\nn<\/p>\n<div class=\"attractions-card-CollapsibleCard__contentWrap--374jk attractions-card-CollapsibleCard__titleUnderline--1uHze\">\nn<\/p>\n<div>Objevte odlehl\u00e9 vodop\u00e1dy Damajagua, zastr\u010den\u00e9 v kopc\u00edch Severn\u00edho koridoru Dominik\u00e1nsk\u00e9 republiky, na tomto celodenn\u00edm v\u00fdletu z Puerto Plata. Prozkoumejte se sv\u00fdm m\u00edstn\u00edm pr\u016fvodcem dvacet sedm nedot\u010den\u00fdch vodop\u00e1d\u016f, kter\u00e9 se \u0159\u00edt\u00ed p\u0159es v\u00e1penec. Z\u00edskejte kr\u00e1tkou bezpe\u010dnostn\u00ed instrukt\u00e1\u017e, pot\u00e9 sk\u00e1kejte, plavte a sj\u00ed\u017ed\u011bjte p\u0159\u00edrodn\u00ed tobog\u00e1ny.<\/div>\n<p>n<\/p>\n<div><\/div>\n<p>n<\/p>\n<div>Ob\u011bd, n\u00e1poje jsou v cen\u011b. M\u00edrn\u00e1 40minutov\u00e1 t\u00fara do kopce kr\u00e1snou krajinou d\u017eungle v\u00e1s zavede k 12. vodop\u00e1du, nebo pokud jste ve skv\u011bl\u00e9 fyzick\u00e9 kondici, vyberte si t\u00faru a\u017e na vrchol 27 vodop\u00e1d\u016f (p\u0159ibli\u017en\u011b 70 minut) a za\u017eijte to v\u0161echno. .<\/div>\n<p>n<\/p>\n<div class=\"attractions-card-CollapsibleProductDetailsCard__cardContent--23ext\">\nn<\/p>\n<div class=\"common-text-ReadMore__readMore--3Iu8c common-text-ReadMore__variantFadeOut--1tInd\">\nn<\/p>\n<div class=\"common-text-ReadMore__content--2X4LR\">\nn<\/p>\n<div class=\"ui_columns is-desktop\">\nn<\/p>\n<div><\/div>\n<p>n<\/p>\n<div class=\"ui_column\">A\u0165 tak \u010di onak, va\u0161e skute\u010dn\u00e1 z\u00e1bava za\u010d\u00edn\u00e1, kdy\u017e se vr\u00e1t\u00edme po \u0159ece a vy budete sk\u00e1kat, klouzat a plavat p\u0159es \u0159adu velkolep\u00fdch vodop\u00e1d\u016f, ka\u0148on\u016f a azurov\u00fdch jez\u00edrek, kter\u00e9 se vyno\u0159uj\u00ed s hloup\u00fdm \u00fasm\u011bvem na tv\u00e1\u0159i a neuv\u011b\u0159iteln\u00fdmi vzpom\u00ednkami, kter\u00e9 si budete pamatovat! Prohl\u00eddky zahrnuj\u00ed skoky a\u017e z 25 stop (8 metr\u016f), ale nebojte se, ty velk\u00e9 maj\u00ed jinou cestu dol\u016f, pokud nechcete sk\u00e1kat.<\/div>\n<p>n<\/p>\n<div><\/div>\n<p>n<\/p>\n<div class=\"ui_column\">Po 15 minut\u00e1ch ch\u016fze zp\u011bt do z\u00e1kladn\u00edho t\u00e1bora a p\u0159evle\u010den\u00ed do such\u00e9ho oble\u010den\u00ed si vychutnejte lahodn\u00fd a rozmanit\u00fd dominik\u00e1nsk\u00fd ob\u011bd formou bufetu, kter\u00fd zahrnuje v\u011bci jako grilovan\u00e9 ku\u0159e a vep\u0159ov\u00e9 maso, du\u0161en\u00e1 masa, r\u00fd\u017ei, t\u011bstoviny a sal\u00e1ty.<\/div>\n<p>n<\/p>\n<div><\/div>\n<p>n<\/p>\n<div class=\"ui_column\">M\u00edstn\u00ed rumov\u00e9 n\u00e1poje, limon\u00e1dy a voda jsou zahrnuty (pivo je k dispozici, ale nen\u00ed zahrnuto). Po j\u00eddle se rozlu\u010dte s m\u00edstn\u00edmi pr\u016fvodci a v\u00e1\u0161 nejlep\u0161\u00ed z\u00e1\u017eitek z\u016fstane v pam\u011bti a fotografie nebo videa po zbytek va\u0161eho \u017eivota.<\/div>\n<p>n<\/p>\n<div class=\"ui_column\">Pot\u00e9 jedeme zp\u011bt do Santo Dominga.<\/div>\n<p>n\n<\/p><\/div>\n<p>n\n<\/p><\/div>\n<p>n\n<\/p><\/div>\n<p>n\n<\/p><\/div>\n<p>n\n<\/p><\/div>\n<p>n\n<\/p><\/div>\n<p>n\n<\/p><\/div>\n<p>n\n<\/p><\/div>\n<p>n<\/p>\n<h4><em><strong>Co byste m\u011bli p\u0159in\u00e9st?<\/strong><\/em><\/h4>\n<p>n<\/p>\n<ul>\nn \t<\/p>\n<li style=\"font-weight: 400;\"><span style=\"font-weight: 400;\">Fotoapar\u00e1t<\/span><\/li>\n<p>n \t<\/p>\n<li style=\"font-weight: 400;\"><span style=\"font-weight: 400;\">Repelentn\u00ed pupeny<\/span><\/li>\n<p>n \t<\/p>\n<li style=\"font-weight: 400;\"><span style=\"font-weight: 400;\">Opalovac\u00ed kr\u00e9m<\/span><\/li>\n<p>n \t<\/p>\n<li style=\"font-weight: 400;\"><span style=\"font-weight: 400;\">\u010cepice<\/span><\/li>\n<p>n \t<\/p>\n<li style=\"font-weight: 400;\"><span style=\"font-weight: 400;\">Pohodln\u00e9 kalhoty<\/span><\/li>\n<p>n \t<\/p>\n<li style=\"font-weight: 400;\"><span style=\"font-weight: 400;\">Turistick\u00e9 boty do lesa<\/span><\/li>\n<p>n \t<\/p>\n<li style=\"font-weight: 400;\"><span style=\"font-weight: 400;\">Sand\u00e1ly do jarn\u00edch oblast\u00ed.<\/span><\/li>\n<p>n \t<\/p>\n<li style=\"font-weight: 400;\"><span style=\"font-weight: 400;\">Plavky<\/span><\/li>\n<p>n<\/ul>\n<p>n&nbsp;<br \/>\nn<\/p>\n<h4><b><i>Hotel vyzvednut\u00ed <\/i><\/b><\/h4>\n<p>n<span style=\"font-weight: 400;\">Vyzvednut\u00ed v hotelu nen\u00ed pro tento z\u00e1jezd nab\u00edzeno. Nastavili jsme vyzvednut\u00ed tak, \u017ee n\u00e1s kontaktujete p\u0159es Whatsapp.<\/span><br \/>\nn<br \/>\nn&nbsp;<br \/>\nn<br \/>\nn<b>Pozn\u00e1mka:<\/b><span style=\"font-weight: 400;\"> pokud prov\u00e1d\u00edte rezervaci do 24 hodin od \u010dasu odjezdu z\u00e1jezdu\/exkurze, m\u016f\u017eeme za\u0159\u00eddit vyzvednut\u00ed v hotelu za p\u0159\u00edplatek. Jakmile bude v\u00e1\u0161 n\u00e1kup dokon\u010den, za\u0161leme v\u00e1m kompletn\u00ed kontaktn\u00ed informace (telefonn\u00ed \u010d\u00edslo, e-mailovou adresu atd.) pro na\u0161eho m\u00edstn\u00edho pr\u016fvodce, abychom mohli zajistit vyzvednut\u00ed.<\/span><br \/>\nn<\/p>\n<h4><b><i>Potvrzen\u00ed dal\u0161\u00edch informac\u00ed <\/i><\/b><\/h4>\n<p>n<\/p>\n<ol>\nn \t<\/p>\n<li>Vstupenky jsou \u00fa\u010dtenkou po zaplacen\u00ed tohoto z\u00e1jezdu. Platbu m\u016f\u017eete zobrazit na telefonu.<\/li>\n<p>n \t<\/p>\n<li style=\"font-weight: 400;\"><span style=\"font-weight: 400;\">M\u00edsto setk\u00e1n\u00ed bude obdr\u017eeno po procesu rezervace.<\/span><\/li>\n<p>n \t<\/p>\n<li style=\"font-weight: 400;\"><span style=\"font-weight: 400;\">D\u011bti mus\u00ed b\u00fdt v doprovodu dosp\u011bl\u00e9 osoby.<\/span><\/li>\n<p>n \t<\/p>\n<li style=\"font-weight: 400;\"><span style=\"font-weight: 400;\"> Bezbari\u00e9rov\u00fd p\u0159\u00edstup <\/span><\/li>\n<p>n \t<\/p>\n<li style=\"font-weight: 400;\"><span style=\"font-weight: 400;\">D\u011bti mus\u00ed sed\u011bt na kl\u00edn\u011b <\/span><\/li>\n<p>n \t<\/p>\n<li style=\"font-weight: 400;\"><span style=\"font-weight: 400;\">Nedoporu\u010duje se pro cestovatele s probl\u00e9my se z\u00e1dy<\/span><\/li>\n<p>n \t<\/p>\n<li style=\"font-weight: 400;\"><span style=\"font-weight: 400;\">Nedoporu\u010duje se t\u011bhotn\u00fdm cestovatel\u016fm <\/span><\/li>\n<p>n \t<\/p>\n<li style=\"font-weight: 400;\"><span style=\"font-weight: 400;\"> \u017d\u00e1dn\u00e9 probl\u00e9my se srdcem ani jin\u00e9 z\u00e1va\u017en\u00e9 zdravotn\u00ed stavy <\/span><\/li>\n<p>n \t<\/p>\n<li style=\"font-weight: 400;\"><span style=\"font-weight: 400;\">Z\u00fa\u010dastnit se m\u016f\u017ee v\u011bt\u0161ina cestovatel\u016f<\/span><\/li>\n<p>n<\/ol>\n<p>n<\/p>\n<h4><b><i>Storno podm\u00ednky<\/i><\/b><\/h4>\n<p>Chcete-li z\u00edskat plnou n\u00e1hradu, p\u0159e\u010dt\u011bte si na\u0161e storno podm\u00ednky\u00a0<a href=\"https:\/\/www.boattoursamana.com\/cs\/online-rezervace\/\" target=\"_blank\" rel=\"noopener\" data-saferedirecturl=\"https:\/\/www.google.com\/url?q=https:\/\/www.boattoursamana.com\/online-booking\/&amp;source=gmail&amp;ust=1672449202351000&amp;usg=AOvVaw1yAeVAPktmaVCqDujgUn90\">Klikn\u011bte zde<\/a>. Prost\u0159edky budou ztraceny, pokud bude rezervace zru\u0161ena ve stejn\u00fd den cesty.<\/p>\n\n\t\t<\/div>\n\t<\/div>\n<div class=\"vc_btn3-container vc_btn3-inline\" ><button class=\"vc_general vc_btn3 vc_btn3-size-md vc_btn3-shape-rounded vc_btn3-style-modern vc_btn3-color-green\">ZAREZERVOVAT HNED<\/button><\/div><\/div><\/div><\/div><\/div><div class=\"vc_row wpb_row vc_row-fluid\" ><div class=\"wpb_column vc_column_container vc_col-sm-12\"><div class=\"vc_column-inner\"><div class=\"wpb_wrapper\">\n\t<div class=\"wpb_video_widget wpb_content_element vc_clearfix   vc_video-aspect-ratio-169 vc_video-el-width-100 vc_video-align-left\" >\n\t\t<div class=\"wpb_wrapper\">\n\t\t\t<h2 class=\"wpb_heading wpb_video_heading\">Prohl\u00eddka 27 vodop\u00e1d\u016f Damajagua z Puerto Plata:<\/h2>\n\t\t\t<div class=\"wpb_video_wrapper\"><iframe loading=\"lazy\" title=\"27 vodop\u00e1d\u016f Damajagua od Booking Adventures &amp; Travel Dominik\u00e1nsk\u00e1 republika\" width=\"1100\" height=\"619\" src=\"https:\/\/www.youtube.com\/embed\/AVNh_we_RQE?start=17&feature=oembed\" frameborder=\"0\" allow=\"accelerometer; autoplay; clipboard-write; encrypted-media; gyroscope; picture-in-picture; web-share\" allowfullscreen><\/iframe><\/div>\n\t\t<\/div>\n\t<\/div>\n<\/div><\/div><\/div><\/div><div class=\"wpb_column vc_column_container vc_col-sm-12\"><div class=\"vc_column-inner\"><div class=\"wpb_wrapper\"><\/div><\/div><\/div><div class=\"vc_row wpb_row vc_row-fluid\" ><div class=\"wpb_column vc_column_container vc_col-sm-12\"><div class=\"vc_column-inner\"><div class=\"wpb_wrapper\"><div class=\"vc_btn3-container vc_btn3-inline\" ><button class=\"vc_general vc_btn3 vc_btn3-size-md vc_btn3-shape-rounded vc_btn3-style-modern vc_btn3-color-green\">ZAREZERVOVAT HNED<\/button><\/div><\/div><\/div><\/div><\/div>","protected":false},"excerpt":{"rendered":"<p>This excursion from Santo Domingo to 27 waterfalls of Damajagua in Puerto Plata, Lunch and Excursion through the 27 waterfalls, walk and jump to the river. Ecological trip to the 27 waterfalls of Puerto Plata. Get your tickets for a full-day excursion from the Punta Cana area to Cascada 27 from Damajagua. n Entrance tickets with lunch and excursion They include jumps and swimming in the most beautiful waterfalls in the Dominican Republic. Hike and swim with safety equipment to [&hellip;]<\/p>\n","protected":false},"author":2,"featured_media":0,"parent":0,"menu_order":0,"comment_status":"open","ping_status":"closed","template":"","meta":{"footnotes":""},"class_list":["post-15861","page","type-page","status-publish","hentry"],"_links":{"self":[{"href":"https:\/\/www.boattoursamana.com\/cs\/wp-json\/wp\/v2\/pages\/15861","targetHints":{"allow":["GET"]}}],"collection":[{"href":"https:\/\/www.boattoursamana.com\/cs\/wp-json\/wp\/v2\/pages"}],"about":[{"href":"https:\/\/www.boattoursamana.com\/cs\/wp-json\/wp\/v2\/types\/page"}],"author":[{"embeddable":true,"href":"https:\/\/www.boattoursamana.com\/cs\/wp-json\/wp\/v2\/users\/2"}],"replies":[{"embeddable":true,"href":"https:\/\/www.boattoursamana.com\/cs\/wp-json\/wp\/v2\/comments?post=15861"}],"version-history":[{"count":0,"href":"https:\/\/www.boattoursamana.com\/cs\/wp-json\/wp\/v2\/pages\/15861\/revisions"}],"wp:attachment":[{"href":"https:\/\/www.boattoursamana.com\/cs\/wp-json\/wp\/v2\/media?parent=15861"}],"curies":[{"name":"wp","href":"https:\/\/api.w.org\/{rel}","templated":true}]}}