{"id":15865,"date":"2023-07-15T07:45:08","date_gmt":"2023-07-15T07:45:08","guid":{"rendered":"https:\/\/www.ticketswhales.com\/jarabacoa-buggy-with-baiguate-waterfall-double\/"},"modified":"2023-07-15T07:45:08","modified_gmt":"2023-07-15T07:45:08","slug":"jarabacoa-buggy-with-baiguate-waterfall-double","status":"publish","type":"page","link":"https:\/\/www.boattoursamana.com\/cs\/kocarek-jarabacoa-s-dvojitym-vodopadem-baiguate-2","title":{"rendered":"Jarabacoa Buggy s vodop\u00e1dem Baiguate Double"},"content":{"rendered":"<p><span style=\"font-weight: 400;\"><span style=\"vertical-align: inherit;\"><span style=\"vertical-align: inherit;\">\u00danase a nosotros y viaje con un experto local de Jarabacoa y obtenga la experiencia \u00fanica de visitar los mejores lugares de la capital del ecoturismo a partir de Jarabacoa, este tour lo llevar\u00e1 a conocer el hermoso paisaje del rancho montau\u00f1os Dominica m\u00e1 de <\/span><span style=\"vertical-align: inherit;\">Mientras conduce por los diferentes lugares, sentir\u00e1 el aire de la monta\u00f1a y disfrutar\u00e1 de la belleza del campo.\u00a0<\/span><\/span><\/span><br \/>\nn<br \/>\nn<strong><span style=\"vertical-align: inherit;\"><span style=\"vertical-align: inherit;\">Seleccione la fecha para el Tour:\u00a0<\/span><\/span><\/strong><\/p>\n<p>&nbsp;<\/p>\n<div class=\"vc_row wpb_row vc_row-fluid\" ><div class=\"wpb_column vc_column_container vc_col-sm-12\"><div class=\"vc_column-inner\"><div class=\"wpb_wrapper\"><div class=\"mkdf-section-title-holder\" style=\"text-align: left\">\n\t<div class=\"mkdf-st-inner\">\n\t\t\t\t\t<h5 class=\"mkdf-st-subtitle\" >\n\t\t\t\tBuggy - Buggy\t\t\t<\/h5>\n\t\t\t\t\t\t\t<h3 class=\"mkdf-st-title\" >\n\t\t\t\tJarabacoa s vodop\u00e1dy Jimenoa a Baiguate\t\t\t<\/h3>\n\t\t\t\t\t<\/div>\n<\/div><\/div><\/div><\/div><\/div><div class=\"vc_row wpb_row vc_row-fluid\" ><div class=\"wpb_column vc_column_container vc_col-sm-12\"><div class=\"vc_column-inner\"><div class=\"wpb_wrapper\">\n\t<div class=\"wpb_text_column wpb_content_element\" >\n\t\t<div class=\"wpb_wrapper\">\n\t\t\t<p>\nn<\/p>\n<h3 class=\"ui_header h1 attractions-product-info-ProductTitle__title--1qM0o\">Ko\u010d\u00e1rek Jarabacoa s vodop\u00e1dem Baiguate Double<\/h3>\n<p>n<\/p>\n<h4><b><i>P\u0159ehled <\/i><\/b><\/h4>\n<p>n<span style=\"font-weight: 400;\">P\u0159idejte se k n\u00e1m a cestujte s m\u00edstn\u00edm odborn\u00edkem z Jarabacoa a z\u00edskejte jedine\u010dn\u00fd z\u00e1\u017eitek z n\u00e1v\u0161t\u011bvy nejlep\u0161\u00edch m\u00edst z hlavn\u00edho m\u011bsta ekoturistiky po\u010d\u00ednaje Jarabacoa, tato prohl\u00eddka v\u00e1s provede pohledem na kr\u00e1snou krajinu nejv\u011bt\u0161\u00edho horsk\u00e9ho ran\u010de Dominik\u00e1nsk\u00e9 republiky. Kdy\u017e pojedete do r\u016fzn\u00fdch m\u00edst, budete c\u00edtit horsk\u00fd vzduch a u\u017e\u00edvat si kr\u00e1sy krajiny.\u00a0<\/span><br \/>\nn<br \/>\nn<span style=\"font-weight: 400;\">M\u016f\u017eeme se dostat na r\u016fzn\u00e1 m\u00edsta tohoto turn\u00e9. Budete m\u00edt mo\u017enosti: Cyklistika, J\u00edzda na koni, Safari, \u010cty\u0159i kola nebo Buggy. Kupte si vstupenku online a u\u017eijte si z\u00e1bavu p\u0159i pozn\u00e1v\u00e1n\u00ed kultury Jarabacoa a Dominik\u00e1nsk\u00e9 republiky, kdy\u017e budete cestovat po nejlep\u0161\u00edch m\u00edstech m\u011bsta.<\/span><br \/>\nn<br \/>\nn<span style=\"font-weight: 400;\">Jarabacoa je m\u011bsto v\u011b\u010dn\u00fdch jarn\u00edch pr\u00e1zdnin kv\u016fli po\u010das\u00ed a druh\u00e1 nejd\u016fle\u017eit\u011bj\u0161\u00ed obec z provincie la Vega. Podle historie znamen\u00e1 Jarabacoa \u201em\u00edsto velk\u00e9ho mno\u017estv\u00ed vody\u201c. Dne 27. z\u00e1\u0159\u00ed 1858 za\u010dala Jarabacoa sv\u016fj \u017eivot jako obec, kategorie z\u00edskan\u00e1 po kari\u00e9\u0159e, kter\u00e1 poch\u00e1zela z po\u010d\u00e1tku 19. stolet\u00ed. Cestujte s n\u00e1mi a poznejte v\u00edce o hor\u00e1ch, p\u0159\u00edrod\u011b, kultu\u0159e a lidech severn\u00ed oblasti Dominik\u00e1nsk\u00e9 republiky.\u00a0<\/span><br \/>\nn<\/p>\n<ul>\nn \t<\/p>\n<li style=\"font-weight: 400;\">Poplatky v cen\u011b<\/li>\n<p>n \t<\/p>\n<li>Ob\u011bd<\/li>\n<p>n \t<\/p>\n<li>Ob\u010derstven\u00ed<\/li>\n<p>n \t<\/p>\n<li style=\"font-weight: 400;\">M\u00edstn\u00ed pr\u016fvodce v angli\u010dtin\u011b<\/li>\n<p>n<\/ul>\n<p>n<\/p>\n<h4><b>Zahrnut\u00ed a vylou\u010den\u00ed<\/b><\/h4>\n<p>n<b>Inkluze<\/b><br \/>\nn<\/p>\n<ol>\nn \t<\/p>\n<li>Ob\u011bd<\/li>\n<p>n \t<\/p>\n<li style=\"font-weight: 400;\"><span style=\"font-weight: 400;\">V\u0161echny dan\u011b, poplatky a manipula\u010dn\u00ed poplatky<\/span><\/li>\n<p>n \t<\/p>\n<li style=\"font-weight: 400;\"><span style=\"font-weight: 400;\">M\u00edstn\u00ed dan\u011b<\/span><\/li>\n<p>n \t<\/p>\n<li style=\"font-weight: 400;\"><span style=\"font-weight: 400;\">N\u00e1poje<\/span><\/li>\n<p>n \t<\/p>\n<li>Ob\u010derstven\u00ed<\/li>\n<p>n \t<\/p>\n<li style=\"font-weight: 400;\"><span style=\"font-weight: 400;\">V\u0161echny aktivity<\/span><\/li>\n<p>n \t<\/p>\n<li style=\"font-weight: 400;\"><span style=\"font-weight: 400;\">M\u00edstn\u00ed pr\u016fvodce<\/span><\/li>\n<p>n<\/ol>\n<p>n<b> V\u00fdluky<\/b><br \/>\nn<\/p>\n<ol>\nn \t<\/p>\n<li style=\"font-weight: 400;\"><span style=\"font-weight: 400;\">Spropitn\u00e9<\/span><\/li>\n<p>n \t<\/p>\n<li>doprava (nastav\u00edte n\u00e1s kontaktov\u00e1n\u00edm)<\/li>\n<p>n \t<\/p>\n<li style=\"font-weight: 400;\"><span style=\"font-weight: 400;\">Alkoholick\u00e9 n\u00e1poje<\/span><\/li>\n<p>n<\/ol>\n<p>n<\/p>\n<h4><em><strong>Odjezd a n\u00e1vrat<\/strong><\/em><\/h4>\n<p>n<span style=\"font-weight: 400;\">Cestovatel z\u00edsk\u00e1 m\u00edsto setk\u00e1n\u00ed po procesu rezervace. Prohl\u00eddky za\u010d\u00ednaj\u00ed a kon\u010d\u00ed v m\u00edstech setk\u00e1n\u00ed.<\/span><br \/>\nn<\/p>\n<h3 class=\"ui_header h1 attractions-product-info-ProductTitle__title--1qM0o\">Ko\u010d\u00e1rek Jarabacoa s vodop\u00e1dem Baiguate Double<\/h3>\n<p>n<\/p>\n<h4><b><i>Co \u010dekat?<\/i><\/b><\/h4>\n<p>n<span style=\"font-weight: 400;\">Z\u00edskejte vstupenku na Baiguate Waterfalls From Jarabacoa City by Buggy.\u00a0<\/span><br \/>\nn<br \/>\nn<span style=\"font-weight: 400;\">Kdy\u017e mluv\u00edme o bugin\u00e1ch, mluv\u00edme o ter\u00e9nn\u00edm vozidle, kter\u00e9 nab\u00edz\u00ed bezpe\u010dnost a snadnou ovladatelnost a z\u00e1rove\u0148 umo\u017e\u0148uje u\u017eivateli v\u011bt\u0161\u00ed kontakt s ter\u00e9nem a p\u0159\u00edrodou, kter\u00e1 ho b\u011bhem j\u00edzdy obklopuje. C\u00edtit v\u00e1nek, slunce, d\u00e9\u0161\u0165, vid\u011bt krajinu po sv\u00e9m boku v pohodln\u00e9m a bezpe\u010dn\u00e9m za\u0159\u00edzen\u00ed navr\u017een\u00e9m tak, abyste si u\u017eili lesn\u00ed cestu i off-road.<\/span><br \/>\nn<br \/>\nn<span style=\"font-weight: 400;\">Tato exkurze za\u010d\u00edn\u00e1 na m\u00edst\u011b setk\u00e1n\u00ed, kter\u00e9 mus\u00edte potvrdit na\u0161im cestovn\u00edm kancel\u00e1\u0159\u00edm nebo pr\u016fvodci, ne\u017e se vyd\u00e1te na jak\u00e9koli m\u00edsto. Jakmile se setk\u00e1te se sv\u00fdm pr\u016fvodcem, budete m\u00edt p\u0159ehled o prohl\u00eddce a v\u0161em, co souvis\u00ed s va\u0161\u00edm dnem.<\/span><br \/>\nn<br \/>\nn<span style=\"font-weight: 400;\">A\u017e budou v\u0161ichni p\u0159ipraveni, zah\u00e1j\u00edme na\u0161i j\u00edzdu do n\u011bkter\u00fdch venkovsk\u00fdch oblast\u00ed m\u011bsta Jarabacoa, p\u0159i j\u00edzd\u011b ve va\u0161\u00ed bugin\u011b v\u00e1m hrbolat\u00e9 silnice a horsk\u00fd vzduch na venkov\u011b ze st\u0159edn\u00edho severu zem\u011b uk\u00e1\u017eou kr\u00e1su a p\u0159\u00edrodu prost\u0159ednictv\u00edm tohoto dobrodru\u017estv\u00ed.<\/span><br \/>\nn<br \/>\nn<span style=\"font-weight: 400;\">N\u011bkter\u00e1 z m\u00edst, kter\u00e1 b\u011bhem t\u00e9to cesty nav\u0161t\u00edv\u00edte, jsou La Confluencia, kde se setk\u00e1vaj\u00ed \u0159eky Jimenoa a Yaque Del Norte, Cieneguita a Monte Arriba.\u00a0<\/span><br \/>\nn<br \/>\nn<span style=\"font-weight: 400;\">Po ujet\u00ed asi 30 kilometr\u016f se vyd\u00e1me k vodop\u00e1du Baiguate na 10 minutovou t\u00faru a koup\u00e1n\u00ed v p\u0159\u00edrodn\u00edch koupali\u0161t\u00edch.\u00a0<\/span><br \/>\nn<br \/>\nn<span style=\"font-weight: 400;\">B\u011bhem t\u00e9to \u010d\u00e1sti va\u0161eho v\u00fdletu si budete moci j\u00edt asi 1 hodinu zaplavat a d\u00e1t si pauzu, abyste mohli ka\u017ed\u00fd den vyzkou\u0161et \u010derstv\u00e9 ovoce sklizen\u00e9 z farm\u00e1\u0159sk\u00e9 p\u016fdy Jarabacoa. Baiguate m\u00e1 82 stop vysok\u00fd p\u00e1d a je ide\u00e1ln\u00edm m\u00edstem k odpo\u010dinku, ne\u017e se vr\u00e1t\u00edte do m\u011bsta.\u00a0\u00a0<\/span><br \/>\nn<br \/>\nn<span style=\"font-weight: 400;\">B\u011bhem t\u00e9to \u010d\u00e1sti va\u0161eho v\u00fdletu si budete moci j\u00edt asi 1 hodinu zaplavat a d\u00e1t si pauzu, abyste mohli ka\u017ed\u00fd den vyzkou\u0161et \u010derstv\u00e9 ovoce sklizen\u00e9 z farm\u00e1\u0159sk\u00e9 p\u016fdy Jarabacoa. Baiguate m\u00e1 82 stop vysok\u00fd p\u00e1d a je ide\u00e1ln\u00edm m\u00edstem k odpo\u010dinku, ne\u017e se vr\u00e1t\u00edte do m\u011bsta.\u00a0\u00a0<\/span><br \/>\nn<br \/>\nn<span style=\"font-weight: 400;\">Pozd\u011bji po vodop\u00e1du Baiguate zam\u00ed\u0159\u00edme do Ivon&#039;s, abychom ochutnali nejlep\u0161\u00ed m\u00edstn\u00ed zmrzlinu, dom\u00e1c\u00ed od m\u00edstn\u00edho odborn\u00edka, a projdeme se do Duarte Central Park na posledn\u00ed \u010d\u00e1st va\u0161\u00ed cesty, toto je 6hodinov\u00e1 prohl\u00eddka, kter\u00e1 v\u00e1m d\u00e1v\u00e1 p\u0159\u00edle\u017eitost dohl\u00ed\u017eet na Jarabacoa, tato exkurze kon\u010d\u00ed na stejn\u00e9m m\u00edst\u011b, kde za\u010dala.<\/span><br \/>\nn<br \/>\nn<span style=\"font-weight: 400;\">Pozn\u00e1mka: Tyto prohl\u00eddky jsou s turistick\u00fdmi pr\u016fvodci Officials Ecologist. Rezervujte si pros\u00edm v\u010das, proto\u017ee v parku nen\u00ed p\u0159\u00edli\u0161 mnoho odborn\u00edk\u016f.<\/span><br \/>\nn<\/p>\n<h4><em><strong>Co byste m\u011bli p\u0159in\u00e9st?<\/strong><\/em><\/h4>\n<p>n<\/p>\n<ul>\nn \t<\/p>\n<li style=\"font-weight: 400;\"><span style=\"font-weight: 400;\">Fotoapar\u00e1t<\/span><\/li>\n<p>n \t<\/p>\n<li style=\"font-weight: 400;\"><span style=\"font-weight: 400;\">Repelentn\u00ed pupeny<\/span><\/li>\n<p>n \t<\/p>\n<li style=\"font-weight: 400;\"><span style=\"font-weight: 400;\">Opalovac\u00ed kr\u00e9m<\/span><\/li>\n<p>n \t<\/p>\n<li style=\"font-weight: 400;\"><span style=\"font-weight: 400;\">\u010cepice<\/span><\/li>\n<p>n \t<\/p>\n<li style=\"font-weight: 400;\"><span style=\"font-weight: 400;\">Pohodln\u00e9 kalhoty<\/span><\/li>\n<p>n \t<\/p>\n<li style=\"font-weight: 400;\"><span style=\"font-weight: 400;\">Turistick\u00e9 boty do lesa<\/span><\/li>\n<p>n \t<\/p>\n<li style=\"font-weight: 400;\"><span style=\"font-weight: 400;\">Sand\u00e1ly do jarn\u00edch oblast\u00ed.<\/span><\/li>\n<p>n \t<\/p>\n<li style=\"font-weight: 400;\"><span style=\"font-weight: 400;\">Plavky<\/span><\/li>\n<p>n<\/ul>\n<p>n<\/p>\n<h4><b><i>Hotel vyzvednut\u00ed <\/i><\/b><\/h4>\n<p>n<span style=\"font-weight: 400;\">Vyzvednut\u00ed v hotelu nen\u00ed pro tento z\u00e1jezd nab\u00edzeno. Nastavili jsme vyzvednut\u00ed tak, \u017ee n\u00e1s kontaktujete p\u0159es Whatsapp.<\/span><br \/>\nn<br \/>\nn<b>Pozn\u00e1mka:<\/b><span style=\"font-weight: 400;\"> pokud prov\u00e1d\u00edte rezervaci do 24 hodin od \u010dasu odjezdu z\u00e1jezdu\/exkurze, m\u016f\u017eeme za\u0159\u00eddit vyzvednut\u00ed v hotelu za p\u0159\u00edplatek. Jakmile bude v\u00e1\u0161 n\u00e1kup dokon\u010den, za\u0161leme v\u00e1m kompletn\u00ed kontaktn\u00ed informace (telefonn\u00ed \u010d\u00edslo, e-mailovou adresu atd.) pro na\u0161eho m\u00edstn\u00edho pr\u016fvodce, abychom mohli zajistit vyzvednut\u00ed.<\/span><br \/>\nn<\/p>\n<h4><b><i>Potvrzen\u00ed dal\u0161\u00edch informac\u00ed <\/i><\/b><\/h4>\n<p>n<\/p>\n<ol>\nn \t<\/p>\n<li>Vstupenky jsou \u00fa\u010dtenkou po zaplacen\u00ed tohoto z\u00e1jezdu. Platbu m\u016f\u017eete zobrazit na telefonu.<\/li>\n<p>n \t<\/p>\n<li style=\"font-weight: 400;\"><span style=\"font-weight: 400;\">M\u00edsto setk\u00e1n\u00ed bude obdr\u017eeno po procesu rezervace.<\/span><\/li>\n<p>n \t<\/p>\n<li style=\"font-weight: 400;\"><span style=\"font-weight: 400;\">D\u011bti mus\u00ed b\u00fdt v doprovodu dosp\u011bl\u00e9 osoby.<\/span><\/li>\n<p>n \t<\/p>\n<li style=\"font-weight: 400;\"><span style=\"font-weight: 400;\"> Bezbari\u00e9rov\u00fd p\u0159\u00edstup <\/span><\/li>\n<p>n \t<\/p>\n<li style=\"font-weight: 400;\"><span style=\"font-weight: 400;\">D\u011bti mus\u00ed sed\u011bt na kl\u00edn\u011b <\/span><\/li>\n<p>n \t<\/p>\n<li style=\"font-weight: 400;\"><span style=\"font-weight: 400;\">Nedoporu\u010duje se pro cestovatele s probl\u00e9my se z\u00e1dy<\/span><\/li>\n<p>n \t<\/p>\n<li style=\"font-weight: 400;\"><span style=\"font-weight: 400;\">Nedoporu\u010duje se t\u011bhotn\u00fdm cestovatel\u016fm <\/span><\/li>\n<p>n \t<\/p>\n<li style=\"font-weight: 400;\"><span style=\"font-weight: 400;\"> \u017d\u00e1dn\u00e9 probl\u00e9my se srdcem ani jin\u00e9 z\u00e1va\u017en\u00e9 zdravotn\u00ed stavy <\/span><\/li>\n<p>n \t<\/p>\n<li style=\"font-weight: 400;\"><span style=\"font-weight: 400;\">Z\u00fa\u010dastnit se m\u016f\u017ee v\u011bt\u0161ina cestovatel\u016f<\/span><\/li>\n<p>n<\/ol>\n<p>n<\/p>\n<h4><b><i>Storno podm\u00ednky<\/i><\/b><\/h4>\n<p>Chcete-li z\u00edskat plnou n\u00e1hradu, p\u0159e\u010dt\u011bte si na\u0161e storno podm\u00ednky\u00a0<a href=\"https:\/\/www.boattoursamana.com\/cs\/online-rezervace\/\" target=\"_blank\" rel=\"noopener\" data-saferedirecturl=\"https:\/\/www.google.com\/url?q=https:\/\/www.boattoursamana.com\/online-booking\/&amp;source=gmail&amp;ust=1672449202351000&amp;usg=AOvVaw1yAeVAPktmaVCqDujgUn90\">Klikn\u011bte zde<\/a>. Prost\u0159edky budou ztraceny, pokud bude rezervace zru\u0161ena ve stejn\u00fd den cesty.<\/p>\n\n\t\t<\/div>\n\t<\/div>\n<\/div><\/div><\/div><\/div><div class=\"vc_row wpb_row vc_row-fluid\" ><div class=\"wpb_column vc_column_container vc_col-sm-12\"><div class=\"vc_column-inner\"><div class=\"wpb_wrapper\">\n\t<div class=\"wpb_video_widget wpb_content_element vc_clearfix   vc_video-aspect-ratio-169 vc_video-el-width-100 vc_video-align-left\" >\n\t\t<div class=\"wpb_wrapper\">\n\t\t\t<h2 class=\"wpb_heading wpb_video_heading\">Video Jarabacoa City:<\/h2>\n\t\t\t<div class=\"wpb_video_wrapper\"><iframe loading=\"lazy\" title=\"Jarabacoa | Puro Turismo de Monta\u00f1a\" width=\"1100\" height=\"619\" src=\"https:\/\/www.youtube.com\/embed\/FRHfK4RS39A?feature=oembed\" frameborder=\"0\" allow=\"accelerometer; autoplay; clipboard-write; encrypted-media; gyroscope; picture-in-picture; web-share\" allowfullscreen><\/iframe><\/div>\n\t\t<\/div>\n\t<\/div>\n<\/div><\/div><\/div><\/div><div class=\"vc_row wpb_row vc_row-fluid\" ><\/div><div class=\"wpb_column vc_column_container vc_col-sm-12\"><div class=\"vc_column-inner\"><div class=\"wpb_wrapper\"><\/div><\/div><\/div><div class=\"vc_empty_space\"   style=\"height: 32px\"><span class=\"vc_empty_space_inner\"><\/span><\/div>\n\t<div class=\"wpb_text_column wpb_content_element\" >\n\t\t<div class=\"wpb_wrapper\">\n\t\t\t<p>\nn<br \/>\nnJsem textov\u00fd blok. Kliknut\u00edm na tla\u010d\u00edtko upravit tento text zm\u011bn\u00edte. Lorem ipsum dolor sit amet, consectetur adipiscing elit. Ut elit tellus, luctus nec ullamcorper mattis, pulvinar dapibus leo.<br \/>\nn<br \/>\nn<\/p>\n\n\t\t<\/div>\n\t<\/div>\n<div class=\"vc_empty_space\"   style=\"height: 32px\"><span class=\"vc_empty_space_inner\"><\/span><\/div>","protected":false},"excerpt":{"rendered":"<p>Unase a nosotros y viaje con un experto local de Jarabacoa y obtenga la experiencia \u00fanica de visitar los mejores lugares de la capital del ecoturismo a partir de Jarabacoa, este tour lo llevar\u00e1 a conocer el hermoso paisaje del rancho de Dominica granda\u00fap Mientras conduce por los diferentes lugares, sentir\u00e1 el aire de la monta\u00f1a y disfrutar\u00e1 de la belleza del campo. n nSeleccione la fecha para el Tour:\u00a0 &nbsp;<\/p>","protected":false},"author":2,"featured_media":0,"parent":0,"menu_order":0,"comment_status":"open","ping_status":"closed","template":"","meta":{"footnotes":""},"class_list":["post-15865","page","type-page","status-publish","hentry"],"_links":{"self":[{"href":"https:\/\/www.boattoursamana.com\/cs\/wp-json\/wp\/v2\/pages\/15865","targetHints":{"allow":["GET"]}}],"collection":[{"href":"https:\/\/www.boattoursamana.com\/cs\/wp-json\/wp\/v2\/pages"}],"about":[{"href":"https:\/\/www.boattoursamana.com\/cs\/wp-json\/wp\/v2\/types\/page"}],"author":[{"embeddable":true,"href":"https:\/\/www.boattoursamana.com\/cs\/wp-json\/wp\/v2\/users\/2"}],"replies":[{"embeddable":true,"href":"https:\/\/www.boattoursamana.com\/cs\/wp-json\/wp\/v2\/comments?post=15865"}],"version-history":[{"count":0,"href":"https:\/\/www.boattoursamana.com\/cs\/wp-json\/wp\/v2\/pages\/15865\/revisions"}],"wp:attachment":[{"href":"https:\/\/www.boattoursamana.com\/cs\/wp-json\/wp\/v2\/media?parent=15865"}],"curies":[{"name":"wp","href":"https:\/\/api.w.org\/{rel}","templated":true}]}}