{"id":11388,"date":"2020-07-10T16:02:03","date_gmt":"2020-07-10T16:02:03","guid":{"rendered":"https:\/\/www.ticketswhales.com\/?post_type=product&#038;p=11388"},"modified":"2023-11-10T16:05:35","modified_gmt":"2023-11-10T16:05:35","slug":"private-tour-to-los-haitises-national-park-from-samana-port-bacardi-island-cayo-levantado","status":"publish","type":"product","link":"https:\/\/www.boattoursamana.com\/cs\/prohlidka\/soukroma-prohlidka-narodniho-parku-los-haitises-z-pristavu-samana-ostrov-bacardi-cayo-levantado-2","title":{"rendered":"Soukrom\u00e1 prohl\u00eddka n\u00e1rodn\u00edho parku Los Haitises z p\u0159\u00edstavu Saman\u00e1 + ostrov Bacardi (Cayo Levantado)"},"content":{"rendered":"<div class=\"vc_row wpb_row vc_row-fluid\" ><div class=\"wpb_column vc_column_container vc_col-sm-12\"><div class=\"vc_column-inner\"><div class=\"wpb_wrapper\"><div class=\"mkdf-section-title-holder\" style=\"text-align: left\">\n\t<div class=\"mkdf-st-inner\">\n\t\t\t\t\t<h5 class=\"mkdf-st-subtitle\" >\n\t\t\t\tEkologick\u00e9 v\u00fdlety s m\u00edstn\u00edmi obyvateli\t\t\t<\/h5>\n\t\t\t\t\t\t\t<h3 class=\"mkdf-st-title\" >\n\t\t\t\tV\u00fdlet lod\u00ed do n\u00e1rodn\u00edho parku Los Haitises + ostrov Cayo Levantado\t\t\t<\/h3>\n\t\t\t\t\t<\/div>\n<\/div><\/div><\/div><\/div><\/div><div class=\"vc_row wpb_row vc_row-fluid\" ><div class=\"wpb_column vc_column_container vc_col-sm-12\"><div class=\"vc_column-inner\"><div class=\"wpb_wrapper\"><div class=\"vc_btn3-container vc_btn3-inline\" ><a class=\"vc_general vc_btn3 vc_btn3-size-md vc_btn3-shape-rounded vc_btn3-style-modern vc_btn3-color-green\" href=\"https:\/\/bookingadventures.tours\/booking.php?tour_id=b14bbd649a93d7d6554fcd137ba2571c\" title=\"\" rel=\"noopener\">ZAREZERVOVAT HNED<\/a><\/div>\n\t<div class=\"wpb_text_column wpb_content_element\" >\n\t\t<div class=\"wpb_wrapper\">\n\t\t\t<h4><\/h4>\n<h2>Prohl\u00eddka n\u00e1rodn\u00edho parku Los Haitises z p\u0159\u00edstavu Saman\u00e1 + ostrov Bacardi (Cayo Levantado)<\/h2>\n<h4><b><i>P\u0159ehled <\/i><\/b><\/h4>\n<p>N\u00e1rodn\u00ed park Los Haitises od p\u0159\u00edstavu Saman\u00e1 plus ob\u011bd na ostrov\u011b Bacardi. Poj\u010fte s n\u00e1mi nav\u0161t\u00edvit nejkr\u00e1sn\u011bj\u0161\u00ed n\u00e1rodn\u00ed park Dominik\u00e1nsk\u00e9 republiky, nav\u0161t\u00edvit mangrovy, jeskyn\u011b a z\u00e1liv San Lorenzo a p\u0159ekro\u010dit n\u00e1dhernou z\u00e1toku Saman\u00e1. Pot\u00e9 se vra\u0165te do oblasti Saman\u00e1 a nav\u0161tivte ostrov Bacardi, poob\u011bdvejte na pl\u00e1\u017ei a zaplavte si na jedn\u00e9 z nejkr\u00e1sn\u011bj\u0161\u00edch pl\u00e1\u017e\u00ed v z\u00e1livu Saman\u00e1.<\/p>\n<p>Po t\u00e9to zku\u0161enosti se dostanete zp\u011bt do p\u0159\u00edstavu Saman\u00e1.<\/p>\n<ul>\n<li style=\"font-weight: 400;\">Poplatky v cen\u011b<\/li>\n<li>Ob\u011bd na ostrov\u011b Bacardi v cen\u011b<\/li>\n<li style=\"font-weight: 400;\"><span style=\"font-weight: 400;\">Pr\u016fvodce poskytuje instrukce a supervizi<\/span><\/li>\n<\/ul>\n<p>&nbsp;<\/p>\n<h4><b>Zahrnut\u00ed a vylou\u010den\u00ed<\/b><\/h4>\n<p><b>Inkluze<\/b><\/p>\n<ol>\n<li style=\"font-weight: 400;\">Prohl\u00eddka Los Haitises + jeskyn\u011b a piktogramy<\/li>\n<li>Ob\u011bd na Cayo Levantado (ostrov Bacardi), pokud se v\u00e1m l\u00edb\u00ed podobn\u00e1 prohl\u00eddka: Los Haitises + Ca\u00f1o Hondo<\/li>\n<li style=\"font-weight: 400;\"><span style=\"font-weight: 400;\">V\u0161echny dan\u011b, poplatky a manipula\u010dn\u00ed poplatky<\/span><\/li>\n<li style=\"font-weight: 400;\"><span style=\"font-weight: 400;\">M\u00edstn\u00ed dan\u011b<\/span><\/li>\n<li style=\"font-weight: 400;\"><span style=\"font-weight: 400;\">N\u00e1poje<\/span><\/li>\n<li style=\"font-weight: 400;\"><span style=\"font-weight: 400;\">V\u0161echny aktivity<\/span><\/li>\n<li style=\"font-weight: 400;\"><span style=\"font-weight: 400;\">M\u00edstn\u00ed pr\u016fvodce<\/span><\/li>\n<\/ol>\n<p><b> V\u00fdluky<\/b><\/p>\n<ol>\n<li style=\"font-weight: 400;\"><span style=\"font-weight: 400;\">Spropitn\u00e9<\/span><\/li>\n<li style=\"font-weight: 400;\"><span style=\"font-weight: 400;\">P\u0159evod<\/span><\/li>\n<li style=\"font-weight: 400;\"><span style=\"font-weight: 400;\">Alkoholick\u00e9 n\u00e1poje<\/span><\/li>\n<\/ol>\n<p>&nbsp;<\/p>\n<h4><em><strong>Odjezd a n\u00e1vrat<\/strong><\/em><\/h4>\n<p><span style=\"font-weight: 400;\">Cestovatel z\u00edsk\u00e1 m\u00edsto setk\u00e1n\u00ed po procesu rezervace. Prohl\u00eddky za\u010d\u00ednaj\u00ed a kon\u010d\u00ed v na\u0161ich shroma\u017e\u010fovac\u00edch m\u00edstech.<\/span><\/p>\n<p>&nbsp;<\/p>\n<h2>Prohl\u00eddka n\u00e1rodn\u00edho parku Los Haitises z ostrova Saman\u00e1 Port mas Bacardi (Cayo Levantado)<\/h2>\n<h4><b><i>Co \u010dekat?<\/i><\/b><\/h4>\n<p><b><i>PROTI<\/i><\/b>hostuj\u00edc\u00ed<strong> N\u00e1rodn\u00ed park Los Haitises<\/strong> s \u00fa\u017easn\u00fdm ob\u011bdem v<strong> Ostrov Cayo Levantado<\/strong> a koup\u00e1n\u00ed na pl\u00e1\u017ei. Za\u010d\u00ednaj\u00edc\u00ed <strong>z p\u0159\u00edstavu Saman\u00e1<\/strong> na palub\u011b \u010dlunu nebo katamar\u00e1nu s m\u00edstn\u00edm pr\u016fvodcem projedeme z\u00e1tokou Saman\u00e1 na stranu Sabana de la Mar, kde nav\u0161t\u00edv\u00edme jeden z nejkr\u00e1sn\u011bj\u0161\u00edch n\u00e1rodn\u00edch park\u016f Dominik\u00e1nsk\u00e9 republiky. <em><strong>N\u00e1rodn\u00ed park Haitises<\/strong><\/em>.<\/p>\n<p>Prohl\u00eddka organizovan\u00e1 \u201eBooking Adventures\u201c za\u010d\u00edn\u00e1 na m\u00edst\u011b setk\u00e1n\u00ed s pr\u016fvodcem. P\u0159ij\u010fte s Booking Adventures a za\u010dn\u011bte si prohl\u00ed\u017eet mangrovy pln\u00e9 pt\u00e1k\u016f, zvln\u011bn\u00e9 kopce bujn\u00e9 vegetace a jeskyn\u011b <em><strong>N\u00e1rodn\u00ed park Los Haitises<\/strong><\/em>. N\u00e1v\u0161t\u011bva ostrova s pt\u00e1ky kolem. V hn\u00edzdn\u00ed sez\u00f3n\u011b m\u016f\u017eeme na hn\u00edzdech spat\u0159it i ml\u00e1\u010fata Pelecanos. Dostat se v\u00edce do Rocky Islands a nav\u0161t\u00edvit jeskyn\u011b s piktogramy a petrografy od domorod\u00fdch obyvatel.<\/p>\n<p>P\u0159es mangrovy a Land u otev\u0159en\u00e9ho z\u00e1livu San Lorenzo, odkud m\u016f\u017eete fotografovat drsnou lesn\u00ed krajinu. Pod\u00edvejte se na vodu, abyste ji na\u0161li <em><strong>Manatees<\/strong><\/em>, kor\u00fd\u0161i a <em><strong>delf\u00edny.<\/strong><\/em><\/p>\n<h2><strong>Jeskyn\u011b v n\u00e1rodn\u00edm parku Los Haitises<\/strong><\/h2>\n<div class=\"body-description secondary\">\n<p>N\u00e1zev n\u00e1rodn\u00edho parku poch\u00e1z\u00ed od jeho p\u016fvodn\u00edch obyvatel, indi\u00e1n\u016f Taino. V jejich jazyce \u201ehaitises\u201c znamen\u00e1 vyso\u010diny nebo kopce, co\u017e je odkaz na strm\u00e9 geologick\u00e9 \u00fatvary pob\u0159e\u017e\u00ed s v\u00e1penci. Vydejte se hloub\u011bji do parku a prozkoumejte jeskyn\u011b, jako je Cueva San Gabriel, <em><strong>Cueva de la Arena<\/strong><\/em> a <strong><em>Cueva de la L\u00ednea.<\/em><\/strong><\/p>\n<p>Jeskyn\u011b v rezervaci byly vyu\u017e\u00edv\u00e1ny jako \u00fakryt indi\u00e1ny Taino a pozd\u011bji i \u00fakryty pir\u00e1t\u016f. Hledejte kresby indi\u00e1n\u016f, kter\u00e9 zdob\u00ed n\u011bkter\u00e9 st\u011bny. Po n\u00e1v\u0161t\u011bv\u011b n\u00e1rodn\u00edho parku Los Haitises se vr\u00e1t\u00edme zp\u011bt do p\u0159\u00edstavu Saman\u00e1 kolem z\u00e1livu Saman\u00e1 30 minut a nav\u0161t\u00edv\u00edme ostrov Bacardi. Na ostrov\u011b si d\u00e1me typick\u00fd ob\u011bd. Pokud jste vegan, nebojte se, m\u00e1me j\u00eddlo i pro v\u00e1s!<\/p>\n<p>Po odpoledni koup\u00e1n\u00ed a relaxaci na pl\u00e1\u017ei n\u00e1\u0161 pr\u016fvodce ur\u010d\u00ed \u010das na n\u00e1vrat do p\u0159\u00edstavu Saman\u00e1.<\/p>\n<\/div>\n<p>V p\u0159\u00edpad\u011b, \u017ee se v\u00e1m tento v\u00fdlet bude l\u00edbit del\u0161\u00ed nebo krat\u0161\u00ed, m\u00e1me tyto mo\u017enosti:<\/p>\n<ol>\n<li>Jen Los Haitises z p\u0159\u00edstavu Saman\u00e1.<\/li>\n<li>Los Haitises + Ca\u00f1o Hondo z p\u0159\u00edstavu Saman\u00e1.<\/li>\n<\/ol>\n<p>&nbsp;<\/p>\n<h4><em><strong>Co byste m\u011bli p\u0159in\u00e9st?<\/strong><\/em><\/h4>\n<ul>\n<li style=\"font-weight: 400;\"><span style=\"font-weight: 400;\">Fotoapar\u00e1t<\/span><\/li>\n<li style=\"font-weight: 400;\"><span style=\"font-weight: 400;\">Repelentn\u00ed pupeny<\/span><\/li>\n<li style=\"font-weight: 400;\"><span style=\"font-weight: 400;\">Opalovac\u00ed kr\u00e9m<\/span><\/li>\n<li style=\"font-weight: 400;\"><span style=\"font-weight: 400;\">\u010cepice<\/span><\/li>\n<li style=\"font-weight: 400;\"><span style=\"font-weight: 400;\">Pohodln\u00e9 kalhoty<\/span><\/li>\n<li style=\"font-weight: 400;\"><span style=\"font-weight: 400;\">Turistick\u00e9 boty do lesa<\/span><\/li>\n<li style=\"font-weight: 400;\"><span style=\"font-weight: 400;\">Sand\u00e1ly do jarn\u00edch oblast\u00ed.<\/span><\/li>\n<li style=\"font-weight: 400;\"><span style=\"font-weight: 400;\">Plavky<\/span><\/li>\n<\/ul>\n<p>&nbsp;<\/p>\n<h4><b><i>Hotel vyzvednut\u00ed <\/i><\/b><\/h4>\n<p><span style=\"font-weight: 400;\">Vyzvednut\u00ed v hotelu nen\u00ed pro tento z\u00e1jezd nab\u00edzeno. <\/span><\/p>\n<p>&nbsp;<\/p>\n<p><b>Pozn\u00e1mka:<\/b><span style=\"font-weight: 400;\"> pokud prov\u00e1d\u00edte rezervaci do 24 hodin od \u010dasu odjezdu z\u00e1jezdu\/exkurze, m\u016f\u017eeme za\u0159\u00eddit vyzvednut\u00ed v hotelu za p\u0159\u00edplatek. Jakmile bude v\u00e1\u0161 n\u00e1kup dokon\u010den, za\u0161leme v\u00e1m kompletn\u00ed kontaktn\u00ed informace (telefonn\u00ed \u010d\u00edslo, e-mailovou adresu atd.) pro na\u0161eho m\u00edstn\u00edho pr\u016fvodce, abychom mohli zajistit vyzvednut\u00ed.<\/span><\/p>\n<h4><b><i>Potvrzen\u00ed dal\u0161\u00edch informac\u00ed <\/i><\/b><\/h4>\n<ol>\n<li>Vstupenky jsou \u00fa\u010dtenkou po zaplacen\u00ed tohoto z\u00e1jezdu. Platbu m\u016f\u017eete zobrazit na telefonu.<\/li>\n<li style=\"font-weight: 400;\"><span style=\"font-weight: 400;\">M\u00edsto setk\u00e1n\u00ed bude obdr\u017eeno po procesu rezervace.<\/span><\/li>\n<li style=\"font-weight: 400;\"><span style=\"font-weight: 400;\">D\u011bti mus\u00ed b\u00fdt v doprovodu dosp\u011bl\u00e9 osoby.<\/span><\/li>\n<li style=\"font-weight: 400;\"><span style=\"font-weight: 400;\"> Bezbari\u00e9rov\u00fd p\u0159\u00edstup <\/span><\/li>\n<li style=\"font-weight: 400;\"><span style=\"font-weight: 400;\">D\u011bti mus\u00ed sed\u011bt na kl\u00edn\u011b <\/span><\/li>\n<li style=\"font-weight: 400;\"><span style=\"font-weight: 400;\">Nedoporu\u010duje se pro cestovatele s probl\u00e9my se z\u00e1dy<\/span><\/li>\n<li style=\"font-weight: 400;\"><span style=\"font-weight: 400;\">Nedoporu\u010duje se t\u011bhotn\u00fdm cestovatel\u016fm <\/span><\/li>\n<li style=\"font-weight: 400;\"><span style=\"font-weight: 400;\"> \u017d\u00e1dn\u00e9 probl\u00e9my se srdcem ani jin\u00e9 z\u00e1va\u017en\u00e9 zdravotn\u00ed stavy <\/span><\/li>\n<li style=\"font-weight: 400;\"><span style=\"font-weight: 400;\">Z\u00fa\u010dastnit se m\u016f\u017ee v\u011bt\u0161ina cestovatel\u016f<\/span><\/li>\n<\/ol>\n<h4><b><i>Storno podm\u00ednky<\/i><\/b><\/h4>\n<p>Chcete-li z\u00edskat plnou n\u00e1hradu, p\u0159e\u010dt\u011bte si na\u0161e storno podm\u00ednky\u00a0<a href=\"https:\/\/www.boattoursamana.com\/cs\/online-rezervace\/\" target=\"_blank\" rel=\"noopener\" data-saferedirecturl=\"https:\/\/www.google.com\/url?q=https:\/\/www.boattoursamana.com\/online-booking\/&amp;source=gmail&amp;ust=1672449202351000&amp;usg=AOvVaw1yAeVAPktmaVCqDujgUn90\">Klikn\u011bte zde<\/a>. Prost\u0159edky budou ztraceny, pokud bude rezervace zru\u0161ena ve stejn\u00fd den cesty.<\/p>\n\n\t\t<\/div>\n\t<\/div>\n<div class=\"vc_btn3-container vc_btn3-inline\" ><a class=\"vc_general vc_btn3 vc_btn3-size-md vc_btn3-shape-rounded vc_btn3-style-modern vc_btn3-color-green\" href=\"https:\/\/bookingadventures.tours\/booking.php?tour_id=b14bbd649a93d7d6554fcd137ba2571c\" title=\"\" rel=\"noopener\">ZAREZERVOVAT HNED<\/a><\/div>\n\t<div class=\"wpb_video_widget wpb_content_element vc_clearfix   vc_video-aspect-ratio-169 vc_video-el-width-100 vc_video-align-left\" >\n\t\t<div class=\"wpb_wrapper\">\n\t\t\t<h2 class=\"wpb_heading wpb_video_heading\">N\u00e1rodn\u00ed park Los Haitises<\/h2>\n\t\t\t<div class=\"wpb_video_wrapper\"><iframe loading=\"lazy\" title=\"Prohl\u00eddky a exkurze do n\u00e1rodn\u00edho parku Los Haitises\" width=\"1100\" height=\"619\" src=\"https:\/\/www.youtube.com\/embed\/vMI4Ou81cd4?feature=oembed\" frameborder=\"0\" allow=\"accelerometer; autoplay; encrypted-media; gyroscope; picture-in-picture\" allowfullscreen><\/iframe><\/div>\n\t\t<\/div>\n\t<\/div>\n<\/div><\/div><\/div><\/div><div class=\"wpb_column vc_column_container vc_col-sm-12\"><div class=\"vc_column-inner\"><div class=\"wpb_wrapper\"><\/div><\/div><\/div><div class=\"vc_empty_space\"   style=\"height: 32px\"><span class=\"vc_empty_space_inner\"><\/span><\/div><div class=\"vc_row wpb_row vc_row-fluid\" ><\/div><div class=\"wpb_column vc_column_container vc_col-sm-12\"><div class=\"vc_column-inner\"><div class=\"wpb_wrapper\"><\/div><\/div><\/div><div class=\"mkdf-section-title-holder\" style=\"text-align: left\">\n\t<div class=\"mkdf-st-inner\">\n\t\t\t\t\t\t\t<h3 class=\"mkdf-st-title\" >\n\t\t\t\tLos Haitises a Cayo Levantado\t\t\t<\/h3>\n\t\t\t\t\t<\/div>\n<\/div><div class=\"vc_empty_space\"   style=\"height: 32px\"><span class=\"vc_empty_space_inner\"><\/span><\/div><div class=\"wpb_column vc_column_container vc_col-sm-12\"><div class=\"vc_column-inner\"><div class=\"wpb_wrapper\"><div class=\"vc_btn3-container vc_btn3-inline\" ><a class=\"vc_general vc_btn3 vc_btn3-size-md vc_btn3-shape-rounded vc_btn3-style-modern vc_btn3-color-green\" href=\"https:\/\/bookingadventures.tours\/booking.php?tour_id=b14bbd649a93d7d6554fcd137ba2571c\" title=\"\" rel=\"noopener\">ZAREZERVOVAT HNED<\/a><\/div><\/div><\/div><\/div>","protected":false},"excerpt":{"rendered":"<p>V\u00fdlety do Los Haitises a Cayo Levantado, Ekologick\u00fd v\u00fdlet do n\u00e1rodn\u00edho parku Los Haitises s m\u00edstn\u00edm turistick\u00fdm pr\u016fvodcem. N\u00e1v\u0161t\u011bva Keys v n\u00e1rodn\u00edm parku Los Haitises, mangrovy, vegetace, pozorov\u00e1n\u00ed pt\u00e1k\u016f, jeskyn\u011b, piktogramy a historick\u00e9 oblasti Sabana de la Mar v n\u00e1rodn\u00edm parku Los Haitises. Po Los Haitises jsme m\u011bli ob\u011bd na pl\u00e1\u017ei ostrova Bacardi. Rezervujte si s n\u00e1mi v\u00fdlet do n\u00e1rodn\u00edho parku Los Haitises z Puerto Saman\u00e1 + ostrov Bacardi (Cayo Levantado).<\/p>\n<p>&nbsp;<\/p>\n<p><strong>Vyberte datum turn\u00e9:<\/strong><\/p>","protected":false},"featured_media":8202,"template":"","meta":[],"product_cat":[254,655,928,255],"product_tag":[184,579,236,172,268,223,311,174,615,612,171,613,580,581,647,209,440,611,441,578,574,610,614,608,175,186,200,187,616],"class_list":["post-11388","product","type-product","status-publish","has-post-thumbnail","hentry","product_cat-tours-excursions-los-haitises-national-park","product_cat-1-samana","product_cat-boat-trip-los-haitises","product_cat-tours-excursions-samana-bay-dominican-republic","product_tag-bacardi-island","product_tag-bacardi-island-tours","product_tag-birdwatching","product_tag-boat-tour","product_tag-caves-los-haitises","product_tag-cayo-levantado","product_tag-cayo-levantado-tour","product_tag-eco-tours","product_tag-excursiones-a-los-haitises-y-cayo-levantado","product_tag-haitises-park-and-cayo-levantado-island","product_tag-los-haitises","product_tag-los-haitises-excursiones","product_tag-los-haitises-excursions","product_tag-los-haitises-mapa","product_tag-los-haitises-mas-cayo-levantado","product_tag-los-haitises-national-park","product_tag-los-haitises-national-park-map","product_tag-los-haitises-national-park-mas-cayo-levantado","product_tag-los-haitises-national-park-tour-from-las-terrenas","product_tag-los-haitises-national-park-tour-from-samana-port-bacardi-island-cayo-levantado","product_tag-los-haitises-national-park-tour-from-santo-domingo","product_tag-los-haitises-park-tour-cayo-levantado-island","product_tag-los-haitises-samana","product_tag-los-haitises-y-cayo-levantado","product_tag-sabana-de-la-mar","product_tag-samana","product_tag-samana-excursions","product_tag-samana-tours","product_tag-tour-los-haitises-national-park-cayo-levantado"],"_links":{"self":[{"href":"https:\/\/www.boattoursamana.com\/cs\/wp-json\/wp\/v2\/product\/11388","targetHints":{"allow":["GET"]}}],"collection":[{"href":"https:\/\/www.boattoursamana.com\/cs\/wp-json\/wp\/v2\/product"}],"about":[{"href":"https:\/\/www.boattoursamana.com\/cs\/wp-json\/wp\/v2\/types\/product"}],"wp:featuredmedia":[{"embeddable":true,"href":"https:\/\/www.boattoursamana.com\/cs\/wp-json\/wp\/v2\/media\/8202"}],"wp:attachment":[{"href":"https:\/\/www.boattoursamana.com\/cs\/wp-json\/wp\/v2\/media?parent=11388"}],"wp:term":[{"taxonomy":"product_cat","embeddable":true,"href":"https:\/\/www.boattoursamana.com\/cs\/wp-json\/wp\/v2\/product_cat?post=11388"},{"taxonomy":"product_tag","embeddable":true,"href":"https:\/\/www.boattoursamana.com\/cs\/wp-json\/wp\/v2\/product_tag?post=11388"}],"curies":[{"name":"wp","href":"https:\/\/api.w.org\/{rel}","templated":true}]}}