{"id":11698,"date":"2020-11-17T18:37:10","date_gmt":"2020-11-17T18:37:10","guid":{"rendered":"https:\/\/www.ticketswhales.com\/?post_type=product&#038;p=11698"},"modified":"2023-11-07T21:29:33","modified_gmt":"2023-11-07T21:29:33","slug":"live-the-jungle-in-los-haitises-waterfalls-yanigua","status":"publish","type":"product","link":"https:\/\/www.boattoursamana.com\/cs\/prohlidka\/zit-v-dzungli-v-los-haitises-vodopady-yanigua-2","title":{"rendered":"\u017dijte d\u017eungl\u00ed v Los Haitises Waterfalls Yanigua"},"content":{"rendered":"<div class=\"vc_row wpb_row vc_row-fluid\" ><div class=\"wpb_column vc_column_container vc_col-sm-12\"><div class=\"vc_column-inner\"><div class=\"wpb_wrapper\"><div class=\"mkdf-section-title-holder\" style=\"text-align: left\">\n\t<div class=\"mkdf-st-inner\">\n\t\t\t\t\t<h5 class=\"mkdf-st-subtitle\" >\n\t\t\t\t\u017dijte v d\u017eungli ve vodop\u00e1dech Los Haitises\t\t\t<\/h5>\n\t\t\t\t\t\t\t<h3 class=\"mkdf-st-title\" >\n\t\t\t\tN\u00e1rodn\u00ed park Los Haitises\t\t\t<\/h3>\n\t\t\t\t\t<\/div>\n<\/div><div class=\"vc_btn3-container vc_btn3-inline\" ><button class=\"vc_general vc_btn3 vc_btn3-size-md vc_btn3-shape-rounded vc_btn3-style-modern vc_btn3-color-green\">ZAREZERVOVAT HNED<\/button><\/div><\/div><\/div><\/div><\/div><div class=\"vc_row wpb_row vc_row-fluid\" ><div class=\"wpb_column vc_column_container vc_col-sm-12\"><div class=\"vc_column-inner\"><div class=\"wpb_wrapper\">\n\t<div class=\"wpb_text_column wpb_content_element\" >\n\t\t<div class=\"wpb_wrapper\">\n\t\t\t<h4><\/h4>\n<h2><strong>\u017divot v d\u017eungli v Los Haitises Waterfalls<\/strong><\/h2>\n<h4><b><i>P\u0159ehled <\/i><\/b><\/h4>\n<p><span style=\"font-weight: 400;\">Ute\u010dte z m\u011bsta a pono\u0159te se do ekoturistiky provincie Hato Mayor, prvn\u00ed ekoturistick\u00e9 provincie Dominik\u00e1nsk\u00e9 republiky. <\/span><span style=\"font-weight: 400;\">Poje\u010fte s n\u00e1mi a u\u017eijte si sladk\u00e9 vody \u0159eky Yanigua, kde se nach\u00e1z\u00ed El Salto a Rancho Yanigua, m\u00edsto je snadno dostupn\u00e9, obklopen\u00e9 ke\u0159i a s miner\u00e1ln\u00edm uhl\u00edm a modr\u00fdm bahnem ve vod\u00e1ch, Yanigua je z\u00e1rove\u0148 vodn\u00ed amfite\u00e1tr, vytv\u00e1\u0159en\u00edm sesuv\u016f nebo rozptyl\u016f, kter\u00e9 p\u0159ipom\u00ednaj\u00ed b\u00edl\u00e9 schody a poskytuj\u00ed n\u00e1v\u0161t\u011bvn\u00edkovi p\u016fsobiv\u00fd a velkolep\u00fd v\u00fdhled.<\/span><\/p>\n<p>&nbsp;<\/p>\n<p><span style=\"font-weight: 400;\">Legenda \u0159\u00edk\u00e1, \u017ee ve vod\u00e1ch Yanigua se ciguapov\u00e9 myj\u00ed a opaluj\u00ed si h\u0159\u00edvy bl\u00e1tem, o kter\u00e9m se p\u0159edpokl\u00e1d\u00e1, \u017ee v t\u00e9to oblasti v\u017edy existovalo. <\/span><span style=\"font-weight: 400;\">B\u011bhem aktivity si dop\u0159ejte terapeutickou bahenn\u00ed koupel pro omlazen\u00ed, l\u00e9\u010dbu akn\u00e9, exfoliaci, l\u00e9\u010dbu artritidy, prokrven\u00ed a revitalizaci energi\u00ed t\u011bla. <\/span><span style=\"font-weight: 400;\">Tak\u00e9 z domu Tarzan\u016f se sklen\u011bn\u00fdm dnem, postaven\u00e9ho na strom\u011b s v\u00fd\u0161kou rovnou 7patrov\u00e9 budov\u011b. V\u00edte o kultu\u0159e Amber a Cacao.<\/span><\/p>\n<p>&nbsp;<\/p>\n<h2><strong>Aktivita zahrnuje:<\/strong><\/h2>\n<p>&nbsp;<\/p>\n<ul>\n<li style=\"font-weight: 400;\"><span style=\"font-weight: 400;\">Transfer z Sabana de la Mar por<\/span><\/li>\n<li style=\"font-weight: 400;\"><span style=\"font-weight: 400;\">Trekking<\/span><\/li>\n<li style=\"font-weight: 400;\"><span style=\"font-weight: 400;\">Maska z \u0159\u00ed\u010dn\u00edho bahna\u00a0<\/span><\/li>\n<li style=\"font-weight: 400;\"><span style=\"font-weight: 400;\">Ob\u011bd formou bufetu<\/span><\/li>\n<li style=\"font-weight: 400;\"><span style=\"font-weight: 400;\">Treehouse s prosklenou podlahou<\/span><\/li>\n<li style=\"font-weight: 400;\"><span style=\"font-weight: 400;\">Kakaov\u00fd proces<\/span><\/li>\n<li style=\"font-weight: 400;\"><span style=\"font-weight: 400;\">Bio k\u00e1va<\/span><\/li>\n<li style=\"font-weight: 400;\"><span style=\"font-weight: 400;\">Vodop\u00e1d<\/span><\/li>\n<li style=\"font-weight: 400;\"><span style=\"font-weight: 400;\">\u00a0N\u00e1rodn\u00ed turistick\u00fd pr\u016fvodce<\/span><\/li>\n<li style=\"font-weight: 400;\"><span style=\"font-weight: 400;\">\u00a0Wifi<\/span><\/li>\n<li style=\"font-weight: 400;\"><span style=\"font-weight: 400;\">Prodejny Ambar Rock<\/span><\/li>\n<\/ul>\n<p>&nbsp;<\/p>\n<p><b>Pozn\u00e1mka:<\/b><\/p>\n<p><span style=\"font-weight: 400;\">V Salto a Rancho Yanigua nen\u00ed telefonn\u00ed sign\u00e1l, je d\u016fle\u017eit\u00e9 po\u010d\u00edtat s extern\u00ed komunikac\u00ed, ale m\u00e1me vlastn\u00ed priv\u00e1tn\u00ed s\u00ed\u0165 s internetem pro ve\u0159ejnost<\/span><\/p>\n<p>&nbsp;<\/p>\n<h4><em><strong>Co byste m\u011bli p\u0159in\u00e9st?<\/strong><\/em><\/h4>\n<ul>\n<li style=\"font-weight: 400;\"><span style=\"font-weight: 400;\">Fotoapar\u00e1t<\/span><\/li>\n<li style=\"font-weight: 400;\"><span style=\"font-weight: 400;\">Repelentn\u00ed pupeny<\/span><\/li>\n<li style=\"font-weight: 400;\"><span style=\"font-weight: 400;\">Opalovac\u00ed kr\u00e9m<\/span><\/li>\n<li style=\"font-weight: 400;\"><span style=\"font-weight: 400;\">\u010cepice<\/span><\/li>\n<li style=\"font-weight: 400;\"><span style=\"font-weight: 400;\">Pohodln\u00e9 kalhoty<\/span><\/li>\n<li style=\"font-weight: 400;\"><span style=\"font-weight: 400;\">Turistick\u00e9 boty do lesa<\/span><\/li>\n<li style=\"font-weight: 400;\"><span style=\"font-weight: 400;\">Sand\u00e1ly do jarn\u00edch oblast\u00ed.<\/span><\/li>\n<li style=\"font-weight: 400;\"><span style=\"font-weight: 400;\">Plavky<\/span><\/li>\n<\/ul>\n<p>&nbsp;<\/p>\n<h4><b><i>Hotel vyzvednut\u00ed <\/i><\/b><\/h4>\n<p><span style=\"font-weight: 400;\">Vyzvednut\u00ed v hotelu nen\u00ed pro tento z\u00e1jezd nab\u00edzeno. <\/span><\/p>\n<p>&nbsp;<\/p>\n<p><b>Pozn\u00e1mka:<\/b><span style=\"font-weight: 400;\"> pokud prov\u00e1d\u00edte rezervaci do 24 hodin od \u010dasu odjezdu z\u00e1jezdu\/exkurze, m\u016f\u017eeme za\u0159\u00eddit vyzvednut\u00ed v hotelu za p\u0159\u00edplatek. Jakmile bude v\u00e1\u0161 n\u00e1kup dokon\u010den, za\u0161leme v\u00e1m kompletn\u00ed kontaktn\u00ed informace (telefonn\u00ed \u010d\u00edslo, e-mailovou adresu atd.) pro na\u0161eho m\u00edstn\u00edho pr\u016fvodce, abychom mohli zajistit vyzvednut\u00ed.<\/span><\/p>\n<h4><b><i>Potvrzen\u00ed dal\u0161\u00edch informac\u00ed <\/i><\/b><\/h4>\n<ol>\n<li>Vstupenky jsou \u00fa\u010dtenkou po zaplacen\u00ed tohoto z\u00e1jezdu. Platbu m\u016f\u017eete zobrazit na telefonu.<\/li>\n<li style=\"font-weight: 400;\"><span style=\"font-weight: 400;\">M\u00edsto setk\u00e1n\u00ed bude obdr\u017eeno po procesu rezervace.<\/span><\/li>\n<li style=\"font-weight: 400;\"><span style=\"font-weight: 400;\">D\u011bti mus\u00ed b\u00fdt v doprovodu dosp\u011bl\u00e9 osoby.<\/span><\/li>\n<li style=\"font-weight: 400;\"><span style=\"font-weight: 400;\"> Bezbari\u00e9rov\u00fd p\u0159\u00edstup <\/span><\/li>\n<li style=\"font-weight: 400;\"><span style=\"font-weight: 400;\">D\u011bti mus\u00ed sed\u011bt na kl\u00edn\u011b <\/span><\/li>\n<li style=\"font-weight: 400;\"><span style=\"font-weight: 400;\">Nedoporu\u010duje se pro cestovatele s probl\u00e9my se z\u00e1dy<\/span><\/li>\n<li style=\"font-weight: 400;\"><span style=\"font-weight: 400;\">Nedoporu\u010duje se t\u011bhotn\u00fdm cestovatel\u016fm <\/span><\/li>\n<li style=\"font-weight: 400;\"><span style=\"font-weight: 400;\"> \u017d\u00e1dn\u00e9 probl\u00e9my se srdcem ani jin\u00e9 z\u00e1va\u017en\u00e9 zdravotn\u00ed stavy <\/span><\/li>\n<li style=\"font-weight: 400;\"><span style=\"font-weight: 400;\">Z\u00fa\u010dastnit se m\u016f\u017ee v\u011bt\u0161ina cestovatel\u016f<\/span><\/li>\n<\/ol>\n<h4><b><i>Storno podm\u00ednky<\/i><\/b><\/h4>\n<p>Chcete-li z\u00edskat plnou n\u00e1hradu, p\u0159e\u010dt\u011bte si na\u0161e storno podm\u00ednky\u00a0<a href=\"https:\/\/www.boattoursamana.com\/cs\/online-rezervace\/\" target=\"_blank\" rel=\"noopener\" data-saferedirecturl=\"https:\/\/www.google.com\/url?q=https:\/\/www.boattoursamana.com\/online-booking\/&amp;source=gmail&amp;ust=1672449202351000&amp;usg=AOvVaw1yAeVAPktmaVCqDujgUn90\">Klikn\u011bte zde<\/a>. Prost\u0159edky budou ztraceny, pokud bude rezervace zru\u0161ena ve stejn\u00fd den cesty.<\/p>\n<h4><\/h4>\n\n\t\t<\/div>\n\t<\/div>\n<\/div><\/div><\/div><\/div><div class=\"vc_row wpb_row vc_row-fluid\" ><div class=\"wpb_column vc_column_container vc_col-sm-12\"><div class=\"vc_column-inner\"><div class=\"wpb_wrapper\"><div class=\"vc_empty_space\"   style=\"height: 32px\"><span class=\"vc_empty_space_inner\"><\/span><\/div>\n\t<div class=\"wpb_text_column wpb_content_element\" >\n\t\t<div class=\"wpb_wrapper\">\n\t\t\t<h4>Kontaktujte n\u00e1s?<\/h4>\n<h5>Rezervace dobrodru\u017estv\u00ed<\/h5>\n<p><em><strong>M\u00edstn\u00ed obyvatel\u00e9<\/strong>\u00a0a\u00a0<strong>st\u00e1tn\u00ed p\u0159\u00edslu\u0161n\u00edci<\/strong>\u00a0Pr\u016fvodci a slu\u017eby pro hosty<\/em><\/p>\n<p><span class=\"text-turquoise\">Rezervace:<\/span>\u00a0Prohl\u00eddky a exkurze v Dom. Rep.<\/p>\n<p><img decoding=\"async\" class=\"emoji\" draggable=\"false\" src=\"https:\/\/s.w.org\/images\/core\/emoji\/11.2.0\/svg\/1f4de.svg\" alt=\"\ud83d\udcde\" title=\"\">\u00a0Tel \/ Whatsapp\u00a0\u00a0<a href=\"tel:+1-809-720-6035\">+1-809-720-6035<\/a>.<\/p>\n<p><img decoding=\"async\" class=\"emoji\" draggable=\"false\" src=\"https:\/\/s.w.org\/images\/core\/emoji\/11.2.0\/svg\/1f4e9.svg\" alt=\"\ud83d\udce9\" title=\"\">\u00a0<a href=\"mailto:info@bookingadventures.com.do\">info@bookingadventures.com.do<\/a><\/p>\n<p><strong>Flexibiln\u011b nastavujeme soukrom\u00e9 prohl\u00eddky od Whatsapp:\u00a0<a href=\"tel:+18097206035\">+18097206035.<\/a><\/strong><\/p>\n\n\t\t<\/div>\n\t<\/div>\n<div class=\"vc_empty_space\"   style=\"height: 32px\"><span class=\"vc_empty_space_inner\"><\/span><\/div><\/div><\/div><\/div><\/div><div class=\"vc_row wpb_row vc_row-fluid\" ><div class=\"wpb_column vc_column_container vc_col-sm-12\"><div class=\"vc_column-inner\"><div class=\"wpb_wrapper\"><div class=\"vc_btn3-container vc_btn3-inline\" ><button class=\"vc_general vc_btn3 vc_btn3-size-md vc_btn3-shape-rounded vc_btn3-style-modern vc_btn3-color-green\">ZAREZERVOVAT HNED<\/button><\/div><\/div><\/div><\/div><\/div>","protected":false},"excerpt":{"rendered":"<p><span style=\"font-weight: 400;\"><span style=\"vertical-align: inherit;\"><span style=\"vertical-align: inherit;\">Vodop\u00e1dy, Ambars Rock, Natural Mud Maks a stromov\u00fd d\u016fm na jednom m\u00edst\u011b. Unikn\u011bte z m\u011bsta a pono\u0159te se do ekoturistiky provincie Hato Mayor, prvn\u00ed ekoturistick\u00e9 provincie v Dominik\u00e1nsk\u00e9 republice. Poj\u010fte s n\u00e1mi a u\u017eijte si chladn\u00e9 vody \u0159eky Yanigua, kde se nach\u00e1z\u00ed El Salto a Rancho Yanigua, m\u00edsto je snadno dostupn\u00e9, obklopen\u00e9 ke\u0159i a s miner\u00e1ln\u00edm uhl\u00edm a modr\u00fdm bahnem ve vod\u00e1ch, Yanigua je z\u00e1rove\u0148 vodn\u00ed amfite\u00e1tr,<\/span><\/span><\/span>vytv\u00e1\u0159ej\u00edc\u00ed sesuvy p\u016fdy nebo rekreaci, kter\u00e9 p\u0159ipom\u00ednaj\u00ed b\u00edl\u00e9 schody a poskytuj\u00ed n\u00e1v\u0161t\u011bvn\u00edkovi p\u016fsobiv\u00fd a velkolep\u00fd v\u00fdhled.<\/p>\n<p><em><strong>Vyberte datum turn\u00e9:<\/strong><\/em><\/p>","protected":false},"featured_media":11730,"template":"","meta":[],"product_cat":[839,946,927],"product_tag":[236,223,174,840,171,613,580,581,209,440,574,614,175,186,200,187],"class_list":["post-11698","product","type-product","status-publish","has-post-thumbnail","hentry","product_cat-los-haitises-excursion","product_cat-1-sabana-de-la-mar","product_cat-hiking-los-haitises","product_tag-birdwatching","product_tag-cayo-levantado","product_tag-eco-tours","product_tag-live-the-jungle-in-los-haitises-waterfalls","product_tag-los-haitises","product_tag-los-haitises-excursiones","product_tag-los-haitises-excursions","product_tag-los-haitises-mapa","product_tag-los-haitises-national-park","product_tag-los-haitises-national-park-map","product_tag-los-haitises-national-park-tour-from-santo-domingo","product_tag-los-haitises-samana","product_tag-sabana-de-la-mar","product_tag-samana","product_tag-samana-excursions","product_tag-samana-tours"],"_links":{"self":[{"href":"https:\/\/www.boattoursamana.com\/cs\/wp-json\/wp\/v2\/product\/11698","targetHints":{"allow":["GET"]}}],"collection":[{"href":"https:\/\/www.boattoursamana.com\/cs\/wp-json\/wp\/v2\/product"}],"about":[{"href":"https:\/\/www.boattoursamana.com\/cs\/wp-json\/wp\/v2\/types\/product"}],"wp:featuredmedia":[{"embeddable":true,"href":"https:\/\/www.boattoursamana.com\/cs\/wp-json\/wp\/v2\/media\/11730"}],"wp:attachment":[{"href":"https:\/\/www.boattoursamana.com\/cs\/wp-json\/wp\/v2\/media?parent=11698"}],"wp:term":[{"taxonomy":"product_cat","embeddable":true,"href":"https:\/\/www.boattoursamana.com\/cs\/wp-json\/wp\/v2\/product_cat?post=11698"},{"taxonomy":"product_tag","embeddable":true,"href":"https:\/\/www.boattoursamana.com\/cs\/wp-json\/wp\/v2\/product_tag?post=11698"}],"curies":[{"name":"wp","href":"https:\/\/api.w.org\/{rel}","templated":true}]}}