{"id":11778,"date":"2020-12-13T08:28:52","date_gmt":"2020-12-13T08:28:52","guid":{"rendered":"https:\/\/www.ticketswhales.com\/?post_type=product&#038;p=11778"},"modified":"2023-11-07T21:16:27","modified_gmt":"2023-11-07T21:16:27","slug":"hiking-trails-in-barahona-dominican-republic-cachote-mountains-tropical-fruits-swim","status":"publish","type":"product","link":"https:\/\/www.boattoursamana.com\/cs\/prohlidka\/turisticke-stezky-v-barahone-dominikanska-republika-cachote-hory-tropicke-ovoce-plavat","title":{"rendered":"Turistick\u00e9 stezky v Barahon\u011b (Dominik\u00e1nsk\u00e1 republika). Poho\u0159\u00ed Cachote, tropick\u00e9 ovoce a plav\u00e1n\u00ed"},"content":{"rendered":"<div class=\"vc_row wpb_row vc_row-fluid\" ><div class=\"wpb_column vc_column_container vc_col-sm-12\"><div class=\"vc_column-inner\"><div class=\"wpb_wrapper\">\n\t<div class=\"wpb_text_column wpb_content_element\" >\n\t\t<div class=\"wpb_wrapper\">\n\t\t\t<p><span style=\"vertical-align: inherit;\"><span style=\"vertical-align: inherit;\"><\/p>\n\n\t\t<\/div>\n\t<\/div>\n<div class=\"vc_btn3-container vc_btn3-inline\" ><button class=\"vc_general vc_btn3 vc_btn3-size-md vc_btn3-shape-rounded vc_btn3-style-modern vc_btn3-color-green\">ZAREZERVOVAT HNED<\/button><\/div>\n\t<div class=\"wpb_text_column wpb_content_element\" >\n\t\t<div class=\"wpb_wrapper\">\n\t\t\t<p><\/span><\/span><\/p>\n<div class=\"vc_row wpb_row vc_row-fluid\">\n<div class=\"wpb_column vc_column_container vc_col-sm-12\">\n<div class=\"vc_column-inner\">\n<div class=\"wpb_wrapper\">\n<div class=\"mkdf-section-title-holder\">\n<div class=\"mkdf-st-inner\">\n<h5 class=\"mkdf-st-subtitle\">Cachote Mountains, Tropical Fruits &amp; Swim<\/h5>\n<h3 class=\"mkdf-st-title\">Hiking trails in Barahona (Dominican Republic).<\/h3>\n<\/div>\n<\/div>\n<\/div>\n<\/div>\n<\/div>\n<\/div>\n<div class=\"vc_row wpb_row vc_row-fluid\">\n<div class=\"wpb_column vc_column_container vc_col-sm-12\">\n<div class=\"vc_column-inner\">\n<div class=\"wpb_wrapper\">\n<div class=\"wpb_text_column wpb_content_element\">\n<div class=\"wpb_wrapper\">\n<h4><b><i>P\u0159ehled<\/i><\/b><\/h4>\n<p>Enjoy a day hiking in the Mountains of Cachote, Barahona. Starting from Paraiso Community. Learning about coffee plantation areas. Swimming in Natural springs and one of the most beautiful beaches in the Dominican Republic with scenic photos.<\/p>\n<h4><b>Zahrnut\u00ed a vylou\u010den\u00ed<\/b><\/h4>\n<p>&nbsp;<\/p>\n<p><b>Inkluze<\/b><\/p>\n<ol>\n<li>M\u00edstn\u00ed pr\u016fvodce se zku\u0161enostmi s bezpe\u010dnost\u00ed v t\u00e9to oblasti.<\/li>\n<li>Soukrom\u00e1 doprava pro mal\u00e9 skupiny<\/li>\n<li>V\u0161echny dan\u011b, poplatky a manipula\u010dn\u00ed poplatky<\/li>\n<li>Pick up \/ Transportation from your hotel (Barahona \/ Para\u00edso \/ Los Patos area)<\/li>\n<li>Local guide who speaks English or French<\/li>\n<li>Typick\u00fd ob\u011bd (typ sendvi\u010de) a l\u00e1hev vody<\/li>\n<li>M\u00edstn\u00ed dan\u011b<\/li>\n<li>Turistika<\/li>\n<li>P\u0159\u00edrodn\u00ed baz\u00e9ny<\/li>\n<\/ol>\n<p><b>V\u00fdluky<\/b><\/p>\n<ol>\n<li>Spropitn\u00e9<\/li>\n<li>V\u0161echny n\u00e1poje<\/li>\n<li>V\u0161echny slu\u017eby, kter\u00e9 nejsou konkr\u00e9tn\u011b uvedeny<\/li>\n<li>Osobn\u00ed v\u00fddaje a tipy<\/li>\n<\/ol>\n<h4><em><strong>Odjezd a n\u00e1vrat<\/strong><\/em><\/h4>\n<p>Cestovatel z\u00edsk\u00e1 m\u00edsto setk\u00e1n\u00ed po procesu rezervace. Prohl\u00eddky za\u010d\u00ednaj\u00ed a kon\u010d\u00ed v m\u00edstech setk\u00e1n\u00ed.<\/p>\n<p>Difficulty: Medium-Difficult<br \/>\nDuration of the walk: 5-6 hours<br \/>\nElevation: 800 meters<br \/>\nDeparture from the Hotel: 08.00 AM<br \/>\nReturn to the Hotel: 05.00 PM<\/p>\n<h2 class=\"styles__heading___mD4_3\" data-radium=\"true\">Turistick\u00e9 stezky v Barahon\u011b (Dominik\u00e1nsk\u00e1 republika). Poho\u0159\u00ed Cachote, tropick\u00e9 ovoce a plav\u00e1n\u00ed<\/h2>\n<h4><em>Co \u010dekat?<\/em><\/h4>\n<p>nTuto proch\u00e1zku zah\u00e1j\u00edme ve m\u011bst\u011b Ojeda, kter\u00e9 je zn\u00e1m\u00e9 svou skv\u011blou produkc\u00ed typick\u00e9ho karibsk\u00e9ho ovoce a zeleniny. Cestou m\u016f\u017eeme ochutnat avok\u00e1do, pomeran\u010de, grapefruity, citrony, guavy, mango, pap\u00e1ja, sapotes a soursop!<\/p>\n<p>After 1 hour and a half of climbing, we will reach an impressive point of view over the town of Para\u00edso, the Riosito, and the high mountains of Cachote.<\/p>\n<p>nBudeme pokra\u010dovat ve stoup\u00e1n\u00ed v chladn\u011bj\u0161\u00edm a vlh\u010d\u00edm klimatu, dokud nedoraz\u00edme do m\u011bsta Barrio Nuevo, kde si d\u00e1me ob\u011bd.<\/p>\n<p>nOdpoledne p\u0159ejedeme velkolepou k\u00e1vovou farmu na vrcholu hory ve v\u00fd\u0161ce 800 metr\u016f nad mo\u0159em. Pot\u00e9 p\u016fjdeme 1 hodinu dol\u016f, dokud nedoraz\u00edme do sout\u011bsky Riosito, kde se m\u016f\u017eeme vykoupat v kr\u00e1sn\u00e9m p\u0159\u00edrodn\u00edm jez\u00edrku obklopen\u00e9m tropick\u00fdm pralesem.<\/p>\n<p>nPokra\u010dujte v proch\u00e1zce \u00fadol\u00edm Riosito a zakon\u010dete den koup\u00e1n\u00edm na pl\u00e1\u017ei Paraiso.<\/p>\n<h4><em><strong>Co byste m\u011bli p\u0159in\u00e9st?<\/strong><\/em><\/h4>\n<ul>\n<li>Fotoapar\u00e1t<\/li>\n<li>Repelentn\u00ed pupeny<\/li>\n<li>Opalovac\u00ed kr\u00e9m<\/li>\n<li>Toaleta<\/li>\n<li>\u010cepice<\/li>\n<li>Pohodln\u00e9 kalhoty<\/li>\n<li>Turistick\u00e9 boty do lesa<\/li>\n<li>Sand\u00e1ly do jarn\u00edch oblast\u00ed.<\/li>\n<li>Plavky<\/li>\n<\/ul>\n<p>&nbsp;<\/p>\n<h4><b><i>Pickup Hotel<\/i><\/b><\/h4>\n<p>Pro tento z\u00e1jezd je nab\u00edzeno vyzvednut\u00ed v hotelu. Vyzvednut\u00ed\/doprava z va\u0161eho hotelu (oblast Barahona\/Paraiso\/Los Patos).<\/p>\n<p><b>Pozn\u00e1mka:<\/b>\u00a0If you are booked within 24 hours of the tour\/Excursion departure time, we can arrange hotel pick-up. We just pick up in Barahona areas. Once your purchase is complete, we will send you complete contact information (phone number, email address, etc.) for our local Tour guide to organize pick-up arrangements.<\/p>\n<h4><b><i>Potvrzen\u00ed dal\u0161\u00edch informac\u00ed<\/i><\/b><\/h4>\n<ol>\n<li>Vstupenky jsou \u00fa\u010dtenkou po zaplacen\u00ed tohoto z\u00e1jezdu. Platbu m\u016f\u017eete zobrazit na telefonu.<\/li>\n<li>M\u00edsto setk\u00e1n\u00ed bude p\u0159ijato po procesu rezervace.<\/li>\n<li>D\u011bti mus\u00ed b\u00fdt v doprovodu dosp\u011bl\u00e9 osoby.<\/li>\n<li>Bezbari\u00e9rov\u00fd p\u0159\u00edstup<\/li>\n<li>D\u011bti mus\u00ed sed\u011bt na kl\u00edn\u011b<\/li>\n<li>Nedoporu\u010duje se pro cestovatele s probl\u00e9my se z\u00e1dy<\/li>\n<li>Nedoporu\u010duje se t\u011bhotn\u00fdm cestovatel\u016fm<\/li>\n<li>\u017d\u00e1dn\u00e9 probl\u00e9my se srdcem ani jin\u00e9 z\u00e1va\u017en\u00e9 zdravotn\u00ed stavy<\/li>\n<li>Z\u00fa\u010dastnit se m\u016f\u017ee v\u011bt\u0161ina cestovatel\u016f<\/li>\n<\/ol>\n<h4><b><i>Storno podm\u00ednky<\/i><\/b><\/h4>\n<p>For a full refund, cancel at least 72 hours in advance of the start date of the experience. Funds will be lost if the reservation is canceled the same day of the trip.<\/p>\n<\/div>\n<\/div>\n<\/div>\n<\/div>\n<\/div>\n<\/div>\n\n\t\t<\/div>\n\t<\/div>\n<\/div><\/div><\/div><\/div><div class=\"wpb_column vc_column_container vc_col-sm-12\"><div class=\"vc_column-inner\"><div class=\"wpb_wrapper\"><\/div><\/div><\/div><div class=\"wpb_column vc_column_container vc_col-sm-12\"><div class=\"vc_column-inner\"><div class=\"wpb_wrapper\"><\/div><\/div><\/div>","protected":false},"excerpt":{"rendered":"<p>Buy a Day Pass Tickets to Bahia las Aguilas from Barahona. Driving through the national park Jaragua and heading to Cabo Rojo, where a boat awaits you. After a 15-minute ride with the boat, you will be reaching the beautiful and isolated Bah\u00eda de las \u00c1guilas, which is considered to be the most beautiful beach in the country. Lunch will be served at the beach and you have the chance to go swimming or just relax on the beach. Enjoy the pristine white sand of this 8 km long beach.<\/p>\n<p>&nbsp;<\/p>\n<p><strong>Vyberte den pro tento v\u00fdlet:<\/strong><\/p>","protected":false},"featured_media":11651,"template":"","meta":[],"product_cat":[160,847],"product_tag":[850,566,849,848],"class_list":["post-11778","product","type-product","status-publish","has-post-thumbnail","hentry","product_cat-lunch","product_cat-barahona","product_tag-barahona-hiking","product_tag-barahona-tours","product_tag-cachote-tour","product_tag-paraiso-tour"],"_links":{"self":[{"href":"https:\/\/www.boattoursamana.com\/cs\/wp-json\/wp\/v2\/product\/11778","targetHints":{"allow":["GET"]}}],"collection":[{"href":"https:\/\/www.boattoursamana.com\/cs\/wp-json\/wp\/v2\/product"}],"about":[{"href":"https:\/\/www.boattoursamana.com\/cs\/wp-json\/wp\/v2\/types\/product"}],"wp:featuredmedia":[{"embeddable":true,"href":"https:\/\/www.boattoursamana.com\/cs\/wp-json\/wp\/v2\/media\/11651"}],"wp:attachment":[{"href":"https:\/\/www.boattoursamana.com\/cs\/wp-json\/wp\/v2\/media?parent=11778"}],"wp:term":[{"taxonomy":"product_cat","embeddable":true,"href":"https:\/\/www.boattoursamana.com\/cs\/wp-json\/wp\/v2\/product_cat?post=11778"},{"taxonomy":"product_tag","embeddable":true,"href":"https:\/\/www.boattoursamana.com\/cs\/wp-json\/wp\/v2\/product_tag?post=11778"}],"curies":[{"name":"wp","href":"https:\/\/api.w.org\/{rel}","templated":true}]}}