{"id":12091,"date":"2021-02-05T16:38:28","date_gmt":"2021-02-05T16:38:28","guid":{"rendered":"https:\/\/www.ticketswhales.com\/?post_type=product&#038;p=12091"},"modified":"2023-11-07T21:00:20","modified_gmt":"2023-11-07T21:00:20","slug":"27-waterfalls-buggies-tour-puerto-plata","status":"publish","type":"product","link":"https:\/\/www.boattoursamana.com\/cs\/prohlidka\/27-vodopadu-buggies-tour-puerto-plata","title":{"rendered":"27 vodop\u00e1d\u016f Buggy (turistika a plav\u00e1n\u00ed)"},"content":{"rendered":"<div class=\"vc_row wpb_row vc_row-fluid\" ><div class=\"wpb_column vc_column_container vc_col-sm-12\"><div class=\"vc_column-inner\"><div class=\"wpb_wrapper\"><div class=\"mkdf-section-title-holder\" style=\"text-align: left\">\n\t<div class=\"mkdf-st-inner\">\n\t\t\t\t\t<h5 class=\"mkdf-st-subtitle\" >\n\t\t\t\tOb\u011bd v cen\u011b\t\t\t<\/h5>\n\t\t\t\t\t\t\t<h3 class=\"mkdf-st-title\" >\n\t\t\t\t27 Vodop\u00e1dy Buggies Tour Puerto Plata\t\t\t<\/h3>\n\t\t\t\t\t<\/div>\n<\/div><div class=\"vc_message_box vc_message_box-standard vc_message_box-rounded vc_color-info\" ><div class=\"vc_message_box-icon\"><i class=\"fas fa-info-circle\"><\/i><\/div><p>Rezervace vstupenek nebo s dopravou: <a href=\"https:\/\/www.boattoursamana.com\/cs\/?s=27+waterfalls&amp;post_type=product&amp;dgwt_wcas=1\">Klikn\u011bte zde.<\/a><\/p>\n<\/div><div class=\"vc_empty_space\"   style=\"height: 32px\"><span class=\"vc_empty_space_inner\"><\/span><\/div><\/div><\/div><\/div><\/div><div class=\"vc_row wpb_row vc_row-fluid\" ><div class=\"wpb_column vc_column_container vc_col-sm-12\"><div class=\"vc_column-inner\"><div class=\"wpb_wrapper\"><div class=\"vc_btn3-container vc_btn3-inline\" ><button class=\"vc_general vc_btn3 vc_btn3-size-md vc_btn3-shape-rounded vc_btn3-style-modern vc_btn3-color-green\">ZAREZERVOVAT HNED<\/button><\/div>\n\t<div class=\"wpb_text_column wpb_content_element\" >\n\t\t<div class=\"wpb_wrapper\">\n\t\t\t<h2 class=\"ui_header h1 attractions-product-info-ProductTitle__title--1qM0o\">27 Vodop\u00e1dy Buggies Tour Puerto Plata<\/h2>\n<p><b><i>P\u0159ehled <\/i><\/b><\/p>\n<p>Z\u00edskejte vstupenky na Buggies v Puerto Plata s nejni\u017e\u0161\u00ed cenou vodop\u00e1d\u016f Damajagua. Oblasti Damajagua s t\u00edm nejlep\u0161\u00edm <strong data-key=\"puerto plata waterfall excursion\">v\u00fdlet k vodop\u00e1du Porto Plata.\u00a0<\/strong><\/p>\n<p>Neexistuje \u017e\u00e1dn\u00fd nap\u00ednav\u011bj\u0161\u00ed zp\u016fsob, jak prozkoumat divokou dominik\u00e1nskou krajinu, ne\u017e jedna z t\u011bchto bugin na turn\u00e9 nab\u00edzen\u00e9 m\u00edstn\u00edmi obyvateli. Vydejte se na ter\u00e9nn\u00ed stezky s 27 vodop\u00e1dy a lesn\u00edmi oblastmi a zaplavte si v \u0159ece nebo na pl\u00e1\u017ei v tomto p\u016fldenn\u00edm rann\u00edm dobrodru\u017estv\u00ed.<\/p>\n<p>Po odborn\u00e9 instrukt\u00e1\u017ei je \u010das vyrazit na stezky a vydat se do p\u0159\u00edrody. Budete m\u00edjet palmov\u00e9 h\u00e1je, rustik\u00e1ln\u00ed zem\u011bd\u011blskou p\u016fdu a vesnice, kdy\u017e budete uh\u00e1n\u011bt po pra\u0161n\u00fdch stezk\u00e1ch v d\u017eungli \u2013 hodn\u011b mimo vy\u0161lapan\u00e9 cesty.<\/p>\n<p>Bude tam n\u011bkolik zast\u00e1vek, kde si m\u016f\u017eete vz\u00edt \u010derstv\u00fd kokos na cestu, pokud budete m\u00edt \u017e\u00edze\u0148. Tak\u00e9 se tak \u010di onak u\u0161pin\u00edte, tak\u017ee si vezm\u011bte plavky a zchla\u010fte se na pl\u00e1\u017ei nebo u p\u0159\u00edrodn\u00ed \u0159eky \u2013 kr\u00e1sn\u00fd zp\u016fsob, jak se opr\u00e1\u0161it. Nap\u00ednav\u00fd den si tak\u00e9 umyjete bezplatn\u00fdm ledov\u011b vychlazen\u00fdm pivem nebo koktejlem na z\u00e1kladn\u011b. Kontaktujte n\u00e1s pro na\u0161e <strong>vodop\u00e1dy Damajagua a kombinace ter\u00e9nn\u00edch buggy<\/strong> .<\/p>\n<ul>\n<li style=\"font-weight: 400;\">Poplatky v cen\u011b<\/li>\n<li>Ob\u011bd<\/li>\n<li>Ob\u010derstven\u00ed<\/li>\n<li style=\"font-weight: 400;\">M\u00edstn\u00ed pr\u016fvodce v angli\u010dtin\u011b<\/li>\n<\/ul>\n<p>&nbsp;<\/p>\n<h4><b>Zahrnut\u00ed a vylou\u010den\u00ed<\/b><\/h4>\n<p>&nbsp;<\/p>\n<p><b>Inkluze<\/b><\/p>\n<ol>\n<li>Ob\u011bd<\/li>\n<li style=\"font-weight: 400;\"><span style=\"font-weight: 400;\">V\u0161echny dan\u011b, poplatky a manipula\u010dn\u00ed poplatky<\/span><\/li>\n<li style=\"font-weight: 400;\"><span style=\"font-weight: 400;\">M\u00edstn\u00ed dan\u011b<\/span><\/li>\n<li style=\"font-weight: 400;\"><span style=\"font-weight: 400;\">N\u00e1poje<\/span><\/li>\n<li>Ob\u010derstven\u00ed<\/li>\n<li style=\"font-weight: 400;\"><span style=\"font-weight: 400;\">V\u0161echny aktivity<\/span><\/li>\n<li style=\"font-weight: 400;\"><span style=\"font-weight: 400;\">M\u00edstn\u00ed pr\u016fvodce<\/span><\/li>\n<\/ol>\n<p><b> V\u00fdluky<\/b><\/p>\n<ol>\n<li style=\"font-weight: 400;\"><span style=\"font-weight: 400;\">Spropitn\u00e9<\/span><\/li>\n<li>doprava (nastav\u00edte n\u00e1s kontaktov\u00e1n\u00edm)<\/li>\n<li style=\"font-weight: 400;\"><span style=\"font-weight: 400;\">Alkoholick\u00e9 n\u00e1poje<\/span><\/li>\n<\/ol>\n<p>&nbsp;<\/p>\n<p><em><strong>Odjezd a n\u00e1vrat<\/strong><\/em><\/p>\n<p><span style=\"font-weight: 400;\">Cestovatel z\u00edsk\u00e1 m\u00edsto setk\u00e1n\u00ed po procesu rezervace. Prohl\u00eddky za\u010d\u00ednaj\u00ed a kon\u010d\u00ed v m\u00edstech setk\u00e1n\u00ed.<\/span><\/p>\n<h4><\/h4>\n<h3 class=\"ui_header h1 attractions-product-info-ProductTitle__title--1qM0o\">27 vodop\u00e1d\u016f damajagua puerto plata v\u00fdlety v\u00fdlety<\/h3>\n<p><b><i>Co \u010dekat?<\/i><\/b><\/p>\n<div class=\"apd_content_block\" data-tab=\"TABS_OVERVIEW\"><\/div>\n<div data-tab=\"TABS_WHAT_TO_EXPECT\">\n<div class=\"ui_card attractions-card-CollapsibleProductDetailsCard__cardContainer--3r2wk attractions-card-CollapsibleProductDetailsCard__cleanslateOverrideDT--2AJh0\">\n<div class=\"attractions-card-CollapsibleCard__content--2Ws8q\">\n<div class=\"attractions-card-CollapsibleCard__contentWrap--374jk attractions-card-CollapsibleCard__titleUnderline--1uHze\">\n<div class=\"attractions-card-CollapsibleProductDetailsCard__cardContent--23ext\">\n<div class=\"common-text-ReadMore__readMore--3Iu8c common-text-ReadMore__variantFadeOut--1tInd\">\n<div class=\"common-text-ReadMore__content--2X4LR\">\n<div class=\"ui_columns is-desktop\">\n<div class=\"ui_column\">\n<p>Damajagua Buggy&#039;s<\/p>\n<p>Nastartujeme motory a vyd\u00e1me se na vzru\u0161uj\u00edc\u00ed cestu bl\u00e1tiv\u00fdmi stezkami, tropick\u00fdmi pralesy a \u0159ekami. Jedn\u00e1 se o hodinu a p\u016fl t\u00faru dlouhou 10 a\u017e 15 kilometr\u016f.<\/p>\n<p>Prvn\u00ed zast\u00e1vka bude v \u0159ece Bajabonico v Bellaco Community. Na cest\u011b si budete moci nasb\u00edrat n\u011bjak\u00e9 ovoce a dokonce sn\u00edst m\u00edstn\u00ed Patty.<\/p>\n<p>Budeme pokra\u010dovat v buggy cest\u011b do komunit Bajabonico Arriba, kde to m\u016f\u017eeme vyzkou\u0161et\u00a0 <strong>Teplota vody vodop\u00e1d\u016f Damajagua.<\/strong> Palmar Grande a Los Felix. Jakmile jedeme v r\u00e1mci t\u011bchto komunit, mus\u00edme zpomalit rychlost, proto\u017ee d\u011bti, zv\u00ed\u0159ata a m\u00edstn\u00ed lid\u00e9 \u017eij\u00ed sv\u016fj norm\u00e1ln\u00ed \u017eivot.<br \/>\nSestoup\u00edme z vozidel a budeme m\u00edt \u0161anci zaplavat si ve sladk\u00e9 vod\u011b \u0159eky!<br \/>\nNa zp\u00e1te\u010dn\u00ed cest\u011b se vyd\u00e1me po vn\u011bj\u0161\u00ed silnici, po kter\u00e9 budeme moci jednu po druh\u00e9 p\u0159ekonat a\u017e 12n\u00e1sobek \u0159eky.<br \/>\nNakonec se vr\u00e1t\u00edme na m\u00edsto setk\u00e1n\u00ed a vy se m\u016f\u017eete vr\u00e1tit na sv\u00e9 m\u00edsto a promluvit si se sv\u00fdmi p\u0159\u00e1teli o tomto nezapomenuteln\u00e9m turn\u00e9.<\/p>\n<\/div>\n<\/div>\n<\/div>\n<\/div>\n<\/div>\n<\/div>\n<\/div>\n<\/div>\n<\/div>\n<p><em><strong>Co byste m\u011bli p\u0159in\u00e9st?<\/strong><\/em><\/p>\n<ul>\n<li style=\"font-weight: 400;\"><span style=\"font-weight: 400;\">Fotoapar\u00e1t<\/span><\/li>\n<li style=\"font-weight: 400;\"><span style=\"font-weight: 400;\">Repelentn\u00ed pupeny<\/span><\/li>\n<li style=\"font-weight: 400;\"><span style=\"font-weight: 400;\">Opalovac\u00ed kr\u00e9m<\/span><\/li>\n<li style=\"font-weight: 400;\"><span style=\"font-weight: 400;\">\u010cepice<\/span><\/li>\n<li style=\"font-weight: 400;\"><span style=\"font-weight: 400;\">Pohodln\u00e9 kalhoty<\/span><\/li>\n<li style=\"font-weight: 400;\"><span style=\"font-weight: 400;\">Turistick\u00e9 boty do lesa<\/span><\/li>\n<li style=\"font-weight: 400;\"><span style=\"font-weight: 400;\">Sand\u00e1ly do jarn\u00edch oblast\u00ed.<\/span><\/li>\n<li style=\"font-weight: 400;\"><span style=\"font-weight: 400;\">Plavky<\/span><\/li>\n<\/ul>\n<p>&nbsp;<\/p>\n<h3><b><i>Vyzvednut\u00ed v hotelu:\u00a0<\/i><\/b><\/h3>\n<p><span style=\"font-weight: 400;\"><strong>Hotel vyzvednut\u00ed nen\u00ed<\/strong> nab\u00edzen\u00e9 pro tento z\u00e1jezd. Nastavili jsme vyzvednut\u00ed tak, \u017ee n\u00e1s kontaktujete p\u0159es Whatsapp. V p\u0159\u00edpad\u011b, \u017ee p\u0159ich\u00e1z\u00edte, m\u00e1me nab\u00eddky <strong>jantarov\u00e1 z\u00e1toka 27 vodop\u00e1d\u016f.\u00a0<\/strong><\/span><\/p>\n<p>&nbsp;<\/p>\n<p><b>Pozn\u00e1mka:<\/b><span style=\"font-weight: 400;\"> pokud prov\u00e1d\u00edte rezervaci do 24 hodin od \u010dasu odjezdu z\u00e1jezdu\/exkurze, m\u016f\u017eeme za\u0159\u00eddit vyzvednut\u00ed v hotelu za p\u0159\u00edplatek. Jakmile bude v\u00e1\u0161 n\u00e1kup dokon\u010den, za\u0161leme v\u00e1m kompletn\u00ed kontaktn\u00ed informace (telefonn\u00ed \u010d\u00edslo, e-mailovou adresu atd.) pro na\u0161eho m\u00edstn\u00edho pr\u016fvodce, abychom mohli zajistit vyzvednut\u00ed.<\/span><\/p>\n<p><b><i>Potvrzen\u00ed dal\u0161\u00edch informac\u00ed <\/i><\/b><\/p>\n<ol>\n<li>Vstupenky jsou \u00fa\u010dtenkou po zaplacen\u00ed tohoto z\u00e1jezdu. Platbu m\u016f\u017eete zobrazit na telefonu.<\/li>\n<li style=\"font-weight: 400;\"><span style=\"font-weight: 400;\">M\u00edsto setk\u00e1n\u00ed bude obdr\u017eeno po procesu rezervace.<\/span><\/li>\n<li style=\"font-weight: 400;\"><span style=\"font-weight: 400;\">D\u011bti mus\u00ed b\u00fdt v doprovodu dosp\u011bl\u00e9 osoby.<\/span><\/li>\n<li style=\"font-weight: 400;\"><span style=\"font-weight: 400;\"> Bezbari\u00e9rov\u00fd p\u0159\u00edstup <\/span><\/li>\n<li style=\"font-weight: 400;\"><span style=\"font-weight: 400;\">D\u011bti mus\u00ed sed\u011bt na kl\u00edn\u011b <\/span><\/li>\n<li style=\"font-weight: 400;\"><span style=\"font-weight: 400;\">Nedoporu\u010duje se pro cestovatele s probl\u00e9my se z\u00e1dy<\/span><\/li>\n<li style=\"font-weight: 400;\"><span style=\"font-weight: 400;\">Nedoporu\u010duje se t\u011bhotn\u00fdm cestovatel\u016fm <\/span><\/li>\n<li style=\"font-weight: 400;\"><span style=\"font-weight: 400;\"> \u017d\u00e1dn\u00e9 probl\u00e9my se srdcem ani jin\u00e9 z\u00e1va\u017en\u00e9 zdravotn\u00ed stavy <\/span><\/li>\n<li style=\"font-weight: 400;\"><span style=\"font-weight: 400;\">Z\u00fa\u010dastnit se m\u016f\u017ee v\u011bt\u0161ina cestovatel\u016f<\/span><\/li>\n<\/ol>\n<h4><b><i>Storno podm\u00ednky<\/i><\/b><\/h4>\n<p>Chcete-li z\u00edskat plnou n\u00e1hradu, p\u0159e\u010dt\u011bte si na\u0161e storno podm\u00ednky\u00a0<a href=\"https:\/\/www.boattoursamana.com\/cs\/online-rezervace\/\" target=\"_blank\" rel=\"noopener\" data-saferedirecturl=\"https:\/\/www.google.com\/url?q=https:\/\/www.boattoursamana.com\/online-booking\/&amp;source=gmail&amp;ust=1672449202351000&amp;usg=AOvVaw1yAeVAPktmaVCqDujgUn90\">Klikn\u011bte zde<\/a>. Prost\u0159edky budou ztraceny, pokud bude rezervace zru\u0161ena ve stejn\u00fd den cesty.<\/p>\n<p>&nbsp;<\/p>\n<p><em><strong>Lid\u00e9 tak\u00e9 hledaj\u00ed:\u00a0<\/strong><\/em><\/p>\n<p>p\u0159ehled inclusions v\u00fdluky odjezd<\/p>\n<p>inkluze v\u00fdluky odchod n\u00e1vrat<\/p>\n<p>\u00famrt\u00ed vodop\u00e1d\u016f Damajagua<\/p>\n<p>Smrt 27 vodop\u00e1d\u016f Dominik\u00e1nsk\u00e1 republika<\/p>\n<p>Cena vodop\u00e1d\u016f Damajagua<\/p>\n<p>&nbsp;<\/p>\n\n\t\t<\/div>\n\t<\/div>\n<\/div><\/div><\/div><\/div><div class=\"vc_row wpb_row vc_row-fluid\" ><div class=\"wpb_column vc_column_container vc_col-sm-12\"><div class=\"vc_column-inner\"><div class=\"wpb_wrapper\"><div class=\"vc_btn3-container vc_btn3-inline\" ><button class=\"vc_general vc_btn3 vc_btn3-size-md vc_btn3-shape-rounded vc_btn3-style-modern vc_btn3-color-green\">ZAREZERVOVAT HNED<\/button><\/div>\n\t<div class=\"wpb_video_widget wpb_content_element vc_clearfix   vc_video-aspect-ratio-169 vc_video-el-width-100 vc_video-align-left\" >\n\t\t<div class=\"wpb_wrapper\">\n\t\t\t<h2 class=\"wpb_heading wpb_video_heading\">Prohl\u00eddka 27 vodop\u00e1d\u016f Damajagua z Puerto Plata:<\/h2>\n\t\t\t<div class=\"wpb_video_wrapper\"><iframe loading=\"lazy\" title=\"27 vodop\u00e1d\u016f Damajagua od Booking Adventures &amp; Travel Dominik\u00e1nsk\u00e1 republika\" width=\"1100\" height=\"619\" src=\"https:\/\/www.youtube.com\/embed\/AVNh_we_RQE?start=17&feature=oembed\" frameborder=\"0\" allow=\"accelerometer; autoplay; encrypted-media; gyroscope; picture-in-picture\" allowfullscreen><\/iframe><\/div>\n\t\t<\/div>\n\t<\/div>\n<\/div><\/div><\/div><\/div><div class=\"vc_row wpb_row vc_row-fluid\" ><\/div><div class=\"wpb_column vc_column_container vc_col-sm-12\"><div class=\"vc_column-inner\"><div class=\"wpb_wrapper\"><\/div><\/div><\/div><div class=\"vc_empty_space\"   style=\"height: 32px\"><span class=\"vc_empty_space_inner\"><\/span><\/div><div class=\"vc_empty_space\"   style=\"height: 32px\"><span class=\"vc_empty_space_inner\"><\/span><\/div><div class=\"vc_row wpb_row vc_row-fluid\" ><div class=\"wpb_column vc_column_container vc_col-sm-12\"><div class=\"vc_column-inner\"><div class=\"wpb_wrapper\"><div class=\"vc_btn3-container vc_btn3-inline\" ><button class=\"vc_general vc_btn3 vc_btn3-size-md vc_btn3-shape-rounded vc_btn3-style-modern vc_btn3-color-green\">ZAREZERVOVAT HNED<\/button><\/div><\/div><\/div><\/div><\/div>","protected":false},"excerpt":{"rendered":"<p>Tento v\u00fdlet z 27 vodop\u00e1d\u016f Damajagua v Puerto Plata, ob\u011bd a prohl\u00eddka 27 vodop\u00e1d\u016f, t\u00fara a skok k \u0159ece.<\/p>\n<p>Ekologick\u00fd v\u00fdlet k 27 vodop\u00e1d\u016fm Puerto Plata. Z\u00edskejte vstupenky na p\u016fldenn\u00ed prohl\u00eddku zde u vodop\u00e1du Damajagua 27. Vstupenky s ob\u011bdem a exkurz\u00ed zahrnuj\u00ed sk\u00e1k\u00e1n\u00ed a koup\u00e1n\u00ed v nejkr\u00e1sn\u011bj\u0161\u00edch vodop\u00e1dech v Dominik\u00e1nsk\u00e9 republice. P\u011b\u0161\u00ed turistika a plav\u00e1n\u00ed s bezpe\u010dnostn\u00edm vybaven\u00edm pro ty nejlep\u0161\u00ed z\u00e1\u017eitky!<\/p>\n<p><strong><span style=\"vertical-align: inherit;\"><span style=\"vertical-align: inherit;\"><span style=\"vertical-align: inherit;\"><span style=\"vertical-align: inherit;\">Seleccione la fecha para el Tour:\u00a0<\/span><\/span><\/span><\/span><\/strong><\/p>","protected":false},"featured_media":12093,"template":"","meta":[],"product_cat":[283,947,864,159,253,252],"product_tag":[405,865,403,402,285,407],"class_list":["post-12091","product","type-product","status-publish","has-post-thumbnail","hentry","product_cat-damajagua","product_cat-1-puerto-plata","product_cat-buggies-puerto-plata","product_cat-fees-entrace","product_cat-tours-and-excursions","product_cat-waterfalls","product_tag-amber-cove-excursions","product_tag-buggies-puerto-plata","product_tag-damajagua-national-park","product_tag-how-to-get-to-27-waterfalls-from-puerto-plata","product_tag-puerto-plata","product_tag-things-to-do-in-amber-cove"],"_links":{"self":[{"href":"https:\/\/www.boattoursamana.com\/cs\/wp-json\/wp\/v2\/product\/12091","targetHints":{"allow":["GET"]}}],"collection":[{"href":"https:\/\/www.boattoursamana.com\/cs\/wp-json\/wp\/v2\/product"}],"about":[{"href":"https:\/\/www.boattoursamana.com\/cs\/wp-json\/wp\/v2\/types\/product"}],"wp:featuredmedia":[{"embeddable":true,"href":"https:\/\/www.boattoursamana.com\/cs\/wp-json\/wp\/v2\/media\/12093"}],"wp:attachment":[{"href":"https:\/\/www.boattoursamana.com\/cs\/wp-json\/wp\/v2\/media?parent=12091"}],"wp:term":[{"taxonomy":"product_cat","embeddable":true,"href":"https:\/\/www.boattoursamana.com\/cs\/wp-json\/wp\/v2\/product_cat?post=12091"},{"taxonomy":"product_tag","embeddable":true,"href":"https:\/\/www.boattoursamana.com\/cs\/wp-json\/wp\/v2\/product_tag?post=12091"}],"curies":[{"name":"wp","href":"https:\/\/api.w.org\/{rel}","templated":true}]}}