{"id":12214,"date":"2021-03-03T18:41:33","date_gmt":"2021-03-03T18:41:33","guid":{"rendered":"https:\/\/www.ticketswhales.com\/?post_type=product&#038;p=12214"},"modified":"2023-11-07T20:57:34","modified_gmt":"2023-11-07T20:57:34","slug":"tainos-canoe-in-los-haitises-national-park","status":"publish","type":"product","link":"https:\/\/www.boattoursamana.com\/cs\/prohlidka\/tainos-kanoe-in-los-haitises-national-park","title":{"rendered":"Taino k\u00e1noe Los Haitises"},"content":{"rendered":"<div class=\"vc_row wpb_row vc_row-fluid\" ><div class=\"wpb_column vc_column_container vc_col-sm-12\"><div class=\"vc_column-inner\"><div class=\"wpb_wrapper\"><div class=\"vc_empty_space\"   style=\"height: 32px\"><span class=\"vc_empty_space_inner\"><\/span><\/div><\/div><\/div><\/div><\/div><div class=\"vc_row wpb_row vc_row-fluid\" ><div class=\"wpb_column vc_column_container vc_col-sm-12\"><div class=\"vc_column-inner\"><div class=\"wpb_wrapper\"><div class=\"mkdf-section-title-holder\" style=\"text-align: left\">\n\t<div class=\"mkdf-st-inner\">\n\t\t\t\t\t<h5 class=\"mkdf-st-subtitle\" >\n\t\t\t\tDobrodru\u017estv\u00ed na k\u00e1no\u00edch\t\t\t<\/h5>\n\t\t\t\t\t\t\t<h3 class=\"mkdf-st-title\" >\n\t\t\t\tTaino k\u00e1noe v n\u00e1rodn\u00edm parku Los Haitises\t\t\t<\/h3>\n\t\t\t\t\t<\/div>\n<\/div><\/div><\/div><\/div><\/div><div class=\"vc_row wpb_row vc_row-fluid\" ><div class=\"wpb_column vc_column_container vc_col-sm-12\"><div class=\"vc_column-inner\"><div class=\"wpb_wrapper\"><div class=\"vc_empty_space\"   style=\"height: 32px\"><span class=\"vc_empty_space_inner\"><\/span><\/div><\/div><\/div><\/div><\/div><div class=\"vc_row wpb_row vc_row-fluid\" ><div class=\"wpb_column vc_column_container vc_col-sm-12\"><div class=\"vc_column-inner\"><div class=\"wpb_wrapper\"><div class=\"vc_btn3-container vc_btn3-inline\" ><button class=\"vc_general vc_btn3 vc_btn3-size-md vc_btn3-shape-rounded vc_btn3-style-modern vc_btn3-color-green\">ZAREZERVOVAT HNED<\/button><\/div>\n\t<div class=\"wpb_text_column wpb_content_element\" >\n\t\t<div class=\"wpb_wrapper\">\n\t\t\t<h4><b><i>P\u0159ehled <\/i><\/b><\/h4>\n<p><span style=\"font-weight: 400;\">Zaj\u00edm\u00e1 v\u00e1s ka\u017edodenn\u00ed \u017eivot Tainos? S aktivitou Taino Adventure se p\u0159enesete zp\u011bt v \u010dase a za\u017eijete sv\u011bt domorod\u00fdch obyvatel Dominik\u00e1nsk\u00e9 republiky.\u00a0<\/span><\/p>\n<p><span style=\"font-weight: 400;\">Kanoe byla pravd\u011bpodobn\u011b nejd\u016fle\u017eit\u011bj\u0161\u00ed sou\u010d\u00e1st\u00ed \u017eivota Tainos. S n\u00edm ryba\u0159ili, cestovali na men\u0161\u00ed ostrovy, komunikovali s jin\u00fdmi kmeny a nav\u0161t\u011bvovali \u0161amany kv\u016fli ritu\u00e1l\u016fm, l\u00e9\u010den\u00ed a prorokov\u00e1n\u00ed. V Booking Adventures v\u00e1s chceme pono\u0159it do sv\u011bta Tainos.\u00a0 <\/span><\/p>\n<p>&nbsp;<\/p>\n<h4><b>Zahrnut\u00ed a vylou\u010den\u00ed<\/b><\/h4>\n<p><b>Inkluze<\/b><\/p>\n<ol>\n<li style=\"font-weight: 400;\">V\u00fdlet na k\u00e1no\u00edch<\/li>\n<li>Zdarma tri\u010dko s Tainov\u00fdm piktogramem<\/li>\n<li>Chu\u0165 chleba Casabe<\/li>\n<li>Prohl\u00eddky jeskyn\u00ed<\/li>\n<li style=\"font-weight: 400;\"><span style=\"font-weight: 400;\">V\u0161echny dan\u011b, poplatky a manipula\u010dn\u00ed poplatky<\/span><\/li>\n<li style=\"font-weight: 400;\"><span style=\"font-weight: 400;\">M\u00edstn\u00ed dan\u011b<\/span><\/li>\n<li style=\"font-weight: 400;\"><span style=\"font-weight: 400;\">M\u00edstn\u00ed pr\u016fvodce<\/span><\/li>\n<\/ol>\n<p><b> V\u00fdluky<\/b><\/p>\n<ol>\n<li style=\"font-weight: 400;\"><span style=\"font-weight: 400;\">Spropitn\u00e9<\/span><\/li>\n<li style=\"font-weight: 400;\"><span style=\"font-weight: 400;\">P\u0159evod<\/span><\/li>\n<li>Ob\u011bd nen\u00ed v cen\u011b<\/li>\n<li style=\"font-weight: 400;\"><span style=\"font-weight: 400;\">Alkoholick\u00e9 n\u00e1poje<\/span><\/li>\n<\/ol>\n<p>&nbsp;<\/p>\n<h4><em><strong>Odjezd a n\u00e1vrat<\/strong><\/em><\/h4>\n<p><span style=\"font-weight: 400;\">Cestovatel z\u00edsk\u00e1 m\u00edsto setk\u00e1n\u00ed po procesu rezervace. Prohl\u00eddky za\u010d\u00ednaj\u00ed a kon\u010d\u00ed na na\u0161ich m\u00edstech setk\u00e1n\u00ed.<\/span><\/p>\n<h4><b><i>Co \u010dekat?<\/i><\/b><\/h4>\n<p><span style=\"font-weight: 400;\">V t\u00e9to aktivit\u011b se vyd\u00e1te na ru\u010dn\u011b vyr\u00e1b\u011bn\u00e9 k\u00e1noe, stejn\u011b jako to d\u011blali Tainos. Usly\u0161\u00edte mnoho zvuk\u016f, kter\u00e9 poznamenaly jejich spojen\u00ed s p\u0159\u00edrodou: vol\u00e1n\u00ed je\u0159\u00e1b\u016f, pono\u0159en\u00ed krab\u016f do vody a jemn\u00e9 plesk\u00e1n\u00ed vln o p\u0159\u00edrodn\u00ed skaln\u00ed \u00fatvary. Oblouky mangrovov\u00fdch ko\u0159en\u016f v\u00e1m budou p\u0159ipom\u00ednat katedr\u00e1ly a skute\u010dn\u011b, Tainos (a\u010d nem\u011bli kostely) byli hluboce duchovn\u00ed. Jakmile se vyd\u00e1te s na\u0161\u00edm pr\u016fvodcem, u\u017eijete si bohatou \u0161k\u00e1lu pt\u00e1k\u016f, plaz\u016f a ryb mangrovov\u00fdch porost\u016f. Oslnilo jisk\u0159\u00edc\u00ed vlny mrkaj\u00edc\u00ed v rann\u00edm sv\u011btle, hory Saman\u00e1 v d\u00e1lce a smaragdov\u011b zele\u0148 kym\u00e1cej\u00edc\u00edch se palem.\u00a0\u00a0<\/span><\/p>\n<p><span style=\"font-weight: 400;\">D\u00e1le budete moci nav\u0161t\u00edvit n\u011bkter\u00e9 z jeskyn\u00ed, kter\u00e9 byly pro Tainos obzvl\u00e1\u0161t\u011b d\u016fle\u017eit\u00e9. Cestovali z jeskyn\u011b do jeskyn\u011b, nav\u0161t\u011bvovali moudr\u00e9 mu\u017ee, ukr\u00fdvali se p\u0159ed hurik\u00e1ny a jako m\u00edsta setk\u00e1n\u00ed s jin\u00fdmi kmeny. Jakmile budete v jeskyn\u00edch, budete moci ocenit ticho a posv\u00e1tnou auru vesm\u00edru. Uvid\u00edte n\u011bkter\u00e9 ze skaln\u00edch rytin, naz\u00fdvan\u00fdch petroglyfy, kter\u00e9 p\u0159edstavuj\u00ed jejich bo\u017estva a duchy. Nakonec budete moci ochutnat n\u011bco ze stejn\u00e9ho tropick\u00e9ho ovoce, kter\u00e9 nasb\u00edral Ta\u00ednos, ne\u017e se vyd\u00e1te zp\u011bt na m\u00edsto setk\u00e1n\u00ed.\u00a0<\/span><\/p>\n<p><span style=\"font-weight: 400;\">V t\u00e9to prohl\u00eddce na\u0161i odborn\u00ed pr\u016fvodci pop\u00ed\u0161\u00ed mnoho zp\u016fsob\u016f vyu\u017eit\u00ed k\u00e1noe, jak \u017eili Tainos p\u0159ed Kolumbovou dobou a jak je mangrovov\u00fd les nezbytn\u00fd pro zdrav\u00ed \u017eivotn\u00edho prost\u0159ed\u00ed.\u00a0<\/span><\/p>\n<p>&nbsp;<\/p>\n<h4><em><strong>Co byste m\u011bli p\u0159in\u00e9st?<\/strong><\/em><\/h4>\n<ul>\n<li style=\"font-weight: 400;\"><span style=\"font-weight: 400;\">Fotoapar\u00e1t<\/span><\/li>\n<li style=\"font-weight: 400;\"><span style=\"font-weight: 400;\">Repelentn\u00ed pupeny<\/span><\/li>\n<li style=\"font-weight: 400;\"><span style=\"font-weight: 400;\">opalovac\u00ed kr\u00e9m<\/span><\/li>\n<li style=\"font-weight: 400;\"><span style=\"font-weight: 400;\">\u010cepice<\/span><\/li>\n<li style=\"font-weight: 400;\"><span style=\"font-weight: 400;\">Pohodln\u00e9 kalhoty<\/span><\/li>\n<li style=\"font-weight: 400;\"><span style=\"font-weight: 400;\">Sand\u00e1ly nebo boty do bahnit\u00fdch oblast\u00ed.\u00a0<\/span><\/li>\n<li style=\"font-weight: 400;\"><span style=\"font-weight: 400;\">Plavky<\/span><\/li>\n<\/ul>\n<p>&nbsp;<\/p>\n<h4><b><i>Hotel vyzvednut\u00ed <\/i><\/b><\/h4>\n<p><span style=\"font-weight: 400;\">Vyzvednut\u00ed v hotelu nen\u00ed pro tento z\u00e1jezd nab\u00edzeno. <\/span><\/p>\n<p><b>Pozn\u00e1mka:<\/b><span style=\"font-weight: 400;\"> pokud prov\u00e1d\u00edte rezervaci do 24 hodin od \u010dasu odjezdu z\u00e1jezdu\/exkurze, m\u016f\u017eeme za\u0159\u00eddit vyzvednut\u00ed v hotelu za p\u0159\u00edplatek. Jakmile bude v\u00e1\u0161 n\u00e1kup dokon\u010den, za\u0161leme v\u00e1m kompletn\u00ed kontaktn\u00ed informace (telefonn\u00ed \u010d\u00edslo, e-mailovou adresu atd.) pro na\u0161eho m\u00edstn\u00edho pr\u016fvodce, abychom mohli zajistit vyzvednut\u00ed.<\/span><\/p>\n<h4><b><i>Potvrzen\u00ed dal\u0161\u00edch informac\u00ed <\/i><\/b><\/h4>\n<ol>\n<li>Vstupenky jsou \u00fa\u010dtenkou po zaplacen\u00ed tohoto z\u00e1jezdu. Platbu m\u016f\u017eete zobrazit na telefonu.<\/li>\n<li style=\"font-weight: 400;\"><span style=\"font-weight: 400;\">M\u00edsto setk\u00e1n\u00ed bude obdr\u017eeno po procesu rezervace.<\/span><\/li>\n<li style=\"font-weight: 400;\"><span style=\"font-weight: 400;\">D\u011bti mus\u00ed b\u00fdt v doprovodu dosp\u011bl\u00e9 osoby.<\/span><\/li>\n<li style=\"font-weight: 400;\"><span style=\"font-weight: 400;\"> Bezbari\u00e9rov\u00fd p\u0159\u00edstup <\/span><\/li>\n<li style=\"font-weight: 400;\"><span style=\"font-weight: 400;\">D\u011bti mus\u00ed sed\u011bt na kl\u00edn\u011b <\/span><\/li>\n<li style=\"font-weight: 400;\"><span style=\"font-weight: 400;\">Nedoporu\u010duje se pro cestovatele s probl\u00e9my se z\u00e1dy<\/span><\/li>\n<li style=\"font-weight: 400;\"><span style=\"font-weight: 400;\">Nedoporu\u010duje se t\u011bhotn\u00fdm cestovatel\u016fm <\/span><\/li>\n<li style=\"font-weight: 400;\"><span style=\"font-weight: 400;\"> \u017d\u00e1dn\u00e9 probl\u00e9my se srdcem ani jin\u00e9 z\u00e1va\u017en\u00e9 zdravotn\u00ed stavy <\/span><\/li>\n<li style=\"font-weight: 400;\"><span style=\"font-weight: 400;\">Z\u00fa\u010dastnit se m\u016f\u017ee v\u011bt\u0161ina cestovatel\u016f<\/span><\/li>\n<\/ol>\n<h4><b><i>Storno podm\u00ednky<\/i><\/b><\/h4>\n<p>Chcete-li z\u00edskat plnou n\u00e1hradu, p\u0159e\u010dt\u011bte si na\u0161e storno podm\u00ednky\u00a0<a href=\"https:\/\/www.boattoursamana.com\/cs\/online-rezervace\/\" target=\"_blank\" rel=\"noopener\" data-saferedirecturl=\"https:\/\/www.google.com\/url?q=https:\/\/www.boattoursamana.com\/online-booking\/&amp;source=gmail&amp;ust=1672449202351000&amp;usg=AOvVaw1yAeVAPktmaVCqDujgUn90\">Klikn\u011bte zde<\/a>. Prost\u0159edky budou ztraceny, pokud bude rezervace zru\u0161ena ve stejn\u00fd den cesty.<\/p>\n\n\t\t<\/div>\n\t<\/div>\n<\/div><\/div><\/div><\/div><div class=\"vc_row wpb_row vc_row-fluid\" ><div class=\"wpb_column vc_column_container vc_col-sm-12\"><div class=\"vc_column-inner\"><div class=\"wpb_wrapper\"><div class=\"vc_empty_space\"   style=\"height: 32px\"><span class=\"vc_empty_space_inner\"><\/span><\/div>\n\t<div class=\"wpb_text_column wpb_content_element\" >\n\t\t<div class=\"wpb_wrapper\">\n\t\t\t<h4>Kontaktujte n\u00e1s?<\/h4>\n<h5>Rezervace dobrodru\u017estv\u00ed<\/h5>\n<p><em><strong>M\u00edstn\u00ed obyvatel\u00e9<\/strong>\u00a0a\u00a0<strong>st\u00e1tn\u00ed p\u0159\u00edslu\u0161n\u00edci<\/strong>\u00a0Pr\u016fvodci a slu\u017eby pro hosty<\/em><\/p>\n<p><span class=\"text-turquoise\">Rezervace:<\/span>\u00a0Prohl\u00eddky a exkurze v Dom. Rep.<\/p>\n<p><img decoding=\"async\" class=\"emoji\" draggable=\"false\" src=\"https:\/\/s.w.org\/images\/core\/emoji\/11.2.0\/svg\/1f4de.svg\" alt=\"\ud83d\udcde\" title=\"\">\u00a0Tel \/ Whatsapp\u00a0\u00a0<a href=\"tel:+1-809-720-6035\">+1-809-720-6035<\/a>.<\/p>\n<p><img decoding=\"async\" class=\"emoji\" draggable=\"false\" src=\"https:\/\/s.w.org\/images\/core\/emoji\/11.2.0\/svg\/1f4e9.svg\" alt=\"\ud83d\udce9\" title=\"\">\u00a0<a href=\"mailto:info@bookingadventures.com.do\">info@bookingadventures.com.do<\/a><\/p>\n<p><strong>Flexibiln\u011b nastavujeme soukrom\u00e9 prohl\u00eddky od Whatsapp:\u00a0<a href=\"tel:+18097206035\">+18097206035.<\/a><\/strong><\/p>\n\n\t\t<\/div>\n\t<\/div>\n<div class=\"vc_empty_space\"   style=\"height: 32px\"><span class=\"vc_empty_space_inner\"><\/span><\/div><\/div><\/div><\/div><\/div><div class=\"vc_row wpb_row vc_row-fluid\" ><div class=\"wpb_column vc_column_container vc_col-sm-12\"><div class=\"vc_column-inner\"><div class=\"wpb_wrapper\"><div class=\"vc_btn3-container vc_btn3-inline\" ><button class=\"vc_general vc_btn3 vc_btn3-size-md vc_btn3-shape-rounded vc_btn3-style-modern vc_btn3-color-green\">ZAREZERVOVAT HNED<\/button><\/div><\/div><\/div><\/div><\/div>","protected":false},"excerpt":{"rendered":"<p><span style=\"font-weight: 400;\">V t\u00e9to aktivit\u011b se vyd\u00e1te na ru\u010dn\u011b vyr\u00e1b\u011bn\u00e9 k\u00e1noe, stejn\u011b jako to d\u011blali Tainos. Usly\u0161\u00edte mnoho zvuk\u016f, kter\u00e9 poznamenaly jejich spojen\u00ed s p\u0159\u00edrodou: vol\u00e1n\u00ed je\u0159\u00e1b\u016f, pono\u0159en\u00ed krab\u016f do vody a jemn\u00e9 plesk\u00e1n\u00ed vln o p\u0159\u00edrodn\u00ed skaln\u00ed \u00fatvary. Oblouky mangrovov\u00fdch ko\u0159en\u016f v\u00e1m budou p\u0159ipom\u00ednat katedr\u00e1ly a skute\u010dn\u011b, Tainos (a\u010d nem\u011bli kostely) byli hluboce duchovn\u00ed. Jakmile se vyd\u00e1te s na\u0161\u00edm pr\u016fvodcem, u\u017eijete si bohatou \u0161k\u00e1lu pt\u00e1k\u016f, plaz\u016f a ryb mangrovov\u00fdch porost\u016f. Oslnilo jisk\u0159\u00edc\u00ed vlny mrkaj\u00edc\u00ed v rann\u00edm sv\u011btle, hory Saman\u00e1 v d\u00e1lce a smaragdov\u011b zele\u0148 kym\u00e1cej\u00edc\u00edch se palem.\u00a0 <\/span><\/p>\n<p>&nbsp;<\/p>\n<p><strong>Vyberte pros\u00edm datum turn\u00e9:<\/strong><\/p>","protected":false},"featured_media":12220,"template":"","meta":[],"product_cat":[838,946,867,926,254,255],"product_tag":[176,211,868,869,192,319,208,206,207,171,209,426,837,327,175,199,200],"class_list":["post-12214","product","type-product","status-publish","has-post-thumbnail","hentry","product_cat-mangroves-projects","product_cat-1-sabana-de-la-mar","product_cat-los-haitises","product_cat-tainos-canoes","product_cat-tours-excursions-los-haitises-national-park","product_cat-tours-excursions-samana-bay-dominican-republic","product_tag-cano-hondo","product_tag-cano-hondo-hotel","product_tag-canoes","product_tag-canoes-dominican-republic","product_tag-day-tour-cano-hondo","product_tag-kayak-dominican-republic","product_tag-kayaking-dominican-republic","product_tag-kayaking-los-haitises","product_tag-kayaks","product_tag-los-haitises","product_tag-los-haitises-national-park","product_tag-los-haitises-tours","product_tag-mangroves-reforestation-in-los-haitises-with-locals","product_tag-private-tours-samana","product_tag-sabana-de-la-mar","product_tag-samana-bay","product_tag-samana-excursions"],"_links":{"self":[{"href":"https:\/\/www.boattoursamana.com\/cs\/wp-json\/wp\/v2\/product\/12214","targetHints":{"allow":["GET"]}}],"collection":[{"href":"https:\/\/www.boattoursamana.com\/cs\/wp-json\/wp\/v2\/product"}],"about":[{"href":"https:\/\/www.boattoursamana.com\/cs\/wp-json\/wp\/v2\/types\/product"}],"wp:featuredmedia":[{"embeddable":true,"href":"https:\/\/www.boattoursamana.com\/cs\/wp-json\/wp\/v2\/media\/12220"}],"wp:attachment":[{"href":"https:\/\/www.boattoursamana.com\/cs\/wp-json\/wp\/v2\/media?parent=12214"}],"wp:term":[{"taxonomy":"product_cat","embeddable":true,"href":"https:\/\/www.boattoursamana.com\/cs\/wp-json\/wp\/v2\/product_cat?post=12214"},{"taxonomy":"product_tag","embeddable":true,"href":"https:\/\/www.boattoursamana.com\/cs\/wp-json\/wp\/v2\/product_tag?post=12214"}],"curies":[{"name":"wp","href":"https:\/\/api.w.org\/{rel}","templated":true}]}}