{"id":12429,"date":"2021-03-22T09:20:50","date_gmt":"2021-03-22T09:20:50","guid":{"rendered":"https:\/\/www.ticketswhales.com\/?post_type=product&#038;p=12429"},"modified":"2023-11-07T20:41:22","modified_gmt":"2023-11-07T20:41:22","slug":"los-haitises-mountain-bike-private-boat-trip","status":"publish","type":"product","link":"https:\/\/www.boattoursamana.com\/cs\/prohlidka\/los-haitises-horske-kolo-soukromy-vylet-lodi","title":{"rendered":"Horsk\u00e9 kolo Los Haitises + soukrom\u00fd v\u00fdlet lod\u00ed"},"content":{"rendered":"<div class=\"wpb_column vc_column_container vc_col-sm-12\"><div class=\"vc_column-inner\"><div class=\"wpb_wrapper\"><\/div><\/div><\/div><div class=\"wpb_column vc_column_container vc_col-sm-12\"><div class=\"vc_column-inner\"><div class=\"wpb_wrapper\"><\/div><\/div><\/div><div class=\"wpb_column vc_column_container vc_col-sm-12\"><div class=\"vc_column-inner\"><div class=\"wpb_wrapper\"><\/div><\/div><\/div><div class=\"wpb_column vc_column_container vc_col-sm-12\"><div class=\"vc_column-inner\"><div class=\"wpb_wrapper\"><\/div><\/div><\/div><div class=\"vc_row wpb_row vc_row-fluid\" ><div class=\"wpb_column vc_column_container vc_col-sm-12\"><div class=\"vc_column-inner\"><div class=\"wpb_wrapper\">\n\t<div class=\"wpb_text_column wpb_content_element\" >\n\t\t<div class=\"wpb_wrapper\">\n\t\t\t<div class=\"vc_row wpb_row vc_row-fluid\">\n<div class=\"wpb_column vc_column_container vc_col-sm-12\">\n<div class=\"vc_column-inner\">\n<div class=\"wpb_wrapper\">\n<div class=\"mkdf-section-title-holder\">\n<div class=\"mkdf-st-inner\">\n<h5 class=\"mkdf-st-subtitle\">Kolo, mangrovy, v\u00fdlet lod\u00ed, jeskyn\u011b a dal\u0161\u00ed.<\/h5>\n<h3 class=\"mkdf-st-title\">Horsk\u00e9 kolo Los Haitises + soukrom\u00fd v\u00fdlet lod\u00ed<\/h3>\n<\/div>\n<\/div>\n<\/div>\n<\/div>\n<\/div>\n<\/div>\n<div class=\"vc_row wpb_row vc_row-fluid\">\n<div class=\"wpb_column vc_column_container vc_col-sm-12\">\n<div class=\"vc_column-inner\">\n<div class=\"wpb_wrapper\">\n<div class=\"vc_empty_space\"><\/div>\n<\/div>\n<\/div>\n<\/div>\n<\/div>\n<div class=\"vc_row wpb_row vc_row-fluid\">\n<div class=\"wpb_column vc_column_container vc_col-sm-12\">\n<div class=\"vc_column-inner\">\n<div class=\"wpb_wrapper\">\n<div class=\"wpb_text_column wpb_content_element\">\n<div class=\"wpb_wrapper\">\n<h5><strong>P\u0159ehled<\/strong><\/h5>\n<p>Cestujte s m\u00edstn\u00edm odborn\u00edkem a z\u00edskejte jedine\u010dn\u00fd z\u00e1\u017eitek z j\u00edzdy na kole po\u010d\u00ednaje Sabana de la Mar, tato prohl\u00eddka v\u00e1s provede kolem a uvid\u00edte kr\u00e1snou krajinu venkova Dominik\u00e1nsk\u00e9 republiky. Kdy\u017e budete jezdit na kole, budete moci pozdravit! farm\u00e1\u0159i jedouc\u00ed na kon\u00edch nebo na motorce na sv\u016fj pozemek a b\u011bhem prohl\u00eddky se budete moci vyno\u0159it v dobrodru\u017estv\u00ed a m\u00edstn\u00ed kultu\u0159e ze Sabana de la Mar. N\u011bkolik fakt\u016f o Los Haitises: je jedn\u00edm z nejv\u011bt\u0161\u00edch v\u00e1pencov\u00fdch \u00fatvar\u016f na sv\u011bt\u011b, a m\u00edsto pro ochranu endemick\u00fdch druh\u016f, lokalita s v\u011bt\u0161inou biologick\u00e9 rozmanitosti ostrova a je zde jeden z nejv\u011bt\u0161\u00edch mangrovov\u00fdch les\u016f Quisqueya.<\/p>\n<p>&nbsp;<\/p>\n<p><strong>Zahrnut\u00ed a vylou\u010den\u00ed<\/strong><\/p>\n<p>&nbsp;<\/p>\n<p><strong>Inkluze<\/strong><\/p>\n<p>J\u00edzda na kole<\/p>\n<p>V\u00fdlet lod\u00ed<\/p>\n<p>Ob\u010derstven\u00ed<\/p>\n<p>1 L\u00e1hev na vodu<\/p>\n<p>Souprava prvn\u00ed pomoci<\/p>\n<p>V\u0161echny dan\u011b, poplatky a manipula\u010dn\u00ed poplatky<\/p>\n<p>M\u00edstn\u00ed dan\u011b<\/p>\n<p>\u00da\u0159edn\u00edci Ekologov\u00e9 pr\u016fvodce anglicky\/\u0161pan\u011blsky<\/p>\n<p>&nbsp;<\/p>\n<p><strong>V\u00fdluky<\/strong><\/p>\n<p>Spropitn\u00e9<\/p>\n<p>P\u0159evod<\/p>\n<p>N\u00e1poj<\/p>\n<p>&nbsp;<\/p>\n<p>&nbsp;<\/p>\n<p>Odjezd a n\u00e1vrat<\/p>\n<p>&nbsp;<\/p>\n<p>Prohl\u00eddka organizovan\u00e1 \u201eBooking Adventures\u201c za\u010d\u00edn\u00e1 na m\u00edst\u011b setk\u00e1n\u00ed s pr\u016fvodcem nebo zam\u011bstnancem. Cestovatel z\u00edsk\u00e1 m\u00edsto setk\u00e1n\u00ed po procesu rezervace. Prohl\u00eddky za\u010d\u00ednaj\u00ed a kon\u010d\u00ed na na\u0161ich m\u00edstech setk\u00e1n\u00ed.<\/p>\n<p>&nbsp;<\/p>\n<p>Co \u010dekat?<\/p>\n<p>Z\u00edskejte l\u00edstek na j\u00edzdu na kole a \u010dlunu ze Sabana de la Mar<\/p>\n<p>&nbsp;<\/p>\n<p>Tato exkurze za\u010d\u00edn\u00e1 na m\u00edst\u011b setk\u00e1n\u00ed, kter\u00e9 mus\u00edte potvrdit na\u0161im cestovn\u00edm kancel\u00e1\u0159\u00edm nebo pr\u016fvodci, ne\u017e se vyd\u00e1te na jak\u00e9koli m\u00edsto. Jakmile se setk\u00e1te se sv\u00fdm pr\u016fvodcem, budete m\u00edt p\u0159ehled o prohl\u00eddce a v\u0161em, co souvis\u00ed s va\u0161\u00edm dnem.<\/p>\n<p>&nbsp;<\/p>\n<p>A\u017e budou v\u0161ichni p\u0159ipraveni, zam\u00ed\u0159\u00edme do p\u0159\u00edstavu n\u00e1rodn\u00edho parku Los Haitises, kde zah\u00e1j\u00edte plavbu po \u0159ece Cano Hondo, kter\u00e1 kon\u010d\u00ed v z\u00e1livu San Lorenzo, je to mal\u00e1 z\u00e1toka o rozloze pouh\u00fdch 10 km2 a na dv\u011b hodiny se vyno\u0159\u00edte. r\u016fzn\u00e9 ekosyst\u00e9my Los Haitises.<\/p>\n<p>&nbsp;<\/p>\n<p>B\u011bhem t\u00e9to \u010d\u00e1sti v\u00fdletu se budete pohybovat kolem mangrovov\u00e9ho lesa, kter\u00fd je druh\u00fd nejv\u011bt\u0161\u00ed na ostrov\u011b s v\u00edce ne\u017e 90 km2, a kdy\u017e se dostanete do z\u00e1toky San Lorenzo, uvid\u00edte poloostrov a z\u00e1toku Samana.<\/p>\n<p>&nbsp;<\/p>\n<p>B\u011bhem pobytu m\u016f\u017eete vid\u011bt delf\u00edny, pt\u00e1ky, jako je volavka modr\u00e1, volavka popelav\u00e1, vr\u00e1ny, pelik\u00e1n hn\u011bd\u00fd, ryb\u00e1k kr\u00e1lovsk\u00fd, fregatka velkolep\u00e1 a jedine\u010dn\u00fd v\u00fdhled na n\u00e1rodn\u00ed park Los Haitises. Po 4 hodin\u00e1ch a p\u016fl hodin\u00e1ch aktivit v n\u00e1rodn\u00edm parku Los Haitises a Sabana de la Mar tato exkurze kon\u010d\u00ed na stejn\u00e9m m\u00edst\u011b, kde za\u010dala.<\/p>\n<p>&nbsp;<\/p>\n<p>Pozn\u00e1mka: Tyto prohl\u00eddky jsou s turistick\u00fdmi pr\u016fvodci Officials Ecologist. Rezervujte si pros\u00edm v\u010das, proto\u017ee v parku nen\u00ed p\u0159\u00edli\u0161 mnoho odborn\u00edk\u016f.<\/p>\n<p>&nbsp;<\/p>\n<p>&nbsp;<\/p>\n<p>Co byste m\u011bli p\u0159in\u00e9st?<\/p>\n<ul>\n<li aria-level=\"1\">Fotoapar\u00e1t<\/li>\n<li aria-level=\"1\">Repelentn\u00ed pupeny<\/li>\n<li aria-level=\"1\">opalovac\u00ed kr\u00e9m<\/li>\n<li aria-level=\"1\">\u010cepice<\/li>\n<li aria-level=\"1\">Pohodln\u00e9 kalhoty<\/li>\n<li aria-level=\"1\">B\u011b\u017eeck\u00e9 boty<\/li>\n<li aria-level=\"1\">Sand\u00e1ly na kajak<\/li>\n<li aria-level=\"1\">Plavky<\/li>\n<li aria-level=\"1\">Ru\u010dn\u00edky<\/li>\n<\/ul>\n<p>&nbsp;<\/p>\n<h4><b><i>Hotel vyzvednut\u00ed<\/i><\/b><\/h4>\n<p>Vyzvednut\u00ed v hotelu nen\u00ed pro tento z\u00e1jezd nab\u00edzeno.<\/p>\n<p>&nbsp;<\/p>\n<p><b>Pozn\u00e1mka:<\/b>\u00a0pokud prov\u00e1d\u00edte rezervaci do 24 hodin od \u010dasu odjezdu z\u00e1jezdu\/exkurze, m\u016f\u017eeme za\u0159\u00eddit vyzvednut\u00ed v hotelu za p\u0159\u00edplatek. Jakmile bude v\u00e1\u0161 n\u00e1kup dokon\u010den, za\u0161leme v\u00e1m kompletn\u00ed kontaktn\u00ed informace (telefonn\u00ed \u010d\u00edslo, e-mailovou adresu atd.) pro na\u0161eho m\u00edstn\u00edho pr\u016fvodce, abychom mohli zajistit vyzvednut\u00ed.<\/p>\n<h4><b><i>Potvrzen\u00ed dal\u0161\u00edch informac\u00ed<\/i><\/b><\/h4>\n<ol>\n<li>Vstupenky jsou \u00fa\u010dtenkou po zaplacen\u00ed tohoto z\u00e1jezdu. Platbu m\u016f\u017eete zobrazit na telefonu.<\/li>\n<li>M\u00edsto setk\u00e1n\u00ed bude obdr\u017eeno po procesu rezervace.<\/li>\n<li>D\u011bti mus\u00ed b\u00fdt v doprovodu dosp\u011bl\u00e9 osoby.<\/li>\n<li>Bezbari\u00e9rov\u00fd p\u0159\u00edstup<\/li>\n<li>D\u011bti mus\u00ed sed\u011bt na kl\u00edn\u011b<\/li>\n<li>Nedoporu\u010duje se pro cestovatele s probl\u00e9my se z\u00e1dy<\/li>\n<li>Nedoporu\u010duje se t\u011bhotn\u00fdm cestovatel\u016fm<\/li>\n<li>\u017d\u00e1dn\u00e9 probl\u00e9my se srdcem ani jin\u00e9 z\u00e1va\u017en\u00e9 zdravotn\u00ed stavy<\/li>\n<li>Z\u00fa\u010dastnit se m\u016f\u017ee v\u011bt\u0161ina cestovatel\u016f<\/li>\n<\/ol>\n<h4><b><i>Storno podm\u00ednky<\/i><\/b><\/h4>\n<p>Pro vr\u00e1cen\u00ed cel\u00e9 \u010d\u00e1stky zru\u0161te alespo\u0148 24 hodin p\u0159ed datem zah\u00e1jen\u00ed z\u00e1\u017eitku.<\/p>\n<\/div>\n<\/div>\n<\/div>\n<\/div>\n<\/div>\n<\/div>\n<div class=\"vc_row wpb_row vc_row-fluid\">\n<div class=\"wpb_column vc_column_container vc_col-sm-12\">\n<div class=\"vc_column-inner\">\n<div class=\"wpb_wrapper\">\n<div class=\"vc_empty_space\"><\/div>\n<div class=\"wpb_text_column wpb_content_element\">\n<div class=\"wpb_wrapper\">\n<h4>Kontaktujte n\u00e1s?<\/h4>\n<h5>Rezervace dobrodru\u017estv\u00ed<\/h5>\n<p><em><strong>M\u00edstn\u00ed obyvatel\u00e9<\/strong>\u00a0a\u00a0<strong>st\u00e1tn\u00ed p\u0159\u00edslu\u0161n\u00edci<\/strong>\u00a0Pr\u016fvodci a slu\u017eby pro hosty<\/em><\/p>\n<p><span class=\"text-turquoise\">Rezervace:<\/span>\u00a0Prohl\u00eddky a exkurze v Dom. Rep.<\/p>\n<p>\ud83d\udcde Tel \/ Whatsapp\u00a0\u00a0<a href=\"tel:+1-809-720-6035\">+1-809-720-6035<\/a>.<\/p>\n<p>\ud83d\udce9\u00a0<a href=\"mailto:info@bookingadventures.com.do\">info@bookingadventures.com.do<\/a><\/p>\n<p><strong>Flexibiln\u011b nastavujeme soukrom\u00e9 prohl\u00eddky od Whatsapp:\u00a0<a href=\"tel:+18097206035\">+18097206035.<\/a><\/strong><\/p>\n<\/div>\n<\/div>\n<\/div>\n<\/div>\n<\/div>\n<\/div>\n\n\t\t<\/div>\n\t<\/div>\n<\/div><\/div><\/div><\/div>","protected":false},"excerpt":{"rendered":"<p>Cestujte s m\u00edstn\u00edm odborn\u00edkem a z\u00edskejte jedine\u010dn\u00fd z\u00e1\u017eitek z j\u00edzdy na kole po\u010d\u00ednaje Sabana de la Mar, tato prohl\u00eddka v\u00e1s provede kolem a uvid\u00edte kr\u00e1snou krajinu venkova Dominik\u00e1nsk\u00e9 republiky. Kdy\u017e budete jezdit na kole, budete moci pozdravit! farm\u00e1\u0159i jedouc\u00ed na kon\u00edch nebo na motorce na sv\u016fj pozemek a b\u011bhem prohl\u00eddky se budete moci vyno\u0159it v dobrodru\u017estv\u00ed a m\u00edstn\u00ed kultu\u0159e ze Sabana de la Mar. Jedine\u010dn\u00fd z\u00e1\u017eitek na horsk\u00e9m kole!<\/p>\n<p>&nbsp;<\/p>\n<p><strong>Vyberte pros\u00edm datum turn\u00e9:<\/strong><\/p>","protected":false},"featured_media":12738,"template":"","meta":[],"product_cat":[870,946,928,838,930,254,255],"product_tag":[176,211,192,171,209,426,327,175,199,200],"class_list":["post-12429","product","type-product","status-publish","has-post-thumbnail","hentry","product_cat-private-boat-trip-los-haitises","product_cat-1-sabana-de-la-mar","product_cat-boat-trip-los-haitises","product_cat-mangroves-projects","product_cat-mountain-bike-los-haitises","product_cat-tours-excursions-los-haitises-national-park","product_cat-tours-excursions-samana-bay-dominican-republic","product_tag-cano-hondo","product_tag-cano-hondo-hotel","product_tag-day-tour-cano-hondo","product_tag-los-haitises","product_tag-los-haitises-national-park","product_tag-los-haitises-tours","product_tag-private-tours-samana","product_tag-sabana-de-la-mar","product_tag-samana-bay","product_tag-samana-excursions"],"_links":{"self":[{"href":"https:\/\/www.boattoursamana.com\/cs\/wp-json\/wp\/v2\/product\/12429","targetHints":{"allow":["GET"]}}],"collection":[{"href":"https:\/\/www.boattoursamana.com\/cs\/wp-json\/wp\/v2\/product"}],"about":[{"href":"https:\/\/www.boattoursamana.com\/cs\/wp-json\/wp\/v2\/types\/product"}],"wp:featuredmedia":[{"embeddable":true,"href":"https:\/\/www.boattoursamana.com\/cs\/wp-json\/wp\/v2\/media\/12738"}],"wp:attachment":[{"href":"https:\/\/www.boattoursamana.com\/cs\/wp-json\/wp\/v2\/media?parent=12429"}],"wp:term":[{"taxonomy":"product_cat","embeddable":true,"href":"https:\/\/www.boattoursamana.com\/cs\/wp-json\/wp\/v2\/product_cat?post=12429"},{"taxonomy":"product_tag","embeddable":true,"href":"https:\/\/www.boattoursamana.com\/cs\/wp-json\/wp\/v2\/product_tag?post=12429"}],"curies":[{"name":"wp","href":"https:\/\/api.w.org\/{rel}","templated":true}]}}