{"id":13398,"date":"2021-11-23T10:25:21","date_gmt":"2021-11-23T10:25:21","guid":{"rendered":"https:\/\/www.ticketswhales.com\/?post_type=product&#038;p=13398"},"modified":"2023-02-26T03:44:21","modified_gmt":"2023-02-26T03:44:21","slug":"private-speed-boat-lancha-samana-bay","status":"publish","type":"product","link":"https:\/\/www.boattoursamana.com\/cs\/prohlidka\/soukromy-motorovy-clun-lancha-samana-bay","title":{"rendered":"Soukrom\u00fd motorov\u00fd \u010dlun (Lancha) Saman\u00e1 Bay"},"content":{"rendered":"<div class=\"vc_row wpb_row vc_row-fluid\" ><div class=\"wpb_column vc_column_container vc_col-sm-12\"><div class=\"vc_column-inner\"><div class=\"wpb_wrapper\"><div class=\"vc_btn3-container vc_btn3-inline\" ><button class=\"vc_general vc_btn3 vc_btn3-size-md vc_btn3-shape-rounded vc_btn3-style-modern vc_btn3-color-green\">ZAREZERVOVAT HNED<\/button><\/div>\n\t<div class=\"wpb_text_column wpb_content_element\" >\n\t\t<div class=\"wpb_wrapper\">\n\t\t\t<div class=\"custom-left\">\n<div class=\"row\">\n<div class=\"col-md-12 cust-clas\">\n<div class=\"product-header alignleft\">\n<p>LO\u010e SAMANA \u2013 PRON\u00c1JEM<\/p>\n<p>PRIV\u00c1TN\u00cd CELODENN\u00cd CHARTER SAMANA BAY<\/p>\n<p>8 HODINOV\u00dd V\u00ddLET - POND\u011aL\u00cd DO NED\u011aLE<\/p>\n<\/div>\n<\/div>\n<\/div>\n<\/div>\n<div class=\"custom-left para-p\">\n<div class=\"info_content_label\">\n<p><label>Info:<\/label><\/p>\n<p>Pronajm\u011bte si tento b\u00e1je\u010dn\u00fd motorov\u00fd \u010dlun na cel\u00fd den a\u017e pro 5 osob k n\u00e1v\u0161t\u011bv\u011b <a href=\"https:\/\/www.boattoursamana.com\/cs\/destinaci\/vstupenky-na-vylety-do-narodniho-parku-los-haitises\/\" target=\"_blank\" rel=\"noopener\" data-saferedirecturl=\"https:\/\/www.google.com\/url?q=https:\/\/www.boattoursamana.com\/destinations\/los-haitises-national-park-tickets-tours\/&amp;source=gmail&amp;ust=1637749313206000&amp;usg=AOvVaw2iM1LFDbYv-Gthna0qZt2n\">Haitises<\/a> a Cayo Levantado. Tak\u00e9 v sez\u00f3n\u011b pozorov\u00e1n\u00ed velryb m\u016f\u017eete pou\u017e\u00edt lo\u010f k pozorov\u00e1n\u00ed velryb v z\u00e1toce Samana.<\/p>\n<p>Zahrnuje pos\u00e1dku, palivo a chladi\u010d ledu.<\/p>\n<p>Mo\u017enost stravov\u00e1n\u00ed za p\u0159\u00edplatek:<\/p>\n<p><strong>Podrobnosti o tradi\u010dn\u00edm ob\u011bd\u011b formou bufetu, $15 USD p.<\/strong><\/p>\n<p>-Zelen\u00fd sal\u00e1t<br \/>\n-Chl\u00e9b<br \/>\n- Moro de Guandule (r\u00fd\u017ee na dominik\u00e1nsk\u00fd zp\u016fsob) s kokosem<br \/>\n\u2013 T\u011bstoviny v raj\u010datov\u00e9 om\u00e1\u010dce<br \/>\n- Yuca kastrol<br \/>\n-Ryba a grilovan\u00e9 ku\u0159e (dorado) + voliteln\u011b om\u00e1\u010dka z kokosov\u00e9ho ml\u00e9ka<br \/>\n-\u010cerstv\u00e9 ovoce<br \/>\n- 1 nealkoholick\u00fd n\u00e1poj (voda nebo soda)<br \/>\n-K\u00e1va<\/p>\n<p><strong>Dopl\u0148kov\u00e1 slu\u017eba humra + kokosov\u00e9 cukrov\u00ed $19 USD (dopl\u0148kov\u00e9).<\/strong><\/p>\n<\/div>\n<p><label>Zahrnuje:<\/label>\u00a0Ostatn\u00ed slu\u017eby v cen\u011b (v\u010detn\u011b pos\u00e1dky, paliva a chladi\u010de s ledem)<\/p>\n<p><label>Nen\u00ed v cen\u011b:<\/label>\u00a0N\u00e1poje ani j\u00eddlo NEN\u00cd zahrnuto<\/p>\n<p><label>Zahrnout palivo:<\/label>\u00a0Ano<\/p>\n<\/div>\n<p>Kontaktujte n\u00e1s p\u0159es Whatsapp: +1-809-720-6035. Nejlep\u0161\u00ed cena online\u2026<\/p>\n<p>&nbsp;<\/p>\n<h4><b><i>Storno podm\u00ednky<\/i><\/b><\/h4>\n<p>Chcete-li z\u00edskat plnou n\u00e1hradu, p\u0159e\u010dt\u011bte si na\u0161e storno podm\u00ednky\u00a0<a href=\"https:\/\/www.boattoursamana.com\/cs\/online-rezervace\/\" target=\"_blank\" rel=\"noopener\" data-saferedirecturl=\"https:\/\/www.google.com\/url?q=https:\/\/www.boattoursamana.com\/online-booking\/&amp;source=gmail&amp;ust=1672449202351000&amp;usg=AOvVaw1yAeVAPktmaVCqDujgUn90\">Klikn\u011bte zde<\/a>. Prost\u0159edky budou ztraceny, pokud bude rezervace zru\u0161ena ve stejn\u00fd den cesty.<\/p>\n\n\t\t<\/div>\n\t<\/div>\n<\/div><\/div><\/div><\/div><div class=\"vc_row wpb_row vc_row-fluid\" ><div class=\"wpb_column vc_column_container vc_col-sm-12\"><div class=\"vc_column-inner\"><div class=\"wpb_wrapper\"><div class=\"vc_btn3-container vc_btn3-inline\" ><button class=\"vc_general vc_btn3 vc_btn3-size-md vc_btn3-shape-rounded vc_btn3-style-modern vc_btn3-color-green\">ZAREZERVOVAT HNED<\/button><\/div><\/div><\/div><\/div><\/div>","protected":false},"excerpt":{"rendered":"<p>Soukrom\u00fd motorov\u00fd \u010dlun (Lancha) Samana Bay Pronajm\u011bte si tento skv\u011bl\u00fd motorov\u00fd \u010dlun na cel\u00fd den a\u017e pro 5 osob k n\u00e1v\u0161t\u011bv\u011b <a href=\"https:\/\/www.boattoursamana.com\/cs\/destinaci\/vstupenky-na-vylety-do-narodniho-parku-los-haitises\/\" target=\"_blank\" rel=\"noopener\" data-saferedirecturl=\"https:\/\/www.google.com\/url?q=https:\/\/www.boattoursamana.com\/destinations\/los-haitises-national-park-tickets-tours\/&amp;source=gmail&amp;ust=1637749313206000&amp;usg=AOvVaw2iM1LFDbYv-Gthna0qZt2n\">Haitises<\/a> a Cayo Levantado. Tak\u00e9 v sez\u00f3n\u011b pozorov\u00e1n\u00ed velryb m\u016f\u017eete pou\u017e\u00edt lo\u010f k pozorov\u00e1n\u00ed velryb v z\u00e1toce Samana.<\/p>","protected":false},"featured_media":12415,"template":"","meta":[],"product_cat":[1054,841,1000],"product_tag":[842,843,844,845],"class_list":["post-13398","product","type-product","status-publish","has-post-thumbnail","hentry","product_cat-private-speed-boat-lancha-samana-bay","product_cat-rent-catamaran-or-boat-samana","product_cat-ultimo2022","product_tag-catamaran-for-renting-samana","product_tag-samana-boat-rentals","product_tag-samana-catamaran","product_tag-samana-rentals"],"_links":{"self":[{"href":"https:\/\/www.boattoursamana.com\/cs\/wp-json\/wp\/v2\/product\/13398","targetHints":{"allow":["GET"]}}],"collection":[{"href":"https:\/\/www.boattoursamana.com\/cs\/wp-json\/wp\/v2\/product"}],"about":[{"href":"https:\/\/www.boattoursamana.com\/cs\/wp-json\/wp\/v2\/types\/product"}],"wp:featuredmedia":[{"embeddable":true,"href":"https:\/\/www.boattoursamana.com\/cs\/wp-json\/wp\/v2\/media\/12415"}],"wp:attachment":[{"href":"https:\/\/www.boattoursamana.com\/cs\/wp-json\/wp\/v2\/media?parent=13398"}],"wp:term":[{"taxonomy":"product_cat","embeddable":true,"href":"https:\/\/www.boattoursamana.com\/cs\/wp-json\/wp\/v2\/product_cat?post=13398"},{"taxonomy":"product_tag","embeddable":true,"href":"https:\/\/www.boattoursamana.com\/cs\/wp-json\/wp\/v2\/product_tag?post=13398"}],"curies":[{"name":"wp","href":"https:\/\/api.w.org\/{rel}","templated":true}]}}