{"id":14048,"date":"2022-05-20T10:42:09","date_gmt":"2022-05-20T10:42:09","guid":{"rendered":"https:\/\/www.ticketswhales.com\/?post_type=product&#038;p=14048"},"modified":"2023-10-19T14:13:36","modified_gmt":"2023-10-19T14:13:36","slug":"punta-cana-helicopter-tour-to-salto-de-la-jalda-waterfall-60-minute-experience","status":"publish","type":"product","link":"https:\/\/www.boattoursamana.com\/cs\/prohlidka\/vylet-vrtulnikem-punta-cana-k-vodopadu-salto-de-la-jalda-60-minutovy-zazitek","title":{"rendered":"V\u00fdlet helikopt\u00e9rou Punta Cana k vodop\u00e1du Salto de la Jalda 60minutov\u00fd z\u00e1\u017eitek"},"content":{"rendered":"<div class=\"vc_row wpb_row vc_row-fluid\" ><div class=\"wpb_column vc_column_container vc_col-sm-12\"><div class=\"vc_column-inner\"><div class=\"wpb_wrapper\"><div class=\"mkdf-section-title-holder\" style=\"text-align: left\">\n\t<div class=\"mkdf-st-inner\">\n\t\t\t\t\t<h5 class=\"mkdf-st-subtitle\" >\n\t\t\t\tSalto la Jalda\t\t\t<\/h5>\n\t\t\t\t\t\t\t<h3 class=\"mkdf-st-title\" >\n\t\t\t\tv\u00fdlet vrtuln\u00edkem punta cana k vodop\u00e1du salto de la jalda 60 minutov\u00fd z\u00e1\u017eitek\t\t\t<\/h3>\n\t\t\t\t\t\t\t<p class=\"mkdf-st-text\" >\n\t\t\t\tV\u00fdlet vrtuln\u00edkem 60minutov\u00fd z\u00e1\u017eitek\t\t\t<\/p>\n\t\t\t<\/div>\n<\/div><div class=\"vc_btn3-container vc_btn3-inline\" ><a class=\"vc_general vc_btn3 vc_btn3-size-md vc_btn3-shape-rounded vc_btn3-style-modern vc_btn3-color-green\" href=\"https:\/\/bookingadventures.tours\/booking.php?tour_id=cf0c7b2af9d3e7d3c0d0b8017c605e6c\" title=\"\" rel=\"noopener\">ZAREZERVOVAT HNED<\/a><\/div><\/div><\/div><\/div><\/div><div class=\"vc_row wpb_row vc_row-fluid\" ><div class=\"wpb_column vc_column_container vc_col-sm-12\"><div class=\"vc_column-inner\"><div class=\"wpb_wrapper\">\n\t<div class=\"wpb_text_column wpb_content_element\" >\n\t\t<div class=\"wpb_wrapper\">\n\t\t\t<h4><b><i>P\u0159ehled <\/i><\/b><\/h4>\n<p>Toto je soukrom\u00e1 prohl\u00eddka\u00a0<strong>Vodop\u00e1dy Salto de la Jalda <\/strong>Uhn\u00edzd\u011bn\u00fd hluboko v poho\u0159\u00ed Cordillera Oriental a obklopen\u00fd bujn\u00fdm tropick\u00fdm de\u0161tn\u00fdm pralesem je nejvy\u0161\u0161\u00ed vodop\u00e1d v Karibiku, Salto La Jalda. Prole\u0165te se pod\u00e9l nedot\u010den\u00fdch pl\u00e1\u017e\u00ed Punta Cana, kolem tich\u00fdch vesni\u010dek na severn\u00ed svahy Sierry a objevte kouzlo a tajemstv\u00ed t\u00e9to neuv\u011b\u0159iteln\u00e9 kr\u00e1sy uhn\u00edzd\u011bn\u00e9 hluboko v bujn\u00e9m tropick\u00e9m de\u0161tn\u00e9m pralese. Za\u017eijte 60minutov\u00fd zp\u00e1te\u010dn\u00ed let vrtuln\u00edkem nad vodop\u00e1dem a Playa Esmeralda s hodinovou zast\u00e1vkou na piknik. Pod\u00edvejte se, jak se zur\u010d\u00edc\u00ed vody p\u0159el\u00e9vaj\u00ed p\u0159es \u00fatesy, a pak si u\u017eijte klid a pohodu p\u0159\u00edrody b\u011bhem sv\u00e9ho pobytu na nej\u00fa\u017easn\u011bj\u0161\u00ed pl\u00e1\u017ei Esmeralda.<\/p>\n<p>&nbsp;<\/p>\n<ul>\n<li class=\"activity-highlights__list-item\" data-v-86039ad0=\"\">Objevte kouzlo nejvy\u0161\u0161\u00edho vodop\u00e1du v Karibiku, Salto La jada<\/li>\n<li class=\"activity-highlights__list-item\" data-v-86039ad0=\"\">Prozkoumejte p\u0159\u00edrodu b\u011bhem sv\u00e9ho pobytu na pl\u00e1\u017ei Esmeralda<\/li>\n<li class=\"activity-highlights__list-item\" data-v-86039ad0=\"\">Le\u0165te p\u0159es \u00fa\u017easn\u00e9 pl\u00e1\u017ee a kolem tich\u00fdch vesni\u010dek na severn\u00ed svahy Sierry<\/li>\n<li class=\"activity-highlights__list-item\" data-v-86039ad0=\"\">Pod\u00edvejte se, jak se zur\u010d\u00edc\u00ed vody p\u0159el\u00e9vaj\u00ed p\u0159es \u00fatesy<\/li>\n<\/ul>\n<h4><b>Zahrnut\u00ed a vylou\u010den\u00ed<\/b><\/h4>\n<p>&nbsp;<\/p>\n<p><b>Inkluze<\/b><\/p>\n<ol>\n<li class=\"activity-inclusions__item activity-inclusions__item--inclusion\" data-v-0d17907c=\"\"><span class=\"activity-inclusions__test activity-inclusions__test--include\" data-v-0d17907c=\"\">Pozemn\u00ed doprava do\/z va\u0161eho hotelu<\/span><\/li>\n<li class=\"activity-inclusions__item activity-inclusions__item--inclusion\" data-v-0d17907c=\"\"><span class=\"activity-inclusions__test activity-inclusions__test--include\" data-v-0d17907c=\"\">Expresn\u00ed VIP odbaven\u00ed p\u0159i p\u0159\u00edjezdu<\/span><\/li>\n<li class=\"activity-inclusions__item activity-inclusions__item--inclusion\" data-v-0d17907c=\"\"><span class=\"activity-inclusions__test activity-inclusions__test--include\" data-v-0d17907c=\"\">60minutov\u00fd zp\u00e1te\u010dn\u00ed let vrtuln\u00edkem<\/span><\/li>\n<li class=\"activity-inclusions__item activity-inclusions__item--inclusion\" data-v-0d17907c=\"\"><span class=\"activity-inclusions__test activity-inclusions__test--include\" data-v-0d17907c=\"\">1 hodina celkov\u00e9ho pobytu na nej\u00fa\u017easn\u011bj\u0161\u00ed nedot\u010den\u00e9 pl\u00e1\u017ei<\/span><\/li>\n<li class=\"activity-inclusions__item activity-inclusions__item--inclusion\" data-v-0d17907c=\"\"><span class=\"activity-inclusions__test activity-inclusions__test--include\" data-v-0d17907c=\"\">Piknikov\u00fd ob\u011bd v metru na pl\u00e1\u017ei s nealkoholick\u00fdmi n\u00e1poji a vodou<\/span><\/li>\n<li style=\"font-weight: 400;\"><span style=\"font-weight: 400;\">V\u0161echny dan\u011b, poplatky a manipula\u010dn\u00ed poplatky<\/span><\/li>\n<li style=\"font-weight: 400;\"><span style=\"font-weight: 400;\">M\u00edstn\u00ed dan\u011b<\/span><\/li>\n<li style=\"font-weight: 400;\"><span style=\"font-weight: 400;\">V\u0161echny aktivity<\/span><\/li>\n<li style=\"font-weight: 400;\"><span style=\"font-weight: 400;\">M\u00edstn\u00ed pr\u016fvodce<\/span><\/li>\n<\/ol>\n<p><b> V\u00fdluky<\/b><\/p>\n<ol>\n<li style=\"font-weight: 400;\"><span style=\"font-weight: 400;\">Spropitn\u00e9<\/span><\/li>\n<li style=\"font-weight: 400;\"><span style=\"font-weight: 400;\">P\u0159evod<\/span><\/li>\n<li>Ob\u011bd<\/li>\n<li style=\"font-weight: 400;\"><span style=\"font-weight: 400;\">Alkoholick\u00e9 n\u00e1poje<\/span><\/li>\n<\/ol>\n<p>&nbsp;<\/p>\n<h4><em><strong>Odjezd a n\u00e1vrat<\/strong><\/em><\/h4>\n<p><span style=\"font-weight: 400;\">Cestovatel z\u00edsk\u00e1 m\u00edsto setk\u00e1n\u00ed po procesu rezervace. Prohl\u00eddky za\u010d\u00ednaj\u00ed a kon\u010d\u00ed v m\u00edstech setk\u00e1n\u00ed.<\/span><\/p>\n<p>&nbsp;<\/p>\n<h2>Vrtuln\u00edk Punta Cana<\/h2>\n<h4><b><i>Co \u010dekat?<\/i><\/b><\/h4>\n<p><em><strong>Z\u00edskejte vstupenky<\/strong><\/em> za n\u00e1v\u0161t\u011bvu nejvy\u0161\u0161\u00edch vodop\u00e1d\u016f v Karibiku.\u00a0 <strong>El Salto la Jalda<\/strong> let helikopt\u00e9rou z Punta Cana.<\/p>\n<p>Objevte jako pt\u00e1k Salto La Jalda \u2013 nejvy\u0161\u0161\u00ed vodop\u00e1d v Karibiku, kter\u00fd se nach\u00e1z\u00ed hluboko v poho\u0159\u00ed Cordillera Oriental a je obklopen bujn\u00fdm tropick\u00fdm de\u0161tn\u00fdm pralesem. Z\u00e1\u017eitek, na kter\u00fd nikdy nezapomenete.<\/p>\n<p>Existuje jen jeden zp\u016fsob, jak ocenit rozs\u00e1hl\u00e1 \u00fadol\u00ed a dramatickou krajinu nejvy\u0161\u0161\u00edho vodop\u00e1du Dominik\u00e1nsk\u00e9 republiky \u2013 a to ze vzduchu. Vydejte se na dechberouc\u00ed let helikopt\u00e9rou nad n\u00e1rodn\u00edm parkem Salto Jalda pro nezapomenuteln\u00e9 pr\u00e1zdninov\u00e9 z\u00e1\u017eitky.<\/p>\n<p>Dobrodru\u017estv\u00ed za\u010d\u00edn\u00e1, kdy\u017e se dostanete z hotelu na heliport. Nastupte na palubu vrtuln\u00edku a p\u0159ipravte se na vzlet. Brzy se vznesete nad odlehl\u00e9 farmy, vesnice a sv\u011b\u017e\u00ed zelen\u00fd de\u0161tn\u00fd prales sm\u011brem k severn\u00edm svah\u016fm poho\u0159\u00ed Cordillera Oriental. V\u00e1\u0161 zku\u0161en\u00fd pilot se p\u0159enese p\u0159es vrcholky \u00fates\u016f a p\u0159ibl\u00ed\u017e\u00ed se v\u00e1m bl\u00ed\u017e ne\u017e kdy jindy, abyste mohli obdivovat 272 stop vysok\u00e9 v\u00fd\u0161ky Salto Jalda.<\/p>\n<p>Pot\u00e9 sestoup\u00edte p\u0159es baldach\u00fdn d\u017eungle a p\u0159istanete na odlehl\u00e9 pl\u00e1\u017ei Playa Esmerelda. Rozlo\u017ete si zde ru\u010dn\u00edk a nas\u00e1vejte slun\u00ed\u010dko na b\u00edl\u00e9m p\u00edsku. A m\u00e1te \u010das se pono\u0159it do Karibiku, ne\u017e zp\u00e1te\u010dn\u00ed let nab\u00eddne v\u00edce v\u00fdhled\u016f z tribuny.<\/p>\n<p>&nbsp;<\/p>\n<h4><em><strong>Co byste m\u011bli p\u0159in\u00e9st?<\/strong><\/em><\/h4>\n<ul>\n<li style=\"font-weight: 400;\"><span style=\"font-weight: 400;\">Fotoapar\u00e1t<\/span><\/li>\n<li style=\"font-weight: 400;\"><span style=\"font-weight: 400;\">Repelentn\u00ed pupeny<\/span><\/li>\n<li style=\"font-weight: 400;\"><span style=\"font-weight: 400;\">opalovac\u00ed kr\u00e9m<\/span><\/li>\n<li style=\"font-weight: 400;\"><span style=\"font-weight: 400;\">\u010cepice<\/span><\/li>\n<li style=\"font-weight: 400;\"><span style=\"font-weight: 400;\">Pohodln\u00e9 kalhoty<\/span><\/li>\n<li style=\"font-weight: 400;\"><span style=\"font-weight: 400;\">Turistick\u00e9 boty do lesa<\/span><\/li>\n<li style=\"font-weight: 400;\"><span style=\"font-weight: 400;\">Plavky<\/span><\/li>\n<li>Extra l\u00e1hev na vodu<\/li>\n<li>Ob\u011bd nebo sva\u010dina<\/li>\n<\/ul>\n<p>&nbsp;<\/p>\n<h4><b><i>Hotel vyzvednut\u00ed <\/i><\/b><\/h4>\n<p><span style=\"font-weight: 400;\">Pro tento z\u00e1jezd je nab\u00edzeno vyzvednut\u00ed v hotelu. <\/span><\/p>\n<p>&nbsp;<\/p>\n<p><b>Pozn\u00e1mka:<\/b><span style=\"font-weight: 400;\"> pokud prov\u00e1d\u00edte rezervaci do 24 hodin od \u010dasu odjezdu z\u00e1jezdu\/exkurze, m\u016f\u017eeme za\u0159\u00eddit vyzvednut\u00ed v hotelu za p\u0159\u00edplatek. Jakmile bude v\u00e1\u0161 n\u00e1kup dokon\u010den, za\u0161leme v\u00e1m kompletn\u00ed kontaktn\u00ed informace (telefonn\u00ed \u010d\u00edslo, e-mailovou adresu atd.) pro na\u0161eho m\u00edstn\u00edho pr\u016fvodce, abychom mohli zajistit vyzvednut\u00ed.<\/span><\/p>\n<h4><b><i>Potvrzen\u00ed dal\u0161\u00edch informac\u00ed <\/i><\/b><\/h4>\n<ol>\n<li>Vstupenky jsou \u00fa\u010dtenkou po zaplacen\u00ed tohoto z\u00e1jezdu. Platbu m\u016f\u017eete zobrazit na telefonu.<\/li>\n<li style=\"font-weight: 400;\"><span style=\"font-weight: 400;\">M\u00edsto setk\u00e1n\u00ed bude obdr\u017eeno po procesu rezervace.<\/span><\/li>\n<li style=\"font-weight: 400;\"><span style=\"font-weight: 400;\">D\u011bti mus\u00ed b\u00fdt v doprovodu dosp\u011bl\u00e9 osoby a minim\u00e1ln\u00ed v\u011bk d\u011bt\u00ed je 7 let.<\/span><\/li>\n<li class=\"activity-important-information__item\" data-v-772d15b6=\"\" data-v-45a03bbc=\"\">Tato prohl\u00eddka se nedoporu\u010duje osob\u00e1m s omezenou pohyblivost\u00ed, pokud nemaj\u00ed alespo\u0148 2 osoby, kter\u00e9 jim mohou asistovat<\/li>\n<li class=\"activity-important-information__item\" data-v-772d15b6=\"\" data-v-45a03bbc=\"\">V\u0161echny lety jsou z\u00e1visl\u00e9 na dostupnosti a pov\u011btrnostn\u00edch podm\u00ednk\u00e1ch<\/li>\n<li class=\"activity-important-information__item\" data-v-772d15b6=\"\" data-v-45a03bbc=\"\">Poskytovatel aktivity si vyhrazuje pr\u00e1vo p\u0159idat do z\u00e1jezdu dal\u0161\u00ed cestuj\u00edc\u00ed<\/li>\n<li style=\"font-weight: 400;\"><span style=\"font-weight: 400;\"> Bezbari\u00e9rov\u00fd p\u0159\u00edstup <\/span><\/li>\n<li style=\"font-weight: 400;\"><span style=\"font-weight: 400;\">Ne D\u011bti pro tento v\u00fdlet nejsou povoleny<\/span><\/li>\n<li style=\"font-weight: 400;\"><span style=\"font-weight: 400;\">Nedoporu\u010duje se pro cestovatele s probl\u00e9my se z\u00e1dy<\/span><\/li>\n<li style=\"font-weight: 400;\"><span style=\"font-weight: 400;\">Nedoporu\u010duje se t\u011bhotn\u00fdm cestovatel\u016fm <\/span><\/li>\n<li style=\"font-weight: 400;\"><span style=\"font-weight: 400;\"> \u017d\u00e1dn\u00e9 probl\u00e9my se srdcem ani jin\u00e9 z\u00e1va\u017en\u00e9 zdravotn\u00ed stavy <\/span><\/li>\n<li style=\"font-weight: 400;\"><span style=\"font-weight: 400;\">Z\u00fa\u010dastnit se m\u016f\u017ee v\u011bt\u0161ina cestovatel\u016f<\/span><\/li>\n<\/ol>\n<h4><b><i>Storno podm\u00ednky<\/i><\/b><\/h4>\n<p>Chcete-li z\u00edskat plnou n\u00e1hradu, p\u0159e\u010dt\u011bte si na\u0161e storno podm\u00ednky\u00a0<a href=\"https:\/\/www.boattoursamana.com\/cs\/online-rezervace\/\" target=\"_blank\" rel=\"noopener\" data-saferedirecturl=\"https:\/\/www.google.com\/url?q=https:\/\/www.boattoursamana.com\/online-booking\/&amp;source=gmail&amp;ust=1672449202351000&amp;usg=AOvVaw1yAeVAPktmaVCqDujgUn90\">Klikn\u011bte zde<\/a>. Prost\u0159edky budou ztraceny, pokud bude rezervace zru\u0161ena ve stejn\u00fd den cesty.<\/p>\n\n\t\t<\/div>\n\t<\/div>\n<div class=\"vc_btn3-container vc_btn3-inline\" ><a class=\"vc_general vc_btn3 vc_btn3-size-md vc_btn3-shape-rounded vc_btn3-style-modern vc_btn3-color-green\" href=\"https:\/\/bookingadventures.tours\/booking.php?tour_id=cf0c7b2af9d3e7d3c0d0b8017c605e6c\" title=\"\" rel=\"noopener\">ZAREZERVOVAT HNED<\/a><\/div><\/div><\/div><\/div><\/div><div class=\"vc_row wpb_row vc_row-fluid\" ><div class=\"wpb_column vc_column_container vc_col-sm-12\"><div class=\"vc_column-inner\"><div class=\"wpb_wrapper\">\n\t<div class=\"wpb_text_column wpb_content_element\" >\n\t\t<div class=\"wpb_wrapper\">\n\t\t\t<h4>Kontaktujte n\u00e1s?<\/h4>\n<h5><em><strong>Rezervace dobrodru\u017estv\u00ed<\/strong><\/em><\/h5>\n<p><em><strong>M\u00edstn\u00ed obyvatel\u00e9<\/strong> a <strong>st\u00e1tn\u00ed p\u0159\u00edslu\u0161n\u00edci<\/strong> Pr\u016fvodci a slu\u017eby pro hosty<\/em><\/p>\n<p><span class=\"text-turquoise\">Rezervace:<\/span> Prohl\u00eddky a exkurze v Dom. Rep.<\/p>\n<p><img decoding=\"async\" class=\"emoji\" draggable=\"false\" src=\"https:\/\/s.w.org\/images\/core\/emoji\/11.2.0\/svg\/1f4de.svg\" alt=\"\ud83d\udcde\" title=\"\"> Tel \/ Whatsapp\u00a0 <a href=\"tel:+1-809-720-6035\">+1-809-720-6035<\/a>.<\/p>\n<p><img decoding=\"async\" class=\"emoji\" draggable=\"false\" src=\"https:\/\/s.w.org\/images\/core\/emoji\/11.2.0\/svg\/1f4e9.svg\" alt=\"\ud83d\udce9\" title=\"\"> <a href=\"mailto:info@bookingadventures.com.do\">info@bookingadventures.com.do<\/a><\/p>\n<p><strong>Flexibiln\u011b nastavujeme soukrom\u00e9 prohl\u00eddky od Whatsapp: <a href=\"tel:+18097206035\">+18097206035.<\/a><\/strong><\/p>\n\n\t\t<\/div>\n\t<\/div>\n<\/div><\/div><\/div><\/div><div class=\"vc_row wpb_row vc_row-fluid\" ><div class=\"wpb_column vc_column_container vc_col-sm-12\"><div class=\"vc_column-inner\"><div class=\"wpb_wrapper\"><div class=\"vc_btn3-container vc_btn3-inline\" ><a class=\"vc_general vc_btn3 vc_btn3-size-md vc_btn3-shape-rounded vc_btn3-style-modern vc_btn3-color-green\" href=\"https:\/\/bookingadventures.tours\/booking.php?tour_id=cf0c7b2af9d3e7d3c0d0b8017c605e6c\" title=\"\" rel=\"noopener\">ZAREZERVOVAT HNED<\/a><\/div><\/div><\/div><\/div><\/div>","protected":false},"excerpt":{"rendered":"<p>U\u017eijte si jedine\u010dn\u00fd z\u00e1\u017eitek z letu vrtuln\u00edkem nad nejvy\u0161\u0161\u00edm vodop\u00e1dem v Karibiku Salto La Jada. Pod\u00edvejte se na nedot\u010den\u00e9 pl\u00e1\u017ee Punta Cana a objevte kouzlo t\u00e9to neuv\u011b\u0159iteln\u00e9 kr\u00e1sy uhn\u00edzd\u011bn\u00e9 hluboko v bujn\u00e9m tropick\u00e9m de\u0161tn\u00e9m pralese.<\/p>\n<p>&nbsp;<\/p>\n<p><strong>Vyberte pros\u00edm datum turn\u00e9:<\/strong><\/p>","protected":false},"featured_media":14053,"template":"","meta":[],"product_cat":[948,170,1044,191,252],"product_tag":[226,635,636,180,637,638,224,225,639,640,227,641,228,175,642,643,644,645],"class_list":["post-14048","product","type-product","status-publish","has-post-thumbnail","hentry","product_cat-1-punta-cana","product_cat-local-tour-guides","product_cat-punta-cana-helicopter","product_cat-swimming-natural-springs","product_cat-waterfalls","product_tag-higthest-waterfall-in-the-caribean","product_tag-hike-la-jalda","product_tag-hike-to-miches-la-jalda-waterfall-waterfalls","product_tag-hiking","product_tag-la-jalda-excursions","product_tag-la-jalda-horses","product_tag-la-jalda-national-park","product_tag-la-jalda-waterfall","product_tag-leaping","product_tag-leaping-jalda","product_tag-magua","product_tag-magua-la-jalda","product_tag-miches","product_tag-sabana-de-la-mar","product_tag-salto-de-la-jalda","product_tag-salto-la-jalda-sabana-de-la-mar","product_tag-salto-la-jalda-tours","product_tag-waterfalls"],"_links":{"self":[{"href":"https:\/\/www.boattoursamana.com\/cs\/wp-json\/wp\/v2\/product\/14048","targetHints":{"allow":["GET"]}}],"collection":[{"href":"https:\/\/www.boattoursamana.com\/cs\/wp-json\/wp\/v2\/product"}],"about":[{"href":"https:\/\/www.boattoursamana.com\/cs\/wp-json\/wp\/v2\/types\/product"}],"wp:featuredmedia":[{"embeddable":true,"href":"https:\/\/www.boattoursamana.com\/cs\/wp-json\/wp\/v2\/media\/14053"}],"wp:attachment":[{"href":"https:\/\/www.boattoursamana.com\/cs\/wp-json\/wp\/v2\/media?parent=14048"}],"wp:term":[{"taxonomy":"product_cat","embeddable":true,"href":"https:\/\/www.boattoursamana.com\/cs\/wp-json\/wp\/v2\/product_cat?post=14048"},{"taxonomy":"product_tag","embeddable":true,"href":"https:\/\/www.boattoursamana.com\/cs\/wp-json\/wp\/v2\/product_tag?post=14048"}],"curies":[{"name":"wp","href":"https:\/\/api.w.org\/{rel}","templated":true}]}}