{"id":16647,"date":"2023-11-06T09:02:24","date_gmt":"2023-11-06T09:02:24","guid":{"rendered":"https:\/\/www.ticketswhales.com\/?post_type=product&#038;p=16647"},"modified":"2023-11-06T09:11:44","modified_gmt":"2023-11-06T09:11:44","slug":"los-haitises-cueva-el-naranjo-y-laguna-cristal-from-sabana-de-la-mar","status":"publish","type":"product","link":"https:\/\/www.boattoursamana.com\/cs\/prohlidka\/los-haitises-cueva-el-naranjo-y-laguna-cristal-ze-sabana-de-la-mar","title":{"rendered":"Los Haitises: Cueva el Naranjo y Laguna Cristal ze Sabana de la Mar"},"content":{"rendered":"<div class=\"vc_row wpb_row vc_row-fluid\" ><div class=\"wpb_column vc_column_container vc_col-sm-12\"><div class=\"vc_column-inner\"><div class=\"wpb_wrapper\">\n\t<div class=\"wpb_text_column wpb_content_element\" >\n\t\t<div class=\"wpb_wrapper\">\n\t\t\t<h2><span style=\"font-weight: 400;\">Los Haitises: Cueva el Naranjo a Laguna Cristal<\/span><\/h2>\n<p>Sabana de la Mar<\/p>\n<p>&nbsp;<\/p>\n<p><b>P\u0159ehled<\/b><span style=\"font-weight: 400;\">\u00a0<\/span><\/p>\n<p>&nbsp;<\/p>\n<p><span style=\"font-weight: 400;\">N\u00e1rodn\u00ed park Los Haitises je p\u0159\u00edrodn\u00edm pokladem Dominik\u00e1nsk\u00e9 republiky, kde se v Hispaniole nach\u00e1z\u00ed 251 TP3T sladk\u00e9 vody. B\u011bhem tohoto z\u00e1\u017eitku proch\u00e1z\u00edme n\u011bkter\u00e1 z nejd\u016fle\u017eit\u011bj\u0161\u00edch m\u00edst tohoto \u00fa\u017easn\u00e9ho parku. Z\u00edskejte vstupenku na prohl\u00eddku jeskyn\u011b Ojo de Cielo, Laguna Cristal, \u0159eky Barracote a z\u00e1livu Samana.\u00a0<\/span><\/p>\n<p>&nbsp;<\/p>\n<p><span style=\"font-weight: 400;\">Z hydrografick\u00e9ho hlediska<\/span><span style=\"font-weight: 400;\">, Los Haitises a jeho oblasti vlivu zahrnuj\u00ed dva regiony: doln\u00ed povod\u00ed \u0159eky Yuna a oblast Miches a Sabana de la Mar. Yuna odt\u00e9k\u00e1 dv\u011bma \u00fast\u00edmi: \u00fast\u00edm samotn\u00e9 Yuny a \u00fast\u00edm Barracote. Krom\u011b toho se v t\u00e9to oblasti nach\u00e1zej\u00ed \u0159eky Payabo, Los Cocos a Naranjo a kan\u00e1ly Cabirma, Estero, Prieto a dal\u0161\u00ed.<\/span><\/p>\n<p>&nbsp;<\/p>\n<p><span style=\"font-weight: 400;\">O krajin\u011b Los Haitises,<\/span><span style=\"font-weight: 400;\"> krom\u011b jeskyn\u00ed jsou to Ca\u00f1o Hondo, Punta Arena, Ca\u00f1o Salado, Bah\u00eda de San Lorenzo a Cayo de los P\u00e1jaros, co\u017e jsou velmi p\u016fsobiv\u00e9 krajinn\u00e9 prvky. Ten, kter\u00fd se nach\u00e1z\u00ed mezi Boca del Infierno a El Naranjo Arriba, je snadno rozpoznateln\u00fd podle t\u00e9m\u011b\u0159 trval\u00e9 p\u0159\u00edtomnosti u\u0161\u00e1k\u016f a pelik\u00e1n\u016f.<\/span><\/p>\n<p>&nbsp;<\/p>\n<p><span style=\"font-weight: 400;\">O Sanchez City,<\/span><span style=\"font-weight: 400;\"> D\u0159\u00edve to bylo m\u011bste\u010dko Las Ca\u00f1itas, ale v roce 1888 bylo pov\u00fd\u0161eno na obec pojmenovanou po jednom ze zakladatel\u016f Dominik\u00e1nsk\u00e9 republiky, Franciscu del Rosario S\u00e1nchez. Po z\u0159\u00edzen\u00ed \u017eeleznice v roce 1865 rostla na v\u00fdznamu i po\u010dtu obyvatel. Tato tra\u0165 se roz\u0161\u00ed\u0159ila a\u017e do centr\u00e1ln\u00ed oblasti Cibao a od konce 19. stolet\u00ed do za\u010d\u00e1tku r. p\u0159\u00ed\u0161t\u00ed stolet\u00ed. .<\/span><\/p>\n<p>&nbsp;<\/p>\n<p><span style=\"font-weight: 400;\">O Laguna Cristal,<\/span><span style=\"font-weight: 400;\"> Laguna Cristal je kr\u00e1sn\u00fd zdroj sladk\u00e9 vody u bran n\u00e1rodn\u00edho parku Los Haitises, severn\u011b od provincie Monte Plata, kter\u00fd m\u00e1 jedine\u010dnou kr\u00e1su d\u00edky sv\u00fdm p\u0159\u00edrodn\u00edm zaj\u00edmavostem a klidu, kter\u00fd n\u00e1m poskytuje. Laguna je nap\u00e1jena podzemn\u00ed vodou, kter\u00e1 poch\u00e1z\u00ed ze sousedn\u00edho parku. Z laguny se na n\u011bkolik set metr\u016f vyno\u0159uje mal\u00e1 splavn\u00e1 \u0159\u00ed\u010dka, kter\u00e1 nap\u00e1j\u00ed \u0159eku Barracote, kter\u00e1 se pak vl\u00e9v\u00e1 do z\u00e1livu San Lorenzo. Bylo by asi 200 metr\u016f hlubok\u00e9 a 70 metr\u016f v pr\u016fm\u011bru.\u00a0<\/span><\/p>\n<p>&nbsp;<\/p>\n<p><span style=\"font-weight: 400;\">Jeskyn\u011b El Naranjo<\/span><span style=\"font-weight: 400;\">, \u0158eka El Naranjo, splavn\u00e1 i p\u0159es svou d\u00e9lku 120 metr\u016f, pramen\u00ed v jeskyni a lze ji pova\u017eovat za klenot p\u0159\u00edrody v n\u00e1rodn\u00edm parku Los Haitises, je to atrakce, kterou stoj\u00ed za to poznat, kter\u00e1 v\u00e1m umo\u017en\u00ed ocenit nejkrat\u0161\u00ed \u0159eku v oblasti ostrov, Na lodi se dostanete a\u017e na konec jeskyn\u011b, odkud poch\u00e1z\u00ed voda. Jeskyn\u011b je rezervo\u00e1rem pro netop\u00fdry a ror\u00fdse a jej\u00ed vody jsou domovem p\u016fvodn\u00edch druh\u016f ryb, kter\u00e9 jsou v jin\u00fdch \u0159ek\u00e1ch a potoc\u00edch minulost\u00ed, jako jsou guabiny, dajaos, carpias, krevety a krabi.<\/span><\/p>\n<p>&nbsp;<\/p>\n<p><b>Inkluze<\/b><\/p>\n<p><span style=\"font-weight: 400;\">V\u0161echny dan\u011b, poplatky a manipula\u010dn\u00ed poplatky<\/span><\/p>\n<p><span style=\"font-weight: 400;\">M\u00edstn\u00ed dan\u011b<\/span><\/p>\n<p><span style=\"font-weight: 400;\">\u00da\u0159edn\u00edci Ekologov\u00e9 pr\u016fvodce anglicky\/\u0161pan\u011blsky<\/span><\/p>\n<p><span style=\"font-weight: 400;\">M\u00edstn\u00ed doprava (vyzvednut\u00ed v hotelu)<\/span><\/p>\n<p><span style=\"font-weight: 400;\">Rychl\u00fd \u010dlun<\/span><\/p>\n<p><span style=\"font-weight: 400;\">M\u00edstn\u00ed ob\u011bd<\/span><\/p>\n<p><span style=\"font-weight: 400;\">Laguna Cristal\u00a0\u00a0<\/span><\/p>\n<p><span style=\"font-weight: 400;\">Cueva del Naranjo\u00a0<\/span><\/p>\n<p>&nbsp;<\/p>\n<p><b>V\u00fdluky<\/b><\/p>\n<p>&nbsp;<\/p>\n<p><span style=\"font-weight: 400;\">Spropitn\u00e9<\/span><\/p>\n<p><span style=\"font-weight: 400;\">N\u00e1poj<\/span><\/p>\n<p><span style=\"font-weight: 400;\">\u00a0<\/span><\/p>\n<p>&nbsp;<\/p>\n<p><b>Odjezd a n\u00e1vrat<\/b><\/p>\n<p><span style=\"font-weight: 400;\">Prohl\u00eddka organizovan\u00e1 \u201eBooking Adventures\u201c za\u010d\u00edn\u00e1 na m\u00edst\u011b setk\u00e1n\u00ed s pr\u016fvodcem. Cestovatel z\u00edsk\u00e1 m\u00edsto setk\u00e1n\u00ed po procesu rezervace. Prohl\u00eddky za\u010d\u00ednaj\u00ed a kon\u010d\u00ed v na\u0161ich shroma\u017e\u010fovac\u00edch m\u00edstech.<\/span><\/p>\n<p>&nbsp;<\/p>\n<p><b>Co \u010dekat?<\/b><\/p>\n<p><span style=\"font-weight: 400;\">Z\u00edskejte vstupenku na Searching For The Los Haitises: Los Haitises: Cueva el Naranjo y Laguna Cristal, tato zku\u0161enost v\u00e1m d\u00e1 p\u0159\u00edle\u017eitost vid\u011bt v\u011bt\u0161inu biologick\u00e9 rozmanitosti ostrova.\u00a0<\/span><\/p>\n<p>&nbsp;<\/p>\n<p><span style=\"font-weight: 400;\">Tato aktivita za\u010dne va\u0161\u00edm vyzvednut\u00edm z va\u0161eho ubytov\u00e1n\u00ed v kter\u00e9koli z t\u011bchto oblast\u00ed:<\/span><\/p>\n<ul>\n<li style=\"font-weight: 400;\" aria-level=\"1\"><span style=\"font-weight: 400;\">Las Terrenas\u00a0<\/span><\/li>\n<li style=\"font-weight: 400;\" aria-level=\"1\"><span style=\"font-weight: 400;\">Sanchez\u00a0<\/span><\/li>\n<li style=\"font-weight: 400;\" aria-level=\"1\"><span style=\"font-weight: 400;\">Las Galeras<\/span><\/li>\n<li style=\"font-weight: 400;\" aria-level=\"1\"><span style=\"font-weight: 400;\">Santa Barbara de Samana\u00a0<\/span><\/li>\n<\/ul>\n<h3><b>Pl\u00e1n<\/b><b>\u00a0<\/b><\/h3>\n<p><b>Sanchez Samana, Koup\u00e1n\u00ed v Laguna Cristal a El Naranjo River &amp; Caves\u00a0<\/b><\/p>\n<p>&nbsp;<\/p>\n<p><span style=\"font-weight: 400;\">Vyzvednut\u00ed v hotelu: za\u010d\u00edn\u00e1 v 7:00 (podle toho, kde se nach\u00e1z\u00edte). V rezerva\u010dn\u00edm formul\u00e1\u0159i jsou r\u016fzn\u00e9 mo\u017enosti na\u010dasov\u00e1n\u00ed. Prohl\u00eddka trv\u00e1 8 hodin.\u00a0<\/span><\/p>\n<p>&nbsp;<\/p>\n<p><span style=\"font-weight: 400;\">Dnes bude brzy r\u00e1no, abychom v\u00e1s vyzvedli z va\u0161eho hotelu a odvezli v\u00e1s na m\u00edsto setk\u00e1n\u00ed v Sanchez Samana, kde se setk\u00e1te s m\u00edstn\u00edm pr\u016fvodcem, ne\u017e si projdete itiner\u00e1\u0159 po zbytek dne.\u00a0<\/span><\/p>\n<p>&nbsp;<\/p>\n<p><span style=\"font-weight: 400;\">Kdy\u017e se p\u0159iprav\u00edte, nalod\u00edme se na n\u00e1\u0161 motorov\u00fd \u010dlun a zam\u00ed\u0159\u00edme do El Naranjo, co\u017e je prvn\u00ed zast\u00e1vka dne, kde se do jeskyn\u011b vyprav\u00edme lod\u00ed a zaplaveme si ve sladk\u00e9 vod\u011b nejkrat\u0161\u00ed \u0159eky ostrova.\u00a0<\/span><\/p>\n<p>&nbsp;<\/p>\n<p><span style=\"font-weight: 400;\">Va\u0161e druh\u00e1 plavba lod\u00ed povede p\u0159es \u0159eku Barracote do Laguna Cristal. Budeme muset splavit jednu z nejv\u011bt\u0161\u00edch \u0159ek na severov\u00fdchod\u011b zem\u011b. V Cristal Area budeme m\u00edt p\u0159est\u00e1vku na ob\u011bd, ne\u017e sko\u010d\u00edme do vody.<\/span><\/p>\n<p>&nbsp;<\/p>\n<p><span style=\"font-weight: 400;\">Po ochutn\u00e1n\u00ed m\u00edstn\u00edho ob\u011bda si d\u00e1me siestu u Cristal Lagoon a pak se p\u016fjdeme koupat, ne\u017e se vyd\u00e1me zp\u011bt do Sanchez Samana.\u00a0<\/span><\/p>\n<p>&nbsp;<\/p>\n<p><span style=\"font-weight: 400;\">Odjezd z hotelu: 16:00 nebo pozd\u011bji v z\u00e1vislosti na \u010dase, kdy jste za\u010dali cestu. Celkov\u00e1 d\u00e9lka prohl\u00eddky je 8 hodin.\u00a0<\/span><\/p>\n<p>&nbsp;<\/p>\n<p><span style=\"font-weight: 400;\">Dny a aktivity itiner\u00e1\u0159e se mohou bez upozorn\u011bn\u00ed zm\u011bnit z d\u016fvodu nep\u0159edv\u00eddan\u00fdch okolnost\u00ed nebo ud\u00e1lost\u00ed. Dal\u0161\u00ed informace naleznete v \u00fapln\u00fdch podm\u00ednk\u00e1ch.<\/span><\/p>\n\n\t\t<\/div>\n\t<\/div>\n<\/div><\/div><\/div><\/div>","protected":false},"excerpt":{"rendered":"<p>N\u00e1v\u0161t\u011bva \u0159eky el Naranjo s jeskyn\u00ed a Cristal Lagun v n\u00e1rodn\u00edm parku Los Haitises s m\u00edstn\u00edm odborn\u00fdm pr\u016fvodcem. Ob\u011bd a doprava jsou zahrnuty v Sabana de la mar.<\/p>","protected":false},"featured_media":16644,"template":"","meta":[],"product_cat":[1096],"product_tag":[1097],"class_list":["post-16647","product","type-product","status-publish","has-post-thumbnail","hentry","product_cat-haitises","product_tag-haitises"],"_links":{"self":[{"href":"https:\/\/www.boattoursamana.com\/cs\/wp-json\/wp\/v2\/product\/16647","targetHints":{"allow":["GET"]}}],"collection":[{"href":"https:\/\/www.boattoursamana.com\/cs\/wp-json\/wp\/v2\/product"}],"about":[{"href":"https:\/\/www.boattoursamana.com\/cs\/wp-json\/wp\/v2\/types\/product"}],"wp:featuredmedia":[{"embeddable":true,"href":"https:\/\/www.boattoursamana.com\/cs\/wp-json\/wp\/v2\/media\/16644"}],"wp:attachment":[{"href":"https:\/\/www.boattoursamana.com\/cs\/wp-json\/wp\/v2\/media?parent=16647"}],"wp:term":[{"taxonomy":"product_cat","embeddable":true,"href":"https:\/\/www.boattoursamana.com\/cs\/wp-json\/wp\/v2\/product_cat?post=16647"},{"taxonomy":"product_tag","embeddable":true,"href":"https:\/\/www.boattoursamana.com\/cs\/wp-json\/wp\/v2\/product_tag?post=16647"}],"curies":[{"name":"wp","href":"https:\/\/api.w.org\/{rel}","templated":true}]}}