{"id":8209,"date":"2019-03-15T16:41:53","date_gmt":"2019-03-15T16:41:53","guid":{"rendered":"https:\/\/www.ticketswhales.com\/?post_type=product&#038;p=8209"},"modified":"2023-03-20T09:33:32","modified_gmt":"2023-03-20T09:33:32","slug":"el-limon-waterfall-bacardi-island-cayo-levantado-excursion-from-punta-cana-areas-meeting-point-sabana-de-la-mar","status":"publish","type":"product","link":"https:\/\/www.boattoursamana.com\/cs\/prohlidka\/vodopad-el-limon-ostrov-bacardi-cayo-levantado-vylet-z-oblasti-punta-cana-misto-setkani-sabana-de-la-mar","title":{"rendered":"Vodop\u00e1dy El Lim\u00f3n a ostrov Bacardi \u2013 v\u00fdlet z oblasti Punta Cana (m\u00edsto setk\u00e1n\u00ed Sabana de la Mar)"},"content":{"rendered":"<div class=\"vc_row wpb_row vc_row-fluid\" ><div class=\"wpb_column vc_column_container vc_col-sm-12\"><div class=\"vc_column-inner\"><div class=\"wpb_wrapper\"><div class=\"mkdf-section-title-holder\" style=\"text-align: left\">\n\t<div class=\"mkdf-st-inner\">\n\t\t\t\t\t<h5 class=\"mkdf-st-subtitle\" >\n\t\t\t\t(m\u00edsto setk\u00e1n\u00ed Sabana de la mar)\t\t\t<\/h5>\n\t\t\t\t\t\t\t<h3 class=\"mkdf-st-title\" >\n\t\t\t\tVodop\u00e1dy El Limon a ostrov Bacardi - Exkurze z oblasti Punta Cana\t\t\t<\/h3>\n\t\t\t\t\t<\/div>\n<\/div><\/div><\/div><\/div><\/div><div class=\"vc_row wpb_row vc_row-fluid\" ><div class=\"wpb_column vc_column_container vc_col-sm-12\"><div class=\"vc_column-inner\"><div class=\"wpb_wrapper\"><div class=\"vc_btn3-container vc_btn3-inline\" ><button class=\"vc_general vc_btn3 vc_btn3-size-md vc_btn3-shape-rounded vc_btn3-style-modern vc_btn3-color-green\">ZAREZERVOVAT HNED<\/button><\/div>\n\t<div class=\"wpb_text_column wpb_content_element\" >\n\t\t<div class=\"wpb_wrapper\">\n\t\t\t<h4><b><i>P\u0159ehled <\/i><\/b><\/h4>\n<p>Pokud jste v Punta Cana nebo Bavaru, hled\u00e1te jednodenn\u00ed v\u00fdlet, kter\u00fd zaplat\u00ed m\u00e9n\u011b ne\u017e norm\u00e1ln\u011b. Sta\u010d\u00ed si rezervovat tento v\u00fdlet z oblasti Sabana de la Mar. N\u00e1v\u0161t\u011bva komunity Samana na Safari s c\u00edlem dorazit do komunity El Lim\u00f3n, j\u00edzda na koni nebo p\u011b\u0161\u00ed turistika k vodop\u00e1d\u016fm po p\u0159ekro\u010den\u00ed z\u00e1livu Samana a \u010das Luch na ostrov\u011b Bacardi. Tento v\u00fdlet za\u010d\u00edn\u00e1 v 9:00 a kon\u010d\u00ed v 16:30.<\/p>\n<p>Po t\u00e9to zku\u0161enosti se dostanete zp\u011bt do p\u0159\u00edstavu Sabana de la Mar.<\/p>\n<ul>\n<li style=\"font-weight: 400;\">Poplatky v cen\u011b<\/li>\n<li>Ob\u011bd na pl\u00e1\u017ei v cen\u011b<\/li>\n<li style=\"font-weight: 400;\"><span style=\"font-weight: 400;\">Pr\u016fvodce poskytuje instrukce a supervizi<\/span><\/li>\n<\/ul>\n<p>&nbsp;<\/p>\n<h4><b>Zahrnut\u00ed a vylou\u010den\u00ed<\/b><\/h4>\n<p>&nbsp;<\/p>\n<p><b>Inkluze<\/b><\/p>\n<ol>\n<li style=\"font-weight: 400;\">Z\u00e1toka Saman\u00e1<\/li>\n<li>Ostrov Bacardi, pl\u00e1\u017e a ob\u011bd<\/li>\n<li>Safari do El Lim\u00f3n<\/li>\n<li>J\u00edzda na koni nebo p\u011b\u0161\u00ed turistika k vodop\u00e1d\u016fm<\/li>\n<li>Dominik\u00e1nsk\u00e9 koktejly<\/li>\n<li style=\"font-weight: 400;\"><span style=\"font-weight: 400;\">V\u0161echny dan\u011b, poplatky a manipula\u010dn\u00ed poplatky<\/span><\/li>\n<li style=\"font-weight: 400;\"><span style=\"font-weight: 400;\">M\u00edstn\u00ed dan\u011b<\/span><\/li>\n<li style=\"font-weight: 400;\"><span style=\"font-weight: 400;\">N\u00e1poje<\/span><\/li>\n<li style=\"font-weight: 400;\"><span style=\"font-weight: 400;\">V\u0161echny aktivity<\/span><\/li>\n<li style=\"font-weight: 400;\"><span style=\"font-weight: 400;\">M\u00edstn\u00ed pr\u016fvodce<\/span><\/li>\n<\/ol>\n<p><b> V\u00fdluky<\/b><\/p>\n<ol>\n<li style=\"font-weight: 400;\"><span style=\"font-weight: 400;\">Spropitn\u00e9<\/span><\/li>\n<li style=\"font-weight: 400;\"><span style=\"font-weight: 400;\">Transfery z Punta Cana nejsou zahrnuty<\/span><\/li>\n<li style=\"font-weight: 400;\"><span style=\"font-weight: 400;\">Alkoholick\u00e9 n\u00e1poje po koktejlech\u00a0<\/span><\/li>\n<\/ol>\n<p>&nbsp;<\/p>\n<h4><em><strong>Odjezd a n\u00e1vrat<\/strong><\/em><\/h4>\n<p><span style=\"font-weight: 400;\">Cestovatel z\u00edsk\u00e1 m\u00edsto setk\u00e1n\u00ed po procesu rezervace. Prohl\u00eddky za\u010d\u00ednaj\u00ed a kon\u010d\u00ed v m\u00edstech setk\u00e1n\u00ed.<\/span><\/p>\n<p>&nbsp;<\/p>\n<h4><b><i>Co \u010dekat?<\/i><\/b><\/h4>\n<p>&nbsp;<\/p>\n<p><em><strong>Z\u00edskejte vstupenky<\/strong><\/em> pro n\u00e1v\u0161t\u011bvu vodop\u00e1d\u016f na kon\u00edch, j\u00edzdu na koni nebo p\u011b\u0161\u00ed turistiku, Safari Saman\u00e1, plav\u00e1n\u00ed v p\u0159\u00edrodn\u00edch pramenech z vodop\u00e1d\u016f ob\u011bd na ostrov\u011b Bacardi plus Beach Time.<\/p>\n<p>Vych\u00e1z\u00edme z p\u0159\u00edstav\u016f Sabana de la Mar na palub\u011b \u010dlunu nebo katamar\u00e1nu s m\u00edstn\u00edm pr\u016fvodcem a proj\u00ed\u017ed\u00edme z\u00e1liv Saman\u00e1 do komunity Saman\u00e1. Vydejte se na safari s m\u00edstn\u00edm pr\u016fvodcem a promluvte si o historii Saman\u00e1, dokud nedoraz\u00edte do komunity El Limon. V obci El Lim\u00f3n za\u010dneme p\u011b\u0161\u00ed turistiku nebo j\u00edzdu na koni lesem vodop\u00e1d\u016f El Limon k vodop\u00e1d\u016fm El Lim\u00f3n. Kde, a\u017e doraz\u00edme, m\u016f\u017eeme plavat! Po n\u00e1vratu do Safari j\u00edt do p\u0159\u00edstavu Samana. Nav\u0161tivte ostrov Bacardi na ob\u011bd na pl\u00e1\u017ei a koup\u00e1n\u00ed na jednom z nejkr\u00e1sn\u011bj\u0161\u00edch ostrov\u016f Dominik\u00e1nsk\u00e9 republiky.<\/p>\n<p>V p\u0159\u00edpad\u011b, \u017ee se v\u00e1m tento v\u00fdlet bude l\u00edbit del\u0161\u00ed nebo krat\u0161\u00ed, m\u00e1me tyto mo\u017enosti:<\/p>\n<ol>\n<li><a href=\"https:\/\/www.boattoursamana.com\/cs\/prohlidka\/prohlidka-narodniho-parku-los-haitises-z-pristavu-samana\/\">Los Haitises + Cayo Levantado z p\u0159\u00edstavu Samana.<\/a><\/li>\n<li><a href=\"https:\/\/www.boattoursamana.com\/cs\/prohlidka\/obed-v-narodnim-parku-los-haitises-v-cano-hondo-z-pristavu-samana\/\">Los Haitises + Cano Hondo z p\u0159\u00edstavu Samana.<\/a><\/li>\n<\/ol>\n<p>&nbsp;<\/p>\n<h4><em><strong>Co byste m\u011bli p\u0159in\u00e9st?<\/strong><\/em><\/h4>\n<ul>\n<li style=\"font-weight: 400;\"><span style=\"font-weight: 400;\">Fotoapar\u00e1t<\/span><\/li>\n<li style=\"font-weight: 400;\"><span style=\"font-weight: 400;\">Repelentn\u00ed pupeny<\/span><\/li>\n<li style=\"font-weight: 400;\"><span style=\"font-weight: 400;\">opalovac\u00ed kr\u00e9m<\/span><\/li>\n<li style=\"font-weight: 400;\"><span style=\"font-weight: 400;\">\u010cepice<\/span><\/li>\n<li style=\"font-weight: 400;\"><span style=\"font-weight: 400;\">Pohodln\u00e9 kalhoty<\/span><\/li>\n<li style=\"font-weight: 400;\"><span style=\"font-weight: 400;\">Turistick\u00e9 boty do lesa<\/span><\/li>\n<li style=\"font-weight: 400;\"><span style=\"font-weight: 400;\">Sand\u00e1ly do jarn\u00edch oblast\u00ed.<\/span><\/li>\n<li style=\"font-weight: 400;\"><span style=\"font-weight: 400;\">Plavky<\/span><\/li>\n<\/ul>\n<p>&nbsp;<\/p>\n<h4><b><i>Hotel vyzvednut\u00ed <\/i><\/b><\/h4>\n<p><span style=\"font-weight: 400;\">Vyzvednut\u00ed v hotelu nen\u00ed pro tento z\u00e1jezd nab\u00edzeno. Ale kdy\u017e n\u00e1s kontaktujete, m\u016f\u017eeme si o tom promluvit.<\/span><\/p>\n<p>&nbsp;<\/p>\n<p><b>Pozn\u00e1mka:<\/b><span style=\"font-weight: 400;\"> pokud prov\u00e1d\u00edte rezervaci do 24 hodin od \u010dasu odjezdu z\u00e1jezdu\/exkurze, m\u016f\u017eeme za\u0159\u00eddit vyzvednut\u00ed v hotelu za p\u0159\u00edplatek. Jakmile bude v\u00e1\u0161 n\u00e1kup dokon\u010den, za\u0161leme v\u00e1m kompletn\u00ed kontaktn\u00ed informace (telefonn\u00ed \u010d\u00edslo, e-mailovou adresu atd.) pro na\u0161eho m\u00edstn\u00edho pr\u016fvodce, abychom mohli zajistit vyzvednut\u00ed.<\/span><\/p>\n<h4><b><i>Potvrzen\u00ed dal\u0161\u00edch informac\u00ed <\/i><\/b><\/h4>\n<ol>\n<li>Vstupenky jsou \u00fa\u010dtenkou po zaplacen\u00ed tohoto z\u00e1jezdu. Platbu m\u016f\u017eete zobrazit na telefonu.<\/li>\n<li style=\"font-weight: 400;\"><span style=\"font-weight: 400;\">M\u00edsto setk\u00e1n\u00ed bude obdr\u017eeno po procesu rezervace.<\/span><\/li>\n<li style=\"font-weight: 400;\"><span style=\"font-weight: 400;\">D\u011bti mus\u00ed b\u00fdt v doprovodu dosp\u011bl\u00e9 osoby.<\/span><\/li>\n<li style=\"font-weight: 400;\"><span style=\"font-weight: 400;\"> Bezbari\u00e9rov\u00fd p\u0159\u00edstup <\/span><\/li>\n<li style=\"font-weight: 400;\"><span style=\"font-weight: 400;\">D\u011bti mus\u00ed sed\u011bt na kl\u00edn\u011b <\/span><\/li>\n<li style=\"font-weight: 400;\"><span style=\"font-weight: 400;\">Nedoporu\u010duje se pro cestovatele s probl\u00e9my se z\u00e1dy<\/span><\/li>\n<li style=\"font-weight: 400;\"><span style=\"font-weight: 400;\">Nedoporu\u010duje se t\u011bhotn\u00fdm cestovatel\u016fm <\/span><\/li>\n<li style=\"font-weight: 400;\"><span style=\"font-weight: 400;\"> \u017d\u00e1dn\u00e9 probl\u00e9my se srdcem ani jin\u00e9 z\u00e1va\u017en\u00e9 zdravotn\u00ed stavy <\/span><\/li>\n<li style=\"font-weight: 400;\"><span style=\"font-weight: 400;\">Z\u00fa\u010dastnit se m\u016f\u017ee v\u011bt\u0161ina cestovatel\u016f<\/span><\/li>\n<\/ol>\n<h4><b><i>Storno podm\u00ednky<\/i><\/b><\/h4>\n<p>Chcete-li z\u00edskat plnou n\u00e1hradu, p\u0159e\u010dt\u011bte si na\u0161e storno podm\u00ednky\u00a0<a href=\"https:\/\/www.boattoursamana.com\/cs\/online-rezervace\/\" target=\"_blank\" rel=\"noopener\" data-saferedirecturl=\"https:\/\/www.google.com\/url?q=https:\/\/www.boattoursamana.com\/online-booking\/&amp;source=gmail&amp;ust=1672449202351000&amp;usg=AOvVaw1yAeVAPktmaVCqDujgUn90\">Klikn\u011bte zde<\/a>. Prost\u0159edky budou ztraceny, pokud bude rezervace zru\u0161ena ve stejn\u00fd den cesty.<\/p>\n\n\t\t<\/div>\n\t<\/div>\n<div class=\"vc_btn3-container vc_btn3-inline\" ><button class=\"vc_general vc_btn3 vc_btn3-size-md vc_btn3-shape-rounded vc_btn3-style-modern vc_btn3-color-green\">ZAREZERVOVAT HNED<\/button><\/div><\/div><\/div><\/div><\/div><div class=\"vc_row wpb_row vc_row-fluid\" ><div class=\"wpb_column vc_column_container vc_col-sm-12\"><div class=\"vc_column-inner\"><div class=\"wpb_wrapper\"><div class=\"vc_empty_space\"   style=\"height: 32px\"><span class=\"vc_empty_space_inner\"><\/span><\/div>\n\t<div class=\"wpb_text_column wpb_content_element\" >\n\t\t<div class=\"wpb_wrapper\">\n\t\t\t<h4>Kontaktujte n\u00e1s?<\/h4>\n<h5><em><strong>Rezervace dobrodru\u017estv\u00ed<\/strong><\/em><\/h5>\n<p><em><strong>M\u00edstn\u00ed obyvatel\u00e9<\/strong> a <strong>st\u00e1tn\u00ed p\u0159\u00edslu\u0161n\u00edci<\/strong> Pr\u016fvodci a slu\u017eby pro hosty<\/em><\/p>\n<p><span class=\"text-turquoise\">Rezervace:<\/span> Prohl\u00eddky a exkurze v Dom. Rep.<\/p>\n<p><img decoding=\"async\" class=\"emoji\" draggable=\"false\" src=\"https:\/\/s.w.org\/images\/core\/emoji\/11.2.0\/svg\/1f4de.svg\" alt=\"\ud83d\udcde\" title=\"\"> Tel \/ Whatsapp\u00a0 <a href=\"tel:+1-809-720-6035\">+1-809-720-6035<\/a>.<\/p>\n<p><img decoding=\"async\" class=\"emoji\" draggable=\"false\" src=\"https:\/\/s.w.org\/images\/core\/emoji\/11.2.0\/svg\/1f4e9.svg\" alt=\"\ud83d\udce9\" title=\"\"> <a href=\"mailto:info@bookingadventures.com.do\">info@bookingadventures.com.do<\/a><\/p>\n<p><strong>Flexibiln\u011b nastavujeme soukrom\u00e9 prohl\u00eddky od Whatsapp: <a href=\"tel:+18097206035\">+18097206035.<\/a><\/strong><\/p>\n\n\t\t<\/div>\n\t<\/div>\n<div class=\"vc_empty_space\"   style=\"height: 32px\"><span class=\"vc_empty_space_inner\"><\/span><\/div><\/div><\/div><\/div><\/div><div class=\"vc_row wpb_row vc_row-fluid\" ><div class=\"wpb_column vc_column_container vc_col-sm-12\"><div class=\"vc_column-inner\"><div class=\"wpb_wrapper\"><div class=\"vc_btn3-container vc_btn3-inline\" ><button class=\"vc_general vc_btn3 vc_btn3-size-md vc_btn3-shape-rounded vc_btn3-style-modern vc_btn3-color-green\">ZAREZERVOVAT HNED<\/button><\/div><\/div><\/div><\/div><\/div>","protected":false},"excerpt":{"rendered":"<p><strong>Vyberte pros\u00edm datum turn\u00e9\u00a0<\/strong><\/p>","protected":false},"featured_media":8269,"template":"","meta":[],"product_cat":[255,961,962,178,189,160,972,963,190,253,254],"product_tag":[184,183,223,185,222,175,186,187],"class_list":["post-8209","product","type-product","status-publish","has-post-thumbnail","hentry","product_cat-tours-excursions-samana-bay-dominican-republic","product_cat-el-limon-horseback-riding","product_cat-el-limon-sabana-de-la-mar-miches","product_cat-hiking","product_cat-horse-riding-to-waterfalls","product_cat-lunch","product_cat-punta-cana-group-tours","product_cat-punta-cana-samana-day-trips","product_cat-safari-samana","product_cat-tours-and-excursions","product_cat-tours-excursions-los-haitises-national-park","product_tag-bacardi-island","product_tag-beach-time","product_tag-cayo-levantado","product_tag-el-limon-waterfalls","product_tag-punta-cana","product_tag-sabana-de-la-mar","product_tag-samana","product_tag-samana-tours"],"_links":{"self":[{"href":"https:\/\/www.boattoursamana.com\/cs\/wp-json\/wp\/v2\/product\/8209","targetHints":{"allow":["GET"]}}],"collection":[{"href":"https:\/\/www.boattoursamana.com\/cs\/wp-json\/wp\/v2\/product"}],"about":[{"href":"https:\/\/www.boattoursamana.com\/cs\/wp-json\/wp\/v2\/types\/product"}],"wp:featuredmedia":[{"embeddable":true,"href":"https:\/\/www.boattoursamana.com\/cs\/wp-json\/wp\/v2\/media\/8269"}],"wp:attachment":[{"href":"https:\/\/www.boattoursamana.com\/cs\/wp-json\/wp\/v2\/media?parent=8209"}],"wp:term":[{"taxonomy":"product_cat","embeddable":true,"href":"https:\/\/www.boattoursamana.com\/cs\/wp-json\/wp\/v2\/product_cat?post=8209"},{"taxonomy":"product_tag","embeddable":true,"href":"https:\/\/www.boattoursamana.com\/cs\/wp-json\/wp\/v2\/product_tag?post=8209"}],"curies":[{"name":"wp","href":"https:\/\/api.w.org\/{rel}","templated":true}]}}