{"id":8219,"date":"2019-03-16T18:39:56","date_gmt":"2019-03-16T18:39:56","guid":{"rendered":"https:\/\/www.ticketswhales.com\/?post_type=product&#038;p=8219"},"modified":"2023-03-17T20:38:08","modified_gmt":"2023-03-17T20:38:08","slug":"los-haitises-national-park-lunch-at-cano-hondo-from-samana-port","status":"publish","type":"product","link":"https:\/\/www.boattoursamana.com\/cs\/prohlidka\/obed-v-narodnim-parku-los-haitises-v-cano-hondo-z-pristavu-samana","title":{"rendered":"N\u00e1rodn\u00ed park Los Haitises + ob\u011bd v Ca\u00f1o Hondo z p\u0159\u00edstavu Saman\u00e1."},"content":{"rendered":"<div class=\"vc_row wpb_row vc_row-fluid\" ><div class=\"wpb_column vc_column_container vc_col-sm-12\"><div class=\"vc_column-inner\"><div class=\"wpb_wrapper\"><div class=\"mkdf-section-title-holder\" style=\"text-align: left\">\n\t<div class=\"mkdf-st-inner\">\n\t\t\t\t\t<h5 class=\"mkdf-st-subtitle\" >\n\t\t\t\tOb\u011bd a koup\u00e1n\u00ed v p\u0159\u00edrodn\u00edch pramenech\t\t\t<\/h5>\n\t\t\t\t\t\t\t<h3 class=\"mkdf-st-title\" >\n\t\t\t\tN\u00e1rodn\u00ed park Los Haitises + ob\u011bd v Cano Hondo z p\u0159\u00edstavu Samana.\t\t\t<\/h3>\n\t\t\t\t\t<\/div>\n<\/div><div class=\"vc_btn3-container vc_btn3-inline\" ><a class=\"vc_general vc_btn3 vc_btn3-size-md vc_btn3-shape-rounded vc_btn3-style-modern vc_btn3-color-green\" href=\"https:\/\/bookingadventures.tours\/booking.php?tour_id=6ed21424a849c63fc6398949d1f80266\" title=\"\" rel=\"noopener\">ZAREZERVOVAT HNED<\/a><\/div><\/div><\/div><\/div><\/div><div class=\"vc_row wpb_row vc_row-fluid\" ><div class=\"wpb_column vc_column_container vc_col-sm-12\"><div class=\"vc_column-inner\"><div class=\"wpb_wrapper\">\n\t<div class=\"wpb_text_column wpb_content_element\" >\n\t\t<div class=\"wpb_wrapper\">\n\t\t\t<h4><b><i>P\u0159ehled <\/i><\/b><\/h4>\n<p><strong>N\u00e1rodn\u00ed park Los Haitises<\/strong> od p\u0159\u00edstavu Saman\u00e1 plus \u00fa\u017easn\u00fd ob\u011bd a koup\u00e1n\u00ed v p\u0159\u00edrodn\u00edch pramenech <strong>Ca\u00f1o <\/strong>Hondo Ecolodge. Poj\u010fte s n\u00e1mi nav\u0161t\u00edvit nejkr\u00e1sn\u011bj\u0161\u00ed n\u00e1rodn\u00ed park Dominik\u00e1nsk\u00e9 republiky, nav\u0161t\u00edvit mangrovy, jeskyn\u011b a z\u00e1liv San Lorenzo a p\u0159ekro\u010dit n\u00e1dhernou z\u00e1toku Saman\u00e1. Po ob\u011bd\u011b v Ca\u00f1o Hondo se m\u016f\u017eete n\u011bkolik hodin koupat v p\u0159\u00edrodn\u00edm prameni a pak se vr\u00e1tit do p\u0159\u00edstavu Saman\u00e1.<\/p>\n<p>Po t\u00e9to zku\u0161enosti se dostanete zp\u011bt do p\u0159\u00edstavu Saman\u00e1.<\/p>\n<ul>\n<li style=\"font-weight: 400;\">Poplatky v cen\u011b<\/li>\n<li style=\"font-weight: 400;\"><span style=\"font-weight: 400;\">Pr\u016fvodce poskytuje instrukce a supervizi<\/span><\/li>\n<\/ul>\n<p>&nbsp;<\/p>\n<h4><b>Zahrnut\u00ed a vylou\u010den\u00ed<\/b><\/h4>\n<p>&nbsp;<\/p>\n<p><b>Inkluze<\/b><\/p>\n<ol>\n<li style=\"font-weight: 400;\">Prohl\u00eddka Los Haitises + jeskyn\u011b a piktogramy<\/li>\n<li>Ob\u011bd v Ca\u00f1o Hondo<\/li>\n<li>Koup\u00e1n\u00ed v p\u0159\u00edrodn\u00edch pramenech<\/li>\n<li style=\"font-weight: 400;\"><span style=\"font-weight: 400;\">V\u0161echny dan\u011b, poplatky a manipula\u010dn\u00ed poplatky<\/span><\/li>\n<li style=\"font-weight: 400;\"><span style=\"font-weight: 400;\">M\u00edstn\u00ed dan\u011b<\/span><\/li>\n<li style=\"font-weight: 400;\"><span style=\"font-weight: 400;\">N\u00e1poje<\/span><\/li>\n<li style=\"font-weight: 400;\"><span style=\"font-weight: 400;\">V\u0161echny aktivity<\/span><\/li>\n<li style=\"font-weight: 400;\"><span style=\"font-weight: 400;\">M\u00edstn\u00ed pr\u016fvodce<\/span><\/li>\n<\/ol>\n<p><b> V\u00fdluky<\/b><\/p>\n<ol>\n<li style=\"font-weight: 400;\"><span style=\"font-weight: 400;\">Spropitn\u00e9<\/span><\/li>\n<li style=\"font-weight: 400;\"><span style=\"font-weight: 400;\">P\u0159evod<\/span><\/li>\n<li style=\"font-weight: 400;\"><span style=\"font-weight: 400;\">Alkoholick\u00e9 n\u00e1poje<\/span><\/li>\n<\/ol>\n<p>&nbsp;<\/p>\n<h4><em><strong>Odjezd a n\u00e1vrat<\/strong><\/em><\/h4>\n<p><span style=\"font-weight: 400;\">Cestovatel z\u00edsk\u00e1 m\u00edsto setk\u00e1n\u00ed po procesu rezervace. Prohl\u00eddky za\u010d\u00ednaj\u00ed a kon\u010d\u00ed v m\u00edstech setk\u00e1n\u00ed.<\/span><\/p>\n<p>&nbsp;<\/p>\n<h4><b><i>Co \u010dekat?<\/i><\/b><\/h4>\n<p>&nbsp;<\/p>\n<p><em><strong>Z\u00edskejte vstupenky<\/strong><\/em> za n\u00e1v\u0161t\u011bvu n\u00e1rodn\u00edho parku Los Haitises s \u00fa\u017easn\u00fdm ob\u011bdem v Ca\u00f1o Hondo a koup\u00e1n\u00edm v p\u0159\u00edrodn\u00edch pramenech.<\/p>\n<p>Z p\u0159\u00edstavu Saman\u00e1 na palub\u011b \u010dlunu nebo katamar\u00e1nu s m\u00edstn\u00edm pr\u016fvodcem projedeme z\u00e1liv Saman\u00e1 na stranu Sabana de la Mar, kde nav\u0161t\u00edv\u00edme jeden z nejkr\u00e1sn\u011bj\u0161\u00edch n\u00e1rodn\u00edch park\u016f Dominik\u00e1nsk\u00e9 republiky. <em><strong>N\u00e1rodn\u00ed park Haitises<\/strong><\/em>.<\/p>\n<p>. N\u00e1v\u0161t\u011bva ostrova s pt\u00e1ky kolem. V hn\u00edzdn\u00ed sez\u00f3n\u011b m\u016f\u017eeme na hn\u00edzdech spat\u0159it i ml\u00e1\u010fata Pelecanos. Dostat se v\u00edce do Rocky Islands a nav\u0161t\u00edvit jeskyn\u011b s piktogramy a petrografy od domorod\u00fdch obyvatel.<\/p>\n<p>Prohl\u00eddka organizovan\u00e1 \u201eBooking Adventures\u201c za\u010d\u00edn\u00e1 na m\u00edst\u011b setk\u00e1n\u00ed s pr\u016fvodcem. P\u0159ij\u010fte s Booking Adventures a za\u010dn\u011bte si prohl\u00ed\u017eet mangrovy pln\u00e9 pt\u00e1k\u016f, zvln\u011bn\u00e9 kopce bujn\u00e9 vegetace a jeskyn\u011b <em><strong>N\u00e1rodn\u00ed park Los Haitises<\/strong><\/em>.<\/p>\n<div class=\"body-description secondary\">\n<p>N\u00e1zev n\u00e1rodn\u00edho parku poch\u00e1z\u00ed od jeho p\u016fvodn\u00edch obyvatel, indi\u00e1n\u016f Taino. V jejich jazyce \u201ehaitises\u201c znamen\u00e1 vyso\u010diny nebo kopce, co\u017e je odkaz na strm\u00e9 geologick\u00e9 \u00fatvary pob\u0159e\u017e\u00ed s v\u00e1penci. Vydejte se hloub\u011bji do parku a prozkoumejte jeskyn\u011b, jako je Cueva San Gabriel, <em><strong>Cueva de la Arena<\/strong><\/em> a <strong><em>Cueva de la L\u00ednea.<\/em><\/strong><\/p>\n<p>Jeskyn\u011b v rezervaci byly vyu\u017e\u00edv\u00e1ny jako \u00fakryt indi\u00e1ny Taino a pozd\u011bji i \u00fakryty pir\u00e1t\u016f. Hledejte kresby indi\u00e1n\u016f, kter\u00e9 zdob\u00ed n\u011bkter\u00e9 st\u011bny.<\/p>\n<p>Po n\u00e1v\u0161t\u011bv\u011b n\u00e1rodn\u00edho parku Los Haitises pojedeme do Cano Hondo. V Cano Hondo se dozv\u00edte o historii t\u00e9to ekolodge a o ob\u011bd\u011b s typick\u00fdm j\u00eddlem z komunity Sabana de la mar.<\/p>\n<p>Ob\u011bd bude v\u00fdborn\u00fd, ale je\u0161t\u011b jsme neskon\u010dili. Po ob\u011bd\u011b se vykoupeme v p\u0159\u00edrodn\u00edm prameni od \u0159eky Jibales, vytrval\u00e9 \u0159eky, po \u0159eku Ca\u00f1o Hondo. Z\u016fstaneme v Ca\u00f1o Hondo do 16:00 a vr\u00e1t\u00edme se zp\u011bt do p\u0159\u00edstavu Saman\u00e1, projedeme op\u011bt mangrovy a Land u otev\u0159en\u00e9 z\u00e1toky San Lorenzo, odkud m\u016f\u017eete fotografovat drsnou lesn\u00ed krajinu. Pod\u00edvejte se na vodu, abyste ji na\u0161li <em><strong>Manatees<\/strong><\/em>, kor\u00fd\u0161i a <em><strong>delf\u00edny.<\/strong><\/em><\/p>\n<p>Do doby, kterou si s pr\u016fvodcem ur\u010d\u00edte, pojedete do p\u0159\u00edstavu Cano Hondo a pojedete lod\u00ed zp\u011bt do p\u0159\u00edstavu Saman\u00e1 kolem z\u00e1livu Saman\u00e1 30 min.<\/p>\n<\/div>\n<p>V p\u0159\u00edpad\u011b, \u017ee se v\u00e1m tento v\u00fdlet bude l\u00edbit d\u00e9le, m\u00e1me tyto mo\u017enosti:<\/p>\n<ol>\n<li><a href=\"https:\/\/www.boattoursamana.com\/cs\/prohlidka\/prohlidka-narodniho-parku-los-haitises-z-pristavu-samana\/\">Los Haitises + Cayo Levantado z p\u0159\u00edstavu Samana.<\/a><\/li>\n<\/ol>\n<p>&nbsp;<\/p>\n<h4><em><strong>Co byste m\u011bli p\u0159in\u00e9st?<\/strong><\/em><\/h4>\n<ul>\n<li style=\"font-weight: 400;\"><span style=\"font-weight: 400;\">Fotoapar\u00e1t<\/span><\/li>\n<li style=\"font-weight: 400;\"><span style=\"font-weight: 400;\">Repelentn\u00ed pupeny<\/span><\/li>\n<li style=\"font-weight: 400;\"><span style=\"font-weight: 400;\">opalovac\u00ed kr\u00e9m<\/span><\/li>\n<li style=\"font-weight: 400;\"><span style=\"font-weight: 400;\">\u010cepice<\/span><\/li>\n<li style=\"font-weight: 400;\"><span style=\"font-weight: 400;\">Pohodln\u00e9 kalhoty<\/span><\/li>\n<li style=\"font-weight: 400;\"><span style=\"font-weight: 400;\">Turistick\u00e9 boty do lesa<\/span><\/li>\n<li style=\"font-weight: 400;\"><span style=\"font-weight: 400;\">Sand\u00e1ly do jarn\u00edch oblast\u00ed.<\/span><\/li>\n<li style=\"font-weight: 400;\"><span style=\"font-weight: 400;\">Plavky<\/span><\/li>\n<\/ul>\n<p>&nbsp;<\/p>\n<h4><b><i>Hotel vyzvednut\u00ed <\/i><\/b><\/h4>\n<p><span style=\"font-weight: 400;\">Vyzvednut\u00ed v hotelu nen\u00ed pro tento z\u00e1jezd nab\u00edzeno. <\/span><\/p>\n<p>&nbsp;<\/p>\n<p><b>Pozn\u00e1mka:<\/b><span style=\"font-weight: 400;\"> pokud prov\u00e1d\u00edte rezervaci do 24 hodin od \u010dasu odjezdu z\u00e1jezdu\/exkurze, m\u016f\u017eeme za\u0159\u00eddit vyzvednut\u00ed v hotelu za p\u0159\u00edplatek. Jakmile bude v\u00e1\u0161 n\u00e1kup dokon\u010den, za\u0161leme v\u00e1m kompletn\u00ed kontaktn\u00ed informace (telefonn\u00ed \u010d\u00edslo, e-mailovou adresu atd.) pro na\u0161eho m\u00edstn\u00edho pr\u016fvodce, abychom mohli zajistit vyzvednut\u00ed.<\/span><\/p>\n<h4><b><i>Potvrzen\u00ed dal\u0161\u00edch informac\u00ed <\/i><\/b><\/h4>\n<ol>\n<li>Vstupenky jsou \u00fa\u010dtenkou po zaplacen\u00ed tohoto z\u00e1jezdu. Platbu m\u016f\u017eete zobrazit na telefonu.<\/li>\n<li style=\"font-weight: 400;\"><span style=\"font-weight: 400;\">M\u00edsto setk\u00e1n\u00ed bude obdr\u017eeno po procesu rezervace.<\/span><\/li>\n<li style=\"font-weight: 400;\"><span style=\"font-weight: 400;\">D\u011bti mus\u00ed b\u00fdt v doprovodu dosp\u011bl\u00e9 osoby.<\/span><\/li>\n<li style=\"font-weight: 400;\"><span style=\"font-weight: 400;\"> Bezbari\u00e9rov\u00fd p\u0159\u00edstup <\/span><\/li>\n<li style=\"font-weight: 400;\"><span style=\"font-weight: 400;\">D\u011bti mus\u00ed sed\u011bt na kl\u00edn\u011b <\/span><\/li>\n<li style=\"font-weight: 400;\"><span style=\"font-weight: 400;\">Nedoporu\u010duje se pro cestovatele s probl\u00e9my se z\u00e1dy<\/span><\/li>\n<li style=\"font-weight: 400;\"><span style=\"font-weight: 400;\">Nedoporu\u010duje se t\u011bhotn\u00fdm cestovatel\u016fm <\/span><\/li>\n<li style=\"font-weight: 400;\"><span style=\"font-weight: 400;\"> \u017d\u00e1dn\u00e9 probl\u00e9my se srdcem ani jin\u00e9 z\u00e1va\u017en\u00e9 zdravotn\u00ed stavy <\/span><\/li>\n<li style=\"font-weight: 400;\"><span style=\"font-weight: 400;\">Z\u00fa\u010dastnit se m\u016f\u017ee v\u011bt\u0161ina cestovatel\u016f<\/span><\/li>\n<\/ol>\n<h4><b><i>Storno podm\u00ednky<\/i><\/b><\/h4>\n<p>Chcete-li z\u00edskat plnou n\u00e1hradu, p\u0159e\u010dt\u011bte si na\u0161e storno podm\u00ednky\u00a0<a href=\"https:\/\/www.boattoursamana.com\/cs\/online-rezervace\/\" target=\"_blank\" rel=\"noopener\" data-saferedirecturl=\"https:\/\/www.google.com\/url?q=https:\/\/www.boattoursamana.com\/online-booking\/&amp;source=gmail&amp;ust=1672449202351000&amp;usg=AOvVaw1yAeVAPktmaVCqDujgUn90\">Klikn\u011bte zde<\/a>. Prost\u0159edky budou ztraceny, pokud bude rezervace zru\u0161ena ve stejn\u00fd den cesty.<\/p>\n\n\t\t<\/div>\n\t<\/div>\n<div class=\"vc_btn3-container vc_btn3-inline\" ><a class=\"vc_general vc_btn3 vc_btn3-size-md vc_btn3-shape-rounded vc_btn3-style-modern vc_btn3-color-green\" href=\"https:\/\/bookingadventures.tours\/booking.php?tour_id=6ed21424a849c63fc6398949d1f80266\" title=\"\" rel=\"noopener\">ZAREZERVOVAT HNED<\/a><\/div><\/div><\/div><\/div><\/div><div class=\"vc_row wpb_row vc_row-fluid\" ><div class=\"wpb_column vc_column_container vc_col-sm-12\"><div class=\"vc_column-inner\"><div class=\"wpb_wrapper\"><div class=\"vc_empty_space\"   style=\"height: 32px\"><span class=\"vc_empty_space_inner\"><\/span><\/div>\n\t<div class=\"wpb_video_widget wpb_content_element vc_clearfix   vc_video-aspect-ratio-169 vc_video-el-width-100 vc_video-align-left\" >\n\t\t<div class=\"wpb_wrapper\">\n\t\t\t\n\t\t\t<div class=\"wpb_video_wrapper\"><iframe loading=\"lazy\" title=\"N\u00e1rodn\u00ed park Los Haitises, v\u00fdlety a exkurze ze Samany nebo Sabany de la Mar. Rezervujte zde:\" src=\"https:\/\/player.vimeo.com\/video\/346508015?dnt=1&amp;app_id=122963\" width=\"1100\" height=\"619\" frameborder=\"0\" allow=\"autoplay; fullscreen\" allowfullscreen><\/iframe><\/div>\n\t\t<\/div>\n\t<\/div>\n<\/div><\/div><\/div><\/div><div class=\"vc_row wpb_row vc_row-fluid\" ><div class=\"wpb_column vc_column_container vc_col-sm-12\"><div class=\"vc_column-inner\"><div class=\"wpb_wrapper\"><div class=\"vc_empty_space\"   style=\"height: 32px\"><span class=\"vc_empty_space_inner\"><\/span><\/div>\n\t<div class=\"wpb_text_column wpb_content_element\" >\n\t\t<div class=\"wpb_wrapper\">\n\t\t\t<h4>Kontaktujte n\u00e1s?<\/h4>\n<h5><em><strong>Rezervace dobrodru\u017estv\u00ed<\/strong><\/em><\/h5>\n<p><em><strong>M\u00edstn\u00ed obyvatel\u00e9<\/strong> a <strong>st\u00e1tn\u00ed p\u0159\u00edslu\u0161n\u00edci<\/strong> Pr\u016fvodci a slu\u017eby pro hosty<\/em><\/p>\n<p><span class=\"text-turquoise\">Rezervace:<\/span> Prohl\u00eddky a exkurze v Dom. Rep.<\/p>\n<p><img decoding=\"async\" class=\"emoji\" draggable=\"false\" src=\"https:\/\/s.w.org\/images\/core\/emoji\/11.2.0\/svg\/1f4de.svg\" alt=\"\ud83d\udcde\" title=\"\"> Tel \/ Whatsapp\u00a0 <a href=\"tel:+1-809-720-6035\">+1-809-720-6035<\/a>.<\/p>\n<p><img decoding=\"async\" class=\"emoji\" draggable=\"false\" src=\"https:\/\/s.w.org\/images\/core\/emoji\/11.2.0\/svg\/1f4e9.svg\" alt=\"\ud83d\udce9\" title=\"\"> <a href=\"mailto:info@bookingadventures.com.do\">info@bookingadventures.com.do<\/a><\/p>\n<p><strong>Flexibiln\u011b nastavujeme soukrom\u00e9 prohl\u00eddky od Whatsapp: <a href=\"tel:+18097206035\">+18097206035.<\/a><\/strong><\/p>\n\n\t\t<\/div>\n\t<\/div>\n<div class=\"vc_empty_space\"   style=\"height: 32px\"><span class=\"vc_empty_space_inner\"><\/span><\/div><\/div><\/div><\/div><\/div><div class=\"vc_row wpb_row vc_row-fluid\" ><div class=\"wpb_column vc_column_container vc_col-sm-12\"><div class=\"vc_column-inner\"><div class=\"wpb_wrapper\"><div class=\"vc_btn3-container vc_btn3-inline\" ><a class=\"vc_general vc_btn3 vc_btn3-size-md vc_btn3-shape-rounded vc_btn3-style-modern vc_btn3-color-green\" href=\"https:\/\/bookingadventures.tours\/booking.php?tour_id=6ed21424a849c63fc6398949d1f80266\" title=\"\" rel=\"noopener\">ZAREZERVOVAT HNED<\/a><\/div><\/div><\/div><\/div><\/div>","protected":false},"excerpt":{"rendered":"<p><strong>Vyberte pros\u00edm datum turn\u00e9\u00a0<\/strong><\/p>","protected":false},"featured_media":6577,"template":"","meta":[],"product_cat":[255,655,928,168,178,218,170,160,169,933,191,253,254],"product_tag":[176,211,210,192,171,209,212,199,200,187],"class_list":["post-8219","product","type-product","status-publish","has-post-thumbnail","hentry","product_cat-tours-excursions-samana-bay-dominican-republic","product_cat-1-samana","product_cat-boat-trip-los-haitises","product_cat-caves","product_cat-hiking","product_cat-kayaking","product_cat-local-tour-guides","product_cat-lunch","product_cat-mangroves","product_cat-natural-pools-los-haitises","product_cat-swimming-natural-springs","product_cat-tours-and-excursions","product_cat-tours-excursions-los-haitises-national-park","product_tag-cano-hondo","product_tag-cano-hondo-hotel","product_tag-cano-hondo-tours","product_tag-day-tour-cano-hondo","product_tag-los-haitises","product_tag-los-haitises-national-park","product_tag-mangroves-los-haitises","product_tag-samana-bay","product_tag-samana-excursions","product_tag-samana-tours"],"_links":{"self":[{"href":"https:\/\/www.boattoursamana.com\/cs\/wp-json\/wp\/v2\/product\/8219","targetHints":{"allow":["GET"]}}],"collection":[{"href":"https:\/\/www.boattoursamana.com\/cs\/wp-json\/wp\/v2\/product"}],"about":[{"href":"https:\/\/www.boattoursamana.com\/cs\/wp-json\/wp\/v2\/types\/product"}],"wp:featuredmedia":[{"embeddable":true,"href":"https:\/\/www.boattoursamana.com\/cs\/wp-json\/wp\/v2\/media\/6577"}],"wp:attachment":[{"href":"https:\/\/www.boattoursamana.com\/cs\/wp-json\/wp\/v2\/media?parent=8219"}],"wp:term":[{"taxonomy":"product_cat","embeddable":true,"href":"https:\/\/www.boattoursamana.com\/cs\/wp-json\/wp\/v2\/product_cat?post=8219"},{"taxonomy":"product_tag","embeddable":true,"href":"https:\/\/www.boattoursamana.com\/cs\/wp-json\/wp\/v2\/product_tag?post=8219"}],"curies":[{"name":"wp","href":"https:\/\/api.w.org\/{rel}","templated":true}]}}