{"id":8850,"date":"2019-06-11T10:34:00","date_gmt":"2019-06-11T10:34:00","guid":{"rendered":"https:\/\/www.ticketswhales.com\/?post_type=product&#038;p=8850"},"modified":"2023-03-20T10:20:15","modified_gmt":"2023-03-20T10:20:15","slug":"ridgways-hawk-tour-bird-watching-los-haitises-national-park-tour","status":"publish","type":"product","link":"https:\/\/www.boattoursamana.com\/cs\/prohlidka\/ridgways-jestrab-prohlidka-pozorovani-ptaku-prohlidka-narodniho-parku-los-haitises","title":{"rendered":"Ridgway&#039;s Hawk Tour \u2013 V\u00fdlet do n\u00e1rodn\u00edho parku Los Haitises za pozorov\u00e1n\u00edm pt\u00e1k\u016f"},"content":{"rendered":"<div class=\"vc_row wpb_row vc_row-fluid\" ><div class=\"wpb_column vc_column_container vc_col-sm-12\"><div class=\"vc_column-inner\"><div class=\"wpb_wrapper\"><div class=\"mkdf-section-title-holder\" style=\"text-align: left\">\n\t<div class=\"mkdf-st-inner\">\n\t\t\t\t\t<h5 class=\"mkdf-st-subtitle\" >\n\t\t\t\tPtactvo v n\u00e1rodn\u00edm parku Los Haitises\t\t\t<\/h5>\n\t\t\t\t\t\t\t<h3 class=\"mkdf-st-title\" >\n\t\t\t\tRidgwayova prohl\u00eddka Hawk\t\t\t<\/h3>\n\t\t\t\t\t<\/div>\n<\/div><\/div><\/div><\/div><\/div><div class=\"vc_row wpb_row vc_row-fluid\" ><div class=\"wpb_column vc_column_container vc_col-sm-12\"><div class=\"vc_column-inner\"><div class=\"wpb_wrapper\"><div class=\"vc_btn3-container vc_btn3-inline\" ><button class=\"vc_general vc_btn3 vc_btn3-size-md vc_btn3-shape-rounded vc_btn3-style-modern vc_btn3-color-green\">ZAREZERVOVAT HNED<\/button><\/div>\n\t<div class=\"wpb_text_column wpb_content_element\" >\n\t\t<div class=\"wpb_wrapper\">\n\t\t\t<h4><b><i>P\u0159ehled <\/i><\/b><\/h4>\n<section><\/section>\n<p>Ridgway&#039;s Hawk je kriticky ohro\u017een\u00fd druh denn\u00edho dravce endemick\u00e9ho na ostrov\u011b Hispaniola. P\u0159ed sto lety byl jest\u0159\u00e1b nalezen po cel\u00e9 Hispaniole, ale dnes se jedin\u00e1 zb\u00fdvaj\u00edc\u00ed chovn\u00e1 populace \u010d\u00edtaj\u00edc\u00ed asi 300 jedinc\u016f nach\u00e1z\u00ed v n\u00e1rodn\u00edm parku Los Haitises v Dominik\u00e1nsk\u00e9 republice.<\/p>\n<p>N\u00e1rodn\u00ed park Los Haitises je obl\u00edbenou destinac\u00ed pro milovn\u00edky p\u0159\u00edrody a pozorovatele ptactva, proto\u017ee m\u00e1 nejvy\u0161\u0161\u00ed v\u00fdznam pro biodiverzitu a bohatstv\u00ed fauny, a to jak z hlediska endemismu, tak po\u010dtu druh\u016f. Na\u0161\u00edm hlavn\u00edm c\u00edlem je naj\u00edt v\u0161echny jest\u0159\u00e1by v oblastech Cano Hondo.<\/p>\n<p>Chr\u00e1n\u00edme jest\u0159\u00e1ba Ridgwayova v n\u00e1rodn\u00edm parku Los Haitises, kde m\u016f\u017eete vid\u011bt stanovi\u0161t\u011b a zaj\u00edmavou historii jest\u0159\u00e1b\u016f Ridgwayov\u00fdch v Rain Forest Trails. Zn\u00e1me stanovi\u0161t\u011b skvrn pro sovy Ridgwayovy a sovy popelav\u00e9. Proto\u017ee ji\u017e v\u00edce ne\u017e 15 let jako dobrovoln\u00edci pracujeme na ochran\u011b t\u011bchto p\u00e1r\u016f a jednotlivc\u016f v t\u00e9to komunit\u011b.<\/p>\n<p>V okol\u00ed parku m\u016f\u017eete tak\u00e9 vid\u011bt dal\u0161\u00ed endemick\u00e9 druhy. Tato prohl\u00eddka je zam\u011b\u0159ena na p\u0159\u00edrodu a je v\u00edce zam\u011b\u0159ena na informace o voln\u011b \u017eij\u00edc\u00edch zv\u00ed\u0159atech. Obvykle je soukrom\u00fd.<\/p>\n<h4><\/h4>\n<h4><b>Zahrnut\u00ed a vylou\u010den\u00ed<\/b><\/h4>\n<p><b>Inkluze<\/b><\/p>\n<ol>\n<li style=\"font-weight: 400;\">Pozorov\u00e1n\u00ed ptactva + jeskyn\u011b a piktogramy<\/li>\n<li style=\"font-weight: 400;\"><span style=\"font-weight: 400;\">V\u0161echny dan\u011b, poplatky a manipula\u010dn\u00ed poplatky<\/span><\/li>\n<li style=\"font-weight: 400;\"><span style=\"font-weight: 400;\">M\u00edstn\u00ed dan\u011b<\/span><\/li>\n<li style=\"font-weight: 400;\">\u00da\u0159edn\u00edci Ekologov\u00e9 pr\u016fvodce<\/li>\n<\/ol>\n<p><b> V\u00fdluky<\/b><\/p>\n<ol>\n<li style=\"font-weight: 400;\"><span style=\"font-weight: 400;\">Spropitn\u00e9<\/span><\/li>\n<li style=\"font-weight: 400;\"><span style=\"font-weight: 400;\">P\u0159evod<\/span><\/li>\n<li style=\"font-weight: 400;\"><span style=\"font-weight: 400;\">N\u00e1poj<\/span><\/li>\n<\/ol>\n<p>&nbsp;<\/p>\n<h4><em><strong>Odjezd a n\u00e1vrat<\/strong><\/em><\/h4>\n<p><span style=\"font-weight: 400;\">Prohl\u00eddka organizovan\u00e1 \u201eBooking Adventures\u201c za\u010d\u00edn\u00e1 na m\u00edst\u011b setk\u00e1n\u00ed s pr\u016fvodcem. Cestovatel z\u00edsk\u00e1 m\u00edsto setk\u00e1n\u00ed po procesu rezervace. Prohl\u00eddky za\u010d\u00ednaj\u00ed a kon\u010d\u00ed v m\u00edstech setk\u00e1n\u00ed.<\/span><\/p>\n<p>&nbsp;<\/p>\n<h4><b><i>Co \u010dekat?<\/i><\/b><\/h4>\n<p><em><strong>Z\u00edskejte l\u00edstek<\/strong><\/em> za zachov\u00e1n\u00ed jest\u0159\u00e1ba Ridgwayova v n\u00e1rodn\u00edm parku Los Haitises.<\/p>\n<p>Tato exkurze za\u010d\u00edn\u00e1 z m\u00edsta setk\u00e1n\u00ed proch\u00e1zkou po stezk\u00e1ch Ridgway do oblast\u00ed Nesting. Po 30 minut\u00e1ch p\u011b\u0161\u00ed turistiky a pozorov\u00e1n\u00ed jest\u0159\u00e1b\u016f m\u00e1me mo\u017enost pokra\u010dovat v proch\u00e1zce po okol\u00ed a zkontrolovat papou\u0161ky, piculets a dal\u0161\u00ed endemick\u00e9 druhy v n\u00e1rodn\u00edm parku Los Haitises.<\/p>\n<p>N\u00e1rodn\u00ed park Los Haitises m\u00e1 v Sabana de la Mar jen dv\u011b stezky pro pt\u00e1ky. Cestou do n\u00e1rodn\u00edho parku Los Hiatises zastavujeme na n\u011bkolika m\u00edstech, abychom vid\u011bli v\u00edce pt\u00e1k\u016f.<\/p>\n<p>Byl jsem v z\u00e1livu San Lorenzo. nav\u0161t\u00edv\u00edme dv\u011b jeskyn\u011b, v\u00fdzvu Smutn\u00e1 jeskyn\u011b ve \u0161pan\u011bl\u0161tin\u011b Cueva de la Arena; v t\u00e9to jeskyni m\u016f\u017eeme vid\u011bt petrografy z komunit Tainos, kter\u00e9 se zdr\u017eovaly v t\u00e9to oblasti. a pou\u017e\u00edvat jeskyn\u011b jako chr\u00e1m.<\/p>\n<p>Pot\u00e9 jdeme do jeskyn\u011b Linea, tato s 2 243 origin\u00e1ln\u00edmi piktogramy a n\u00e1\u0161 pr\u016fvodce v\u00e1m vysv\u011btl\u00ed informace od archeologa o t\u011bchto piktogramech.<\/p>\n<p>Lod\u00ed se op\u011bt vr\u00e1t\u00edme na ostrov Pajaros (Pta\u010d\u00ed ostrov), kde m\u016f\u017eeme vid\u011bt v\u011bt\u0161inu mok\u0159adn\u00edch pt\u00e1k\u016f v okol\u00ed do n\u00e1rodn\u00edho parku Los Haitises. Jen proto, \u017ee v\u0161ichni pt\u00e1ci nejsou ve Vod\u011b.<\/p>\n<p>Po 4,5 hodin\u00e1ch pozn\u00e1v\u00e1n\u00ed pt\u00e1k\u016f v n\u00e1rodn\u00edm parku Los Haitises tato exkurze kon\u010d\u00ed na stejn\u00e9m m\u00edst\u011b, kde za\u010dala.<\/p>\n<p><strong>Pozn\u00e1mka: Tyto prohl\u00eddky jsou s ofici\u00e1ln\u00edmi ekologick\u00fdmi pr\u016fvodci z n\u00e1rodn\u00edho parku Los Haitises. Dejte n\u00e1m pros\u00edm v\u011bd\u011bt, kdy se k n\u00e1m chyst\u00e1te!<\/strong><\/p>\n<p>&nbsp;<\/p>\n<h4><em><strong>Co byste m\u011bli p\u0159in\u00e9st?<\/strong><\/em><\/h4>\n<ul>\n<li style=\"font-weight: 400;\"><span style=\"font-weight: 400;\">Fotoapar\u00e1t<\/span><\/li>\n<li>Binokul\u00e1rn\u00ed<\/li>\n<li style=\"font-weight: 400;\"><span style=\"font-weight: 400;\">Repelentn\u00ed pupeny<\/span><\/li>\n<li style=\"font-weight: 400;\"><span style=\"font-weight: 400;\">opalovac\u00ed kr\u00e9m<\/span><\/li>\n<li style=\"font-weight: 400;\"><span style=\"font-weight: 400;\">\u010cepice<\/span><\/li>\n<li style=\"font-weight: 400;\"><span style=\"font-weight: 400;\">Pohodln\u00e9 kalhoty<\/span><\/li>\n<li style=\"font-weight: 400;\"><span style=\"font-weight: 400;\">Turistick\u00e9 boty do lesa<\/span><\/li>\n<li style=\"font-weight: 400;\"><span style=\"font-weight: 400;\">Sand\u00e1ly do jarn\u00edch oblast\u00ed.<\/span><\/li>\n<li style=\"font-weight: 400;\"><span style=\"font-weight: 400;\">Plavky<\/span><\/li>\n<\/ul>\n<p>&nbsp;<\/p>\n<h4><b><i>Hotel vyzvednut\u00ed <\/i><\/b><\/h4>\n<p><span style=\"font-weight: 400;\">Vyzvednut\u00ed v hotelu nen\u00ed pro tento z\u00e1jezd nab\u00edzeno. <\/span><\/p>\n<p>&nbsp;<\/p>\n<p><b>Pozn\u00e1mka:<\/b><span style=\"font-weight: 400;\"> pokud prov\u00e1d\u00edte rezervaci do 24 hodin od \u010dasu odjezdu z\u00e1jezdu\/exkurze, m\u016f\u017eeme za\u0159\u00eddit vyzvednut\u00ed v hotelu za p\u0159\u00edplatek. Jakmile bude v\u00e1\u0161 n\u00e1kup dokon\u010den, za\u0161leme v\u00e1m kompletn\u00ed kontaktn\u00ed informace (telefonn\u00ed \u010d\u00edslo, e-mailovou adresu atd.) pro na\u0161eho m\u00edstn\u00edho pr\u016fvodce, abychom mohli zajistit vyzvednut\u00ed.<\/span><\/p>\n<h4><b><i>Potvrzen\u00ed dal\u0161\u00edch informac\u00ed <\/i><\/b><\/h4>\n<ol>\n<li>Vstupenky jsou \u00fa\u010dtenkou po zaplacen\u00ed tohoto z\u00e1jezdu. Platbu m\u016f\u017eete zobrazit na telefonu.<\/li>\n<li style=\"font-weight: 400;\"><span style=\"font-weight: 400;\">M\u00edsto setk\u00e1n\u00ed bude obdr\u017eeno po procesu rezervace.<\/span><\/li>\n<li style=\"font-weight: 400;\"><span style=\"font-weight: 400;\">D\u011bti mus\u00ed b\u00fdt v doprovodu dosp\u011bl\u00e9 osoby.<\/span><\/li>\n<li style=\"font-weight: 400;\"><span style=\"font-weight: 400;\"> Bezbari\u00e9rov\u00fd p\u0159\u00edstup <\/span><\/li>\n<li style=\"font-weight: 400;\"><span style=\"font-weight: 400;\">D\u011bti mus\u00ed sed\u011bt na kl\u00edn\u011b <\/span><\/li>\n<li style=\"font-weight: 400;\"><span style=\"font-weight: 400;\">Nedoporu\u010duje se pro cestovatele s probl\u00e9my se z\u00e1dy<\/span><\/li>\n<li style=\"font-weight: 400;\"><span style=\"font-weight: 400;\">Nedoporu\u010duje se t\u011bhotn\u00fdm cestovatel\u016fm <\/span><\/li>\n<li style=\"font-weight: 400;\"><span style=\"font-weight: 400;\"> \u017d\u00e1dn\u00e9 probl\u00e9my se srdcem ani jin\u00e9 z\u00e1va\u017en\u00e9 zdravotn\u00ed stavy <\/span><\/li>\n<li style=\"font-weight: 400;\"><span style=\"font-weight: 400;\">Z\u00fa\u010dastnit se m\u016f\u017ee v\u011bt\u0161ina cestovatel\u016f<\/span><\/li>\n<\/ol>\n<p>Tento z\u00e1jezd je nab\u00edzen pro minim\u00e1ln\u011b 2 osoby a maxim\u00e1ln\u011b 15 osob. V p\u0159\u00edpad\u011b men\u0161\u00edho po\u010dtu lid\u00ed n\u00e1s pros\u00edm kontaktujte.<\/p>\n<h4><b><i>Storno podm\u00ednky<\/i><\/b><\/h4>\n<p>Chcete-li z\u00edskat plnou n\u00e1hradu, p\u0159e\u010dt\u011bte si na\u0161e storno podm\u00ednky\u00a0<a href=\"https:\/\/www.boattoursamana.com\/cs\/online-rezervace\/\" target=\"_blank\" rel=\"noopener\" data-saferedirecturl=\"https:\/\/www.google.com\/url?q=https:\/\/www.boattoursamana.com\/online-booking\/&amp;source=gmail&amp;ust=1672529771100000&amp;usg=AOvVaw2NIGJBZ0qjB5RhPUl5Obc7\">Klikn\u011bte zde<\/a>. Prost\u0159edky budou ztraceny, pokud bude rezervace zru\u0161ena ve stejn\u00fd den cesty.<\/p>\n\n\t\t<\/div>\n\t<\/div>\n<\/div><\/div><\/div><\/div><div class=\"vc_row wpb_row vc_row-fluid\" ><\/div><div class=\"wpb_column vc_column_container vc_col-sm-12\"><div class=\"vc_column-inner\"><div class=\"wpb_wrapper\"><\/div><\/div><\/div><div class=\"vc_empty_space\"   style=\"height: 32px\"><span class=\"vc_empty_space_inner\"><\/span><\/div><div class=\"vc_empty_space\"   style=\"height: 32px\"><span class=\"vc_empty_space_inner\"><\/span><\/div><div class=\"vc_row wpb_row vc_row-fluid\" ><div class=\"wpb_column vc_column_container vc_col-sm-12\"><div class=\"vc_column-inner\"><div class=\"wpb_wrapper\"><div class=\"vc_btn3-container vc_btn3-inline\" ><button class=\"vc_general vc_btn3 vc_btn3-size-md vc_btn3-shape-rounded vc_btn3-style-modern vc_btn3-color-green\">ZAREZERVOVAT HNED<\/button><\/div><\/div><\/div><\/div><\/div>","protected":false},"excerpt":{"rendered":"<p><span style=\"vertical-align: inherit;\"><span style=\"vertical-align: inherit;\">Viaje ecol\u00f3gico al Parque Nacional Los Haitises con un gu\u00eda tur\u00edstico local. <\/span><span style=\"vertical-align: inherit;\">Nav\u0161tivte los halcones de Ridgway a n\u00e1rodn\u00ed park Los Haitises a historick\u00e9 oblasti Sabana de la Mar a n\u00e1rodn\u00ed park Los Haitises.<\/span><\/span><\/p>\n<p>&nbsp;<\/p>\n<p><em><strong><span style=\"vertical-align: inherit;\"><span style=\"vertical-align: inherit;\">Seleccione la fecha para el tour\u00a0<\/span><\/span><\/strong><\/em><\/p>","protected":false},"featured_media":12258,"template":"","meta":[],"product_cat":[255,946,932,927,253,254],"product_tag":[237,236,171,209,239,238,175,186,199,240],"class_list":["post-8850","product","type-product","status-publish","has-post-thumbnail","hentry","product_cat-tours-excursions-samana-bay-dominican-republic","product_cat-1-sabana-de-la-mar","product_cat-birdwatching-los-haitises","product_cat-hiking-los-haitises","product_cat-tours-and-excursions","product_cat-tours-excursions-los-haitises-national-park","product_tag-birding","product_tag-birdwatching","product_tag-los-haitises","product_tag-los-haitises-national-park","product_tag-nature","product_tag-ridgways-hawk","product_tag-sabana-de-la-mar","product_tag-samana","product_tag-samana-bay","product_tag-wildlife"],"_links":{"self":[{"href":"https:\/\/www.boattoursamana.com\/cs\/wp-json\/wp\/v2\/product\/8850","targetHints":{"allow":["GET"]}}],"collection":[{"href":"https:\/\/www.boattoursamana.com\/cs\/wp-json\/wp\/v2\/product"}],"about":[{"href":"https:\/\/www.boattoursamana.com\/cs\/wp-json\/wp\/v2\/types\/product"}],"wp:featuredmedia":[{"embeddable":true,"href":"https:\/\/www.boattoursamana.com\/cs\/wp-json\/wp\/v2\/media\/12258"}],"wp:attachment":[{"href":"https:\/\/www.boattoursamana.com\/cs\/wp-json\/wp\/v2\/media?parent=8850"}],"wp:term":[{"taxonomy":"product_cat","embeddable":true,"href":"https:\/\/www.boattoursamana.com\/cs\/wp-json\/wp\/v2\/product_cat?post=8850"},{"taxonomy":"product_tag","embeddable":true,"href":"https:\/\/www.boattoursamana.com\/cs\/wp-json\/wp\/v2\/product_tag?post=8850"}],"curies":[{"name":"wp","href":"https:\/\/api.w.org\/{rel}","templated":true}]}}