{"id":9059,"date":"2019-07-08T07:48:39","date_gmt":"2019-07-08T07:48:39","guid":{"rendered":"https:\/\/www.ticketswhales.com\/?post_type=product&#038;p=9059"},"modified":"2023-10-06T12:11:09","modified_gmt":"2023-10-06T12:11:09","slug":"los-haitises-national-park-tour-from-punta-cana-montana-redonda-cano-hondo","status":"publish","type":"product","link":"https:\/\/www.boattoursamana.com\/cs\/prohlidka\/prohlidka-narodniho-parku-los-haitises-z-punta-cana-montana-redonda-cano-hondo","title":{"rendered":"Prohl\u00eddka n\u00e1rodn\u00edho parku Los Haitises z Punta Cana, Montana Redonda a Ca\u00f1o Hondo"},"content":{"rendered":"<div class=\"vc_row wpb_row vc_row-fluid\" ><div class=\"wpb_column vc_column_container vc_col-sm-12\"><div class=\"vc_column-inner\"><div class=\"wpb_wrapper\"><div class=\"vc_btn3-container vc_btn3-inline\" ><a class=\"vc_general vc_btn3 vc_btn3-size-md vc_btn3-shape-rounded vc_btn3-style-modern vc_btn3-color-green\" href=\"https:\/\/bookingadventures.tours\/booking.php?tour_id=b932097145c8226c01088bd4aaecde46\" title=\"\" rel=\"noopener\">ZAREZERVOVAT HNED<\/a><\/div><div class=\"mkdf-section-title-holder\" style=\"text-align: left\">\n\t<div class=\"mkdf-st-inner\">\n\t\t\t\t\t<h5 class=\"mkdf-st-subtitle\" >\n\t\t\t\tDoprava a ob\u011bd v cen\u011b\t\t\t<\/h5>\n\t\t\t\t\t\t\t<h3 class=\"mkdf-st-title\" >\n\t\t\t\tProhl\u00eddka n\u00e1rodn\u00edho parku Los Haitises z Punta Cana, Montana Redonda a jednodenn\u00ed v\u00fdlet do Cano Hondo.\t\t\t<\/h3>\n\t\t\t\t\t<\/div>\n<\/div><\/div><\/div><\/div><\/div><div class=\"vc_row wpb_row vc_row-fluid\" ><div class=\"wpb_column vc_column_container vc_col-sm-12\"><div class=\"vc_column-inner\"><div class=\"wpb_wrapper\">\n\t<div class=\"wpb_text_column wpb_content_element\" >\n\t\t<div class=\"wpb_wrapper\">\n\t\t\t<h3><\/h3>\n<h4><b><i>P\u0159ehled <\/i><\/b><\/h4>\n<p>Prohl\u00eddka n\u00e1rodn\u00edho parku Los Haitises z celodenn\u00edho v\u00fdletu Punta Cana. Po\u010d\u00ednaje va\u0161\u00edm hotelem v Punta Cana nebo Bavaro. Pojedeme s na\u0161\u00edm pr\u016fvodcem do Montana Redonda. Kde m\u00e1te \u010das po\u0159\u00eddit \u00fa\u017easn\u00e9 fotografie z jednoho z nejp\u016fsobiv\u011bj\u0161\u00edch v\u00fdhled\u016f v Dominik\u00e1nsk\u00e9 republice. Po t\u00e9to prvn\u00ed zast\u00e1vce pokra\u010dujeme v n\u00e1v\u0161t\u011bv\u011b n\u00e1rodn\u00edho parku Los Haitises, sva\u010din\u011b a typick\u00fdch n\u00e1poj\u00edch, zat\u00edmco obch\u00e1z\u00edme mangrovy, jeskyn\u011b a zn\u00e1m\u00e9 skalnat\u00e9 ostrovy jako v Jursk\u00e9m parku. Po n\u00e1v\u0161t\u011bv\u011b n\u00e1rodn\u00edho parku Los Haitises n\u00e1s \u010dek\u00e1 ob\u011bd v Ca\u00f1o Hondo. Po m\u00edstn\u00edm a gastronomick\u00e9m m\u00edstn\u00edm ob\u011bd\u011b si mus\u00edte m\u00edt \u010das zaplavat v unik\u00e1tn\u00edch p\u0159\u00edrodn\u00edch baz\u00e9nech, voda poch\u00e1z\u00ed z n\u00e1rodn\u00edho parku Los Haitises.<\/p>\n<p>Po t\u00e9to zku\u0161enosti se dostanete zp\u011bt do komunity Punta Cana, odkud v\u00e1s vyzvedneme.<\/p>\n<ul>\n<li style=\"font-weight: 400;\">Poplatky v cen\u011b<\/li>\n<li>Ob\u011bd<\/li>\n<li>Ob\u010derstven\u00ed<\/li>\n<li style=\"font-weight: 400;\">M\u00edstn\u00ed pr\u016fvodce v angli\u010dtin\u011b nebo francouz\u0161tin\u011b<\/li>\n<li>P\u0159eprava<\/li>\n<li>V\u00fdlet na lodi<\/li>\n<li>Montana Redonda<\/li>\n<li>Ca\u00f1o Hondo<\/li>\n<\/ul>\n<p>&nbsp;<\/p>\n<h4><b>Zahrnut\u00ed a vylou\u010den\u00ed<\/b><\/h4>\n<p>&nbsp;<\/p>\n<p><b>Inkluze<\/b><\/p>\n<ol>\n<li style=\"font-weight: 400;\">Prohl\u00eddka Los Haitises + jeskyn\u011b a piktogramy<\/li>\n<li>Montana Redonda<\/li>\n<li>Ca\u00f1o Hondo<\/li>\n<li>Ob\u011bd<\/li>\n<li>Hotely Pick Up v oblastech Punta Cana.<\/li>\n<li style=\"font-weight: 400;\"><span style=\"font-weight: 400;\">V\u0161echny dan\u011b, poplatky a manipula\u010dn\u00ed poplatky<\/span><\/li>\n<li style=\"font-weight: 400;\"><span style=\"font-weight: 400;\">M\u00edstn\u00ed dan\u011b<\/span><\/li>\n<li style=\"font-weight: 400;\"><span style=\"font-weight: 400;\">N\u00e1poje<\/span><\/li>\n<li>Ob\u010derstven\u00ed<\/li>\n<li style=\"font-weight: 400;\"><span style=\"font-weight: 400;\">V\u0161echny aktivity<\/span><\/li>\n<li style=\"font-weight: 400;\"><span style=\"font-weight: 400;\">M\u00edstn\u00ed pr\u016fvodce<\/span><\/li>\n<\/ol>\n<p><b> V\u00fdluky<\/b><\/p>\n<ol>\n<li style=\"font-weight: 400;\"><span style=\"font-weight: 400;\">Spropitn\u00e9<\/span><\/li>\n<li style=\"font-weight: 400;\"><span style=\"font-weight: 400;\">Alkoholick\u00e9 n\u00e1poje<\/span><\/li>\n<\/ol>\n<p>&nbsp;<\/p>\n<h4><em><strong>Odjezd a n\u00e1vrat<\/strong><\/em><\/h4>\n<p><span style=\"font-weight: 400;\">Cestovatel z\u00edsk\u00e1 m\u00edsto setk\u00e1n\u00ed po procesu rezervace. Prohl\u00eddky za\u010d\u00ednaj\u00ed a kon\u010d\u00ed v m\u00edstech setk\u00e1n\u00ed.<\/span><\/p>\n<h4><\/h4>\n<h3>Prohl\u00eddka n\u00e1rodn\u00edho parku Los Haitises z Punta Cana, Montana Redonda a Cano Hondo.<\/h3>\n<h4><b><i>Co \u010dekat?<\/i><\/b><\/h4>\n<p><em><strong>Z\u00edskejte vstupenky<\/strong><\/em> za n\u00e1v\u0161t\u011bvu n\u00e1rodn\u00edho parku Los Haitises Tour z Punta Cana. Celodenn\u00ed v\u00fdlet. Po\u010d\u00ednaje Punta Cana, Dominik\u00e1nsk\u00e1 republika. Vyu\u017eijte dopravu s na\u0161\u00edm m\u00edstn\u00edm pr\u016fvodcem a nav\u0161tivte v\u00fdhled na Montana Redonda, n\u00e1rodn\u00ed park Los Haitises v Sabana de la Mar a \u010das na ob\u011bd v Ca\u00f1o Hondo.<\/p>\n<p>Prohl\u00eddka organizovan\u00e1 \u201eBooking Adventures\u201c za\u010d\u00edn\u00e1 na m\u00edst\u011b setk\u00e1n\u00ed s pr\u016fvodcem. P\u0159ij\u010fte s Booking Adventures a za\u010dn\u011bte si prohl\u00ed\u017eet mangrovy pln\u00e9 pt\u00e1k\u016f, zvln\u011bn\u00e9 kopce bujn\u00e9 vegetace a jeskyn\u011b <em><strong>N\u00e1rodn\u00ed park Los Haitises<\/strong><\/em>. N\u00e1v\u0161t\u011bva ostrova s pt\u00e1ky kolem. V hn\u00edzdn\u00ed sez\u00f3n\u011b m\u016f\u017eeme na hn\u00edzdech spat\u0159it i ml\u00e1\u010fata Pelecanos. Dostat se v\u00edce do Rocky Islands a nav\u0161t\u00edvit jeskyn\u011b s piktogramy a petrografy od domorod\u00fdch obyvatel.<\/p>\n<p>P\u0159es mangrovy a Land u otev\u0159en\u00e9ho z\u00e1livu San Lorenzo, Sabana de la Mar, odkud m\u016f\u017eete fotografovat drsnou lesn\u00ed krajinu. Pod\u00edvejte se na vodu, abyste ji na\u0161li <em><strong>Manatees<\/strong><\/em>, kor\u00fd\u0161i a <em><strong>delf\u00edny.<\/strong><\/em><\/p>\n<div class=\"body-description secondary\">\n<p>N\u00e1zev n\u00e1rodn\u00edho parku poch\u00e1z\u00ed od jeho p\u016fvodn\u00edch obyvatel, indi\u00e1n\u016f Taino. V jejich jazyce \u201ehaitises\u201c znamen\u00e1 vyso\u010diny nebo kopce, co\u017e je odkaz na strm\u00e9 geologick\u00e9 \u00fatvary pob\u0159e\u017e\u00ed s v\u00e1penci. Vydejte se hloub\u011bji do parku a prozkoumejte jeskyn\u011b, jako je Cueva San Gabriel, <em><strong>Cueva de la Arena, <\/strong><\/em>a <strong><em>Cueva de la L\u00ednea.<\/em><\/strong><\/p>\n<p>Tyto jeskyn\u011b v rezervaci slou\u017eily jako \u00fakryt indi\u00e1n\u016fm Taino a pozd\u011bji k ukr\u00fdv\u00e1n\u00ed pir\u00e1t\u016f. Hledejte kresby indi\u00e1n\u016f, kter\u00e9 zdob\u00ed n\u011bkter\u00e9 st\u011bny.<\/p>\n<p>Tak\u00e9 Montana Redonda (Kulat\u00e1 hora) v Miches je nezapomenuteln\u00e9 m\u00edsto, obklopen\u00e9 p\u0159\u00edrodou venkova, u\u017e\u00edt si panoramatick\u00fd v\u00fdhled, kde se odraz lagun snoub\u00ed s v\u00fdchodem slunce na pl\u00e1\u017ei a z\u00e1padem slunce se zelen\u00ed hor , \u010dist\u00fd vzduch a zp\u00edvaj\u00edc\u00ed pt\u00e1ci, klid a m\u00edr, kter\u00fd n\u00e1s napl\u0148uje p\u0159\u00e1n\u00edm z\u016fstat.<\/p>\n<\/div>\n<p>Plus Ca\u00f1o Hondo \u00da\u017easn\u00fd komplex na vrcholu hory s \u00fachvatn\u00fdm v\u00fdhledem na z\u00e1toku plnou p\u0159\u00edrody a z\u00e1toku Samana na dn\u011b. Je to, jako byste \u017eili v r\u00e1ji de\u0161tn\u00fdch prales\u016f s kr\u00e1sn\u00fdm stylem a tak relaxa\u010dn\u00edm a tich\u00fdm. S p\u0159\u00edstupem do baz\u00e9n\u016f poch\u00e1zej\u00edc\u00edch z p\u0159\u00edrodn\u00ed \u0159eky z n\u00e1rodn\u00edho parku Los Haitises.<\/p>\n<div class=\"body-description secondary\">\n<p>Toto m\u00edsto je m\u00edsto, kde budeme m\u00edt typick\u00fd ob\u011bd, pokud jste vegan, nebojte se, m\u00e1me pro v\u00e1s tak\u00e9 j\u00eddlo!<\/p>\n<p>Po ob\u011bd\u011b se vrac\u00edme do Punta Cana!!<\/p>\n<\/div>\n<p>V p\u0159\u00edpad\u011b, \u017ee se v\u00e1m tento v\u00fdlet bude l\u00edbit del\u0161\u00ed nebo krat\u0161\u00ed, kontaktujte n\u00e1s.<\/p>\n<p>&nbsp;<\/p>\n<h4><em><strong>Co byste m\u011bli p\u0159in\u00e9st?<\/strong><\/em><\/h4>\n<ul>\n<li style=\"font-weight: 400;\"><span style=\"font-weight: 400;\">Fotoapar\u00e1t<\/span><\/li>\n<li style=\"font-weight: 400;\"><span style=\"font-weight: 400;\">Repelentn\u00ed pupeny<\/span><\/li>\n<li style=\"font-weight: 400;\"><span style=\"font-weight: 400;\">Opalovac\u00ed kr\u00e9m<\/span><\/li>\n<li style=\"font-weight: 400;\"><span style=\"font-weight: 400;\">\u010cepice<\/span><\/li>\n<li style=\"font-weight: 400;\"><span style=\"font-weight: 400;\">Pohodln\u00e9 kalhoty<\/span><\/li>\n<li style=\"font-weight: 400;\"><span style=\"font-weight: 400;\">Turistick\u00e9 boty do lesa<\/span><\/li>\n<li style=\"font-weight: 400;\"><span style=\"font-weight: 400;\">Sand\u00e1ly do jarn\u00edch oblast\u00ed.<\/span><\/li>\n<li style=\"font-weight: 400;\"><span style=\"font-weight: 400;\">Plavky<\/span><\/li>\n<\/ul>\n<p>&nbsp;<\/p>\n<h4><b><i>Hotel vyzvednut\u00ed <\/i><\/b><\/h4>\n<p><span style=\"font-weight: 400;\">Pro tento z\u00e1jezd je nab\u00edzeno vyzvednut\u00ed v hotelu. Zde vyberte n\u00e1zev hotelu a \u010das. V p\u0159\u00edpad\u011b, \u017ee v\u00e1\u0161 hotel nen\u00ed na seznamu, kontaktujte n\u00e1s.<\/span><\/p>\n<p>&nbsp;<\/p>\n<p><b>Pozn\u00e1mka:<\/b><span style=\"font-weight: 400;\"> pokud prov\u00e1d\u00edte rezervaci do 24 hodin od \u010dasu odjezdu z\u00e1jezdu\/exkurze, m\u016f\u017eeme za\u0159\u00eddit vyzvednut\u00ed v hotelu za p\u0159\u00edplatek. Jakmile bude v\u00e1\u0161 n\u00e1kup dokon\u010den, za\u0161leme v\u00e1m kompletn\u00ed kontaktn\u00ed informace (telefonn\u00ed \u010d\u00edslo, e-mailovou adresu atd.) pro na\u0161eho m\u00edstn\u00edho pr\u016fvodce, abychom mohli zajistit vyzvednut\u00ed.<\/span><\/p>\n<h4><b><i>Potvrzen\u00ed dal\u0161\u00edch informac\u00ed <\/i><\/b><\/h4>\n<ol>\n<li>Vstupenky jsou \u00fa\u010dtenkou po zaplacen\u00ed tohoto z\u00e1jezdu. Platbu m\u016f\u017eete zobrazit na telefonu.<\/li>\n<li style=\"font-weight: 400;\"><span style=\"font-weight: 400;\">M\u00edsto setk\u00e1n\u00ed bude obdr\u017eeno po procesu rezervace.<\/span><\/li>\n<li style=\"font-weight: 400;\"><span style=\"font-weight: 400;\">D\u011bti mus\u00ed b\u00fdt v doprovodu dosp\u011bl\u00e9 osoby.<\/span><\/li>\n<li style=\"font-weight: 400;\"><span style=\"font-weight: 400;\"> Bezbari\u00e9rov\u00fd p\u0159\u00edstup <\/span><\/li>\n<li style=\"font-weight: 400;\"><span style=\"font-weight: 400;\">D\u011bti mus\u00ed sed\u011bt na kl\u00edn\u011b <\/span><\/li>\n<li style=\"font-weight: 400;\"><span style=\"font-weight: 400;\">Nedoporu\u010duje se pro cestovatele s probl\u00e9my se z\u00e1dy<\/span><\/li>\n<li style=\"font-weight: 400;\"><span style=\"font-weight: 400;\">Nedoporu\u010duje se t\u011bhotn\u00fdm cestovatel\u016fm <\/span><\/li>\n<li style=\"font-weight: 400;\"><span style=\"font-weight: 400;\"> \u017d\u00e1dn\u00e9 probl\u00e9my se srdcem ani jin\u00e9 z\u00e1va\u017en\u00e9 zdravotn\u00ed stavy <\/span><\/li>\n<li style=\"font-weight: 400;\"><span style=\"font-weight: 400;\">Z\u00fa\u010dastnit se m\u016f\u017ee v\u011bt\u0161ina cestovatel\u016f<\/span><\/li>\n<\/ol>\n<h4><b><i>Storno podm\u00ednky<\/i><\/b><\/h4>\n<p>Chcete-li z\u00edskat plnou n\u00e1hradu, p\u0159e\u010dt\u011bte si na\u0161e storno podm\u00ednky\u00a0<a href=\"https:\/\/www.boattoursamana.com\/cs\/online-rezervace\/\" target=\"_blank\" rel=\"noopener\" data-saferedirecturl=\"https:\/\/www.google.com\/url?q=https:\/\/www.boattoursamana.com\/online-booking\/&amp;source=gmail&amp;ust=1672529771100000&amp;usg=AOvVaw2NIGJBZ0qjB5RhPUl5Obc7\">Klikn\u011bte zde<\/a>. Prost\u0159edky budou ztraceny, pokud bude rezervace zru\u0161ena ve stejn\u00fd den cesty.<\/p>\n\n\t\t<\/div>\n\t<\/div>\n<\/div><\/div><\/div><\/div><div class=\"vc_row wpb_row vc_row-fluid\" ><div class=\"wpb_column vc_column_container vc_col-sm-12\"><div class=\"vc_column-inner\"><div class=\"wpb_wrapper\"><div class=\"vc_btn3-container vc_btn3-inline\" ><a class=\"vc_general vc_btn3 vc_btn3-size-md vc_btn3-shape-rounded vc_btn3-style-modern vc_btn3-color-green\" href=\"https:\/\/bookingadventures.tours\/booking.php?tour_id=b932097145c8226c01088bd4aaecde46\" title=\"\" rel=\"noopener\">ZAREZERVOVAT HNED<\/a><\/div><div class=\"vc_empty_space\"   style=\"height: 32px\"><span class=\"vc_empty_space_inner\"><\/span><\/div>\n\t<div class=\"wpb_video_widget wpb_content_element vc_clearfix   vc_video-aspect-ratio-169 vc_video-el-width-100 vc_video-align-left\" >\n\t\t<div class=\"wpb_wrapper\">\n\t\t\t<h2 class=\"wpb_heading wpb_video_heading\">Video z n\u00e1rodn\u00edho parku Los Haitises:<\/h2>\n\t\t\t<div class=\"wpb_video_wrapper\"><iframe loading=\"lazy\" title=\"N\u00e1rodn\u00ed park Los Haitises, v\u00fdlety a exkurze ze Samany nebo Sabany de la Mar. Rezervujte zde:\" src=\"https:\/\/player.vimeo.com\/video\/346508015?dnt=1&amp;app_id=122963\" width=\"1100\" height=\"619\" frameborder=\"0\" allow=\"autoplay; fullscreen\" allowfullscreen><\/iframe><\/div>\n\t\t<\/div>\n\t<\/div>\n<div class=\"vc_empty_space\"   style=\"height: 32px\"><span class=\"vc_empty_space_inner\"><\/span><\/div><\/div><\/div><\/div><\/div><div class=\"vc_row wpb_row vc_row-fluid\" ><div class=\"wpb_column vc_column_container vc_col-sm-12\"><div class=\"vc_column-inner\"><div class=\"wpb_wrapper\"><div class=\"vc_empty_space\"   style=\"height: 32px\"><span class=\"vc_empty_space_inner\"><\/span><\/div>\n\t<div class=\"wpb_text_column wpb_content_element\" >\n\t\t<div class=\"wpb_wrapper\">\n\t\t\t<h4>Kontaktujte n\u00e1s?<\/h4>\n<h5><em><strong>Rezervace dobrodru\u017estv\u00ed<\/strong><\/em><\/h5>\n<p><em><strong>M\u00edstn\u00ed obyvatel\u00e9<\/strong>\u00a0a\u00a0<strong>st\u00e1tn\u00ed p\u0159\u00edslu\u0161n\u00edci<\/strong>\u00a0Pr\u016fvodci a slu\u017eby pro hosty<\/em><\/p>\n<p><span class=\"text-turquoise\">Rezervace:<\/span>\u00a0Prohl\u00eddky a exkurze v Dom. Rep.<\/p>\n<p><img decoding=\"async\" class=\"emoji\" draggable=\"false\" src=\"https:\/\/s.w.org\/images\/core\/emoji\/11.2.0\/svg\/1f4de.svg\" alt=\"\ud83d\udcde\" title=\"\">\u00a0Tel \/ Whatsapp\u00a0\u00a0<a href=\"tel:+1-809-720-6035\">+1-809-720-6035<\/a>.<\/p>\n<p><img decoding=\"async\" class=\"emoji\" draggable=\"false\" src=\"https:\/\/s.w.org\/images\/core\/emoji\/11.2.0\/svg\/1f4e9.svg\" alt=\"\ud83d\udce9\" title=\"\">\u00a0<a href=\"mailto:info@bookingadventures.com.do\">info@bookingadventures.com.do<\/a><\/p>\n<p><strong>Flexibiln\u011b nastavujeme soukrom\u00e9 prohl\u00eddky od Whatsapp:\u00a0<a href=\"tel:+18097206035\">+18097206035.<\/a><\/strong><\/p>\n\n\t\t<\/div>\n\t<\/div>\n<div class=\"vc_empty_space\"   style=\"height: 32px\"><span class=\"vc_empty_space_inner\"><\/span><\/div><\/div><\/div><\/div><\/div><div class=\"vc_row wpb_row vc_row-fluid\" ><div class=\"wpb_column vc_column_container vc_col-sm-12\"><div class=\"vc_column-inner\"><div class=\"wpb_wrapper\"><\/div><\/div><\/div><\/div><div class=\"vc_row wpb_row vc_row-fluid\" ><div class=\"wpb_column vc_column_container vc_col-sm-12\"><div class=\"vc_column-inner\"><div class=\"wpb_wrapper\"><div class=\"vc_btn3-container vc_btn3-inline\" ><a class=\"vc_general vc_btn3 vc_btn3-size-md vc_btn3-shape-rounded vc_btn3-style-modern vc_btn3-color-green\" href=\"https:\/\/bookingadventures.tours\/booking.php?tour_id=b932097145c8226c01088bd4aaecde46\" title=\"\" rel=\"noopener\">ZAREZERVOVAT HNED<\/a><\/div><\/div><\/div><\/div><\/div>","protected":false},"excerpt":{"rendered":"<p>V\u00fdlet z Punta Cana k n\u00e1v\u0161t\u011bv\u011b n\u00e1rodn\u00edho parku Los Haitises, Montana Redonda a Cano Hondo. Zahrnuje ob\u011bd a dopravu na n\u00e1v\u0161t\u011bvu 3 hlavn\u00edch jeskyn\u00ed, pr\u016fzkum 2 r\u016fzn\u00fdch ekosyst\u00e9m\u016f mangrov\u016f, v\u00fdhledy a baz\u00e9ny Simming.<\/p>\n<p>Celodenn\u00ed v\u00fdlet do n\u00e1rodn\u00edho parku Los Haitises s m\u00edstn\u00edm pr\u016fvodcem. N\u00e1v\u0161t\u011bva Cays v n\u00e1rodn\u00edm parku Los Haitises, mangrovy, vegetace, pt\u00e1ci, jeskyn\u011b, piktogramy a historick\u00e9 oblasti Sabana de la Mar v n\u00e1rodn\u00edm parku Los Haitises. \u00da\u017easn\u00e9 v\u00fdhledy v Montana Redonda a ob\u011bd plus baz\u00e9ny v Cano Hondo.<\/p>\n<p>&nbsp;<\/p>\n<p><strong>Vyberte pros\u00edm datum prohl\u00eddky:\u00a0<\/strong><\/p>","protected":false},"featured_media":12642,"template":"","meta":[],"product_cat":[294,948,946,928,168,159,160,169,933,972,964,970,253],"product_tag":[176,211,210,268,192,296,267,171,209,440,441,299,212,297,222,298,269],"class_list":["post-9059","product","type-product","status-publish","has-post-thumbnail","hentry","product_cat-tours-excursions-punta-cana-dominican-republic","product_cat-1-punta-cana","product_cat-1-sabana-de-la-mar","product_cat-boat-trip-los-haitises","product_cat-caves","product_cat-fees-entrace","product_cat-lunch","product_cat-mangroves","product_cat-natural-pools-los-haitises","product_cat-punta-cana-group-tours","product_cat-punta-cana-los-haitises","product_cat-punta-cana-montana-redonda","product_cat-tours-and-excursions","product_tag-cano-hondo","product_tag-cano-hondo-hotel","product_tag-cano-hondo-tours","product_tag-caves-los-haitises","product_tag-day-tour-cano-hondo","product_tag-day-trip-punta-cana","product_tag-las-terrenas","product_tag-los-haitises","product_tag-los-haitises-national-park","product_tag-los-haitises-national-park-map","product_tag-los-haitises-national-park-tour-from-las-terrenas","product_tag-los-haitises-national-park-tours-excursions","product_tag-mangroves-los-haitises","product_tag-montana-redonda-tours-excursion","product_tag-punta-cana","product_tag-punta-cana-tours-excursions","product_tag-transportation-los-haitises"],"_links":{"self":[{"href":"https:\/\/www.boattoursamana.com\/cs\/wp-json\/wp\/v2\/product\/9059","targetHints":{"allow":["GET"]}}],"collection":[{"href":"https:\/\/www.boattoursamana.com\/cs\/wp-json\/wp\/v2\/product"}],"about":[{"href":"https:\/\/www.boattoursamana.com\/cs\/wp-json\/wp\/v2\/types\/product"}],"wp:featuredmedia":[{"embeddable":true,"href":"https:\/\/www.boattoursamana.com\/cs\/wp-json\/wp\/v2\/media\/12642"}],"wp:attachment":[{"href":"https:\/\/www.boattoursamana.com\/cs\/wp-json\/wp\/v2\/media?parent=9059"}],"wp:term":[{"taxonomy":"product_cat","embeddable":true,"href":"https:\/\/www.boattoursamana.com\/cs\/wp-json\/wp\/v2\/product_cat?post=9059"},{"taxonomy":"product_tag","embeddable":true,"href":"https:\/\/www.boattoursamana.com\/cs\/wp-json\/wp\/v2\/product_tag?post=9059"}],"curies":[{"name":"wp","href":"https:\/\/api.w.org\/{rel}","templated":true}]}}