{"id":9252,"date":"2019-08-08T10:17:22","date_gmt":"2019-08-08T10:17:22","guid":{"rendered":"https:\/\/www.ticketswhales.com\/?post_type=product&#038;p=9252"},"modified":"2023-03-21T10:49:35","modified_gmt":"2023-03-21T10:49:35","slug":"hiking-boca-del-diablo-mouth-of-the-devil-to-fronton-beach-samana-day-trip","status":"publish","type":"product","link":"https:\/\/www.boattoursamana.com\/cs\/prohlidka\/turistika-boca-del-diablo-usta-dabla-na-fronton-beach-samana-jednodenni-vylet","title":{"rendered":"El Fronton (turistika a plav\u00e1n\u00ed)"},"content":{"rendered":"<div class=\"vc_row wpb_row vc_row-fluid\" ><div class=\"wpb_column vc_column_container vc_col-sm-12\"><div class=\"vc_column-inner\"><div class=\"wpb_wrapper\"><\/div><\/div><\/div><\/div><div class=\"vc_row wpb_row vc_row-fluid\" ><div class=\"wpb_column vc_column_container vc_col-sm-12\"><div class=\"vc_column-inner\"><div class=\"wpb_wrapper\"><div class=\"vc_btn3-container vc_btn3-inline\" ><button class=\"vc_general vc_btn3 vc_btn3-size-md vc_btn3-shape-rounded vc_btn3-style-modern vc_btn3-color-green\">ZAREZERVOVAT HNED<\/button><\/div><div class=\"mkdf-section-title-holder\" style=\"text-align: left\">\n\t<div class=\"mkdf-st-inner\">\n\t\t\t\t\t<h5 class=\"mkdf-st-subtitle\" >\n\t\t\t\tTuristika\t\t\t<\/h5>\n\t\t\t\t\t\t\t<h3 class=\"mkdf-st-title\" >\n\t\t\t\tBoca del Diablo &#039;\u00dasta \u010f\u00e1bla&#039;, na pl\u00e1\u017e Fronton, jednodenn\u00ed v\u00fdlet do Samany.\t\t\t<\/h3>\n\t\t\t\t\t<\/div>\n<\/div>\n\t<div class=\"wpb_text_column wpb_content_element\" >\n\t\t<div class=\"wpb_wrapper\">\n\t\t\t<h3>P\u011b\u0161\u00ed turistika Boca del Diablo &#039;\u00dasta \u010f\u00e1bla&#039;, na pl\u00e1\u017e Fronton, jednodenn\u00ed v\u00fdlet do Samany.<\/h3>\n<h4><b><i>P\u0159ehled <\/i><\/b><\/h4>\n<p>V\u00fdlet za\u010d\u00edn\u00e1 v m\u00edst\u011b setk\u00e1n\u00ed v Las Galeras, Samana. Nejo\u010dek\u00e1van\u011bj\u0161\u00ed turistika v Saman\u011b. N\u00e1v\u0161t\u011bva \u00dasta \u010f\u00e1bla ve \u0161pan\u011blsk\u00e9m Boca Del Diablo, Hluk, kter\u00fd vytv\u00e1\u0159\u00ed glify s tlakem vody pod skalami. Po n\u00e1v\u0161t\u011bv\u011b marmolitov\u00fdch jeskyn\u00ed a Boca del Diablo pokra\u010dujeme v proch\u00e1zce kokosov\u00fdm lesem a kr\u00e1sn\u00fdm v\u00fdhledem na oce\u00e1n a\u017e k jedn\u00e9 z nej\u00fa\u017easn\u011bj\u0161\u00edch pl\u00e1\u017e\u00ed v Dominik\u00e1nsk\u00e9 republice. Pl\u00e1\u017e Fronton.<\/p>\n<p>Po t\u00e9to zku\u0161enosti se vr\u00e1t\u00edte zp\u011bt k p\u011b\u0161\u00ed turistice na m\u00edsto setk\u00e1n\u00ed v komunit\u011b Las Galeras.<\/p>\n<ul>\n<li style=\"font-weight: 400;\">Poplatky v cen\u011b<\/li>\n<li>Ob\u010derstven\u00ed<\/li>\n<li style=\"font-weight: 400;\">M\u00edstn\u00ed pr\u016fvodce v angli\u010dtin\u011b nebo francouz\u0161tin\u011b<\/li>\n<li>Turistika<\/li>\n<\/ul>\n<p>&nbsp;<\/p>\n<h4><b>Zahrnut\u00ed a vylou\u010den\u00ed<\/b><\/h4>\n<p>&nbsp;<\/p>\n<p><b>Inkluze<\/b><\/p>\n<ol>\n<li style=\"font-weight: 400;\">Boca del Diablo<\/li>\n<li>Marmolitov\u00e9 jeskyn\u011b<\/li>\n<li>Pl\u00e1\u017e Fronton<\/li>\n<li style=\"font-weight: 400;\"><span style=\"font-weight: 400;\">V\u0161echny dan\u011b, poplatky a manipula\u010dn\u00ed poplatky<\/span><\/li>\n<li style=\"font-weight: 400;\"><span style=\"font-weight: 400;\">M\u00edstn\u00ed dan\u011b<\/span><\/li>\n<li>Ob\u010derstven\u00ed<\/li>\n<li>Turistika<\/li>\n<li style=\"font-weight: 400;\"><span style=\"font-weight: 400;\">V\u0161echny aktivity<\/span><\/li>\n<li style=\"font-weight: 400;\"><span style=\"font-weight: 400;\">M\u00edstn\u00ed pr\u016fvodce<\/span><\/li>\n<\/ol>\n<p><b> V\u00fdluky<\/b><\/p>\n<ol>\n<li style=\"font-weight: 400;\"><span style=\"font-weight: 400;\">Spropitn\u00e9<\/span><\/li>\n<li>P\u0159eprava<\/li>\n<li>Ob\u011bd<\/li>\n<li style=\"font-weight: 400;\"><span style=\"font-weight: 400;\">Alkoholick\u00e9 n\u00e1poje<\/span><\/li>\n<\/ol>\n<p>&nbsp;<\/p>\n<h4><em><strong>Odjezd a n\u00e1vrat<\/strong><\/em><\/h4>\n<p><span style=\"font-weight: 400;\">Cestovatel z\u00edsk\u00e1 m\u00edsto setk\u00e1n\u00ed po procesu rezervace. Prohl\u00eddky za\u010d\u00ednaj\u00ed a kon\u010d\u00ed v m\u00edstech setk\u00e1n\u00ed.<\/span><\/p>\n<p>&nbsp;<\/p>\n<h3><\/h3>\n<h4><b><i>Co \u010dekat?<\/i><\/b><\/h4>\n<p><em><strong>Z\u00edskejte vstupenky<\/strong><\/em> za n\u00e1v\u0161t\u011bvu Boca del diablo a pl\u00e1\u017ee Fronton v Saman\u011b. Denn\u00ed v\u00fdlet. Po\u010d\u00ednaje Las Galeras, podrostov\u00e9 kokosov\u00e9 palmy, v\u00fdhledy, hory, pt\u00e1ci a jedna z nejkr\u00e1sn\u011bj\u0161\u00edch pl\u00e1\u017e\u00ed v Dominik\u00e1nsk\u00e9 republice.<\/p>\n<p>Prohl\u00eddka organizovan\u00e1 \u201eBooking Adventures\u201c za\u010d\u00edn\u00e1 na m\u00edst\u011b setk\u00e1n\u00ed s pr\u016fvodcem. P\u0159ij\u010fte s Booking Adventures a za\u010dn\u011bte v boca del diablo jeskyni s pr\u016fduchem, kde jsou velk\u00e9 vlny\u00a0<img decoding=\"async\" class=\"emoji\" draggable=\"false\" src=\"http:\/\/twemoji.maxcdn.com\/16x16\/1f30a.png\" alt=\"\ud83c\udf0a\" title=\"\">\u00a0\u0159\u00edt\u00ed dovnit\u0159 a mo\u0159sk\u00e1 voda je odst\u0159elov\u00e1na\u00a0<img decoding=\"async\" class=\"emoji\" draggable=\"false\" src=\"http:\/\/twemoji.maxcdn.com\/16x16\/1f4a8.png\" alt=\"\ud83d\udca8\" title=\"\">\u00a0<img decoding=\"async\" class=\"emoji\" draggable=\"false\" src=\"http:\/\/twemoji.maxcdn.com\/16x16\/1f4a6.png\" alt=\"\ud83d\udca6\" title=\"\">\u00a0ven z ventilace. Velk\u00e9 vlny by vytvo\u0159ily trval\u00fd mrak kapi\u010dek slan\u00e9 vody, kter\u00e9 by foukaly daleko do vnitrozem\u00ed. Stav vln byl divok\u00fd, kdy\u017e jsme tam byli, a m\u011bli jsme docela show.<\/p>\n<div class=\"body-description secondary\">\n<p>Po tomto z\u00e1\u017eitku vyr\u00e1\u017e\u00edme 1 30 minut na pl\u00e1\u017e Fronton, jednu z nejkr\u00e1sn\u011bj\u0161\u00edch pl\u00e1\u017e\u00ed, jej\u00ed tis\u00edce odst\u00edn\u016f barev, kter\u00e9 dokresluj\u00ed jej\u00ed r\u016fzn\u00e9 krajiny\u2026 a tady na pl\u00e1\u017ei fronton nen\u00ed \u017e\u00e1dn\u00e1 v\u00fdjimka. V\u0161e m\u00e1te kolem sebe. . Jak bych mohl nec\u00edtit ten klid\u2026 ticho z m\u00edsta, kde jsem byl\u2026 kouzeln\u00e1 krajina z mo\u0159e\u2026 ze starov\u011bk\u00fdch hor\u2026 slunce pol\u00edben\u00e9 na\u0161\u00edm v\u011b\u010dn\u00fdm sluncem a jeho nekone\u010dn\u00fd horizont\u2026 nebe nad n\u00e1mi. a p\u0159esto je st\u00e1le co ochutnat... to je to, co tam c\u00edt\u00edme.<\/p>\n<p>M\u016f\u017eeme zajistit ob\u011bd a v\u00fdlet lod\u00ed zp\u011bt za p\u0159\u00edplatek. Po koup\u00e1n\u00ed na pl\u00e1\u017ei Fronton se vrac\u00edme zp\u011bt na m\u00edsto setk\u00e1n\u00ed.<\/p>\n<p>&nbsp;<\/p>\n<p>&nbsp;<\/p>\n<\/div>\n<h4><em><strong>Co byste m\u011bli p\u0159in\u00e9st?<\/strong><\/em><\/h4>\n<ul>\n<li style=\"font-weight: 400;\"><span style=\"font-weight: 400;\">Fotoapar\u00e1t<\/span><\/li>\n<li style=\"font-weight: 400;\"><span style=\"font-weight: 400;\">Repelentn\u00ed pupeny<\/span><\/li>\n<li style=\"font-weight: 400;\"><span style=\"font-weight: 400;\">Opalovac\u00ed kr\u00e9m<\/span><\/li>\n<li>Voda<\/li>\n<li style=\"font-weight: 400;\"><span style=\"font-weight: 400;\">\u010cepice<\/span><\/li>\n<li style=\"font-weight: 400;\"><span style=\"font-weight: 400;\">Pohodln\u00e9 kalhoty<\/span><\/li>\n<li style=\"font-weight: 400;\"><span style=\"font-weight: 400;\">Turistick\u00e9 boty do lesa<\/span><\/li>\n<li style=\"font-weight: 400;\"><span style=\"font-weight: 400;\">Sand\u00e1ly do jarn\u00edch oblast\u00ed.<\/span><\/li>\n<li style=\"font-weight: 400;\"><span style=\"font-weight: 400;\">Plavky<\/span><\/li>\n<\/ul>\n<p>&nbsp;<\/p>\n<h4><b><i>Hotel vyzvednut\u00ed <\/i><\/b><\/h4>\n<p><span style=\"font-weight: 400;\">Vyzvednut\u00ed v hotelu nen\u00ed pro tento z\u00e1jezd nab\u00edzeno. <\/span><\/p>\n<p>&nbsp;<\/p>\n<p><b>Pozn\u00e1mka:<\/b><span style=\"font-weight: 400;\"> pokud prov\u00e1d\u00edte rezervaci do 24 hodin od \u010dasu odjezdu z\u00e1jezdu\/exkurze, m\u016f\u017eeme za\u0159\u00eddit vyzvednut\u00ed v hotelu za p\u0159\u00edplatek. Jakmile bude v\u00e1\u0161 n\u00e1kup dokon\u010den, za\u0161leme v\u00e1m kompletn\u00ed kontaktn\u00ed informace (telefonn\u00ed \u010d\u00edslo, e-mailovou adresu atd.) pro na\u0161eho m\u00edstn\u00edho pr\u016fvodce, abychom mohli zajistit vyzvednut\u00ed.<\/span><\/p>\n<h4><b><i>Potvrzen\u00ed dal\u0161\u00edch informac\u00ed <\/i><\/b><\/h4>\n<ol>\n<li>Vstupenky jsou \u00fa\u010dtenkou po zaplacen\u00ed tohoto z\u00e1jezdu. Platbu m\u016f\u017eete zobrazit na telefonu.<\/li>\n<li style=\"font-weight: 400;\"><span style=\"font-weight: 400;\">M\u00edsto setk\u00e1n\u00ed bude obdr\u017eeno po procesu rezervace.<\/span><\/li>\n<li style=\"font-weight: 400;\"><span style=\"font-weight: 400;\">D\u011bti mus\u00ed b\u00fdt v doprovodu dosp\u011bl\u00e9 osoby.<\/span><\/li>\n<li style=\"font-weight: 400;\"><span style=\"font-weight: 400;\"> Bezbari\u00e9rov\u00fd p\u0159\u00edstup <\/span><\/li>\n<li style=\"font-weight: 400;\"><span style=\"font-weight: 400;\">D\u011bti mus\u00ed sed\u011bt na kl\u00edn\u011b <\/span><\/li>\n<li style=\"font-weight: 400;\"><span style=\"font-weight: 400;\">Nedoporu\u010duje se pro cestovatele s probl\u00e9my se z\u00e1dy<\/span><\/li>\n<li style=\"font-weight: 400;\"><span style=\"font-weight: 400;\">Nedoporu\u010duje se t\u011bhotn\u00fdm cestovatel\u016fm <\/span><\/li>\n<li style=\"font-weight: 400;\"><span style=\"font-weight: 400;\"> \u017d\u00e1dn\u00e9 probl\u00e9my se srdcem ani jin\u00e9 z\u00e1va\u017en\u00e9 zdravotn\u00ed stavy <\/span><\/li>\n<li style=\"font-weight: 400;\"><span style=\"font-weight: 400;\">Z\u00fa\u010dastnit se m\u016f\u017ee v\u011bt\u0161ina cestovatel\u016f<\/span><\/li>\n<\/ol>\n<h4><b><i>Storno podm\u00ednky<\/i><\/b><\/h4>\n<p>Chcete-li z\u00edskat plnou n\u00e1hradu, p\u0159e\u010dt\u011bte si na\u0161e storno podm\u00ednky\u00a0<a href=\"https:\/\/www.boattoursamana.com\/cs\/online-rezervace\/\" target=\"_blank\" rel=\"noopener\" data-saferedirecturl=\"https:\/\/www.google.com\/url?q=https:\/\/www.boattoursamana.com\/online-booking\/&amp;source=gmail&amp;ust=1672449202351000&amp;usg=AOvVaw1yAeVAPktmaVCqDujgUn90\">Klikn\u011bte zde<\/a>. Prost\u0159edky budou ztraceny, pokud bude rezervace zru\u0161ena ve stejn\u00fd den cesty.<\/p>\n\n\t\t<\/div>\n\t<\/div>\n<div class=\"vc_btn3-container vc_btn3-inline\" ><button class=\"vc_general vc_btn3 vc_btn3-size-md vc_btn3-shape-rounded vc_btn3-style-modern vc_btn3-color-green\">ZAREZERVOVAT HNED<\/button><\/div><\/div><\/div><\/div><\/div><div class=\"vc_row wpb_row vc_row-fluid\" ><div class=\"wpb_column vc_column_container vc_col-sm-12\"><div class=\"vc_column-inner\"><div class=\"wpb_wrapper\">\n\t<div class=\"wpb_video_widget wpb_content_element vc_clearfix   vc_video-aspect-ratio-169 vc_video-el-width-100 vc_video-align-left\" >\n\t\t<div class=\"wpb_wrapper\">\n\t\t\t<h2 class=\"wpb_heading wpb_video_heading\">Boca del diablo a pl\u00e1\u017e Fronton<\/h2>\n\t\t\t<div class=\"wpb_video_wrapper\"><iframe loading=\"lazy\" title=\"Poloostrov Saman\u00e1, Dominik\u00e1nsk\u00e1 republika (DJI Phantom 4 4K)\" width=\"1100\" height=\"619\" src=\"https:\/\/www.youtube.com\/embed\/DYDXVm8Q_iM?feature=oembed\" frameborder=\"0\" allow=\"accelerometer; autoplay; encrypted-media; gyroscope; picture-in-picture\" allowfullscreen><\/iframe><\/div>\n\t\t<\/div>\n\t<\/div>\n<\/div><\/div><\/div><\/div><div class=\"vc_row wpb_row vc_row-fluid\" ><div class=\"wpb_column vc_column_container vc_col-sm-12\"><div class=\"vc_column-inner\"><div class=\"wpb_wrapper\"><div class=\"vc_empty_space\"   style=\"height: 32px\"><span class=\"vc_empty_space_inner\"><\/span><\/div>\n\t<div class=\"wpb_text_column wpb_content_element\" >\n\t\t<div class=\"wpb_wrapper\">\n\t\t\t<h4>Kontaktujte n\u00e1s?<\/h4>\n<h5>Rezervace dobrodru\u017estv\u00ed<\/h5>\n<p><em><strong>M\u00edstn\u00ed obyvatel\u00e9<\/strong>\u00a0a\u00a0<strong>st\u00e1tn\u00ed p\u0159\u00edslu\u0161n\u00edci<\/strong>\u00a0Pr\u016fvodci a slu\u017eby pro hosty<\/em><\/p>\n<p><span class=\"text-turquoise\">Rezervace:<\/span>\u00a0Prohl\u00eddky a exkurze v Dom. Rep.<\/p>\n<p><img decoding=\"async\" class=\"emoji\" draggable=\"false\" src=\"https:\/\/s.w.org\/images\/core\/emoji\/11.2.0\/svg\/1f4de.svg\" alt=\"\ud83d\udcde\" title=\"\">\u00a0Tel \/ Whatsapp\u00a0\u00a0<a href=\"tel:+1-809-720-6035\">+1-809-720-6035<\/a>.<\/p>\n<p><img decoding=\"async\" class=\"emoji\" draggable=\"false\" src=\"https:\/\/s.w.org\/images\/core\/emoji\/11.2.0\/svg\/1f4e9.svg\" alt=\"\ud83d\udce9\" title=\"\">\u00a0<a href=\"mailto:info@bookingadventures.com.do\">info@bookingadventures.com.do<\/a><\/p>\n<p><strong>Flexibiln\u011b nastavujeme soukrom\u00e9 prohl\u00eddky od Whatsapp:\u00a0<a href=\"tel:+18097206035\">+18097206035.<\/a><\/strong><\/p>\n\n\t\t<\/div>\n\t<\/div>\n<div class=\"vc_empty_space\"   style=\"height: 32px\"><span class=\"vc_empty_space_inner\"><\/span><\/div><\/div><\/div><\/div><\/div><div class=\"vc_row wpb_row vc_row-fluid\" ><div class=\"wpb_column vc_column_container vc_col-sm-12\"><div class=\"vc_column-inner\"><div class=\"wpb_wrapper\"><div class=\"vc_btn3-container vc_btn3-inline\" ><button class=\"vc_general vc_btn3 vc_btn3-size-md vc_btn3-shape-rounded vc_btn3-style-modern vc_btn3-color-green\">ZAREZERVOVAT HNED<\/button><\/div><\/div><\/div><\/div><\/div>","protected":false},"excerpt":{"rendered":"<p>V\u00fdlet za\u010d\u00edn\u00e1 v m\u00edst\u011b setk\u00e1n\u00ed v Las Galeras, Samana. Nej\u00fa\u017easn\u011bj\u0161\u00ed turistika v Saman\u011b. N\u00e1v\u0161t\u011bva \u00dasta \u010f\u00e1bla ve \u0161pan\u011blsk\u00e9m Boca Del Diablo, Hluk, kter\u00fd d\u011bl\u00e1 glify s p\u0159esnost\u00ed vody pod skalami. Po n\u00e1v\u0161t\u011bv\u011b marmolitov\u00fdch jeskyn\u00ed a Boca del Diablo pokra\u010dujeme v proch\u00e1zce kokosov\u00fdm lesem a kr\u00e1sn\u00fdm v\u00fdhledem na oce\u00e1n a\u017e k jedn\u00e9 z nej\u00fa\u017easn\u011bj\u0161\u00edch pl\u00e1\u017e\u00ed v Dominik\u00e1nsk\u00e9 republice. Pl\u00e1\u017e Fronton.<\/p>\n<p>&nbsp;<\/p>\n<p><strong>Vyberte pros\u00edm datum prohl\u00eddky:\u00a0<\/strong><\/p>","protected":false},"featured_media":9260,"template":"","meta":[],"product_cat":[178,255],"product_tag":[268,267,171,209,212,269],"class_list":["post-9252","product","type-product","status-publish","has-post-thumbnail","hentry","product_cat-hiking","product_cat-tours-excursions-samana-bay-dominican-republic","product_tag-caves-los-haitises","product_tag-las-terrenas","product_tag-los-haitises","product_tag-los-haitises-national-park","product_tag-mangroves-los-haitises","product_tag-transportation-los-haitises"],"_links":{"self":[{"href":"https:\/\/www.boattoursamana.com\/cs\/wp-json\/wp\/v2\/product\/9252","targetHints":{"allow":["GET"]}}],"collection":[{"href":"https:\/\/www.boattoursamana.com\/cs\/wp-json\/wp\/v2\/product"}],"about":[{"href":"https:\/\/www.boattoursamana.com\/cs\/wp-json\/wp\/v2\/types\/product"}],"wp:featuredmedia":[{"embeddable":true,"href":"https:\/\/www.boattoursamana.com\/cs\/wp-json\/wp\/v2\/media\/9260"}],"wp:attachment":[{"href":"https:\/\/www.boattoursamana.com\/cs\/wp-json\/wp\/v2\/media?parent=9252"}],"wp:term":[{"taxonomy":"product_cat","embeddable":true,"href":"https:\/\/www.boattoursamana.com\/cs\/wp-json\/wp\/v2\/product_cat?post=9252"},{"taxonomy":"product_tag","embeddable":true,"href":"https:\/\/www.boattoursamana.com\/cs\/wp-json\/wp\/v2\/product_tag?post=9252"}],"curies":[{"name":"wp","href":"https:\/\/api.w.org\/{rel}","templated":true}]}}