{"id":9373,"date":"2019-09-07T08:01:28","date_gmt":"2019-09-07T08:01:28","guid":{"rendered":"https:\/\/www.ticketswhales.com\/?post_type=product&#038;p=9373"},"modified":"2023-02-20T21:20:29","modified_gmt":"2023-02-20T21:20:29","slug":"playa-rincon-rincon-beach-playa-fronton-playa-madame-beach-samana-dominican-republic","status":"publish","type":"product","link":"https:\/\/www.boattoursamana.com\/cs\/prohlidka\/playa-rincon-rincon-plaz-playa-fronton-playa-madame-beach-samana-dominikanska-republika-2","title":{"rendered":"Playa Rinc\u00f3n (pl\u00e1\u017e Rincon), Playa Fronton + Playa Madame Beach, Saman\u00e1 - Dominik\u00e1nsk\u00e1 republika."},"content":{"rendered":"<div class=\"vc_row wpb_row vc_row-fluid\" ><div class=\"wpb_column vc_column_container vc_col-sm-12\"><div class=\"vc_column-inner\"><div class=\"wpb_wrapper\"><div class=\"vc_btn3-container vc_btn3-inline\" ><button class=\"vc_general vc_btn3 vc_btn3-size-md vc_btn3-shape-rounded vc_btn3-style-modern vc_btn3-color-green\">ZAREZERVOVAT HNED<\/button><\/div><div class=\"mkdf-section-title-holder\" style=\"text-align: left\">\n\t<div class=\"mkdf-st-inner\">\n\t\t\t\t\t<h5 class=\"mkdf-st-subtitle\" >\n\t\t\t\tOb\u011bd, proj\u00ed\u017e\u010fka lod\u00ed a soukrom\u00e1 doprava z hotel\u016f.\t\t\t<\/h5>\n\t\t\t\t\t\t\t<h3 class=\"mkdf-st-title\" >\n\t\t\t\tPlaya Rinc\u00f3n, Playa Fronton + Playa Madame Beach, Saman\u00e1 \u2013 Dominik\u00e1nsk\u00e1 republika.\t\t\t<\/h3>\n\t\t\t\t\t<\/div>\n<\/div>\n\t<div class=\"wpb_text_column wpb_content_element\" >\n\t\t<div class=\"wpb_wrapper\">\n\t\t\t<h3><\/h3>\n<h4><b><i>P\u0159ehled <\/i><\/b><\/h4>\n<p>V\u00fdlet za\u010d\u00edn\u00e1 na Vyzvednut\u00ed ve va\u0161em hotelu nebo airbnb v oblasti Samana. Objevte s n\u00e1mi 3 tajn\u00e9 a divok\u00e9 pl\u00e1\u017ee regionu El Rincon beach, Playa madame a Playa Fronton. Jeden z nejkr\u00e1sn\u011bj\u0161\u00edch v\u00fdlet\u016f na poloostrov\u011b Saman\u00e1. Vstupte do jedine\u010dn\u00e9 atmosf\u00e9ry Playa Front\u00f3n, pl\u00e1\u017ee dostupn\u00e9 pouze lod\u00ed obklopen\u00e9 kor\u00e1lov\u00fdm \u00fatesem, kolem kter\u00e9ho m\u016f\u017eete \u0161norchlovat, plavat s rybami a objevovat jej\u00ed kor\u00e1ly a relaxovat a u\u017e\u00edvat si \u00fa\u017easnou scen\u00e9rii. Odpo\u010dinek, koup\u00e1n\u00ed a pot\u00e9 odjezd na Playa madame, dal\u0161\u00ed a izolovanou perfektn\u00ed pl\u00e1\u017e pro \u0161norchlov\u00e1n\u00ed, kde m\u016f\u017eete tak\u00e9 nav\u0161t\u00edvit jeskyni a po\u0159\u00eddit skv\u011bl\u00e1 videa nebo fotografie pro \u00fa\u017easn\u00e9 vzpom\u00ednky.<\/p>\n<p>Ob\u011bdv\u00e1te s prsty na nohou v p\u00edsku za zvuku Merengue a Bachaty v \u201eEl Paraiso\u201c \u2013 posledn\u00ed restauraci p\u0159ed d\u017eungl\u00ed \u2013 kde v\u00e1m bude naserv\u00edrov\u00e1no kompletn\u00ed j\u00eddlo v\u010detn\u011b ryb\u00edho pokrmu, dopln\u011bn\u00e9 m\u00edstn\u00edmi n\u00e1poji a koktejly. Na zp\u00e1te\u010dn\u00ed cest\u011b se zastav\u00edme na pl\u00e1\u017ei El Rincon, zde najdete p\u0159\u00edrodn\u00ed perlu, kter\u00e1 je pova\u017eov\u00e1na za jednu z nejkr\u00e1sn\u011bj\u0161\u00edch pl\u00e1\u017e\u00ed v zemi. B\u00edl\u00fd jemn\u00fd p\u00edsek, tyrkysov\u00e9 mo\u0159e a metr vysok\u00e9 palmy mluv\u00ed za v\u0161e.<\/p>\n<p>&nbsp;<\/p>\n<ul>\n<li><span style=\"font-weight: 400;\">M\u00edstn\u00ed pr\u016fvodce se zku\u0161enostmi s bezpe\u010dnost\u00ed v t\u00e9to oblasti.<\/span><\/li>\n<li>\u0160norchl<\/li>\n<li>Soukrom\u00e1 doprava<\/li>\n<li style=\"font-weight: 400;\">Poplatky v cen\u011b<\/li>\n<li>Ob\u011bd na pl\u00e1\u017ei<\/li>\n<li>J\u00edzda lod\u00ed<\/li>\n<li style=\"font-weight: 400;\">M\u00edstn\u00ed pr\u016fvodce ve \u0161pan\u011bl\u0161tin\u011b, angli\u010dtin\u011b nebo francouz\u0161tin\u011b.<\/li>\n<li>Turistika<\/li>\n<\/ul>\n<p>&nbsp;<\/p>\n<h4><b>Zahrnut\u00ed a vylou\u010den\u00ed<\/b><\/h4>\n<p>&nbsp;<\/p>\n<p><b>Inkluze<\/b><\/p>\n<ol>\n<li><span style=\"font-weight: 400;\">M\u00edstn\u00ed pr\u016fvodce se zku\u0161enostmi s bezpe\u010dnost\u00ed v t\u00e9to oblasti.<\/span><\/li>\n<li>Soukrom\u00e1 doprava pro mal\u00e9 skupiny<\/li>\n<li>\u0160norchl<\/li>\n<li style=\"font-weight: 400;\">Pl\u00e1\u017e El Rincon<\/li>\n<li>Madame Beach<\/li>\n<li>Pl\u00e1\u017e Fronton<\/li>\n<li style=\"font-weight: 400;\"><span style=\"font-weight: 400;\">V\u0161echny dan\u011b, poplatky a manipula\u010dn\u00ed poplatky<\/span><\/li>\n<li style=\"font-weight: 400;\"><span style=\"font-weight: 400;\">M\u00edstn\u00ed dan\u011b<\/span><\/li>\n<li>Ob\u011bd na pl\u00e1\u017ei<\/li>\n<li>Turistika<\/li>\n<li style=\"font-weight: 400;\"><span style=\"font-weight: 400;\">V\u0161echny aktivity<\/span><\/li>\n<\/ol>\n<p><b> V\u00fdluky<\/b><\/p>\n<ol>\n<li style=\"font-weight: 400;\"><span style=\"font-weight: 400;\">Spropitn\u00e9<\/span><\/li>\n<\/ol>\n<h4><em><strong>Odjezd a n\u00e1vrat<\/strong><\/em><\/h4>\n<p><span style=\"font-weight: 400;\">Cestovatel z\u00edsk\u00e1 m\u00edsto setk\u00e1n\u00ed po procesu rezervace. Prohl\u00eddky za\u010d\u00ednaj\u00ed a kon\u010d\u00ed v m\u00edstech setk\u00e1n\u00ed.<\/span><\/p>\n<h3>Playa Rinc\u00f3n, Playa Fronton + Playa Madame Beach, Saman\u00e1 \u2013 Dominik\u00e1nsk\u00e1 republika. Jednodenn\u00ed v\u00fdlet Samana.<\/h3>\n<h4><b><i>Co \u010dekat?<\/i><\/b><\/h4>\n<p><em><strong>Z\u00edskejte vstupenky<\/strong><\/em> za n\u00e1v\u0161t\u011bvu Boca del diablo a pl\u00e1\u017ee Fronton v Saman\u011b. Denn\u00ed v\u00fdlet. Po\u010d\u00ednaje hotelov\u00fdmi oblastmi Samana, n\u00e1v\u0161t\u011bvou 3 nejunik\u00e1tn\u011bj\u0161\u00edch pl\u00e1\u017e\u00ed v Dominik\u00e1nsk\u00e9 republice. Playa Rinc\u00f3n je neporu\u0161en\u00fd p\u00e1s b\u00edl\u00e9ho p\u00edsku, kter\u00fd se t\u00e1hne v d\u00e9lce asi 4 km pod\u00e9l nezastav\u011bn\u00e9 \u010d\u00e1sti pob\u0159e\u017e\u00ed. Tato odlehl\u00e1 pl\u00e1\u017e, lemovan\u00e1 okrajem kokosov\u00fdch palem a na obou konc\u00edch sev\u0159en\u00e1 horami a vrcholky \u00fates\u016f, p\u016fsob\u00ed jako skute\u010dn\u00e1 utopie, od\u0159\u00edznut\u00e1 od civilizace.<\/p>\n<p>Po pl\u00e1\u017ei El Rincon nav\u0161t\u00edv\u00edme Madame. Tato pl\u00e1\u017e je b\u011b\u017enou prvn\u00ed zast\u00e1vkou p\u0159i \u0161norchlov\u00e1n\u00ed (v\u010detn\u011b Playa Fronton, viz n\u00ed\u017ee) a je p\u0159\u00edstupn\u00e1 pouze lod\u00ed nebo na koni. Zat\u00edmco krajina byla dramatick\u00e1 a my jsme milovali prohl\u00eddku nedalek\u00fdch jeskyn\u00ed a p\u011b\u0161\u00ed turistiku na \u00fatesech.<\/p>\n<p>Posledn\u00ed mo\u017enost\u00ed v na\u0161em v\u00fdletu je Fronton Beach. Zde je voda super \u010dist\u00e1, kr\u00e1sn\u00fd odst\u00edn modr\u00e9 a okoln\u00ed kor\u00e1lov\u00fd \u00fates zaji\u0161\u0165uje, \u017ee pl\u00e1\u017e je velmi bezpe\u010dn\u00e1 pro koup\u00e1n\u00ed.<\/p>\n<p>&nbsp;<\/p>\n<p>Prohl\u00eddka organizovan\u00e1 \u201eBooking Adventures\u201c za\u010d\u00edn\u00e1 na m\u00edst\u011b setk\u00e1n\u00ed s na\u0161\u00edm pr\u016fvodcem. P\u0159ij\u010fte s Booking Adventures a dejte si ob\u011bd na pl\u00e1\u017ei a prohl\u00e9dn\u011bte si 3 nej\u00fa\u017easn\u011bj\u0161\u00ed pl\u00e1\u017ee v Saman\u011b v Dominik\u00e1nsk\u00e9 republice.<\/p>\n<div class=\"body-description secondary\">\n<p>&nbsp;<\/p>\n<\/div>\n<h4><em><strong>Co byste m\u011bli p\u0159in\u00e9st?<\/strong><\/em><\/h4>\n<ul>\n<li style=\"font-weight: 400;\"><span style=\"font-weight: 400;\">Fotoapar\u00e1t<\/span><\/li>\n<li style=\"font-weight: 400;\"><span style=\"font-weight: 400;\">Repelentn\u00ed pupeny<\/span><\/li>\n<li style=\"font-weight: 400;\"><span style=\"font-weight: 400;\">Opalovac\u00ed kr\u00e9m<\/span><\/li>\n<li>Voda<\/li>\n<li style=\"font-weight: 400;\"><span style=\"font-weight: 400;\">\u010cepice<\/span><\/li>\n<li style=\"font-weight: 400;\"><span style=\"font-weight: 400;\">Pohodln\u00e9 kalhoty<\/span><\/li>\n<li style=\"font-weight: 400;\"><span style=\"font-weight: 400;\">Turistick\u00e9 boty do lesa<\/span><\/li>\n<li style=\"font-weight: 400;\"><span style=\"font-weight: 400;\">Sand\u00e1ly do jarn\u00edch oblast\u00ed.<\/span><\/li>\n<li style=\"font-weight: 400;\"><span style=\"font-weight: 400;\">Plavky<\/span><\/li>\n<\/ul>\n<p>&nbsp;<\/p>\n<h4><b><i>Hotel vyzvednut\u00ed <\/i><\/b><\/h4>\n<p><span style=\"font-weight: 400;\">Pro tento z\u00e1jezd je nab\u00edzeno vyzvednut\u00ed v hotelu. <\/span><\/p>\n<p>&nbsp;<\/p>\n<p><b>Pozn\u00e1mka:<\/b><span style=\"font-weight: 400;\"> Pokud provedete rezervaci do 24 hodin od \u010dasu odjezdu z\u00e1jezdu\/exkurze, m\u016f\u017eeme zajistit vyzvednut\u00ed v hotelu. Pr\u00e1v\u011b se vyzved\u00e1v\u00e1me v oblasti Samana. Jakmile bude v\u00e1\u0161 n\u00e1kup dokon\u010den, za\u0161leme v\u00e1m kompletn\u00ed kontaktn\u00ed informace (telefonn\u00ed \u010d\u00edslo, e-mailovou adresu atd.) pro na\u0161eho m\u00edstn\u00edho pr\u016fvodce, abychom mohli zajistit vyzvednut\u00ed.<\/span><\/p>\n<h4><b><i>Potvrzen\u00ed dal\u0161\u00edch informac\u00ed <\/i><\/b><\/h4>\n<ol>\n<li>Vstupenky jsou \u00fa\u010dtenkou po zaplacen\u00ed tohoto z\u00e1jezdu. Platbu m\u016f\u017eete zobrazit na telefonu.<\/li>\n<li style=\"font-weight: 400;\"><span style=\"font-weight: 400;\">M\u00edsto setk\u00e1n\u00ed bude obdr\u017eeno po procesu rezervace.<\/span><\/li>\n<li style=\"font-weight: 400;\"><span style=\"font-weight: 400;\">D\u011bti mus\u00ed b\u00fdt v doprovodu dosp\u011bl\u00e9 osoby.<\/span><\/li>\n<li style=\"font-weight: 400;\"><span style=\"font-weight: 400;\"> Bezbari\u00e9rov\u00fd p\u0159\u00edstup <\/span><\/li>\n<li style=\"font-weight: 400;\"><span style=\"font-weight: 400;\">D\u011bti mus\u00ed sed\u011bt na kl\u00edn\u011b <\/span><\/li>\n<li style=\"font-weight: 400;\"><span style=\"font-weight: 400;\">Nedoporu\u010duje se pro cestovatele s probl\u00e9my se z\u00e1dy<\/span><\/li>\n<li style=\"font-weight: 400;\"><span style=\"font-weight: 400;\">Nedoporu\u010duje se t\u011bhotn\u00fdm cestovatel\u016fm <\/span><\/li>\n<li style=\"font-weight: 400;\"><span style=\"font-weight: 400;\"> \u017d\u00e1dn\u00e9 probl\u00e9my se srdcem ani jin\u00e9 z\u00e1va\u017en\u00e9 zdravotn\u00ed stavy <\/span><\/li>\n<li style=\"font-weight: 400;\"><span style=\"font-weight: 400;\">Z\u00fa\u010dastnit se m\u016f\u017ee v\u011bt\u0161ina cestovatel\u016f<\/span><\/li>\n<\/ol>\n<h4><b><i>Storno podm\u00ednky<\/i><\/b><\/h4>\n<p>Chcete-li z\u00edskat plnou n\u00e1hradu, p\u0159e\u010dt\u011bte si na\u0161e storno podm\u00ednky\u00a0<a href=\"https:\/\/www.boattoursamana.com\/cs\/online-rezervace\/\" target=\"_blank\" rel=\"noopener\" data-saferedirecturl=\"https:\/\/www.google.com\/url?q=https:\/\/www.boattoursamana.com\/online-booking\/&amp;source=gmail&amp;ust=1672449202351000&amp;usg=AOvVaw1yAeVAPktmaVCqDujgUn90\">Klikn\u011bte zde<\/a>. Prost\u0159edky budou ztraceny, pokud bude rezervace zru\u0161ena ve stejn\u00fd den cesty.<\/p>\n\n\t\t<\/div>\n\t<\/div>\n<\/div><\/div><\/div><\/div><div class=\"vc_row wpb_row vc_row-fluid\" ><div class=\"wpb_column vc_column_container vc_col-sm-12\"><div class=\"vc_column-inner\"><div class=\"wpb_wrapper\">\n\t<div class=\"wpb_video_widget wpb_content_element vc_clearfix   vc_video-aspect-ratio-169 vc_video-el-width-100 vc_video-align-left\" >\n\t\t<div class=\"wpb_wrapper\">\n\t\t\t<h2 class=\"wpb_heading wpb_video_heading\">Boca del diablo a pl\u00e1\u017e Fronton<\/h2>\n\t\t\t<div class=\"wpb_video_wrapper\"><iframe loading=\"lazy\" title=\"Poloostrov Saman\u00e1, Dominik\u00e1nsk\u00e1 republika (DJI Phantom 4 4K)\" width=\"1100\" height=\"619\" src=\"https:\/\/www.youtube.com\/embed\/DYDXVm8Q_iM?feature=oembed\" frameborder=\"0\" allow=\"accelerometer; autoplay; encrypted-media; gyroscope; picture-in-picture\" allowfullscreen><\/iframe><\/div>\n\t\t<\/div>\n\t<\/div>\n<\/div><\/div><\/div><\/div><div class=\"vc_row wpb_row vc_row-fluid\" ><div class=\"wpb_column vc_column_container vc_col-sm-12\"><div class=\"vc_column-inner\"><div class=\"wpb_wrapper\"><div class=\"vc_empty_space\"   style=\"height: 32px\"><span class=\"vc_empty_space_inner\"><\/span><\/div>\n\t<div class=\"wpb_text_column wpb_content_element\" >\n\t\t<div class=\"wpb_wrapper\">\n\t\t\t<h4>Kontaktujte n\u00e1s?<\/h4>\n<h5>Rezervace dobrodru\u017estv\u00ed<\/h5>\n<p><em><strong>M\u00edstn\u00ed obyvatel\u00e9<\/strong>\u00a0a\u00a0<strong>st\u00e1tn\u00ed p\u0159\u00edslu\u0161n\u00edci<\/strong>\u00a0Pr\u016fvodci a slu\u017eby pro hosty<\/em><\/p>\n<p><span class=\"text-turquoise\">Rezervace:<\/span>\u00a0Prohl\u00eddky a exkurze v Dom. Rep.<\/p>\n<p><img decoding=\"async\" class=\"emoji\" draggable=\"false\" src=\"https:\/\/s.w.org\/images\/core\/emoji\/11.2.0\/svg\/1f4de.svg\" alt=\"\ud83d\udcde\" title=\"\">\u00a0Tel \/ Whatsapp\u00a0\u00a0<a href=\"tel:+1-809-720-6035\">+1-809-720-6035<\/a>.<\/p>\n<p><img decoding=\"async\" class=\"emoji\" draggable=\"false\" src=\"https:\/\/s.w.org\/images\/core\/emoji\/11.2.0\/svg\/1f4e9.svg\" alt=\"\ud83d\udce9\" title=\"\">\u00a0<a href=\"mailto:info@bookingadventures.com.do\">info@bookingadventures.com.do<\/a><\/p>\n<p><strong>Flexibiln\u011b nastavujeme soukrom\u00e9 prohl\u00eddky od Whatsapp:\u00a0<a href=\"tel:+18097206035\">+18097206035.<\/a><\/strong><\/p>\n\n\t\t<\/div>\n\t<\/div>\n<div class=\"vc_empty_space\"   style=\"height: 32px\"><span class=\"vc_empty_space_inner\"><\/span><\/div><\/div><\/div><\/div><\/div><div class=\"vc_row wpb_row vc_row-fluid\" ><div class=\"wpb_column vc_column_container vc_col-sm-12\"><div class=\"vc_column-inner\"><div class=\"wpb_wrapper\"><div class=\"vc_btn3-container vc_btn3-inline\" ><button class=\"vc_general vc_btn3 vc_btn3-size-md vc_btn3-shape-rounded vc_btn3-style-modern vc_btn3-color-green\">ZAREZERVOVAT HNED<\/button><\/div><\/div><\/div><\/div><\/div>","protected":false},"excerpt":{"rendered":"<p>V\u00fdlet za\u010d\u00edn\u00e1 na Vyzvednut\u00ed ve va\u0161em hotelu nebo Airbnb v oblasti Samana. Objevte s n\u00e1mi 3 tajn\u00e9 a divok\u00e9 pl\u00e1\u017ee regionu El Rincon beach, Playa madame a Playa Fronton. Jeden z nejkr\u00e1sn\u011bj\u0161\u00edch v\u00fdlet\u016f na poloostrov\u011b Saman\u00e1. Vstupte do jedine\u010dn\u00e9 atmosf\u00e9ry Playa Front\u00f3n, pl\u00e1\u017ee dostupn\u00e9 pouze lod\u00ed obklopen\u00e9 kor\u00e1lov\u00fdm \u00fatesem, kolem kter\u00e9ho m\u016f\u017eete \u0161norchlovat, plavat s rybami a objevovat jej\u00ed kor\u00e1ly a relaxovat a u\u017e\u00edvat si \u00fa\u017easnou scen\u00e9rii. Odpo\u010dinek, koup\u00e1n\u00ed a pot\u00e9 odjezd na Playa madame, dal\u0161\u00ed a izolovanou perfektn\u00ed pl\u00e1\u017e pro \u0161norchlov\u00e1n\u00ed, kde m\u016f\u017eete tak\u00e9 nav\u0161t\u00edvit jeskyni a po\u0159\u00eddit skv\u011bl\u00e1 videa nebo fotografie pro \u00fa\u017easn\u00e9 vzpom\u00ednky.<\/p>\n<p>&nbsp;<\/p>\n<p><strong>Vyberte pros\u00edm datum prohl\u00eddky:\u00a0<\/strong><\/p>","protected":false},"featured_media":8240,"template":"","meta":[],"product_cat":[160,655,170,255],"product_tag":[378,377,374,373,379,327,376,375,200,187],"class_list":["post-9373","product","type-product","status-publish","has-post-thumbnail","hentry","product_cat-lunch","product_cat-1-samana","product_cat-local-tour-guides","product_cat-tours-excursions-samana-bay-dominican-republic","product_tag-fronton-beach","product_tag-madame-beach","product_tag-playa-fronton-playa-madame-beach","product_tag-playa-rincon","product_tag-playa-rincon-tours","product_tag-private-tours-samana","product_tag-rincon-beach-tour","product_tag-samana-dominican-republic","product_tag-samana-excursions","product_tag-samana-tours"],"_links":{"self":[{"href":"https:\/\/www.boattoursamana.com\/cs\/wp-json\/wp\/v2\/product\/9373","targetHints":{"allow":["GET"]}}],"collection":[{"href":"https:\/\/www.boattoursamana.com\/cs\/wp-json\/wp\/v2\/product"}],"about":[{"href":"https:\/\/www.boattoursamana.com\/cs\/wp-json\/wp\/v2\/types\/product"}],"wp:featuredmedia":[{"embeddable":true,"href":"https:\/\/www.boattoursamana.com\/cs\/wp-json\/wp\/v2\/media\/8240"}],"wp:attachment":[{"href":"https:\/\/www.boattoursamana.com\/cs\/wp-json\/wp\/v2\/media?parent=9373"}],"wp:term":[{"taxonomy":"product_cat","embeddable":true,"href":"https:\/\/www.boattoursamana.com\/cs\/wp-json\/wp\/v2\/product_cat?post=9373"},{"taxonomy":"product_tag","embeddable":true,"href":"https:\/\/www.boattoursamana.com\/cs\/wp-json\/wp\/v2\/product_tag?post=9373"}],"curies":[{"name":"wp","href":"https:\/\/api.w.org\/{rel}","templated":true}]}}