{"id":9453,"date":"2019-09-23T17:16:42","date_gmt":"2019-09-23T17:16:42","guid":{"rendered":"https:\/\/www.ticketswhales.com\/Tours-Excursions\/uncategorized\/import-placeholder-for-977\/"},"modified":"2023-11-10T17:56:25","modified_gmt":"2023-11-10T17:56:25","slug":"day-pass-cano-hondo-natural-pools-lunch-included","status":"publish","type":"product","link":"https:\/\/www.boattoursamana.com\/cs\/prohlidka\/denni-permanentka-cano-hondo-prirodni-bazeny-obed-v-cene","title":{"rendered":"Celodenn\u00ed vstupenka Ca\u00f1o Hondo \u2013 p\u0159\u00edrodn\u00ed koupali\u0161t\u011b a ob\u011bd v cen\u011b"},"content":{"rendered":"<div class=\"vc_row wpb_row vc_row-fluid\" ><div class=\"wpb_column vc_column_container vc_col-sm-12\"><div class=\"vc_column-inner\"><div class=\"wpb_wrapper\"><div class=\"vc_message_box vc_message_box-standard vc_message_box-rounded vc_color-info\" ><div class=\"vc_message_box-icon\"><i class=\"fas fa-info-circle\"><\/i><\/div><p>Rezervujte n\u00edzk\u00e9 ceny v pokoj\u00edch Cano Hondo <a href=\"http:\/\/dominican-republic-hotels.com\/hotel\/cano-hondo-hotel-eco-lodge\/\" rel=\"noopener\">Klikn\u011bte zde.<\/a><\/p>\n<\/div><div class=\"vc_btn3-container vc_btn3-inline\" ><button class=\"vc_general vc_btn3 vc_btn3-size-md vc_btn3-shape-rounded vc_btn3-style-modern vc_btn3-color-green\">ZAREZERVOVAT HNED<\/button><\/div>\n\t<div class=\"wpb_text_column wpb_content_element\" >\n\t\t<div class=\"wpb_wrapper\">\n\t\t\t<div class=\"vc_row wpb_row vc_row-fluid\">\n<div class=\"wpb_column vc_column_container vc_col-sm-12\">\n<div class=\"vc_column-inner\">\n<div class=\"wpb_wrapper\">\n<div class=\"wpb_text_column wpb_content_element\">\n<div class=\"wpb_wrapper\">\n<h2 class=\"mkdf-single-product-title\">Celodenn\u00ed vstupenka Ca\u00f1o Hondo \u2013 p\u0159\u00edrodn\u00ed baz\u00e9ny a ob\u011bd v cen\u011b<\/h2>\n<h4><b><i>Popis<\/i><\/b><\/h4>\n<p>Denn\u00ed vstupenka Ca\u00f1o Hondo do na\u0161ich p\u0159\u00edrodn\u00edch venkovn\u00edch baz\u00e9n\u016f s ob\u011bdem formou bufetu v cen\u011b. Ka\u017ed\u00fd den od 8:30 do 17:00.<\/p>\n<div class=\"wpb_text_column wpb_content_element\">\n<div class=\"wpb_wrapper\">\n<p>Baz\u00e9ny jsou zcela biologick\u00e9, bez pot\u0159eby chl\u00f3ru nebo chemik\u00e1li\u00ed, kter\u00e9 rozv\u00edjej\u00ed svou vlastn\u00ed p\u0159\u00edrodn\u00ed ekologii a vyv\u00e1\u017een\u00fd ekosyst\u00e9m t\u00edm, \u017ee jsou navr\u017eeny a postaveny ur\u010dit\u00fdm zp\u016fsobem. Po dosa\u017een\u00ed rovnov\u00e1hy je voda p\u0159irozen\u011b \u010dist\u00e1 jako v horsk\u00e9m jeze\u0159e.<\/p>\n<\/div>\n<\/div>\n<div class=\"wpb_text_column wpb_content_element\">\n<div class=\"wpb_wrapper\">\n<p><strong>U\u017eijte si p\u0159\u00edrodn\u00ed ekologick\u00e9 baz\u00e9ny, kter\u00e9 kr\u00e1sn\u011b zapadaj\u00ed do klidn\u00e9 a origin\u00e1ln\u00ed krajiny n\u00e1rodn\u00edho parku Los Haitises, Sabana de la Mar. <\/strong><\/p>\n<p style=\"text-align: center;\"><strong>Pro\u017eijte \u00fa\u017easn\u00fd den se svou rodinou nebo p\u0159\u00e1teli.<\/strong><\/p>\n<\/div>\n<\/div>\n<p>&nbsp;<\/p>\n<h3><b>Zahrnut\u00ed a vylou\u010den\u00ed<\/b><\/h3>\n<p><b>Inkluze<\/b><\/p>\n<ol>\n<li>Ob\u011bd \u2013 bufet<\/li>\n<li>Vstup do p\u0159\u00edrodn\u00edch koupali\u0161\u0165<\/li>\n<\/ol>\n<p><b>V\u00fdjimky (nen\u00ed sou\u010d\u00e1st\u00ed dod\u00e1vky)<\/b><\/p>\n<ol>\n<li>Doprava<\/li>\n<li>Alkoholick\u00e9 n\u00e1poje<\/li>\n<\/ol>\n<p>&nbsp;<\/p>\n<h4><em><strong>Pro\u010d si koupit l\u00edstek?<\/strong><\/em><\/h4>\n<p>Pro z\u0159\u00edzen\u00ed prostor v na\u0161\u00ed restauraci a p\u0159\u00edpravu ob\u011bdov\u00e9ho bufetu pro V\u00e1s pros\u00edme o rezervaci p\u0159edem. Po proveden\u00ed rezervace v\u00e1s budou na\u0161i z\u00e1stupci kontaktovat, aby v\u00e1m poskytli dal\u0161\u00ed informace \u2013 Jak se k n\u00e1m dostanete, jak\u00e9 je menu Lunch Buffet a zodpov\u00ed v\u0161echny va\u0161e dotazy.<\/p>\n<p><strong>Pozn\u00e1mka: Zdarma pro d\u011bti do 3 let. D\u011bti od 4 do 10 let plat\u00ed pouze polovi\u010dn\u00ed cenu.<\/strong><\/p>\n<h2 style=\"text-align: center;\"><strong>Baz\u00e9ny s miner\u00e1ln\u00ed vodou navr\u017een\u00e9 a postaven\u00e9 s d\u016frazem na detail a kreativitu.<\/strong><\/h2>\n<p><strong>\u010cas:<\/strong><\/p>\n<p>8:30 \u2013 17:00<\/p>\n<p>&nbsp;<\/p>\n<h4><em><strong>Co byste si m\u011bli vz\u00edt s sebou?<\/strong><\/em><\/h4>\n<ul>\n<li>Camara<\/li>\n<li>\u00a0Repelent<\/li>\n<li>opalovac\u00ed kr\u00e9m<\/li>\n<\/ul>\n<p>&nbsp;<\/p>\n<h4><i>Doprava: <\/i><\/h4>\n<p>Doprava nen\u00ed v cen\u011b.<\/p>\n<p><b>Pozn\u00e1mka: Pokud si p\u0159ejete p\u0159evod, kontaktujte n\u00e1s.<\/b><\/p>\n<h4><b><i>Storno podm\u00ednky<\/i><\/b><\/h4>\n<p>Chcete-li z\u00edskat plnou n\u00e1hradu, p\u0159e\u010dt\u011bte si na\u0161e Z\u00e1sady zru\u0161en\u00ed v z\u00e1pat\u00ed webu.<\/p>\n<\/div>\n<\/div>\n<\/div>\n<\/div>\n<\/div>\n<\/div>\n<div class=\"vc_row wpb_row vc_row-fluid\">\n<div class=\"wpb_column vc_column_container vc_col-sm-12\">\n<div class=\"vc_column-inner\">\n<div class=\"wpb_wrapper\">\n<div class=\"wpb_text_column wpb_content_element\">\n<div class=\"wpb_wrapper\">\n<p>&nbsp;<\/p>\n<h3 style=\"text-align: center;\">M\u016f\u017eete si tak\u00e9 u\u017e\u00edt \u0159adu aktivit a v\u00fdlet\u016f s m\u00edstn\u00edm pr\u016fvodcem.<\/h3>\n<p><strong>Seznam aktivit:<\/strong><br \/>\nPod\u0161\u00edvka na zip<br \/>\nLezen\u00ed na skaln\u00ed st\u011bn\u011b<br \/>\nJ\u00edzda na koni<br \/>\nV\u00fdlety s pr\u016fvodcem nebo s vlastn\u00edm pr\u016fvodcem v Los Haitises<br \/>\nJ\u00edzda na kajaku v Los Haitises<br \/>\nV\u00fdlety lod\u00ed s pr\u016fvodcem do Los Haitises<br \/>\nPozorov\u00e1n\u00ed velryb (od 15. ledna do 20. b\u0159ezna)<br \/>\n\u0158\u00edzen\u00e9 pozorov\u00e1n\u00ed pt\u00e1k\u016f<br \/>\nCayo Levantado\/ostrov Bacardi<br \/>\nDivok\u00e1 zv\u011b\u0159 a p\u0159\u00edroda<br \/>\nVodop\u00e1dy El Limon, Samana<\/p>\n<p><strong>Pro v\u00edce informac\u00ed o aktivit\u00e1ch a v\u00fdletech n\u00e1s pros\u00edm kontaktujte. Tak\u00e9 m\u016f\u017eete <a href=\"http:\/\/haitises.com\/\" rel=\"noopener\">Rezervujte zde.<\/a><\/strong><\/p>\n<h4><b><i>Storno podm\u00ednky<\/i><\/b><\/h4>\n<p>Chcete-li z\u00edskat plnou n\u00e1hradu, p\u0159e\u010dt\u011bte si na\u0161e storno podm\u00ednky\u00a0<a href=\"https:\/\/www.boattoursamana.com\/cs\/online-rezervace\/\" target=\"_blank\" rel=\"noopener\" data-saferedirecturl=\"https:\/\/www.google.com\/url?q=https:\/\/www.boattoursamana.com\/online-booking\/&amp;source=gmail&amp;ust=1672449202351000&amp;usg=AOvVaw1yAeVAPktmaVCqDujgUn90\">Klikn\u011bte zde<\/a>. Prost\u0159edky budou ztraceny, pokud bude rezervace zru\u0161ena ve stejn\u00fd den cesty.<\/p>\n<\/div>\n<\/div>\n<\/div>\n<\/div>\n<\/div>\n<\/div>\n\n\t\t<\/div>\n\t<\/div>\n<\/div><\/div><\/div><\/div><div class=\"vc_row wpb_row vc_row-fluid\" ><div class=\"wpb_column vc_column_container vc_col-sm-12\"><div class=\"vc_column-inner\"><div class=\"wpb_wrapper\"><div class=\"vc_btn3-container vc_btn3-inline\" ><button class=\"vc_general vc_btn3 vc_btn3-size-md vc_btn3-shape-rounded vc_btn3-style-modern vc_btn3-color-green\">ZAREZERVOVAT HNED<\/button><\/div><\/div><\/div><\/div><\/div>","protected":false},"excerpt":{"rendered":"<p>Koupit celodenn\u00ed vstupenku P\u0159\u00edrodn\u00ed koupali\u0161t\u011b v hotelu Ca\u00f1o Hondo v n\u00e1rodn\u00edm parku Los Haitises, Sabana de la Mar. Ob\u011bd je v cen\u011b.<\/p>\n<p>Pro v\u00edce informac\u00ed n\u00e1s pros\u00edm kontaktujte.<\/p>","protected":false},"featured_media":9457,"template":"","meta":[],"product_cat":[946,160,933,15],"product_tag":[425,176,421,422,171,209,426,423,424,175,186,187],"class_list":["post-9453","product","type-product","status-publish","has-post-thumbnail","hentry","product_cat-1-sabana-de-la-mar","product_cat-lunch","product_cat-natural-pools-los-haitises","product_cat-uncategorized","product_tag-altos-cano-hondo","product_tag-cano-hondo","product_tag-cano-hondo-day-pass","product_tag-cano-hondo-sabana-de-la-mar","product_tag-los-haitises","product_tag-los-haitises-national-park","product_tag-los-haitises-tours","product_tag-paraiso-cano-hondo","product_tag-parque-los-haitises","product_tag-sabana-de-la-mar","product_tag-samana","product_tag-samana-tours"],"_links":{"self":[{"href":"https:\/\/www.boattoursamana.com\/cs\/wp-json\/wp\/v2\/product\/9453","targetHints":{"allow":["GET"]}}],"collection":[{"href":"https:\/\/www.boattoursamana.com\/cs\/wp-json\/wp\/v2\/product"}],"about":[{"href":"https:\/\/www.boattoursamana.com\/cs\/wp-json\/wp\/v2\/types\/product"}],"wp:featuredmedia":[{"embeddable":true,"href":"https:\/\/www.boattoursamana.com\/cs\/wp-json\/wp\/v2\/media\/9457"}],"wp:attachment":[{"href":"https:\/\/www.boattoursamana.com\/cs\/wp-json\/wp\/v2\/media?parent=9453"}],"wp:term":[{"taxonomy":"product_cat","embeddable":true,"href":"https:\/\/www.boattoursamana.com\/cs\/wp-json\/wp\/v2\/product_cat?post=9453"},{"taxonomy":"product_tag","embeddable":true,"href":"https:\/\/www.boattoursamana.com\/cs\/wp-json\/wp\/v2\/product_tag?post=9453"}],"curies":[{"name":"wp","href":"https:\/\/api.w.org\/{rel}","templated":true}]}}