{"id":9464,"date":"2019-09-26T08:12:55","date_gmt":"2019-09-26T08:12:55","guid":{"rendered":"https:\/\/www.ticketswhales.com\/?post_type=product&#038;p=9464"},"modified":"2023-11-10T17:40:19","modified_gmt":"2023-11-10T17:40:19","slug":"media-luna-miches-half-moon-natural-pool-half-day-pass-and-snorkeling","status":"publish","type":"product","link":"https:\/\/www.boattoursamana.com\/cs\/prohlidka\/media-luna-miches-half-moon-prirodni-bazen-half-day-pass-a-snorchlovani","title":{"rendered":"Media Luna Miches (p\u016flm\u011bs\u00edc) p\u0159\u00edrodn\u00ed baz\u00e9n P\u016fldenn\u00ed vstupenka a \u0161norchlov\u00e1n\u00ed"},"content":{"rendered":"<div class=\"vc_row wpb_row vc_row-fluid\" ><div class=\"wpb_column vc_column_container vc_col-sm-12\"><div class=\"vc_column-inner\"><div class=\"wpb_wrapper\"><div class=\"mkdf-section-title-holder\" style=\"text-align: left\">\n\t<div class=\"mkdf-st-inner\">\n\t\t\t\t\t<h5 class=\"mkdf-st-subtitle\" >\n\t\t\t\tP\u016fldenn\u00ed vstupenka a \u0161norchlov\u00e1n\u00ed a koup\u00e1n\u00ed v p\u0159\u00edrodn\u00edm koupali\u0161ti\t\t\t<\/h5>\n\t\t\t\t\t\t\t<h3 class=\"mkdf-st-title\" >\n\t\t\t\tMedia Luna Miches (p\u016flm\u011bs\u00edc)\t\t\t<\/h3>\n\t\t\t\t\t<\/div>\n<\/div><\/div><\/div><\/div><\/div><div class=\"vc_row wpb_row vc_row-fluid\" ><div class=\"wpb_column vc_column_container vc_col-sm-12\"><div class=\"vc_column-inner\"><div class=\"wpb_wrapper\"><div class=\"vc_empty_space\"   style=\"height: 32px\"><span class=\"vc_empty_space_inner\"><\/span><\/div><\/div><\/div><\/div><\/div><div class=\"vc_row wpb_row vc_row-fluid\" ><div class=\"wpb_column vc_column_container vc_col-sm-12\"><div class=\"vc_column-inner\"><div class=\"wpb_wrapper\"><div class=\"vc_btn3-container vc_btn3-inline\" ><button class=\"vc_general vc_btn3 vc_btn3-size-md vc_btn3-shape-rounded vc_btn3-style-modern vc_btn3-color-green\">ZAREZERVOVAT HNED<\/button><\/div>\n\t<div class=\"wpb_text_column wpb_content_element\" >\n\t\t<div class=\"wpb_wrapper\">\n\t\t\t<h4><b><i>P\u0159ehled <\/i><\/b><\/h4>\n<p><span style=\"font-weight: 400;\">Pokud jste zde nebo pl\u00e1nujete p\u0159ijet do Dominik\u00e1nsk\u00e9 republiky, nem\u011bli byste si nechat uj\u00edt n\u00e1v\u0161t\u011bvu tohoto \u00fa\u017easn\u00e9ho m\u00edsta &#039;&#039;Half Moon&#039;&#039; (Media Luna) s ob\u011bdem v cen\u011b, je to vz\u00e1cn\u00fd p\u0159\u00edrodn\u00ed baz\u00e9n uvnit\u0159 oce\u00e1nu zdoben\u00fd sv\u00fdmi \u00fatesy. , kor\u00e1ly a b\u00edl\u00fd p\u00edsek. <\/span><\/p>\n<p><span style=\"font-weight: 400;\">To je m\u00edsto, kde si m\u016f\u017eeme u\u017e\u00edvat koup\u00e1n\u00ed, pozorov\u00e1n\u00ed a po\u0159izov\u00e1n\u00ed podvodn\u00edch sn\u00edmk\u016f. Je povoleno fotografovat s mo\u0159sk\u00fdmi hv\u011bzdami v jejich p\u0159irozen\u00e9m prost\u0159ed\u00ed.<\/span><\/p>\n<p>&nbsp;<\/p>\n<ul>\n<li>Transfer lod\u00ed do Media Luna<\/li>\n<li style=\"font-weight: 400;\"><span style=\"font-weight: 400;\">Kapit\u00e1n poskytuje instrukce a dohled<\/span><\/li>\n<\/ul>\n<p>&nbsp;<\/p>\n<h4><b>Zahrnut\u00ed a vylou\u010den\u00ed<\/b><\/h4>\n<p>&nbsp;<\/p>\n<p><b>Inkluze<\/b><\/p>\n<ol>\n<li style=\"font-weight: 400;\"><span style=\"font-weight: 400;\">V\u0161echny dan\u011b, poplatky a manipula\u010dn\u00ed poplatky<\/span><\/li>\n<li style=\"font-weight: 400;\"><span style=\"font-weight: 400;\">M\u00edstn\u00ed dan\u011b<\/span><\/li>\n<li style=\"font-weight: 400;\"><span style=\"font-weight: 400;\">N\u00e1poje<\/span><\/li>\n<\/ol>\n<p><b> V\u00fdluky<\/b><\/p>\n<ol>\n<li style=\"font-weight: 400;\"><span style=\"font-weight: 400;\">Spropitn\u00e9<\/span><\/li>\n<li style=\"font-weight: 400;\"><span style=\"font-weight: 400;\">Transfer Car<\/span><\/li>\n<li>Ob\u011bd<\/li>\n<li style=\"font-weight: 400;\"><span style=\"font-weight: 400;\">Alkoholick\u00e9 n\u00e1poje<\/span><\/li>\n<li>M\u00edstn\u00ed pr\u016fvodce<\/li>\n<\/ol>\n<p>&nbsp;<\/p>\n<h4><em><strong>Odjezd a n\u00e1vrat<\/strong><\/em><\/h4>\n<p><span style=\"font-weight: 400;\">Cestovatel z\u00edsk\u00e1 m\u00edsto setk\u00e1n\u00ed po procesu rezervace. Prohl\u00eddky za\u010d\u00ednaj\u00ed a kon\u010d\u00ed v m\u00edstech setk\u00e1n\u00ed.<\/span><\/p>\n<p>&nbsp;<\/p>\n<h3>Media Luna Miches (p\u016flm\u011bs\u00edc) p\u0159\u00edrodn\u00ed baz\u00e9n P\u016fldenn\u00ed vstupenka a \u0161norchlov\u00e1n\u00ed<\/h3>\n<h4><b><i>Co \u010dekat?<\/i><\/b><\/h4>\n<p>&nbsp;<\/p>\n<p>Ulo\u017ete si vstupenky, poj\u010fte s n\u00e1mi a nav\u0161tivte Half Moon a vychutnejte si typick\u00fd ob\u011bd v komunit\u011b Miches. Tato exkurze odj\u00ed\u017ed\u00ed z Miches a umo\u017e\u0148uje molo na z\u00e1pad, odkud se dostaneme na palubu modern\u00edch katamar\u00e1n\u016f a motorov\u00fdch \u010dlun\u016f, kter\u00e9 maj\u00ed povolenou p\u0159epravu v turistick\u00e9 oblasti. Abyste se dostali k hlavn\u00ed j\u00e1m\u011b, mus\u00edte proj\u00edt bludi\u0161t\u011bm vody, obklopen\u00fdm p\u00eds\u010dinami.<\/p>\n<p>Nikdo nem\u016f\u017ee uniknout pot\u00e9, co poznal tento vodn\u00ed zdroj s turistickou atrakc\u00ed v Miches, proto\u017ee je to jedin\u00e9 m\u00edsto v t\u00e9to oblasti, kde si turist\u00e9 a rekreanti mohou u\u017e\u00edt a narazit na hv\u011bzdy a ryby zna\u010dn\u00e9 velikosti. Je to m\u00edsto, kde hladina vody z\u00e1vis\u00ed na horizontu p\u0159\u00edlivu a odlivu nebo mo\u0159sk\u00fdch proud\u016f, kter\u00fd se p\u0159i vysok\u00e9 prohlubuje a p\u0159i n\u00edzk\u00e9m pr\u016ftok baz\u00e9nu kles\u00e1. Vzhledem k tomu, \u017ee je skryto a m\u00e1 p\u0159\u00edstup k mo\u0159i, je to magick\u00e9 a panensk\u00e9 m\u00edsto pro ty, kte\u0159\u00ed ho nav\u0161t\u00edv\u00ed, necht\u011bj\u00ed opustit. Zde nejsou \u017e\u00e1dn\u00e9 stromy, kter\u00e9 by se chr\u00e1nily p\u0159ed sluncem, ale voda je studen\u00e1 kol\u00e9b\u00e1n\u00edm nebo kol\u00e9b\u00e1n\u00edm pas\u00e1t\u016f v t\u00e9to oblasti. D\u00e1 se shrnout, \u017ee jde o p\u0159\u00edrodn\u00ed lagunu v Atlantsk\u00e9m oce\u00e1nu, kter\u00e1 za sv\u016fj n\u00e1zev vd\u011b\u010d\u00ed tomu, \u017ee pozorovan\u00e1 shora p\u0159ipom\u00edn\u00e1 srpek.<\/p>\n<p>M\u00edstn\u00ed ji naz\u00fdvaj\u00ed tak\u00e9 Cayo de la Media Luna, tvo\u0159enou kor\u00e1lov\u00fdmi \u00fatesy a b\u00edl\u00fdm p\u00edskem, z krystalick\u00e9 vody poset\u00e9 v\u0161ude, aby rozb\u00edjela p\u0159irozen\u00e9 vlny, kter\u00e9 uklid\u0148uj\u00ed jej\u00ed vody. Kdy\u017e je p\u0159\u00edliv stabiln\u00ed, jeho hloubka nep\u0159esahuje t\u0159i stopy, d\u00edky \u010demu\u017e si d\u011bti i dosp\u011bl\u00ed u\u017e\u00edvaj\u00ed toto nebesk\u00e9 m\u00edsto se slanou vodou.<\/p>\n<p><strong>J\u00edzdn\u00ed \u0159\u00e1d:<\/strong><\/p>\n<p>8:45 \u2013 13:30<\/p>\n<p>&nbsp;<\/p>\n<h4><em><strong>Co byste m\u011bli p\u0159in\u00e9st?<\/strong><\/em><\/h4>\n<ul>\n<li style=\"font-weight: 400;\"><span style=\"font-weight: 400;\">Fotoapar\u00e1t<\/span><\/li>\n<li style=\"font-weight: 400;\"><span style=\"font-weight: 400;\">Repelentn\u00ed pupeny<\/span><\/li>\n<li style=\"font-weight: 400;\"><span style=\"font-weight: 400;\">opalovac\u00ed kr\u00e9m<\/span><\/li>\n<li style=\"font-weight: 400;\"><span style=\"font-weight: 400;\">\u010cepice<\/span><\/li>\n<li style=\"font-weight: 400;\"><span style=\"font-weight: 400;\">Pohodln\u00e9 kalhoty<\/span><\/li>\n<li style=\"font-weight: 400;\"><span style=\"font-weight: 400;\">Turistick\u00e9 boty do lesa<\/span><\/li>\n<li style=\"font-weight: 400;\"><span style=\"font-weight: 400;\">Sand\u00e1ly na pl\u00e1\u017e<\/span><\/li>\n<li style=\"font-weight: 400;\"><span style=\"font-weight: 400;\">Plavky<\/span><\/li>\n<li>Pen\u00edze za suven\u00fdry<\/li>\n<\/ul>\n<p>&nbsp;<\/p>\n<h4><b><i>Hotel vyzvednut\u00ed <\/i><\/b><\/h4>\n<p><span style=\"font-weight: 400;\">Vyzvednut\u00ed v hotelu nen\u00ed pro tento z\u00e1jezd nab\u00edzeno. <\/span><\/p>\n<p>&nbsp;<\/p>\n<p><b>Pozn\u00e1mka:<\/b><span style=\"font-weight: 400;\"> pokud prov\u00e1d\u00edte rezervaci do 24 hodin od \u010dasu odjezdu z\u00e1jezdu\/exkurze, m\u016f\u017eeme za\u0159\u00eddit vyzvednut\u00ed v hotelu za p\u0159\u00edplatek. Jakmile bude v\u00e1\u0161 n\u00e1kup dokon\u010den, za\u0161leme v\u00e1m kompletn\u00ed kontaktn\u00ed informace (telefonn\u00ed \u010d\u00edslo, e-mailovou adresu atd.) pro na\u0161eho m\u00edstn\u00edho pr\u016fvodce, abychom mohli zajistit vyzvednut\u00ed.<\/span><\/p>\n<h4><b><i>Potvrzen\u00ed dal\u0161\u00edch informac\u00ed <\/i><\/b><\/h4>\n<ol>\n<li>Vstupenky jsou \u00fa\u010dtenkou po zaplacen\u00ed tohoto z\u00e1jezdu. Platbu m\u016f\u017eete zobrazit na telefonu.<\/li>\n<li style=\"font-weight: 400;\"><span style=\"font-weight: 400;\">M\u00edsto setk\u00e1n\u00ed bude obdr\u017eeno po procesu rezervace.<\/span><\/li>\n<li style=\"font-weight: 400;\"><span style=\"font-weight: 400;\">D\u011bti mus\u00ed b\u00fdt v doprovodu dosp\u011bl\u00e9 osoby.<\/span><\/li>\n<li style=\"font-weight: 400;\"><span style=\"font-weight: 400;\">bezbari\u00e9rov\u00fd <\/span><\/li>\n<li style=\"font-weight: 400;\"><span style=\"font-weight: 400;\">D\u011bti mus\u00ed sed\u011bt na kl\u00edn\u011b <\/span><\/li>\n<li style=\"font-weight: 400;\"><span style=\"font-weight: 400;\">Z\u00fa\u010dastnit se m\u016f\u017ee v\u011bt\u0161ina cestovatel\u016f<\/span><\/li>\n<\/ol>\n<h4><b><i>Storno podm\u00ednky<\/i><\/b><\/h4>\n<p>Chcete-li z\u00edskat plnou n\u00e1hradu, p\u0159e\u010dt\u011bte si na\u0161e storno podm\u00ednky\u00a0<a href=\"https:\/\/www.boattoursamana.com\/cs\/online-rezervace\/\" target=\"_blank\" rel=\"noopener\" data-saferedirecturl=\"https:\/\/www.google.com\/url?q=https:\/\/www.boattoursamana.com\/online-booking\/&amp;source=gmail&amp;ust=1672532492004000&amp;usg=AOvVaw3ylqI1cdbIPTimEqEWneyd\">Klikn\u011bte zde<\/a>. Prost\u0159edky budou ztraceny, pokud bude rezervace zru\u0161ena ve stejn\u00fd den cesty.<\/p>\n\n\t\t<\/div>\n\t<\/div>\n<\/div><\/div><\/div><\/div><div class=\"vc_row wpb_row vc_row-fluid\" ><\/div><div class=\"wpb_column vc_column_container vc_col-sm-12\"><div class=\"vc_column-inner\"><div class=\"wpb_wrapper\"><\/div><\/div><\/div><div class=\"vc_empty_space\"   style=\"height: 32px\"><span class=\"vc_empty_space_inner\"><\/span><\/div><div class=\"vc_empty_space\"   style=\"height: 32px\"><span class=\"vc_empty_space_inner\"><\/span><\/div><div class=\"vc_row wpb_row vc_row-fluid\" ><\/div><div class=\"wpb_column vc_column_container vc_col-sm-12\"><div class=\"vc_column-inner\"><div class=\"wpb_wrapper\"><\/div><\/div><\/div><div class=\"vc_row wpb_row vc_row-fluid\" ><div class=\"wpb_column vc_column_container vc_col-sm-12\"><div class=\"vc_column-inner\"><div class=\"wpb_wrapper\"><div class=\"vc_btn3-container vc_btn3-inline\" ><button class=\"vc_general vc_btn3 vc_btn3-size-md vc_btn3-shape-rounded vc_btn3-style-modern vc_btn3-color-green\">ZAREZERVOVAT HNED<\/button><\/div><\/div><\/div><\/div><\/div>","protected":false},"excerpt":{"rendered":"<p>Media Luna Miches (Half Moon) P\u016fldenn\u00ed permanentka a \u0161norchlov\u00e1n\u00ed v p\u0159\u00edrodn\u00edm baz\u00e9nu. Nav\u0161tivte Samana Bay z Miches s m\u00edstn\u00edmi obyvateli a zaplavte si uprost\u0159ed Samana Bay. Mal\u00e9 oblasti kor\u00e1lov\u00fdch \u00fates\u016f k prozkoum\u00e1n\u00ed a \u0161norchlov\u00e1n\u00ed. Media Luna je novou atrakc\u00ed v Dominik\u00e1nsk\u00e9 republice.<\/p>\n<p><strong>Vyberte datum prohl\u00eddky:<\/strong><\/p>","protected":false},"featured_media":9467,"template":"","meta":[],"product_cat":[430,655,170,253,254,255],"product_tag":[183,337,412,177,439,438,429,432,437,436,435,186,199,200,187,433,434],"class_list":["post-9464","product","type-product","status-publish","has-post-thumbnail","hentry","product_cat-media-luna-miches","product_cat-1-samana","product_cat-local-tour-guides","product_cat-tours-and-excursions","product_cat-tours-excursions-los-haitises-national-park","product_cat-tours-excursions-samana-bay-dominican-republic","product_tag-beach-time","product_tag-cayo-arena","product_tag-cayo-arena-samana","product_tag-locals-guides","product_tag-media-luna-el-seibo","product_tag-media-luna-in-miches","product_tag-media-luna-miches","product_tag-media-luna-snorkeling","product_tag-miches-hoteles","product_tag-miches-montana-redonda","product_tag-playa-esmeralda-miches","product_tag-samana","product_tag-samana-bay","product_tag-samana-excursions","product_tag-samana-tours","product_tag-snorkeling","product_tag-snorkeling-miches-media-luna"],"_links":{"self":[{"href":"https:\/\/www.boattoursamana.com\/cs\/wp-json\/wp\/v2\/product\/9464","targetHints":{"allow":["GET"]}}],"collection":[{"href":"https:\/\/www.boattoursamana.com\/cs\/wp-json\/wp\/v2\/product"}],"about":[{"href":"https:\/\/www.boattoursamana.com\/cs\/wp-json\/wp\/v2\/types\/product"}],"wp:featuredmedia":[{"embeddable":true,"href":"https:\/\/www.boattoursamana.com\/cs\/wp-json\/wp\/v2\/media\/9467"}],"wp:attachment":[{"href":"https:\/\/www.boattoursamana.com\/cs\/wp-json\/wp\/v2\/media?parent=9464"}],"wp:term":[{"taxonomy":"product_cat","embeddable":true,"href":"https:\/\/www.boattoursamana.com\/cs\/wp-json\/wp\/v2\/product_cat?post=9464"},{"taxonomy":"product_tag","embeddable":true,"href":"https:\/\/www.boattoursamana.com\/cs\/wp-json\/wp\/v2\/product_tag?post=9464"}],"curies":[{"name":"wp","href":"https:\/\/api.w.org\/{rel}","templated":true}]}}