{"id":9717,"date":"2019-11-01T19:22:33","date_gmt":"2019-11-01T19:22:33","guid":{"rendered":"https:\/\/www.ticketswhales.com\/?post_type=product&#038;p=9717"},"modified":"2023-11-10T16:55:15","modified_gmt":"2023-11-10T16:55:15","slug":"whale-watching-in-punta-cana-to-samana-bay-cayo-levantado-bacardi-island-from-hotels","status":"publish","type":"product","link":"https:\/\/www.boattoursamana.com\/cs\/prohlidka\/pozorovani-velryb-v-punta-cana-az-samana-bay-cayo-levantado-bacardi-ostrov-z-hotelu","title":{"rendered":"Pozorov\u00e1n\u00ed velryb v Punta Cana \/ Cap Cana do Saman\u00e1 Bay + Cayo Levantado (ostrov Bacardi) z hotel\u016f."},"content":{"rendered":"<div class=\"vc_row wpb_row vc_row-fluid\" ><div class=\"wpb_column vc_column_container vc_col-sm-12\"><div class=\"vc_column-inner\"><div class=\"wpb_wrapper\"><div class=\"mkdf-section-title-holder\" style=\"text-align: left\">\n\t<div class=\"mkdf-st-inner\">\n\t\t\t\t\t<h5 class=\"mkdf-st-subtitle\" >\n\t\t\t\tVyzvednut\u00ed z hotel\u016f a Cayo Levantado (ostrov Bacardi).\t\t\t<\/h5>\n\t\t\t\t\t\t\t<h3 class=\"mkdf-st-title\" >\n\t\t\t\tPozorov\u00e1n\u00ed velryb 2023 v Punta Cana\/Cap Cana do Samana Bay\t\t\t<\/h3>\n\t\t\t\t\t<\/div>\n<\/div><\/div><\/div><\/div><\/div><div class=\"vc_row wpb_row vc_row-fluid\" ><div class=\"wpb_column vc_column_container vc_col-sm-12\"><div class=\"vc_column-inner\"><div class=\"wpb_wrapper\"><div class=\"vc_btn3-container vc_btn3-inline\" ><button class=\"vc_general vc_btn3 vc_btn3-size-md vc_btn3-shape-rounded vc_btn3-style-modern vc_btn3-color-green\">ZAREZERVOVAT HNED<\/button><\/div>\n\t<div class=\"wpb_text_column wpb_content_element\" >\n\t\t<div class=\"wpb_wrapper\">\n\t\t\t<div class=\"vc_row wpb_row vc_row-fluid\">\n<div class=\"wpb_column vc_column_container vc_col-sm-12\">\n<div class=\"vc_column-inner\">\n<div class=\"wpb_wrapper\">\n<div class=\"wpb_text_column wpb_content_element\">\n<div class=\"wpb_wrapper\">\n<div class=\"vc_row wpb_row vc_row-fluid\">\n<div class=\"wpb_column vc_column_container vc_col-sm-12\">\n<div class=\"vc_column-inner\">\n<div class=\"wpb_wrapper\">\n<div class=\"wpb_text_column wpb_content_element\">\n<div class=\"wpb_wrapper\">\n<h4><b><i>P\u0159ehled<img decoding=\"async\" class=\"emoji\" draggable=\"false\" src=\"https:\/\/s.w.org\/images\/core\/emoji\/12.0.0-1\/svg\/1f433.svg\" alt=\"\ud83d\udc33\" title=\"\"><\/i><\/b><\/h4>\n<p>Velryba Punta Cana, pozorov\u00e1n\u00ed velryb v z\u00e1livu Saman\u00e1 a n\u00e1v\u0161t\u011bva Cayo Levantado b\u011bhem t\u00e9to celodenn\u00ed exkurze z hotel\u016f Punta Cana. Cestujte do z\u00e1livu Saman\u00e1 na palub\u011b pohodln\u00e9ho klimatizovan\u00e9ho autobusu a pot\u00e9 se p\u0159esu\u0148te na lodn\u00ed katamar\u00e1n v Miches. Vydejte se na otev\u0159en\u00e9 vody a hledejte lusky keporkak\u016f, kte\u0159\u00ed se v t\u00e9to oblasti nav\u0161t\u011bvuj\u00ed, aby se rozmno\u017eili a nechali sv\u00e1 telata. Zjist\u011bte o chov\u00e1n\u00ed a biologii t\u011bchto mo\u0159sk\u00fdch savc\u016f od sv\u00e9ho odborn\u00e9ho p\u0159\u00edrodov\u011bdeck\u00e9ho pr\u016fvodce. Pokra\u010dujte na Cayo Levantado nebo ostrov Bacardi, na ob\u011bd na pl\u00e1\u017ei a pono\u0159te se do azurov\u00fdch vod p\u0159ed n\u00e1vratem do Punta Cana.<\/p>\n<p>&nbsp;<\/p>\n<p><strong>Pozn\u00e1mka: <\/strong>Tato prohl\u00eddka m\u016f\u017ee nebo nemus\u00ed zahrnovat zast\u00e1vku v\u00a0<strong>Limonsk\u00fd vodop\u00e1d<\/strong>. Chcete-li si rezervovat stejn\u00fd v\u00fdlet s vodop\u00e1dy, pros\u00edm <a href=\"https:\/\/www.boattoursamana.com\/cs\/tours-excursions\/fees-entrace\/pozorovani-velryb-samana-cayo-levantado-bacardi-ostrov-limon-vodopady-z-hotelu-punta-cana\/\">KLIKN\u011aTE ZDE.<\/a><\/p>\n<p>&nbsp;<\/p>\n<ul>\n<li>V\u00fdlet za pozorov\u00e1n\u00edm velryb<\/li>\n<li>Vstupn\u00e9 do hv\u011bzd\u00e1rny<\/li>\n<li>Zahrnuje ob\u011bd formou bufetu na pl\u00e1\u017ei<\/li>\n<li>P\u0159eprava lod\u00ed<\/li>\n<li>Transfer z hotel\u016f Punta Cana<\/li>\n<li>Kapit\u00e1n poskytuje instrukce a dohled<\/li>\n<li>Pr\u016fvodce<\/li>\n<\/ul>\n<p>&nbsp;<\/p>\n<h4><b>Zahrnut\u00ed a vylou\u010den\u00ed<\/b><\/h4>\n<p>&nbsp;<\/p>\n<p><b>Inkluze<\/b><\/p>\n<p>&nbsp;<\/p>\n<ol>\n<li>Ob\u011bd formou bufetu na pl\u00e1\u017ei<\/li>\n<li>Pr\u016fvodce<\/li>\n<li>Katamar\u00e1n nebo v\u00fdlet lod\u00ed<\/li>\n<li>V\u0161echny dan\u011b, poplatky a manipula\u010dn\u00ed poplatky<\/li>\n<li>M\u00edstn\u00ed dan\u011b<\/li>\n<li>N\u00e1poje<\/li>\n<\/ol>\n<p><b>V\u00fdluky<\/b><\/p>\n<ol>\n<li>Spropitn\u00e9<\/li>\n<\/ol>\n<p>&nbsp;<\/p>\n<h4><em><strong>Odjezd a n\u00e1vrat<\/strong><\/em><\/h4>\n<p>Pro tento z\u00e1jezd je nab\u00edzeno vyzvednut\u00ed v hotelu. Do pozn\u00e1mek napi\u0161te n\u00e1zev hotelu, kter\u00fd v\u00e1s vyzvedne. Vyzved\u00e1v\u00e1me ve v\u0161ech hotelech Punta Cana.<\/p>\n<p>&nbsp;<\/p>\n<h3>Pozorov\u00e1n\u00ed velryb v Punta Cana\/Cap Cana do Samana Bay + Cayo Levantado (ostrov Bacardi) z hotel\u016f.<\/h3>\n<h4><b><i>Co \u010dekat?<\/i><\/b><\/h4>\n<p>B\u011bhem t\u00e9to 12hodinov\u00e9 exkurze za pozorov\u00e1n\u00edm keporkak\u016f v z\u00e1toce S\u00e1mana se p\u0159ibl\u00ed\u017e\u00edte k jemn\u00fdm mo\u0159sk\u00fdm obr\u016fm Dominik\u00e1nsk\u00e9 republiky. Pro\u017eijte nezapomenuteln\u00fd den pozorov\u00e1n\u00edm tis\u00edc\u016f velryb, kter\u00e9 se ka\u017ed\u00fd rok sl\u00e9taj\u00ed na ostrov, aby se p\u00e1\u0159ily, krmily a hr\u00e1ly si v jeho tepl\u00fdch tropick\u00fdch vod\u00e1ch. P\u0159i pozorov\u00e1n\u00ed t\u011bchto kr\u00e1sn\u00fdch tvor\u016f si u\u017eijete jedine\u010dn\u00e9 poznatky od va\u0161eho odborn\u00e9ho pr\u016fvodce pozorov\u00e1n\u00edm velryb. Zakon\u010dete den ob\u011bdem a pl\u00e1\u017e\u00ed na kr\u00e1sn\u00e9m ostrov\u011b Cayo Levantado v cen\u011b. V cen\u011b je tak\u00e9 zp\u00e1te\u010dn\u00ed hotelov\u00e1 doprava.<\/p>\n<p>Od 9:00 do 12:00 hodin observato\u0159 pro pozorov\u00e1n\u00ed velryb a po tomto v\u00fdletu za velrybami nav\u0161t\u00edv\u00edme ostrov Bacardi \/ Cayo Levantado. Na ostrov\u011b Bacardi bude zaji\u0161t\u011bn ob\u011bd formou bufetu v typick\u00e9m dominik\u00e1nsk\u00e9m stylu (r\u00fd\u017ee, fazole, ryby, sal\u00e1ty\u2026). Po ob\u011bd\u011b m\u016f\u017eete plavat do 16:30. Prohl\u00eddka bude ukon\u010dena v 17:00 ve stejn\u00e9m p\u0159\u00edstavu, odkud odstartuje na na\u0161em katamar\u00e1nu a jejich autobusem zp\u011bt do Punta Cana Hotels.<\/p>\n<p>Tato prohl\u00eddka m\u016f\u017ee nebo nemus\u00ed zahrnovat zast\u00e1vku v\u00a0<strong>Limonsk\u00fd vodop\u00e1d<\/strong>. Chcete-li si rezervovat stejn\u00fd v\u00fdlet s vodop\u00e1dy, pros\u00edm <a href=\"https:\/\/www.boattoursamana.com\/cs\/tours-excursions\/fees-entrace\/pozorovani-velryb-samana-cayo-levantado-bacardi-ostrov-limon-vodopady-z-hotelu-punta-cana\/\">KLIKN\u011aTE ZDE.<\/a><\/p>\n<p><strong>J\u00edzdn\u00ed \u0159\u00e1d:<\/strong><\/p>\n<p>6:00 \u2013 7:00 Vyzvednut\u00ed z\u00e1kazn\u00edk\u016f z r\u016fzn\u00fdch hotel\u016f<br \/>\n07:00 Odjezd do Las Canitas v Sabana de la mar<br \/>\n08:15 P\u0159\u00edjezd do soukrom\u00e9ho p\u0159\u00edstavi\u0161t\u011b<br \/>\n08:15 \u2013 8:40 Sn\u00eddan\u011b (sendvi\u010de, muffiny, \u010daj, k\u00e1va, d\u017eusy)<br \/>\n8:45 Nalod\u011bn\u00ed a zah\u00e1jen\u00ed na\u0161\u00ed cesty do \u00fato\u010di\u0161t\u011b keporkak\u016f v Saman\u011b<br \/>\n11:00 Hled\u00e1n\u00ed velryb po dobu 45 minut \u2013 Toto je na\u010dasov\u00e1n\u00ed podle vl\u00e1dn\u00edch pravidel.<br \/>\n11:45 Vydejte se na Cayo Levantado v z\u00e1livu Samana<br \/>\n12:30 P\u0159\u00edjezd do Cayo Levantado<br \/>\n13:00 Ob\u011bd (ob\u011bd formou bufetu, typick\u00fd dominik\u00e1nsk\u00fd)*<br \/>\n13:45 \u2013 15:30 Voln\u00fd \u010das na Cayo Levantado<br \/>\n15:00 \u2013 15:45 Na palub\u011b op\u011bt sm\u011br zp\u011bt do Miches<br \/>\n17:00 P\u0159\u00edlet do Miches a odjezd do hotel\u016f v Punta Cana<br \/>\n19:30 \u2013 20:00 P\u0159\u00edjezd do hotel\u016f v Punta Cana<\/p>\n<p><strong>*Poledn\u00ed menu (typick\u00e9 dominik\u00e1nsk\u00e9)<br \/>\n<\/strong>R\u00fd\u017ee, grilovan\u00e9 ku\u0159e nebo grilovan\u00e1 ryba, sal\u00e1t, zelenina, \u010derstv\u00e9 ovoce.<\/p>\n<p><strong>*Z\u00e1kazn\u00edci, kte\u0159\u00ed se po sledov\u00e1n\u00ed velryb rozhodnou p\u0159idat zast\u00e1vku u vodop\u00e1du El Limon, p\u0159ejdou na reklamu vodop\u00e1du, budou m\u00edt m\u00e9n\u011b \u010dasu na str\u00e1ven\u00ed na Cayo Levantado.<\/strong><\/p>\n<p>Tato prohl\u00eddka m\u016f\u017ee nebo nemus\u00ed zahrnovat zast\u00e1vku v\u00a0<strong>Limonsk\u00fd vodop\u00e1d<\/strong>. Chcete-li si rezervovat stejn\u00fd v\u00fdlet s vodop\u00e1dy, pros\u00edm <a href=\"https:\/\/www.boattoursamana.com\/cs\/tours-excursions\/fees-entrace\/pozorovani-velryb-samana-cayo-levantado-bacardi-ostrov-limon-vodopady-z-hotelu-punta-cana\/\">KLIKN\u011aTE ZDE.<\/a><\/p>\n<p>&nbsp;<\/p>\n<h4><em><strong>Co byste m\u011bli p\u0159in\u00e9st?<\/strong><\/em><\/h4>\n<ul>\n<li>Fotoapar\u00e1t<\/li>\n<li>Repelentn\u00ed pupeny<\/li>\n<li>opalovac\u00ed kr\u00e9m<\/li>\n<li>\u010cepice<\/li>\n<li>Pohodln\u00e9 kalhoty<\/li>\n<li>Sand\u00e1ly na pl\u00e1\u017e<\/li>\n<li>Plavky<\/li>\n<li>Pen\u00edze za suven\u00fdry<\/li>\n<\/ul>\n<p>&nbsp;<\/p>\n<h4><b><i>Hotel vyzvednut\u00ed<\/i><\/b><\/h4>\n<p>Pro tento z\u00e1jezd je nab\u00edzeno vyzvednut\u00ed v hotelu. Do pozn\u00e1mek napi\u0161te n\u00e1zev hotelu, kter\u00fd v\u00e1s vyzvedne. Vyzved\u00e1v\u00e1me ve v\u0161ech hotelech Punta Cana.<\/p>\n<p>&nbsp;<\/p>\n<p><b>Pozn\u00e1mka:<\/b> pokud prov\u00e1d\u00edte rezervaci do 24 hodin od \u010dasu odjezdu z\u00e1jezdu\/exkurze, m\u016f\u017eeme za\u0159\u00eddit vyzvednut\u00ed v hotelu za p\u0159\u00edplatek. Jakmile bude v\u00e1\u0161 n\u00e1kup dokon\u010den, za\u0161leme v\u00e1m kompletn\u00ed kontaktn\u00ed informace (telefonn\u00ed \u010d\u00edslo, e-mailovou adresu atd.) pro na\u0161eho m\u00edstn\u00edho pr\u016fvodce, abychom mohli zajistit vyzvednut\u00ed.<\/p>\n<h4><b><i>Potvrzen\u00ed dal\u0161\u00edch informac\u00ed<\/i><\/b><\/h4>\n<ol>\n<li>Vstupenky jsou \u00fa\u010dtenkou po zaplacen\u00ed tohoto z\u00e1jezdu. Platbu m\u016f\u017eete zobrazit na telefonu.<\/li>\n<li>M\u00edsto setk\u00e1n\u00ed bude obdr\u017eeno po procesu rezervace.<\/li>\n<li>D\u011bti mus\u00ed b\u00fdt v doprovodu dosp\u011bl\u00e9 osoby.<\/li>\n<li>bezbari\u00e9rov\u00fd<\/li>\n<li>D\u011bti mus\u00ed sed\u011bt na kl\u00edn\u011b<\/li>\n<li>Z\u00fa\u010dastnit se m\u016f\u017ee v\u011bt\u0161ina cestovatel\u016f<\/li>\n<\/ol>\n<h5><b><i>Storno podm\u00ednky<\/i><\/b><\/h5>\n<p>Chcete-li z\u00edskat plnou n\u00e1hradu, p\u0159e\u010dt\u011bte si na\u0161e storno podm\u00ednky\u00a0<a href=\"https:\/\/www.boattoursamana.com\/cs\/online-rezervace\/\" target=\"_blank\" rel=\"noopener\" data-saferedirecturl=\"https:\/\/www.google.com\/url?q=https:\/\/www.boattoursamana.com\/online-booking\/&amp;source=gmail&amp;ust=1672532492004000&amp;usg=AOvVaw3ylqI1cdbIPTimEqEWneyd\">Klikn\u011bte zde<\/a>. Prost\u0159edky budou ztraceny, pokud bude rezervace zru\u0161ena ve stejn\u00fd den cesty.<\/p>\n<\/div>\n<\/div>\n<\/div>\n<\/div>\n<\/div>\n<\/div>\n<\/div>\n<\/div>\n<\/div>\n<\/div>\n<\/div>\n<\/div>\n<div class=\"vc_row wpb_row vc_row-fluid\">\n<div class=\"wpb_column vc_column_container vc_col-sm-12\">\n<div class=\"vc_column-inner\">\n<div class=\"wpb_wrapper\">\n<div class=\"vc_empty_space\"><\/div>\n<div class=\"wpb_text_column wpb_content_element\">\n<div class=\"wpb_wrapper\">\n<h4>Kontaktujte n\u00e1s?<\/h4>\n<h5><b><i>PROHL\u00cdDKA VELRYB SAMANA<\/i><\/b><\/h5>\n<p><em><strong>M\u00edstn\u00ed obyvatel\u00e9<\/strong>\u00a0a\u00a0<strong>st\u00e1tn\u00ed p\u0159\u00edslu\u0161n\u00edci<\/strong>\u00a0Pr\u016fvodci a slu\u017eby pro hosty<\/em><\/p>\n<p><span class=\"text-turquoise\">Rezervace:<\/span>\u00a0Prohl\u00eddky a exkurze v Dom. Rep.<\/p>\n<p><img decoding=\"async\" class=\"emoji\" draggable=\"false\" src=\"https:\/\/s.w.org\/images\/core\/emoji\/11.2.0\/svg\/1f4de.svg\" alt=\"\ud83d\udcde\" title=\"\">\u00a0Tel \/ Whatsapp\u00a0\u00a0<a href=\"tel:+1-809-720-6035\">+1-809-720-6035<\/a>.<\/p>\n<p><img decoding=\"async\" class=\"emoji\" draggable=\"false\" src=\"https:\/\/s.w.org\/images\/core\/emoji\/11.2.0\/svg\/1f4e9.svg\" alt=\"\ud83d\udce9\" title=\"\">\u00a0<a href=\"mailto:info@bookingadventures.com.do\">info@bookingadventures.com.do<\/a><\/p>\n<p><strong>Flexibiln\u011b nastavujeme soukrom\u00e9 prohl\u00eddky od Whatsapp:\u00a0<a href=\"tel:+18097206035\">+18097206035.<\/a><\/strong><\/p>\n<\/div>\n<\/div>\n<\/div>\n<\/div>\n<\/div>\n<\/div>\n\n\t\t<\/div>\n\t<\/div>\n<\/div><\/div><\/div><\/div><div class=\"vc_row wpb_row vc_row-fluid\" ><div class=\"wpb_column vc_column_container vc_col-sm-12\"><div class=\"vc_column-inner\"><div class=\"wpb_wrapper\"><div class=\"vc_btn3-container vc_btn3-inline\" ><button class=\"vc_general vc_btn3 vc_btn3-size-md vc_btn3-shape-rounded vc_btn3-style-modern vc_btn3-color-green\">ZAREZERVOVAT HNED<\/button><\/div><\/div><\/div><\/div><\/div>","protected":false},"excerpt":{"rendered":"<p>Z hotel\u016f v Punta Cana si vychutn\u00e1me kr\u00e1snou krajinu Orient\u00e1ln\u00edho poho\u0159\u00ed, kdy\u017e pojedeme severn\u011b od Punta Cana, ne\u017e p\u0159ijedeme do mal\u00e9 ryb\u00e1\u0159sk\u00e9 vesnice Miches na ji\u017en\u00edm pob\u0159e\u017e\u00ed z\u00e1livu Samana. Tam si vychutn\u00e1te rychlou sn\u00eddani p\u0159ed n\u00e1stupem na lo\u010f do Samany. Poplujeme hluboko do z\u00e1livu, abychom mohli pozorovat velryby. Nejprve doraz\u00edme na Cayo Levantado, zn\u00e1m\u00e9 tak\u00e9 jako Bacardi Island, proto\u017ee je velmi podobn\u00e9 pl\u00e1\u017e\u00edm Bacardi Rum, kter\u00e9 kdysi vyu\u017e\u00edvaly pro sv\u00e9 slavn\u00e9 reklamy. Cayo Levantado nen\u00ed nic men\u0161\u00edho ne\u017e tropick\u00e1 o\u00e1za \u2013 mal\u00fd ostrov uprost\u0159ed oce\u00e1nu s tyrkysovou vodou a b\u00edl\u00fdm p\u00edskem.<\/p>\n<p>Tato prohl\u00eddka m\u016f\u017ee nebo nemus\u00ed zahrnovat zast\u00e1vku v\u00a0<strong>Limonsk\u00fd vodop\u00e1d<\/strong>. Chcete-li si zarezervovat stejn\u00fd v\u00fdlet s vodop\u00e1dy, pros\u00edm <a href=\"https:\/\/www.boattoursamana.com\/cs\/tours-excursions\/fees-entrace\/pozorovani-velryb-samana-cayo-levantado-bacardi-ostrov-limon-vodopady-z-hotelu-punta-cana\/\">KLIKN\u011aTE ZDE.<\/a><\/p>\n<p>&nbsp;<\/p>\n<p>&nbsp;<\/p>\n<p><em><strong>Vyberte pros\u00edm datum exkurze:<\/strong><\/em><\/p>","protected":false},"featured_media":12053,"template":"","meta":[],"product_cat":[294,948,972,968,255,664],"product_tag":[631,184,328,480,296,428,327,222,527,313,199,526,458,342,524,276,529,528,274,525],"class_list":["post-9717","product","type-product","status-publish","has-post-thumbnail","hentry","product_cat-tours-excursions-punta-cana-dominican-republic","product_cat-1-punta-cana","product_cat-punta-cana-group-tours","product_cat-punta-cana-whale-watching","product_cat-tours-excursions-samana-bay-dominican-republic","product_cat-whale-watching-punta-cana","product_tag-631","product_tag-bacardi-island","product_tag-cayo-levantado-day-pass","product_tag-cheap-punta-cana-excursions","product_tag-day-trip-punta-cana","product_tag-half-day-whale-watching-miches","product_tag-private-tours-samana","product_tag-punta-cana","product_tag-punta-cana-activities","product_tag-punta-cana-tours","product_tag-samana-bay","product_tag-samana-day-trip","product_tag-samana-day-trip-from-punta-cana","product_tag-samana-whale-watching","product_tag-whale-punta-cana","product_tag-whale-samana","product_tag-whale-watching-2020","product_tag-whale-watching-2020-in-punta-cana-to-samana-bay-cayo-levantado-bacardi-island-from-hotels","product_tag-whale-watching-dominican-republic","product_tag-whale-watching-punta-cana"],"_links":{"self":[{"href":"https:\/\/www.boattoursamana.com\/cs\/wp-json\/wp\/v2\/product\/9717","targetHints":{"allow":["GET"]}}],"collection":[{"href":"https:\/\/www.boattoursamana.com\/cs\/wp-json\/wp\/v2\/product"}],"about":[{"href":"https:\/\/www.boattoursamana.com\/cs\/wp-json\/wp\/v2\/types\/product"}],"wp:featuredmedia":[{"embeddable":true,"href":"https:\/\/www.boattoursamana.com\/cs\/wp-json\/wp\/v2\/media\/12053"}],"wp:attachment":[{"href":"https:\/\/www.boattoursamana.com\/cs\/wp-json\/wp\/v2\/media?parent=9717"}],"wp:term":[{"taxonomy":"product_cat","embeddable":true,"href":"https:\/\/www.boattoursamana.com\/cs\/wp-json\/wp\/v2\/product_cat?post=9717"},{"taxonomy":"product_tag","embeddable":true,"href":"https:\/\/www.boattoursamana.com\/cs\/wp-json\/wp\/v2\/product_tag?post=9717"}],"curies":[{"name":"wp","href":"https:\/\/api.w.org\/{rel}","templated":true}]}}