{"id":9731,"date":"2019-11-07T08:01:34","date_gmt":"2019-11-07T08:01:34","guid":{"rendered":"https:\/\/www.ticketswhales.com\/?post_type=product&#038;p=9731"},"modified":"2023-11-10T16:52:57","modified_gmt":"2023-11-10T16:52:57","slug":"bahia-de-las-aguilas-beach-day-trip-by-boat-day-pass-snorkeling-lunch","status":"publish","type":"product","link":"https:\/\/www.boattoursamana.com\/cs\/prohlidka\/plaz-bahia-de-las-aguilas-celodenni-vylet-lodi-celodenni-vstupenka-snorchlovani-obed","title":{"rendered":"Bah\u00eda de las \u00c1guilas: Jednodenn\u00ed v\u00fdlet lod\u00ed na pl\u00e1\u017e \u2013 celodenn\u00ed vstupenka \u2013 \u0161norchlov\u00e1n\u00ed a ob\u011bd"},"content":{"rendered":"<div class=\"vc_row wpb_row vc_row-fluid\" ><div class=\"wpb_column vc_column_container vc_col-sm-12\"><div class=\"vc_column-inner\"><div class=\"wpb_wrapper\"><div class=\"vc_btn3-container vc_btn3-inline\" ><button class=\"vc_general vc_btn3 vc_btn3-size-md vc_btn3-shape-rounded vc_btn3-style-modern vc_btn3-color-green\">ZAREZERVOVAT HNED<\/button><\/div>\n\t<div class=\"wpb_text_column wpb_content_element\" >\n\t\t<div class=\"wpb_wrapper\">\n\t\t\t<div class=\"vc_row wpb_row vc_row-fluid\">\n<div class=\"wpb_column vc_column_container vc_col-sm-12\">\n<div class=\"vc_column-inner\">\n<div class=\"wpb_wrapper\">\n<div class=\"mkdf-section-title-holder\">\n<div class=\"mkdf-st-inner\">\n<h5 class=\"mkdf-st-subtitle\">Celodenn\u00ed vstupenka \u2013 \u0161norchlov\u00e1n\u00ed a ob\u011bd<\/h5>\n<h3 class=\"mkdf-st-title\">Bah\u00eda de las Aguilas: Pl\u00e1\u017eov\u00fd celodenn\u00ed v\u00fdlet lod\u00ed<\/h3>\n<\/div>\n<\/div>\n<\/div>\n<\/div>\n<\/div>\n<\/div>\n<div class=\"vc_row wpb_row vc_row-fluid\">\n<div class=\"wpb_column vc_column_container vc_col-sm-12\">\n<div class=\"vc_column-inner\">\n<div class=\"wpb_wrapper\">\n<div class=\"wpb_text_column wpb_content_element\">\n<div class=\"wpb_wrapper\">\n<h4><b><i>P\u0159ehled<\/i><\/b><\/h4>\n<p>U\u017eijte si den na pl\u00e1\u017ei a nechte svou n\u00e1ladu plynout, daleko od turistick\u00fdch oblast\u00ed a v\u0161eho stresu. P\u0159ij\u010fte a objevte n\u00e1rodn\u00ed park Jaragua a Bahia de las \u00c1guilas. Je\u010fte po kr\u00e1sn\u00e9 silnici s \u00fachvatn\u00fdmi v\u00fdhledy na mal\u00fd p\u0159\u00edstav a ryb\u00e1\u0159skou vesnici Cabo Rojo. V Las Cuevas nastoup\u00edte na lo\u010f, kter\u00e1 v\u00e1s vezme na 15 minut j\u00edzdy na jednu z nejkr\u00e1sn\u011bj\u0161\u00edch p\u0159\u00edrodn\u00edch pl\u00e1\u017e\u00ed sv\u011bta. P\u00edsky Bah\u00eda de las Aguilas jsou nedot\u010den\u00e9 a z\u00e1liv pokr\u00fdv\u00e1 8 km. Za\u017eijte v\u00fdjime\u010dnou pob\u0159e\u017en\u00ed krajinu s k\u0159i\u0161\u0165\u00e1lov\u011b \u010distou vodou z\u00e1\u0159\u00edc\u00ed v odst\u00ednech od tyrkysov\u00e9 po op\u00e1lov\u011b modrou rozpl\u00fdvaj\u00edc\u00ed se na obzoru. Ob\u011bd se pod\u00e1v\u00e1 na pl\u00e1\u017ei, jd\u011bte si zaplavat nebo \u0161norchlovat a prozkoumat tento nedot\u010den\u00fd p\u0159\u00edrodn\u00ed r\u00e1j.<\/p>\n<p>&nbsp;<\/p>\n<ul>\n<li>M\u00edstn\u00ed pr\u016fvodce se zku\u0161enostmi s bezpe\u010dnost\u00ed v t\u00e9to oblasti.<\/li>\n<li>Soukrom\u00e1 doprava<\/li>\n<li>Poplatky v cen\u011b<\/li>\n<li>Ob\u011bd<\/li>\n<li>M\u00edstn\u00ed pr\u016fvodce ve \u0161pan\u011bl\u0161tin\u011b, angli\u010dtin\u011b nebo francouz\u0161tin\u011b.<\/li>\n<li>Turistika<\/li>\n<li>\u0160norchlov\u00e1n\u00ed<\/li>\n<\/ul>\n<h4><b>Zahrnut\u00ed a vylou\u010den\u00ed<\/b><\/h4>\n<p>&nbsp;<\/p>\n<p><b>Inkluze<\/b><\/p>\n<ol>\n<li>M\u00edstn\u00ed pr\u016fvodce se zku\u0161enostmi s bezpe\u010dnost\u00ed v t\u00e9to oblasti.<\/li>\n<li>Soukrom\u00e1 doprava pro mal\u00e9 skupiny<\/li>\n<li>V\u0161echny dan\u011b, poplatky a manipula\u010dn\u00ed poplatky<\/li>\n<li>M\u00edstn\u00ed dan\u011b<\/li>\n<li>Ob\u011bd<\/li>\n<li>Turistika<\/li>\n<li>P\u0159\u00edrodn\u00ed baz\u00e9ny<\/li>\n<li>\u0160norchlov\u00e1n\u00ed<\/li>\n<li>V\u0161echny aktivity<\/li>\n<\/ol>\n<p><b>V\u00fdluky<\/b><\/p>\n<ol>\n<li>Spropitn\u00e9<\/li>\n<li>V\u0161echny n\u00e1poje<\/li>\n<\/ol>\n<h4><em><strong>Odjezd a n\u00e1vrat<\/strong><\/em><\/h4>\n<p>Cestovatel z\u00edsk\u00e1 m\u00edsto setk\u00e1n\u00ed po procesu rezervace. Prohl\u00eddky za\u010d\u00ednaj\u00ed a kon\u010d\u00ed v m\u00edstech setk\u00e1n\u00ed.<\/p>\n<h2 class=\"styles__heading___mD4_3\" data-radium=\"true\">Bah\u00eda de las Aguilas: Jednodenn\u00ed v\u00fdlet lod\u00ed na pl\u00e1\u017e \u2013 celodenn\u00ed vstupenka \u2013 \u0161norchlov\u00e1n\u00ed a ob\u011bd<\/h2>\n<h4><em>Co \u010dekat?<\/em><\/h4>\n<p>Playa de las Aguilas byla pojmenov\u00e1na po domorod\u00e9m orlu. Je zn\u00e1m\u00e1 jako nejkr\u00e1sn\u011bj\u0161\u00ed pl\u00e1\u017e v cel\u00e9 zemi. Podneb\u00ed parku je velmi such\u00e9 a vegetace se skl\u00e1d\u00e1 p\u0159ev\u00e1\u017en\u011b z kaktus\u016f a dal\u0161\u00edch pou\u0161tn\u00edch rostlin. \u010cerven\u00e1 poln\u00ed cesta, kter\u00e1 vede pod\u00e9l z\u00e1livu, je srovnateln\u00e1 s krajinou africk\u00e9 savany.<br \/>\nObjevte tento r\u00e1j pro ryb\u00e1\u0159e a milovn\u00edky pl\u00e1\u017e\u00ed s b\u00edl\u00fdm p\u00edskem a k\u0159i\u0161\u0165\u00e1lov\u011b \u010dist\u00e9 vody. Nejprve se v\u0161ak vydejte do vesnice La Cueva, kde v jeskyn\u00edch \u017eij\u00ed m\u00edstn\u00ed ryb\u00e1\u0159i.<\/p>\n<p>Chyb\u00ed n\u011bco tomuto dokonal\u00e9mu momentu?<\/p>\n<p>Klidn\u00e9 mo\u0159e a m\u00edrn\u00fd v\u00edtr v\u00e1m zabr\u00e1n\u00ed p\u0159\u00edli\u0161 trp\u011bt sluncem a horkem. Sta\u0148te se na cel\u00fd den pr\u016fzkumn\u00edkem a objevte ekologick\u00fd, p\u0159\u00edrodn\u00ed a naprosto nedot\u010den\u00fd r\u00e1j. M\u016f\u017eete zde pozorovat v\u00edce ne\u017e 130 druh\u016f pt\u00e1k\u016f, z nich\u017e 76 \u017eije trvale v z\u00e1livu, 10 je endemick\u00fdch a 47 je migrant\u016f.<\/p>\n<p>08:00 \u2013 Odjezd z va\u0161eho hotelu<br \/>\n09.30 \u2013 Kr\u00e1tk\u00e1 zast\u00e1vka u Laguna de Oviedo, kde se m\u016f\u017eete pokochat v\u00fdhledem z vyhl\u00eddkov\u00e9 plo\u0161iny<br \/>\n11:00 \u2013 Odjezd lod\u00ed z vesnice La Cueva do Bahia de las Aguilas<br \/>\n12.30 \u2013 Typick\u00fd ob\u011bd na pl\u00e1\u017ei<br \/>\n03:00 \u2013 N\u00e1vrat do La Cueva<br \/>\n06:00 \u2013 P\u0159\u00edjezd do va\u0161eho hotelu<\/p>\n<h4><em><strong>Co byste m\u011bli p\u0159in\u00e9st?<\/strong><\/em><\/h4>\n<ul>\n<li>Fotoapar\u00e1t<\/li>\n<li>Repelentn\u00ed pupeny<\/li>\n<li>Opalovac\u00ed kr\u00e9m<\/li>\n<li>Toaleta<\/li>\n<li>\u010cepice<\/li>\n<li>Pohodln\u00e9 kalhoty<\/li>\n<li>Turistick\u00e9 boty do lesa<\/li>\n<li>Sand\u00e1ly do jarn\u00edch oblast\u00ed.<\/li>\n<li>Plavky<\/li>\n<\/ul>\n<p>&nbsp;<\/p>\n<h4><b><i>Pickup Hotel<\/i><\/b><\/h4>\n<p>Pro tento z\u00e1jezd je nab\u00edzeno vyzvednut\u00ed v hotelu. Vyzvednut\u00ed\/doprava z va\u0161eho hotelu (oblast Barahona\/Paraiso\/Los Patos).<\/p>\n<p><b>Pozn\u00e1mka:<\/b>\u00a0Pokud jste rezervov\u00e1ni do 24 hodin od \u010dasu odjezdu prohl\u00eddky\/exkurze, m\u016f\u017eeme zajistit vyzvednut\u00ed v hotelu. Pr\u00e1v\u011b se vyzved\u00e1v\u00e1me v oblasti Samana. Jakmile bude v\u00e1\u0161 n\u00e1kup dokon\u010den, za\u0161leme v\u00e1m kompletn\u00ed kontaktn\u00ed informace (telefonn\u00ed \u010d\u00edslo, e-mailovou adresu atd.) pro na\u0161eho m\u00edstn\u00edho pr\u016fvodce, abychom mohli zajistit vyzvednut\u00ed.<\/p>\n<h4><b><i>Potvrzen\u00ed dal\u0161\u00edch informac\u00ed<\/i><\/b><\/h4>\n<ol>\n<li>Vstupenky jsou \u00fa\u010dtenkou po zaplacen\u00ed tohoto z\u00e1jezdu. Platbu m\u016f\u017eete zobrazit na telefonu.<\/li>\n<li>M\u00edsto setk\u00e1n\u00ed bude p\u0159ijato po procesu rezervace.<\/li>\n<li>D\u011bti mus\u00ed b\u00fdt v doprovodu dosp\u011bl\u00e9 osoby.<\/li>\n<li>Bezbari\u00e9rov\u00fd p\u0159\u00edstup<\/li>\n<li>D\u011bti mus\u00ed sed\u011bt na kl\u00edn\u011b<\/li>\n<li>Nedoporu\u010duje se pro cestovatele s probl\u00e9my se z\u00e1dy<\/li>\n<li>Nedoporu\u010duje se t\u011bhotn\u00fdm cestovatel\u016fm<\/li>\n<li>\u017d\u00e1dn\u00e9 probl\u00e9my se srdcem ani jin\u00e9 z\u00e1va\u017en\u00e9 zdravotn\u00ed stavy<\/li>\n<li>Z\u00fa\u010dastnit se m\u016f\u017ee v\u011bt\u0161ina cestovatel\u016f<\/li>\n<\/ol>\n<h4><b><i>Storno podm\u00ednky<\/i><\/b><\/h4>\n<p>Pro vr\u00e1cen\u00ed pln\u00e9 \u010d\u00e1stky zru\u0161te alespo\u0148 24 hodin p\u0159ed datem zah\u00e1jen\u00ed z\u00e1\u017eitku. Prost\u0159edky budou ztraceny, pokud bude rezervace zru\u0161ena ve stejn\u00fd den cesty.<\/p>\n<\/div>\n<\/div>\n<\/div>\n<\/div>\n<\/div>\n<\/div>\n\n\t\t<\/div>\n\t<\/div>\n<\/div><\/div><\/div><\/div><div class=\"wpb_column vc_column_container vc_col-sm-12\"><div class=\"vc_column-inner\"><div class=\"wpb_wrapper\"><\/div><\/div><\/div>","protected":false},"excerpt":{"rendered":"<p>Kupte si celodenn\u00ed vstupenku do Bahia las Aguilas z Barahony. Projedete n\u00e1rodn\u00edm parkem Jaragua a zam\u00ed\u0159\u00edte do Cabo Rojo, kde na v\u00e1s \u010dek\u00e1 lo\u010f. Po 15 minut\u00e1ch plavby lod\u00ed doraz\u00edte na kr\u00e1snou a odlehlou z\u00e1toku Eagles, kter\u00e1 je pova\u017eov\u00e1na za nejkr\u00e1sn\u011bj\u0161\u00ed pl\u00e1\u017e v zemi. Ob\u011bd se bude pod\u00e1vat na pl\u00e1\u017ei a budete m\u00edt mo\u017enost si zaplavat nebo jen tak relaxovat na pl\u00e1\u017ei. U\u017eijte si nedot\u010den\u00fd b\u00edl\u00fd p\u00edsek t\u00e9to 8 km dlouh\u00e9 pl\u00e1\u017ee.<\/p>\n<p><strong>Vyberte den pro tento v\u00fdlet:\u00a0<\/strong><\/p>","protected":false},"featured_media":9747,"template":"","meta":[],"product_cat":[549,160],"product_tag":[557,554,555,563,560,556,564,559,553,567,566,561,565,558,562],"class_list":["post-9731","product","type-product","status-publish","has-post-thumbnail","hentry","product_cat-bahia-de-las-aguilas-dominican-republic","product_cat-lunch","product_tag-bahia-de-las-aguilas","product_tag-bahia-de-las-aguilas-pedernales","product_tag-bahia-de-las-aguilas-beach-tour","product_tag-bahia-de-las-aguilas-hoteles","product_tag-bahia-de-las-aguilas-map","product_tag-bahia-de-las-aguilas-private-tour","product_tag-bahia-de-las-aguilas-republica-dominicana-hotel","product_tag-bahia-de-las-aguilas-tour-from-punta-cana","product_tag-bahia-de-las-aguilas-beach-day-trip-by-boat","product_tag-bahia-las-aguilas-tours","product_tag-barahona-tours","product_tag-closest-airport-to-bahia-de-las-aguilas","product_tag-hotel-barahona","product_tag-playa-bahia-de-las-aguilas-dominican-republic","product_tag-tours-a-bahia-de-las-aguilas-desde-santo-domingo"],"_links":{"self":[{"href":"https:\/\/www.boattoursamana.com\/cs\/wp-json\/wp\/v2\/product\/9731","targetHints":{"allow":["GET"]}}],"collection":[{"href":"https:\/\/www.boattoursamana.com\/cs\/wp-json\/wp\/v2\/product"}],"about":[{"href":"https:\/\/www.boattoursamana.com\/cs\/wp-json\/wp\/v2\/types\/product"}],"wp:featuredmedia":[{"embeddable":true,"href":"https:\/\/www.boattoursamana.com\/cs\/wp-json\/wp\/v2\/media\/9747"}],"wp:attachment":[{"href":"https:\/\/www.boattoursamana.com\/cs\/wp-json\/wp\/v2\/media?parent=9731"}],"wp:term":[{"taxonomy":"product_cat","embeddable":true,"href":"https:\/\/www.boattoursamana.com\/cs\/wp-json\/wp\/v2\/product_cat?post=9731"},{"taxonomy":"product_tag","embeddable":true,"href":"https:\/\/www.boattoursamana.com\/cs\/wp-json\/wp\/v2\/product_tag?post=9731"}],"curies":[{"name":"wp","href":"https:\/\/api.w.org\/{rel}","templated":true}]}}