{"id":9807,"date":"2019-11-13T19:50:58","date_gmt":"2019-11-13T19:50:58","guid":{"rendered":"https:\/\/www.ticketswhales.com\/?post_type=product&#038;p=9807"},"modified":"2023-10-25T07:21:21","modified_gmt":"2023-10-25T07:21:21","slug":"hike-kayak-los-haitises-national-park","status":"publish","type":"product","link":"https:\/\/www.boattoursamana.com\/cs\/prohlidka\/tura-na-kajaku-los-haitises-narodni-park","title":{"rendered":"T\u00fara + kajak Los Haitises"},"content":{"rendered":"<div class=\"vc_row wpb_row vc_row-fluid\" ><div class=\"wpb_column vc_column_container vc_col-sm-12\"><div class=\"vc_column-inner\"><div class=\"wpb_wrapper\">\n\t<div class=\"wpb_text_column wpb_content_element\" >\n\t\t<div class=\"wpb_wrapper\">\n\t\t\t<p><span style=\"vertical-align: inherit;\"><span style=\"vertical-align: inherit;\"><\/p>\n\n\t\t<\/div>\n\t<\/div>\n<div class=\"vc_btn3-container vc_btn3-inline\" ><a class=\"vc_general vc_btn3 vc_btn3-size-md vc_btn3-shape-rounded vc_btn3-style-modern vc_btn3-color-green\" href=\"https:\/\/bookingadventures.tours\/booking.php?tour_id=214ab2ed515734864898e23b426328be\" title=\"\" rel=\"noopener\">ZAREZERVOVAT HNED<\/a><\/div><\/div><\/div><\/div><\/div><div class=\"vc_row wpb_row vc_row-fluid\" ><div class=\"wpb_column vc_column_container vc_col-sm-12\"><div class=\"vc_column-inner\"><div class=\"wpb_wrapper\">\n\t<div class=\"wpb_text_column wpb_content_element\" >\n\t\t<div class=\"wpb_wrapper\">\n\t\t\t<p>\u00a0<\/span><\/span><\/p>\n<h4><b><i><span style=\"vertical-align: inherit;\"><span style=\"vertical-align: inherit;\">Obecn\u00e1 vize <\/span><\/span><\/i><\/b><\/h4>\n<p>Tato turistick\u00e1 stezka + j\u00edzda na kajaku za\u010d\u00edn\u00e1 z p\u0159\u00edstavu Ca\u00f1o Hondo\/Sabana de La Mar. P\u016fjdeme asi 3 hodiny pod\u00e9l Humid Forest v n\u00e1rodn\u00edm parku Los Haitises. Dozv\u00edte se o l\u00e9\u010div\u00fdch rostlin\u00e1ch t\u00e9to oblasti, uvid\u00edte listnat\u00fd prales prim\u00e1rn\u00edho a sekund\u00e1rn\u00edho poho\u0159\u00ed n\u00e1rodn\u00edho parku Los Haitises a z\u00e1rove\u0148 se dostanete k prameni \u0159eky Jivales, z n\u00ed\u017e vyt\u00e9kaj\u00ed vody p\u0159\u00edrodn\u00edch t\u016fn\u00ed Eco-lodge Ca\u00f1o Hondo. Pak vezmeme vybaven\u00ed pot\u0159ebn\u00e9 pro va\u0161i bezpe\u010dnost (z\u00e1chrann\u00e9 vesty atd.), kajaky a proch\u00e1zen\u00ed mangrovov\u00fdmi ba\u017einami. Uvid\u00edte n\u011bkter\u00e9 mangrovy pln\u00e9 pt\u00e1k\u016f, zvln\u011bn\u00e9 kopce bujn\u00e9 vegetace. P\u0159es mangrovy a Land u otev\u0159en\u00e9ho z\u00e1livu San Lorenzo, odkud m\u016f\u017eete fotografovat drsnou lesn\u00ed krajinu.<\/p>\n<p>Po t\u00e9to zku\u0161enosti se dostanete Back to Cano Hondo nebo Sabana de la mar.<\/p>\n<ul>\n<li style=\"font-weight: 400;\">Poplatky v cen\u011b<\/li>\n<li>P\u011b\u0161\u00ed v\u00fdlet do n\u00e1rodn\u00edho parku Los Haitises<\/li>\n<li style=\"font-weight: 400;\"><span style=\"font-weight: 400;\">Pr\u016fvodce poskytuje instrukce a supervizi<\/span><\/li>\n<\/ul>\n<p>&nbsp;<\/p>\n<h4><b>Zahrnut\u00ed a vylou\u010den\u00ed<\/b><\/h4>\n<p>&nbsp;<\/p>\n<p><b>Inkluze<\/b><\/p>\n<p>&nbsp;<\/p>\n<ol>\n<li style=\"font-weight: 400;\">N\u00e1rodn\u00ed park Los Haitises<\/li>\n<li>P\u011b\u0161\u00ed t\u00fara + kajak<\/li>\n<li style=\"font-weight: 400;\"><span style=\"font-weight: 400;\">V\u0161echny dan\u011b, poplatky a manipula\u010dn\u00ed poplatky<\/span><\/li>\n<li style=\"font-weight: 400;\"><span style=\"font-weight: 400;\">M\u00edstn\u00ed dan\u011b<\/span><\/li>\n<li style=\"font-weight: 400;\"><span style=\"font-weight: 400;\">N\u00e1poje<\/span><\/li>\n<li style=\"font-weight: 400;\"><span style=\"font-weight: 400;\">V\u0161echny aktivity<\/span><\/li>\n<li style=\"font-weight: 400;\"><span style=\"font-weight: 400;\">M\u00edstn\u00ed pr\u016fvodce<\/span><\/li>\n<\/ol>\n<p><b> V\u00fdluky<\/b><\/p>\n<ol>\n<li style=\"font-weight: 400;\"><span style=\"font-weight: 400;\">Spropitn\u00e9<\/span><\/li>\n<li style=\"font-weight: 400;\"><span style=\"font-weight: 400;\">P\u0159evod<\/span><\/li>\n<li>Ob\u011bd<\/li>\n<li style=\"font-weight: 400;\"><span style=\"font-weight: 400;\">Alkoholick\u00e9 n\u00e1poje<\/span><\/li>\n<\/ol>\n<p>&nbsp;<\/p>\n<h4><em><strong>Odjezd a n\u00e1vrat<\/strong><\/em><\/h4>\n<p><span style=\"font-weight: 400;\">Cestovatel z\u00edsk\u00e1 m\u00edsto setk\u00e1n\u00ed po procesu rezervace. Prohl\u00eddky za\u010d\u00ednaj\u00ed a kon\u010d\u00ed v na\u0161ich shroma\u017e\u010fovac\u00edch m\u00edstech.<\/span><\/p>\n<p>&nbsp;<\/p>\n<h2>T\u00fara + kajak Los Haitises National Park<\/h2>\n<h4><b><i>Co \u010dekat?<\/i><\/b><\/h4>\n<p>N\u00e1zev n\u00e1rodn\u00edho parku poch\u00e1z\u00ed od jeho p\u016fvodn\u00edch obyvatel, indi\u00e1n\u016f Taino. V jejich jazyce \u201ehaitises\u201c znamen\u00e1 vyso\u010diny nebo kopce, co\u017e je odkaz na strm\u00e9 geologick\u00e9 \u00fatvary pob\u0159e\u017e\u00ed s v\u00e1penci. J\u00edzda na kajaku trv\u00e1 2 hodiny.<\/p>\n<p>Pozn\u00e1v\u00e1n\u00ed historie a p\u0159\u00edrody s m\u00edstn\u00edmi pr\u016fvodci, kte\u0159\u00ed vyrostli jako emviroment\u00e1ln\u00ed ochr\u00e1nci a dobrovoln\u00edci v t\u00e9to oblasti projektu. Prohl\u00eddka organizovan\u00e1 \u201eBooking Adventures\u201c za\u010d\u00edn\u00e1 na m\u00edst\u011b setk\u00e1n\u00ed s pr\u016fvodcem.<\/p>\n<p>Po \u00favodn\u00ed proch\u00e1zce p\u0159es pole a zem\u011bd\u011blskou p\u016fdu se za\u010dnete proch\u00e1zet kolem Kokosov\u00e9ho a kakaov\u00e9ho lesa. Dostat se ka\u017edou minutu do prim\u00e1rn\u00ed a jedine\u010dn\u00e9 chr\u00e1n\u011bn\u00e9 lesn\u00ed oblasti uvnit\u0159 n\u00e1rodn\u00edho parku Los Haitises. P\u0159ij\u010fte s Booking Adventures a za\u010dn\u011bte zkoumat n\u011bkter\u00e9 endemick\u00e9 druhy pt\u00e1k\u016f, savc\u016f a rostlin, zvln\u011bn\u00e9 kopce bujn\u00e9 vegetace a jeskyn\u011b <em><strong>N\u00e1rodn\u00ed park Los Haitises<\/strong><\/em>.<\/p>\n<div class=\"body-description secondary\">\n<p>N\u00e1zev n\u00e1rodn\u00edho parku poch\u00e1z\u00ed od jeho p\u016fvodn\u00edch obyvatel, indi\u00e1n\u016f Taino. V jejich jazyce \u201ehaitises\u201c znamen\u00e1 vyso\u010diny nebo kopce, co\u017e je odkaz na strm\u00e9 geologick\u00e9 \u00fatvary pob\u0159e\u017e\u00ed s v\u00e1penci. Vydejte se hloub\u011bji do parku a prozkoumejte jeskyn\u011b, jako je Cueva San Gabriel, <em><strong>Cueva de la Arena<\/strong><\/em> a <strong><em>Cueva de la L\u00ednea. V\u00fdlet lod\u00ed m\u016f\u017eete spojit s p\u011b\u0161\u00edm v\u00fdletem. Kontaktujte n\u00e1s.<\/em><\/strong><\/p>\n<p>Jeskyn\u011b v rezervaci byly vyu\u017e\u00edv\u00e1ny jako \u00fakryt indi\u00e1ny Taino a pozd\u011bji i \u00fakryty pir\u00e1t\u016f. Hledejte kresby indi\u00e1n\u016f, kter\u00e9 zdob\u00ed n\u011bkter\u00e9 st\u011bny. V de\u0161tn\u00e9m pralese je v\u00edce ne\u017e 700 stovek druh\u016f rostlin, na t\u00e9to turistick\u00e9 stezce se sna\u017e\u00edme n\u00e1v\u0161t\u011bvn\u00edky pou\u010dit o v\u0161ech l\u00e9\u010div\u00fdch rostlin\u00e1ch, kter\u00e9 zn\u00e1me.<\/p>\n<p>P\u0159ij\u010fte se u\u010dit, proch\u00e1zet se a kochat se skute\u010dnou p\u0159\u00edrodou n\u00e1rodn\u00edho parku Los Haitises.<\/p>\n<\/div>\n<p>&nbsp;<\/p>\n<h4><em><strong>Co byste m\u011bli p\u0159in\u00e9st?<\/strong><\/em><\/h4>\n<ul>\n<li style=\"font-weight: 400;\"><span style=\"font-weight: 400;\">Fotoapar\u00e1t<\/span><\/li>\n<li style=\"font-weight: 400;\"><span style=\"font-weight: 400;\">Repelentn\u00ed pupeny<\/span><\/li>\n<li style=\"font-weight: 400;\"><span style=\"font-weight: 400;\">Opalovac\u00ed kr\u00e9m<\/span><\/li>\n<li style=\"font-weight: 400;\"><span style=\"font-weight: 400;\">\u010cepice<\/span><\/li>\n<li style=\"font-weight: 400;\"><span style=\"font-weight: 400;\">Pohodln\u00e9 kalhoty<\/span><\/li>\n<li style=\"font-weight: 400;\"><span style=\"font-weight: 400;\">Turistick\u00e9 boty do lesa<\/span><\/li>\n<li style=\"font-weight: 400;\"><span style=\"font-weight: 400;\">Sand\u00e1ly do jarn\u00edch oblast\u00ed.<\/span><\/li>\n<li style=\"font-weight: 400;\"><span style=\"font-weight: 400;\">Plavky<\/span><\/li>\n<\/ul>\n<p>&nbsp;<\/p>\n<h4><b><i>Hotel vyzvednut\u00ed <\/i><\/b><\/h4>\n<p><span style=\"font-weight: 400;\">Vyzvednut\u00ed v hotelu nen\u00ed pro tento z\u00e1jezd nab\u00edzeno. Sta\u010d\u00ed, kdy\u017e jste v Cano Hondo Hotel nebo Hotels v oblasti Sabana de la mar.<\/span><\/p>\n<p><b>Pozn\u00e1mka:<\/b><span style=\"font-weight: 400;\"> Pokud provedete rezervaci do 24 hodin od \u010dasu odjezdu z\u00e1jezdu\/exkurze, m\u016f\u017eeme za\u0159\u00eddit vyzvednut\u00ed v hotelu za p\u0159\u00edplatek z kter\u00e9hokoli m\u00edsta Dominik\u00e1nsk\u00e9 republiky. Jakmile bude v\u00e1\u0161 n\u00e1kup dokon\u010den, za\u0161leme v\u00e1m kompletn\u00ed kontaktn\u00ed informace (telefonn\u00ed \u010d\u00edslo, e-mailovou adresu atd.) pro na\u0161eho m\u00edstn\u00edho pr\u016fvodce, abychom mohli zajistit vyzvednut\u00ed.<\/span><\/p>\n<h4><b><i>Potvrzen\u00ed dal\u0161\u00edch informac\u00ed <\/i><\/b><\/h4>\n<ol>\n<li>Vstupenky jsou \u00fa\u010dtenkou po zaplacen\u00ed tohoto z\u00e1jezdu. Platbu m\u016f\u017eete zobrazit na telefonu.<\/li>\n<li style=\"font-weight: 400;\"><span style=\"font-weight: 400;\">M\u00edsto setk\u00e1n\u00ed bude obdr\u017eeno po procesu rezervace.<\/span><\/li>\n<li style=\"font-weight: 400;\"><span style=\"font-weight: 400;\">D\u011bti mus\u00ed b\u00fdt v doprovodu dosp\u011bl\u00e9 osoby.<\/span><\/li>\n<li style=\"font-weight: 400;\"><span style=\"font-weight: 400;\"> Bezbari\u00e9rov\u00fd p\u0159\u00edstup <\/span><\/li>\n<li style=\"font-weight: 400;\"><span style=\"font-weight: 400;\">D\u011bti mus\u00ed sed\u011bt na kl\u00edn\u011b <\/span><\/li>\n<li style=\"font-weight: 400;\"><span style=\"font-weight: 400;\">Nedoporu\u010duje se pro cestovatele s probl\u00e9my se z\u00e1dy<\/span><\/li>\n<li style=\"font-weight: 400;\"><span style=\"font-weight: 400;\">Nedoporu\u010duje se t\u011bhotn\u00fdm cestovatel\u016fm <\/span><\/li>\n<li style=\"font-weight: 400;\"><span style=\"font-weight: 400;\"> \u017d\u00e1dn\u00e9 probl\u00e9my se srdcem ani jin\u00e9 z\u00e1va\u017en\u00e9 zdravotn\u00ed stavy <\/span><\/li>\n<li style=\"font-weight: 400;\"><span style=\"font-weight: 400;\">Z\u00fa\u010dastnit se m\u016f\u017ee v\u011bt\u0161ina cestovatel\u016f<\/span><\/li>\n<\/ol>\n<h4><b><i>Storno podm\u00ednky<\/i><\/b><\/h4>\n<p>Chcete-li z\u00edskat plnou n\u00e1hradu, p\u0159e\u010dt\u011bte si na\u0161e storno podm\u00ednky\u00a0<a href=\"https:\/\/www.boattoursamana.com\/cs\/online-rezervace\/\" target=\"_blank\" rel=\"noopener\" data-saferedirecturl=\"https:\/\/www.google.com\/url?q=https:\/\/www.boattoursamana.com\/online-booking\/&amp;source=gmail&amp;ust=1672532492004000&amp;usg=AOvVaw3ylqI1cdbIPTimEqEWneyd\">Klikn\u011bte zde<\/a>. Prost\u0159edky budou ztraceny, pokud bude rezervace zru\u0161ena ve stejn\u00fd den cesty.<\/p>\n\n\t\t<\/div>\n\t<\/div>\n<div class=\"vc_btn3-container vc_btn3-inline\" ><a class=\"vc_general vc_btn3 vc_btn3-size-md vc_btn3-shape-rounded vc_btn3-style-modern vc_btn3-color-green\" href=\"https:\/\/bookingadventures.tours\/booking.php?tour_id=214ab2ed515734864898e23b426328be\" title=\"\" rel=\"noopener\">ZAREZERVOVAT HNED<\/a><\/div><div class=\"mkdf-section-title-holder\" style=\"text-align: left\">\n\t<div class=\"mkdf-st-inner\">\n\t\t\t\t\t<h5 class=\"mkdf-st-subtitle\" >\n\t\t\t\tP\u011b\u0161\u00ed turistika v de\u0161tn\u00e9m pralese a j\u00edzda na kajaku\t\t\t<\/h5>\n\t\t\t\t\t\t\t<h3 class=\"mkdf-st-title\" >\n\t\t\t\tT\u00fara + kajak Los Haitises National Park\t\t\t<\/h3>\n\t\t\t\t\t\t\t<p class=\"mkdf-st-text\" >\n\t\t\t\tTato zku\u0161enost vy\u017eaduje minim\u00e1ln\u011b 4 \u00fa\u010dastn\u00edky. Pokud v\u00e1m nejsou 4, nev\u00e1hejte n\u00e1s kontaktovat!\t\t\t<\/p>\n\t\t\t<\/div>\n<\/div><\/div><\/div><\/div><\/div><div class=\"vc_row wpb_row vc_row-fluid\" ><div class=\"wpb_column vc_column_container vc_col-sm-12\"><div class=\"vc_column-inner\"><div class=\"wpb_wrapper\">\n\t<div class=\"wpb_video_widget wpb_content_element vc_clearfix   vc_video-aspect-ratio-169 vc_video-el-width-100 vc_video-align-left\" >\n\t\t<div class=\"wpb_wrapper\">\n\t\t\t<h2 class=\"wpb_heading wpb_video_heading\">J\u00edzda na kajaku Los haitises<\/h2>\n\t\t\t<div class=\"wpb_video_wrapper\"><iframe loading=\"lazy\" title=\"J\u00edzda na kajaku a speleologie v n\u00e1rodn\u00edm parku Los Haitises, Dominik\u00e1nsk\u00e1 republika\" width=\"1100\" height=\"619\" src=\"https:\/\/www.youtube.com\/embed\/ucU1uwB57wQ?feature=oembed\" frameborder=\"0\" allow=\"accelerometer; autoplay; clipboard-write; encrypted-media; gyroscope; picture-in-picture; web-share\" allowfullscreen><\/iframe><\/div>\n\t\t<\/div>\n\t<\/div>\n<\/div><\/div><\/div><\/div><div class=\"vc_row wpb_row vc_row-fluid\" ><\/div><div class=\"wpb_column vc_column_container vc_col-sm-12\"><div class=\"vc_column-inner\"><div class=\"wpb_wrapper\"><\/div><\/div><\/div><div class=\"vc_empty_space\"   style=\"height: 32px\"><span class=\"vc_empty_space_inner\"><\/span><\/div><div class=\"vc_empty_space\"   style=\"height: 32px\"><span class=\"vc_empty_space_inner\"><\/span><\/div><div class=\"vc_row wpb_row vc_row-fluid\" ><div class=\"wpb_column vc_column_container vc_col-sm-12\"><div class=\"vc_column-inner\"><div class=\"wpb_wrapper\"><div class=\"vc_btn3-container vc_btn3-inline\" ><a class=\"vc_general vc_btn3 vc_btn3-size-md vc_btn3-shape-rounded vc_btn3-style-modern vc_btn3-color-green\" href=\"https:\/\/bookingadventures.tours\/booking.php?tour_id=214ab2ed515734864898e23b426328be\" title=\"\" rel=\"noopener\">ZAREZERVOVAT HNED<\/a><\/div><\/div><\/div><\/div><\/div>","protected":false},"excerpt":{"rendered":"<pre id=\"tw-target-text\" class=\"tw-data-text tw-text-large tw-ta\" dir=\"ltr\" data-placeholder=\"Translation\" data-ved=\"2ahUKEwiCmvnO05CCAxVehP0HHTI_C5cQ3ewLegQIChAQ\"><span class=\"Y2IQFc\" lang=\"en\">3hodinov\u00e1 t\u00fara a mangrovov\u00fd kajak v n\u00e1rodn\u00edm parku Los Haitises s m\u00edstn\u00edm pr\u016fvodcem ze Sabana de la Mar. N\u00e1v\u0161t\u011bva oblast\u00ed tropick\u00e9ho de\u0161tn\u00e9ho pralesa, kokosov\u00fdch o\u0159ech\u016f, k\u00e1vy a kakaa. Pozn\u00e1v\u00e1n\u00ed p\u016fvodn\u00ed historie n\u00e1rodn\u00edho parku Los Haitises.\r\n\r\n\r\n\r\n\r\n<strong>Vyberte si term\u00edn p\u011b\u0161\u00edho v\u00fdletu:<\/strong><\/span><\/pre>","protected":false},"featured_media":9933,"template":"","meta":[],"product_cat":[456,946,178,927,934,254,255],"product_tag":[422,268,174,173,577,576,571,570,569,317,316,206,209,575,441,574,572,499,175,498,200,187,573],"class_list":["post-9807","product","type-product","status-publish","has-post-thumbnail","hentry","product_cat-day-trips","product_cat-1-sabana-de-la-mar","product_cat-hiking","product_cat-hiking-los-haitises","product_cat-kayaking-los-haitises","product_cat-tours-excursions-los-haitises-national-park","product_cat-tours-excursions-samana-bay-dominican-republic","product_tag-cano-hondo-sabana-de-la-mar","product_tag-caves-los-haitises","product_tag-eco-tours","product_tag-excursion","product_tag-hike-kayak","product_tag-hike-kayak-los-haitises-national-park","product_tag-hiking-los-haitises","product_tag-hiking-sabana-de-la-mar","product_tag-hiking-samana","product_tag-kayak-tour","product_tag-kayaking","product_tag-kayaking-los-haitises","product_tag-los-haitises-national-park","product_tag-los-haitises-national-park-entrance-fee","product_tag-los-haitises-national-park-tour-from-las-terrenas","product_tag-los-haitises-national-park-tour-from-santo-domingo","product_tag-los-haitises-national-park-weather","product_tag-los-haitises-sabana-de-la-mar","product_tag-sabana-de-la-mar","product_tag-sabana-de-la-mar-tour","product_tag-samana-excursions","product_tag-samana-tours","product_tag-secrets-of-los-haitises"],"_links":{"self":[{"href":"https:\/\/www.boattoursamana.com\/cs\/wp-json\/wp\/v2\/product\/9807","targetHints":{"allow":["GET"]}}],"collection":[{"href":"https:\/\/www.boattoursamana.com\/cs\/wp-json\/wp\/v2\/product"}],"about":[{"href":"https:\/\/www.boattoursamana.com\/cs\/wp-json\/wp\/v2\/types\/product"}],"wp:featuredmedia":[{"embeddable":true,"href":"https:\/\/www.boattoursamana.com\/cs\/wp-json\/wp\/v2\/media\/9933"}],"wp:attachment":[{"href":"https:\/\/www.boattoursamana.com\/cs\/wp-json\/wp\/v2\/media?parent=9807"}],"wp:term":[{"taxonomy":"product_cat","embeddable":true,"href":"https:\/\/www.boattoursamana.com\/cs\/wp-json\/wp\/v2\/product_cat?post=9807"},{"taxonomy":"product_tag","embeddable":true,"href":"https:\/\/www.boattoursamana.com\/cs\/wp-json\/wp\/v2\/product_tag?post=9807"}],"curies":[{"name":"wp","href":"https:\/\/api.w.org\/{rel}","templated":true}]}}