{"id":9907,"date":"2020-03-29T08:08:03","date_gmt":"2020-03-29T08:08:03","guid":{"rendered":"https:\/\/www.ticketswhales.com\/Tours-Excursions\/uncategorized\/import-placeholder-for-9683\/"},"modified":"2023-11-10T14:52:27","modified_gmt":"2023-11-10T14:52:27","slug":"los-haitises-national-park-hiking-4-hours-sendero-del-bosque-humedo-moist-forest-trail-2","status":"publish","type":"product","link":"https:\/\/www.boattoursamana.com\/cs\/prohlidka\/pesi-turistika-v-narodnim-parku-los-haitises-4-hodiny-sendero-del-bosque-humedo-stezka-vlhkym-lesem-2","title":{"rendered":"2 hodiny p\u011b\u0161\u00ed turistika de\u0161tn\u00fd prales Los Haitises"},"content":{"rendered":"<div class=\"vc_row wpb_row vc_row-fluid\" ><div class=\"wpb_column vc_column_container vc_col-sm-12\"><div class=\"vc_column-inner\"><div class=\"wpb_wrapper\"><div class=\"vc_btn3-container vc_btn3-inline\" ><a class=\"vc_general vc_btn3 vc_btn3-size-md vc_btn3-shape-rounded vc_btn3-style-modern vc_btn3-color-green\" href=\"https:\/\/bookingadventures.tours\/booking.php?tour_id=581a5e49219398b3dbe5f78e8276be1e\" title=\"\" rel=\"noopener\">ZAREZERVOVAT HNED<\/a><\/div><div class=\"mkdf-section-title-holder\" style=\"text-align: left\">\n\t<div class=\"mkdf-st-inner\">\n\t\t\t\t\t<h5 class=\"mkdf-st-subtitle\" >\n\t\t\t\tP\u011b\u0161\u00ed turistika v de\u0161tn\u00e9m pralese.\t\t\t<\/h5>\n\t\t\t\t\t\t\t<h3 class=\"mkdf-st-title\" >\n\t\t\t\tN\u00e1rodn\u00ed park Los Haitises \u2013 p\u011b\u0161\u00ed 4 hodiny Sendero del Bosque Humedo (stezka vlhk\u00fdm lesem).\t\t\t<\/h3>\n\t\t\t\t\t\t\t<p class=\"mkdf-st-text\" >\n\t\t\t\tTato zku\u0161enost vy\u017eaduje minim\u00e1ln\u011b 4 \u00fa\u010dastn\u00edky. Pokud v\u00e1m nejsou 4, nev\u00e1hejte n\u00e1s kontaktovat!\t\t\t<\/p>\n\t\t\t<\/div>\n<\/div><\/div><\/div><\/div><\/div><div class=\"vc_row wpb_row vc_row-fluid\" ><\/div><div class=\"wpb_column vc_column_container vc_col-sm-12\"><div class=\"vc_column-inner\"><div class=\"wpb_wrapper\"><\/div><\/div><\/div><div class=\"vc_row wpb_row vc_row-fluid\" ><\/div><div class=\"wpb_column vc_column_container vc_col-sm-12\"><div class=\"vc_column-inner\"><div class=\"wpb_wrapper\"><\/div><\/div><\/div><div class=\"vc_empty_space\"   style=\"height: 32px\"><span class=\"vc_empty_space_inner\"><\/span><\/div><div class=\"vc_empty_space\"   style=\"height: 32px\"><span class=\"vc_empty_space_inner\"><\/span><\/div><div class=\"vc_row wpb_row vc_row-fluid\" ><div class=\"wpb_column vc_column_container vc_col-sm-12\"><div class=\"vc_column-inner\"><div class=\"wpb_wrapper\"><div class=\"vc_btn3-container vc_btn3-inline\" ><a class=\"vc_general vc_btn3 vc_btn3-size-md vc_btn3-shape-rounded vc_btn3-style-modern vc_btn3-color-green\" href=\"https:\/\/bookingadventures.tours\/booking.php?tour_id=581a5e49219398b3dbe5f78e8276be1e\" title=\"\" rel=\"noopener\">ZAREZERVOVAT HNED<\/a><\/div><\/div><\/div><\/div><\/div>","protected":false},"excerpt":{"rendered":"<p>4hodinov\u00e1 t\u00fara do n\u00e1rodn\u00edho parku Los Haitises s m\u00edstn\u00edm pr\u016fvodcem ze Sabana de la Mar. N\u00e1v\u0161t\u011bva oblast\u00ed tropick\u00e9ho de\u0161tn\u00e9ho pralesa, kokosov\u00fdch o\u0159ech\u016f, k\u00e1vy a kakaa. Pozn\u00e1v\u00e1n\u00ed p\u016fvodn\u00ed historie n\u00e1rodn\u00edho parku Los Haitises.<\/p>\n<p>&nbsp;<\/p>\n<p><strong>Vyberte si term\u00edn p\u011b\u0161\u00edho v\u00fdletu:<\/strong><\/p>","protected":false},"featured_media":12507,"template":"","meta":[],"product_cat":[178,946,927,254,255],"product_tag":[422,268,174,173,571,570,569,209,575,441,574,572,499,175,498,200,187,573],"class_list":["post-9907","product","type-product","status-publish","has-post-thumbnail","hentry","product_cat-hiking","product_cat-1-sabana-de-la-mar","product_cat-hiking-los-haitises","product_cat-tours-excursions-los-haitises-national-park","product_cat-tours-excursions-samana-bay-dominican-republic","product_tag-cano-hondo-sabana-de-la-mar","product_tag-caves-los-haitises","product_tag-eco-tours","product_tag-excursion","product_tag-hiking-los-haitises","product_tag-hiking-sabana-de-la-mar","product_tag-hiking-samana","product_tag-los-haitises-national-park","product_tag-los-haitises-national-park-entrance-fee","product_tag-los-haitises-national-park-tour-from-las-terrenas","product_tag-los-haitises-national-park-tour-from-santo-domingo","product_tag-los-haitises-national-park-weather","product_tag-los-haitises-sabana-de-la-mar","product_tag-sabana-de-la-mar","product_tag-sabana-de-la-mar-tour","product_tag-samana-excursions","product_tag-samana-tours","product_tag-secrets-of-los-haitises"],"_links":{"self":[{"href":"https:\/\/www.boattoursamana.com\/cs\/wp-json\/wp\/v2\/product\/9907","targetHints":{"allow":["GET"]}}],"collection":[{"href":"https:\/\/www.boattoursamana.com\/cs\/wp-json\/wp\/v2\/product"}],"about":[{"href":"https:\/\/www.boattoursamana.com\/cs\/wp-json\/wp\/v2\/types\/product"}],"wp:featuredmedia":[{"embeddable":true,"href":"https:\/\/www.boattoursamana.com\/cs\/wp-json\/wp\/v2\/media\/12507"}],"wp:attachment":[{"href":"https:\/\/www.boattoursamana.com\/cs\/wp-json\/wp\/v2\/media?parent=9907"}],"wp:term":[{"taxonomy":"product_cat","embeddable":true,"href":"https:\/\/www.boattoursamana.com\/cs\/wp-json\/wp\/v2\/product_cat?post=9907"},{"taxonomy":"product_tag","embeddable":true,"href":"https:\/\/www.boattoursamana.com\/cs\/wp-json\/wp\/v2\/product_tag?post=9907"}],"curies":[{"name":"wp","href":"https:\/\/api.w.org\/{rel}","templated":true}]}}