{"id":15753,"date":"2023-07-15T07:43:13","date_gmt":"2023-07-15T07:43:13","guid":{"rendered":"https:\/\/www.ticketswhales.com\/los-haitises-national-park-tour-from-punta-cana-montana-redonda-cano-hondo\/"},"modified":"2023-07-15T07:43:13","modified_gmt":"2023-07-15T07:43:13","slug":"los-haitises-national-park-tour-from-punta-cana-montana-redonda-cano-hondo","status":"publish","type":"page","link":"https:\/\/www.boattoursamana.com\/da\/los-haitises-nationalpark-tur-fra-punta-cana-montana-redonda-cano-hondo-2","title":{"rendered":"Los Haitises National Park Tour fra Punta Cana, Montana Redonda og Ca\u00f1o Hondo"},"content":{"rendered":"<p>Udflugt fra Punta Cana for at bes\u00f8ge Los Haitises National Park, Montana Redonda og Cano Hondo. Inkluderer frokost og transport til et bes\u00f8g i de 3 hovedhuler, en udforskning af 2 forskellige mangrove-\u00f8kosystemer, udsigter og sv\u00f8mmebassiner.<br \/>\nn<br \/>\nnHeldagstur til Los Haitises National Park med en lokal turguide. Bes\u00f8g Cays i Los Haitises National Park, Mangrover, Vegetation, Birding, Huler, Pictographs og de historiske omr\u00e5der af Sabana de la Mar i Los Haitises National Park. Fantastisk udsigt i Montana Redonda og frokost plus swimmingpools i Cano Hondo.<br \/>\nn<br \/>\nn&nbsp;<br \/>\nn<br \/>\nn<strong>V\u00e6lg datoen for turen:\u00a0<\/strong><\/p>\n<p>&nbsp;<\/p>\n<div class=\"vc_row wpb_row vc_row-fluid\" ><div class=\"wpb_column vc_column_container vc_col-sm-12\"><div class=\"vc_column-inner\"><div class=\"wpb_wrapper\"><div class=\"vc_btn3-container vc_btn3-inline\" ><a class=\"vc_general vc_btn3 vc_btn3-size-md vc_btn3-shape-rounded vc_btn3-style-modern vc_btn3-color-green\" href=\"https:\/\/bookingadventures.tours\/booking.php?tour_id=2d52ebf3635f3c30a26b2bdd1f47c0d8\" title=\"\" rel=\"noopener\">BOOK NU<\/a><\/div><div class=\"mkdf-section-title-holder\" style=\"text-align: left\">\n\t<div class=\"mkdf-st-inner\">\n\t\t\t\t\t<h5 class=\"mkdf-st-subtitle\" >\n\t\t\t\tTransport og frokost inkluderet\t\t\t<\/h5>\n\t\t\t\t\t\t\t<h3 class=\"mkdf-st-title\" >\n\t\t\t\tLos Haitises National Park Tour fra Punta Cana, Montana Redonda og Cano Hondo dagstur.\t\t\t<\/h3>\n\t\t\t\t\t<\/div>\n<\/div><\/div><\/div><\/div><\/div><div class=\"vc_row wpb_row vc_row-fluid\" ><div class=\"wpb_column vc_column_container vc_col-sm-12\"><div class=\"vc_column-inner\"><div class=\"wpb_wrapper\">\n\t<div class=\"wpb_text_column wpb_content_element\" >\n\t\t<div class=\"wpb_wrapper\">\n\t\t\t<p>\nn<\/p>\n<h3><\/h3>\n<p>n<\/p>\n<h4><b><i>Oversigt <\/i><\/b><\/h4>\n<p>nLos Haitises National Park Tour fra Punta Cana Dagstur. Start fra dit hotel i Punta Cana eller Bavaro. Vi k\u00f8rer med vores rejseleder til Montana Redonda. Hvor du har tid til at tage fantastiske billeder fra en af de mest imponerende udsigter i Den Dominikanske Republik. Efter dette f\u00f8rste stop forts\u00e6tter vi med at bes\u00f8ge Los Haitises National Park, nogle snacks og typiske drinks, mens vi g\u00e5r rundt i mangrover, grotter og ber\u00f8mte klippe\u00f8er som i Jurassic Park. Efter at have bes\u00f8gt Los Haitises National Park venter frokost p\u00e5 os i Ca\u00f1o Hondo. Var efter lokal og gastronomisk lokal frokost, skal du have tid til at sv\u00f8mme i det unikke Natural pools vand kommer fra Los Haitises National Park.<br \/>\nn<br \/>\nnEfter denne oplevelse vil du komme tilbage til Punta Cana Community, hvorfra vi henter dig.<br \/>\nn<\/p>\n<ul>\nn \t<\/p>\n<li style=\"font-weight: 400;\">Gebyrer inkluderet<\/li>\n<p>n \t<\/p>\n<li>Frokost<\/li>\n<p>n \t<\/p>\n<li>Snacks<\/li>\n<p>n \t<\/p>\n<li style=\"font-weight: 400;\">Lokal rejseguide p\u00e5 engelsk eller fransk<\/li>\n<p>n \t<\/p>\n<li>Transport<\/li>\n<p>n \t<\/p>\n<li>Sejltur<\/li>\n<p>n \t<\/p>\n<li>Montana Redonda<\/li>\n<p>n \t<\/p>\n<li>Ca\u00f1o Hondo<\/li>\n<p>n<\/ul>\n<p>n&nbsp;<br \/>\nn<\/p>\n<h4><b>Inklusioner &amp; Eksklusioner<\/b><\/h4>\n<p>n&nbsp;<br \/>\nn<br \/>\nn<b>Inklusioner<\/b><br \/>\nn<\/p>\n<ol>\nn \t<\/p>\n<li style=\"font-weight: 400;\">Los Haitises-tur + huler og piktogrammer<\/li>\n<p>n \t<\/p>\n<li>Montana Redonda<\/li>\n<p>n \t<\/p>\n<li>Ca\u00f1o Hondo<\/li>\n<p>n \t<\/p>\n<li>Frokost<\/li>\n<p>n \t<\/p>\n<li>Afhentning af hoteller i Punta Cana-omr\u00e5der.<\/li>\n<p>n \t<\/p>\n<li style=\"font-weight: 400;\"><span style=\"font-weight: 400;\">Alle skatter, gebyrer og ekspeditionsgebyrer<\/span><\/li>\n<p>n \t<\/p>\n<li style=\"font-weight: 400;\"><span style=\"font-weight: 400;\">Lokale skatter<\/span><\/li>\n<p>n \t<\/p>\n<li style=\"font-weight: 400;\"><span style=\"font-weight: 400;\">Drikkevarer<\/span><\/li>\n<p>n \t<\/p>\n<li>Snacks<\/li>\n<p>n \t<\/p>\n<li style=\"font-weight: 400;\"><span style=\"font-weight: 400;\">Alle aktiviteter<\/span><\/li>\n<p>n \t<\/p>\n<li style=\"font-weight: 400;\"><span style=\"font-weight: 400;\">Lokal guide<\/span><\/li>\n<p>n<\/ol>\n<p>n<b> Udelukkelser<\/b><br \/>\nn<\/p>\n<ol>\nn \t<\/p>\n<li style=\"font-weight: 400;\"><span style=\"font-weight: 400;\">Drikkepenge<\/span><\/li>\n<p>n \t<\/p>\n<li style=\"font-weight: 400;\"><span style=\"font-weight: 400;\">Alkoholiske drikkevarer<\/span><\/li>\n<p>n<\/ol>\n<p>n&nbsp;<br \/>\nn<\/p>\n<h4><em><strong>Afgang og hjemrejse<\/strong><\/em><\/h4>\n<p>n<span style=\"font-weight: 400;\">Den rejsende f\u00e5r et m\u00f8dested efter reservationsprocessen. Ture starter og slutter i dine m\u00f8desteder.<\/span><br \/>\nn<\/p>\n<h4><\/h4>\n<p>n<\/p>\n<h3>Los Haitises National Park Tour fra Punta Cana, Montana Redonda og Cano Hondo.<\/h3>\n<p>n<\/p>\n<h4><b><i>Hvad kan man forvente?<\/i><\/b><\/h4>\n<p>n<em><strong>F\u00e5 dine billetter<\/strong><\/em> for at bes\u00f8ge Los Haitises National Park Tour fra Punta Cana. Heldagstur. Starter fra Punta Cana, Den Dominikanske Republik. Tag transporten med vores lokale rejseguide til Bes\u00f8g Montana Redonda-udsigt, Los Haitises Nationalpark i Sabana de la Mar og frokosttid i Ca\u00f1o Hondo.<br \/>\nn<br \/>\nnTuren, arrangeret af &quot;Booking Adventures&quot; starter ved m\u00f8destedet, der er fastsat med rejselederen. Kom med Booking Adventures og begynd at se nogle fuglefyldte mangrover, b\u00f8lgende bakker med frodig vegetation og huler i <em><strong>Los Haitises Nationalpark<\/strong><\/em>. Bes\u00f8ger \u00f8en med fugle omkring. I redes\u00e6sonen kan vi endda se Pelecanos-ungerne p\u00e5 rederne. Kom mere inde p\u00e5 Rocky Islands og bes\u00f8g hulerne med piktogrammer og petrografier fra de oprindelige folk.<br \/>\nn<br \/>\nnGennem mangrover og land ved den \u00e5bne San Lorenzo-bugt, Sabana de la Mar, hvorfra du kan fotografere det barske skovlandskab. Se til vandet for at f\u00e5 \u00f8je p\u00e5 <em><strong>Manater<\/strong><\/em>, krebsdyr og <em><strong>delfiner.<\/strong><\/em><br \/>\nn<\/p>\n<div class=\"body-description secondary\">\nn<br \/>\nnNationalparkens navn kommer fra dens oprindelige indbyggere, Taino-indianerne. P\u00e5 deres sprog overs\u00e6ttes &quot;haitiser&quot; til h\u00f8jland eller bakker, en reference til kystlinjens stejle geologiske formationer med kalksten. G\u00e5 dybere ind i parken for at udforske huler s\u00e5som Cueva San Gabriel, <em><strong>Cueva de la Arena, <\/strong><\/em>og <strong><em>Cueva de la Linea.<\/em><\/strong><br \/>\nn<br \/>\nnDisse huler i reservatet blev brugt som ly af Taino-indianerne og senere til at skjule pirater. Se efter tegninger af indianere, der dekorerer nogle af v\u00e6ggene.<br \/>\nn<br \/>\nnOgs\u00e5 Montana Redonda (Round Mountain) i Miches, er et uforglemmeligt sted, der er omgivet af naturen i landskabet, nyd en panoramaudsigt, hvor refleksionen af lagunerne kombineres med solopgangen p\u00e5 stranden og solnedgangen med bjergenes gr\u00f8nne , ren luft og syngende fugle, fred og ro, der fylder os i vores \u00f8nske om at blive.<br \/>\nn<br \/>\nn<\/div>\n<p>Plus Ca\u00f1o Hondo Fantastisk kompleks i en bjergtop med en betagende udsigt til en bugt fuld af natur og Samana-bugten i bunden. Det er, som om du boede i et regnskovsparadis med en smuk stil og s\u00e5 afslappende og stille. Med adgang til pools, der kommer fra en naturlig flod fra Los Haitises National Park.<br \/>\nn<\/p>\n<div class=\"body-description secondary\">\nn<br \/>\nnDette sted er, hvor vi vil spise en typisk frokost. Hvis du er veganer, s\u00e5 har vi ogs\u00e5 mad til dig!<br \/>\nn<br \/>\nnEfter frokost kommer vi tilbage til Punta Cana!!<br \/>\nn<br \/>\nn<\/div>\n<p>nHvis du vil kunne lide denne rejse l\u00e6ngere eller kortere, skal du blot kontakte os.<br \/>\nn<br \/>\nn&nbsp;<br \/>\nn<\/p>\n<h4><em><strong>Hvad skal du medbringe?<\/strong><\/em><\/h4>\n<p>n<\/p>\n<ul>\nn \t<\/p>\n<li style=\"font-weight: 400;\"><span style=\"font-weight: 400;\">Kamera<\/span><\/li>\n<p>n \t<\/p>\n<li style=\"font-weight: 400;\"><span style=\"font-weight: 400;\">Afvisende knopper<\/span><\/li>\n<p>n \t<\/p>\n<li style=\"font-weight: 400;\"><span style=\"font-weight: 400;\">Solcreme<\/span><\/li>\n<p>n \t<\/p>\n<li style=\"font-weight: 400;\"><span style=\"font-weight: 400;\">Hat<\/span><\/li>\n<p>n \t<\/p>\n<li style=\"font-weight: 400;\"><span style=\"font-weight: 400;\">Komfortable bukser<\/span><\/li>\n<p>n \t<\/p>\n<li style=\"font-weight: 400;\"><span style=\"font-weight: 400;\">Vandresko til skov<\/span><\/li>\n<p>n \t<\/p>\n<li style=\"font-weight: 400;\"><span style=\"font-weight: 400;\">Sandaler til for\u00e5rets omr\u00e5der.<\/span><\/li>\n<p>n \t<\/p>\n<li style=\"font-weight: 400;\"><span style=\"font-weight: 400;\">Badet\u00f8j<\/span><\/li>\n<p>n<\/ul>\n<p>n&nbsp;<br \/>\nn<\/p>\n<h4><b><i>Hotel afhentning <\/i><\/b><\/h4>\n<p>n<span style=\"font-weight: 400;\">Hotel afhentning tilbydes til denne tur. V\u00e6lg hotelnavn og tid her. Hvis dit hotel ikke er p\u00e5 listen, bedes du kontakte os.<\/span><br \/>\nn<br \/>\nn&nbsp;<br \/>\nn<br \/>\nn<b>Bem\u00e6rk:<\/b><span style=\"font-weight: 400;\"> Hvis du bestiller inden for 24 timer efter turens\/udflugtens afgangstidspunkt, kan vi arrangere hotelafhentning. N\u00e5r dit k\u00f8b er gennemf\u00f8rt, sender vi dig fuldst\u00e6ndige kontaktoplysninger (telefonnummer, e-mailadresse osv.), s\u00e5 vores lokale rejseguide kan organisere afhentningsarrangementer.<\/span><br \/>\nn<\/p>\n<h4><b><i>Yderligere info bekr\u00e6ftelse <\/i><\/b><\/h4>\n<p>n<\/p>\n<ol>\nn \t<\/p>\n<li>Billetter er kvitteringen efter betaling af denne tur. Du kan vise betalingen p\u00e5 din telefon.<\/li>\n<p>n \t<\/p>\n<li style=\"font-weight: 400;\"><span style=\"font-weight: 400;\">M\u00f8depunkt modtages efter reservationsprocessen.<\/span><\/li>\n<p>n \t<\/p>\n<li style=\"font-weight: 400;\"><span style=\"font-weight: 400;\">B\u00f8rn skal ledsages af en voksen.<\/span><\/li>\n<p>n \t<\/p>\n<li style=\"font-weight: 400;\"><span style=\"font-weight: 400;\"> Ikke tilg\u00e6ngelig for k\u00f8restolsbrugere <\/span><\/li>\n<p>n \t<\/p>\n<li style=\"font-weight: 400;\"><span style=\"font-weight: 400;\">Sp\u00e6db\u00f8rn skal sidde p\u00e5 sk\u00f8det <\/span><\/li>\n<p>n \t<\/p>\n<li style=\"font-weight: 400;\"><span style=\"font-weight: 400;\">Anbefales ikke til rejsende med rygproblemer<\/span><\/li>\n<p>n \t<\/p>\n<li style=\"font-weight: 400;\"><span style=\"font-weight: 400;\">Anbefales ikke til gravide rejsende <\/span><\/li>\n<p>n \t<\/p>\n<li style=\"font-weight: 400;\"><span style=\"font-weight: 400;\"> Ingen hjerteproblemer eller andre alvorlige medicinske tilstande <\/span><\/li>\n<p>n \t<\/p>\n<li style=\"font-weight: 400;\"><span style=\"font-weight: 400;\">De fleste rejsende kan deltage<\/span><\/li>\n<p>n<\/ol>\n<p>n<\/p>\n<h4><b><i>Afbestillingspolitik<\/i><\/b><\/h4>\n<p>nFor fuld refundering, l\u00e6s venligst vores afbestillingsregler.\u00a0<a href=\"https:\/\/www.boattoursamana.com\/da\/online-booking\/\" target=\"_blank\" rel=\"noopener\" data-saferedirecturl=\"https:\/\/www.google.com\/url?q=https:\/\/www.boattoursamana.com\/online-booking\/&amp;source=gmail&amp;ust=1672529771100000&amp;usg=AOvVaw2NIGJBZ0qjB5RhPUl5Obc7\">Klik her<\/a>. Penge vil g\u00e5 tabt, hvis reservationen annulleres samme dag p\u00e5 rejsen.<\/p>\n\n\t\t<\/div>\n\t<\/div>\n<\/div><\/div><\/div><\/div><div class=\"vc_row wpb_row vc_row-fluid\" ><div class=\"wpb_column vc_column_container vc_col-sm-12\"><div class=\"vc_column-inner\"><div class=\"wpb_wrapper\"><div class=\"vc_btn3-container vc_btn3-inline\" ><a class=\"vc_general vc_btn3 vc_btn3-size-md vc_btn3-shape-rounded vc_btn3-style-modern vc_btn3-color-green\" href=\"https:\/\/bookingadventures.tours\/booking.php?tour_id=2d52ebf3635f3c30a26b2bdd1f47c0d8\" title=\"\" rel=\"noopener\">BOOK NU<\/a><\/div><div class=\"vc_empty_space\"   style=\"height: 32px\"><span class=\"vc_empty_space_inner\"><\/span><\/div>\n\t<div class=\"wpb_video_widget wpb_content_element vc_clearfix   vc_video-aspect-ratio-169 vc_video-el-width-100 vc_video-align-left\" >\n\t\t<div class=\"wpb_wrapper\">\n\t\t\t<h2 class=\"wpb_heading wpb_video_heading\">Los Haitises National Park Video:<\/h2>\n\t\t\t<div class=\"wpb_video_wrapper\"><iframe loading=\"lazy\" title=\"Los Haitises Nationalpark, ture og udflugter fra Samana eller Sabana de la Mar. Book her:\" src=\"https:\/\/player.vimeo.com\/video\/346508015?dnt=1&amp;app_id=122963\" width=\"1100\" height=\"619\" frameborder=\"0\" allow=\"autoplay; fullscreen; picture-in-picture\" allowfullscreen><\/iframe><\/div>\n\t\t<\/div>\n\t<\/div>\n<div class=\"vc_empty_space\"   style=\"height: 32px\"><span class=\"vc_empty_space_inner\"><\/span><\/div><\/div><\/div><\/div><\/div><div class=\"vc_row wpb_row vc_row-fluid\" ><div class=\"wpb_column vc_column_container vc_col-sm-12\"><div class=\"vc_column-inner\"><div class=\"wpb_wrapper\"><div class=\"vc_empty_space\"   style=\"height: 32px\"><span class=\"vc_empty_space_inner\"><\/span><\/div>\n\t<div class=\"wpb_text_column wpb_content_element\" >\n\t\t<div class=\"wpb_wrapper\">\n\t\t\t<p>\nn<\/p>\n<h4>Kontakt os?<\/h4>\n<p>n<\/p>\n<h5><em><strong>Booking Adventures<\/strong><\/em><\/h5>\n<p>n<em><strong>Lokalbefolkningen<\/strong>\u00a0og\u00a0<strong>Nationale<\/strong>\u00a0Turguider og g\u00e6steservice<\/em><br \/>\nn<br \/>\nn<span class=\"text-turquoise\">Reservationer:<\/span>\u00a0Ture og udflugter i Dom. Rep.<br \/>\nn<br \/>\nn<img decoding=\"async\" class=\"emoji\" draggable=\"false\" src=\"https:\/\/s.w.org\/images\/core\/emoji\/11.2.0\/svg\/1f4de.svg\" alt=\" \" title=\"\">\u00a0Tlf\/Whatsapp\u00a0\u00a0<a href=\"tel:+1-809-720-6035\">+1-809-720-6035<\/a>.<br \/>\nn<br \/>\nn<img decoding=\"async\" class=\"emoji\" draggable=\"false\" src=\"https:\/\/s.w.org\/images\/core\/emoji\/11.2.0\/svg\/1f4e9.svg\" alt=\" \" title=\"\">\u00a0<a href=\"mailto:info@bookingadventures.com.do\">info@bookingadventures.com.do<\/a><br \/>\nn<br \/>\nn<strong>Vi er fleksibel indstilling af private ture af Whatsapp:\u00a0<a href=\"tel:+18097206035\">+18097206035.<\/a><\/strong><\/p>\n\n\t\t<\/div>\n\t<\/div>\n<div class=\"vc_empty_space\"   style=\"height: 32px\"><span class=\"vc_empty_space_inner\"><\/span><\/div><\/div><\/div><\/div><\/div><div class=\"vc_row wpb_row vc_row-fluid\" ><div class=\"wpb_column vc_column_container vc_col-sm-12\"><div class=\"vc_column-inner\"><div class=\"wpb_wrapper\"><\/div><\/div><\/div><\/div><div class=\"vc_row wpb_row vc_row-fluid\" ><div class=\"wpb_column vc_column_container vc_col-sm-12\"><div class=\"vc_column-inner\"><div class=\"wpb_wrapper\"><div class=\"vc_btn3-container vc_btn3-inline\" ><a class=\"vc_general vc_btn3 vc_btn3-size-md vc_btn3-shape-rounded vc_btn3-style-modern vc_btn3-color-green\" href=\"https:\/\/bookingadventures.tours\/booking.php?tour_id=2d52ebf3635f3c30a26b2bdd1f47c0d8\" title=\"\" rel=\"noopener\">BOOK NU<\/a><\/div><\/div><\/div><\/div><\/div>","protected":false},"excerpt":{"rendered":"<p>Excursion from Punta Cana to visit Los Haitises National Park, Montana Redonda &amp; Cano Hondo. Includes Lunch and Transportation for a visit to the 3 main caves, an exploration of 2 different mangroves ecosystems, views, and Simming Pools. n nFull Day Trip to Los Haitises National Park with a Local Tour guide. Visiting the Cays in Los Haitises National Park, Mangroves, Vegetation, Birding, Caves, Pictographs and the historical areas of Sabana de la Mar in Los Haitises National Park. Amazing [&hellip;]<\/p>\n","protected":false},"author":2,"featured_media":0,"parent":0,"menu_order":0,"comment_status":"open","ping_status":"closed","template":"","meta":{"footnotes":""},"class_list":["post-15753","page","type-page","status-publish","hentry"],"_links":{"self":[{"href":"https:\/\/www.boattoursamana.com\/da\/wp-json\/wp\/v2\/pages\/15753","targetHints":{"allow":["GET"]}}],"collection":[{"href":"https:\/\/www.boattoursamana.com\/da\/wp-json\/wp\/v2\/pages"}],"about":[{"href":"https:\/\/www.boattoursamana.com\/da\/wp-json\/wp\/v2\/types\/page"}],"author":[{"embeddable":true,"href":"https:\/\/www.boattoursamana.com\/da\/wp-json\/wp\/v2\/users\/2"}],"replies":[{"embeddable":true,"href":"https:\/\/www.boattoursamana.com\/da\/wp-json\/wp\/v2\/comments?post=15753"}],"version-history":[{"count":0,"href":"https:\/\/www.boattoursamana.com\/da\/wp-json\/wp\/v2\/pages\/15753\/revisions"}],"wp:attachment":[{"href":"https:\/\/www.boattoursamana.com\/da\/wp-json\/wp\/v2\/media?parent=15753"}],"curies":[{"name":"wp","href":"https:\/\/api.w.org\/{rel}","templated":true}]}}