{"id":15767,"date":"2023-07-15T07:43:13","date_gmt":"2023-07-15T07:43:13","guid":{"rendered":"https:\/\/www.ticketswhales.com\/media-luna-miches-half-moon-natural-pool-half-day-pass-and-snorkeling\/"},"modified":"2023-07-15T07:43:13","modified_gmt":"2023-07-15T07:43:13","slug":"media-luna-miches-half-moon-natural-pool-half-day-pass-and-snorkeling","status":"publish","type":"page","link":"https:\/\/www.boattoursamana.com\/da\/media-luna-miches-halvmane-naturlig-pool-halvdag-pas-og-snorkling-2","title":{"rendered":"Medier Luna Miches (halvm\u00e5ne) Naturlig pool halvdagskort og snorkling"},"content":{"rendered":"<p><span style=\"vertical-align: inherit;\"><span style=\"vertical-align: inherit;\">Media Luna Miches (Media Luna) Pase de medio d\u00eda y snorkel en la piscina natural. <\/span><span style=\"vertical-align: inherit;\">Visitar la bah\u00eda de Saman\u00e1 desde Miches con lugare\u00f1os y nadar en el medio de la bah\u00eda de Saman\u00e1. <\/span><span style=\"vertical-align: inherit;\">Peque\u00f1as arealer de arrecifes de coral for explorar y hacer snorkel. <\/span><span style=\"vertical-align: inherit;\">Media Luna es una Nueva Atracci\u00f3n en Rep\u00fablica Dominicana.<\/span><\/span><br \/>\nn<br \/>\nn<em><strong><span style=\"vertical-align: inherit;\"><span style=\"vertical-align: inherit;\">Udv\u00e6lgelse la fecha del Tour:<\/span><\/span><\/strong><\/em><\/p>\n<p>&nbsp;<\/p>\n<div class=\"vc_row wpb_row vc_row-fluid\" ><div class=\"wpb_column vc_column_container vc_col-sm-12\"><div class=\"vc_column-inner\"><div class=\"wpb_wrapper\"><div class=\"mkdf-section-title-holder\" style=\"text-align: left\">\n\t<div class=\"mkdf-st-inner\">\n\t\t\t\t\t<h5 class=\"mkdf-st-subtitle\" >\n\t\t\t\tHalvdagskort og snorkling og sv\u00f8mning ved den naturlige pool\t\t\t<\/h5>\n\t\t\t\t\t\t\t<h3 class=\"mkdf-st-title\" >\n\t\t\t\tMedier Luna Miches (Halvm\u00e5ne)\t\t\t<\/h3>\n\t\t\t\t\t<\/div>\n<\/div><\/div><\/div><\/div><\/div><div class=\"vc_row wpb_row vc_row-fluid\" ><div class=\"wpb_column vc_column_container vc_col-sm-12\"><div class=\"vc_column-inner\"><div class=\"wpb_wrapper\"><div class=\"vc_empty_space\"   style=\"height: 32px\"><span class=\"vc_empty_space_inner\"><\/span><\/div><\/div><\/div><\/div><\/div><div class=\"vc_row wpb_row vc_row-fluid\" ><div class=\"wpb_column vc_column_container vc_col-sm-12\"><div class=\"vc_column-inner\"><div class=\"wpb_wrapper\"><div class=\"vc_btn3-container vc_btn3-inline\" ><button class=\"vc_general vc_btn3 vc_btn3-size-md vc_btn3-shape-rounded vc_btn3-style-modern vc_btn3-color-green\">BOOK NU<\/button><\/div>\n\t<div class=\"wpb_text_column wpb_content_element\" >\n\t\t<div class=\"wpb_wrapper\">\n\t\t\t<p>\nn<\/p>\n<h4><b><i>Oversigt <\/i><\/b><\/h4>\n<p>n<span style=\"font-weight: 400;\">Hvis du er her eller planl\u00e6gger at komme til Den Dominikanske Republik, b\u00f8r du ikke g\u00e5 glip af at bes\u00f8ge dette fantastiske sted &#039;&#039;Half Moon&#039;&#039; (Media Luna) med frokost inkluderet, dette er en dyrebar naturlig pool inde i havet dekoreret af dets rev. , koraller og hvidt sand. <\/span><br \/>\nn<br \/>\nn<span style=\"font-weight: 400;\">Dette er stedet, hvor vi kan nyde at sv\u00f8mme, se og tage undervandsbilleder. Det er tilladt at tage billeder til eller med havets stjerner i deres naturlige habitat.<\/span><br \/>\nn<br \/>\nn&nbsp;<br \/>\nn<\/p>\n<ul>\nn \t<\/p>\n<li>B\u00e5dtransfer til Media Luna<\/li>\n<p>n \t<\/p>\n<li style=\"font-weight: 400;\"><span style=\"font-weight: 400;\">Kaptajnen s\u00f8rger for instruktion og supervision<\/span><\/li>\n<p>n<\/ul>\n<p>n&nbsp;<br \/>\nn<\/p>\n<h4><b>Inklusioner &amp; Eksklusioner<\/b><\/h4>\n<p>n&nbsp;<br \/>\nn<br \/>\nn<b>Inklusioner<\/b><br \/>\nn<\/p>\n<ol>\nn \t<\/p>\n<li style=\"font-weight: 400;\"><span style=\"font-weight: 400;\">Alle skatter, gebyrer og ekspeditionsgebyrer<\/span><\/li>\n<p>n \t<\/p>\n<li style=\"font-weight: 400;\"><span style=\"font-weight: 400;\">Lokale skatter<\/span><\/li>\n<p>n \t<\/p>\n<li style=\"font-weight: 400;\"><span style=\"font-weight: 400;\">Drikkevarer<\/span><\/li>\n<p>n<\/ol>\n<p>n<b> Udelukkelser<\/b><br \/>\nn<\/p>\n<ol>\nn \t<\/p>\n<li style=\"font-weight: 400;\"><span style=\"font-weight: 400;\">Drikkepenge<\/span><\/li>\n<p>n \t<\/p>\n<li style=\"font-weight: 400;\"><span style=\"font-weight: 400;\">Transfer bil<\/span><\/li>\n<p>n \t<\/p>\n<li>Frokost<\/li>\n<p>n \t<\/p>\n<li style=\"font-weight: 400;\"><span style=\"font-weight: 400;\">Alkoholiske drikkevarer<\/span><\/li>\n<p>n \t<\/p>\n<li>Lokal guide<\/li>\n<p>n<\/ol>\n<p>n&nbsp;<br \/>\nn<\/p>\n<h4><em><strong>Afgang og hjemrejse<\/strong><\/em><\/h4>\n<p>n<span style=\"font-weight: 400;\">Den rejsende f\u00e5r et m\u00f8dested efter reservationsprocessen. Ture starter og slutter i vores m\u00f8desteder.<\/span><br \/>\nn<br \/>\nn&nbsp;<br \/>\nn<\/p>\n<h3>Medier Luna Miches (halvm\u00e5ne) Naturlig pool halvdagskort og snorkling<\/h3>\n<p>n<\/p>\n<h4><b><i>Hvad kan man forvente?<\/i><\/b><\/h4>\n<p>n&nbsp;<br \/>\nn<br \/>\nGem dine billetter til at komme med os og bes\u00f8ge Half Moon og nyde en typisk frokost i Miches-samfundet. Denne udflugt afg\u00e5r fra Miches, s\u00e5 vi kan komme til anl\u00f8bsbroen mod vest, hvorfra vi g\u00e5r om bord p\u00e5 moderne katamaraner og speedb\u00e5de, som har en autoriseret transportlicens til at sejle i turistomr\u00e5det. For at komme til hovedgraven skal man g\u00e5 gennem en labyrint af vand, omgivet af sandbanker.<br \/>\nn<br \/>\nnIngen kan undslippe efter at have l\u00e6rt denne vandressource med turistattraktion i Miches at kende, da dette er det eneste sted i omr\u00e5det, hvor turister og ferieg\u00e6ster kan nyde og st\u00f8de p\u00e5 stjerner og fisk af betydelig st\u00f8rrelse. Det er et sted, hvor vandstanden afh\u00e6nger af tidevandshorisonten eller havstr\u00f8mmene, som bliver dybere, n\u00e5r det er h\u00f8jvande, og n\u00e5r det er lavvande, mindskes str\u00f8mmen i poolen. At stedet er skjult og har adgang fra havet, g\u00f8r det til et magisk og jomfrueligt sted, som de, der bes\u00f8ger det, ikke har lyst til at forlade. Her er ingen tr\u00e6er til at beskytte mod solen, men vandet er koldt p\u00e5 grund af de vuggende eller gyngende passatvinde i omr\u00e5det. Det kan opsummeres, at det er en naturlig lagune i Atlanterhavet, som skylder sit navn til det, der set ovenfra ligner en halvm\u00e5ne.<br \/>\nn<br \/>\nnDe lokale kalder den ogs\u00e5 Cayo de la Media Luna, som er dannet af koralrev og hvidt sand med krystalklart vand, der brydes overalt af naturlige b\u00f8lger, som beroliger vandet. N\u00e5r tidevandet er stabilt, er dybden ikke over en meter, s\u00e5 b\u00e5de b\u00f8rn og voksne kan nyde dette himmelske sted med saltvand.<br \/>\nn<br \/>\nn<strong>Tidsplan:<\/strong><br \/>\nn<br \/>\nn8:45 AM - 1:30 PM<br \/>\nn<br \/>\nn&nbsp;<br \/>\nn<\/p>\n<h4><em><strong>Hvad skal du medbringe?<\/strong><\/em><\/h4>\n<p>n<\/p>\n<ul>\nn \t<\/p>\n<li style=\"font-weight: 400;\"><span style=\"font-weight: 400;\">Kamera<\/span><\/li>\n<p>n \t<\/p>\n<li style=\"font-weight: 400;\"><span style=\"font-weight: 400;\">Afvisende knopper<\/span><\/li>\n<p>n \t<\/p>\n<li style=\"font-weight: 400;\"><span style=\"font-weight: 400;\">solcreme<\/span><\/li>\n<p>n \t<\/p>\n<li style=\"font-weight: 400;\"><span style=\"font-weight: 400;\">Hat<\/span><\/li>\n<p>n \t<\/p>\n<li style=\"font-weight: 400;\"><span style=\"font-weight: 400;\">Komfortable bukser<\/span><\/li>\n<p>n \t<\/p>\n<li style=\"font-weight: 400;\"><span style=\"font-weight: 400;\">Vandresko til skov<\/span><\/li>\n<p>n \t<\/p>\n<li style=\"font-weight: 400;\"><span style=\"font-weight: 400;\">Sandaler til stranden<\/span><\/li>\n<p>n \t<\/p>\n<li style=\"font-weight: 400;\"><span style=\"font-weight: 400;\">Badet\u00f8j<\/span><\/li>\n<p>n \t<\/p>\n<li>Kontanter til souvenirs<\/li>\n<p>n<\/ul>\n<p>n&nbsp;<br \/>\nn<\/p>\n<h4><b><i>Hotel afhentning <\/i><\/b><\/h4>\n<p>n<span style=\"font-weight: 400;\">Hotel afhentning tilbydes ikke til denne tur. <\/span><br \/>\nn<br \/>\nn&nbsp;<br \/>\nn<br \/>\nn<b>Bem\u00e6rk:<\/b><span style=\"font-weight: 400;\"> hvis du bestiller inden for 24 timer efter turens\/udflugtens afgangstidspunkt, kan vi arrangere hotelafhentning med ekstra gebyrer. N\u00e5r dit k\u00f8b er gennemf\u00f8rt, sender vi dig fuldst\u00e6ndige kontaktoplysninger (telefonnummer, e-mail-adresse osv.), s\u00e5 vores lokale rejseguide kan organisere afhentningsarrangementer.<\/span><br \/>\nn<\/p>\n<h4><b><i>Yderligere info bekr\u00e6ftelse <\/i><\/b><\/h4>\n<p>n<\/p>\n<ol>\nn \t<\/p>\n<li>Billetter er kvitteringen efter betaling af denne tur. Du kan vise betalingen p\u00e5 din telefon.<\/li>\n<p>n \t<\/p>\n<li style=\"font-weight: 400;\"><span style=\"font-weight: 400;\">M\u00f8depunkt modtages efter reservationsprocessen.<\/span><\/li>\n<p>n \t<\/p>\n<li style=\"font-weight: 400;\"><span style=\"font-weight: 400;\">B\u00f8rn skal ledsages af en voksen.<\/span><\/li>\n<p>n \t<\/p>\n<li style=\"font-weight: 400;\"><span style=\"font-weight: 400;\">K\u00f8restolsvenligt <\/span><\/li>\n<p>n \t<\/p>\n<li style=\"font-weight: 400;\"><span style=\"font-weight: 400;\">Sp\u00e6db\u00f8rn skal sidde p\u00e5 sk\u00f8det <\/span><\/li>\n<p>n \t<\/p>\n<li style=\"font-weight: 400;\"><span style=\"font-weight: 400;\">De fleste rejsende kan deltage<\/span><\/li>\n<p>n<\/ol>\n<p>n<\/p>\n<h4><b><i>Afbestillingspolitik<\/i><\/b><\/h4>\n<p>nFor fuld refundering, l\u00e6s venligst vores afbestillingsregler.\u00a0<a href=\"https:\/\/www.boattoursamana.com\/da\/online-booking\/\" target=\"_blank\" rel=\"noopener\" data-saferedirecturl=\"https:\/\/www.google.com\/url?q=https:\/\/www.boattoursamana.com\/online-booking\/&amp;source=gmail&amp;ust=1672532492004000&amp;usg=AOvVaw3ylqI1cdbIPTimEqEWneyd\">Klik her<\/a>. Penge vil g\u00e5 tabt, hvis reservationen annulleres samme dag p\u00e5 rejsen.<\/p>\n\n\t\t<\/div>\n\t<\/div>\n<\/div><\/div><\/div><\/div><div class=\"vc_row wpb_row vc_row-fluid\" ><\/div><div class=\"wpb_column vc_column_container vc_col-sm-12\"><div class=\"vc_column-inner\"><div class=\"wpb_wrapper\"><\/div><\/div><\/div><div class=\"vc_empty_space\"   style=\"height: 32px\"><span class=\"vc_empty_space_inner\"><\/span><\/div><div class=\"vc_empty_space\"   style=\"height: 32px\"><span class=\"vc_empty_space_inner\"><\/span><\/div><div class=\"vc_row wpb_row vc_row-fluid\" ><\/div><div class=\"wpb_column vc_column_container vc_col-sm-12\"><div class=\"vc_column-inner\"><div class=\"wpb_wrapper\"><\/div><\/div><\/div><div class=\"vc_row wpb_row vc_row-fluid\" ><div class=\"wpb_column vc_column_container vc_col-sm-12\"><div class=\"vc_column-inner\"><div class=\"wpb_wrapper\"><div class=\"vc_btn3-container vc_btn3-inline\" ><button class=\"vc_general vc_btn3 vc_btn3-size-md vc_btn3-shape-rounded vc_btn3-style-modern vc_btn3-color-green\">BOOK NU<\/button><\/div><\/div><\/div><\/div><\/div>","protected":false},"excerpt":{"rendered":"<p>Media Luna Miches (Media Luna) Pase de medio d\u00eda y snorkel en la piscina natural. Visitar la bah\u00eda de Saman\u00e1 desde Miches con lugare\u00f1os y nadar en el medio de la bah\u00eda de Saman\u00e1. Peque\u00f1as \u00e1reas de arrecifes de coral para explorar y hacer snorkel. Media Luna es una Nueva Atracci\u00f3n en Rep\u00fablica Dominicana. n nSeleccione la fecha del Tour: &nbsp;<\/p>","protected":false},"author":2,"featured_media":0,"parent":0,"menu_order":0,"comment_status":"open","ping_status":"closed","template":"","meta":{"footnotes":""},"class_list":["post-15767","page","type-page","status-publish","hentry"],"_links":{"self":[{"href":"https:\/\/www.boattoursamana.com\/da\/wp-json\/wp\/v2\/pages\/15767","targetHints":{"allow":["GET"]}}],"collection":[{"href":"https:\/\/www.boattoursamana.com\/da\/wp-json\/wp\/v2\/pages"}],"about":[{"href":"https:\/\/www.boattoursamana.com\/da\/wp-json\/wp\/v2\/types\/page"}],"author":[{"embeddable":true,"href":"https:\/\/www.boattoursamana.com\/da\/wp-json\/wp\/v2\/users\/2"}],"replies":[{"embeddable":true,"href":"https:\/\/www.boattoursamana.com\/da\/wp-json\/wp\/v2\/comments?post=15767"}],"version-history":[{"count":0,"href":"https:\/\/www.boattoursamana.com\/da\/wp-json\/wp\/v2\/pages\/15767\/revisions"}],"wp:attachment":[{"href":"https:\/\/www.boattoursamana.com\/da\/wp-json\/wp\/v2\/media?parent=15767"}],"curies":[{"name":"wp","href":"https:\/\/api.w.org\/{rel}","templated":true}]}}