{"id":15772,"date":"2023-07-15T07:43:40","date_gmt":"2023-07-15T07:43:40","guid":{"rendered":"https:\/\/www.ticketswhales.com\/catalina-island-altos-de-chavon-from-punta-cana-snorkeling-with-catamaran-party\/"},"modified":"2023-07-15T07:43:40","modified_gmt":"2023-07-15T07:43:40","slug":"catalina-island-altos-de-chavon-from-punta-cana-snorkeling-with-catamaran-party","status":"publish","type":"page","link":"https:\/\/www.boattoursamana.com\/da\/catalina-island-altos-de-chavon-fra-punta-cana-snorkling-med-katamaran-fest-2","title":{"rendered":"Catalina Island og Altos de Chavon fra Punta Cana (snorkling med katamaranfest)"},"content":{"rendered":"<p>Den lille Catalina Island (Isla Catalina), kun 2,4 kilometer fra Den Dominikanske Republiks fastland, er en idyllisk sandpletter i det turkise caribiske vand. Catalina, der er kendt for sine velbefolkede koralrev, er et fredeligt pusterum for dem, der \u00f8nsker at undslippe travle Punta Cana og La Romana.<br \/>\nn<br \/>\nnBook a day trip with us. Catalina Island in a Party Catamaran with Snorkeling!<br \/>\nn<br \/>\nn&nbsp;<br \/>\nn<br \/>\nnPlease Select the date for The Excursion:<\/p>\n<p>&nbsp;<\/p>\n<div class=\"vc_row wpb_row vc_row-fluid\" ><div class=\"wpb_column vc_column_container vc_col-sm-12\"><div class=\"vc_column-inner\"><div class=\"wpb_wrapper\"><div class=\"mkdf-section-title-holder\" style=\"text-align: left\">\n\t<div class=\"mkdf-st-inner\">\n\t\t\t\t\t<h5 class=\"mkdf-st-subtitle\" >\n\t\t\t\tHalvdags oplevelse\t\t\t<\/h5>\n\t\t\t\t\t\t\t<h3 class=\"mkdf-st-title\" >\n\t\t\t\tCatalina Island og snorkling med katamaranfest fra Punta Cana\t\t\t<\/h3>\n\t\t\t\t\t<\/div>\n<\/div><div class=\"vc_btn3-container vc_btn3-inline\" ><button class=\"vc_general vc_btn3 vc_btn3-size-md vc_btn3-shape-rounded vc_btn3-style-modern vc_btn3-color-green\">BOOK NU<\/button><\/div><\/div><\/div><\/div><\/div><div class=\"vc_row wpb_row vc_row-fluid\" ><div class=\"wpb_column vc_column_container vc_col-sm-12\"><div class=\"vc_column-inner\"><div class=\"wpb_wrapper\">\n\t<div class=\"wpb_text_column wpb_content_element\" >\n\t\t<div class=\"wpb_wrapper\">\n\t\t\t<p>\nn<\/p>\n<div class=\"vc_row wpb_row vc_row-fluid\">\nn<\/p>\n<div class=\"wpb_column vc_column_container vc_col-sm-12\">\nn<\/p>\n<div class=\"vc_column-inner\">\nn<\/p>\n<div class=\"wpb_wrapper\">\nn<\/p>\n<div class=\"wpb_text_column wpb_content_element\">\nn<\/p>\n<div class=\"wpb_wrapper\">\nn<\/p>\n<div class=\"vc_row wpb_row vc_row-fluid\">\nn<\/p>\n<div class=\"wpb_column vc_column_container vc_col-sm-12\">\nn<\/p>\n<div class=\"vc_column-inner\">\nn<\/p>\n<div class=\"wpb_wrapper\">\nn<\/p>\n<div class=\"wpb_text_column wpb_content_element\">\nn<\/p>\n<div class=\"wpb_wrapper\">\nn<\/p>\n<h4><b><i>Oversigt<\/i><\/b><\/h4>\n<p>nWe enjoy a catamaran tour across crystal clear waters to Catalina Island, the best-known area for snorkeling in the Dominican Republic.<br \/>\nn<br \/>\nDin dag begynder med en afhentning i hotellets hovedlobby eller et specificeret m\u00f8dested. Derefter forts\u00e6tter vi til Catalina Island for at nyde et forfriskende bad og nogle drinks, mens den, der kan udf\u00f8re 2 typer snorkel med en instrukt\u00f8r, og efter spiser vi en l\u00e6kker frokostbuffet p\u00e5 stranden, og vi tager nogle klasser i salsa og Bachata, mens vi ogs\u00e5 laver nogle l\u00e6kre drinks. N\u00e5r du er tr\u00e6t af at v\u00e6re doven p\u00e5 stranden, kan du snuppe noget snorkeludstyr og beundre Catalinas undervandsverden.<br \/>\nn<br \/>\nHavet, s\u00e5 utroligt klart, og strandens hvide sand venter p\u00e5 dig. Slap af p\u00e5 en solseng eller snorkling alt inkluderet for dig. Du vil nyde, hvor du vil se traditionen med vores musik og dans.<br \/>\nn<br \/>\nnAfter this we go to Altos de Chavon Cattle and River!<br \/>\nn<br \/>\nn<strong>Bem\u00e6rk:<\/strong> Denne tur er ikke privat. Hvis du vil have en privat tur, skal du blot kontakte os!<br \/>\nn<\/p>\n<ul>\nn \t<\/p>\n<li>\nn<\/p>\n<div class=\"py-1 inclusions-exclusions-item d-flex\" lang=\"en-x-mtfrom-en\">\nn<\/p>\n<div class=\"d-inline-block inclusions-exclusions-text\">Privat transport<\/div>\n<p>n\n<\/p><\/div>\n<\/li>\n<p>n \t<\/p>\n<li>Naturlig swimmingpool til at se StarFish<\/li>\n<p>n \t<\/p>\n<li>Snorkling<\/li>\n<p>n \t<\/p>\n<li>Frokost<\/li>\n<p>n \t<\/p>\n<li>B\u00e5dkatamaranoverf\u00f8rsel<\/li>\n<p>n \t<\/p>\n<li>Kaptajnen s\u00f8rger for instruktion og supervision<\/li>\n<p>n \t<\/p>\n<li>Tur guide<\/li>\n<p>n<\/ul>\n<p>n&nbsp;<br \/>\nn<\/p>\n<h4><b>Inklusioner &amp; Eksklusioner<\/b><\/h4>\n<p>n<b>Inklusioner<\/b><br \/>\nn<\/p>\n<ol>\nn \t<\/p>\n<li>Tur guide<\/li>\n<p>n \t<\/p>\n<li>snorkling<\/li>\n<p>n \t<\/p>\n<li>Frokost<\/li>\n<p>n \t<\/p>\n<li>Afhentning p\u00e5 hoteller<\/li>\n<p>n \t<\/p>\n<li>Katamaran eller b\u00e5dtur<\/li>\n<p>n \t<\/p>\n<li>Alle skatter, gebyrer og ekspeditionsgebyrer<\/li>\n<p>n \t<\/p>\n<li>Lokale skatter<\/li>\n<p>n \t<\/p>\n<li>Drikkevarer<\/li>\n<p>n<\/ol>\n<p>n<b>Udelukkelser<\/b><br \/>\nn<\/p>\n<ol>\nn \t<\/p>\n<li>Drikkepenge<\/li>\n<p>n \t<\/p>\n<li>Fotos<\/li>\n<p>n<\/ol>\n<p>n<\/p>\n<h4><em><strong>Afgang og hjemrejse<\/strong><\/em><\/h4>\n<p>nDen rejsende f\u00e5r et m\u00f8dested efter reservationsprocessen. Ture starter og slutter i vores m\u00f8desteder.<br \/>\nn<\/p>\n<h3>Catalina Island og snorkling med katamaranfest fra Punta Cana \u2013 halvdagsoplevelse.<\/h3>\n<p>n<\/p>\n<h4><b><i>Hvad kan man forvente?<\/i><\/b><\/h4>\n<p>nDuring the Catalina Island Excursion from Punta Cana, guests will have the opportunity to snorkel in the vibrant corals reefs at Catalina, swimming among lively school of fish enjoying the stunning Caribbean underwater fauna.<br \/>\nn<br \/>\nVi begynder snorkleudflugten med afgang om morgenen mod La Romana. Under k\u00f8returen kommer vi forbi sukkerr\u00f8rsmarkerne, da din guide giver interessante oplysninger om omr\u00e5dets historie, generel kultur og romfremstillingsteknikker i landet. Ved ankomsten til La Romana g\u00e5r vi ombord p\u00e5 vores katamaran og tager af sted mod Catalina. Vores f\u00f8rste stop p\u00e5 \u00f8en vil v\u00e6re &quot;The Wall&quot;, en majest\u00e6tisk koralmur, der str\u00e6kker sig fra \u00f8en til Det Caribiske Hav.<br \/>\nn<br \/>\nEfter snorkling forts\u00e6tter du stien til den smukke strand Catalina, et eksklusivt sted. Ved ankomsten har g\u00e6sterne adgang til 2 kilometer hvide sandstrande og krystalklart vand, en strandbar med drinks og en l\u00e6kker dominikansk frokostbuffet med grill. Vi g\u00e5r ombord p\u00e5 katamaranen omkring kl. 15.30 for at vende tilbage til Punta Cana efter en utrolig dag med snorkling og afslapning p\u00e5 Catalina Island. \u00d8 Under Catalina Island-udflugten fra Punta Cana f\u00e5r g\u00e6sterne mulighed for at snorkle i de pulserende koralrev ved Catalina, sv\u00f8mme blandt livlige fiskestimer og nyde den fantastiske caribiske undervandsfauna.<br \/>\nn<br \/>\nnWe will begin the snorkeling excursion departing in the morning towards La Romana. During the drive we will pass by the sugar cane fields as your guide provides interesting information about the history of the area, general culture and rum making techniques of the country. Upon arrival to La Romana, we will board our Catamaran and depart towards Catalina.<br \/>\nn<br \/>\nVores f\u00f8rste stop p\u00e5 \u00f8en vil v\u00e6re &quot;The Wall&quot;, en majest\u00e6tisk koralmur, der str\u00e6kker sig fra \u00f8en til Det Caribiske Hav. Efter snorkling forts\u00e6tter du stien til den smukke strand Catalina, et eksklusivt sted. Ved ankomsten har g\u00e6sterne adgang til 2 kilometer hvide sandstrande og krystalklart vand, en strandbar med drinks og en l\u00e6kker dominikansk frokostbuffet med grill. Vi g\u00e5r ombord p\u00e5 katamaranen omkring kl. 15.30 for at vende tilbage til Punta Cana efter en utrolig dag med snorkling og afslapning p\u00e5 Catalina Island.<br \/>\nn<\/p>\n<div class=\"a-text--first-content _for-copy-large l-hide-for-large\">\nn<br \/>\nnLet the<strong>\u00a0Det caribiske paradis p\u00e5 Catalina Island betager dig\u00a0<\/strong>og udforske det maleriske\u00a0<strong>Altos de Chav\u00f3n<\/strong>\u00a0p\u00e5 denne uundv\u00e6rlige dagstur fra La Romana.<br \/>\nn<br \/>\nn<\/div>\n<p>n<\/p>\n<div id=\"o-slider--activity-detail__container\" class=\"o-slider js-module-slider is-photos\"><\/div>\n<p>n<\/p>\n<div id=\"l-768-calendar-anchor\"><\/div>\n<p>n<\/p>\n<div id=\"new-fading-text\" class=\"new-fading-text _loaded u-no-before show-hidden-elements\">\nn<\/p>\n<div class=\"o-activity-description\">\nn<\/p>\n<h2>Catalina Island og Altos de Chav\u00f3n-dagstur<\/h2>\n<p>nHaving been picked up from your hotel first thing in the morning, you&#8217;ll set off on your adventure, making your first stop in\u00a0<strong>Altos de Chav\u00f3n<\/strong>. Du har 40 minutter til at udforske dette<strong>\u00a0smuk rekreation af en landsby i middelhavsstil<\/strong>\u00a0og beundre udsigten over Chav\u00f3n-floden, der flyder ved siden af. Virkelig fortryllende!<br \/>\nn<\/p>\n<p class=\"new-fading-text__hidden-element\">Forts\u00e6tter du din tur, bliver du f\u00f8rt til en dock p\u00e5\u00a0<strong>Salado-floden\u00a0<\/strong>hvor din\u00a0<strong>katamaran\u00a0<\/strong>venter p\u00e5 dig til at sejle til Isla Catalina. Under dit krydstogt, som vil tage omkring 40 minutter, vil du nyde en drink om bord, mens du forundrer dig over\u00a0<strong>gennemtr\u00e6ngende bl\u00e5 af det glitrende Caribiske Hav<\/strong>.<\/p>\n<p>n<\/p>\n<p class=\"new-fading-text__hidden-element\">N\u00e5r du n\u00e6rmer dig din destination, tager du direkte til koralrevet kendt som La Pared eller The Wall, hvor du har mulighed for at\u00a0<strong>k\u00f8le af med en forfriskende dukkert i havet og snorkle blandt det utrolige havliv<\/strong>. Brug 40 minutter p\u00e5 at udforske under vandet, f\u00f8r du vender tilbage til katamaranen og kaster anker ved kajen p\u00e5 Catalina Island.<\/p>\n<p>n<\/p>\n<p class=\"new-fading-text__hidden-element\">Med f\u00f8dderne p\u00e5 t\u00f8rt land bliver du f\u00f8rt til en lille restaurant med en fantastisk havudsigt, hvor du vil blive fork\u00e6let med en\u00a0<strong>l\u00e6kker frokostbuffet<\/strong>. Med fornyet energi har du s\u00e5 tre timers fritid til at f\u00e5 mest muligt ud af det\u00a0<strong>paradis hvide sandstrande<\/strong>. Uanset om du foretr\u00e6kker at slappe af og solbade eller pr\u00f8ve en sjov aktivitet som padlesurfing, vil du nyde en uforglemmelig eftermiddag.<\/p>\n<p>n<\/p>\n<p class=\"new-fading-text__hidden-element\">I slutningen af dagen vender du tilbage til katamaranen for at sejle tilbage til La Romana, hvor du bliver sat af p\u00e5 dit hotel.<\/p>\n<p>n<br \/>\nn\n<\/div>\n<p>n\n<\/p><\/div>\n<p>n&nbsp;<br \/>\nn<br \/>\nn<strong>Tidsplan:<\/strong><br \/>\nn<br \/>\nn7:00 AM \u2013 4: 30 PM<br \/>\nn<br \/>\nn&nbsp;<br \/>\nn<br \/>\nn<\/div>\n<p>nTime can change depends on time of departure from Hotels.<br \/>\nn<\/p>\n<div class=\"wpb_wrapper\">\nn<br \/>\nn&nbsp;<br \/>\nn<\/p>\n<h4><em><strong>Hvad skal du medbringe?<\/strong><\/em><\/h4>\n<p>n<\/p>\n<ul>\nn \t<\/p>\n<li>Kamera<\/li>\n<p>n \t<\/p>\n<li>Afvisende knopper<\/li>\n<p>n \t<\/p>\n<li>solcreme<\/li>\n<p>n \t<\/p>\n<li>Hat<\/li>\n<p>n \t<\/p>\n<li>Komfortable bukser<\/li>\n<p>n \t<\/p>\n<li>Badet\u00f8j<\/li>\n<p>n \t<\/p>\n<li>Kontanter til souvenirs<\/li>\n<p>n<\/ul>\n<p>n&nbsp;<br \/>\nn<\/p>\n<h4><b><i>Hotel afhentning<\/i><\/b><\/h4>\n<p>nHotel pick-up is offered for this tour. We Can Set it Via- Whatsapp. From La Romana, Punta Cana, Bavaro and Bayahibe Hotels.<br \/>\nn<br \/>\nn&nbsp;<br \/>\nn<br \/>\nn<b>Bem\u00e6rk:<\/b> hvis du bestiller inden for 24 timer efter turens\/udflugtens afgangstidspunkt, kan vi arrangere hotelafhentning. N\u00e5r dit k\u00f8b er gennemf\u00f8rt, sender vi dig fuldst\u00e6ndige kontaktoplysninger (telefonnummer, e-mailadresse osv.), s\u00e5 vores lokale rejseguide kan organisere afhentningsarrangementer.<br \/>\nn<\/p>\n<h4><b><i>Yderligere info bekr\u00e6ftelse<\/i><\/b><\/h4>\n<p>n<\/p>\n<ol>\nn \t<\/p>\n<li>Billetter er kvitteringen efter betaling af denne tur. Du kan vise betalingen p\u00e5 din telefon.<\/li>\n<p>n \t<\/p>\n<li>M\u00f8depunkt modtages efter reservationsprocessen.<\/li>\n<p>n \t<\/p>\n<li>B\u00f8rn skal ledsages af en voksen.<\/li>\n<p>n \t<\/p>\n<li>K\u00f8restolsvenligt<\/li>\n<p>n \t<\/p>\n<li>Sp\u00e6db\u00f8rn skal sidde p\u00e5 sk\u00f8det<\/li>\n<p>n \t<\/p>\n<li>De fleste rejsende kan deltage<\/li>\n<p>n<\/ol>\n<p>n<\/p>\n<h4><b><i>Afbestillingspolitik<\/i><\/b><\/h4>\n<p>nFor fuld refundering, l\u00e6s venligst vores afbestillingsregler.\u00a0<a href=\"https:\/\/www.boattoursamana.com\/da\/online-booking\/\" target=\"_blank\" rel=\"noopener\" data-saferedirecturl=\"https:\/\/www.google.com\/url?q=https:\/\/www.boattoursamana.com\/online-booking\/&amp;source=gmail&amp;ust=1672532492004000&amp;usg=AOvVaw3ylqI1cdbIPTimEqEWneyd\">Klik her<\/a>. Penge vil g\u00e5 tabt, hvis reservationen annulleres samme dag p\u00e5 rejsen.<br \/>\nn<br \/>\nn<\/div>\n<p>n\n<\/p><\/div>\n<p>n\n<\/p><\/div>\n<p>n\n<\/p><\/div>\n<p>n\n<\/p><\/div>\n<p>n\n<\/p><\/div>\n<p>n\n<\/p><\/div>\n<p>n\n<\/p><\/div>\n<p>n\n<\/p><\/div>\n<p>n\n<\/p><\/div>\n<p>n\n<\/p><\/div>\n<p>n\n<\/p><\/div>\n<p>n<\/p>\n<div class=\"vc_row wpb_row vc_row-fluid\">\nn<\/p>\n<div class=\"wpb_column vc_column_container vc_col-sm-12\">\nn<\/p>\n<div class=\"vc_column-inner\">\nn<\/p>\n<div class=\"wpb_wrapper\">\nn<\/p>\n<div class=\"vc_empty_space\"><\/div>\n<p>n<\/p>\n<div class=\"wpb_text_column wpb_content_element\">\nn<\/p>\n<div class=\"wpb_wrapper\">\nn<\/p>\n<h4>Kontakt os?<\/h4>\n<p>n<\/p>\n<h5><b><i>Booking Adventures<\/i><\/b><\/h5>\n<p>n<em><strong>Lokalbefolkningen<\/strong>\u00a0og\u00a0<strong>Nationale<\/strong>\u00a0Turguider og g\u00e6steservice<\/em><br \/>\nn<br \/>\nn<span class=\"text-turquoise\">Reservationer:<\/span>\u00a0Ture og udflugter i Dom. Rep.<br \/>\nn<br \/>\nn<img decoding=\"async\" class=\"emoji\" src=\"https:\/\/s.w.org\/images\/core\/emoji\/11.2.0\/svg\/1f4de.svg\" alt=\" \" title=\"\">\u00a0Tlf\/Whatsapp\u00a0\u00a0<a href=\"tel:+1-809-720-6035\">+1-809-720-6035<\/a>.<br \/>\nn<br \/>\nn<img decoding=\"async\" class=\"emoji\" src=\"https:\/\/s.w.org\/images\/core\/emoji\/11.2.0\/svg\/1f4e9.svg\" alt=\" \" title=\"\">\u00a0<a href=\"mailto:info@bookingadventures.com.do\">info@bookingadventures.com.do<\/a><br \/>\nn<br \/>\nn<strong>Vi er fleksibel indstilling af private ture af Whatsapp:\u00a0<a href=\"tel:+18097206035\">+18097206035.<\/a><\/strong><br \/>\nn<br \/>\nn<\/div>\n<p>n\n<\/p><\/div>\n<p>n\n<\/p><\/div>\n<p>n\n<\/p><\/div>\n<p>n\n<\/p><\/div>\n<p>n\n<\/p><\/div>\n<p>n<\/p>\n\n\t\t<\/div>\n\t<\/div>\n<div class=\"vc_btn3-container vc_btn3-inline\" ><button class=\"vc_general vc_btn3 vc_btn3-size-md vc_btn3-shape-rounded vc_btn3-style-modern vc_btn3-color-green\">BOOK NU<\/button><\/div><\/div><\/div><\/div><\/div><div class=\"vc_row wpb_row vc_row-fluid\" ><div class=\"wpb_column vc_column_container vc_col-sm-12\"><div class=\"vc_column-inner\"><div class=\"wpb_wrapper\"><\/div><\/div><\/div><\/div>","protected":false},"excerpt":{"rendered":"<p>Tiny Catalina Island (Isla Catalina), just 1.5 miles (2.4 kilometers) off the Dominican Republic\u2019s mainland, is an idyllic sandy speck in the turquoise Caribbean waters. Known for its well-populated coral reefs, Catalina is a peaceful respite for those looking to escape bustling Punta Cana and La Romana. n nBook a day trip with us. Catalina Island in a Party Catamaran with Snorkeling! n n&nbsp; n nPlease Select the date for The Excursion: &nbsp;<\/p>","protected":false},"author":2,"featured_media":0,"parent":0,"menu_order":0,"comment_status":"open","ping_status":"closed","template":"","meta":{"footnotes":""},"class_list":["post-15772","page","type-page","status-publish","hentry"],"_links":{"self":[{"href":"https:\/\/www.boattoursamana.com\/da\/wp-json\/wp\/v2\/pages\/15772","targetHints":{"allow":["GET"]}}],"collection":[{"href":"https:\/\/www.boattoursamana.com\/da\/wp-json\/wp\/v2\/pages"}],"about":[{"href":"https:\/\/www.boattoursamana.com\/da\/wp-json\/wp\/v2\/types\/page"}],"author":[{"embeddable":true,"href":"https:\/\/www.boattoursamana.com\/da\/wp-json\/wp\/v2\/users\/2"}],"replies":[{"embeddable":true,"href":"https:\/\/www.boattoursamana.com\/da\/wp-json\/wp\/v2\/comments?post=15772"}],"version-history":[{"count":0,"href":"https:\/\/www.boattoursamana.com\/da\/wp-json\/wp\/v2\/pages\/15772\/revisions"}],"wp:attachment":[{"href":"https:\/\/www.boattoursamana.com\/da\/wp-json\/wp\/v2\/media?parent=15772"}],"curies":[{"name":"wp","href":"https:\/\/api.w.org\/{rel}","templated":true}]}}