{"id":15798,"date":"2023-07-15T07:43:59","date_gmt":"2023-07-15T07:43:59","guid":{"rendered":"https:\/\/www.ticketswhales.com\/bahia-de-las-aguilas-beach-day-trip-by-boat-day-pass-pedernales\/"},"modified":"2023-07-15T07:43:59","modified_gmt":"2023-07-15T07:43:59","slug":"bahia-de-las-aguilas-beach-day-trip-by-boat-day-pass-pedernales","status":"publish","type":"page","link":"https:\/\/www.boattoursamana.com\/da\/bahia-de-las-aguilas-strand-dagstur-med-bad-dag-pass-pedernales-2","title":{"rendered":"Bah\u00eda de las Aguilas: Stranddagstur med b\u00e5d \u2013 Dagskort \u2013 Pedernales"},"content":{"rendered":"<p><span style=\"vertical-align: inherit;\"><span style=\"vertical-align: inherit;\">Compre un boleto de un d\u00eda a Bah\u00eda las \u00c1guilas desde las \u00e1reas de Pedernales. <\/span><span style=\"vertical-align: inherit;\">Disfruta de un d\u00eda de playa y deja fluir el \u00e1nimo, lejos de las zonas tur\u00edsticas y de todo el estr\u00e9s. <\/span><span style=\"vertical-align: inherit;\">Ven y descubre el Parque Nacional Jaragua y Bah\u00eda de las \u00c1guilas. <\/span><span style=\"vertical-align: inherit;\">Conduzca por una hermosa carretera con impresionantes vistas del peque\u00f1o puerto y el pueblo pesquero de Cabo Rojo. <\/span><span style=\"vertical-align: inherit;\">En Las Cuevas, abordar\u00e1 un bote que lo llevar\u00e1 en un viaje de 15 minutes a una de las playas naturales m\u00e1s hermosas del mundo. <\/span><span style=\"vertical-align: inherit;\">Las arenas de la Bah\u00eda de las \u00c1guilas son v\u00edrgenes y la bah\u00eda cubre 8 km. <\/span><span style=\"vertical-align: inherit;\">Experimente un paisaje costero excepcional con aguas cristalinas que brillan en tonos que van del turquesa al azul \u00f3palo que se derrite en el horizonte. <\/span><span style=\"vertical-align: inherit;\">El almuerzo se sirve en la playa, nadar o bucear y explorar este para\u00edso natural virgen.<\/span><\/span><br \/>\nn<br \/>\nn&nbsp;<br \/>\nn<br \/>\nn<strong><span style=\"vertical-align: inherit;\"><span style=\"vertical-align: inherit;\">V\u00e6lg dagen for denne viaje:<\/span><\/span><\/strong><\/p>\n<p>&nbsp;<\/p>\n<div class=\"vc_row wpb_row vc_row-fluid\" ><div class=\"wpb_column vc_column_container vc_col-sm-12\"><div class=\"vc_column-inner\"><div class=\"wpb_wrapper\"><div class=\"mkdf-section-title-holder\" style=\"text-align: left\">\n\t<div class=\"mkdf-st-inner\">\n\t\t\t\t\t<h5 class=\"mkdf-st-subtitle\" >\n\t\t\t\tDagskort - Snorkling &amp; frokost\t\t\t<\/h5>\n\t\t\t\t\t\t\t<h3 class=\"mkdf-st-title\" >\n\t\t\t\tBah\u00eda de las Aguilas: Stranddagstur med b\u00e5d\t\t\t<\/h3>\n\t\t\t\t\t<\/div>\n<\/div><\/div><\/div><\/div><\/div><div class=\"vc_row wpb_row vc_row-fluid\" ><div class=\"wpb_column vc_column_container vc_col-sm-12\"><div class=\"vc_column-inner\"><div class=\"wpb_wrapper\">\n\t<div class=\"wpb_text_column wpb_content_element\" >\n\t\t<div class=\"wpb_wrapper\">\n\t\t\t<p>\nn<\/p>\n<h4><b><i>Oversigt<\/i><\/b><\/h4>\n<p>nNyd en dag p\u00e5 stranden og lad hum\u00f8ret flyde, langt v\u00e6k fra turistomr\u00e5derne og al stress. Kom og oplev nationalparken Jaragua og Bahia de las \u00c1guilas. K\u00f8r ad en smuk vej med en betagende udsigt over den lille havn og fiskerlandsbyen Cabo Rojo. I Las Cuevas g\u00e5r du ombord p\u00e5 en b\u00e5d, der tager dig p\u00e5 en 15 minutters tur til en af de smukkeste naturstrande i verden. Sandet i Bah\u00eda de las Aguilas er uber\u00f8rt, og bugten d\u00e6kker 8 km. Oplev et enest\u00e5ende kystlandskab med krystalklart vand, der skinner i nuancer fra turkis til opalbl\u00e5 og smelter sammen med horisonten. Frokosten serveres p\u00e5 stranden, og du kan sv\u00f8mme eller snorkle og udforske dette uber\u00f8rte naturparadis.<br \/>\nn<br \/>\nn&nbsp;<br \/>\nn<\/p>\n<ul>\nn \t<\/p>\n<li>Lokal guide med sikkerhedserfaring i omr\u00e5det.<\/li>\n<p>n \t<\/p>\n<li>Privat transport<\/li>\n<p>n \t<\/p>\n<li>Gebyrer inkluderet<\/li>\n<p>n \t<\/p>\n<li>Frokost<\/li>\n<p>n \t<\/p>\n<li>Lokal rejseguide p\u00e5 spansk, engelsk eller fransk.<\/li>\n<p>n \t<\/p>\n<li>Vandring<\/li>\n<p>n \t<\/p>\n<li>Snorkling<\/li>\n<p>n<\/ul>\n<p>n<\/p>\n<h4><b>Inklusioner &amp; Eksklusioner<\/b><\/h4>\n<p>n&nbsp;<br \/>\nn<br \/>\nn<b>Inklusioner<\/b><br \/>\nn<\/p>\n<ol>\nn \t<\/p>\n<li>Lokal guide med sikkerhedserfaring i omr\u00e5det.<\/li>\n<p>n \t<\/p>\n<li>Privat transport for sm\u00e5 grupper<\/li>\n<p>n \t<\/p>\n<li>Alle skatter, gebyrer og ekspeditionsgebyrer<\/li>\n<p>n \t<\/p>\n<li>Lokale skatter<\/li>\n<p>n \t<\/p>\n<li>Frokost<\/li>\n<p>n \t<\/p>\n<li>Vandring<\/li>\n<p>n \t<\/p>\n<li>Naturlige pools<\/li>\n<p>n \t<\/p>\n<li>Snorkling<\/li>\n<p>n \t<\/p>\n<li>Alle aktiviteter<\/li>\n<p>n<\/ol>\n<p>n<b>Udelukkelser<\/b><br \/>\nn<\/p>\n<ol>\nn \t<\/p>\n<li>Drikkepenge<\/li>\n<p>n \t<\/p>\n<li>Alle drikkevarer<\/li>\n<p>n<\/ol>\n<p>n<\/p>\n<h4><em><strong>Afgang og hjemrejse<\/strong><\/em><\/h4>\n<p>nDen rejsende f\u00e5r et m\u00f8dested efter reservationsprocessen. Turene starter og slutter p\u00e5 dine m\u00f8desteder.<br \/>\nn<\/p>\n<h2 class=\"styles__heading___mD4_3\" data-radium=\"true\">Bah\u00eda de las Aguilas: Stranddagstur med b\u00e5d -Dagskort - Snorkling og frokost<\/h2>\n<p>n<\/p>\n<h4><em>Hvad kan man forvente?<\/em><\/h4>\n<p>nPlaya de las Aguilas er opkaldt efter den indf\u00f8dte \u00f8rn. Turen foreg\u00e5r i privat transport fra Bahia de las Aguilas, hvor du kan opdage de naturlige vidundere ved denne afrodisiakum-strand p\u00e5 en meget anderledes og b\u00e6redygtig m\u00e5de. Tilbring dagen p\u00e5 en naturtur i den sydlige del af landet, hvor du vil l\u00e6re Bahia de las Aguila at kende, en af de smukkeste strande i Den Dominikanske Republik, hvor vi ankommer med speedb\u00e5d til denne paradisiske strand, et omr\u00e5de, der er fuldt beskyttet af milj\u00f8lovgivningen. Tilbring en afslappende tid ved Bahia de las Aguilas, et ubeboet naturreservat og en nationalpark, og nyd en grillfrokost i grotterne.<br \/>\nn<br \/>\nnDet rolige hav og den lette vind vil forhindre dig i at lide for meget under solen og varmen. Bliv opdagelsesrejsende for en dag, og oplev et \u00f8kologisk, naturligt og helt uspoleret paradis. Du kan observere mere end 130 fuglearter, hvoraf 76 lever permanent i bugten, 10 er endemiske, og 47 er tr\u00e6kfugle.<br \/>\nn<br \/>\nn08.30 - Afgang fra m\u00f8destedet<br \/>\nn08.45 - Afgang med b\u00e5d fra landsbyen La Cueva til Bahia de las Aguilas<br \/>\nn12.30 - Typisk frokost p\u00e5 stranden<br \/>\nn03.00 - Tilbage til La Cueva<br \/>\nn05.30 - Ankomst til m\u00f8destedet<br \/>\nn<\/p>\n<h4><em><strong>Hvad skal du medbringe?<\/strong><\/em><\/h4>\n<p>n<\/p>\n<ul>\nn \t<\/p>\n<li>Kamera<\/li>\n<p>n \t<\/p>\n<li>Afvisende knopper<\/li>\n<p>n \t<\/p>\n<li>Solcreme<\/li>\n<p>n \t<\/p>\n<li>Vand<\/li>\n<p>n \t<\/p>\n<li>Hat<\/li>\n<p>n \t<\/p>\n<li>Komfortable bukser<\/li>\n<p>n \t<\/p>\n<li>Vandresko til skov<\/li>\n<p>n \t<\/p>\n<li>Sandaler til for\u00e5rets omr\u00e5der.<\/li>\n<p>n \t<\/p>\n<li>Badet\u00f8j<\/li>\n<p>n<\/ul>\n<p>n&nbsp;<br \/>\nn<\/p>\n<h4><b><i>Hotel afhentning<\/i><\/b><\/h4>\n<p>nHotelafhentning tilbydes til denne tur mod ekstra betaling.<br \/>\nn<br \/>\nn<b>Bem\u00e6rk:<\/b> Hvis du bestiller inden for 24 timer efter turens\/udflugtens afgangstidspunkt, kan vi arrangere hotelafhentning. Vi henter lige i Pedernales-omr\u00e5det. N\u00e5r dit k\u00f8b er gennemf\u00f8rt, sender vi dig fuldst\u00e6ndige kontaktoplysninger (telefonnummer, e-mailadresse osv.), s\u00e5 vores lokale rejseguide kan organisere afhentningsarrangementer.<br \/>\nn<\/p>\n<h4><b><i>Yderligere info bekr\u00e6ftelse<\/i><\/b><\/h4>\n<p>n<\/p>\n<ol>\nn \t<\/p>\n<li>Billetter er kvitteringen efter betaling for denne tur. Du kan vise betalingen p\u00e5 din telefon.<\/li>\n<p>n \t<\/p>\n<li>M\u00f8depunkt modtages efter reservationsprocessen.<\/li>\n<p>n \t<\/p>\n<li>B\u00f8rn skal ledsages af en voksen.<\/li>\n<p>n \t<\/p>\n<li>Ikke tilg\u00e6ngelig for k\u00f8restolsbrugere<\/li>\n<p>n \t<\/p>\n<li>Sp\u00e6db\u00f8rn skal sidde p\u00e5 sk\u00f8det<\/li>\n<p>n \t<\/p>\n<li>Anbefales ikke til rejsende med rygproblemer<\/li>\n<p>n \t<\/p>\n<li>Anbefales ikke til gravide rejsende<\/li>\n<p>n \t<\/p>\n<li>Ingen hjerteproblemer eller andre alvorlige medicinske tilstande<\/li>\n<p>n \t<\/p>\n<li>De fleste rejsende kan deltage<\/li>\n<p>n<\/ol>\n<p>n<\/p>\n<h4><b><i>Afbestillingspolitik<\/i><\/b><\/h4>\n<p>nFor fuld refundering, l\u00e6s venligst vores afbestillingsregler.\u00a0<a href=\"https:\/\/www.boattoursamana.com\/da\/online-booking\/\" target=\"_blank\" rel=\"noopener\" data-saferedirecturl=\"https:\/\/www.google.com\/url?q=https:\/\/www.boattoursamana.com\/online-booking\/&amp;source=gmail&amp;ust=1672449202351000&amp;usg=AOvVaw1yAeVAPktmaVCqDujgUn90\">Klik her<\/a>. Penge vil g\u00e5 tabt, hvis reservationen annulleres samme dag p\u00e5 rejsen.<\/p>\n\n\t\t<\/div>\n\t<\/div>\n<\/div><\/div><\/div><\/div>","protected":false},"excerpt":{"rendered":"<p>Compre un boleto de un d\u00eda a Bah\u00eda las \u00c1guilas desde las \u00e1reas de Pedernales. Disfruta de un d\u00eda de playa y deja fluir el \u00e1nimo, lejos de las zonas tur\u00edsticas y de todo el estr\u00e9s. Ven y descubre el Parque Nacional Jaragua y Bah\u00eda de las \u00c1guilas. Conduzca por una hermosa carretera con impresionantes vistas del peque\u00f1o puerto y el pueblo pesquero de Cabo Rojo. En Las Cuevas, abordar\u00e1 un bote que lo llevar\u00e1 en un viaje de 15 [&hellip;]<\/p>\n","protected":false},"author":2,"featured_media":0,"parent":0,"menu_order":0,"comment_status":"open","ping_status":"closed","template":"","meta":{"footnotes":""},"class_list":["post-15798","page","type-page","status-publish","hentry"],"_links":{"self":[{"href":"https:\/\/www.boattoursamana.com\/da\/wp-json\/wp\/v2\/pages\/15798","targetHints":{"allow":["GET"]}}],"collection":[{"href":"https:\/\/www.boattoursamana.com\/da\/wp-json\/wp\/v2\/pages"}],"about":[{"href":"https:\/\/www.boattoursamana.com\/da\/wp-json\/wp\/v2\/types\/page"}],"author":[{"embeddable":true,"href":"https:\/\/www.boattoursamana.com\/da\/wp-json\/wp\/v2\/users\/2"}],"replies":[{"embeddable":true,"href":"https:\/\/www.boattoursamana.com\/da\/wp-json\/wp\/v2\/comments?post=15798"}],"version-history":[{"count":0,"href":"https:\/\/www.boattoursamana.com\/da\/wp-json\/wp\/v2\/pages\/15798\/revisions"}],"wp:attachment":[{"href":"https:\/\/www.boattoursamana.com\/da\/wp-json\/wp\/v2\/media?parent=15798"}],"curies":[{"name":"wp","href":"https:\/\/api.w.org\/{rel}","templated":true}]}}