{"id":15807,"date":"2023-07-15T07:43:59","date_gmt":"2023-07-15T07:43:59","guid":{"rendered":"https:\/\/www.ticketswhales.com\/saona-island-rentals-rent-a-private-boat\/"},"modified":"2023-07-15T07:43:59","modified_gmt":"2023-07-15T07:43:59","slug":"saona-island-rentals-rent-a-private-boat","status":"publish","type":"page","link":"https:\/\/www.boattoursamana.com\/da\/saona-o-udlejning-lej-en-privat-bad-2","title":{"rendered":"Saona Island Rentals - Lej en privat b\u00e5d"},"content":{"rendered":"<p>&nbsp;<\/p>\n<div class=\"vc_row wpb_row vc_row-fluid\" > <div class=\"wpb_column vc_column_container vc_col-sm-12\"><div class=\"vc_column-inner\"><div class=\"wpb_wrapper\"> \n\t<div class=\"wpb_text_column wpb_content_element\" >\n\t\t<div class=\"wpb_wrapper\">\n\t\t\t\n\t\t<\/div>\n\t<\/div>\n <\/div><\/div><\/div> <\/div> <div class=\"wpb_column vc_column_container vc_col-sm-12\"><div class=\"vc_column-inner\"><div class=\"wpb_wrapper\"> <div class=\"vc_btn3-container vc_btn3-inline\" ><button class=\"vc_general vc_btn3 vc_btn3-size-md vc_btn3-shape-rounded vc_btn3-style-modern vc_btn3-color-green\">BOOK NU<\/button><\/div> <\/div><\/div><\/div> <div class=\"vc_tta-container\" data-vc-action=\"collapse\"><div class=\"vc_general vc_tta vc_tta-tabs vc_tta-color-grey vc_tta-style-classic vc_tta-shape-rounded vc_tta-spacing-1 vc_tta-tabs-position-top vc_tta-controls-align-left\"><div class=\"vc_tta-tabs-container\"><ul class=\"vc_tta-tabs-list\"><\/ul><\/div><div class=\"vc_tta-panels-container\"><div class=\"vc_tta-panels\"> <\/div><\/div><\/div><\/div> <div class=\"vc_tta-panel vc_active\" id=\"1616582286467-74629ea8-fd69\" data-vc-content=\".vc_tta-panel-body\"><div class=\"vc_tta-panel-heading\"><h4 class=\"vc_tta-panel-title\"><a href=\"#1616582286467-74629ea8-fd69\" data-vc-accordion data-vc-container=\".vc_tta-container\"><span class=\"vc_tta-title-text\">Beskrivelse<\/span><\/a><\/h4><\/div><div class=\"vc_tta-panel-body\"> \n\t<div class=\"wpb_text_column wpb_content_element\" >\n\t\t<div class=\"wpb_wrapper\">\n\t\t\t<p>\nn<\/p>\n<div class=\"custom-left\">\nn<\/p>\n<div class=\"row\">\nn<\/p>\n<div class=\"col-md-12 cust-clas\">\nn<\/p>\n<div class=\"product-header alignleft\">\nn<br \/>\nnSAONA ISLAND - B\u00c5D - UDLEJNING<br \/>\nn<br \/>\nnHEL DAGS PRIVAT CHARTER TIL SAONA \u00d8EN<br \/>\nn<br \/>\nnFLEKSIBEL VARIGHED - MANDAG TIL S\u00d8NDAG<br \/>\nn<br \/>\nn<\/div>\n<p>n\n<\/p><\/div>\n<p>n\n<\/p><\/div>\n<p>n\n<\/p><\/div>\n<p>n<\/p>\n<div class=\"custom-left para-p\">\nn<\/p>\n<div class=\"info_content_label\">\nn<br \/>\nn&nbsp;<br \/>\nn<br \/>\nn&nbsp;<br \/>\nn<br \/>\nn&nbsp;<br \/>\nn<br \/>\nn&nbsp;<br \/>\nn<br \/>\nnLej denne fantastiske b\u00e5d hele dagen til op til 16 personer for at bes\u00f8ge Saona Island.<br \/>\nn<br \/>\nn<strong>INKLUDERET<\/strong><br \/>\nn<\/p>\n<ul>\nn \t<\/p>\n<li>Bes\u00e6tning (kaptajn og assisterende kaptajn)<\/li>\n<p>n \t<\/p>\n<li>Br\u00e6ndstof<\/li>\n<p>n \t<\/p>\n<li>Isk\u00f8ler med is<\/li>\n<p>n<\/ul>\n<p>nMad er tilg\u00e6ngelig mod et ekstra gebyr:<br \/>\nn<br \/>\nn<strong>Detaljer om den traditionelle frokostbuffet, $15 USD p\/p:<\/strong><br \/>\nn<br \/>\nn-Gr\u00f8n salat, russisk salat<br \/>\nn<br \/>\nn-Ridder<br \/>\nn<br \/>\nn-Moro de Guandule (dominikansk ris) med kokosn\u00f8d<br \/>\nn<br \/>\nn-Pasta i tomatsauce-Cassavagryderetter<br \/>\nn<br \/>\nn-Grillet fisk og kylling (dorado) + kokosm\u00e6lksauce (ekstraudstyr)<br \/>\nn<br \/>\nn-Frisk frugt-1 ikke-alkoholisk drik (sodavand eller vand)<br \/>\nn-Cafeteria<br \/>\nn<br \/>\nn<strong>Ekstra hummerservering + coconut fudge $19 USD (ekstra).<\/strong><br \/>\nn<br \/>\nn<\/div>\n<p>n<strong><label>Ikke inkluderet:<\/label><\/strong> Drikkevarer og mad er IKKE inkluderet og kan arrangeres mod et ekstra gebyr.<br \/>\nn<br \/>\nn&nbsp;<br \/>\nn<br \/>\nn<\/div>\n<p>nHvis du har brug for mere information eller har sp\u00f8rgsm\u00e5l, s\u00e5 t\u00f8v ikke med at kontakte os via Whatsapp: +1-809-720-6035 eller live chat. Vi tilbyder den bedste pris online!<br \/>\nn<br \/>\nn&nbsp;<br \/>\nn<\/p>\n<h4><b><i>Afbestillingspolitik<\/i><\/b><\/h4>\n<p>nFor fuld refundering, l\u00e6s venligst vores afbestillingsregler <a href=\"https:\/\/www.boattoursamana.com\/da\/online-booking\/\" target=\"_blank\" rel=\"noopener\" data-saferedirecturl=\"https:\/\/www.google.com\/url?q=https:\/\/www.boattoursamana.com\/online-booking\/&amp;source=gmail&amp;ust=1672449202351000&amp;usg=AOvVaw1yAeVAPktmaVCqDujgUn90\">Klik her<\/a>. Pengene g\u00e5r tabt, hvis bookingen afbestilles samme dag, som rejsen finder sted. <\/p>\n\n\t\t<\/div>\n\t<\/div>\n <\/div><\/div> <div class=\"vc_tta-panel\" id=\"1616580432722-00be9baf-46e3\" data-vc-content=\".vc_tta-panel-body\"><div class=\"vc_tta-panel-heading\"><h4 class=\"vc_tta-panel-title\"><a href=\"#1616580432722-00be9baf-46e3\" data-vc-accordion data-vc-container=\".vc_tta-container\"><span class=\"vc_tta-title-text\">Priser<\/span><\/a><\/h4><\/div><div class=\"vc_tta-panel-body\"> <\/div><\/div> <div class=\"mkdf-section-title-holder\" style=\"text-align: center\">\n\t<div class=\"mkdf-st-inner\">\n\t\t\t\t\t\t\t<h3 class=\"mkdf-st-title\" >\n\t\t\t\tPRISER\t\t\t<\/h3>\n\t\t\t\t\t<\/div>\n<\/div> <div class=\"vc_empty_space\"   style=\"height: 32px\"><span class=\"vc_empty_space_inner\"><\/span><\/div> <div class=\"vc_row wpb_row vc_row-fluid\" > <div class=\"wpb_column vc_column_container vc_col-sm-12\"><div class=\"vc_column-inner\"><div class=\"wpb_wrapper\"> <div class=\"vc_btn3-container vc_btn3-inline\" ><button class=\"vc_general vc_btn3 vc_btn3-size-md vc_btn3-shape-rounded vc_btn3-style-modern vc_btn3-color-green\">BOOK NU<\/button><\/div> <\/div><\/div><\/div> <\/div>","protected":false},"excerpt":{"rendered":"<p>&nbsp;<\/p>","protected":false},"author":2,"featured_media":0,"parent":0,"menu_order":0,"comment_status":"open","ping_status":"closed","template":"","meta":{"footnotes":""},"class_list":["post-15807","page","type-page","status-publish","hentry"],"_links":{"self":[{"href":"https:\/\/www.boattoursamana.com\/da\/wp-json\/wp\/v2\/pages\/15807","targetHints":{"allow":["GET"]}}],"collection":[{"href":"https:\/\/www.boattoursamana.com\/da\/wp-json\/wp\/v2\/pages"}],"about":[{"href":"https:\/\/www.boattoursamana.com\/da\/wp-json\/wp\/v2\/types\/page"}],"author":[{"embeddable":true,"href":"https:\/\/www.boattoursamana.com\/da\/wp-json\/wp\/v2\/users\/2"}],"replies":[{"embeddable":true,"href":"https:\/\/www.boattoursamana.com\/da\/wp-json\/wp\/v2\/comments?post=15807"}],"version-history":[{"count":0,"href":"https:\/\/www.boattoursamana.com\/da\/wp-json\/wp\/v2\/pages\/15807\/revisions"}],"wp:attachment":[{"href":"https:\/\/www.boattoursamana.com\/da\/wp-json\/wp\/v2\/media?parent=15807"}],"curies":[{"name":"wp","href":"https:\/\/api.w.org\/{rel}","templated":true}]}}