{"id":15866,"date":"2023-07-15T07:45:08","date_gmt":"2023-07-15T07:45:08","guid":{"rendered":"https:\/\/www.ticketswhales.com\/punta-cana-helicopter-tour-to-salto-de-la-jalda-waterfall-60-minutes-experience\/"},"modified":"2023-07-15T07:45:08","modified_gmt":"2023-07-15T07:45:08","slug":"punta-cana-helicopter-tour-to-salto-de-la-jalda-waterfall-60-minutes-experience","status":"publish","type":"page","link":"https:\/\/www.boattoursamana.com\/da\/punta-cana-helikoptertur-til-salto-de-la-jalda-vandfald-60-minutters-oplevelse","title":{"rendered":"Punta Cana Helikoptertur til Salto de la Jalda Vandfald 60-minutters oplevelse"},"content":{"rendered":"<p>Nyd en unik oplevelse med at flyve i en helikopter over det h\u00f8jeste vandfald i Caribien, Salto La Jada. Se de uber\u00f8rte strande i Punta Cana og opdag magien i denne utrolige sk\u00f8nhed, der ligger dybt i en frodig tropisk regnskov.<br \/>\nn<br \/>\nn&nbsp;<br \/>\nn<br \/>\nn<strong>V\u00e6lg venligst dato for turen\u00a0<\/strong><\/p>\n<p>&nbsp;<\/p>\n<div class=\"vc_row wpb_row vc_row-fluid\" ><div class=\"wpb_column vc_column_container vc_col-sm-12\"><div class=\"vc_column-inner\"><div class=\"wpb_wrapper\"><div class=\"mkdf-section-title-holder\" style=\"text-align: left\">\n\t<div class=\"mkdf-st-inner\">\n\t\t\t\t\t<h5 class=\"mkdf-st-subtitle\" >\n\t\t\t\tSalto la Jalda\t\t\t<\/h5>\n\t\t\t\t\t\t\t<h3 class=\"mkdf-st-title\" >\n\t\t\t\tPunta Cana helikoptertur til Salto de la Jalda-vandfaldet 60-minutters oplevelse\t\t\t<\/h3>\n\t\t\t\t\t\t\t<p class=\"mkdf-st-text\" >\n\t\t\t\tHelikoptertur 60-minutters oplevelse\t\t\t<\/p>\n\t\t\t<\/div>\n<\/div><\/div><\/div><\/div><\/div><div class=\"vc_row wpb_row vc_row-fluid\" ><div class=\"wpb_column vc_column_container vc_col-sm-12\"><div class=\"vc_column-inner\"><div class=\"wpb_wrapper\">\n\t<div class=\"wpb_text_column wpb_content_element\" >\n\t\t<div class=\"wpb_wrapper\">\n\t\t\t<p>\nn<\/p>\n<h4><b><i>Oversigt <\/i><\/b><\/h4>\n<p>nDette er en privat tur til\u00a0<strong>Salto de la Jalda vandfald <\/strong>Beliggende dybt i Cordillera Oriental Mountain Range og omgivet af en frodig tropisk regnskov er det h\u00f8jeste vandfald i Caribien, Salto La Jalda. Flyv langs de uber\u00f8rte strande i Punta Cana, forbi de stille landsbyer til de nordlige skr\u00e5ninger af sierraen, og opdag magien og mysteriet ved denne utrolige sk\u00f8nhed, der ligger dybt i en frodig tropisk regnskov. Oplev en 60-minutters tur-retur helikopterflyvning over vandfaldet og Playa Esmeralda med en times picnicstop. Se, hvordan det brusende vand v\u00e6lter ud over klipperne, og nyd derefter naturens fred og ro under dit ophold p\u00e5 den mest fantastiske Esmeralda-strand.<br \/>\nn<br \/>\nn&nbsp;<br \/>\nn<\/p>\n<ul>\nn \t<\/p>\n<li class=\"activity-highlights__list-item\" data-v-86039ad0=\"\">Oplev magien ved det h\u00f8jeste vandfald i Caribien, Salto La jada<\/li>\n<p>n \t<\/p>\n<li class=\"activity-highlights__list-item\" data-v-86039ad0=\"\">Udforsk naturen under dit ophold p\u00e5 Esmeralda-stranden<\/li>\n<p>n \t<\/p>\n<li class=\"activity-highlights__list-item\" data-v-86039ad0=\"\">Flyv over fantastiske strande og forbi de stille landsbyer til Sierras nordlige skr\u00e5ninger<\/li>\n<p>n \t<\/p>\n<li class=\"activity-highlights__list-item\" data-v-86039ad0=\"\">Se, hvordan det brusende vand v\u00e6lter ud over klipperne<\/li>\n<p>n<\/ul>\n<p>n<\/p>\n<h4><b>Inklusioner &amp; Eksklusioner<\/b><\/h4>\n<p>n&nbsp;<br \/>\nn<br \/>\nn<b>Inklusioner<\/b><br \/>\nn<\/p>\n<ol>\nn \t<\/p>\n<li class=\"activity-inclusions__item activity-inclusions__item--inclusion\" data-v-0d17907c=\"\"><span class=\"activity-inclusions__test activity-inclusions__test--include\" data-v-0d17907c=\"\">Landtransport til\/fra dit hotel<\/span><\/li>\n<p>n \t<\/p>\n<li class=\"activity-inclusions__item activity-inclusions__item--inclusion\" data-v-0d17907c=\"\"><span class=\"activity-inclusions__test activity-inclusions__test--include\" data-v-0d17907c=\"\">Ekspres VIP-indtjekning ved ankomst<\/span><\/li>\n<p>n \t<\/p>\n<li class=\"activity-inclusions__item activity-inclusions__item--inclusion\" data-v-0d17907c=\"\"><span class=\"activity-inclusions__test activity-inclusions__test--include\" data-v-0d17907c=\"\">60-minutters helikopterflyvning tur-retur<\/span><\/li>\n<p>n \t<\/p>\n<li class=\"activity-inclusions__item activity-inclusions__item--inclusion\" data-v-0d17907c=\"\"><span class=\"activity-inclusions__test activity-inclusions__test--include\" data-v-0d17907c=\"\">1 times samlet ophold p\u00e5 den mest fantastiske uspolerede strand<\/span><\/li>\n<p>n \t<\/p>\n<li class=\"activity-inclusions__item activity-inclusions__item--inclusion\" data-v-0d17907c=\"\"><span class=\"activity-inclusions__test activity-inclusions__test--include\" data-v-0d17907c=\"\">Subway picnic frokost p\u00e5 stranden med sodavand og vand<\/span><\/li>\n<p>n \t<\/p>\n<li style=\"font-weight: 400;\"><span style=\"font-weight: 400;\">Alle skatter, gebyrer og ekspeditionsgebyrer<\/span><\/li>\n<p>n \t<\/p>\n<li style=\"font-weight: 400;\"><span style=\"font-weight: 400;\">Lokale skatter<\/span><\/li>\n<p>n \t<\/p>\n<li style=\"font-weight: 400;\"><span style=\"font-weight: 400;\">Alle aktiviteter<\/span><\/li>\n<p>n \t<\/p>\n<li style=\"font-weight: 400;\"><span style=\"font-weight: 400;\">Lokal guide<\/span><\/li>\n<p>n<\/ol>\n<p>n<b> Udelukkelser<\/b><br \/>\nn<\/p>\n<ol>\nn \t<\/p>\n<li style=\"font-weight: 400;\"><span style=\"font-weight: 400;\">Drikkepenge<\/span><\/li>\n<p>n \t<\/p>\n<li style=\"font-weight: 400;\"><span style=\"font-weight: 400;\">Overf\u00f8rsel<\/span><\/li>\n<p>n \t<\/p>\n<li>Frokost<\/li>\n<p>n \t<\/p>\n<li style=\"font-weight: 400;\"><span style=\"font-weight: 400;\">Alkoholiske drikkevarer<\/span><\/li>\n<p>n<\/ol>\n<p>n&nbsp;<br \/>\nn<\/p>\n<h4><em><strong>Afgang og hjemrejse<\/strong><\/em><\/h4>\n<p>n<span style=\"font-weight: 400;\">Den rejsende f\u00e5r et m\u00f8dested efter reservationsprocessen. Ture starter og slutter i vores m\u00f8desteder.<\/span><br \/>\nn<br \/>\nn&nbsp;<br \/>\nn<\/p>\n<h2>Punta Cana Helikopter<\/h2>\n<p>n<\/p>\n<h4><b><i>Hvad kan man forvente?<\/i><\/b><\/h4>\n<p>n<em><strong>F\u00e5 dine billetter<\/strong><\/em> for at bes\u00f8ge de h\u00f8jeste vandfald i Caribien.\u00a0 <strong>El Salto la Jalda<\/strong> med helikopterflyvning fra Punta Cana.<br \/>\nn<br \/>\nnOpdag som en fugl Salto La Jalda \u2013 det h\u00f8jeste vandfald i Caribien, som ligger dybt i Cordillera Oriental Mountain Range og omgivet af en frodig tropisk regnskov. En oplevelse du aldrig vil glemme.<br \/>\nn<br \/>\nnDer er kun \u00e9n m\u00e5de at v\u00e6rds\u00e6tte de fejende dale og det dramatiske landskab i Den Dominikanske Republiks h\u00f8jeste vandfald \u2013 og det er fra luften. Tag en betagende helikopterflyvning over Salto Jalda National Park for en uforglemmelig ferieoplevelse.<br \/>\nn<br \/>\nnEventyret begynder, n\u00e5r du bliver f\u00f8rt fra dit hotel til heliporten. Klatre ombord p\u00e5 helikopteren og g\u00f8r dig klar til start. Du vil snart sv\u00e6ve over fjerntliggende g\u00e5rde, landsbyer og frodig gr\u00f8n regnskov mod de nordlige skr\u00e5ninger af Cordillera Oriental-bjergk\u00e6den. N\u00e5r du fejer over klippetoppene, vil din ekspertpilot komme t\u00e6ttere p\u00e5 end nogensinde f\u00f8r, s\u00e5 du kan beundre Salto Jaldas 272 fod h\u00f8jder.<br \/>\nn<br \/>\nnDerefter, n\u00e5r du g\u00e5r ned gennem junglens baldakin, lander du ved den afsondrede Playa Esmerelda-strand. Spred dit h\u00e5ndkl\u00e6de ud her og nyd lidt sol p\u00e5 det hvide sand. Og du har tid til en dukkert i Caribien, f\u00f8r returflyvningen serverer flere tribuneudsigter.<br \/>\nn<br \/>\nn&nbsp;<br \/>\nn<\/p>\n<h4><em><strong>Hvad skal du medbringe?<\/strong><\/em><\/h4>\n<p>n<\/p>\n<ul>\nn \t<\/p>\n<li style=\"font-weight: 400;\"><span style=\"font-weight: 400;\">Kamera<\/span><\/li>\n<p>n \t<\/p>\n<li style=\"font-weight: 400;\"><span style=\"font-weight: 400;\">Afvisende knopper<\/span><\/li>\n<p>n \t<\/p>\n<li style=\"font-weight: 400;\"><span style=\"font-weight: 400;\">solcreme<\/span><\/li>\n<p>n \t<\/p>\n<li style=\"font-weight: 400;\"><span style=\"font-weight: 400;\">Hat<\/span><\/li>\n<p>n \t<\/p>\n<li style=\"font-weight: 400;\"><span style=\"font-weight: 400;\">Komfortable bukser<\/span><\/li>\n<p>n \t<\/p>\n<li style=\"font-weight: 400;\"><span style=\"font-weight: 400;\">Vandresko til skov<\/span><\/li>\n<p>n \t<\/p>\n<li style=\"font-weight: 400;\"><span style=\"font-weight: 400;\">Badet\u00f8j<\/span><\/li>\n<p>n \t<\/p>\n<li>Ekstra vandflaske<\/li>\n<p>n \t<\/p>\n<li>Frokost eller snacks<\/li>\n<p>n<\/ul>\n<p>n&nbsp;<br \/>\nn<\/p>\n<h4><b><i>Hotel afhentning <\/i><\/b><\/h4>\n<p>n<span style=\"font-weight: 400;\">Hotel afhentning tilbydes til denne tur. <\/span><br \/>\nn<br \/>\nn&nbsp;<br \/>\nn<br \/>\nn<b>Bem\u00e6rk:<\/b><span style=\"font-weight: 400;\"> Hvis du bestiller inden for 24 timer efter turens\/udflugtens afgangstidspunkt, kan vi arrangere hotelafhentning uden ekstra gebyrer. N\u00e5r dit k\u00f8b er gennemf\u00f8rt, sender vi dig fuldst\u00e6ndige kontaktoplysninger (telefonnummer, e-mailadresse osv.), s\u00e5 vores lokale rejseguide kan organisere afhentningsarrangementer.<\/span><br \/>\nn<\/p>\n<h4><b><i>Yderligere info bekr\u00e6ftelse <\/i><\/b><\/h4>\n<p>n<\/p>\n<ol>\nn \t<\/p>\n<li>Billetter er kvitteringen efter betaling af denne tur. Du kan vise betalingen p\u00e5 din telefon.<\/li>\n<p>n \t<\/p>\n<li style=\"font-weight: 400;\"><span style=\"font-weight: 400;\">M\u00f8depunkt modtages efter reservationsprocessen.<\/span><\/li>\n<p>n \t<\/p>\n<li style=\"font-weight: 400;\"><span style=\"font-weight: 400;\">B\u00f8rn skal v\u00e6re ledsaget af en voksen og minimumsalderen er 7 \u00e5r.<\/span><\/li>\n<p>n \t<\/p>\n<li class=\"activity-important-information__item\" data-v-772d15b6=\"\" data-v-45a03bbc=\"\">Denne tur anbefales ikke til personer med begr\u00e6nset mobilitet, medmindre de har mindst 2 personer, der kan hj\u00e6lpe dem<\/li>\n<p>n \t<\/p>\n<li class=\"activity-important-information__item\" data-v-772d15b6=\"\" data-v-45a03bbc=\"\">Alle flyvninger afh\u00e6nger af tilg\u00e6ngelighed og vejrforhold<\/li>\n<p>n \t<\/p>\n<li class=\"activity-important-information__item\" data-v-772d15b6=\"\" data-v-45a03bbc=\"\">Aktivitetsudbyderen forbeholder sig retten til at tilf\u00f8je flere passagerer til turen<\/li>\n<p>n \t<\/p>\n<li style=\"font-weight: 400;\"><span style=\"font-weight: 400;\"> Ikke tilg\u00e6ngelig for k\u00f8restolsbrugere <\/span><\/li>\n<p>n \t<\/p>\n<li style=\"font-weight: 400;\"><span style=\"font-weight: 400;\">Ikke sp\u00e6db\u00f8rn til denne tur er tilladt<\/span><\/li>\n<p>n \t<\/p>\n<li style=\"font-weight: 400;\"><span style=\"font-weight: 400;\">Anbefales ikke til rejsende med rygproblemer<\/span><\/li>\n<p>n \t<\/p>\n<li style=\"font-weight: 400;\"><span style=\"font-weight: 400;\">Anbefales ikke til gravide rejsende <\/span><\/li>\n<p>n \t<\/p>\n<li style=\"font-weight: 400;\"><span style=\"font-weight: 400;\"> Ingen hjerteproblemer eller andre alvorlige medicinske tilstande <\/span><\/li>\n<p>n \t<\/p>\n<li style=\"font-weight: 400;\"><span style=\"font-weight: 400;\">De fleste rejsende kan deltage<\/span><\/li>\n<p>n<\/ol>\n<p>n<\/p>\n<h4><b><i>Afbestillingspolitik<\/i><\/b><\/h4>\n<p>nFor fuld refundering, l\u00e6s venligst vores afbestillingsregler.\u00a0<a href=\"https:\/\/www.boattoursamana.com\/da\/online-booking\/\" target=\"_blank\" rel=\"noopener\" data-saferedirecturl=\"https:\/\/www.google.com\/url?q=https:\/\/www.boattoursamana.com\/online-booking\/&amp;source=gmail&amp;ust=1672449202351000&amp;usg=AOvVaw1yAeVAPktmaVCqDujgUn90\">Klik her<\/a>. Penge vil g\u00e5 tabt, hvis reservationen annulleres samme dag p\u00e5 rejsen.<\/p>\n\n\t\t<\/div>\n\t<\/div>\n<\/div><\/div><\/div><\/div><div class=\"vc_row wpb_row vc_row-fluid\" ><div class=\"wpb_column vc_column_container vc_col-sm-12\"><div class=\"vc_column-inner\"><div class=\"wpb_wrapper\">\n\t<div class=\"wpb_text_column wpb_content_element\" >\n\t\t<div class=\"wpb_wrapper\">\n\t\t\t<p>\nn<\/p>\n<h4>Kontakt os?<\/h4>\n<p>n<\/p>\n<h5><em><strong>Booking Adventures<\/strong><\/em><\/h5>\n<p>n<em><strong>Lokalbefolkningen<\/strong> og <strong>Nationale<\/strong> Turguider og g\u00e6steservice<\/em><br \/>\nn<br \/>\nn<span class=\"text-turquoise\">Reservationer:<\/span> Ture og udflugter i Dom. Rep.<br \/>\nn<br \/>\nn<img decoding=\"async\" class=\"emoji\" draggable=\"false\" src=\"https:\/\/s.w.org\/images\/core\/emoji\/11.2.0\/svg\/1f4de.svg\" alt=\" \" title=\"\"> Tlf\/Whatsapp\u00a0 <a href=\"tel:+1-809-720-6035\">+1-809-720-6035<\/a>.<br \/>\nn<br \/>\nn<img decoding=\"async\" class=\"emoji\" draggable=\"false\" src=\"https:\/\/s.w.org\/images\/core\/emoji\/11.2.0\/svg\/1f4e9.svg\" alt=\" \" title=\"\"> <a href=\"mailto:info@bookingadventures.com.do\">info@bookingadventures.com.do<\/a><br \/>\nn<br \/>\nn<strong>Vi er fleksibel indstilling af private ture af Whatsapp: <a href=\"tel:+18097206035\">+18097206035.<\/a><\/strong><\/p>\n\n\t\t<\/div>\n\t<\/div>\n<\/div><\/div><\/div><\/div>","protected":false},"excerpt":{"rendered":"<p>Enjoy a unique experience flying in a helicopter over the highest waterfall in the Caribbean, Salto La Jada. See the pristine beaches of Punta Cana and discover the magic of this incredible beauty nestled deep in a lush tropical rainforest. n n&nbsp; n nPlease Select date for The Tour\u00a0 &nbsp;<\/p>","protected":false},"author":2,"featured_media":0,"parent":0,"menu_order":0,"comment_status":"open","ping_status":"closed","template":"","meta":{"footnotes":""},"class_list":["post-15866","page","type-page","status-publish","hentry"],"_links":{"self":[{"href":"https:\/\/www.boattoursamana.com\/da\/wp-json\/wp\/v2\/pages\/15866","targetHints":{"allow":["GET"]}}],"collection":[{"href":"https:\/\/www.boattoursamana.com\/da\/wp-json\/wp\/v2\/pages"}],"about":[{"href":"https:\/\/www.boattoursamana.com\/da\/wp-json\/wp\/v2\/types\/page"}],"author":[{"embeddable":true,"href":"https:\/\/www.boattoursamana.com\/da\/wp-json\/wp\/v2\/users\/2"}],"replies":[{"embeddable":true,"href":"https:\/\/www.boattoursamana.com\/da\/wp-json\/wp\/v2\/comments?post=15866"}],"version-history":[{"count":0,"href":"https:\/\/www.boattoursamana.com\/da\/wp-json\/wp\/v2\/pages\/15866\/revisions"}],"wp:attachment":[{"href":"https:\/\/www.boattoursamana.com\/da\/wp-json\/wp\/v2\/media?parent=15866"}],"curies":[{"name":"wp","href":"https:\/\/api.w.org\/{rel}","templated":true}]}}