{"id":11569,"date":"2020-10-10T15:42:33","date_gmt":"2020-10-10T15:42:33","guid":{"rendered":"https:\/\/www.ticketswhales.com\/?post_type=product&#038;p=11569"},"modified":"2023-11-07T21:53:32","modified_gmt":"2023-11-07T21:53:32","slug":"private-kayaking-snorkeling-with-lunch-on-cayo-levantado-island","status":"publish","type":"product","link":"https:\/\/www.boattoursamana.com\/da\/tur\/privat-kajak-snorkling-med-frokost-pa-cayo-levantado-oen","title":{"rendered":"Samana: Cayo Levantado &amp; kajaksejlads + snorkling"},"content":{"rendered":"<div class=\"wpb_column vc_column_container vc_col-sm-12\"><div class=\"vc_column-inner\"><div class=\"wpb_wrapper\"><\/div><\/div><\/div><div class=\"vc_row wpb_row vc_row-fluid\" ><div class=\"wpb_column vc_column_container vc_col-sm-12\"><div class=\"vc_column-inner\"><div class=\"wpb_wrapper\">\n\t<div class=\"wpb_text_column wpb_content_element\" >\n\t\t<div class=\"wpb_wrapper\">\n\t\t\t<div class=\"vc_row wpb_row vc_row-fluid\">\n<div class=\"wpb_column vc_column_container vc_col-sm-12\">\n<div class=\"vc_column-inner\">\n<div class=\"wpb_wrapper\">\n<div class=\"mkdf-section-title-holder\">\n<div class=\"mkdf-st-inner\">\n<h5 class=\"mkdf-st-subtitle\">Fra Samana Havn: Privat rundvisning<\/h5>\n<h3 class=\"mkdf-st-title\">Privat kajak og snorkel med frokost p\u00e5 Cayo Levantado Island<\/h3>\n<\/div>\n<\/div>\n<div class=\"vc_empty_space\"><\/div>\n<\/div>\n<\/div>\n<\/div>\n<\/div>\n<div class=\"vc_row wpb_row vc_row-fluid\"><\/div>\n<div class=\"wpb_column vc_column_container vc_col-sm-12\">\n<div class=\"vc_column-inner\">\n<div class=\"wpb_wrapper\"><\/div>\n<\/div>\n<\/div>\n<div class=\"wpb_text_column wpb_content_element\">\n<div class=\"wpb_wrapper\"><\/div>\n<\/div>\n<div class=\"vc_row wpb_row vc_row-fluid\">\n<div class=\"wpb_column vc_column_container vc_col-sm-12\">\n<div class=\"vc_column-inner\">\n<div class=\"wpb_wrapper\">\n<div class=\"wpb_text_column wpb_content_element\">\n<div class=\"wpb_wrapper\">\n<div class=\"vc_row wpb_row vc_row-fluid\">\n<div class=\"wpb_column vc_column_container vc_col-sm-12\">\n<div class=\"vc_column-inner\">\n<div class=\"wpb_wrapper\">\n<div class=\"wpb_text_column wpb_content_element\">\n<div class=\"wpb_wrapper\">\n<h4><b><i>Oversigt\ud83d\udc33<\/i><\/b><\/h4>\n<p><strong>Undg\u00e5 store grupper af turister.<\/strong>\u00a0og tag din private kajak- og snorkeltur i Saman\u00e1-bugten med afgang fra havnen i Saman\u00e1.<\/p>\n<p>Beundre 40 minutters uovertruffen panoramaudsigt over Samana-bugten fra havet i kajak og snorkle i det krystalklare vand p\u00e5 en n\u00e6rliggende strand p\u00e5 den ber\u00f8mte Cayo Levantado\/Bacardi Island. Hvor vi kan str\u00e6kke benene og bruge vores snorkels\u00e6t, er der en anden verden at udforske!<br \/>\nEfter snorkling tager vi til en typisk dominikansk frokost p\u00e5 stranden og opdager den smukkeste \u00f8 i Den Dominikanske Republik. Hjem til et smukt luksushotel, hvide sandstrande, en frodig regnskov og fantastiske dygtige kunstnere, der tilbyder deres h\u00e5ndlavede malerier og andre produkter.<\/p>\n<p>Hvad kan du lave p\u00e5 \u00f8en?<br \/>\nSv\u00f8mning, vandreture, spille volleyball, tage billeder, snorkle, nyde stranden eller bare slappe af i skyggen og nyde en forfriskende drink (Pi\u00f1a Colada, Coco Loco, Cuba Libre osv.) Der er masser af muligheder for at nyde \u00f8en for alle !<\/p>\n<p>P\u00e5 vej tilbage til Saman\u00e1 skifter vi perspektiv og vores opm\u00e6rksomhed fanges af detaljer, som vi ikke havde lagt m\u00e6rke til f\u00f8r, og nyder hver meter cirka 40 min.<\/p>\n<p>Vi er de eneste, der tilbyder denne tur i hele Den Dominikanske Republik! Denne unikke oplevelse er dr\u00f8mmen, der g\u00e5r i opfyldelse for natur- og havelskere.<\/p>\n<p><strong>Bem\u00e6rk:<\/strong>\u00a0Denne tur er privat. (Kun dig og din familie eller venner og rejselederen).<\/p>\n<p>&nbsp;<\/p>\n<h4><b>Inklusioner og ekskluderinger<\/b><\/h4>\n<p>&nbsp;<\/p>\n<p><b>Inklusioner<\/b><\/p>\n<p>&nbsp;<\/p>\n<ol>\n<li>Buffet frokost p\u00e5 stranden.<\/li>\n<li>Tur guide<\/li>\n<li>kajakker, padleboarding<\/li>\n<li>Redningsvest<\/li>\n<li>Snorkels\u00e6t<\/li>\n<li>Alle skatter, gebyrer og ekspeditionsgebyrer.<\/li>\n<li>Lokale skatter<\/li>\n<li>Drikkevarer (flaske vand pr. person)<\/li>\n<\/ol>\n<p><b>Udelukkelser<\/b><\/p>\n<ol>\n<li>Tips<\/li>\n<li>Biloverf\u00f8rsel<\/li>\n<li>Alkohol<\/li>\n<\/ol>\n<p>&nbsp;<\/p>\n<h4><em><strong>Afgang og hjemrejse<\/strong><\/em><\/h4>\n<p>Denne tur starter kl. 8.00 og slutter omkring kl. 16.00. Men fordi det bliver en privat tur, kan du indstille start- og sluttidspunkt.<\/p>\n<p>Den rejsende f\u00e5r et m\u00f8dested efter reservationsprocessen. Ture starter og slutter ved vores m\u00f8desteder.<\/p>\n<p>&nbsp;<\/p>\n<h4><b><i>Hvad kan man forvente?<\/i><\/b><\/h4>\n<p>&nbsp;<\/p>\n<p><em><strong>F\u00e5 dine billetter<\/strong><\/em>\u00a0til kajaksejlads og snorkling i Samana Bay. 40 minutter med uforlignelig panoramaudsigt over Saman\u00e1-bugten fra havet i kajak og snorkling i det krystalklare vand p\u00e5 en n\u00e6rliggende strand i den ber\u00f8mte Cayo Levantado\/Bacardi. Typisk dominikansk frokost p\u00e5 stranden. I hvalsafari-s\u00e6sonen er der mulighed for at se pukkelhvaler.<\/p>\n<p>Kajak- og snorkelturen, arrangeret af &quot;Booking Adventures&quot;, starter ved m\u00f8destedet, der er fastsat med rejselederen. Frokost p\u00e5 stranden og du kan blive s\u00e5 l\u00e6nge du vil sv\u00f8mme. Hvis du er veganer, kan vi ogs\u00e5 lave noget mad til dig.<\/p>\n<p><strong>Kalender:<\/strong><\/p>\n<p>8:00 \u2013 16:00<\/p>\n<p>&nbsp;<\/p>\n<h4><em><strong>Hvad skal du medbringe?<\/strong><\/em><\/h4>\n<ul>\n<li>Kamera<\/li>\n<li>H\u00e5ndkl\u00e6de<\/li>\n<li>Solbeskyttelse<\/li>\n<li>Hat<\/li>\n<li>Komfortable bukser og sko.<\/li>\n<li>Sandaler til stranden<\/li>\n<li>Sv\u00f8mmer kjole<\/li>\n<li>Kontanter til souvenirs<\/li>\n<\/ul>\n<p>&nbsp;<\/p>\n<h4><b><i>Hotel afhentning<\/i><\/b><\/h4>\n<p>Hotel afhentning tilbydes ikke til denne tur.<\/p>\n<p>&nbsp;<\/p>\n<p><b>Bem\u00e6rk:<\/b>\u00a0Hvis du foretager reservationen inden for 24 timer f\u00f8r turens\/udflugtens afgangstid, kan vi arrangere hotelafhentning mod ekstra gebyrer. N\u00e5r dit k\u00f8b er gennemf\u00f8rt, sender vi dig de fulde kontaktoplysninger (telefonnummer, e-mailadresse osv.) p\u00e5 vores lokale rejseguide for at arrangere afhentning.<\/p>\n<h4><b><i>Bekr\u00e6ftelse af yderligere information<\/i><\/b><\/h4>\n<ol>\n<li>Billetter er kvitteringen efter betaling for denne tur. Du kan f\u00e5 vist betalingen p\u00e5 din telefon.<\/li>\n<li>M\u00f8destedet modtages efter bookingprocessen.<\/li>\n<li>B\u00f8rn skal ledsages af en voksen.<\/li>\n<li>K\u00f8restolsvenligt<\/li>\n<li>Babyer skal sidde p\u00e5 sk\u00f8det.<\/li>\n<li>De fleste rejsende er berettiget til at deltage.<\/li>\n<\/ol>\n<h4><b><i>Afbestillingspolitik<\/i><\/b><\/h4>\n<p>For en fuld refusion skal du annullere mindst 24 timer f\u00f8r oplevelsens startdato.<\/p>\n<\/div>\n<\/div>\n<\/div>\n<\/div>\n<\/div>\n<\/div>\n<\/div>\n<\/div>\n<\/div>\n<\/div>\n<\/div>\n<\/div>\n<div class=\"vc_row wpb_row vc_row-fluid\">\n<div class=\"wpb_column vc_column_container vc_col-sm-12\">\n<div class=\"vc_column-inner\">\n<div class=\"wpb_wrapper\">\n<div class=\"vc_empty_space\"><\/div>\n<div class=\"wpb_text_column wpb_content_element\">\n<div class=\"wpb_wrapper\">\n<h4>Kontakt os?<\/h4>\n<h5><b><i>Eventyr reservationer<\/i><\/b><\/h5>\n<p><em>Turistguider og g\u00e6steservice.\u00a0<strong>lokal<\/strong>\u00a0og\u00a0<strong>national<\/strong><\/em><\/p>\n<p><span class=\"text-turquoise\">Reservationer:<\/span>\u00a0Ture og udflugter i Dom. Repr\u00e6sentanter.<\/p>\n<p>\ud83d\udcde Telefon\/Whatsapp\u00a0<a href=\"tel: 1-809-720-6035\">+ 1-809-720-6035<\/a>\u00a0.<\/p>\n<p>\ud83d\udce9\u00a0<a href=\"mailto:info@bookingadventures.com.do\">info@bookingadventures.com.do<\/a><\/p>\n<p><strong>Vi er private ture med fleksibel konfiguration af Whatsapp:\u00a0<a href=\"tel: 18097206035\">+18097206035.<\/a><\/strong><\/p>\n<\/div>\n<\/div>\n<\/div>\n<\/div>\n<\/div>\n<\/div>\n\n\t\t<\/div>\n\t<\/div>\n<\/div><\/div><\/div><\/div>","protected":false},"excerpt":{"rendered":"<p>Privat kajak- og snorkeltur i Samana Bay, Den Dominikanske Republik med lokale rejseguider. Indstil gerne det starttidspunkt, der passer dig bedst. Book denne Samana Bay-udflugt nu for at leve det sande caribiske eventyr.<\/p>\n<p>Bem\u00e6rk: Denne tur er privat!<\/p>\n<p>&nbsp;<\/p>\n<p><em><strong>V\u00e6lg datoen for turen:<\/strong><\/em><\/p>","protected":false},"featured_media":13413,"template":"","meta":[],"product_cat":[255,946,655],"product_tag":[184,328,208,327,187,342,433,276],"class_list":["post-11569","product","type-product","status-publish","has-post-thumbnail","hentry","product_cat-tours-excursions-samana-bay-dominican-republic","product_cat-1-sabana-de-la-mar","product_cat-1-samana","product_tag-bacardi-island","product_tag-cayo-levantado-day-pass","product_tag-kayaking-dominican-republic","product_tag-private-tours-samana","product_tag-samana-tours","product_tag-samana-whale-watching","product_tag-snorkeling","product_tag-whale-samana"],"_links":{"self":[{"href":"https:\/\/www.boattoursamana.com\/da\/wp-json\/wp\/v2\/product\/11569","targetHints":{"allow":["GET"]}}],"collection":[{"href":"https:\/\/www.boattoursamana.com\/da\/wp-json\/wp\/v2\/product"}],"about":[{"href":"https:\/\/www.boattoursamana.com\/da\/wp-json\/wp\/v2\/types\/product"}],"wp:featuredmedia":[{"embeddable":true,"href":"https:\/\/www.boattoursamana.com\/da\/wp-json\/wp\/v2\/media\/13413"}],"wp:attachment":[{"href":"https:\/\/www.boattoursamana.com\/da\/wp-json\/wp\/v2\/media?parent=11569"}],"wp:term":[{"taxonomy":"product_cat","embeddable":true,"href":"https:\/\/www.boattoursamana.com\/da\/wp-json\/wp\/v2\/product_cat?post=11569"},{"taxonomy":"product_tag","embeddable":true,"href":"https:\/\/www.boattoursamana.com\/da\/wp-json\/wp\/v2\/product_tag?post=11569"}],"curies":[{"name":"wp","href":"https:\/\/api.w.org\/{rel}","templated":true}]}}