{"id":11778,"date":"2020-12-13T08:28:52","date_gmt":"2020-12-13T08:28:52","guid":{"rendered":"https:\/\/www.ticketswhales.com\/?post_type=product&#038;p=11778"},"modified":"2023-11-07T21:16:27","modified_gmt":"2023-11-07T21:16:27","slug":"hiking-trails-in-barahona-dominican-republic-cachote-mountains-tropical-fruits-swim","status":"publish","type":"product","link":"https:\/\/www.boattoursamana.com\/da\/tur\/vandrestier-i-barahona-dominikanske-republik-cachote-bjerge-tropiske-frugter-svom-2","title":{"rendered":"Vandrestier i Barahona (Dominikanske Republik). Cachote-bjerge, tropiske frugter og sv\u00f8mning"},"content":{"rendered":"<div class=\"vc_row wpb_row vc_row-fluid\" ><div class=\"wpb_column vc_column_container vc_col-sm-12\"><div class=\"vc_column-inner\"><div class=\"wpb_wrapper\">\n\t<div class=\"wpb_text_column wpb_content_element\" >\n\t\t<div class=\"wpb_wrapper\">\n\t\t\t<p><span style=\"vertical-align: inherit;\"><span style=\"vertical-align: inherit;\"><\/p>\n\n\t\t<\/div>\n\t<\/div>\n<div class=\"vc_btn3-container vc_btn3-inline\" ><button class=\"vc_general vc_btn3 vc_btn3-size-md vc_btn3-shape-rounded vc_btn3-style-modern vc_btn3-color-green\">BOOK NU<\/button><\/div>\n\t<div class=\"wpb_text_column wpb_content_element\" >\n\t\t<div class=\"wpb_wrapper\">\n\t\t\t<p><\/span><\/span><\/p>\n<div class=\"vc_row wpb_row vc_row-fluid\">\n<div class=\"wpb_column vc_column_container vc_col-sm-12\">\n<div class=\"vc_column-inner\">\n<div class=\"wpb_wrapper\">\n<div class=\"mkdf-section-title-holder\">\n<div class=\"mkdf-st-inner\">\n<h5 class=\"mkdf-st-subtitle\">Cachote Mountains, Tropical Fruits &amp; Swim<\/h5>\n<h3 class=\"mkdf-st-title\">Hiking trails in Barahona (Dominican Republic).<\/h3>\n<\/div>\n<\/div>\n<\/div>\n<\/div>\n<\/div>\n<\/div>\n<div class=\"vc_row wpb_row vc_row-fluid\">\n<div class=\"wpb_column vc_column_container vc_col-sm-12\">\n<div class=\"vc_column-inner\">\n<div class=\"wpb_wrapper\">\n<div class=\"wpb_text_column wpb_content_element\">\n<div class=\"wpb_wrapper\">\n<h4><b><i>Oversigt<\/i><\/b><\/h4>\n<p>Enjoy a day hiking in the Mountains of Cachote, Barahona. Starting from Paraiso Community. Learning about coffee plantation areas. Swimming in Natural springs and one of the most beautiful beaches in the Dominican Republic with scenic photos.<\/p>\n<h4><b>Inklusioner &amp; Eksklusioner<\/b><\/h4>\n<p>&nbsp;<\/p>\n<p><b>Inklusioner<\/b><\/p>\n<ol>\n<li>Lokal guide med sikkerhedserfaring i omr\u00e5det.<\/li>\n<li>Privat transport for sm\u00e5 grupper<\/li>\n<li>Alle skatter, gebyrer og ekspeditionsgebyrer<\/li>\n<li>Pick up \/ Transportation from your hotel (Barahona \/ Para\u00edso \/ Los Patos area)<\/li>\n<li>Local guide who speaks English or French<\/li>\n<li>Typisk frokost (sandwich type) og en flaske vand<\/li>\n<li>Lokale skatter<\/li>\n<li>Vandring<\/li>\n<li>Naturlige pools<\/li>\n<\/ol>\n<p><b>Udelukkelser<\/b><\/p>\n<ol>\n<li>Drikkepenge<\/li>\n<li>Alle drikkevarer<\/li>\n<li>Alle tjenester, der ikke er specifikt n\u00e6vnt<\/li>\n<li>Personlige udgifter og tips<\/li>\n<\/ol>\n<h4><em><strong>Afgang og hjemrejse<\/strong><\/em><\/h4>\n<p>Den rejsende f\u00e5r et m\u00f8dested efter reservationsprocessen. Ture starter og slutter i dine m\u00f8desteder.<\/p>\n<p>Sv\u00e6rhedsgrad: Middel-sv\u00e6r<br \/>\nG\u00e5turens varighed: 5-6 timer<br \/>\nH\u00f8jde: 800 meter<br \/>\nAfgang fra hotellet: 08.00<br \/>\nRetur til hotellet: 17.00<\/p>\n<h2 class=\"styles__heading___mD4_3\" data-radium=\"true\">Vandrestier i Barahona (Dominikanske Republik). Cachote-bjerge, tropiske frugter og sv\u00f8mning<\/h2>\n<h4><em>Hvad kan man forvente?<\/em><\/h4>\n<p>Vi starter denne tur i byen Ojeda, som er ber\u00f8mt for sin store produktion af typiske caribiske frugter og gr\u00f8ntsager. Undervejs kan vi smage avocadoer, appelsiner, grapefrugter, citroner, guavaer, mango, papaya, sapotes og soursop!<\/p>\n<p>Efter halvanden times klatring n\u00e5r vi et imponerende udsigtspunkt over byen Para\u00edso, Riosito og Cachotes h\u00f8je bjerge.<\/p>\n<p>Vi forts\u00e6tter med at klatre i et koldere og mere fugtigt klima, indtil vi n\u00e5r byen Barrio Nuevo, hvor vi spiser frokost.<\/p>\n<p>Om eftermiddagen krydser vi en storsl\u00e5et kaffefarm p\u00e5 toppen af bjerget 800 meter over havets overflade. Derefter g\u00e5r vi ned i 1 time, indtil vi n\u00e5r Riosito-kl\u00f8ften, hvor vi kan bade i en smuk naturlig pool omgivet af den tropiske skov.<\/p>\n<p>Forts\u00e6t med at g\u00e5 gennem Riosito-dalen for at afslutte dagen med at bade ved Paraiso-stranden.<\/p>\n<h4><em><strong>Hvad skal du medbringe?<\/strong><\/em><\/h4>\n<ul>\n<li>Kamera<\/li>\n<li>Afvisende knopper<\/li>\n<li>Solcreme<\/li>\n<li>Toilet<\/li>\n<li>Hat<\/li>\n<li>Komfortable bukser<\/li>\n<li>Vandresko til skov<\/li>\n<li>Sandaler til for\u00e5rets omr\u00e5der.<\/li>\n<li>Badet\u00f8j<\/li>\n<\/ul>\n<p>&nbsp;<\/p>\n<h4><b><i>Pickup hotel<\/i><\/b><\/h4>\n<p>Hotel afhentning tilbydes til denne tur. Afhentning\/transport fra dit hotel (omr\u00e5det Barahona\/Paraiso\/Los Patos).<\/p>\n<p><b>Bem\u00e6rk:<\/b>\u00a0If you are booked within 24 hours of the tour\/Excursion departure time, we can arrange hotel pick-up. We just pick up in Barahona areas. Once your purchase is complete, we will send you complete contact information (phone number, email address, etc.) for our local Tour guide to organize pick-up arrangements.<\/p>\n<h4><b><i>Yderligere info bekr\u00e6ftelse<\/i><\/b><\/h4>\n<ol>\n<li>Billetter er kvitteringen efter betaling af denne tur. Du kan vise betalingen p\u00e5 din telefon.<\/li>\n<li>M\u00f8depunktet vil blive modtaget efter reservationsprocessen.<\/li>\n<li>B\u00f8rn skal ledsages af en voksen.<\/li>\n<li>Ikke tilg\u00e6ngelig for k\u00f8restolsbrugere<\/li>\n<li>Sp\u00e6db\u00f8rn skal sidde p\u00e5 sk\u00f8det<\/li>\n<li>Anbefales ikke til rejsende med rygproblemer<\/li>\n<li>Anbefales ikke til gravide rejsende<\/li>\n<li>Ingen hjerteproblemer eller andre alvorlige medicinske tilstande<\/li>\n<li>De fleste rejsende kan deltage<\/li>\n<\/ol>\n<h4><b><i>Afbestillingspolitik<\/i><\/b><\/h4>\n<p>For a full refund, cancel at least 72 hours in advance of the start date of the experience. Funds will be lost if the reservation is canceled the same day of the trip.<\/p>\n<\/div>\n<\/div>\n<\/div>\n<\/div>\n<\/div>\n<\/div>\n\n\t\t<\/div>\n\t<\/div>\n<\/div><\/div><\/div><\/div><div class=\"wpb_column vc_column_container vc_col-sm-12\"><div class=\"vc_column-inner\"><div class=\"wpb_wrapper\"><\/div><\/div><\/div><div class=\"wpb_column vc_column_container vc_col-sm-12\"><div class=\"vc_column-inner\"><div class=\"wpb_wrapper\"><\/div><\/div><\/div>","protected":false},"excerpt":{"rendered":"<p>Buy a Day Pass Tickets to Bahia las Aguilas from Barahona. Driving through the national park Jaragua and heading to Cabo Rojo, where a boat awaits you. After a 15-minute ride with the boat, you will be reaching the beautiful and isolated Bah\u00eda de las \u00c1guilas, which is considered to be the most beautiful beach in the country. Lunch will be served at the beach and you have the chance to go swimming or just relax on the beach. Enjoy the pristine white sand of this 8 km long beach.<\/p>\n<p>&nbsp;<\/p>\n<p><strong>V\u00e6lg dagen for denne rejse:<\/strong><\/p>","protected":false},"featured_media":11651,"template":"","meta":[],"product_cat":[160,847],"product_tag":[850,566,849,848],"class_list":["post-11778","product","type-product","status-publish","has-post-thumbnail","hentry","product_cat-lunch","product_cat-barahona","product_tag-barahona-hiking","product_tag-barahona-tours","product_tag-cachote-tour","product_tag-paraiso-tour"],"_links":{"self":[{"href":"https:\/\/www.boattoursamana.com\/da\/wp-json\/wp\/v2\/product\/11778","targetHints":{"allow":["GET"]}}],"collection":[{"href":"https:\/\/www.boattoursamana.com\/da\/wp-json\/wp\/v2\/product"}],"about":[{"href":"https:\/\/www.boattoursamana.com\/da\/wp-json\/wp\/v2\/types\/product"}],"wp:featuredmedia":[{"embeddable":true,"href":"https:\/\/www.boattoursamana.com\/da\/wp-json\/wp\/v2\/media\/11651"}],"wp:attachment":[{"href":"https:\/\/www.boattoursamana.com\/da\/wp-json\/wp\/v2\/media?parent=11778"}],"wp:term":[{"taxonomy":"product_cat","embeddable":true,"href":"https:\/\/www.boattoursamana.com\/da\/wp-json\/wp\/v2\/product_cat?post=11778"},{"taxonomy":"product_tag","embeddable":true,"href":"https:\/\/www.boattoursamana.com\/da\/wp-json\/wp\/v2\/product_tag?post=11778"}],"curies":[{"name":"wp","href":"https:\/\/api.w.org\/{rel}","templated":true}]}}