{"id":12004,"date":"2021-01-16T16:21:26","date_gmt":"2021-01-16T16:21:26","guid":{"rendered":"https:\/\/www.ticketswhales.com\/Tours-Excursions\/uncategorized\/import-placeholder-for-8658\/"},"modified":"2023-11-07T21:11:43","modified_gmt":"2023-11-07T21:11:43","slug":"excursion-whale-watching-cayo-levantado-from-cap-cana-private-tour","status":"publish","type":"product","link":"https:\/\/www.boattoursamana.com\/da\/tur\/udflugt-hvalsafari-cayo-levantado-fra-cap-cana-privat-tur","title":{"rendered":"Punta Cana \/ Cap Cana: Udflugt til hvalsafari + Cayo Levantado (privat tur)"},"content":{"rendered":"<div class=\"wpb_column vc_column_container vc_col-sm-12\"><div class=\"vc_column-inner\"><div class=\"wpb_wrapper\"><div class=\"vc_btn3-container vc_btn3-inline\" ><a class=\"vc_general vc_btn3 vc_btn3-size-md vc_btn3-shape-rounded vc_btn3-style-modern vc_btn3-color-green\" href=\"https:\/\/bookingadventures.tours\/booking.php?tour_id=6ed21424a849c63fc6398949d1f80266\" title=\"\" rel=\"noopener\">BOOK NU<\/a><\/div><\/div><\/div><\/div><div class=\"vc_row wpb_row vc_row-fluid\" ><div class=\"wpb_column vc_column_container vc_col-sm-12\"><div class=\"vc_column-inner\"><div class=\"wpb_wrapper\">\n\t<div class=\"wpb_text_column wpb_content_element\" >\n\t\t<div class=\"wpb_wrapper\">\n\t\t\t<div class=\"vc_row wpb_row vc_row-fluid\">\n<div class=\"wpb_column vc_column_container vc_col-sm-12\">\n<div class=\"vc_column-inner\">\n<div class=\"wpb_wrapper\">\n<div class=\"wpb_text_column wpb_content_element\">\n<div class=\"wpb_wrapper\">\n<h3>Udflugt til hvalsafari + Cayo Levantado fra Punta Cana\/Cap Cana (privat tur)<\/h3>\n<p>Hvalsafari i Samana-bugten med start fra Punta Cana\/Cap Cana hoteller i privat transport. Denne tur starter mellem 6:00 og 8:00 og slutter omkring 19:00. Efter at have aborteret vores b\u00e5d for at bes\u00f8ge hvalerne i deres eget habitat. Efter denne hvaltur bes\u00f8ger vi Bacardi Island \/ Cayo Levantado (valgfrit). P\u00e5 Bacardi Island vil der blive serveret frokostbuffet fra en typisk dominikansk stil. N\u00e5r frokosten er f\u00e6rdig, m\u00e5 du sv\u00f8mme indtil kl. 16.00. Turen afsluttes i den samme havn, hvorfra den starter kl. 17.00. Herefter tager vi dig tilbage til dit hotel.<\/p>\n<p>Bem\u00e6rk: Dette er en privat tur med en minimumsbetaling p\u00e5 540 USD. Hvis du er mindre end 4 personer, bedes du kontakte os, og vi sender dig et link, hvor du kan booke denne tur.\u00a0<strong><em>For at deltage i en gruppe til hvalsafari med afhentning p\u00e5 dit hotel venligst<\/em>\u00a0<\/strong><a href=\"https:\/\/www.boattoursamana.com\/da\/Tours-Excursions\/tours-excursions-samana-bay-dominican-republic\/whale-watching-2020-in-punta-cana-to-samana-bay-cayo-levantado-bacardi-island-from-hotels\/\" data-mil=\"12004\">KLIK HER.<\/a><\/p>\n<ul>\n<li>Hvalsafari Privat tur<\/li>\n<li>Indgangsgebyrer til observatoriet<\/li>\n<li>Inkluderer frokostbuffet p\u00e5 stranden<\/li>\n<li>Privat overf\u00f8rsel fra hoteller<\/li>\n<li>Privat b\u00e5doverf\u00f8rsel<\/li>\n<li>Kaptajnen s\u00f8rger for instruktion og supervision<\/li>\n<li>Tur guide<\/li>\n<\/ul>\n<p>&nbsp;<\/p>\n<h4><b>Inklusioner &amp; Eksklusioner<\/b><\/h4>\n<p>&nbsp;<\/p>\n<p><b>Inklusioner<\/b><\/p>\n<ol>\n<li>Buffet frokost p\u00e5 stranden<\/li>\n<li>Tur guide<\/li>\n<li>Transfer bil<\/li>\n<li>Sejltur<\/li>\n<li>Alle skatter, gebyrer og ekspeditionsgebyrer<\/li>\n<li>Lokale skatter<\/li>\n<li>Drikkevarer<\/li>\n<\/ol>\n<p><b>Udelukkelser<\/b><\/p>\n<ol>\n<li>Drikkepenge<\/li>\n<li>Alkoholiske drikkevarer<\/li>\n<\/ol>\n<p>&nbsp;<\/p>\n<h4><em><strong>Afgang og hjemrejse<\/strong><\/em><\/h4>\n<p>Den rejsende f\u00e5r et m\u00f8dested efter reservationsprocessen. Ture starter og slutter ved m\u00f8destedet.<\/p>\n<p>&nbsp;<\/p>\n<h4><b><i>Hvad kan man forvente?<\/i><\/b><\/h4>\n<p>&nbsp;<\/p>\n<p><em><strong>F\u00e5 dine billetter<\/strong><\/em>\u00a0for en dag Hvalsafari privat fra Cap Cana til Samana-bugten, plus en vidunderlig frokost og strandtid.<\/p>\n<p>Dagpasset til hvalsafari, organiseret af &quot;Booking Adventures&quot;, starter ved m\u00f8destedet, der er fastsat med rejselederen. Frokost p\u00e5 stranden og du kan blive s\u00e5 l\u00e6nge du vil sv\u00f8mme rundt. Hvis du er veganer, kan vi ogs\u00e5 lave mad til dig.<\/p>\n<p><strong>Tidsplan:<\/strong><\/p>\n<p>Fleksibel<\/p>\n<p>&nbsp;<\/p>\n<h4><em><strong>Hvad skal du medbringe?<\/strong><\/em><\/h4>\n<ul>\n<li>Kamera<\/li>\n<li>Afvisende knopper<\/li>\n<li>Solcreme<\/li>\n<li>Hat<\/li>\n<li>Komfortable bukser<\/li>\n<li>Sandaler til stranden<\/li>\n<li>Badet\u00f8j<\/li>\n<li>Kontanter til souvenirs<\/li>\n<\/ul>\n<p>&nbsp;<\/p>\n<h4><b><i>Hotel afhentning<\/i><\/b><\/h4>\n<p>Hotel afhentning er inkluderet i denne tur. Vi henter p\u00e5 ethvert hotel i Punta Cana \/ Cap Cana-omr\u00e5det.<\/p>\n<p>&nbsp;<\/p>\n<p><b>Bem\u00e6rk:<\/b>\u00a0hvis du bestiller inden for 24 timer efter turens\/udflugtens afgangstidspunkt, kan vi arrangere hotelafhentning. N\u00e5r dit k\u00f8b er gennemf\u00f8rt, sender vi dig fuldst\u00e6ndige kontaktoplysninger (telefonnummer, e-mailadresse osv.), s\u00e5 vores lokale rejseguide kan organisere afhentningsarrangementer.<\/p>\n<h4><b><i>Yderligere info bekr\u00e6ftelse<\/i><\/b><\/h4>\n<ol>\n<li>Billetter er kvitteringen efter betaling af denne tur. Du kan vise betalingen p\u00e5 din telefon.<\/li>\n<li>M\u00f8depunkt modtages efter reservationsprocessen.<\/li>\n<li>B\u00f8rn skal ledsages af en voksen.<\/li>\n<li>K\u00f8restolsvenligt<\/li>\n<li>Sp\u00e6db\u00f8rn skal sidde p\u00e5 sk\u00f8det<\/li>\n<li>De fleste rejsende kan deltage<\/li>\n<\/ol>\n<h4><b><i>Afbestillingspolitik<\/i><\/b><\/h4>\n<p>For en fuld refusion skal du annullere mindst 24 timer f\u00f8r startdatoen for oplevelsen.<\/p>\n<\/div>\n<\/div>\n<\/div>\n<\/div>\n<\/div>\n<\/div>\n<div class=\"vc_row wpb_row vc_row-fluid\">\n<div class=\"wpb_column vc_column_container vc_col-sm-12\">\n<div class=\"vc_column-inner\">\n<div class=\"wpb_wrapper\">\n<div class=\"wpb_text_column wpb_content_element\">\n<div class=\"wpb_wrapper\">\n<h4>Kontakt os?<\/h4>\n<h5><b><i>TOUR HVALER SAMANA<\/i><\/b><\/h5>\n<p><em><strong>Lokalbefolkningen<\/strong>\u00a0og\u00a0<strong>Nationale<\/strong>\u00a0Turguider og g\u00e6steservice<\/em><\/p>\n<p><span class=\"text-turquoise\">Reservationer:<\/span>\u00a0\u00a0Tours y Excursiones en Dom. Reps.<\/p>\n<p><img decoding=\"async\" class=\"emoji\" draggable=\"false\" src=\"https:\/\/s.w.org\/images\/core\/emoji\/11.2.0\/svg\/1f4de.svg\" alt=\"\ud83d\udcde\" title=\"\">\u00a0Tlf\/Whatsapp\u00a0\u00a0\u00a0<a href=\"tel:+1-809-720-6035\">+ 1-809-720-6035<\/a>\u00a0.<\/p>\n<p data-wp-editing=\"1\"><a href=\"mailto:Reservabatour@gmail.com\"><img decoding=\"async\" class=\"emoji\" draggable=\"false\" src=\"https:\/\/s.w.org\/images\/core\/emoji\/11.2.0\/svg\/1f4e9.svg\" alt=\"\ud83d\udce9\" title=\"\"> Reservabatour@gmail.com<\/a><\/p>\n<p>&nbsp;<\/p>\n<\/div>\n<\/div>\n<\/div>\n<\/div>\n<\/div>\n<\/div>\n\n\t\t<\/div>\n\t<\/div>\n<div class=\"vc_btn3-container vc_btn3-inline\" ><a class=\"vc_general vc_btn3 vc_btn3-size-md vc_btn3-shape-rounded vc_btn3-style-modern vc_btn3-color-green\" href=\"https:\/\/bookingadventures.tours\/booking.php?tour_id=6ed21424a849c63fc6398949d1f80266\" title=\"\" rel=\"noopener\">BOOK NU<\/a><\/div><\/div><\/div><\/div><\/div>","protected":false},"excerpt":{"rendered":"<p>Book din tur til en hvalsafarioplevelse med start fra Cap Cana p\u00e5 en privat tur med professionelle milj\u00f8fork\u00e6mpere. Hvis du gerne vil kontakte os for r\u00e5dgivning, s\u00e5 send venligst en e-mail, Whatsapp eller Opkald til r\u00e5dighed. Bestil venligst dine billetter p\u00e5 forh\u00e5nd. I hvals\u00e6sonen er der mange reservationer, og vi vil gerne have dine billetter sikkert for dig.<\/p>\n<p>Bem\u00e6rk: Dette er en privat tur med en minimumsbetaling p\u00e5 4 . Hvis du er mindre end 4 personer, bedes du kontakte os, og vi sender dig et link, hvor du kan booke denne tur. For at deltage i en hvalsafarigruppe med afhentning fra dit hotel, KLIK HER.<\/p>\n<p><strong>Bem\u00e6rk venligst: Sp\u00e6db\u00f8rn (0 \u2013 23 m\u00e5neder) gratis, b\u00f8rn (2 \u2013 10 \u00e5r)<\/strong><\/p>\n<p><em><strong>V\u00e6lg datoen for turen:<\/strong><\/em><\/p>","protected":false},"featured_media":13304,"template":"","meta":[],"product_cat":[948,655,854,855,971,968,856,662,942,664],"product_tag":[296,682,683,186,667,342,668,524,669,276,274,525,670],"class_list":["post-12004","product","type-product","status-publish","has-post-thumbnail","hentry","product_cat-1-punta-cana","product_cat-1-samana","product_cat-cap-cana-whale-watching","product_cat-outdoor-activities","product_cat-punta-cana-private-tours","product_cat-punta-cana-whale-watching","product_cat-water-activities","product_cat-whale-watching","product_cat-whale-watching-private-tours","product_cat-whale-watching-punta-cana","product_tag-day-trip-punta-cana","product_tag-private-punta-cana","product_tag-punta-cana-whale-watching","product_tag-samana","product_tag-samana-tour","product_tag-samana-whale-watching","product_tag-whale","product_tag-whale-punta-cana","product_tag-whale-sabana-de-la-mar","product_tag-whale-samana","product_tag-whale-watching-dominican-republic","product_tag-whale-watching-punta-cana","product_tag-whales-trips"],"_links":{"self":[{"href":"https:\/\/www.boattoursamana.com\/da\/wp-json\/wp\/v2\/product\/12004","targetHints":{"allow":["GET"]}}],"collection":[{"href":"https:\/\/www.boattoursamana.com\/da\/wp-json\/wp\/v2\/product"}],"about":[{"href":"https:\/\/www.boattoursamana.com\/da\/wp-json\/wp\/v2\/types\/product"}],"wp:featuredmedia":[{"embeddable":true,"href":"https:\/\/www.boattoursamana.com\/da\/wp-json\/wp\/v2\/media\/13304"}],"wp:attachment":[{"href":"https:\/\/www.boattoursamana.com\/da\/wp-json\/wp\/v2\/media?parent=12004"}],"wp:term":[{"taxonomy":"product_cat","embeddable":true,"href":"https:\/\/www.boattoursamana.com\/da\/wp-json\/wp\/v2\/product_cat?post=12004"},{"taxonomy":"product_tag","embeddable":true,"href":"https:\/\/www.boattoursamana.com\/da\/wp-json\/wp\/v2\/product_tag?post=12004"}],"curies":[{"name":"wp","href":"https:\/\/api.w.org\/{rel}","templated":true}]}}