{"id":12091,"date":"2021-02-05T16:38:28","date_gmt":"2021-02-05T16:38:28","guid":{"rendered":"https:\/\/www.ticketswhales.com\/?post_type=product&#038;p=12091"},"modified":"2023-11-07T21:00:20","modified_gmt":"2023-11-07T21:00:20","slug":"27-waterfalls-buggies-tour-puerto-plata","status":"publish","type":"product","link":"https:\/\/www.boattoursamana.com\/da\/tur\/27-vandfald-buggies-tour-puerto-plata","title":{"rendered":"27 vandfald Buggies (vandreture og sv\u00f8mning)"},"content":{"rendered":"<div class=\"vc_row wpb_row vc_row-fluid\" ><div class=\"wpb_column vc_column_container vc_col-sm-12\"><div class=\"vc_column-inner\"><div class=\"wpb_wrapper\"><div class=\"mkdf-section-title-holder\" style=\"text-align: left\">\n\t<div class=\"mkdf-st-inner\">\n\t\t\t\t\t<h5 class=\"mkdf-st-subtitle\" >\n\t\t\t\tFrokost inkluderet\t\t\t<\/h5>\n\t\t\t\t\t\t\t<h3 class=\"mkdf-st-title\" >\n\t\t\t\t27 Vandfald Buggies Tour Puerto Plata\t\t\t<\/h3>\n\t\t\t\t\t<\/div>\n<\/div><div class=\"vc_message_box vc_message_box-standard vc_message_box-rounded vc_color-info\" ><div class=\"vc_message_box-icon\"><i class=\"fas fa-info-circle\"><\/i><\/div><p>Book Just The entr\u00e9billetter eller med transport: <a href=\"https:\/\/www.boattoursamana.com\/da\/?s=27+waterfalls&amp;post_type=product&amp;dgwt_wcas=1\">Klik her.<\/a><\/p>\n<\/div><div class=\"vc_empty_space\"   style=\"height: 32px\"><span class=\"vc_empty_space_inner\"><\/span><\/div><\/div><\/div><\/div><\/div><div class=\"vc_row wpb_row vc_row-fluid\" ><div class=\"wpb_column vc_column_container vc_col-sm-12\"><div class=\"vc_column-inner\"><div class=\"wpb_wrapper\"><div class=\"vc_btn3-container vc_btn3-inline\" ><button class=\"vc_general vc_btn3 vc_btn3-size-md vc_btn3-shape-rounded vc_btn3-style-modern vc_btn3-color-green\">BOOK NU<\/button><\/div>\n\t<div class=\"wpb_text_column wpb_content_element\" >\n\t\t<div class=\"wpb_wrapper\">\n\t\t\t<h2 class=\"ui_header h1 attractions-product-info-ProductTitle__title--1qM0o\">27 Vandfald Buggies Tour Puerto Plata<\/h2>\n<p><b><i>Oversigt <\/i><\/b><\/p>\n<p>F\u00e5 dine billetter til buggies i Puerto Plata med den laveste pris for damajagua vandfald. Damajagua omr\u00e5der med de bedste <strong data-key=\"puerto plata waterfall excursion\">puerto plata vandfald udflugt.\u00a0<\/strong><\/p>\n<p>Der er ingen mere sp\u00e6ndende m\u00e5de at udforske det vilde dominikanske landskab p\u00e5 end en af disse buggies p\u00e5 en tur med lokalbefolkningen. Tag off-road stier med 27 vandfaldsskovomr\u00e5der i din kulisse, og sv\u00f8m i en flod eller p\u00e5 stranden p\u00e5 dette halvdags morgeneventyr.<\/p>\n<p>Efter kyndig instruktion er det tid til at g\u00e5 p\u00e5 stierne og begive sig ud i landskabet. Du kommer forbi palmelunde, rustikke landbrugsjorder og landsbyer, mens du suser ned ad de st\u00f8vede junglestier \u2013 et godt stykke v\u00e6k fra den slagne vej.<\/p>\n<p>Der vil v\u00e6re et par pitstop, hvor du kan snuppe en frisk kokosn\u00f8d med p\u00e5 vejen, hvis du f\u00f8ler dig t\u00f8rstig. P\u00e5 den ene eller anden m\u00e5de bliver du ogs\u00e5 beskidt, s\u00e5 tag dit badet\u00f8j med og k\u00f8l af ved stranden eller den naturlige flod \u2013 en dejlig m\u00e5de at st\u00f8ve dig selv af. Du vil ogs\u00e5 komme til at skylle en sp\u00e6ndende dag ned med gratis iskold \u00f8l eller cocktail tilbage ved basen. Kontakt os for vores <strong>vandfald af damajagua og off-road buggy combo<\/strong> .<\/p>\n<ul>\n<li style=\"font-weight: 400;\">Gebyrer inkluderet<\/li>\n<li>Frokost<\/li>\n<li>Snacks<\/li>\n<li style=\"font-weight: 400;\">Lokal rejseguide p\u00e5 engelsk<\/li>\n<\/ul>\n<p>&nbsp;<\/p>\n<h4><b>Inklusioner &amp; Eksklusioner<\/b><\/h4>\n<p>&nbsp;<\/p>\n<p><b>Inklusioner<\/b><\/p>\n<ol>\n<li>Frokost<\/li>\n<li style=\"font-weight: 400;\"><span style=\"font-weight: 400;\">Alle skatter, gebyrer og ekspeditionsgebyrer<\/span><\/li>\n<li style=\"font-weight: 400;\"><span style=\"font-weight: 400;\">Lokale skatter<\/span><\/li>\n<li style=\"font-weight: 400;\"><span style=\"font-weight: 400;\">Drikkevarer<\/span><\/li>\n<li>Snacks<\/li>\n<li style=\"font-weight: 400;\"><span style=\"font-weight: 400;\">Alle aktiviteter<\/span><\/li>\n<li style=\"font-weight: 400;\"><span style=\"font-weight: 400;\">Lokal guide<\/span><\/li>\n<\/ol>\n<p><b> Udelukkelser<\/b><\/p>\n<ol>\n<li style=\"font-weight: 400;\"><span style=\"font-weight: 400;\">Drikkepenge<\/span><\/li>\n<li>transport (Indstil ved at kontakte os)<\/li>\n<li style=\"font-weight: 400;\"><span style=\"font-weight: 400;\">Alkoholiske drikkevarer<\/span><\/li>\n<\/ol>\n<p>&nbsp;<\/p>\n<p><em><strong>Afgang og hjemrejse<\/strong><\/em><\/p>\n<p><span style=\"font-weight: 400;\">Den rejsende f\u00e5r et m\u00f8dested efter reservationsprocessen. Ture starter og slutter ved dine m\u00f8desteder.<\/span><\/p>\n<h4><\/h4>\n<h3 class=\"ui_header h1 attractions-product-info-ProductTitle__title--1qM0o\">27 vandfald i damajagua puerto plata ture udflugter<\/h3>\n<p><b><i>Hvad kan man forvente?<\/i><\/b><\/p>\n<div class=\"apd_content_block\" data-tab=\"TABS_OVERVIEW\"><\/div>\n<div data-tab=\"TABS_WHAT_TO_EXPECT\">\n<div class=\"ui_card attractions-card-CollapsibleProductDetailsCard__cardContainer--3r2wk attractions-card-CollapsibleProductDetailsCard__cleanslateOverrideDT--2AJh0\">\n<div class=\"attractions-card-CollapsibleCard__content--2Ws8q\">\n<div class=\"attractions-card-CollapsibleCard__contentWrap--374jk attractions-card-CollapsibleCard__titleUnderline--1uHze\">\n<div class=\"attractions-card-CollapsibleProductDetailsCard__cardContent--23ext\">\n<div class=\"common-text-ReadMore__readMore--3Iu8c common-text-ReadMore__variantFadeOut--1tInd\">\n<div class=\"common-text-ReadMore__content--2X4LR\">\n<div class=\"ui_columns is-desktop\">\n<div class=\"ui_column\">\n<p>Damajagua Buggy&#039;s<\/p>\n<p>Lad os starte vores motorer og begynde en sp\u00e6ndende rute gennem mudrede stier, tropiske skove og floder. Dette er halvanden times tur p\u00e5 mellem 10 og 15 kilometer.<\/p>\n<p>Det f\u00f8rste stop vil v\u00e6re i Bajabonico-floden i Bellaco Community. P\u00e5 vejen vil du v\u00e6re i stand til at hente nogle frugter og endda spise lokalbefolkningen lavet Patty.<\/p>\n<p>Vi forts\u00e6tter buggy-ruten til samfundene i Bajabonico Arriba, hvor vi kan pr\u00f8ve\u00a0 <strong>damajagua vandfald vandtemperatur.<\/strong> Palmar Grande og Los Felix. N\u00e5r vi f\u00f8rst k\u00f8rer i disse samfund, er vi n\u00f8dt til at s\u00e6nke vores hastighed p\u00e5 grund af b\u00f8rn, dyr og lokale mennesker, der lever deres normale liv.<br \/>\nVi g\u00e5r ned fra k\u00f8ret\u00f8jerne og har en chance for at sv\u00f8mme i flodens ferskvand!<br \/>\nP\u00e5 vej tilbage vil vi tage en ekstern vej, der kan krydse hele 12 gange floden \u00e9n efter \u00e9n.<br \/>\nTil sidst kommer vi tilbage til m\u00f8destedet, og du kan g\u00e5 tilbage til dit sted og tale med dine venner om denne uforglemmelige tur.<\/p>\n<\/div>\n<\/div>\n<\/div>\n<\/div>\n<\/div>\n<\/div>\n<\/div>\n<\/div>\n<\/div>\n<p><em><strong>Hvad skal du medbringe?<\/strong><\/em><\/p>\n<ul>\n<li style=\"font-weight: 400;\"><span style=\"font-weight: 400;\">Kamera<\/span><\/li>\n<li style=\"font-weight: 400;\"><span style=\"font-weight: 400;\">Afvisende knopper<\/span><\/li>\n<li style=\"font-weight: 400;\"><span style=\"font-weight: 400;\">Solcreme<\/span><\/li>\n<li style=\"font-weight: 400;\"><span style=\"font-weight: 400;\">Hat<\/span><\/li>\n<li style=\"font-weight: 400;\"><span style=\"font-weight: 400;\">Komfortable bukser<\/span><\/li>\n<li style=\"font-weight: 400;\"><span style=\"font-weight: 400;\">Vandresko til skov<\/span><\/li>\n<li style=\"font-weight: 400;\"><span style=\"font-weight: 400;\">Sandaler til for\u00e5rets omr\u00e5der.<\/span><\/li>\n<li style=\"font-weight: 400;\"><span style=\"font-weight: 400;\">Badet\u00f8j<\/span><\/li>\n<\/ul>\n<p>&nbsp;<\/p>\n<h3><b><i>Hotel afhentning:\u00a0<\/i><\/b><\/h3>\n<p><span style=\"font-weight: 400;\"><strong>Hotel afhentning er ikke<\/strong> tilbydes til denne tur. Vi indstiller Pick up ved at kontakte os via Whatsapp. Vi har tilbud i tilf\u00e6lde af at du kommer fra <strong>rav vig 27 vandfald.\u00a0<\/strong><\/span><\/p>\n<p>&nbsp;<\/p>\n<p><b>Bem\u00e6rk:<\/b><span style=\"font-weight: 400;\"> Hvis du bestiller inden for 24 timer efter turens\/udflugtens afgangstidspunkt, kan vi arrangere hotelafhentning med ekstra gebyrer. N\u00e5r dit k\u00f8b er gennemf\u00f8rt, sender vi dig fuldst\u00e6ndige kontaktoplysninger (telefonnummer, e-mailadresse osv.), s\u00e5 vores lokale rejseguide kan organisere afhentningsarrangementer.<\/span><\/p>\n<p><b><i>Yderligere info bekr\u00e6ftelse <\/i><\/b><\/p>\n<ol>\n<li>Billetter er kvitteringen efter betaling for denne tur. Du kan vise betalingen p\u00e5 din telefon.<\/li>\n<li style=\"font-weight: 400;\"><span style=\"font-weight: 400;\">M\u00f8depunkt modtages efter reservationsprocessen.<\/span><\/li>\n<li style=\"font-weight: 400;\"><span style=\"font-weight: 400;\">B\u00f8rn skal ledsages af en voksen.<\/span><\/li>\n<li style=\"font-weight: 400;\"><span style=\"font-weight: 400;\"> Ikke tilg\u00e6ngelig for k\u00f8restolsbrugere <\/span><\/li>\n<li style=\"font-weight: 400;\"><span style=\"font-weight: 400;\">Sp\u00e6db\u00f8rn skal sidde p\u00e5 sk\u00f8det <\/span><\/li>\n<li style=\"font-weight: 400;\"><span style=\"font-weight: 400;\">Anbefales ikke til rejsende med rygproblemer<\/span><\/li>\n<li style=\"font-weight: 400;\"><span style=\"font-weight: 400;\">Anbefales ikke til gravide rejsende <\/span><\/li>\n<li style=\"font-weight: 400;\"><span style=\"font-weight: 400;\"> Ingen hjerteproblemer eller andre alvorlige medicinske tilstande <\/span><\/li>\n<li style=\"font-weight: 400;\"><span style=\"font-weight: 400;\">De fleste rejsende kan deltage<\/span><\/li>\n<\/ol>\n<h4><b><i>Afbestillingspolitik<\/i><\/b><\/h4>\n<p>For fuld refusion, l\u00e6s venligst vores afbestillingspolitikker\u00a0<a href=\"https:\/\/www.boattoursamana.com\/da\/online-booking\/\" target=\"_blank\" rel=\"noopener\" data-saferedirecturl=\"https:\/\/www.google.com\/url?q=https:\/\/www.boattoursamana.com\/online-booking\/&amp;source=gmail&amp;ust=1672449202351000&amp;usg=AOvVaw1yAeVAPktmaVCqDujgUn90\">Klik her<\/a>. Penge vil g\u00e5 tabt, hvis reservationen annulleres samme dag p\u00e5 rejsen.<\/p>\n<p>&nbsp;<\/p>\n<p><em><strong>Personer s\u00f8ger ogs\u00e5 efter:\u00a0<\/strong><\/em><\/p>\n<p>oversigt inklusioner ekskluderinger afgang<\/p>\n<p>inklusioner ekskluderinger afgang retur<\/p>\n<p>damajagua vandfald d\u00f8dsfald<\/p>\n<p>27 vandfald dominikanske republik d\u00f8d<\/p>\n<p>damajagua vandfald pris<\/p>\n<p>&nbsp;<\/p>\n\n\t\t<\/div>\n\t<\/div>\n<\/div><\/div><\/div><\/div><div class=\"vc_row wpb_row vc_row-fluid\" ><div class=\"wpb_column vc_column_container vc_col-sm-12\"><div class=\"vc_column-inner\"><div class=\"wpb_wrapper\"><div class=\"vc_btn3-container vc_btn3-inline\" ><button class=\"vc_general vc_btn3 vc_btn3-size-md vc_btn3-shape-rounded vc_btn3-style-modern vc_btn3-color-green\">BOOK NU<\/button><\/div>\n\t<div class=\"wpb_video_widget wpb_content_element vc_clearfix   vc_video-aspect-ratio-169 vc_video-el-width-100 vc_video-align-left\" >\n\t\t<div class=\"wpb_wrapper\">\n\t\t\t<h2 class=\"wpb_heading wpb_video_heading\">27 vandfald i Damajagua Tour fra Puerto Plata:<\/h2>\n\t\t\t<div class=\"wpb_video_wrapper\"><iframe loading=\"lazy\" title=\"27 vandfald i Damajagua af Booking Adventures &amp; Travel Den Dominikanske Republik\" width=\"1100\" height=\"619\" src=\"https:\/\/www.youtube.com\/embed\/AVNh_we_RQE?start=17&feature=oembed\" frameborder=\"0\" allow=\"accelerometer; autoplay; encrypted-media; gyroscope; picture-in-picture\" allowfullscreen><\/iframe><\/div>\n\t\t<\/div>\n\t<\/div>\n<\/div><\/div><\/div><\/div><div class=\"vc_row wpb_row vc_row-fluid\" ><\/div><div class=\"wpb_column vc_column_container vc_col-sm-12\"><div class=\"vc_column-inner\"><div class=\"wpb_wrapper\"><\/div><\/div><\/div><div class=\"vc_empty_space\"   style=\"height: 32px\"><span class=\"vc_empty_space_inner\"><\/span><\/div><div class=\"vc_empty_space\"   style=\"height: 32px\"><span class=\"vc_empty_space_inner\"><\/span><\/div><div class=\"vc_row wpb_row vc_row-fluid\" ><div class=\"wpb_column vc_column_container vc_col-sm-12\"><div class=\"vc_column-inner\"><div class=\"wpb_wrapper\"><div class=\"vc_btn3-container vc_btn3-inline\" ><button class=\"vc_general vc_btn3 vc_btn3-size-md vc_btn3-shape-rounded vc_btn3-style-modern vc_btn3-color-green\">BOOK NU<\/button><\/div><\/div><\/div><\/div><\/div>","protected":false},"excerpt":{"rendered":"<p>Denne udflugt fra 27 vandfald i Damajagua i Puerto Plata, frokost og rundvisning i de 27 vandfald, vandre og hoppe til floden.<\/p>\n<p>\u00d8kologisk tur til de 27 vandfald i Puerto Plata. F\u00e5 dine billetter til en halvdagstur her p\u00e5 Damajagua&#039;s Waterfall 27. Entr\u00e9billetter med frokost og udflugt inkluderer hop og sv\u00f8mning i de smukkeste vandfald i Den Dominikanske Republik. Vandreture og sv\u00f8mning med sikkerhedsudstyr for at f\u00e5 den bedste oplevelse!<\/p>\n<p><strong><span style=\"vertical-align: inherit;\"><span style=\"vertical-align: inherit;\"><span style=\"vertical-align: inherit;\"><span style=\"vertical-align: inherit;\">V\u00e6lg en fecha para el Tour:\u00a0<\/span><\/span><\/span><\/span><\/strong><\/p>","protected":false},"featured_media":12093,"template":"","meta":[],"product_cat":[283,947,864,159,253,252],"product_tag":[405,865,403,402,285,407],"class_list":["post-12091","product","type-product","status-publish","has-post-thumbnail","hentry","product_cat-damajagua","product_cat-1-puerto-plata","product_cat-buggies-puerto-plata","product_cat-fees-entrace","product_cat-tours-and-excursions","product_cat-waterfalls","product_tag-amber-cove-excursions","product_tag-buggies-puerto-plata","product_tag-damajagua-national-park","product_tag-how-to-get-to-27-waterfalls-from-puerto-plata","product_tag-puerto-plata","product_tag-things-to-do-in-amber-cove"],"_links":{"self":[{"href":"https:\/\/www.boattoursamana.com\/da\/wp-json\/wp\/v2\/product\/12091","targetHints":{"allow":["GET"]}}],"collection":[{"href":"https:\/\/www.boattoursamana.com\/da\/wp-json\/wp\/v2\/product"}],"about":[{"href":"https:\/\/www.boattoursamana.com\/da\/wp-json\/wp\/v2\/types\/product"}],"wp:featuredmedia":[{"embeddable":true,"href":"https:\/\/www.boattoursamana.com\/da\/wp-json\/wp\/v2\/media\/12093"}],"wp:attachment":[{"href":"https:\/\/www.boattoursamana.com\/da\/wp-json\/wp\/v2\/media?parent=12091"}],"wp:term":[{"taxonomy":"product_cat","embeddable":true,"href":"https:\/\/www.boattoursamana.com\/da\/wp-json\/wp\/v2\/product_cat?post=12091"},{"taxonomy":"product_tag","embeddable":true,"href":"https:\/\/www.boattoursamana.com\/da\/wp-json\/wp\/v2\/product_tag?post=12091"}],"curies":[{"name":"wp","href":"https:\/\/api.w.org\/{rel}","templated":true}]}}