{"id":12454,"date":"2021-03-28T05:56:11","date_gmt":"2021-03-28T05:56:11","guid":{"rendered":"https:\/\/www.ticketswhales.com\/?post_type=product&#038;p=12454"},"modified":"2023-11-07T20:22:58","modified_gmt":"2023-11-07T20:22:58","slug":"altos-de-cano-hondo-mountain-bike-tour","status":"publish","type":"product","link":"https:\/\/www.boattoursamana.com\/da\/tur\/altos-de-cano-hondo-mountainbike-tur-2","title":{"rendered":"Altos de Ca\u00f1o Hondo + Mountain Bike Tour"},"content":{"rendered":"<div class=\"vc_row wpb_row vc_row-fluid\" ><div class=\"wpb_column vc_column_container vc_col-sm-12\"><div class=\"vc_column-inner\"><div class=\"wpb_wrapper\"><div class=\"vc_empty_space\"   style=\"height: 32px\"><span class=\"vc_empty_space_inner\"><\/span><\/div><\/div><\/div><\/div><\/div><div class=\"vc_row wpb_row vc_row-fluid\" ><div class=\"wpb_column vc_column_container vc_col-sm-12\"><div class=\"vc_column-inner\"><div class=\"wpb_wrapper\"><div class=\"vc_btn3-container vc_btn3-inline\" ><button class=\"vc_general vc_btn3 vc_btn3-size-md vc_btn3-shape-rounded vc_btn3-style-modern vc_btn3-color-green\">BOOK NU<\/button><\/div>\n\t<div class=\"wpb_text_column wpb_content_element\" >\n\t\t<div class=\"wpb_wrapper\">\n\t\t\t<h2 class=\"serp-title capitalize\">Altos de Cano Hondo og Mountain Bike Tour<\/h2>\n<h4><b><i>Oversigt<\/i><\/b><\/h4>\n<p><span style=\"font-weight: 400;\">Rejs med en lokal ekspert og f\u00e5 den unikke oplevelse af at cykle med start fra Sabana de la Mar, denne tur vil tage dig rundt for at se det smukke landskab i landskabet i Den Dominikanske Republik. Mens du cykler, vil du v\u00e6re i stand til at sige hej! til b\u00f8nderne, der k\u00f8rer p\u00e5 deres heste eller motorcykel til deres ejendom, og under turen vil du v\u00e6re i stand til at komme frem i eventyret og den lokale kultur fra Sabana de la Mar. Denne by blev grundlagt officielt i 1756 af omkring elleve (11) familier, der kom fra De Kanariske \u00d8er i Spanien. Sabana de la Mars vigtigste \u00f8konomiske aktiviteter er landbrug, \u00f8koturisme og fiskeri.\u00a0<\/span><\/p>\n<p>&nbsp;<\/p>\n<p><span style=\"font-weight: 400;\">Inklusioner &amp; Eksklusioner<\/span><\/p>\n<p>&nbsp;<\/p>\n<p><span style=\"font-weight: 400;\">Inklusioner<\/span><\/p>\n<p>&nbsp;<\/p>\n<p><span style=\"font-weight: 400;\">Cykling<\/span><\/p>\n<p>Frokost med lokalbefolkningen<\/p>\n<p><span style=\"font-weight: 400;\">Altos de Ca\u00f1o Hondo og naturlige pools<\/span><\/p>\n<p><span style=\"font-weight: 400;\">Alle skatter, gebyrer og ekspeditionsgebyrer<\/span><\/p>\n<p><span style=\"font-weight: 400;\">Lokale skatter<\/span><\/p>\n<p><span style=\"font-weight: 400;\">Embedsm\u00e6nd \u00d8kolog rejseledere engelsk\/spansk<\/span><\/p>\n<p>&nbsp;<\/p>\n<p><span style=\"font-weight: 400;\">Udelukkelser<\/span><\/p>\n<p>&nbsp;<\/p>\n<p><span style=\"font-weight: 400;\">Drikkepenge<\/span><\/p>\n<p><span style=\"font-weight: 400;\">Overf\u00f8rsel<\/span><\/p>\n<p><span style=\"font-weight: 400;\">Drik<\/span><\/p>\n<p>&nbsp;<\/p>\n<p><span style=\"font-weight: 400;\">Afgang og hjemrejse<\/span><\/p>\n<p>&nbsp;<\/p>\n<p><span style=\"font-weight: 400;\">Turen, arrangeret af &quot;Booking Adventures&quot; starter ved m\u00f8destedet, der er fastsat med rejselederen. Den rejsende f\u00e5r et m\u00f8dested efter reservationsprocessen. Ture starter og slutter ved vores m\u00f8desteder.<\/span><\/p>\n<p>&nbsp;<\/p>\n<p><span style=\"font-weight: 400;\">Hvad kan man forvente?<\/span><\/p>\n<p><span style=\"font-weight: 400;\">F\u00e5 din billet til Cykling og Altos de Cano Hondo og naturlige pools fra Sabana de la Mar<\/span><\/p>\n<p>&nbsp;<\/p>\n<p><span style=\"font-weight: 400;\">Denne udflugt starter fra m\u00f8destedet, du skal bekr\u00e6fte med vores rejsebureauer eller din rejseguide, f\u00f8r du g\u00e5r til ethvert sted. N\u00e5r du m\u00f8der din guide, har du en debriefing af turen og alt relateret til din dag.<\/span><\/p>\n<p><span style=\"font-weight: 400;\">N\u00e5r alle er klar, tager vi til Altos de Cano Hondo og Natural Pools, hvor du starter en vandretur for at overv\u00e5ge en af de 10 bedste destinationer for \u00f8koturisme i verden af Forbes magazine under dette eventyr, du vil l\u00e6re om den unikke arkitektur af denne \u00f8kolodge.\u00a0<\/span><\/p>\n<p><span style=\"font-weight: 400;\">Cano Hondo er et navn givet af de lokale b\u00f8nder i omr\u00e5det, og dette navn kommer fra stedets type geografi, dette sted er under havoverfladen, og der er sm\u00e5 kilder som Jivales og Cano Hondo, som kommer fra en underjordisk flod lige fra Los Haitises-bjerget.\u00a0<\/span><\/p>\n<p><span style=\"font-weight: 400;\">I l\u00f8bet af denne del af din rejse vil du bes\u00f8ge Altos de Cano Hondo, som ligger ved siden af Los Haitises National Park, en af de st\u00f8rste nationalparker i landet med mere end 1600 km2 og en af verdens st\u00f8rste kalkstensformationer.\u00a0<\/span><\/p>\n<p>&nbsp;<\/p>\n<p><span style=\"font-weight: 400;\">Efter din vandretur om Altos de Cano Hondo g\u00f8r dig klar til at hoppe i de naturlige pools f\u00f8r frokost og efter frokost, g\u00e5r du tilbage til Sabana de la Mar. Efter 4 timer og en halv times aktiviteter i Cano Hondo begynder vi at ride vores bjerg cykel tilbage til Sabana de la Mar, denne udflugt slutter samme sted som den startede.<\/span><\/p>\n<p>&nbsp;<\/p>\n<p><span style=\"font-weight: 400;\">Bem\u00e6rk: Disse ture er med Officials Ecologist tour guides. Book venligst med tid, for i parken er der ikke for mange specialister.<\/span><\/p>\n<p>&nbsp;<\/p>\n<p>&nbsp;<\/p>\n<p><span style=\"font-weight: 400;\">Hvad skal du medbringe?<\/span><\/p>\n<ul>\n<li style=\"font-weight: 400;\" aria-level=\"1\"><span style=\"font-weight: 400;\">Kamera<\/span><\/li>\n<li style=\"font-weight: 400;\" aria-level=\"1\"><span style=\"font-weight: 400;\">Afvisende knopper<\/span><\/li>\n<li style=\"font-weight: 400;\" aria-level=\"1\"><span style=\"font-weight: 400;\">solcreme<\/span><\/li>\n<li style=\"font-weight: 400;\" aria-level=\"1\"><span style=\"font-weight: 400;\">Komfortable bukser<\/span><\/li>\n<li style=\"font-weight: 400;\" aria-level=\"1\"><span style=\"font-weight: 400;\">L\u00f8besko\u00a0<\/span><\/li>\n<\/ul>\n<p>&nbsp;<\/p>\n<h4><b><i>Hotel afhentning <\/i><\/b><\/h4>\n<p><span style=\"font-weight: 400;\">Hotel afhentning tilbydes ikke til denne tur. <\/span><\/p>\n<p><b>Bem\u00e6rk:<\/b><span style=\"font-weight: 400;\"> hvis du bestiller inden for 24 timer efter turens\/udflugtens afgangstidspunkt, kan vi arrangere hotelafhentning med ekstra gebyrer. N\u00e5r dit k\u00f8b er gennemf\u00f8rt, sender vi dig fuldst\u00e6ndige kontaktoplysninger (telefonnummer, e-mail-adresse osv.), s\u00e5 vores lokale rejseguide kan organisere afhentningsarrangementer.<\/span><\/p>\n<h4><b><i>Yderligere info bekr\u00e6ftelse <\/i><\/b><\/h4>\n<ol>\n<li>Billetter er kvitteringen efter betaling for denne tur. Du kan vise betalingen p\u00e5 din telefon.<\/li>\n<li style=\"font-weight: 400;\"><span style=\"font-weight: 400;\">M\u00f8depunkt modtages efter reservationsprocessen.<\/span><\/li>\n<li style=\"font-weight: 400;\"><span style=\"font-weight: 400;\">B\u00f8rn skal ledsages af en voksen.<\/span><\/li>\n<li style=\"font-weight: 400;\"><span style=\"font-weight: 400;\"> Ikke tilg\u00e6ngelig for k\u00f8restolsbrugere <\/span><\/li>\n<li style=\"font-weight: 400;\"><span style=\"font-weight: 400;\">Sp\u00e6db\u00f8rn skal sidde p\u00e5 sk\u00f8det <\/span><\/li>\n<li style=\"font-weight: 400;\"><span style=\"font-weight: 400;\">Anbefales ikke til rejsende med rygproblemer<\/span><\/li>\n<li style=\"font-weight: 400;\"><span style=\"font-weight: 400;\">Anbefales ikke til gravide rejsende <\/span><\/li>\n<li style=\"font-weight: 400;\"><span style=\"font-weight: 400;\"> Ingen hjerteproblemer eller andre alvorlige medicinske tilstande <\/span><\/li>\n<li style=\"font-weight: 400;\"><span style=\"font-weight: 400;\">De fleste rejsende kan deltage<\/span><\/li>\n<\/ol>\n<h4><b><i>Afbestillingspolitik<\/i><\/b><\/h4>\n<p>For fuld refusion, l\u00e6s venligst vores afbestillingspolitikker\u00a0<a href=\"https:\/\/www.boattoursamana.com\/da\/online-booking\/\" target=\"_blank\" rel=\"noopener\" data-saferedirecturl=\"https:\/\/www.google.com\/url?q=https:\/\/www.boattoursamana.com\/online-booking\/&amp;source=gmail&amp;ust=1672449202351000&amp;usg=AOvVaw1yAeVAPktmaVCqDujgUn90\">Klik her<\/a>. Penge vil g\u00e5 tabt, hvis reservationen annulleres samme dag p\u00e5 rejsen.<\/p>\n\n\t\t<\/div>\n\t<\/div>\n<\/div><\/div><\/div><\/div><div class=\"vc_row wpb_row vc_row-fluid\" ><div class=\"wpb_column vc_column_container vc_col-sm-12\"><div class=\"vc_column-inner\"><div class=\"wpb_wrapper\"><div class=\"vc_empty_space\"   style=\"height: 32px\"><span class=\"vc_empty_space_inner\"><\/span><\/div>\n\t<div class=\"wpb_text_column wpb_content_element\" >\n\t\t<div class=\"wpb_wrapper\">\n\t\t\t<h4>Kontakt os?<\/h4>\n<h5>Booking Adventures<\/h5>\n<p><em><strong>Lokalbefolkningen<\/strong>\u00a0og\u00a0<strong>Nationale<\/strong>\u00a0Turguider og g\u00e6steservice<\/em><\/p>\n<p><span class=\"text-turquoise\">Reservationer:<\/span>\u00a0Ture og udflugter i Dom. Rep.<\/p>\n<p><img decoding=\"async\" class=\"emoji\" draggable=\"false\" src=\"https:\/\/s.w.org\/images\/core\/emoji\/11.2.0\/svg\/1f4de.svg\" alt=\"\ud83d\udcde\" title=\"\">\u00a0Tlf\/Whatsapp\u00a0\u00a0<a href=\"tel:+1-809-720-6035\">+1-809-720-6035<\/a>.<\/p>\n<p><img decoding=\"async\" class=\"emoji\" draggable=\"false\" src=\"https:\/\/s.w.org\/images\/core\/emoji\/11.2.0\/svg\/1f4e9.svg\" alt=\"\ud83d\udce9\" title=\"\">\u00a0<a href=\"mailto:info@bookingadventures.com.do\">info@bookingadventures.com.do<\/a><\/p>\n<p><strong>Vi er fleksibel indstilling af private ture af Whatsapp:\u00a0<a href=\"tel:+18097206035\">+18097206035.<\/a><\/strong><\/p>\n\n\t\t<\/div>\n\t<\/div>\n<div class=\"vc_empty_space\"   style=\"height: 32px\"><span class=\"vc_empty_space_inner\"><\/span><\/div><\/div><\/div><\/div><\/div><div class=\"vc_row wpb_row vc_row-fluid\" ><div class=\"wpb_column vc_column_container vc_col-sm-12\"><div class=\"vc_column-inner\"><div class=\"wpb_wrapper\"><div class=\"vc_btn3-container vc_btn3-inline\" ><button class=\"vc_general vc_btn3 vc_btn3-size-md vc_btn3-shape-rounded vc_btn3-style-modern vc_btn3-color-green\">BOOK NU<\/button><\/div><\/div><\/div><\/div><\/div>","protected":false},"excerpt":{"rendered":"<p><span style=\"font-weight: 400;\">Cano Hondo er et navn givet af de lokale b\u00f8nder i omr\u00e5det, og dette navn kommer fra stedets type geografi, dette sted er under havoverfladen, og der er sm\u00e5 kilder som Jivales og Cano Hondo, som kommer fra en underjordisk flod lige fra Los Haitises-bjerget.\u00a0<\/span><\/p>\n<p>I l\u00f8bet af denne del af din rejse bes\u00f8ger du Altos de Cano Hondo, som ligger ved siden af Los Haitises National Park, en af de st\u00f8rste nationalparker i landet med over 1600 km2 og en af de st\u00f8rste kalkstensformationer i verden.<\/p>\n<p>Efter din vandretur i Altos de Cano Hondo, g\u00f8r dig klar til at hoppe i de naturlige pools f\u00f8r frokost og efter frokost, vender du tilbage til Sabana de la Mar. Efter 4 en halv times aktiviteter i Cano Hondo vender vi tilbage til <span style=\"font-weight: 400;\"><span style=\"vertical-align: inherit;\"><span style=\"vertical-align: inherit;\">Sabana. de la Mar.<\/span><\/span><\/span><\/p>\n<p>&nbsp;<\/p>\n<p><em><strong>V\u00e6lg dato for turen:<\/strong><\/em><\/p>","protected":false},"featured_media":13214,"template":"","meta":[],"product_cat":[878,946,930,933],"product_tag":[879,176,211,868,869,192,319,208,206,207,171,877,209,426,837,327,175,199,200],"class_list":["post-12454","product","type-product","status-publish","has-post-thumbnail","hentry","product_cat-altos-de-cano-hondo","product_cat-1-sabana-de-la-mar","product_cat-mountain-bike-los-haitises","product_cat-natural-pools-los-haitises","product_tag-altos-de-cano-hondo","product_tag-cano-hondo","product_tag-cano-hondo-hotel","product_tag-canoes","product_tag-canoes-dominican-republic","product_tag-day-tour-cano-hondo","product_tag-kayak-dominican-republic","product_tag-kayaking-dominican-republic","product_tag-kayaking-los-haitises","product_tag-kayaks","product_tag-los-haitises","product_tag-los-haitises-mountain-bike","product_tag-los-haitises-national-park","product_tag-los-haitises-tours","product_tag-mangroves-reforestation-in-los-haitises-with-locals","product_tag-private-tours-samana","product_tag-sabana-de-la-mar","product_tag-samana-bay","product_tag-samana-excursions"],"_links":{"self":[{"href":"https:\/\/www.boattoursamana.com\/da\/wp-json\/wp\/v2\/product\/12454","targetHints":{"allow":["GET"]}}],"collection":[{"href":"https:\/\/www.boattoursamana.com\/da\/wp-json\/wp\/v2\/product"}],"about":[{"href":"https:\/\/www.boattoursamana.com\/da\/wp-json\/wp\/v2\/types\/product"}],"wp:featuredmedia":[{"embeddable":true,"href":"https:\/\/www.boattoursamana.com\/da\/wp-json\/wp\/v2\/media\/13214"}],"wp:attachment":[{"href":"https:\/\/www.boattoursamana.com\/da\/wp-json\/wp\/v2\/media?parent=12454"}],"wp:term":[{"taxonomy":"product_cat","embeddable":true,"href":"https:\/\/www.boattoursamana.com\/da\/wp-json\/wp\/v2\/product_cat?post=12454"},{"taxonomy":"product_tag","embeddable":true,"href":"https:\/\/www.boattoursamana.com\/da\/wp-json\/wp\/v2\/product_tag?post=12454"}],"curies":[{"name":"wp","href":"https:\/\/api.w.org\/{rel}","templated":true}]}}