{"id":12587,"date":"2021-07-06T18:12:42","date_gmt":"2021-07-06T18:12:42","guid":{"rendered":"https:\/\/www.ticketswhales.com\/?post_type=product&#038;p=12587"},"modified":"2023-11-06T15:01:25","modified_gmt":"2023-11-06T15:01:25","slug":"salto-del-limon-el-limon-waterfalls-tour-from-sabana-de-la-mar","status":"publish","type":"product","link":"https:\/\/www.boattoursamana.com\/da\/tur\/salto-del-limon-el-limon-vandfald-tur-fra-sabana-de-la-mar-2","title":{"rendered":"Salto Del Lim\u00f3n \u2013 El Lim\u00f3n-vandfaldstur fra Sabana de La Mar"},"content":{"rendered":"<div class=\"vc_row wpb_row vc_row-fluid\" ><div class=\"wpb_column vc_column_container vc_col-sm-12\"><div class=\"vc_column-inner\"><div class=\"wpb_wrapper\">\n\t<div class=\"wpb_text_column wpb_content_element\" >\n\t\t<div class=\"wpb_wrapper\">\n\t\t\t<h2>Limon \u2013 El Lim\u00f3n-vandfaldstur fra Sabana de La Mar, privat tur<\/h2>\n\n\t\t<\/div>\n\t<\/div>\n<div class=\"vc_btn3-container vc_btn3-inline\" ><button class=\"vc_general vc_btn3 vc_btn3-size-md vc_btn3-shape-rounded vc_btn3-style-modern vc_btn3-color-green\">BOOK NU<\/button><\/div><\/div><\/div><\/div><\/div><div class=\"vc_row wpb_row vc_row-fluid\" ><div class=\"wpb_column vc_column_container vc_col-sm-12\"><div class=\"vc_column-inner\"><div class=\"wpb_wrapper\">\n\t<div class=\"wpb_text_column wpb_content_element\" >\n\t\t<div class=\"wpb_wrapper\">\n\t\t\t<h4><b><i>Oversigt <\/i><\/b><\/h4>\n<p>Dette er en privat tur til <strong>Vandfaldene El Lim\u00f3n<\/strong> med ridning p\u00e5 heste eller vandretur med start fra Sabana de la mar krydse Samana bugten i en privat b\u00e5d og en privat overf\u00f8rsel, der venter p\u00e5, at vi g\u00e5r til vandfaldene. Bes\u00f8ger kakao- og kaffeskov under Coconuts Palms Canopy. N\u00e5r du ankommer til vandfaldene, har du lov til at sv\u00f8mme og indstille tiden med din lokale guide. Efter at have nydt en typisk frokost i El Lim\u00f3n Community.<\/p>\n<p>L\u00e6r med lokalbefolkningen og f\u00e5 en sikker rejse. F\u00e5 dine billetter p\u00e5 tilbud i dag.<\/p>\n<ul>\n<li style=\"font-weight: 400;\"><span style=\"font-weight: 400;\">Inkluderer frokost\u00a0<\/span><\/li>\n<li>Ridning eller vandreture<\/li>\n<li style=\"font-weight: 400;\"><span style=\"font-weight: 400;\">Vejledningen giver instruktioner og supervision<\/span><\/li>\n<li>Gebyrer til nationalparken<\/li>\n<\/ul>\n<p>&nbsp;<\/p>\n<h4><b>Inklusioner &amp; Eksklusioner<\/b><\/h4>\n<p>&nbsp;<\/p>\n<p><b>Inklusioner<\/b><\/p>\n<ol>\n<li style=\"font-weight: 400;\"><span style=\"font-weight: 400;\">Buffet frokost i El Lim\u00f3n<\/span><\/li>\n<li style=\"font-weight: 400;\"><span style=\"font-weight: 400;\">Vandretur eller ridetur<\/span><\/li>\n<li style=\"font-weight: 400;\"><span style=\"font-weight: 400;\">Alle skatter, gebyrer og ekspeditionsgebyrer<\/span><\/li>\n<li style=\"font-weight: 400;\"><span style=\"font-weight: 400;\">Lokale skatter<\/span><\/li>\n<li style=\"font-weight: 400;\"><span style=\"font-weight: 400;\">Drikkevarer<\/span><\/li>\n<li style=\"font-weight: 400;\"><span style=\"font-weight: 400;\">Alle aktiviteter<\/span><\/li>\n<li style=\"font-weight: 400;\"><span style=\"font-weight: 400;\">Lokal guide<\/span><\/li>\n<li>overf\u00f8rsler<\/li>\n<li>Sejltur<\/li>\n<\/ol>\n<p><b> Udelukkelser<\/b><\/p>\n<ol>\n<li style=\"font-weight: 400;\"><span style=\"font-weight: 400;\">Drikkepenge<\/span><\/li>\n<li style=\"font-weight: 400;\"><span style=\"font-weight: 400;\">Alkoholiske drikkevarer<\/span><\/li>\n<\/ol>\n<p>&nbsp;<\/p>\n<h4><em><strong>Afgang og hjemrejse<\/strong><\/em><\/h4>\n<p><span style=\"font-weight: 400;\">Den rejsende f\u00e5r et m\u00f8dested efter reservationsprocessen. Ture starter og slutter i vores m\u00f8desteder.<\/span><\/p>\n<p>&nbsp;<\/p>\n<h4><b><i>Hvad kan man forvente?<\/i><\/b><\/h4>\n<p>&nbsp;<\/p>\n<p><em><strong>F\u00e5 dine billetter<\/strong><\/em> for at bes\u00f8ge vandfaldene El Lim\u00f3n i Saman\u00e1 plus en vidunderlig frokost i El Lim\u00f3n Restaurant med start fra Sabana de la Mar.<\/p>\n<p><span style=\"font-weight: 400;\">Turen, arrangeret af &quot;Booking Adventures&quot; starter ved m\u00f8destedet, der er fastsat med rejselederen.<\/span><\/p>\n<p>Bedste private ture til El Limon vandfald med en lokal rejseguide. Book en ridetur ved skoven rundt om kanten af Lim\u00f3n-floden, og bes\u00f8g kakao- og kaffeplantager under kokosn\u00f8ddernes skygger palmer.<\/p>\n<p>Stop f\u00f8rst i det lille vandfald, hvor der normalt ikke er mange mennesker, og du kan sv\u00f8mme rundt. Derefter forts\u00e6tter vi til det store vandfald, hvor vi bliver i en time eller mere, hvis du vil.<\/p>\n<p>At f\u00e5 heste tilbage til restauranten, hvor vi vil nyde en typisk frokost p\u00e5 stranden. Fritefisk med Tostones og Salat eller du kan f\u00e5 andre muligheder i menuen mod ekstra gebyr.<\/p>\n<p>Frokost p\u00e5 restauranten i El Lim\u00f3n-samfundet, og du kan blive s\u00e5 l\u00e6nge, du vil, sv\u00f8mme rundt. Hvis du er veganer, kan vi ogs\u00e5 lave mad til dig.<\/p>\n<p>efter denne oplevelse afslutter vi vores tur Tilbage til Sabana de la mar m\u00f8dested.<\/p>\n<p>&nbsp;<\/p>\n<h4><em><strong>Hvad skal du medbringe?<\/strong><\/em><\/h4>\n<ul>\n<li style=\"font-weight: 400;\"><span style=\"font-weight: 400;\">Kamera<\/span><\/li>\n<li style=\"font-weight: 400;\"><span style=\"font-weight: 400;\">Afvisende knopper<\/span><\/li>\n<li style=\"font-weight: 400;\"><span style=\"font-weight: 400;\">solcreme<\/span><\/li>\n<li style=\"font-weight: 400;\"><span style=\"font-weight: 400;\"><span style=\"vertical-align: inherit;\"><span style=\"vertical-align: inherit;\">Sombrero<\/span><\/span><\/span><\/li>\n<li style=\"font-weight: 400;\"><span style=\"font-weight: 400;\"><span style=\"vertical-align: inherit;\"><span style=\"vertical-align: inherit;\">Pantalones c\u00f3modos<\/span><\/span><\/span><\/li>\n<li style=\"font-weight: 400;\"><span style=\"font-weight: 400;\"><span style=\"vertical-align: inherit;\"><span style=\"vertical-align: inherit;\">Zapatos de senderismo para el bosque<\/span><\/span><\/span><\/li>\n<li style=\"font-weight: 400;\"><span style=\"font-weight: 400;\"><span style=\"vertical-align: inherit;\"><span style=\"vertical-align: inherit;\">Vestido nadador<\/span><\/span><\/span><\/li>\n<\/ul>\n<p>&nbsp;<\/p>\n<h4><b><i><span style=\"vertical-align: inherit;\"><span style=\"vertical-align: inherit;\">Recogida en el hotel <\/span><\/span><\/i><\/b><\/h4>\n<p><span style=\"font-weight: 400;\"><span style=\"vertical-align: inherit;\"><span style=\"vertical-align: inherit;\">Ingen se ofrece recogida en el hotel for denne tour. <\/span><\/span><\/span><\/p>\n<p>&nbsp;<\/p>\n<p><b><span style=\"vertical-align: inherit;\"><span style=\"vertical-align: inherit;\">Bem\u00e6rk:<\/span><\/span><\/b><span style=\"font-weight: 400;\"> hvis du bestiller inden for 24 timer efter turens\/udflugtens afgangstidspunkt, kan vi arrangere hotelafhentning med ekstra gebyrer. N\u00e5r dit k\u00f8b er gennemf\u00f8rt, sender vi dig fuldst\u00e6ndige kontaktoplysninger (telefonnummer, e-mail-adresse osv.), s\u00e5 vores lokale rejseguide kan organisere afhentningsarrangementer.<\/span><\/p>\n<h4><b><i><span style=\"vertical-align: inherit;\"><span style=\"vertical-align: inherit;\">Bekr\u00e6ftelse af yderligere information <\/span><\/span><\/i><\/b><\/h4>\n<ol>\n<li>Billetter er kvitteringen efter betaling af denne tur. Du kan vise betalingen p\u00e5 din telefon.<\/li>\n<li style=\"font-weight: 400;\"><span style=\"font-weight: 400;\"><span style=\"vertical-align: inherit;\"><span style=\"vertical-align: inherit;\">El punto de encuentro se recibir\u00e1 despu\u00e9s del proceso de reserva.<\/span><\/span><\/span><\/li>\n<li style=\"font-weight: 400;\"><span style=\"font-weight: 400;\"><span style=\"vertical-align: inherit;\"><span style=\"vertical-align: inherit;\">Los ni\u00f1os deben estar acompa\u00f1ados por un adulto.<\/span><\/span><\/span><\/li>\n<li style=\"font-weight: 400;\"><span style=\"font-weight: 400;\"><span style=\"vertical-align: inherit;\"><span style=\"vertical-align: inherit;\"> Ingen tilg\u00e6ngelig para sillas de ruedas <\/span><\/span><\/span><\/li>\n<li style=\"font-weight: 400;\"><span style=\"font-weight: 400;\"><span style=\"vertical-align: inherit;\"><span style=\"vertical-align: inherit;\">Los beb\u00e9s deben sentarse en el regazo <\/span><\/span><\/span><\/li>\n<li style=\"font-weight: 400;\"><span style=\"font-weight: 400;\"><span style=\"vertical-align: inherit;\"><span style=\"vertical-align: inherit;\">Ingen recomendado para viajeros con problemas de espalda.<\/span><\/span><\/span><\/li>\n<li style=\"font-weight: 400;\"><span style=\"font-weight: 400;\"><span style=\"vertical-align: inherit;\"><span style=\"vertical-align: inherit;\">Ingen anbefaling til viajeras embarazadas. <\/span><\/span><\/span><\/li>\n<li style=\"font-weight: 400;\"><span style=\"font-weight: 400;\"><span style=\"vertical-align: inherit;\"><span style=\"vertical-align: inherit;\"> Synd problemer med card\u00edacos ni otras afecciones m\u00e9dicas graves <\/span><\/span><\/span><\/li>\n<li style=\"font-weight: 400;\"><span style=\"font-weight: 400;\"><span style=\"vertical-align: inherit;\"><span style=\"vertical-align: inherit;\">La mayor\u00eda de los viajeros pueden deltager<\/span><\/span><\/span><\/li>\n<\/ol>\n<p>Afbestillingspolitik<\/p>\n<p>For at opn\u00e5 en komplet reembolso, lea nuestras Pol\u00edticas de cancelaci\u00f3n\u00a0<a href=\"https:\/\/www.boattoursamana.com\/da\/online-booking\/\" target=\"_blank\" rel=\"noopener\" data-saferedirecturl=\"https:\/\/www.google.com\/url?q=https:\/\/www.boattoursamana.com\/online-booking\/&amp;source=gmail&amp;ust=1672449202351000&amp;usg=AOvVaw1yAeVAPktmaVCqDujgUn90\">haga klik her<\/a>. Los fondos se perder\u00e1n si la reserva se cancela el mismo d\u00eda del viaje.<\/p>\n\n\t\t<\/div>\n\t<\/div>\n<\/div><\/div><\/div><\/div><div class=\"vc_row wpb_row vc_row-fluid\" ><\/div><div class=\"wpb_column vc_column_container vc_col-sm-12\"><div class=\"vc_column-inner\"><div class=\"wpb_wrapper\"><\/div><\/div><\/div><div class=\"vc_empty_space\"   style=\"height: 32px\"><span class=\"vc_empty_space_inner\"><\/span><\/div><div class=\"vc_empty_space\"   style=\"height: 32px\"><span class=\"vc_empty_space_inner\"><\/span><\/div><div class=\"vc_row wpb_row vc_row-fluid\" ><div class=\"wpb_column vc_column_container vc_col-sm-12\"><div class=\"vc_column-inner\"><div class=\"wpb_wrapper\"><div class=\"vc_btn3-container vc_btn3-inline\" ><button class=\"vc_general vc_btn3 vc_btn3-size-md vc_btn3-shape-rounded vc_btn3-style-modern vc_btn3-color-green\">BOOK NU<\/button><\/div><\/div><\/div><\/div><\/div>","protected":false},"excerpt":{"rendered":"<p>Salto Del Limon \u2013 El Lim\u00f3n-vandfaldstur fra Sabana de La Mar. El limon-vandfald med ridning eller vandretur til vandfaldene. Efter sv\u00f8mning en frokost med lokalbefolkningens mad i Samana.<\/p>\n<p>&nbsp;<\/p>\n<p><b>V\u00e6lg<\/b><strong><span style=\"vertical-align: inherit;\"><span style=\"vertical-align: inherit;\">\u00a0dato for din rejse:\u00a0<\/span><\/span><\/strong><\/p>","protected":false},"featured_media":8837,"template":"","meta":[],"product_cat":[255,946,961,962,159,178,189,160,190,253,254],"product_tag":[183,185,202,201,186,187],"class_list":["post-12587","product","type-product","status-publish","has-post-thumbnail","hentry","product_cat-tours-excursions-samana-bay-dominican-republic","product_cat-1-sabana-de-la-mar","product_cat-el-limon-horseback-riding","product_cat-el-limon-sabana-de-la-mar-miches","product_cat-fees-entrace","product_cat-hiking","product_cat-horse-riding-to-waterfalls","product_cat-lunch","product_cat-safari-samana","product_cat-tours-and-excursions","product_cat-tours-excursions-los-haitises-national-park","product_tag-beach-time","product_tag-el-limon-waterfalls","product_tag-hiking-el-limon","product_tag-horses-el-limon","product_tag-samana","product_tag-samana-tours"],"_links":{"self":[{"href":"https:\/\/www.boattoursamana.com\/da\/wp-json\/wp\/v2\/product\/12587","targetHints":{"allow":["GET"]}}],"collection":[{"href":"https:\/\/www.boattoursamana.com\/da\/wp-json\/wp\/v2\/product"}],"about":[{"href":"https:\/\/www.boattoursamana.com\/da\/wp-json\/wp\/v2\/types\/product"}],"wp:featuredmedia":[{"embeddable":true,"href":"https:\/\/www.boattoursamana.com\/da\/wp-json\/wp\/v2\/media\/8837"}],"wp:attachment":[{"href":"https:\/\/www.boattoursamana.com\/da\/wp-json\/wp\/v2\/media?parent=12587"}],"wp:term":[{"taxonomy":"product_cat","embeddable":true,"href":"https:\/\/www.boattoursamana.com\/da\/wp-json\/wp\/v2\/product_cat?post=12587"},{"taxonomy":"product_tag","embeddable":true,"href":"https:\/\/www.boattoursamana.com\/da\/wp-json\/wp\/v2\/product_tag?post=12587"}],"curies":[{"name":"wp","href":"https:\/\/api.w.org\/{rel}","templated":true}]}}