{"id":12749,"date":"2021-08-25T07:19:45","date_gmt":"2021-08-25T07:19:45","guid":{"rendered":"https:\/\/www.ticketswhales.com\/?post_type=product&#038;p=12749"},"modified":"2023-11-06T13:28:29","modified_gmt":"2023-11-06T13:28:29","slug":"las-7-playas-escondidas-de-samana-the-7-hidden-beaches-in-samana","status":"publish","type":"product","link":"https:\/\/www.boattoursamana.com\/da\/tur\/las-7-playas-escondidas-de-samana-de-7-skjulte-strande-i-samana","title":{"rendered":"Las Galeras: Las 7 Playas Escondidas de Saman\u00e1 \u2013 De 7 skjulte strande i Saman\u00e1"},"content":{"rendered":"<div class=\"vc_row wpb_row vc_row-fluid\" ><div class=\"wpb_column vc_column_container vc_col-sm-12\"><div class=\"vc_column-inner\"><div class=\"wpb_wrapper\"><div class=\"vc_btn3-container vc_btn3-inline\" ><button class=\"vc_general vc_btn3 vc_btn3-size-md vc_btn3-shape-rounded vc_btn3-style-modern vc_btn3-color-green\">BOOK NU<\/button><\/div><div class=\"mkdf-section-title-holder\" style=\"text-align: left\">\n\t<div class=\"mkdf-st-inner\">\n\t\t\t\t\t<h5 class=\"mkdf-st-subtitle\" >\n\t\t\t\tFrokost, b\u00e5dtur og privat transport fra hoteller.\t\t\t<\/h5>\n\t\t\t\t\t\t\t<h3 class=\"mkdf-st-title\" >\n\t\t\t\tPlaya Rinc\u00f3n, Playa Fronton + Playa Madame Beach, Saman\u00e1 - Den Dominikanske Republik.\t\t\t<\/h3>\n\t\t\t\t\t<\/div>\n<\/div>\n\t<div class=\"wpb_text_column wpb_content_element\" >\n\t\t<div class=\"wpb_wrapper\">\n\t\t\t<h3>Playa Calet\u00f3n, Playa Escondida, Playa Colorado, Playa del Amor, Playa La Vaca, Playa la Playita Playa Brem\u00e1n.<\/h3>\n<h4><b><i>Oversigt <\/i><\/b><\/h4>\n<p>En af de smukkeste udflugter p\u00e5 Saman\u00e1s halv\u00f8.<\/p>\n<p><span class=\"Y2IQFc\" lang=\"en\">De 7 skjulte strande i Saman\u00e1, der ligger p\u00e5 Saman\u00e1-halv\u00f8en og bevarer historiens smukke hemmeligheder, og ved at kende disse steder bidrager vi til den lokale \u00f8konomi, der er afg\u00f8rende for et folks eksistens.<\/span><\/p>\n<p>Indtast den unikke atmosf\u00e6re ved at bes\u00f8ge 7 strande p\u00e5 b\u00e5den, ogs\u00e5 Vandreture i en lille hule p\u00e5 kysten. Nogle strande kan kun n\u00e5s med b\u00e5d omgivet af et koralrev, hvor du kan snorkle, sv\u00f8mme med fisk og opdage korallerne og slappe af og nyde den fantastiske natur. Afslapning, sv\u00f8mning og derefter afgang til Playa colorado, en anden og isoleret perfekt strand til snorkling, hvor du ogs\u00e5 kan bes\u00f8ge en hule og tage fantastiske videoer eller billeder for fantastiske minder.<\/p>\n<p>Du spiser frokost med t\u00e6erne i sandet til lyden af Merengue og Bachata p\u00e5 &quot;El Paraiso&quot; - Den sidste restaurant f\u00f8r junglen - hvor du vil f\u00e5 serveret et komplet m\u00e5ltid inklusive en fiskeret, ledsaget af lokale drinks og cocktails. P\u00e5 tilbagevejen stopper vi ved El Rincon Beach, her finder du en naturperle, der regnes for en af de smukkeste strande i landet. Det hvide, fine sand, det turkise hav og de meterh\u00f8je palmer taler for sig selv.<\/p>\n<p>&nbsp;<\/p>\n<ul>\n<li><span style=\"font-weight: 400;\">Lokal guide med sikkerhedserfaring i omr\u00e5det.<\/span><\/li>\n<li style=\"font-weight: 400;\">Gebyrer inkluderet<\/li>\n<li>Frokost p\u00e5 stranden<\/li>\n<li>B\u00e5dtur<\/li>\n<li style=\"font-weight: 400;\">Lokal rejseguide p\u00e5 spansk, engelsk eller fransk.<\/li>\n<li>Vandring<\/li>\n<li>sv\u00f8mning<\/li>\n<\/ul>\n<p>&nbsp;<\/p>\n<h4><b>Inklusioner &amp; Eksklusioner<\/b><\/h4>\n<p>&nbsp;<\/p>\n<p><b>Inklusioner<\/b><\/p>\n<ol>\n<li><span style=\"font-weight: 400;\">Lokal guide med sikkerhedserfaring i omr\u00e5det.<\/span><\/li>\n<li style=\"font-weight: 400;\">El Rincon Strand<\/li>\n<li>Colorado strand<\/li>\n<li>La Playita Strand<\/li>\n<li>La Vaca Strand<\/li>\n<li>Breman Strand<\/li>\n<li>Mariano Strand<\/li>\n<li>Caleton Strand<\/li>\n<li style=\"font-weight: 400;\"><span style=\"font-weight: 400;\">Alle skatter, gebyrer og ekspeditionsgebyrer<\/span><\/li>\n<li style=\"font-weight: 400;\"><span style=\"font-weight: 400;\">Lokale skatter<\/span><\/li>\n<li>Frokost p\u00e5 stranden<\/li>\n<li>Vandring<\/li>\n<li style=\"font-weight: 400;\"><span style=\"font-weight: 400;\">Alle aktiviteter<\/span><\/li>\n<\/ol>\n<p><b> Udelukkelser<\/b><\/p>\n<ol>\n<li style=\"font-weight: 400;\"><span style=\"font-weight: 400;\">Drikkepenge<\/span><\/li>\n<\/ol>\n<h4><em><strong>Afgang og hjemrejse<\/strong><\/em><\/h4>\n<p><span style=\"font-weight: 400;\">Den rejsende f\u00e5r et m\u00f8dested efter reservationsprocessen. Ture starter og slutter i dine m\u00f8desteder.<\/span><\/p>\n<h3>Playa Calet\u00f3n, Playa Escondida, Playa Colorado, Playa del Amor, Playa La Vaca, Playa la Playita Playa Brem\u00e1n.<\/h3>\n<h4><b><i>Hvad kan man forvente?<\/i><\/b><\/h4>\n<p><em><strong>F\u00e5 dine billetter<\/strong><\/em> for at bes\u00f8ge 7 af de mest unikke strande omkring Den Dominikanske Republik. Startturens m\u00f8dested er i Las Galeras-omr\u00e5det, vandring og sv\u00f8mning p\u00e5 en dag 7 strande plus el Rincon-stranden. F\u00f8rst bes\u00f8ger vi Duarte-grotten, vandrer og ser den smukkeste grotte i las Galeras. Denne hule har 900 meter, med 2 forskellige indgange for at undg\u00e5 at gentage det samme landskab.<\/p>\n<p>Efter at have bes\u00f8gt grotten g\u00e5r vi tilbage til speedb\u00e5den for at bes\u00f8ge Playa Caleton, dette er en af de mest omtalte strande i Samana p\u00e5 grund af det klare vand. Vi vil sv\u00f8mme og nyde denne strand f\u00f8rst for at forts\u00e6tte vores tur ved Playa del Amor.<\/p>\n<p><strong>playa 7<\/strong><\/p>\n<p>Playa Rinc\u00f3n er en uspoleret stribe af hvidt sand, der str\u00e6kker sig omkring 2,5 miles (4 kilometer) langs en ubebygget del af kysten. Omkranset af en kant af kokospalmer og omgivet af bjerg- og klippetoppe i begge ender, f\u00f8les denne afsondrede strand som en sand utopi, afsk\u00e5ret fra civilisationen.<\/p>\n<p>Efter El Rincon-stranden er vi tilbage p\u00e5 speedb\u00e5den til Las Galeras m\u00f8dested!<\/p>\n<p>Turen, arrangeret af &quot;Booking Adventures&quot; starter ved m\u00f8destedet, der er fastsat med vores rejseguide. Kom med Booking Adventures og spis frokost p\u00e5 stranden og nyd de 7 mest fantastiske strande i Samana, Den Dominikanske Republik.<\/p>\n<div class=\"body-description secondary\">\n<p>&nbsp;<\/p>\n<\/div>\n<h4><em><strong>Hvad skal du medbringe?<\/strong><\/em><\/h4>\n<ul>\n<li style=\"font-weight: 400;\"><span style=\"font-weight: 400;\">Kamera<\/span><\/li>\n<li style=\"font-weight: 400;\"><span style=\"font-weight: 400;\">Afvisende knopper<\/span><\/li>\n<li style=\"font-weight: 400;\"><span style=\"font-weight: 400;\">Solcreme<\/span><\/li>\n<li>Vand<\/li>\n<li style=\"font-weight: 400;\"><span style=\"font-weight: 400;\">Hat<\/span><\/li>\n<li style=\"font-weight: 400;\"><span style=\"font-weight: 400;\">Komfortable bukser<\/span><\/li>\n<li style=\"font-weight: 400;\"><span style=\"font-weight: 400;\">Vandresko til skov<\/span><\/li>\n<li style=\"font-weight: 400;\"><span style=\"font-weight: 400;\">Sandaler til for\u00e5rets omr\u00e5der.<\/span><\/li>\n<li style=\"font-weight: 400;\"><span style=\"font-weight: 400;\">Badet\u00f8j<\/span><\/li>\n<\/ul>\n<p>&nbsp;<\/p>\n<h4><b><i>Hotel afhentning <\/i><\/b><\/h4>\n<p><span style=\"font-weight: 400;\">Hotel afhentning er ikke inkluderet i denne tur. <\/span><\/p>\n<p>&nbsp;<\/p>\n<p><b>Bem\u00e6rk:<\/b><span style=\"font-weight: 400;\"> Hvis du bestiller inden for 24 timer efter turens\/udflugtens afgangstidspunkt, kan vi arrangere hotelafhentning mod ekstra omkostninger. Vi henter den i Samana-omr\u00e5det. N\u00e5r dit k\u00f8b er gennemf\u00f8rt, sender vi dig fuldst\u00e6ndige kontaktoplysninger (telefonnummer, e-mailadresse osv.), s\u00e5 vores lokale rejseguide kan organisere afhentningsarrangementer.<\/span><\/p>\n<h4><b><i>Yderligere info bekr\u00e6ftelse <\/i><\/b><\/h4>\n<ol>\n<li>Billetter er kvitteringen efter betaling af denne tur. Du kan vise betalingen p\u00e5 din telefon.<\/li>\n<li style=\"font-weight: 400;\"><span style=\"font-weight: 400;\">M\u00f8depunkt modtages efter reservationsprocessen.<\/span><\/li>\n<li style=\"font-weight: 400;\"><span style=\"font-weight: 400;\">B\u00f8rn skal ledsages af en voksen.<\/span><\/li>\n<li style=\"font-weight: 400;\"><span style=\"font-weight: 400;\"> Ikke tilg\u00e6ngelig for k\u00f8restolsbrugere <\/span><\/li>\n<li style=\"font-weight: 400;\"><span style=\"font-weight: 400;\">Sp\u00e6db\u00f8rn skal sidde p\u00e5 sk\u00f8det <\/span><\/li>\n<li style=\"font-weight: 400;\"><span style=\"font-weight: 400;\">Anbefales ikke til rejsende med rygproblemer<\/span><\/li>\n<li style=\"font-weight: 400;\"><span style=\"font-weight: 400;\">Anbefales ikke til gravide rejsende <\/span><\/li>\n<li style=\"font-weight: 400;\"><span style=\"font-weight: 400;\"> Ingen hjerteproblemer eller andre alvorlige medicinske tilstande <\/span><\/li>\n<li style=\"font-weight: 400;\"><span style=\"font-weight: 400;\">De fleste rejsende kan deltage<\/span><\/li>\n<\/ol>\n<h4><b><i>Afbestillingspolitik<\/i><\/b><\/h4>\n<p>For fuld refusion, l\u00e6s venligst vores afbestillingspolitikker\u00a0<a href=\"https:\/\/www.boattoursamana.com\/da\/online-booking\/\" target=\"_blank\" rel=\"noopener\" data-saferedirecturl=\"https:\/\/www.google.com\/url?q=https:\/\/www.boattoursamana.com\/online-booking\/&amp;source=gmail&amp;ust=1672449202351000&amp;usg=AOvVaw1yAeVAPktmaVCqDujgUn90\">Klik her<\/a>. Penge vil g\u00e5 tabt, hvis reservationen annulleres samme dag p\u00e5 rejsen.<\/p>\n\n\t\t<\/div>\n\t<\/div>\n<div class=\"vc_btn3-container vc_btn3-inline\" ><button class=\"vc_general vc_btn3 vc_btn3-size-md vc_btn3-shape-rounded vc_btn3-style-modern vc_btn3-color-green\">BOOK NU<\/button><\/div><\/div><\/div><\/div><\/div><div class=\"vc_row wpb_row vc_row-fluid\" ><div class=\"wpb_column vc_column_container vc_col-sm-12\"><div class=\"vc_column-inner\"><div class=\"wpb_wrapper\">\n\t<div class=\"wpb_video_widget wpb_content_element vc_clearfix   vc_video-aspect-ratio-169 vc_video-el-width-100 vc_video-align-left\" >\n\t\t<div class=\"wpb_wrapper\">\n\t\t\t<h2 class=\"wpb_heading wpb_video_heading\">Boca del diablo og Fronton-stranden<\/h2>\n\t\t\t<div class=\"wpb_video_wrapper\"><iframe loading=\"lazy\" title=\"Saman\u00e1-halv\u00f8en, Den Dominikanske Republik (DJI Phantom 4 4K)\" width=\"1100\" height=\"619\" src=\"https:\/\/www.youtube.com\/embed\/DYDXVm8Q_iM?feature=oembed\" frameborder=\"0\" allow=\"accelerometer; autoplay; encrypted-media; gyroscope; picture-in-picture\" allowfullscreen><\/iframe><\/div>\n\t\t<\/div>\n\t<\/div>\n<\/div><\/div><\/div><\/div><div class=\"vc_row wpb_row vc_row-fluid\" ><\/div><div class=\"wpb_column vc_column_container vc_col-sm-12\"><div class=\"vc_column-inner\"><div class=\"wpb_wrapper\"><\/div><\/div><\/div><div class=\"vc_empty_space\"   style=\"height: 32px\"><span class=\"vc_empty_space_inner\"><\/span><\/div><div class=\"vc_empty_space\"   style=\"height: 32px\"><span class=\"vc_empty_space_inner\"><\/span><\/div><div class=\"vc_row wpb_row vc_row-fluid\" ><div class=\"wpb_column vc_column_container vc_col-sm-12\"><div class=\"vc_column-inner\"><div class=\"wpb_wrapper\"><div class=\"vc_btn3-container vc_btn3-inline\" ><button class=\"vc_general vc_btn3 vc_btn3-size-md vc_btn3-shape-rounded vc_btn3-style-modern vc_btn3-color-green\">BOOK NU<\/button><\/div><\/div><\/div><\/div><\/div>","protected":false},"excerpt":{"rendered":"<p>Hvis du bes\u00f8ger Samana og gerne vil have en \u00e6gte lokal oplevelse p\u00e5 vandretur, en b\u00e5dtur plus frokost p\u00e5 Rincon Beach, er det denne tur, du skal tage. Bes\u00f8g Samanas 7 skjulte strande i Las Galeras-omr\u00e5det, hvor du ogs\u00e5 kan bes\u00f8ge en grotte og tage fantastiske videoer eller billeder til fantastiske minder.<\/p>\n<p><em><strong>V\u00e6lg dato for turen:\u00a0<\/strong><\/em><\/p>","protected":false},"featured_media":9382,"template":"","meta":[],"product_cat":[160,255],"product_tag":[925,204,378,924,923,279,912,377,913,915,916,914,374,918,917,373,379,327,376,375,200,187],"class_list":["post-12749","product","type-product","status-publish","has-post-thumbnail","hentry","product_cat-lunch","product_cat-tours-excursions-samana-bay-dominican-republic","product_tag-boat-trip-las-galeras","product_tag-el-rincon-beach","product_tag-fronton-beach","product_tag-hike-las-galeras","product_tag-hiking-las-galeras","product_tag-las-galeras","product_tag-las-galeras-tour","product_tag-madame-beach","product_tag-playa-caleton","product_tag-playa-colorado","product_tag-playa-del-amor","product_tag-playa-escondida","product_tag-playa-fronton-playa-madame-beach","product_tag-playa-la-playita-playa-breman","product_tag-playa-la-vaca","product_tag-playa-rincon","product_tag-playa-rincon-tours","product_tag-private-tours-samana","product_tag-rincon-beach-tour","product_tag-samana-dominican-republic","product_tag-samana-excursions","product_tag-samana-tours"],"_links":{"self":[{"href":"https:\/\/www.boattoursamana.com\/da\/wp-json\/wp\/v2\/product\/12749","targetHints":{"allow":["GET"]}}],"collection":[{"href":"https:\/\/www.boattoursamana.com\/da\/wp-json\/wp\/v2\/product"}],"about":[{"href":"https:\/\/www.boattoursamana.com\/da\/wp-json\/wp\/v2\/types\/product"}],"wp:featuredmedia":[{"embeddable":true,"href":"https:\/\/www.boattoursamana.com\/da\/wp-json\/wp\/v2\/media\/9382"}],"wp:attachment":[{"href":"https:\/\/www.boattoursamana.com\/da\/wp-json\/wp\/v2\/media?parent=12749"}],"wp:term":[{"taxonomy":"product_cat","embeddable":true,"href":"https:\/\/www.boattoursamana.com\/da\/wp-json\/wp\/v2\/product_cat?post=12749"},{"taxonomy":"product_tag","embeddable":true,"href":"https:\/\/www.boattoursamana.com\/da\/wp-json\/wp\/v2\/product_tag?post=12749"}],"curies":[{"name":"wp","href":"https:\/\/api.w.org\/{rel}","templated":true}]}}