{"id":12753,"date":"2021-08-25T18:55:24","date_gmt":"2021-08-25T18:55:24","guid":{"rendered":"https:\/\/www.ticketswhales.com\/?post_type=product&#038;p=12753"},"modified":"2023-11-06T10:40:26","modified_gmt":"2023-11-06T10:40:26","slug":"montana-redonda-miches-round-mountain-day-pass-lunch-incluided","status":"publish","type":"product","link":"https:\/\/www.boattoursamana.com\/da\/tur\/montana-redonda-miches-runde-bjerg-dagskort-frokost-inkluderet","title":{"rendered":"Montana Redonda Miches (Round Mountain) dagskort. Frokost inkluderet."},"content":{"rendered":"<div class=\"vc_row wpb_row vc_row-fluid\" ><div class=\"wpb_column vc_column_container vc_col-sm-12\"><div class=\"vc_column-inner\"><div class=\"wpb_wrapper\"><div class=\"vc_btn3-container vc_btn3-inline\" ><button class=\"vc_general vc_btn3 vc_btn3-size-md vc_btn3-shape-rounded vc_btn3-style-modern vc_btn3-color-green\">BOOK NU<\/button><\/div>\n\t<div class=\"wpb_text_column wpb_content_element\" >\n\t\t<div class=\"wpb_wrapper\">\n\t\t\t<h2><strong>Montana Redonda Miches (Round Mountain) dagskort.<\/strong><\/h2>\n\n\t\t<\/div>\n\t<\/div>\n<\/div><\/div><\/div><\/div><div class=\"vc_row wpb_row vc_row-fluid\" ><div class=\"wpb_column vc_column_container vc_col-sm-12\"><div class=\"vc_column-inner\"><div class=\"wpb_wrapper\">\n\t<div class=\"wpb_text_column wpb_content_element\" >\n\t\t<div class=\"wpb_wrapper\">\n\t\t\t<h3>Montana Redonda Miches (Round Mountain) dagskort. Frokost inkluderet.<\/h3>\n<h4><b><i>Oversigt <\/i><\/b><\/h4>\n<p>Klatre op p\u00e5 en zafari-lastbil og tag os til toppen, mens du nyder panoramaudsigten over naturen og havet. N\u00e5r du n\u00e5r toppen, vil du have mulighed for at overraske dig selv og forelske dig i sk\u00f8nheden i narutaleza, mens du tager nogle utrolige billeder. Du vil have frokost og tid til at slappe af i dette paradis. F\u00f8lg af en 360-graders panoramaudsigt ved Montana Redonda 1000 fod h\u00f8je ber\u00f8mte bjerg, hvor du vil nyde et m\u00e5ltid og se p\u00e5 fugle, der flyver, og en gr\u00f8n spektakul\u00e6r udsigt over naturen til dets bedste.<\/p>\n<p>Efter denne oplevelse kommer du tilbage til Safari for at tage dig til vores m\u00f8dested.<\/p>\n<ul>\n<li style=\"font-weight: 400;\">Gebyrer inkluderet<\/li>\n<li>Frokost<\/li>\n<li>Transport fra m\u00f8dested.<\/li>\n<li>Montana Redonda<\/li>\n<\/ul>\n<h4><b>Inklusioner &amp; Eksklusioner<\/b><\/h4>\n<p><b>Inklusioner<\/b><\/p>\n<ol>\n<li>Montana Redonda<\/li>\n<li>Frokost<\/li>\n<li style=\"font-weight: 400;\"><span style=\"font-weight: 400;\">Alle skatter, gebyrer og ekspeditionsgebyrer<\/span><\/li>\n<li style=\"font-weight: 400;\"><span style=\"font-weight: 400;\">Lokale skatter<\/span><\/li>\n<li style=\"font-weight: 400;\"><span style=\"font-weight: 400;\">Drikkevarer<\/span><\/li>\n<li style=\"font-weight: 400;\"><span style=\"font-weight: 400;\">Alle aktiviteter<\/span><\/li>\n<li style=\"font-weight: 400;\"><span style=\"font-weight: 400;\">Lokal guide<\/span><\/li>\n<\/ol>\n<p><b> Udelukkelser<\/b><\/p>\n<ol>\n<li style=\"font-weight: 400;\"><span style=\"font-weight: 400;\">Drikkepenge<\/span><\/li>\n<li style=\"font-weight: 400;\"><span style=\"font-weight: 400;\">Alkoholiske drikkevarer<\/span><\/li>\n<\/ol>\n<p>&nbsp;<\/p>\n<h4><em><strong>Afgang og hjemrejse<\/strong><\/em><\/h4>\n<p><span style=\"font-weight: 400;\">Den rejsende f\u00e5r et m\u00f8dested efter reservationsprocessen. Ture starter og slutter i dine m\u00f8desteder.<\/span><\/p>\n<h4><\/h4>\n<h3>Montana Redonda Miches (Round Mountain) dagskort. Frokost inkluderet.<\/h3>\n<h4><b><i>Hvad kan man forvente?<\/i><\/b><\/h4>\n<p><em><strong>F\u00e5 dine billetter<\/strong><\/em> for at bes\u00f8ge Montana Redonda (Round Mountain) i Miches, er et uforglemmeligt sted, der er omgivet af naturen p\u00e5 landet, nyd en panoramaudsigt, hvor refleksionen af lagunerne kombineres med solopgangen p\u00e5 stranden og solnedgangen med det gr\u00f8nne i bjerge, ren luft og syngende fugle, fred og ro, der fylder vores \u00f8nske om at blive.<\/p>\n<div class=\"body-description secondary\">\n<p>Dette sted har en typisk frokost, hvis du er veganer, ingen bekymringer, vi har ogs\u00e5 mad til dig!<\/p>\n<p>Efter frokost kan du beslutte, hvorn\u00e5r turen skal afsluttes.<\/p>\n<\/div>\n<p>Hvis du vil kunne lide denne rejse l\u00e6ngere eller kortere, skal du blot kontakte os.<\/p>\n<p>&nbsp;<\/p>\n<h4><em><strong>Hvad skal du medbringe?<\/strong><\/em><\/h4>\n<ul>\n<li style=\"font-weight: 400;\"><span style=\"font-weight: 400;\">Kamera<\/span><\/li>\n<li style=\"font-weight: 400;\"><span style=\"font-weight: 400;\">Afvisende knopper<\/span><\/li>\n<li style=\"font-weight: 400;\"><span style=\"font-weight: 400;\">Solcreme<\/span><\/li>\n<li style=\"font-weight: 400;\"><span style=\"font-weight: 400;\">Hat<\/span><\/li>\n<li style=\"font-weight: 400;\"><span style=\"font-weight: 400;\">Komfortable bukser<\/span><\/li>\n<li style=\"font-weight: 400;\"><span style=\"font-weight: 400;\">Vandresko til skov<\/span><\/li>\n<\/ul>\n<p>&nbsp;<\/p>\n<h4><b><i>Hotel afhentning <\/i><\/b><\/h4>\n<p><span style=\"font-weight: 400;\">Hotel afhentning tilbydes ikke til denne tur.<br \/>\n<\/span><\/p>\n<p>&nbsp;<\/p>\n<p><b>Bem\u00e6rk:<\/b><span style=\"font-weight: 400;\"> Hvis du bestiller inden for 24 timer efter turens\/udflugtens afgangstidspunkt, kan vi arrangere hotelafhentning med ekstra gebyrer. N\u00e5r dit k\u00f8b er gennemf\u00f8rt, sender vi dig fuldst\u00e6ndige kontaktoplysninger (telefonnummer, e-mailadresse osv.), s\u00e5 vores lokale rejseguide kan organisere afhentningsarrangementer.<\/span><\/p>\n<h4><b><i>Yderligere info bekr\u00e6ftelse <\/i><\/b><\/h4>\n<ol>\n<li>Billetter er kvitteringen efter betaling af denne tur. Du kan vise betalingen p\u00e5 din telefon.<\/li>\n<li style=\"font-weight: 400;\"><span style=\"font-weight: 400;\">M\u00f8depunkt modtages efter reservationsprocessen.<\/span><\/li>\n<li style=\"font-weight: 400;\"><span style=\"font-weight: 400;\">B\u00f8rn skal ledsages af en voksen.<\/span><\/li>\n<li style=\"font-weight: 400;\"><span style=\"font-weight: 400;\"> Ikke tilg\u00e6ngelig for k\u00f8restolsbrugere <\/span><\/li>\n<li style=\"font-weight: 400;\"><span style=\"font-weight: 400;\">Sp\u00e6db\u00f8rn skal sidde p\u00e5 sk\u00f8det <\/span><\/li>\n<li style=\"font-weight: 400;\"><span style=\"font-weight: 400;\">Anbefales ikke til rejsende med rygproblemer<\/span><\/li>\n<li style=\"font-weight: 400;\"><span style=\"font-weight: 400;\">Anbefales ikke til gravide rejsende <\/span><\/li>\n<li style=\"font-weight: 400;\"><span style=\"font-weight: 400;\"> Ingen hjerteproblemer eller andre alvorlige medicinske tilstande <\/span><\/li>\n<li style=\"font-weight: 400;\"><span style=\"font-weight: 400;\">De fleste rejsende kan deltage<\/span><\/li>\n<\/ol>\n<h4><b><i>Afbestillingspolitik<\/i><\/b><\/h4>\n<p>For fuld refusion, l\u00e6s venligst vores afbestillingspolitikker\u00a0<a href=\"https:\/\/www.boattoursamana.com\/da\/online-booking\/\" target=\"_blank\" rel=\"noopener\" data-saferedirecturl=\"https:\/\/www.google.com\/url?q=https:\/\/www.boattoursamana.com\/online-booking\/&amp;source=gmail&amp;ust=1672449202351000&amp;usg=AOvVaw1yAeVAPktmaVCqDujgUn90\">Klik her<\/a>. Penge vil g\u00e5 tabt, hvis reservationen annulleres samme dag p\u00e5 rejsen.<\/p>\n\n\t\t<\/div>\n\t<\/div>\n<\/div><\/div><\/div><\/div><div class=\"vc_row wpb_row vc_row-fluid\" ><div class=\"wpb_column vc_column_container vc_col-sm-12\"><div class=\"vc_column-inner\"><div class=\"wpb_wrapper\"><div class=\"vc_empty_space\"   style=\"height: 32px\"><span class=\"vc_empty_space_inner\"><\/span><\/div><div class=\"vc_btn3-container vc_btn3-inline\" ><button class=\"vc_general vc_btn3 vc_btn3-size-md vc_btn3-shape-rounded vc_btn3-style-modern vc_btn3-color-green\">BOOK NU<\/button><\/div>\n\t<div class=\"wpb_video_widget wpb_content_element vc_clearfix   vc_video-aspect-ratio-169 vc_video-el-width-100 vc_video-align-left\" >\n\t\t<div class=\"wpb_wrapper\">\n\t\t\t<h2 class=\"wpb_heading wpb_video_heading\">Montana Redonda video:<\/h2>\n\t\t\t<div class=\"wpb_video_wrapper\"><iframe loading=\"lazy\" title=\"Monta\u00f1a Redonda | Punta cana | Republica Dominicana | Miches\" width=\"1100\" height=\"619\" src=\"https:\/\/www.youtube.com\/embed\/VMXCABYGIYs?feature=oembed\" frameborder=\"0\" allow=\"accelerometer; autoplay; clipboard-write; encrypted-media; gyroscope; picture-in-picture\" allowfullscreen><\/iframe><\/div>\n\t\t<\/div>\n\t<\/div>\n<div class=\"vc_empty_space\"   style=\"height: 32px\"><span class=\"vc_empty_space_inner\"><\/span><\/div><\/div><\/div><\/div><\/div><div class=\"vc_row wpb_row vc_row-fluid\" ><\/div><div class=\"wpb_column vc_column_container vc_col-sm-12\"><div class=\"vc_column-inner\"><div class=\"wpb_wrapper\"><\/div><\/div><\/div><div class=\"vc_empty_space\"   style=\"height: 32px\"><span class=\"vc_empty_space_inner\"><\/span><\/div><div class=\"vc_empty_space\"   style=\"height: 32px\"><span class=\"vc_empty_space_inner\"><\/span><\/div><div class=\"vc_row wpb_row vc_row-fluid\" ><div class=\"wpb_column vc_column_container vc_col-sm-12\"><div class=\"vc_column-inner\"><div class=\"wpb_wrapper\"><div class=\"vc_btn3-container vc_btn3-inline\" ><button class=\"vc_general vc_btn3 vc_btn3-size-md vc_btn3-shape-rounded vc_btn3-style-modern vc_btn3-color-green\">BOOK NU<\/button><\/div><\/div><\/div><\/div><\/div>","protected":false},"excerpt":{"rendered":"<p>F\u00e5 dine dagskortbilletter til Montana Redonda. Book din tur til bjerget nu og spis frokost med os, mens du kan nyde den fantastiske udsigt og f\u00e5 dit livs bedste sikre tur.<\/p>\n<p><em><strong>V\u00e6lg dato for turen:\u00a0<\/strong><\/em><\/p>","protected":false},"featured_media":9163,"template":"","meta":[],"product_cat":[919,920,921,855,922],"product_tag":[176,211,210,268,192,296,267,171,209,440,441,299,212,297,222,298,269],"class_list":["post-12753","product","type-product","status-publish","has-post-thumbnail","hentry","product_cat-attractions","product_cat-group-tours","product_cat-mou","product_cat-outdoor-activities","product_cat-punta-cana-tours-and-excursions","product_tag-cano-hondo","product_tag-cano-hondo-hotel","product_tag-cano-hondo-tours","product_tag-caves-los-haitises","product_tag-day-tour-cano-hondo","product_tag-day-trip-punta-cana","product_tag-las-terrenas","product_tag-los-haitises","product_tag-los-haitises-national-park","product_tag-los-haitises-national-park-map","product_tag-los-haitises-national-park-tour-from-las-terrenas","product_tag-los-haitises-national-park-tours-excursions","product_tag-mangroves-los-haitises","product_tag-montana-redonda-tours-excursion","product_tag-punta-cana","product_tag-punta-cana-tours-excursions","product_tag-transportation-los-haitises"],"_links":{"self":[{"href":"https:\/\/www.boattoursamana.com\/da\/wp-json\/wp\/v2\/product\/12753","targetHints":{"allow":["GET"]}}],"collection":[{"href":"https:\/\/www.boattoursamana.com\/da\/wp-json\/wp\/v2\/product"}],"about":[{"href":"https:\/\/www.boattoursamana.com\/da\/wp-json\/wp\/v2\/types\/product"}],"wp:featuredmedia":[{"embeddable":true,"href":"https:\/\/www.boattoursamana.com\/da\/wp-json\/wp\/v2\/media\/9163"}],"wp:attachment":[{"href":"https:\/\/www.boattoursamana.com\/da\/wp-json\/wp\/v2\/media?parent=12753"}],"wp:term":[{"taxonomy":"product_cat","embeddable":true,"href":"https:\/\/www.boattoursamana.com\/da\/wp-json\/wp\/v2\/product_cat?post=12753"},{"taxonomy":"product_tag","embeddable":true,"href":"https:\/\/www.boattoursamana.com\/da\/wp-json\/wp\/v2\/product_tag?post=12753"}],"curies":[{"name":"wp","href":"https:\/\/api.w.org\/{rel}","templated":true}]}}