{"id":13398,"date":"2021-11-23T10:25:21","date_gmt":"2021-11-23T10:25:21","guid":{"rendered":"https:\/\/www.ticketswhales.com\/?post_type=product&#038;p=13398"},"modified":"2023-02-26T03:44:21","modified_gmt":"2023-02-26T03:44:21","slug":"private-speed-boat-lancha-samana-bay","status":"publish","type":"product","link":"https:\/\/www.boattoursamana.com\/da\/tur\/privat-speed-bad-lancha-samana-bugten-2","title":{"rendered":"Privat speedb\u00e5d (Lancha) Saman\u00e1-bugten"},"content":{"rendered":"<div class=\"vc_row wpb_row vc_row-fluid\" ><div class=\"wpb_column vc_column_container vc_col-sm-12\"><div class=\"vc_column-inner\"><div class=\"wpb_wrapper\"><div class=\"vc_btn3-container vc_btn3-inline\" ><button class=\"vc_general vc_btn3 vc_btn3-size-md vc_btn3-shape-rounded vc_btn3-style-modern vc_btn3-color-green\">BOOK NU<\/button><\/div>\n\t<div class=\"wpb_text_column wpb_content_element\" >\n\t\t<div class=\"wpb_wrapper\">\n\t\t\t<div class=\"custom-left\">\n<div class=\"row\">\n<div class=\"col-md-12 cust-clas\">\n<div class=\"product-header alignleft\">\n<p>SAMANA B\u00c5D \u2013 UDLEJNING<\/p>\n<p>PRIVAT HELDAGS CHARTER SAMANA BAY<\/p>\n<p>8 TIMERS TUR- MANDAG TIL S\u00d8NDAG<\/p>\n<\/div>\n<\/div>\n<\/div>\n<\/div>\n<div class=\"custom-left para-p\">\n<div class=\"info_content_label\">\n<p><label>Info:<\/label><\/p>\n<p>Lej denne fantastiske speedb\u00e5d for en hel dag for op til 5 personer at bes\u00f8ge <a href=\"https:\/\/www.boattoursamana.com\/da\/destinationer\/los-haitises-nationalpark-billetter-ture\/\" target=\"_blank\" rel=\"noopener\" data-saferedirecturl=\"https:\/\/www.google.com\/url?q=https:\/\/www.boattoursamana.com\/destinations\/los-haitises-national-park-tickets-tours\/&amp;source=gmail&amp;ust=1637749313206000&amp;usg=AOvVaw2iM1LFDbYv-Gthna0qZt2n\">haitisere<\/a> og Cayo Levantado. Ogs\u00e5 i hvalsafari-s\u00e6sonen kan du bruge b\u00e5den til at se hvalerne i Samana-bugten.<\/p>\n<p>Inkluderer mandskab, br\u00e6ndstof og isk\u00f8ler.<\/p>\n<p>Madmuligheder til r\u00e5dighed for en ekstra pris:<\/p>\n<p><strong>Detaljer om den traditionelle frokostbuffet, $15 USD pp:<\/strong><\/p>\n<p>-Gr\u00f8n salat<br \/>\n-Br\u00f8d<br \/>\n-Moro de Guandule (Ris Dominican Style) med kokosn\u00f8d<br \/>\n\u2013 Pasta i tomatsauce<br \/>\n-Yuca-gryderetter<br \/>\n-Fisk og grillet kylling (dorado) + valgfri kokosm\u00e6lksauce<br \/>\n-Frisk frugt<br \/>\n-1 ikke-alkoholholdig drik (sodavand eller vand)<br \/>\n-Kaffe<\/p>\n<p><strong>Yderligere hummerservice + kokosslik $19 USD (ekstra).<\/strong><\/p>\n<\/div>\n<p><label>Inkluderer:<\/label>\u00a0Andre tjenester inkluderet (bes\u00e6tning, br\u00e6ndstof og k\u00f8ler med is er inkluderet)<\/p>\n<p><label>Ikke inkluderet:<\/label>\u00a0Drikkevarer eller mad er IKKE inkluderet<\/p>\n<p><label>Inkluder br\u00e6ndstof:<\/label>\u00a0Ja<\/p>\n<\/div>\n<p>Kontakt os via Whatsapp: +1-809-720-6035. Bedste pris online...<\/p>\n<p>&nbsp;<\/p>\n<h4><b><i>Afbestillingspolitik<\/i><\/b><\/h4>\n<p>For fuld refusion, l\u00e6s venligst vores afbestillingspolitikker\u00a0<a href=\"https:\/\/www.boattoursamana.com\/da\/online-booking\/\" target=\"_blank\" rel=\"noopener\" data-saferedirecturl=\"https:\/\/www.google.com\/url?q=https:\/\/www.boattoursamana.com\/online-booking\/&amp;source=gmail&amp;ust=1672449202351000&amp;usg=AOvVaw1yAeVAPktmaVCqDujgUn90\">Klik her<\/a>. Penge vil g\u00e5 tabt, hvis reservationen annulleres samme dag p\u00e5 rejsen.<\/p>\n\n\t\t<\/div>\n\t<\/div>\n<\/div><\/div><\/div><\/div><div class=\"vc_row wpb_row vc_row-fluid\" ><div class=\"wpb_column vc_column_container vc_col-sm-12\"><div class=\"vc_column-inner\"><div class=\"wpb_wrapper\"><div class=\"vc_btn3-container vc_btn3-inline\" ><button class=\"vc_general vc_btn3 vc_btn3-size-md vc_btn3-shape-rounded vc_btn3-style-modern vc_btn3-color-green\">BOOK NU<\/button><\/div><\/div><\/div><\/div><\/div>","protected":false},"excerpt":{"rendered":"<p>Privat speedb\u00e5d (Lancha) Samana Bay Lej denne fantastiske speedb\u00e5d for en hel dag for op til 5 personer at bes\u00f8ge <a href=\"https:\/\/www.boattoursamana.com\/da\/destinationer\/los-haitises-nationalpark-billetter-ture\/\" target=\"_blank\" rel=\"noopener\" data-saferedirecturl=\"https:\/\/www.google.com\/url?q=https:\/\/www.boattoursamana.com\/destinations\/los-haitises-national-park-tickets-tours\/&amp;source=gmail&amp;ust=1637749313206000&amp;usg=AOvVaw2iM1LFDbYv-Gthna0qZt2n\">haitisere<\/a> og Cayo Levantado. Ogs\u00e5 i hvalsafari-s\u00e6sonen kan du bruge b\u00e5den til at se hvalerne i Samana-bugten.<\/p>","protected":false},"featured_media":12415,"template":"","meta":[],"product_cat":[1054,841,1000],"product_tag":[842,843,844,845],"class_list":["post-13398","product","type-product","status-publish","has-post-thumbnail","hentry","product_cat-private-speed-boat-lancha-samana-bay","product_cat-rent-catamaran-or-boat-samana","product_cat-ultimo2022","product_tag-catamaran-for-renting-samana","product_tag-samana-boat-rentals","product_tag-samana-catamaran","product_tag-samana-rentals"],"_links":{"self":[{"href":"https:\/\/www.boattoursamana.com\/da\/wp-json\/wp\/v2\/product\/13398","targetHints":{"allow":["GET"]}}],"collection":[{"href":"https:\/\/www.boattoursamana.com\/da\/wp-json\/wp\/v2\/product"}],"about":[{"href":"https:\/\/www.boattoursamana.com\/da\/wp-json\/wp\/v2\/types\/product"}],"wp:featuredmedia":[{"embeddable":true,"href":"https:\/\/www.boattoursamana.com\/da\/wp-json\/wp\/v2\/media\/12415"}],"wp:attachment":[{"href":"https:\/\/www.boattoursamana.com\/da\/wp-json\/wp\/v2\/media?parent=13398"}],"wp:term":[{"taxonomy":"product_cat","embeddable":true,"href":"https:\/\/www.boattoursamana.com\/da\/wp-json\/wp\/v2\/product_cat?post=13398"},{"taxonomy":"product_tag","embeddable":true,"href":"https:\/\/www.boattoursamana.com\/da\/wp-json\/wp\/v2\/product_tag?post=13398"}],"curies":[{"name":"wp","href":"https:\/\/api.w.org\/{rel}","templated":true}]}}