{"id":13984,"date":"2022-03-17T14:52:59","date_gmt":"2022-03-17T14:52:59","guid":{"rendered":"https:\/\/www.ticketswhales.com\/?post_type=product&#038;p=13984"},"modified":"2023-10-19T15:18:55","modified_gmt":"2023-10-19T15:18:55","slug":"jarabacoa-buggy-with-baiguate-waterfall-double","status":"publish","type":"product","link":"https:\/\/www.boattoursamana.com\/da\/tur\/jarabacoa-buggy-med-baiguat-vandfald-dobbelt-2","title":{"rendered":"Jarabacoa Buggy med Baiguate Waterfall Double"},"content":{"rendered":"<div class=\"vc_row wpb_row vc_row-fluid\" ><div class=\"wpb_column vc_column_container vc_col-sm-12\"><div class=\"vc_column-inner\"><div class=\"wpb_wrapper\"><div class=\"mkdf-section-title-holder\" style=\"text-align: left\">\n\t<div class=\"mkdf-st-inner\">\n\t\t\t\t\t<h5 class=\"mkdf-st-subtitle\" >\n\t\t\t\tBuggy - Buggies\t\t\t<\/h5>\n\t\t\t\t\t\t\t<h3 class=\"mkdf-st-title\" >\n\t\t\t\tJarabacoa med Jimenoa og Baiguate vandfald\t\t\t<\/h3>\n\t\t\t\t\t<\/div>\n<\/div><\/div><\/div><\/div><\/div><div class=\"vc_row wpb_row vc_row-fluid\" ><div class=\"wpb_column vc_column_container vc_col-sm-12\"><div class=\"vc_column-inner\"><div class=\"wpb_wrapper\"><div class=\"vc_btn3-container vc_btn3-inline\" ><a class=\"vc_general vc_btn3 vc_btn3-size-md vc_btn3-shape-rounded vc_btn3-style-modern vc_btn3-color-green\" href=\"https:\/\/bookingadventures.tours\/booking.php?tour_id=e29316590922029738666cca35b0d5d9\" title=\"\" rel=\"noopener\">BOOK NU<\/a><\/div>\n\t<div class=\"wpb_text_column wpb_content_element\" >\n\t\t<div class=\"wpb_wrapper\">\n\t\t\t<h3 class=\"ui_header h1 attractions-product-info-ProductTitle__title--1qM0o\">Jarabacoa buggy med Baiguate Waterfall Double<\/h3>\n<h4><b><i>Oversigt <\/i><\/b><\/h4>\n<p><span style=\"font-weight: 400;\">Slut dig til os og rejs med en lokal ekspert fra Jarabacoa og f\u00e5 den unikke oplevelse af at bes\u00f8ge de bedste steder fra \u00f8koturismens hovedstad med start fra Jarabacoa, denne tur vil tage dig rundt og se det smukke landskab p\u00e5 den st\u00f8rste bjergranch i Den Dominikanske Republik. N\u00e5r du k\u00f8rer rundt til de forskellige steder, vil du m\u00e6rke bjergluften og nyde sk\u00f8nheden i landskabet.\u00a0<\/span><\/p>\n<p><span style=\"font-weight: 400;\">Vi kan komme til de forskellige steder for denne tur. Du har mulighederne: Cykling, Ridning, Safari, Fire hjul eller Buggy. K\u00f8b din billet online nu, og lad os have det sjovt med at l\u00e6re om Jarabacoa og Den Dominikanske Republiks kultur, mens du rejser rundt til de bedste steder i byen.<\/span><\/p>\n<p><span style=\"font-weight: 400;\">Jarabacoa er byen med den evige for\u00e5rsferie p\u00e5 grund af vejret og den n\u00e6stvigtigste kommune fra la Vega-provinsen. If\u00f8lge historien betyder Jarabacoa &quot;sted med meget vand&quot;, den 27. september 1858 begyndte Jarabacoa sit liv som kommune, en kategori opn\u00e5et efter en karriere, der kom fra begyndelsen af det 19. \u00e5rhundrede. Rejs med os og f\u00e5 mere at vide om bjergene, naturen, kulturen og befolkningen i den nordlige region af Den Dominikanske Republik.\u00a0<\/span><\/p>\n<ul>\n<li style=\"font-weight: 400;\">Gebyrer inkluderet<\/li>\n<li>Frokost<\/li>\n<li>Snacks<\/li>\n<li style=\"font-weight: 400;\">Lokal rejseguide p\u00e5 engelsk<\/li>\n<\/ul>\n<h4><b>Inklusioner &amp; Eksklusioner<\/b><\/h4>\n<p><b>Inklusioner<\/b><\/p>\n<ol>\n<li>Frokost<\/li>\n<li style=\"font-weight: 400;\"><span style=\"font-weight: 400;\">Alle skatter, gebyrer og ekspeditionsgebyrer<\/span><\/li>\n<li style=\"font-weight: 400;\"><span style=\"font-weight: 400;\">Lokale skatter<\/span><\/li>\n<li style=\"font-weight: 400;\"><span style=\"font-weight: 400;\">Drikkevarer<\/span><\/li>\n<li>Snacks<\/li>\n<li style=\"font-weight: 400;\"><span style=\"font-weight: 400;\">Alle aktiviteter<\/span><\/li>\n<li style=\"font-weight: 400;\"><span style=\"font-weight: 400;\">Lokal guide<\/span><\/li>\n<\/ol>\n<p><b> Udelukkelser<\/b><\/p>\n<ol>\n<li style=\"font-weight: 400;\"><span style=\"font-weight: 400;\">Drikkepenge<\/span><\/li>\n<li>transport (Indstil ved at kontakte os)<\/li>\n<li style=\"font-weight: 400;\"><span style=\"font-weight: 400;\">Alkoholiske drikkevarer<\/span><\/li>\n<\/ol>\n<h4><em><strong>Afgang og hjemrejse<\/strong><\/em><\/h4>\n<p><span style=\"font-weight: 400;\">Den rejsende f\u00e5r et m\u00f8dested efter reservationsprocessen. Ture starter og slutter ved dine m\u00f8desteder.<\/span><\/p>\n<h3 class=\"ui_header h1 attractions-product-info-ProductTitle__title--1qM0o\">Jarabacoa buggy med Baiguate Waterfall Double<\/h3>\n<h4><b><i>Hvad kan man forvente?<\/i><\/b><\/h4>\n<p><span style=\"font-weight: 400;\">F\u00e5 din billet til Baiguate Waterfalls From Jarabacoa City by Buggy.\u00a0<\/span><\/p>\n<p><span style=\"font-weight: 400;\">N\u00e5r vi taler om buggies, taler vi om et terr\u00e6ng\u00e5ende k\u00f8ret\u00f8j, der tilbyder sikkerhed og nem h\u00e5ndtering, samtidig med at brugeren f\u00e5r st\u00f8rre kontakt med terr\u00e6net og naturen, der omgiver ham under k\u00f8rslen. M\u00e6rk brisen, solen, regnen, se landskabet ved din side i en komfortabel og sikker enhed designet til at nyde skovvejen og off-road.<\/span><\/p>\n<p><span style=\"font-weight: 400;\">Denne udflugt starter fra et m\u00f8dested, du skal bekr\u00e6fte med vores rejsebureauer eller din rejseguide, f\u00f8r du g\u00e5r til ethvert sted. N\u00e5r du m\u00f8der din guide, f\u00e5r du en gennemgang af turen og alt relateret til din dag.<\/span><\/p>\n<p><span style=\"font-weight: 400;\">N\u00e5r alle er klar, starter vi vores tur til nogle landlige omr\u00e5der i Jarabacoa Town, mens vi k\u00f8rer din buggy, vil de uj\u00e6vne veje og bjergluften p\u00e5 landet fra den centrale nordlige del af landet vise dig sk\u00f8nheden og naturen gennem dette eventyr.<\/span><\/p>\n<p><span style=\"font-weight: 400;\">Nogle af de steder, du vil bes\u00f8ge under denne tur, er La Confluencia, hvor floden Jimenoa og Yaque Del Norte m\u00f8des, Cieneguita og Monte Arriba.\u00a0<\/span><\/p>\n<p><span style=\"font-weight: 400;\">Efter at have k\u00f8rt i omkring 30 kilometer vil vi tage til Baiguate Waterfall for en 10 minutters vandretur og sv\u00f8mning i naturlige pools.\u00a0<\/span><\/p>\n<p><span style=\"font-weight: 400;\">I l\u00f8bet af denne del af din tur vil du v\u00e6re i stand til at sv\u00f8mme i cirka 1 time og tage en pause for at pr\u00f8ve nogle friske frugter h\u00f8stet fra Jarabacoa-bondens jord hver dag. Baiguate har et 82 fod h\u00f8jt fald og er det perfekte sted at slappe lidt af, f\u00f8r du g\u00e5r tilbage til byen.\u00a0\u00a0<\/span><\/p>\n<p><span style=\"font-weight: 400;\">I l\u00f8bet af denne del af din tur vil du v\u00e6re i stand til at sv\u00f8mme i cirka 1 time og tage en pause for at pr\u00f8ve nogle friske frugter h\u00f8stet fra Jarabacoa-bondens jord hver dag. Baiguate har et 82 fod h\u00f8jt fald og er det perfekte sted at slappe lidt af, f\u00f8r du g\u00e5r tilbage til byen.\u00a0\u00a0<\/span><\/p>\n<p><span style=\"font-weight: 400;\">Senere efter Baiguate Waterfall tager vi til Ivon&#039;s for at pr\u00f8ve den bedste lokale issmag, hjemmelavet af en lokal ekspert, og g\u00e5r til Duarte Central Park for den sidste del af din tur, dette er en 6 timers tur, der giver dig mulighed for at overv\u00e5ge Jarabacoa, denne udflugt slutter samme sted, som den startede.<\/span><\/p>\n<p><span style=\"font-weight: 400;\">Bem\u00e6rk: Disse ture er med embedsm\u00e6nds \u00f8kolog-rejseledere. Book venligst med tid, for i parken er der ikke for mange specialister.<\/span><\/p>\n<h4><em><strong>Hvad skal du medbringe?<\/strong><\/em><\/h4>\n<ul>\n<li style=\"font-weight: 400;\"><span style=\"font-weight: 400;\">Kamera<\/span><\/li>\n<li style=\"font-weight: 400;\"><span style=\"font-weight: 400;\">Afvisende knopper<\/span><\/li>\n<li style=\"font-weight: 400;\"><span style=\"font-weight: 400;\">Solcreme<\/span><\/li>\n<li style=\"font-weight: 400;\"><span style=\"font-weight: 400;\">Hat<\/span><\/li>\n<li style=\"font-weight: 400;\"><span style=\"font-weight: 400;\">Komfortable bukser<\/span><\/li>\n<li style=\"font-weight: 400;\"><span style=\"font-weight: 400;\">Vandresko til skov<\/span><\/li>\n<li style=\"font-weight: 400;\"><span style=\"font-weight: 400;\">Sandaler til for\u00e5rets omr\u00e5der.<\/span><\/li>\n<li style=\"font-weight: 400;\"><span style=\"font-weight: 400;\">Badet\u00f8j<\/span><\/li>\n<\/ul>\n<h4><b><i>Hotel afhentning <\/i><\/b><\/h4>\n<p><span style=\"font-weight: 400;\">Hotel afhentning tilbydes ikke til denne tur. Vi indstiller Pick up ved at kontakte os via Whatsapp.<\/span><\/p>\n<p><b>Bem\u00e6rk:<\/b><span style=\"font-weight: 400;\"> Hvis du bestiller inden for 24 timer efter turens\/udflugtens afgangstidspunkt, kan vi arrangere hotelafhentning med ekstra gebyrer. N\u00e5r dit k\u00f8b er gennemf\u00f8rt, sender vi dig fuldst\u00e6ndige kontaktoplysninger (telefonnummer, e-mailadresse osv.), s\u00e5 vores lokale rejseguide kan organisere afhentningsarrangementer.<\/span><\/p>\n<h4><b><i>Yderligere info bekr\u00e6ftelse <\/i><\/b><\/h4>\n<ol>\n<li>Billetter er kvitteringen efter betaling for denne tur. Du kan vise betalingen p\u00e5 din telefon.<\/li>\n<li style=\"font-weight: 400;\"><span style=\"font-weight: 400;\">M\u00f8depunkt modtages efter reservationsprocessen.<\/span><\/li>\n<li style=\"font-weight: 400;\"><span style=\"font-weight: 400;\">B\u00f8rn skal ledsages af en voksen.<\/span><\/li>\n<li style=\"font-weight: 400;\"><span style=\"font-weight: 400;\"> Ikke tilg\u00e6ngelig for k\u00f8restolsbrugere <\/span><\/li>\n<li style=\"font-weight: 400;\"><span style=\"font-weight: 400;\">Sp\u00e6db\u00f8rn skal sidde p\u00e5 sk\u00f8det <\/span><\/li>\n<li style=\"font-weight: 400;\"><span style=\"font-weight: 400;\">Anbefales ikke til rejsende med rygproblemer<\/span><\/li>\n<li style=\"font-weight: 400;\"><span style=\"font-weight: 400;\">Anbefales ikke til gravide rejsende <\/span><\/li>\n<li style=\"font-weight: 400;\"><span style=\"font-weight: 400;\"> Ingen hjerteproblemer eller andre alvorlige medicinske tilstande <\/span><\/li>\n<li style=\"font-weight: 400;\"><span style=\"font-weight: 400;\">De fleste rejsende kan deltage<\/span><\/li>\n<\/ol>\n<h4><b><i>Afbestillingspolitik<\/i><\/b><\/h4>\n<p>For fuld refusion, l\u00e6s venligst vores afbestillingspolitikker\u00a0<a href=\"https:\/\/www.boattoursamana.com\/da\/online-booking\/\" target=\"_blank\" rel=\"noopener\" data-saferedirecturl=\"https:\/\/www.google.com\/url?q=https:\/\/www.boattoursamana.com\/online-booking\/&amp;source=gmail&amp;ust=1672449202351000&amp;usg=AOvVaw1yAeVAPktmaVCqDujgUn90\">Klik her<\/a>. Penge vil g\u00e5 tabt, hvis reservationen annulleres samme dag p\u00e5 rejsen.<\/p>\n\n\t\t<\/div>\n\t<\/div>\n<div class=\"vc_btn3-container vc_btn3-inline\" ><a class=\"vc_general vc_btn3 vc_btn3-size-md vc_btn3-shape-rounded vc_btn3-style-modern vc_btn3-color-green\" href=\"https:\/\/bookingadventures.tours\/booking.php?tour_id=e29316590922029738666cca35b0d5d9\" title=\"\" rel=\"noopener\">BOOK NU<\/a><\/div><\/div><\/div><\/div><\/div><div class=\"vc_row wpb_row vc_row-fluid\" ><div class=\"wpb_column vc_column_container vc_col-sm-12\"><div class=\"vc_column-inner\"><div class=\"wpb_wrapper\">\n\t<div class=\"wpb_video_widget wpb_content_element vc_clearfix   vc_video-aspect-ratio-169 vc_video-el-width-100 vc_video-align-left\" >\n\t\t<div class=\"wpb_wrapper\">\n\t\t\t<h2 class=\"wpb_heading wpb_video_heading\">Jarabacoa City Video:<\/h2>\n\t\t\t<div class=\"wpb_video_wrapper\"><iframe loading=\"lazy\" title=\"Jarabacoa, Turismo entre rios y monta\u00f1a\" width=\"1100\" height=\"619\" src=\"https:\/\/www.youtube.com\/embed\/FRHfK4RS39A?feature=oembed\" frameborder=\"0\" allow=\"accelerometer; autoplay; clipboard-write; encrypted-media; gyroscope; picture-in-picture\" allowfullscreen><\/iframe><\/div>\n\t\t<\/div>\n\t<\/div>\n<\/div><\/div><\/div><\/div><div class=\"vc_row wpb_row vc_row-fluid\" ><\/div><div class=\"wpb_column vc_column_container vc_col-sm-12\"><div class=\"vc_column-inner\"><div class=\"wpb_wrapper\"><\/div><\/div><\/div><div class=\"vc_empty_space\"   style=\"height: 32px\"><span class=\"vc_empty_space_inner\"><\/span><\/div><div class=\"vc_row wpb_row vc_row-fluid\" ><div class=\"wpb_column vc_column_container vc_col-sm-12\"><div class=\"vc_column-inner\"><div class=\"wpb_wrapper\"><div class=\"vc_btn3-container vc_btn3-inline\" ><a class=\"vc_general vc_btn3 vc_btn3-size-md vc_btn3-shape-rounded vc_btn3-style-modern vc_btn3-color-green\" href=\"https:\/\/bookingadventures.tours\/booking.php?tour_id=e29316590922029738666cca35b0d5d9\" title=\"\" rel=\"noopener\">BOOK NU<\/a><\/div><\/div><\/div><\/div><\/div>","protected":false},"excerpt":{"rendered":"<p>Slut dig til os og rejs med en lokal ekspert fra Jarabacoa og f\u00e5 den unikke oplevelse af at bes\u00f8ge de bedste steder i \u00f8koturismens hovedstad startende fra Jarabacoa, denne tur vil tage dig til at kende det smukke landskab p\u00e5 den st\u00f8rste bjergranch i Den Dominikanske Republik. N\u00e5r du k\u00f8rer gennem de forskellige steder, vil du m\u00e6rke bjergluften og nyde sk\u00f8nheden i landskabet.<\/p>\n<p><strong>V\u00e6lg dato for turen:<\/strong><\/p>","protected":false},"featured_media":12529,"template":"","meta":[],"product_cat":[946,159,889,253],"product_tag":[895,892,891,890,896,894,893],"class_list":["post-13984","product","type-product","status-publish","has-post-thumbnail","hentry","product_cat-1-sabana-de-la-mar","product_cat-fees-entrace","product_cat-jarabacoa-buggy","product_cat-tours-and-excursions","product_tag-baiguate-waterfall","product_tag-jarabacoa-buggies","product_tag-jarabacoa-buggy","product_tag-jarabacoa-tour","product_tag-jimenoa-waterfall","product_tag-salto-baiguate","product_tag-salto-jimenoa"],"_links":{"self":[{"href":"https:\/\/www.boattoursamana.com\/da\/wp-json\/wp\/v2\/product\/13984","targetHints":{"allow":["GET"]}}],"collection":[{"href":"https:\/\/www.boattoursamana.com\/da\/wp-json\/wp\/v2\/product"}],"about":[{"href":"https:\/\/www.boattoursamana.com\/da\/wp-json\/wp\/v2\/types\/product"}],"wp:featuredmedia":[{"embeddable":true,"href":"https:\/\/www.boattoursamana.com\/da\/wp-json\/wp\/v2\/media\/12529"}],"wp:attachment":[{"href":"https:\/\/www.boattoursamana.com\/da\/wp-json\/wp\/v2\/media?parent=13984"}],"wp:term":[{"taxonomy":"product_cat","embeddable":true,"href":"https:\/\/www.boattoursamana.com\/da\/wp-json\/wp\/v2\/product_cat?post=13984"},{"taxonomy":"product_tag","embeddable":true,"href":"https:\/\/www.boattoursamana.com\/da\/wp-json\/wp\/v2\/product_tag?post=13984"}],"curies":[{"name":"wp","href":"https:\/\/api.w.org\/{rel}","templated":true}]}}