{"id":14264,"date":"2017-08-26T15:47:04","date_gmt":"2017-08-26T15:47:04","guid":{"rendered":"https:\/\/www.ticketswhales.com\/?post_type=product&#038;p=14264"},"modified":"2023-10-06T11:37:36","modified_gmt":"2023-10-06T11:37:36","slug":"los-haitises-all-in-one-from-las-terrenas","status":"publish","type":"product","link":"https:\/\/www.boattoursamana.com\/da\/tur\/los-haitises-alt-i-en-fra-las-terrenas","title":{"rendered":"Los Haitises alt i \u00e9n (kajaksejlads, vandreture, sejlsport, grottegravning, sv\u00f8mmebassin og frokost) fra Las Terrenas"},"content":{"rendered":"<div class=\"vc_row wpb_row vc_row-fluid\" ><div class=\"wpb_column vc_column_container vc_col-sm-12\"><div class=\"vc_column-inner\"><div class=\"wpb_wrapper\">\n\t<div class=\"wpb_text_column wpb_content_element\" >\n\t\t<div class=\"wpb_wrapper\">\n\t\t\t<h2>Los Haitises alt i \u00e9t (kajaksejlads, vandreture, sejlsport, grottegravning, sv\u00f8mmebassin og frokost) fra Las Terrenas<\/h2>\n<h4><b><i>Oversigt <\/i><\/b><\/h4>\n<p><span style=\"font-weight: 400;\">Los Haitises All In One er en flugt fra byen for at fordybe dig mellem den historiske og fiskerby Sanchez og hovedstaden Los Haitises Sabana de la Mar. Sanchez er kendt som et eksportcenter og for at have et tog, der kom fra La vega-provinsen byggede en i slutningen af 1800. Kom med os og nyd det friske vand i en af de uudforskede strande i Los Haitises National Park, hvor San Lorenzo Bay ligger. <\/span><\/p>\n<p><span style=\"font-weight: 400;\">Stedet er tilg\u00e6ngeligt med b\u00e5d, omgivet af regnskov og mangroveskove. Mens du navigerer fra Sanchez til Los Haitises, vil du komme i kontakt med naturen og det uforglemmelige landskab i denne park. Denne tur vil v\u00e6re en blanding af kajaksejlads, sejlsport, bes\u00f8g i en hule og sv\u00f8mning i en af de vigtigste nationalparker i landet, her er st\u00f8rstedelen af \u00f8ens biodiversitet og den n\u00e6stst\u00f8rste mangroveskov med mere end 98 km2.\u00a0<\/span><\/p>\n<p><span style=\"font-weight: 400;\">Vores lokale og eksperter vil s\u00f8rge for, at du virkelig l\u00e6rer Tainos kultur at kende, deres historie i Los Haitises og deres forbindelse med naturen. Denne tur er i \u00f8koturismetilstand, hvor samfundet kommer til at spille en meget vigtig rolle, de er guider, Capitan-b\u00e5de og chauff\u00f8rer.<\/span><\/p>\n<p><span style=\"font-weight: 400;\">Booking Adventures prioritet er at sikre, at du f\u00e5r det bedste af det bedste, fra det \u00f8jeblik du k\u00f8ber billetten, til du er f\u00e6rdig med din rejse. Vores ture er fokuseret p\u00e5 milj\u00f8uddannelse, eventyr og lokalhistorie, og i l\u00f8bet af denne tur vil du komme til at se lidt af det hele.\u00a0<\/span><\/p>\n<h3><span style=\"font-weight: 400;\">Inklusioner &amp; Eksklusioner<\/span><\/h3>\n<h6><strong>Inklusioner<\/strong><\/h6>\n<ul>\n<li><span style=\"font-weight: 400;\">Speedb\u00e5d og kaptajn\u00a0<\/span><\/li>\n<li><span style=\"font-weight: 400;\">Ro kajak\u00a0<\/span><\/li>\n<li>Vandresti<\/li>\n<li><span style=\"font-weight: 400;\">Snacks (vand, frugt, sodavand)<\/span><\/li>\n<li>Lokal frokost<\/li>\n<li><span style=\"font-weight: 400;\">Alle skatter, gebyrer og ekspeditionsgebyrer<\/span><\/li>\n<li><span style=\"font-weight: 400;\">Embedsm\u00e6nd \u00d8kolog rejseledere engelsk\/spansk<\/span><\/li>\n<li><span style=\"font-weight: 400;\">Sv\u00f8mning i naturlige pools eller uudforsket strand\u00a0<\/span><\/li>\n<li><span style=\"font-weight: 400;\">Caving<\/span><\/li>\n<li>Hotel afhentning<\/li>\n<\/ul>\n<h6><strong>Udelukkelser<\/strong><\/h6>\n<ul>\n<li><span style=\"font-weight: 400;\">Drikkepenge<\/span><\/li>\n<li><span style=\"font-weight: 400;\">Drik<\/span><\/li>\n<\/ul>\n<h6><strong>Afgang og hjemrejse<\/strong><\/h6>\n<p><span style=\"font-weight: 400;\">Turen, organiseret af &quot;Booking Adventures&quot; starter ved m\u00f8destedet, der er fastsat med rejselederen eller personalet. Den rejsende f\u00e5r et m\u00f8dested efter reservationsprocessen. Ture starter og slutter ved vores m\u00f8desteder.<\/span><\/p>\n<h2>Los Haitises alt i \u00e9t (kajaksejlads, vandreture, sejlsport, grottegravning, sv\u00f8mmebassin og frokost) fra Las Terrenas<\/h2>\n<p><span style=\"font-weight: 400;\">Hvad kan man forvente?<\/span><\/p>\n<p><span style=\"font-weight: 400;\">F\u00e5 din billet til Eco-Adventure Tour Los Haitises National Park All In One\u00a0<\/span><\/p>\n<p><span style=\"font-weight: 400;\">Denne udflugt starter fra et m\u00f8dested, du skal bekr\u00e6fte med vores rejsebureauer eller din rejseguide, f\u00f8r du g\u00e5r til ethvert sted. N\u00e5r du m\u00f8der din guide, f\u00e5r du en gennemgang af turen og alt relateret til din dag.<\/span><\/p>\n<p><span style=\"font-weight: 400;\">N\u00e5r alle er klar, g\u00e5r vi til det f\u00f8rste sted, som er Los Haitises Trail, hvor du vil have en 30-minutters vandretur, under vandreturen vil vi se forskellige arter af endemiske planter og fugle.\u00a0<\/span><\/p>\n<p><span style=\"font-weight: 400;\">Efter vandreture kommer vi tilbage til b\u00e5den og rider til Playita Las Almejas, hvor naturlige pools er, mens vi navigerer gennem mangroveskoven og frakken af San Lorenzo Bay, vil vi dele historier med dig om Los Haitises, geologi og g\u00e5 over mangrovearterne med at have omkring San Lorenzo Bay.\u00a0<\/span><\/p>\n<p><span style=\"font-weight: 400;\">N\u00e5r vi ankommer til Las Almejas, b\u00f8r du g\u00f8re din badedragt klar til at g\u00e5 p\u00e5 din kajak og padle til Cave of the line med din rejseleder, resten af personalet vil vente p\u00e5 dig, indtil du er f\u00e6rdig med den f\u00f8rste del af aktiviteten.<\/span><\/p>\n<p><span style=\"font-weight: 400;\">Under denne del af din tur vil du v\u00e6re i stand til at g\u00e5 rundt i den gamle Las Perlas-havn, som er en af de f\u00f8rste strukturer bygget af europ\u00e6ere i omr\u00e5det, omkring 1876, og dette var forbundet med en toglinje, der var transporten for kaffe, bananer og alt, hvad denne gruppe europ\u00e6ere dyrkede i det, der i dag er Los Haitises.\u00a0<\/span><\/p>\n<p><span style=\"font-weight: 400;\">I den hule, du vil bes\u00f8ge, er der mere end 1200 piktogrammer malet af Tainos, dette var en m\u00e5de at udtrykke sig p\u00e5, og i dag fort\u00e6ller denne kunst os historier, vi aldrig troede, vi ville finde i dag. N\u00e5r du er f\u00e6rdig her, tager vi tilbage til Playa de las Almejas for snacks og sv\u00f8mmetid.\u00a0<\/span><\/p>\n<p><span style=\"font-weight: 400;\">P\u00e5 vej tilbage fra det omr\u00e5de vil vi vise dig et par arter af mangrover og tale om mangroveskovens betydning for \u00f8kologien som \u00f8kosystem.<\/span><\/p>\n<p><span style=\"font-weight: 400;\">N\u00e5r vi er f\u00e6rdige med kajaksejlads og sv\u00f8mning, vil vi have en pause for at spise lokal frokost for at omfavne det lokale k\u00f8kken og smage de bedste hvide ris og r\u00f8de b\u00f8nner p\u00e5 den caribiske \u00f8.\u00a0<\/span><\/p>\n<p><span style=\"font-weight: 400;\">Efter frokost og lidt sv\u00f8mning i Los Haitises National Park tager vi tilbage til Sanchez, p\u00e5 vej tilbage nyder vi 30 minutters tur til halv\u00f8en Samana, denne udflugt slutter samme sted som den startede.<\/span><\/p>\n<p><span style=\"font-weight: 400;\">Bem\u00e6rk: Disse ture er med Officials Ecologist tour guides. Book venligst med tid, for i parken er der ikke for mange specialister.<\/span><\/p>\n<h6><strong>Hvad skal du medbringe?<\/strong><\/h6>\n<ul>\n<li style=\"font-weight: 400;\" aria-level=\"1\"><span style=\"font-weight: 400;\">Kamera<\/span><\/li>\n<li style=\"font-weight: 400;\" aria-level=\"1\"><span style=\"font-weight: 400;\">Insektspray\u00a0<\/span><\/li>\n<li style=\"font-weight: 400;\" aria-level=\"1\"><span style=\"font-weight: 400;\">Solcreme<\/span><\/li>\n<li style=\"font-weight: 400;\" aria-level=\"1\"><span style=\"font-weight: 400;\">Komfortable bukser<\/span><\/li>\n<li style=\"font-weight: 400;\" aria-level=\"1\"><span style=\"font-weight: 400;\">Vandresko<\/span><\/li>\n<li style=\"font-weight: 400;\" aria-level=\"1\"><span style=\"font-weight: 400;\">Regnjakke\u00a0<\/span><\/li>\n<li style=\"font-weight: 400;\" aria-level=\"1\"><span style=\"font-weight: 400;\">Badedragt\u00a0<\/span><\/li>\n<li style=\"font-weight: 400;\" aria-level=\"1\"><span style=\"font-weight: 400;\">H\u00e5ndkl\u00e6de<\/span><\/li>\n<li style=\"font-weight: 400;\" aria-level=\"1\"><span style=\"font-weight: 400;\">Drybag\u00a0\u00a0<\/span><\/li>\n<\/ul>\n<h4><b><i>Hotel afhentning <\/i><\/b><\/h4>\n<p><span style=\"font-weight: 400;\">Hotel afhentning tilbydes til denne tur. Bare du er i Santa Barbara de Samana, Las Terrenas, Las Galeras &amp; Sanchez\u00a0<\/span><\/p>\n<p><b>Bem\u00e6rk:<\/b><span style=\"font-weight: 400;\"> Hvis du bestiller inden for 24 timer efter turens\/udflugtens afgangstidspunkt, kan vi arrangere hotelafhentning med ekstra gebyrer fra ethvert sted i Den Dominikanske Republik. N\u00e5r dit k\u00f8b er gennemf\u00f8rt, sender vi dig fuldst\u00e6ndige kontaktoplysninger (telefonnummer, e-mailadresse osv.), s\u00e5 vores lokale rejseguide kan organisere afhentningsarrangementer.<\/span><\/p>\n<h4><b><i>Yderligere info bekr\u00e6ftelse <\/i><\/b><\/h4>\n<ol>\n<li>Billetter er kvitteringen efter betaling for denne tur. Du kan vise betalingen p\u00e5 din telefon.<\/li>\n<li style=\"font-weight: 400;\"><span style=\"font-weight: 400;\">M\u00f8depunkt modtages efter reservationsprocessen.<\/span><\/li>\n<li style=\"font-weight: 400;\"><span style=\"font-weight: 400;\">B\u00f8rn skal ledsages af en voksen.<\/span><\/li>\n<li style=\"font-weight: 400;\"><span style=\"font-weight: 400;\"> Ikke tilg\u00e6ngelig for k\u00f8restolsbrugere <\/span><\/li>\n<li style=\"font-weight: 400;\"><span style=\"font-weight: 400;\">Sp\u00e6db\u00f8rn skal sidde p\u00e5 sk\u00f8det <\/span><\/li>\n<li style=\"font-weight: 400;\"><span style=\"font-weight: 400;\">Anbefales ikke til rejsende med rygproblemer<\/span><\/li>\n<li style=\"font-weight: 400;\"><span style=\"font-weight: 400;\">Anbefales ikke til gravide rejsende <\/span><\/li>\n<li style=\"font-weight: 400;\"><span style=\"font-weight: 400;\"> Ingen hjerteproblemer eller andre alvorlige medicinske tilstande <\/span><\/li>\n<li style=\"font-weight: 400;\"><span style=\"font-weight: 400;\">De fleste rejsende kan deltage<\/span><\/li>\n<\/ol>\n<h4><b><i>Afbestillingspolitik<\/i><\/b><\/h4>\n<p><span style=\"font-weight: 400;\">For fuld refusion, l\u00e6s venligst vores afbestillingspolitikker\u00a0<a href=\"https:\/\/www.boattoursamana.com\/da\/online-booking\/\" target=\"_blank\" rel=\"noopener\" data-saferedirecturl=\"https:\/\/www.google.com\/url?q=https:\/\/www.boattoursamana.com\/online-booking\/&amp;source=gmail&amp;ust=1672449202351000&amp;usg=AOvVaw1yAeVAPktmaVCqDujgUn90\">Klik her<\/a>. Penge vil g\u00e5 tabt, hvis reservationen annulleres samme dag p\u00e5 rejsen.<\/span><\/p>\n\n\t\t<\/div>\n\t<\/div>\n<div class=\"mkdf-section-title-holder\" style=\"text-align: left\">\n\t<div class=\"mkdf-st-inner\">\n\t\t\t\t\t<h5 class=\"mkdf-st-subtitle\" >\n\t\t\t\t( Alt i en )\t\t\t<\/h5>\n\t\t\t\t\t\t\t<h3 class=\"mkdf-st-title\" >\n\t\t\t\tHaitiserne alt i \u00e9t (kajaksejlads, vandreture, sejlsport, grottegravning, naturlig sv\u00f8mmebassin og frokost) fra Las Terrenas\t\t\t<\/h3>\n\t\t\t\t\t\t\t<p class=\"mkdf-st-text\" >\n\t\t\t\tDenne oplevelse kr\u00e6ver minimum 4 deltagere. Hvis du ikke er 4, er du velkommen til at kontakte os!\t\t\t<\/p>\n\t\t\t<\/div>\n<\/div><\/div><\/div><\/div><\/div><div class=\"vc_row wpb_row vc_row-fluid\" ><div class=\"wpb_column vc_column_container vc_col-sm-12\"><div class=\"vc_column-inner\"><div class=\"wpb_wrapper\">\n\t<div class=\"wpb_video_widget wpb_content_element vc_clearfix   vc_video-aspect-ratio-169 vc_video-el-width-100 vc_video-align-left\" >\n\t\t<div class=\"wpb_wrapper\">\n\t\t\t<h2 class=\"wpb_heading wpb_video_heading\">Kajak Los Haitises <\/h2>\n\t\t\t<div class=\"wpb_video_wrapper\"><iframe loading=\"lazy\" title=\"Kajak- og grottetur i Los Haitises National Park, Den Dominikanske Republik\" width=\"1100\" height=\"619\" src=\"https:\/\/www.youtube.com\/embed\/ucU1uwB57wQ?feature=oembed\" frameborder=\"0\" allow=\"accelerometer; autoplay; clipboard-write; encrypted-media; gyroscope; picture-in-picture; web-share\" allowfullscreen><\/iframe><\/div>\n\t\t<\/div>\n\t<\/div>\n<\/div><\/div><\/div><\/div><div class=\"vc_row wpb_row vc_row-fluid\" ><\/div><div class=\"wpb_column vc_column_container vc_col-sm-12\"><div class=\"vc_column-inner\"><div class=\"wpb_wrapper\"><\/div><\/div><\/div><div class=\"vc_empty_space\"   style=\"height: 32px\"><span class=\"vc_empty_space_inner\"><\/span><\/div><div class=\"vc_empty_space\"   style=\"height: 32px\"><span class=\"vc_empty_space_inner\"><\/span><\/div>","protected":false},"excerpt":{"rendered":"<p><span style=\"font-weight: 400;\">Undslippe byen for at fordybe dig mellem den historiske by og fiskerbyen Sanchez og hovedstaden Los Haitises, Sabana de la Mar. Sanchez er kendt som et eksportcenter og for at have bygget et tog, der kom fra La vega-provinsen i slutningen af 1800. Kom med os og nyd det friske vand i en af de uudforskede strande i Los Haitises National Park, hvor San Lorenzo Bay ligger. Stedet er tilg\u00e6ngeligt med b\u00e5d, omgivet af regnskov og mangroveskove. Mens du navigerer fra Sanchez til Los Haitises, vil du komme i kontakt med naturen og det uforglemmelige landskab i denne park. Denne tur vil v\u00e6re en blanding af kajaksejlads, sejlsport, bes\u00f8g i en hule og sv\u00f8mning i en af de vigtigste nationalparker i landet, her er st\u00f8rstedelen af \u00f8ens biodiversitet og den n\u00e6stst\u00f8rste mangroveskov med mere end 98 km2.\u00a0<\/span><\/p>\n<p>&nbsp;<\/p>\n<p><strong><span style=\"vertical-align: inherit;\"><span style=\"vertical-align: inherit;\">V\u00e6lg en dato for dette eventyr:<\/span><\/span><\/strong><\/p>","protected":false},"featured_media":14267,"template":"","meta":[],"product_cat":[456,946,878,928,168,920,927,934,1046,862,160,773,254,255],"product_tag":[422,268,174,173,577,576,571,570,569,317,316,206,1047,522,209,575,441,574,572,499,175,498,200,187,573],"class_list":["post-14264","product","type-product","status-publish","has-post-thumbnail","hentry","product_cat-day-trips","product_cat-1-sabana-de-la-mar","product_cat-altos-de-cano-hondo","product_cat-boat-trip-los-haitises","product_cat-caves","product_cat-group-tours","product_cat-hiking-los-haitises","product_cat-kayaking-los-haitises","product_cat-las-terrenas","product_cat-los-haitises-national-park","product_cat-lunch","product_cat-private-tours-excursions","product_cat-tours-excursions-los-haitises-national-park","product_cat-tours-excursions-samana-bay-dominican-republic","product_tag-cano-hondo-sabana-de-la-mar","product_tag-caves-los-haitises","product_tag-eco-tours","product_tag-excursion","product_tag-hike-kayak","product_tag-hike-kayak-los-haitises-national-park","product_tag-hiking-los-haitises","product_tag-hiking-sabana-de-la-mar","product_tag-hiking-samana","product_tag-kayak-tour","product_tag-kayaking","product_tag-kayaking-los-haitises","product_tag-las-galeras-excursions","product_tag-las-terrenas-excursions","product_tag-los-haitises-national-park","product_tag-los-haitises-national-park-entrance-fee","product_tag-los-haitises-national-park-tour-from-las-terrenas","product_tag-los-haitises-national-park-tour-from-santo-domingo","product_tag-los-haitises-national-park-weather","product_tag-los-haitises-sabana-de-la-mar","product_tag-sabana-de-la-mar","product_tag-sabana-de-la-mar-tour","product_tag-samana-excursions","product_tag-samana-tours","product_tag-secrets-of-los-haitises"],"_links":{"self":[{"href":"https:\/\/www.boattoursamana.com\/da\/wp-json\/wp\/v2\/product\/14264","targetHints":{"allow":["GET"]}}],"collection":[{"href":"https:\/\/www.boattoursamana.com\/da\/wp-json\/wp\/v2\/product"}],"about":[{"href":"https:\/\/www.boattoursamana.com\/da\/wp-json\/wp\/v2\/types\/product"}],"wp:featuredmedia":[{"embeddable":true,"href":"https:\/\/www.boattoursamana.com\/da\/wp-json\/wp\/v2\/media\/14267"}],"wp:attachment":[{"href":"https:\/\/www.boattoursamana.com\/da\/wp-json\/wp\/v2\/media?parent=14264"}],"wp:term":[{"taxonomy":"product_cat","embeddable":true,"href":"https:\/\/www.boattoursamana.com\/da\/wp-json\/wp\/v2\/product_cat?post=14264"},{"taxonomy":"product_tag","embeddable":true,"href":"https:\/\/www.boattoursamana.com\/da\/wp-json\/wp\/v2\/product_tag?post=14264"}],"curies":[{"name":"wp","href":"https:\/\/api.w.org\/{rel}","templated":true}]}}