{"id":14291,"date":"2022-11-02T08:35:02","date_gmt":"2022-11-02T08:35:02","guid":{"rendered":"https:\/\/www.ticketswhales.com\/?post_type=product&#038;p=14291"},"modified":"2023-10-12T02:05:54","modified_gmt":"2023-10-12T02:05:54","slug":"punta-cana-los-haitises-national-park-yanigua-waterfalls-montana-redonda","status":"publish","type":"product","link":"https:\/\/www.boattoursamana.com\/da\/tur\/punta-cana-los-haitises-nationalpark-yanigua-vandfaldene-montana-redonda-2","title":{"rendered":"Punta Cana: Los Haitises Nationalpark, Yanigua-vandfaldene og Montana Redonda"},"content":{"rendered":"<div class=\"vc_row wpb_row vc_row-fluid\" ><div class=\"wpb_column vc_column_container vc_col-sm-12\"><div class=\"vc_column-inner\"><div class=\"wpb_wrapper\"><div class=\"mkdf-section-title-holder\" style=\"text-align: left\">\n\t<div class=\"mkdf-st-inner\">\n\t\t\t\t\t<h5 class=\"mkdf-st-subtitle\" >\n\t\t\t\tTransport og frokost inkluderet\t\t\t<\/h5>\n\t\t\t\t\t\t\t<h3 class=\"mkdf-st-title\" >\n\t\t\t\tPunta Cana: Los Haitises Nationalpark, Yanigua-vandfaldene og Montana Redonda\t\t\t<\/h3>\n\t\t\t\t\t<\/div>\n<\/div><\/div><\/div><\/div><\/div><div class=\"vc_row wpb_row vc_row-fluid\" ><div class=\"wpb_column vc_column_container vc_col-sm-12\"><div class=\"vc_column-inner\"><div class=\"wpb_wrapper\"><div class=\"vc_btn3-container vc_btn3-inline\" ><a class=\"vc_general vc_btn3 vc_btn3-size-md vc_btn3-shape-rounded vc_btn3-style-modern vc_btn3-color-green\" href=\"https:\/\/bookingadventures.tours\/booking.php?tour_id=8081df21d5fc51981b39e270d99ab5ab\" title=\"\" rel=\"noopener\">BOOK NU <\/a><\/div>\n\t<div class=\"wpb_text_column wpb_content_element\" >\n\t\t<div class=\"wpb_wrapper\">\n\t\t\t<h3>Punta Cana: Los Haitises Nationalpark, Yanigua-vandfaldene og Montana Redonda<\/h3>\n<h4><b><i>Oversigt <\/i><\/b><\/h4>\n<p>Los Haitises National Park Tour fra Punta Cana Dagstur. Start fra dit hotel i Punta Cana eller Bavaro. Vi k\u00f8rer med vores rejseleder til Montana Redonda. Hvor du har tid til at tage fantastiske billeder fra en af de mest imponerende udsigter i Den Dominikanske Republik. Efter dette f\u00f8rste stop forts\u00e6tter vi med at bes\u00f8ge Los Haitises National Park, nogle snacks og typiske drinks, mens vi g\u00e5r rundt i mangrover, grotter og ber\u00f8mte klippe\u00f8er som i Jurassic Park. Efter et bes\u00f8g i Los Haitises National Park venter frokost p\u00e5 os i Yanigua vandfald. Var efter lokal og gastronomisk lokal frokost, skal du have tid til at sv\u00f8mme i det unikke Natural pools vand kommer fra Los Haitises National Park.<\/p>\n<p>Efter denne oplevelse kommer du tilbage til Punta Cana Community, hvorfra vi henter dig.<\/p>\n<ul>\n<li style=\"font-weight: 400;\">Gebyrer inkluderet<\/li>\n<li>Frokost<\/li>\n<li>Snacks<\/li>\n<li style=\"font-weight: 400;\">Lokal rejseguide p\u00e5 engelsk eller fransk<\/li>\n<li>Transport<\/li>\n<li>Sejltur<\/li>\n<li>Montana Redonda<\/li>\n<li>Yanigua vandfald<\/li>\n<\/ul>\n<p>&nbsp;<\/p>\n<h4><b>Inklusioner &amp; Eksklusioner<\/b><\/h4>\n<p>&nbsp;<\/p>\n<p><b>Inklusioner<\/b><\/p>\n<ol>\n<li style=\"font-weight: 400;\">Los Haitises-tur + huler og piktogrammer<\/li>\n<li>Montana Redonda<\/li>\n<li>Yanigua vandfald<\/li>\n<li>Frokost<\/li>\n<li>Afhentning af hoteller i Punta Cana-omr\u00e5der.<\/li>\n<li style=\"font-weight: 400;\"><span style=\"font-weight: 400;\">Alle skatter, gebyrer og ekspeditionsgebyrer<\/span><\/li>\n<li style=\"font-weight: 400;\"><span style=\"font-weight: 400;\">Lokale skatter<\/span><\/li>\n<li style=\"font-weight: 400;\"><span style=\"font-weight: 400;\">Drikkevarer<\/span><\/li>\n<li>Snacks<\/li>\n<li style=\"font-weight: 400;\"><span style=\"font-weight: 400;\">Alle aktiviteter<\/span><\/li>\n<li style=\"font-weight: 400;\"><span style=\"font-weight: 400;\">Lokal guide<\/span><\/li>\n<\/ol>\n<p><b> Udelukkelser<\/b><\/p>\n<ol>\n<li style=\"font-weight: 400;\"><span style=\"font-weight: 400;\">Drikkepenge<\/span><\/li>\n<li style=\"font-weight: 400;\"><span style=\"font-weight: 400;\">Alkoholiske drikkevarer<\/span><\/li>\n<\/ol>\n<p>&nbsp;<\/p>\n<h4><em><strong>Afgang og hjemrejse<\/strong><\/em><\/h4>\n<p><span style=\"font-weight: 400;\">Den rejsende f\u00e5r et m\u00f8dested efter reservationsprocessen. Ture starter og slutter i dine m\u00f8desteder.<\/span><\/p>\n<h4><\/h4>\n<h3>Punta Cana: Los Haitises Nationalpark, Yanigua-vandfaldene og Montana Redonda<\/h3>\n<h4><b><i>Hvad kan man forvente?<\/i><\/b><\/h4>\n<p><em><strong>F\u00e5 dine billetter<\/strong><\/em> for at bes\u00f8ge Los Haitises National Park Tour fra Punta Cana.<\/p>\n<p>Det\u00a0<strong>Den Dominikanske Republiks tropiske natur<\/strong>\u00a0er en af de vigtigste\u00a0<strong>turistattraktioner<\/strong>\u00a0i landet. I dag vil vi foresl\u00e5 dig en\u00a0<strong>unik udflugt<\/strong>\u00a0som du kan g\u00f8re fra Punta Cana, og det inkluderer et bes\u00f8g p\u00e5 tre steder, hvor landskaberne vil efterlade dig m\u00e5ll\u00f8s.<\/p>\n<p>Den f\u00f8rste af dem er\u00a0<em>Rundt bjerg<\/em>, et sted der er blevet ber\u00f8mt i de senere \u00e5r for sin\u00a0<strong>panoramaudsigt<\/strong>\u00a0over Caribien, hvor\u00a0<strong>snapshots p\u00e5 en gynge<\/strong>\u00a0at blik mod horisonten har gjort det til en af de\u00a0<strong>mest fotograferede steder i Den Dominikanske Republik<\/strong>.<\/p>\n<p><strong>Los Haitises Nationalpark<\/strong>\u00a0er vores n\u00e6ste destination p\u00e5 kortet, et omr\u00e5de hvor\u00a0<strong>havet, mangrover, jungler<\/strong>\u00a0og endda\u00a0<strong>ark\u00e6ologiske levn<\/strong>\u00a0skjult i huler, afsl\u00f8r alle\u00a0<strong>naturlig charme, som landet byder p\u00e5<\/strong>. Dens sm\u00e5 bakker fulde af vegetation er ogs\u00e5 det perfekte sted at se p\u00e5 fugle, som du kun finder her.<\/p>\n<p>Inde i parken er der en anden\u00a0<strong>magisk sted: Yanigua Ranch Vandfald<\/strong>. Dette spektakul\u00e6re vandfald er\u00a0<strong>perfekt sted at afbryde forbindelsen<\/strong>\u00a0fra turistmasserne i Punta Cana, omgivet af en tyk vegetation, der f\u00e5r os til at tro, at vi er mere end 100 kilometer fra den n\u00e6rmeste by, selvom det virkelig ikke er s\u00e5dan.<\/p>\n<div class=\"body-description secondary\">\n<p>Efter frokost kommer vi tilbage til Punta Cana!!<\/p>\n<h2 id=\"headline-62-1277\" class=\"ct-headline\">Rejseplan for turen<\/h2>\n<div id=\"_rich_text-77-1277\" class=\"oxy-rich-text\">\n<p>Rejseplanen for denne udflugt er som f\u00f8lger:<\/p>\n<ul>\n<li><strong>06:50<\/strong>\u00a0\u2013 Henter dig p\u00e5 dit hotel.<\/li>\n<li><strong>08:30<\/strong>\u00a0\u2013 Ankomst til rundt bjerg, et unikt landskab i hele landet.<\/li>\n<li><strong>10:30<\/strong>\u00a0\u2013 Afg\u00e5r fra Sabana de la Mar mod Haitises National Park med speedb\u00e5d. P\u00e5 vejen vil vi se\u00a0<strong>eksotiske fugle<\/strong>, og vi ankommer kl\u00a0<strong>huler<\/strong>\u00a0hvor du kan se\u00a0<strong>indf\u00f8dte malerier<\/strong>.<\/li>\n<li><strong>12:30<\/strong>\u00a0<strong>om eftermiddagen\u00a0<\/strong>\u2013 G\u00e5 dybt ind i junglen, indtil vi n\u00e5r Yanigua Ranch-vandfaldene, et perfekt sted at spise frokost og tage en dukkert. Du kan ogs\u00e5 tage et terapeutisk mudderbad.<\/li>\n<li><strong>02:00<\/strong>\u00a0<strong>om eftermiddagen<\/strong>\u00a0\u2013 Du kan smage\u00a0<strong>kaffe og kakao<\/strong>\u00a0fra lokale g\u00e5rde og rancher.<\/li>\n<li><strong>03:00<\/strong>\u00a0<strong>om eftermiddagen<\/strong>\u2013 Bes\u00f8g\u00a0<strong>bl\u00e5 rav mine<\/strong>.<\/li>\n<li><strong>04:30<\/strong>\u00a0\u2013 Stop ved et fotografisk udsigtspunkt, hvor du kan se Haitises Nationalparks pragt.<\/li>\n<li><strong>05:00<\/strong>\u00a0\u2013 Endelig vil en guide tage os med til en af stedets mest kuri\u00f8se konstruktioner,\u00a0<em>Tarzans hus<\/em>, som er placeret i et tr\u00e6 over 100 fod h\u00f8jt.<\/li>\n<li><strong>06:00<\/strong>\u00a0\u2013 Retur til hotellerne med vores transport.<\/li>\n<\/ul>\n<p><em>* Tiderne angivet ovenfor er omtrentlige<\/em><\/p>\n<\/div>\n<\/div>\n<p>Hvis du vil kunne lide denne rejse l\u00e6ngere eller kortere, skal du blot kontakte os.<\/p>\n<p>&nbsp;<\/p>\n<h4><em><strong>Hvad skal du medbringe?<\/strong><\/em><\/h4>\n<ul>\n<li style=\"font-weight: 400;\"><span style=\"font-weight: 400;\">Kamera<\/span><\/li>\n<li style=\"font-weight: 400;\"><span style=\"font-weight: 400;\">Afvisende knopper<\/span><\/li>\n<li style=\"font-weight: 400;\"><span style=\"font-weight: 400;\">Solcreme<\/span><\/li>\n<li style=\"font-weight: 400;\"><span style=\"font-weight: 400;\">Hat<\/span><\/li>\n<li style=\"font-weight: 400;\"><span style=\"font-weight: 400;\">Komfortable bukser<\/span><\/li>\n<li style=\"font-weight: 400;\"><span style=\"font-weight: 400;\">Vandresko til skov<\/span><\/li>\n<li style=\"font-weight: 400;\"><span style=\"font-weight: 400;\">Sandaler til for\u00e5rets omr\u00e5der.<\/span><\/li>\n<li style=\"font-weight: 400;\"><span style=\"font-weight: 400;\">Badet\u00f8j<\/span><\/li>\n<\/ul>\n<p>&nbsp;<\/p>\n<h4><b><i>Hotel afhentning <\/i><\/b><\/h4>\n<p><span style=\"font-weight: 400;\">Hotel afhentning tilbydes til denne tur. V\u00e6lg hotelnavn og tid her. Hvis dit hotel ikke er p\u00e5 listen, bedes du kontakte os.<\/span><\/p>\n<p>&nbsp;<\/p>\n<p><b>Bem\u00e6rk:<\/b><span style=\"font-weight: 400;\"> Hvis du bestiller inden for 24 timer efter turens\/udflugtens afgangstidspunkt, kan vi arrangere hotelafhentning. N\u00e5r dit k\u00f8b er gennemf\u00f8rt, sender vi dig fuldst\u00e6ndige kontaktoplysninger (telefonnummer, e-mailadresse osv.), s\u00e5 vores lokale rejseguide kan organisere afhentningsarrangementer.<\/span><\/p>\n<h4><b><i>Yderligere info bekr\u00e6ftelse <\/i><\/b><\/h4>\n<ol>\n<li>Billetter er kvitteringen efter betaling af denne tur. Du kan vise betalingen p\u00e5 din telefon.<\/li>\n<li style=\"font-weight: 400;\"><span style=\"font-weight: 400;\">M\u00f8depunkt modtages efter reservationsprocessen.<\/span><\/li>\n<li style=\"font-weight: 400;\"><span style=\"font-weight: 400;\">B\u00f8rn skal ledsages af en voksen.<\/span><\/li>\n<li style=\"font-weight: 400;\"><span style=\"font-weight: 400;\"> Ikke tilg\u00e6ngelig for k\u00f8restolsbrugere <\/span><\/li>\n<li style=\"font-weight: 400;\"><span style=\"font-weight: 400;\">Sp\u00e6db\u00f8rn skal sidde p\u00e5 sk\u00f8det <\/span><\/li>\n<li style=\"font-weight: 400;\"><span style=\"font-weight: 400;\">Anbefales ikke til rejsende med rygproblemer<\/span><\/li>\n<li style=\"font-weight: 400;\"><span style=\"font-weight: 400;\">Anbefales ikke til gravide rejsende <\/span><\/li>\n<li style=\"font-weight: 400;\"><span style=\"font-weight: 400;\"> Ingen hjerteproblemer eller andre alvorlige medicinske tilstande <\/span><\/li>\n<li style=\"font-weight: 400;\"><span style=\"font-weight: 400;\">De fleste rejsende kan deltage<\/span><\/li>\n<\/ol>\n<h4><b><i>Afbestillingspolitik<\/i><\/b><\/h4>\n<p>For fuld refusion, l\u00e6s venligst vores afbestillingspolitikker\u00a0<a href=\"https:\/\/www.boattoursamana.com\/da\/online-booking\/\" target=\"_blank\" rel=\"noopener\" data-saferedirecturl=\"https:\/\/www.google.com\/url?q=https:\/\/www.boattoursamana.com\/online-booking\/&amp;source=gmail&amp;ust=1672308980019000&amp;usg=AOvVaw26v5FL8g3-3hyHN76KOvdD\">Klik her<\/a>. Penge vil g\u00e5 tabt, hvis reservationen annulleres samme dag p\u00e5 rejsen.<\/p>\n\n\t\t<\/div>\n\t<\/div>\n<div class=\"vc_btn3-container vc_btn3-inline\" ><a class=\"vc_general vc_btn3 vc_btn3-size-md vc_btn3-shape-rounded vc_btn3-style-modern vc_btn3-color-green\" href=\"https:\/\/bookingadventures.tours\/booking.php?tour_id=8081df21d5fc51981b39e270d99ab5ab\" title=\"\" rel=\"noopener\">BOOK NU <\/a><\/div><\/div><\/div><\/div><\/div><div class=\"vc_row wpb_row vc_row-fluid\" ><div class=\"wpb_column vc_column_container vc_col-sm-12\"><div class=\"vc_column-inner\"><div class=\"wpb_wrapper\"><div class=\"vc_empty_space\"   style=\"height: 32px\"><span class=\"vc_empty_space_inner\"><\/span><\/div>\n\t<div class=\"wpb_video_widget wpb_content_element vc_clearfix   vc_video-aspect-ratio-169 vc_video-el-width-100 vc_video-align-left\" >\n\t\t<div class=\"wpb_wrapper\">\n\t\t\t<h2 class=\"wpb_heading wpb_video_heading\">Los Haitises National Park Video:<\/h2>\n\t\t\t<div class=\"wpb_video_wrapper\"><iframe loading=\"lazy\" title=\"Los Haitises Nationalpark, ture og udflugter fra Samana eller Sabana de la Mar. Book her:\" src=\"https:\/\/player.vimeo.com\/video\/346508015?dnt=1&amp;app_id=122963\" width=\"1100\" height=\"619\" frameborder=\"0\" allow=\"autoplay; fullscreen\" allowfullscreen><\/iframe><\/div>\n\t\t<\/div>\n\t<\/div>\n<div class=\"vc_empty_space\"   style=\"height: 32px\"><span class=\"vc_empty_space_inner\"><\/span><\/div><\/div><\/div><\/div><\/div><div class=\"vc_row wpb_row vc_row-fluid\" ><div class=\"wpb_column vc_column_container vc_col-sm-12\"><div class=\"vc_column-inner\"><div class=\"wpb_wrapper\"><div class=\"vc_empty_space\"   style=\"height: 32px\"><span class=\"vc_empty_space_inner\"><\/span><\/div>\n\t<div class=\"wpb_text_column wpb_content_element\" >\n\t\t<div class=\"wpb_wrapper\">\n\t\t\t<h4>Kontakt os?<\/h4>\n<h5><em><strong>Booking Adventures<\/strong><\/em><\/h5>\n<p><em><strong>Lokalbefolkningen<\/strong>\u00a0og\u00a0<strong>Nationale<\/strong>\u00a0Turguider og g\u00e6steservice<\/em><\/p>\n<p><span class=\"text-turquoise\">Reservationer:<\/span>\u00a0Ture og udflugter i Dom. Rep.<\/p>\n<p><img decoding=\"async\" class=\"emoji\" draggable=\"false\" src=\"https:\/\/s.w.org\/images\/core\/emoji\/11.2.0\/svg\/1f4de.svg\" alt=\"\ud83d\udcde\" title=\"\">\u00a0Tlf\/Whatsapp\u00a0\u00a0<a href=\"tel:+1-809-720-6035\">+1-809-720-6035<\/a>.<\/p>\n<p><img decoding=\"async\" class=\"emoji\" draggable=\"false\" src=\"https:\/\/s.w.org\/images\/core\/emoji\/11.2.0\/svg\/1f4e9.svg\" alt=\"\ud83d\udce9\" title=\"\">\u00a0<a href=\"mailto:info@bookingadventures.com.do\">info@bookingadventures.com.do<\/a><\/p>\n<p><strong>Vi er fleksibel indstilling af private ture af Whatsapp:\u00a0<a href=\"tel:+18097206035\">+18097206035.<\/a><\/strong><\/p>\n\n\t\t<\/div>\n\t<\/div>\n<div class=\"vc_empty_space\"   style=\"height: 32px\"><span class=\"vc_empty_space_inner\"><\/span><\/div><\/div><\/div><\/div><\/div>","protected":false},"excerpt":{"rendered":"<p>Udflugt fra Punta Cana: Los Haitises National Park, Yanigua Waterfalls &amp; Montana Redonda. Inkluderer frokost og transport til et bes\u00f8g i de 3 hovedhuler, en udforskning af 2 forskellige mangrove-\u00f8kosystemer, udsigter og sv\u00f8mmebassiner.<\/p>\n<p>Heldagstur til Los Haitises National Park med en lokal rejseguide. Bes\u00f8g Cays i Los Haitises National Park, Mangrover, Vegetation, Birding, Caves, Pictographs og de historiske omr\u00e5der af Sabana de la Mar i Los Haitises National Park. Fantastisk udsigt i Montana Redonda og frokost plus swimmingpools i Yanigua-vandfaldene.<\/p>\n<p>&nbsp;<\/p>\n<p><strong>V\u00e6lg datoen for turen:\u00a0<\/strong><\/p>","protected":false},"featured_media":14278,"template":"","meta":[],"product_cat":[948,946,928,168,1050,1049],"product_tag":[268,296,267,171,209,440,441,299,1052,212,297,222,298,269,1053,1051],"class_list":["post-14291","product","type-product","status-publish","has-post-thumbnail","hentry","product_cat-1-punta-cana","product_cat-1-sabana-de-la-mar","product_cat-boat-trip-los-haitises","product_cat-caves","product_cat-waterfalls-los-haitises","product_cat-yanigua-waterfalls-montana-redonda","product_tag-caves-los-haitises","product_tag-day-trip-punta-cana","product_tag-las-terrenas","product_tag-los-haitises","product_tag-los-haitises-national-park","product_tag-los-haitises-national-park-map","product_tag-los-haitises-national-park-tour-from-las-terrenas","product_tag-los-haitises-national-park-tours-excursions","product_tag-los-haitises-waterfall","product_tag-mangroves-los-haitises","product_tag-montana-redonda-tours-excursion","product_tag-punta-cana","product_tag-punta-cana-tours-excursions","product_tag-transportation-los-haitises","product_tag-waterfalls-dominican-republic","product_tag-yanigua-waterfalls"],"_links":{"self":[{"href":"https:\/\/www.boattoursamana.com\/da\/wp-json\/wp\/v2\/product\/14291","targetHints":{"allow":["GET"]}}],"collection":[{"href":"https:\/\/www.boattoursamana.com\/da\/wp-json\/wp\/v2\/product"}],"about":[{"href":"https:\/\/www.boattoursamana.com\/da\/wp-json\/wp\/v2\/types\/product"}],"wp:featuredmedia":[{"embeddable":true,"href":"https:\/\/www.boattoursamana.com\/da\/wp-json\/wp\/v2\/media\/14278"}],"wp:attachment":[{"href":"https:\/\/www.boattoursamana.com\/da\/wp-json\/wp\/v2\/media?parent=14291"}],"wp:term":[{"taxonomy":"product_cat","embeddable":true,"href":"https:\/\/www.boattoursamana.com\/da\/wp-json\/wp\/v2\/product_cat?post=14291"},{"taxonomy":"product_tag","embeddable":true,"href":"https:\/\/www.boattoursamana.com\/da\/wp-json\/wp\/v2\/product_tag?post=14291"}],"curies":[{"name":"wp","href":"https:\/\/api.w.org\/{rel}","templated":true}]}}