{"id":15361,"date":"2023-02-06T10:44:02","date_gmt":"2023-02-06T10:44:02","guid":{"rendered":"https:\/\/www.ticketswhales.com\/?post_type=product&#038;p=15361"},"modified":"2025-12-21T17:09:04","modified_gmt":"2025-12-21T17:09:04","slug":"miches-samana-whale-watching-cayo-levantado-bacardi-island-limon-waterfalls","status":"publish","type":"product","link":"https:\/\/www.boattoursamana.com\/da\/tur\/miches-samana-hvalsafari-cayo-levantado-bacardi-o-limon-vandfald","title":{"rendered":"Miches: Hvalsafari i Saman\u00e1 + Cayo Levantado (Bacardi-\u00f8en) + El Lim\u00f3n-vandfaldene"},"content":{"rendered":"<div class=\"vc_row wpb_row vc_row-fluid\" ><div class=\"wpb_column vc_column_container vc_col-sm-12\"><div class=\"vc_column-inner\"><div class=\"wpb_wrapper\"><div class=\"vc_empty_space\"   style=\"height: 32px\"><span class=\"vc_empty_space_inner\"><\/span><\/div><div class=\"vc_btn3-container vc_btn3-inline\" ><a class=\"vc_general vc_btn3 vc_btn3-size-md vc_btn3-shape-rounded vc_btn3-style-modern vc_btn3-color-green\" href=\"https:\/\/bookingadventures.tours\/booking.php?tour_id=37eeb6616d6bfb8565c383bedf525a4c\" title=\"\" rel=\"noopener\">BOOK NU<\/a><\/div><div class=\"vc_empty_space\"   style=\"height: 32px\"><span class=\"vc_empty_space_inner\"><\/span><\/div><\/div><\/div><\/div><\/div><div class=\"wpb_column vc_column_container vc_col-sm-12\"><div class=\"vc_column-inner\"><div class=\"wpb_wrapper\">\n\t<div class=\"wpb_text_column wpb_content_element\" >\n\t\t<div class=\"wpb_wrapper\">\n\t\t\t<div class=\"vc_row wpb_row vc_row-fluid\">\n<div class=\"wpb_column vc_column_container vc_col-sm-12\">\n<div class=\"vc_column-inner\">\n<div class=\"wpb_wrapper\">\n<div class=\"mkdf-section-title-holder\">\n<div class=\"mkdf-st-inner\">\n<h5 class=\"mkdf-st-subtitle\">Cayo Levantado (Bacardi Island) + El Lim\u00f3n-vandfaldene fra Punta Cana Hotels.<\/h5>\n<h3 class=\"mkdf-st-title\">Hvalsafari i Punta Cana til Saman\u00e1-bugten<\/h3>\n<\/div>\n<\/div>\n<\/div>\n<\/div>\n<\/div>\n<\/div>\n<div class=\"vc_row wpb_row vc_row-fluid\"><\/div>\n<div class=\"wpb_column vc_column_container vc_col-sm-12\">\n<div class=\"vc_column-inner\">\n<div class=\"wpb_wrapper\"><\/div>\n<\/div>\n<\/div>\n<div class=\"wpb_text_column wpb_content_element\">\n<div class=\"wpb_wrapper\"><\/div>\n<\/div>\n<div class=\"vc_row wpb_row vc_row-fluid\">\n<div class=\"wpb_column vc_column_container vc_col-sm-12\">\n<div class=\"vc_column-inner\">\n<div class=\"wpb_wrapper\">\n<div class=\"wpb_text_column wpb_content_element\">\n<div class=\"wpb_wrapper\">\n<div class=\"vc_row wpb_row vc_row-fluid\">\n<div class=\"wpb_column vc_column_container vc_col-sm-12\">\n<div class=\"vc_column-inner\">\n<div class=\"wpb_wrapper\">\n<div class=\"wpb_text_column wpb_content_element\">\n<div class=\"wpb_wrapper\">\n<h4><b><i>Oversigt\ud83d\udc33<\/i><\/b><\/h4>\n<p>Whale Punta Cana, hvalsafari i Saman\u00e1-bugten og bes\u00f8g Cayo Levantado plus Safari til El limon-vandfaldene under denne heldagsudflugt fra Punta Cana-hoteller. Rejs til Saman\u00e1-bugten ombord p\u00e5 en komfortabel bus med aircondition, og overf\u00f8r derefter til en b\u00e5dkatamaran ved Miches. Krydstogt ud i det \u00e5bne vand for at se efter b\u00e6lge af pukkelhvaler, der bes\u00f8ger for at yngle og have deres kalve i omr\u00e5det. L\u00e6r om disse havpattedyrs adf\u00e6rd og biologi fra din ekspertguide til naturforskere. Forts\u00e6t til Cayo Levantado \/ Bacardi Island, til frokost p\u00e5 stranden og en dukkert i det azurbl\u00e5 vand efter denne Safari-tur til el Limon-vandfaldene med heste, der rider ved kokosskoven, f\u00f8r du vender tilbage til Punta Cana.<\/p>\n<p>&nbsp;<\/p>\n<p><strong>Bem\u00e6rk:<\/strong> Denne tur er ikke privat. Denne tur har inkluderet stop kl <strong>El Lim\u00f3n vandfald<\/strong>. For at bestille den samme tur og ikke g\u00e5 til vandfaldene tak\u00a0<a href=\"https:\/\/www.boattoursamana.com\/da\/Tours-Excursions\/tours-excursions-samana-bay-dominican-republic\/whale-watching-2020-in-punta-cana-to-samana-bay-cayo-levantado-bacardi-island-from-hotels\/\">KLIK HER.<\/a><\/p>\n<ul>\n<li>Hvalsafari tur<\/li>\n<li>Bacardi Island \/ Cayo Levantado<\/li>\n<li>Indgangsgebyrer til observatoriet<\/li>\n<li>Samana Safari<\/li>\n<li>El Limon Vandfald Ridning<\/li>\n<li>Inkluderer frokostbuffet p\u00e5 stranden<\/li>\n<li>B\u00e5dtransfer<\/li>\n<li>Kaptajnen s\u00f8rger for instruktion og supervision<\/li>\n<li>Tur guide<\/li>\n<\/ul>\n<p>&nbsp;<\/p>\n<h4><b>Inklusioner &amp; Eksklusioner<\/b><\/h4>\n<p>&nbsp;<\/p>\n<p><b>Inklusioner<\/b><\/p>\n<p>&nbsp;<\/p>\n<ol>\n<li>Buffet frokost p\u00e5 stranden<\/li>\n<li>Overf\u00f8rsel fra hoteller<\/li>\n<li>Tur guide<\/li>\n<li>Katamaran eller b\u00e5dtur<\/li>\n<li>Alle skatter, gebyrer og ekspeditionsgebyrer<\/li>\n<li>Lokale skatter<\/li>\n<li>Drikkevarer<\/li>\n<\/ol>\n<p><b>Udelukkelser<\/b><\/p>\n<ol>\n<li>Drikkepenge<\/li>\n<\/ol>\n<p>&nbsp;<\/p>\n<h4><em><strong>Afgang og hjemrejse<\/strong><\/em><\/h4>\n<p>Hotel afhentning tilbydes til denne tur. I Notes Skriv blot navnet p\u00e5 hotellet for at hente dig. Vi henter i alle Punta Cana hoteller.<\/p>\n<p>&nbsp;<\/p>\n<h3>Saman\u00e1 Whale Watching + Cayo Levantado (Bacardi Island) + Lim\u00f3n-vandfald fra Miches.<\/h3>\n<h4><b><i>Hvad kan man forvente?<\/i><\/b><\/h4>\n<p>Kom helt t\u00e6t p\u00e5 Den Dominikanske Republiks blide giganter i havet under denne 12-timers pukkelhvalsafari-udflugt p\u00e5 S\u00e1mana-bugten. Tilbring en uforglemmelig dag med at observere de tusindvis af hvaler, der str\u00f8mmer til \u00f8en hvert \u00e5r for at parre sig, spise og lege i dens varme tropiske farvande. N\u00e5r du observerer disse smukke v\u00e6sner, vil du nyde unikke indsigter fra din ekspertguide for hvalsafari. Afslut dagen med en inkluderet frokost og strandtid p\u00e5 den smukke Cayo Levantado Island. Hoteltransport tur-retur er ogs\u00e5 inkluderet.<\/p>\n<p>Fra 9:00 til kl. P\u00e5 Bacardi Island vil der blive serveret frokostbuffet fra typisk dominikansk stil (ris, b\u00f8nner, fisk, salater...). N\u00e5r frokosten er f\u00e6rdig, f\u00e5r du lov til at sv\u00f8mme og g\u00f8re dig klar til at tage til El limon vandfald indtil kl. 16.30. Turen slutter kl. 17.00 i den samme havn, hvorfra den starter ombord p\u00e5 vores katamaran og deres bus tilbage til Punta Cana Hotels.<\/p>\n<p><strong>Tidsplan:<\/strong><\/p>\n<p>6:00 \u2013 7:00 Afhentning af kunderne fra de forskellige hoteller<br \/>\n07:00 Afgang til Las Canitas i Sabana de la mar<br \/>\n08:15 Ankomst til den private kaj<br \/>\n08:15 \u2013 8:40 Morgenmadstid (sandwich, muffins, te, kaffe, juice)<br \/>\n8:45 Boarding for at starte vores rejse til helligdommen for pukkelhvalerne i Samana<br \/>\n11:00 S\u00f8g efter hvalerne i en 45-minutters periode - Dette er tidspunktet, der f\u00f8lger regeringens regler.<br \/>\n11:45 Tag til Cayo Levantado i Samana-bugten<br \/>\n12:30 Ankomst til Cayo Levantado<br \/>\n13:00 Frokosttid (frokostbuffet, typisk dominikansk)*<br \/>\n13:45 \u2013 15:30 Fritid i Cayo Levantado<br \/>\n15:00 \u2013 15:45 Ombord igen retning tilbage til Miches<br \/>\n17:00 Ankomst i Miches og afgang til hotellerne i Punta Cana<br \/>\n19:30 \u2013 20:00 Ankomst til hoteller i Punta Cana<\/p>\n<p><strong>* Frokostmenu (typisk dominikansk)<br \/>\n<\/strong>Ris, grillet kylling eller grillet fisk, salat, gr\u00f8ntsager, frisk frugt.<\/p>\n<p><strong>*Kunder, der v\u00e6lger at tilf\u00f8je et stop ved vandfaldet El Limon efter hvalsafari, vil flytte til vandfaldsannoncen, vil have mindre tid at bruge i Cayo Levantado.<\/strong><\/p>\n<p>Denne tur har inkluderet stop kl <strong>El Lim\u00f3n vandfald<\/strong>. For at bestille den samme tur og ikke g\u00e5 til vandfaldene tak\u00a0<a href=\"https:\/\/www.boattoursamana.com\/da\/Tours-Excursions\/tours-excursions-samana-bay-dominican-republic\/whale-watching-2020-in-punta-cana-to-samana-bay-cayo-levantado-bacardi-island-from-hotels\/\">KLIK HER.<\/a><\/p>\n<p>&nbsp;<\/p>\n<h4><em><strong>Hvad skal du medbringe?<\/strong><\/em><\/h4>\n<ul>\n<li>Kamera<\/li>\n<li>Afvisende knopper<\/li>\n<li>solcreme<\/li>\n<li>Hat<\/li>\n<li>Komfortable bukser<\/li>\n<li>Sandaler til stranden<\/li>\n<li>Badet\u00f8j<\/li>\n<li>Kontanter til souvenirs og tips<\/li>\n<\/ul>\n<p>&nbsp;<\/p>\n<h4><b><i>Hotel afhentning<\/i><\/b><\/h4>\n<p>Hotel afhentning tilbydes ikke til denne tur. I Noter V\u00e6lg blot ekstra muligheder p\u00e5 reservationsformularen for Afhentning i Punta Cana og skriv navnet p\u00e5 hotellet for at hente dig. Vi henter i alle Punta Cana hoteller.<\/p>\n<p>&nbsp;<\/p>\n<p><b>Bem\u00e6rk:<\/b> hvis du bestiller inden for 24 timer efter turens\/udflugtens afgangstidspunkt, kan vi arrangere hotelafhentning. N\u00e5r dit k\u00f8b er gennemf\u00f8rt, sender vi dig fuldst\u00e6ndige kontaktoplysninger (telefonnummer, e-mail-adresse osv.), s\u00e5 vores lokale rejseguide kan organisere afhentningsarrangementer.<\/p>\n<h4><b><i>Yderligere info bekr\u00e6ftelse<\/i><\/b><\/h4>\n<ol>\n<li>Billetter er kvitteringen efter betaling for denne tur. Du kan vise betalingen p\u00e5 din telefon.<\/li>\n<li>M\u00f8depunkt modtages efter reservationsprocessen.<\/li>\n<li>B\u00f8rn skal ledsages af en voksen.<\/li>\n<li>K\u00f8restolsvenligt<\/li>\n<li>Sp\u00e6db\u00f8rn skal sidde p\u00e5 sk\u00f8det<\/li>\n<li>De fleste rejsende kan deltage<\/li>\n<\/ol>\n<h4><b><i>Afbestillingspolitik<\/i><\/b><\/h4>\n<p>For en fuld refusion skal du annullere mindst 74 timer f\u00f8r startdatoen for oplevelsen.<\/p>\n<\/div>\n<\/div>\n<\/div>\n<\/div>\n<\/div>\n<\/div>\n<\/div>\n<\/div>\n<\/div>\n<\/div>\n<\/div>\n<\/div>\n<div class=\"vc_row wpb_row vc_row-fluid\">\n<div class=\"wpb_column vc_column_container vc_col-sm-12\">\n<div class=\"vc_column-inner\">\n<div class=\"wpb_wrapper\">\n<div class=\"vc_empty_space\"><\/div>\n<div class=\"wpb_text_column wpb_content_element\">\n<div class=\"wpb_wrapper\">\n<h4>Kontakt os?<\/h4>\n<h5><b><i>TOUR HVALER SAMAN\u00c1<\/i><\/b><\/h5>\n<p><em><strong>Lokalbefolkningen<\/strong>\u00a0og\u00a0<strong>Nationale<\/strong>\u00a0Turguider og g\u00e6steservice<\/em><\/p>\n<p><span class=\"text-turquoise\">Bestillinger:<\/span> \u00a0Ture og udflugter p\u00e5 Dom. Rep.<\/p>\n<p>\ud83d\udcde Tel \/ Whatsapp\u00a0\u00a0\u00a0<a href=\"tel:+1-809-720-6035\">+ 1-809-720-6035<\/a>\u00a0.<\/p>\n<p>\ud83d\udce9\u00a0<a href=\"mailto:info@bookingadventures.com.do\">info@bookingadventures.com.do<\/a><\/p>\n<p><strong>Somos tours private configuraci\u00f3n fleksibel via Whatsapp:\u00a0\u00a0<a href=\"tel:+18097206035\">+18097206035.<\/a><\/strong><\/p>\n<\/div>\n<\/div>\n<\/div>\n<\/div>\n<\/div>\n<\/div>\n\n\t\t<\/div>\n\t<\/div>\n<\/div><\/div><\/div>","protected":false},"excerpt":{"rendered":"<p>Fra Miches-omr\u00e5det vil vi nyde de smukke landskaber i den orientalske bjergk\u00e6de, mens vi k\u00f8rer nord for Punta Cana, inden vi ankommer til den lille fiskerby Miches p\u00e5 den sydlige kyst af Saman\u00e1-bugten. Du vil nyde en hurtig morgenmad, inden du g\u00e5r ombord p\u00e5 b\u00e5den til Saman\u00e1. Vi sejler dybt ind i bugten for at se hval. Vi vil f\u00f8rst n\u00e5 Cayo Levantado, ogs\u00e5 kendt som Bacardi Island p\u00e5 grund af dens t\u00e6tte lighed med strandene Bacardi Rum engang brugte til sine ber\u00f8mte reklamer.<\/p>\n<p>Cayo Levantado er intet mindre end en tropisk oase \u2013 en lille \u00f8 midt i havet med turkisbl\u00e5t vand og hvidt sand. Herefter en Safari i Saman\u00e1 Community til vandfaldene. I vandfaldene g\u00f8r El Lim\u00f3n sig klar til ridning eller vandreture. Dette er et unikt komplet eventyr.<\/p>\n<p>Denne tur har inkluderet et stop ved Lim\u00f3n-vandfaldet. For at bestille den samme tur og ikke g\u00e5 til vandfaldene tak <a href=\"https:\/\/www.boattoursamana.com\/da\/tours-excursions\/miches-samana-hvalsafari-cayo-levantado-bacardi-o-limon-vandfald\/\">KLIK HER<\/a>.<\/p>\n<p>&nbsp;<\/p>\n<p><strong><em>V\u00e6lg datoen for udflugten:<\/em><\/strong><\/p>","protected":false},"featured_media":12008,"template":"","meta":[],"product_cat":[159,948,655,961,959,972,963,968,664],"product_tag":[631,184,328,480,296,380,428,649,327,222,527,313,199,526,458,342,650,524,276,529,528,274,525],"class_list":["post-15361","product","type-product","status-publish","has-post-thumbnail","hentry","product_cat-fees-entrace","product_cat-1-punta-cana","product_cat-1-samana","product_cat-el-limon-horseback-riding","product_cat-el-limon-punta-cana","product_cat-punta-cana-group-tours","product_cat-punta-cana-samana-day-trips","product_cat-punta-cana-whale-watching","product_cat-whale-watching-punta-cana","product_tag-631","product_tag-bacardi-island","product_tag-cayo-levantado-day-pass","product_tag-cheap-punta-cana-excursions","product_tag-day-trip-punta-cana","product_tag-el-limon-waterfall-and-bacardi-island-tour-from-punta-cana","product_tag-half-day-whale-watching-miches","product_tag-limon-from-punta-cana","product_tag-private-tours-samana","product_tag-punta-cana","product_tag-punta-cana-activities","product_tag-punta-cana-tours","product_tag-samana-bay","product_tag-samana-day-trip","product_tag-samana-day-trip-from-punta-cana","product_tag-samana-whale-watching","product_tag-waterfalls-punta-cana","product_tag-whale-punta-cana","product_tag-whale-samana","product_tag-whale-watching-2020","product_tag-whale-watching-2020-in-punta-cana-to-samana-bay-cayo-levantado-bacardi-island-from-hotels","product_tag-whale-watching-dominican-republic","product_tag-whale-watching-punta-cana"],"_links":{"self":[{"href":"https:\/\/www.boattoursamana.com\/da\/wp-json\/wp\/v2\/product\/15361","targetHints":{"allow":["GET"]}}],"collection":[{"href":"https:\/\/www.boattoursamana.com\/da\/wp-json\/wp\/v2\/product"}],"about":[{"href":"https:\/\/www.boattoursamana.com\/da\/wp-json\/wp\/v2\/types\/product"}],"wp:featuredmedia":[{"embeddable":true,"href":"https:\/\/www.boattoursamana.com\/da\/wp-json\/wp\/v2\/media\/12008"}],"wp:attachment":[{"href":"https:\/\/www.boattoursamana.com\/da\/wp-json\/wp\/v2\/media?parent=15361"}],"wp:term":[{"taxonomy":"product_cat","embeddable":true,"href":"https:\/\/www.boattoursamana.com\/da\/wp-json\/wp\/v2\/product_cat?post=15361"},{"taxonomy":"product_tag","embeddable":true,"href":"https:\/\/www.boattoursamana.com\/da\/wp-json\/wp\/v2\/product_tag?post=15361"}],"curies":[{"name":"wp","href":"https:\/\/api.w.org\/{rel}","templated":true}]}}