{"id":16643,"date":"2023-11-06T07:14:14","date_gmt":"2023-11-06T07:14:14","guid":{"rendered":"https:\/\/www.ticketswhales.com\/?post_type=product&#038;p=16643"},"modified":"2023-11-06T08:59:17","modified_gmt":"2023-11-06T08:59:17","slug":"los-haitises-cueva-el-naranjo-y-laguna-cristal-from-samana","status":"publish","type":"product","link":"https:\/\/www.boattoursamana.com\/da\/tur\/los-haitises-cueva-el-naranjo-y-laguna-cristal-fra-samana","title":{"rendered":"Los Haitises: Cueva el Naranjo y Laguna Cristal fra Samana"},"content":{"rendered":"<div class=\"vc_row wpb_row vc_row-fluid\" ><div class=\"wpb_column vc_column_container vc_col-sm-12\"><div class=\"vc_column-inner\"><div class=\"wpb_wrapper\">\n\t<div class=\"wpb_text_column wpb_content_element\" >\n\t\t<div class=\"wpb_wrapper\">\n\t\t\t<h2><span style=\"font-weight: 400;\">Los Haitises: Cueva el Naranjo og Laguna Cristal<\/span><\/h2>\n<p>&nbsp;<\/p>\n<p><b>Oversigt<\/b><span style=\"font-weight: 400;\">\u00a0<\/span><\/p>\n<p>&nbsp;<\/p>\n<p><span style=\"font-weight: 400;\">Los Haitises National Park er en naturskat i Den Dominikanske Republik, hvor 25% af ferskvandet findes i Hispaniola, under denne oplevelse tager vi rundt p\u00e5 nogle af de vigtigste steder i denne fantastiske park. F\u00e5 din billet til at udforske Ojo de Cielo Cave, Laguna Cristal, Barracote River og Samana Bay.\u00a0<\/span><\/p>\n<p>&nbsp;<\/p>\n<p><span style=\"font-weight: 400;\">Fra et hydrografisk synspunkt<\/span><span style=\"font-weight: 400;\">, Los Haitises og dets indflydelsesomr\u00e5der omfatter to regioner: det nedre bassin af Yuna-floden og omr\u00e5det Miches og Sabana de la Mar. Yuna dr\u00e6ner gennem to munder: Yuna selve og Barracote. Derudover er der i omr\u00e5det Payabo, Los Cocos og Naranjo-floderne og Cabirma, Estero, Prieto og andre kanaler.<\/span><\/p>\n<p>&nbsp;<\/p>\n<p><span style=\"font-weight: 400;\">Om Los Haitises Landskab,<\/span><span style=\"font-weight: 400;\"> foruden hulerne er Ca\u00f1o Hondo, Punta Arena, Ca\u00f1o Salado, Bah\u00eda de San Lorenzo og Cayo de los P\u00e1jaros, som er meget imponerende landskabselementer. Sidstn\u00e6vnte, der ligger mellem Boca del Infierno og El Naranjo Arriba, er let at genkende p\u00e5 den n\u00e6sten permanente tilstedev\u00e6relse af \u00f8ret\u00e6ver og pelikaner.<\/span><\/p>\n<p>&nbsp;<\/p>\n<p><span style=\"font-weight: 400;\">Om Sanchez City,<\/span><span style=\"font-weight: 400;\"> Det var tidligere en lille by kaldet Las Ca\u00f1itas, men i 1888 blev den oph\u00f8jet til status som en kommune opkaldt efter en af grundl\u00e6ggerne af Den Dominikanske Republik, Francisco del Rosario S\u00e1nchez. Det voksede i betydning og befolkning efter etableringen af jernbanen i 1865. Denne linje strakte sig til den centrale region Cibao, hvilket gjorde dette lille caribiske samfund til den vigtigste havn i landet fra slutningen af det 19. \u00e5rhundrede indtil begyndelsen af n\u00e6ste \u00e5rhundrede. .<\/span><\/p>\n<p>&nbsp;<\/p>\n<p><span style=\"font-weight: 400;\">Om Laguna Cristal,<\/span><span style=\"font-weight: 400;\"> Laguna Cristal er en smuk kilde til ferskvand ved portene til Los Haitises National Park, nord for provinsen Monte Plata, som har en unik sk\u00f8nhed p\u00e5 grund af sine naturlige attraktioner og den fred, den giver os. Lagunen f\u00f8des af grundvand, der kommer fra naboparken. En lille sejlbar flod dukker op fra lagunen et par hundrede meter, der f\u00f8der Barracote-floden, som derefter l\u00f8ber ud i San Lorenzo-bugten. Det ville v\u00e6re omkring 200 meter dybt og 70 meter i diameter.\u00a0<\/span><\/p>\n<p>&nbsp;<\/p>\n<p><span style=\"font-weight: 400;\">El Naranjo-hulen<\/span><span style=\"font-weight: 400;\">, El Naranjo-floden, som er sejlbar p\u00e5 trods af sin l\u00e6ngde p\u00e5 120 meter, har sit udspring i en hule og kan betragtes som en naturjuvel i Los Haitises National Park, Det er en attraktion, der er v\u00e6rd at vide, som giver dig mulighed for at v\u00e6rds\u00e6tte den korteste flod i omr\u00e5det \u00f8, I en b\u00e5d kan du n\u00e5 til enden af hulen, hvor vandet kommer fra. Grotten er et reservoir for flagermus og storms\u00f8jler, og dens farvande er hjemsted for hjemmeh\u00f8rende fiskearter, som i andre floder og vandl\u00f8b h\u00f8rer fortiden til, s\u00e5som guabinas, dajaos, carpias, rejer og krabber.<\/span><\/p>\n<p>&nbsp;<\/p>\n<p><b>Inklusioner<\/b><\/p>\n<p><span style=\"font-weight: 400;\">Alle skatter, gebyrer og ekspeditionsgebyrer<\/span><\/p>\n<p><span style=\"font-weight: 400;\">Lokale skatter<\/span><\/p>\n<p><span style=\"font-weight: 400;\">Embedsm\u00e6nd \u00d8kolog rejseledere engelsk\/spansk<\/span><\/p>\n<p><span style=\"font-weight: 400;\">Lokal transport (hotel afhentning)<\/span><\/p>\n<p><span style=\"font-weight: 400;\">Speed b\u00e5d<\/span><\/p>\n<p><span style=\"font-weight: 400;\">Lokal frokost<\/span><\/p>\n<p><span style=\"font-weight: 400;\">Laguna Cristal\u00a0\u00a0<\/span><\/p>\n<p><span style=\"font-weight: 400;\">Cueva del Naranjo\u00a0<\/span><\/p>\n<p>&nbsp;<\/p>\n<p><b>Udelukkelser<\/b><\/p>\n<p>&nbsp;<\/p>\n<p><span style=\"font-weight: 400;\">Drikkepenge<\/span><\/p>\n<p><span style=\"font-weight: 400;\">Drik<\/span><\/p>\n<p><span style=\"font-weight: 400;\">\u00a0<\/span><\/p>\n<p>&nbsp;<\/p>\n<p><b>Afgang og hjemrejse<\/b><\/p>\n<p><span style=\"font-weight: 400;\">Turen, arrangeret af &quot;Booking Adventures&quot; starter ved m\u00f8destedet, der er fastsat med rejselederen. Den rejsende f\u00e5r et m\u00f8dested efter reservationsprocessen. Ture starter og slutter i vores m\u00f8desteder.<\/span><\/p>\n<p>&nbsp;<\/p>\n<p><b>Hvad kan man forvente?<\/b><\/p>\n<p><span style=\"font-weight: 400;\">F\u00e5 din billet til Searching For The Los Haitises: Los Haitises: Cueva el Naranjo y Laguna Cristal, denne oplevelse vil give dig mulighed for at se det meste af biodiversiteten p\u00e5 \u00f8en.\u00a0<\/span><\/p>\n<p>&nbsp;<\/p>\n<p><span style=\"font-weight: 400;\">Denne aktivitet starter fra din afhentning fra din bolig i et af disse omr\u00e5der:<\/span><\/p>\n<ul>\n<li style=\"font-weight: 400;\" aria-level=\"1\"><span style=\"font-weight: 400;\">Las Terrenas\u00a0<\/span><\/li>\n<li style=\"font-weight: 400;\" aria-level=\"1\"><span style=\"font-weight: 400;\">Sanchez\u00a0<\/span><\/li>\n<li style=\"font-weight: 400;\" aria-level=\"1\"><span style=\"font-weight: 400;\">Las Galeras<\/span><\/li>\n<li style=\"font-weight: 400;\" aria-level=\"1\"><span style=\"font-weight: 400;\">Santa Barbara de Samana\u00a0<\/span><\/li>\n<\/ul>\n<h3><b>Tidsplan<\/b><b>\u00a0<\/b><\/h3>\n<p><b>Sanchez Samana, Sv\u00f8mning ved Laguna Cristal og El Naranjo River &amp; Caves\u00a0<\/b><\/p>\n<p>&nbsp;<\/p>\n<p><span style=\"font-weight: 400;\">Hotel afhentning: starter kl. 7:00 (afh\u00e6ngigt af hvor du befinder dig). Der er forskellige muligheder for timing p\u00e5 reservationsformularen. Turen varer 8 timer.\u00a0<\/span><\/p>\n<p>&nbsp;<\/p>\n<p><span style=\"font-weight: 400;\">Dette bliver en tidlig morgen til at hente dig fra dit hotel og k\u00f8re dig til vores m\u00f8dested i Sanchez Samana, hvor du vil m\u00f8de din lokale rejseleder, inden du gennemg\u00e5r rejseplanen for resten af dagen.\u00a0<\/span><\/p>\n<p>&nbsp;<\/p>\n<p><span style=\"font-weight: 400;\">N\u00e5r du g\u00f8r dig klar, stiger vi ombord p\u00e5 vores speedb\u00e5d for at tage til El Naranjo, som er dagens f\u00f8rste stop, hvor vi skal ind i grotten med b\u00e5d og sv\u00f8mme i ferskvandet i \u00f8ens korteste flod.\u00a0<\/span><\/p>\n<p>&nbsp;<\/p>\n<p><span style=\"font-weight: 400;\">Din anden b\u00e5dtur vil v\u00e6re gennem Barracote-floden for at komme til Laguna Cristal. Vi bliver n\u00f8dt til at navigere i en af de st\u00f8rste floder i den nord\u00f8stlige del af landet. I Cristal Area holder vi en frokostpause, inden vi hopper i vandet.<\/span><\/p>\n<p>&nbsp;<\/p>\n<p><span style=\"font-weight: 400;\">Efter at have pr\u00f8vet noget lokal frokost skal vi have en siesta ved Cristal Lagoon og derefter sv\u00f8mme, inden vi g\u00e5r tilbage til Sanchez Samana.\u00a0<\/span><\/p>\n<p>&nbsp;<\/p>\n<p><span style=\"font-weight: 400;\">Hotel Drop off: kl. 16.00 eller senere afh\u00e6ngigt af, hvorn\u00e5r du startede turen. Turen varer i alt 8 timer.\u00a0<\/span><\/p>\n<p>&nbsp;<\/p>\n<p><span style=\"font-weight: 400;\">Rejsedage og aktiviteter kan \u00e6ndres uden varsel p\u00e5 grund af uforudsete omst\u00e6ndigheder eller begivenheder. Se de fulde vilk\u00e5r og betingelser for mere information.<\/span><\/p>\n\n\t\t<\/div>\n\t<\/div>\n<\/div><\/div><\/div><\/div>","protected":false},"excerpt":{"rendered":"<p>Bes\u00f8g el Naranjo-floden med hulen og Cristal Lagun i Los Haitises National Park med lokal ekspert rejseguide. Frokost og transport er inkluderet i Samana-provinsen.<\/p>","protected":false},"featured_media":16644,"template":"","meta":[],"product_cat":[1096],"product_tag":[1097],"class_list":["post-16643","product","type-product","status-publish","has-post-thumbnail","hentry","product_cat-haitises","product_tag-haitises"],"_links":{"self":[{"href":"https:\/\/www.boattoursamana.com\/da\/wp-json\/wp\/v2\/product\/16643","targetHints":{"allow":["GET"]}}],"collection":[{"href":"https:\/\/www.boattoursamana.com\/da\/wp-json\/wp\/v2\/product"}],"about":[{"href":"https:\/\/www.boattoursamana.com\/da\/wp-json\/wp\/v2\/types\/product"}],"wp:featuredmedia":[{"embeddable":true,"href":"https:\/\/www.boattoursamana.com\/da\/wp-json\/wp\/v2\/media\/16644"}],"wp:attachment":[{"href":"https:\/\/www.boattoursamana.com\/da\/wp-json\/wp\/v2\/media?parent=16643"}],"wp:term":[{"taxonomy":"product_cat","embeddable":true,"href":"https:\/\/www.boattoursamana.com\/da\/wp-json\/wp\/v2\/product_cat?post=16643"},{"taxonomy":"product_tag","embeddable":true,"href":"https:\/\/www.boattoursamana.com\/da\/wp-json\/wp\/v2\/product_tag?post=16643"}],"curies":[{"name":"wp","href":"https:\/\/api.w.org\/{rel}","templated":true}]}}