{"id":8848,"date":"2018-06-11T10:11:05","date_gmt":"2018-06-11T10:11:05","guid":{"rendered":"https:\/\/www.ticketswhales.com\/?post_type=product&#038;p=8848"},"modified":"2023-03-20T10:08:14","modified_gmt":"2023-03-20T10:08:14","slug":"birdwatching-in-los-haitises-national-park","status":"publish","type":"product","link":"https:\/\/www.boattoursamana.com\/da\/tur\/fuglekikkeri-i-los-haitises-nationalpark-2","title":{"rendered":"Fuglekigning i Los Haitises National Park"},"content":{"rendered":"<div class=\"vc_row wpb_row vc_row-fluid\" ><div class=\"wpb_column vc_column_container vc_col-sm-12\"><div class=\"vc_column-inner\"><div class=\"wpb_wrapper\"><div class=\"mkdf-section-title-holder\" style=\"text-align: left\">\n\t<div class=\"mkdf-st-inner\">\n\t\t\t\t\t<h5 class=\"mkdf-st-subtitle\" >\n\t\t\t\tFugleture i Los Haitises National Park\t\t\t<\/h5>\n\t\t\t\t\t\t\t<h3 class=\"mkdf-st-title\" >\n\t\t\t\tRidgway&#039;s Hawk Tour\t\t\t<\/h3>\n\t\t\t\t\t<\/div>\n<\/div><div class=\"vc_empty_space\"   style=\"height: 32px\"><span class=\"vc_empty_space_inner\"><\/span><\/div><div class=\"vc_message_box vc_message_box-standard vc_message_box-rounded vc_color-info\" ><div class=\"vc_message_box-icon\"><i class=\"fas fa-info-circle\"><\/i><\/div><p>Tjeklisteopdatering i Los Haitises National Park:\u00a0 <a href=\"https:\/\/www.boattoursamana.com\/da\/los-haitises-nationalpark-birdwatching-tjekliste-opdatering\/\">Klik her<\/a><\/p>\n<\/div><div class=\"vc_empty_space\"   style=\"height: 32px\"><span class=\"vc_empty_space_inner\"><\/span><\/div><\/div><\/div><\/div><\/div><div class=\"vc_row wpb_row vc_row-fluid\" ><div class=\"wpb_column vc_column_container vc_col-sm-12\"><div class=\"vc_column-inner\"><div class=\"wpb_wrapper\"><div class=\"vc_btn3-container vc_btn3-inline\" ><button class=\"vc_general vc_btn3 vc_btn3-size-md vc_btn3-shape-rounded vc_btn3-style-modern vc_btn3-color-green\">BOOK NU<\/button><\/div>\n\t<div class=\"wpb_text_column wpb_content_element\" >\n\t\t<div class=\"wpb_wrapper\">\n\t\t\t<h4><b><i>Oversigt <\/i><\/b><\/h4>\n<section><\/section>\n<p>Vi bevarer 110 fuglearter, som du kan finde i Los Haitises National Park. G\u00e5 gennem denne magiske skov p\u00e5 jagt efter papeg\u00f8jer, Todys, Ridgway&#039;s Hawks, tanagers, kolibrier og meget mere. Giver interessant historie om alle disse fugle, som du kan se p\u00e5 Humit-stien. Vi kender pletternes levesteder for Ridgway&#039;s, Ashy Faced Owls og andre endemiske arter. Denne tur er fokus p\u00e5 naturen og er mere koncentreret i informationen om dyrelivet.<\/p>\n<p><strong>Normalt er en privat tur for en oplevelse af virkelig h\u00f8j kvalitet.<\/strong><\/p>\n<h4><\/h4>\n<h4><b>Inklusioner &amp; Eksklusioner<\/b><\/h4>\n<p><b>Inklusioner<\/b><\/p>\n<ol>\n<li style=\"font-weight: 400;\">3 timers fuglevandring p\u00e5 parkstierne<\/li>\n<li style=\"font-weight: 400;\"><span style=\"font-weight: 400;\">Alle skatter, gebyrer og ekspeditionsgebyrer<\/span><\/li>\n<li style=\"font-weight: 400;\"><span style=\"font-weight: 400;\">Lokale skatter<\/span><\/li>\n<li style=\"font-weight: 400;\">Embedsm\u00e6nd \u00d8kolog rejseledere engelsk\/spansk<\/li>\n<\/ol>\n<p><b> Udelukkelser<\/b><\/p>\n<ol>\n<li style=\"font-weight: 400;\"><span style=\"font-weight: 400;\">Drikkepenge<\/span><\/li>\n<li style=\"font-weight: 400;\"><span style=\"font-weight: 400;\">Overf\u00f8rsel<\/span><\/li>\n<li style=\"font-weight: 400;\"><span style=\"font-weight: 400;\">Drik<\/span><\/li>\n<\/ol>\n<p>&nbsp;<\/p>\n<h4><em><strong>Afgang og hjemrejse<\/strong><\/em><\/h4>\n<p><span style=\"font-weight: 400;\">Turen, arrangeret af &quot;Booking Adventures&quot; starter ved m\u00f8destedet, der er fastsat med rejselederen. Den rejsende f\u00e5r et m\u00f8dested efter reservationsprocessen. Ture starter og slutter i vores m\u00f8desteder.<\/span><\/p>\n<p>&nbsp;<\/p>\n<h4><b><i>Hvad kan man forvente?<\/i><\/b><\/h4>\n<p><em><strong>F\u00e5 din billet<\/strong><\/em> til fuglekikkeri i Los Haitises National Park.<\/p>\n<p>Denne udflugt starter fra m\u00f8destedet ved at vandre Ridgway-stierne til Nesting-omr\u00e5derne. Efter 30 minutters vandring og se h\u00f8gene har vi mulighed for at forts\u00e6tte med at vandre rundt og se efter papeg\u00f8jer, piculets og andre endemiske arter i Los Haitises National Park.<\/p>\n<p>Los Haitises National Park har kun to stier til fuglekikking i Sabana de la Mar. P\u00e5 vej til Los Hiatises National Park stopper vi nogle steder for at se flere fugle.<\/p>\n<p>Har v\u00e6ret i San Lorenzo-bugten. vi bes\u00f8ger to huler, Sadly Cave kaldet p\u00e5 spanske Cueva de la Arena; i denne grotte kan vi se petrograferne fra Tainos-samfundene, der opholdt sig omkring dette omr\u00e5de. og bruge hulerne som et tempel.<\/p>\n<p>Derefter g\u00e5r vi videre til Linea-hulen, denne med 2.243 originale piktogrammer, og vores rejseguide forklarer dig oplysningerne fra ark\u00e6ologen om disse piktogrammer.<\/p>\n<p>Tager b\u00e5den tilbage igen til Pajaros-\u00f8en (Birds Island), hvor vi kan se de fleste af v\u00e5domr\u00e5dernes fugle rundt til Los Haitises National Park. Bare fordi alle fugle ikke er i vandet.<\/p>\n<p>Efter 4 og en halv time at l\u00e6re om fugle i Los Haitises National Park, slutter denne udflugt samme sted som den startede.<\/p>\n<p><strong>Bem\u00e6rk: Disse ture er med Officials Ecologist tour guides. Book venligst med tid, for i parken er der ikke for mange specialister.<\/strong><\/p>\n<p>&nbsp;<\/p>\n<h4><em><strong>Hvad skal du medbringe?<\/strong><\/em><\/h4>\n<ul>\n<li style=\"font-weight: 400;\"><span style=\"font-weight: 400;\">Kamera<\/span><\/li>\n<li>Kikkert<\/li>\n<li style=\"font-weight: 400;\"><span style=\"font-weight: 400;\">Afvisende knopper<\/span><\/li>\n<li style=\"font-weight: 400;\"><span style=\"font-weight: 400;\">solcreme<\/span><\/li>\n<li style=\"font-weight: 400;\"><span style=\"font-weight: 400;\">Hat<\/span><\/li>\n<li style=\"font-weight: 400;\"><span style=\"font-weight: 400;\">Komfortable bukser<\/span><\/li>\n<li style=\"font-weight: 400;\"><span style=\"font-weight: 400;\">Vandresko til skov<\/span><\/li>\n<li style=\"font-weight: 400;\"><span style=\"font-weight: 400;\">Sandaler til for\u00e5rets omr\u00e5der.<\/span><\/li>\n<li style=\"font-weight: 400;\"><span style=\"font-weight: 400;\">Badet\u00f8j<\/span><\/li>\n<\/ul>\n<p>&nbsp;<\/p>\n<h4><b><i>Hotel afhentning <\/i><\/b><\/h4>\n<p><span style=\"font-weight: 400;\">Hotel afhentning tilbydes ikke til denne tur. <\/span><\/p>\n<p>&nbsp;<\/p>\n<p><b>Bem\u00e6rk:<\/b><span style=\"font-weight: 400;\"> Hvis du bestiller inden for 24 timer efter turens\/udflugtens afgangstidspunkt, kan vi arrangere hotelafhentning med ekstra gebyrer. N\u00e5r dit k\u00f8b er gennemf\u00f8rt, sender vi dig fuldst\u00e6ndige kontaktoplysninger (telefonnummer, e-mailadresse osv.), s\u00e5 vores lokale rejseguide kan organisere afhentningsarrangementer.<\/span><\/p>\n<h4><b><i>Yderligere info bekr\u00e6ftelse <\/i><\/b><\/h4>\n<ol>\n<li>Billetter er kvitteringen efter betaling af denne tur. Du kan vise betalingen p\u00e5 din telefon.<\/li>\n<li style=\"font-weight: 400;\"><span style=\"font-weight: 400;\">M\u00f8depunkt modtages efter reservationsprocessen.<\/span><\/li>\n<li style=\"font-weight: 400;\"><span style=\"font-weight: 400;\">B\u00f8rn skal ledsages af en voksen.<\/span><\/li>\n<li style=\"font-weight: 400;\"><span style=\"font-weight: 400;\"> Ikke tilg\u00e6ngelig for k\u00f8restolsbrugere <\/span><\/li>\n<li style=\"font-weight: 400;\"><span style=\"font-weight: 400;\">Sp\u00e6db\u00f8rn skal sidde p\u00e5 sk\u00f8det <\/span><\/li>\n<li style=\"font-weight: 400;\"><span style=\"font-weight: 400;\">Anbefales ikke til rejsende med rygproblemer<\/span><\/li>\n<li style=\"font-weight: 400;\"><span style=\"font-weight: 400;\">Anbefales ikke til gravide rejsende <\/span><\/li>\n<li style=\"font-weight: 400;\"><span style=\"font-weight: 400;\"> Ingen hjerteproblemer eller andre alvorlige medicinske tilstande <\/span><\/li>\n<li style=\"font-weight: 400;\"><span style=\"font-weight: 400;\">De fleste rejsende kan deltage<\/span><\/li>\n<\/ol>\n<p>Denne tur tilbydes til minimum 2 personer og maksimalt 15 personer. Ved f\u00e6rre personer bedes du kontakte os.<\/p>\n<h4><b><i>Afbestillingspolitik<\/i><\/b><\/h4>\n<p>For fuld refusion, l\u00e6s venligst vores afbestillingspolitikker\u00a0<a href=\"https:\/\/www.boattoursamana.com\/da\/online-booking\/\" target=\"_blank\" rel=\"noopener\" data-saferedirecturl=\"https:\/\/www.google.com\/url?q=https:\/\/www.boattoursamana.com\/online-booking\/&amp;source=gmail&amp;ust=1672449202351000&amp;usg=AOvVaw1yAeVAPktmaVCqDujgUn90\">Klik her<\/a>. Penge vil g\u00e5 tabt, hvis reservationen annulleres samme dag p\u00e5 rejsen.<\/p>\n\n\t\t<\/div>\n\t<\/div>\n<\/div><\/div><\/div><\/div><div class=\"vc_row wpb_row vc_row-fluid\" ><\/div><div class=\"wpb_column vc_column_container vc_col-sm-12\"><div class=\"vc_column-inner\"><div class=\"wpb_wrapper\"><div class=\"vc_message_box vc_message_box-standard vc_message_box-rounded vc_color-info\" ><div class=\"vc_message_box-icon\"><i class=\"fas fa-info-circle\"><\/i><\/div><p>Tjeklisteopdatering i Los Haitises National Park:\u00a0 <a href=\"https:\/\/www.boattoursamana.com\/da\/los-haitises-nationalpark-birdwatching-tjekliste-opdatering\/\">Klik her<\/a><\/p>\n<\/div><\/div><\/div><\/div><div class=\"vc_row wpb_row vc_row-fluid\" ><div class=\"wpb_column vc_column_container vc_col-sm-12\"><div class=\"vc_column-inner\"><div class=\"wpb_wrapper\"><div class=\"vc_btn3-container vc_btn3-inline\" ><button class=\"vc_general vc_btn3 vc_btn3-size-md vc_btn3-shape-rounded vc_btn3-style-modern vc_btn3-color-green\">BOOK NU<\/button><\/div><\/div><\/div><\/div><\/div>","protected":false},"excerpt":{"rendered":"<p><span style=\"vertical-align: inherit;\"><span style=\"vertical-align: inherit;\">Viaje al Parque Nacional Los Haitises er en turistisk lokal, der er koncentreret i observation af aves + Cuevas. <\/span><span style=\"vertical-align: inherit;\">Visitando los Cayos en el Parque Nacional Los Haitises, Manglares, Vegetaci\u00f3n, Observaci\u00f3n de aves, Cuevas, Pictogramas og las \u00e1reas hist\u00f3ricas de Sabana de la Mar en el Parque Nacional Los Haitises.<\/span><\/span><\/p>\n<p>&nbsp;<\/p>\n<p><em><strong><span style=\"vertical-align: inherit;\"><span style=\"vertical-align: inherit;\">V\u00e6lg en fecha para el tour\u00a0<\/span><\/span><\/strong><\/em><\/p>","protected":false},"featured_media":8195,"template":"","meta":[],"product_cat":[178,946,932,168,159,170,169,253,254,255],"product_tag":[586,237,582,584,628,236,583,625,626,630,629,585,171,624,209,627,614,239,238,175,186,199,240],"class_list":["post-8848","product","type-product","status-publish","has-post-thumbnail","hentry","product_cat-hiking","product_cat-1-sabana-de-la-mar","product_cat-birdwatching-los-haitises","product_cat-caves","product_cat-fees-entrace","product_cat-local-tour-guides","product_cat-mangroves","product_cat-tours-and-excursions","product_cat-tours-excursions-los-haitises-national-park","product_cat-tours-excursions-samana-bay-dominican-republic","product_tag-biding-sabana-de-la-mar","product_tag-birding","product_tag-birding-dominican-republic","product_tag-birding-in-los-haitises","product_tag-los-haitises-national-park-birding-tour-from-punta-cana","product_tag-birdwatching","product_tag-birdwatching-dominicana","product_tag-birdwtaching","product_tag-boat-tour-birding","product_tag-carretera-cano-hondo","product_tag-eco-lodge-paraiso-cano-hondo","product_tag-hire-a-guide-in-los-haitises","product_tag-los-haitises","product_tag-los-haitises-birding","product_tag-los-haitises-national-park","product_tag-los-haitises-national-park-cano-hondo","product_tag-los-haitises-samana","product_tag-nature","product_tag-ridgways-hawk","product_tag-sabana-de-la-mar","product_tag-samana","product_tag-samana-bay","product_tag-wildlife"],"_links":{"self":[{"href":"https:\/\/www.boattoursamana.com\/da\/wp-json\/wp\/v2\/product\/8848","targetHints":{"allow":["GET"]}}],"collection":[{"href":"https:\/\/www.boattoursamana.com\/da\/wp-json\/wp\/v2\/product"}],"about":[{"href":"https:\/\/www.boattoursamana.com\/da\/wp-json\/wp\/v2\/types\/product"}],"wp:featuredmedia":[{"embeddable":true,"href":"https:\/\/www.boattoursamana.com\/da\/wp-json\/wp\/v2\/media\/8195"}],"wp:attachment":[{"href":"https:\/\/www.boattoursamana.com\/da\/wp-json\/wp\/v2\/media?parent=8848"}],"wp:term":[{"taxonomy":"product_cat","embeddable":true,"href":"https:\/\/www.boattoursamana.com\/da\/wp-json\/wp\/v2\/product_cat?post=8848"},{"taxonomy":"product_tag","embeddable":true,"href":"https:\/\/www.boattoursamana.com\/da\/wp-json\/wp\/v2\/product_tag?post=8848"}],"curies":[{"name":"wp","href":"https:\/\/api.w.org\/{rel}","templated":true}]}}