{"id":9059,"date":"2019-07-08T07:48:39","date_gmt":"2019-07-08T07:48:39","guid":{"rendered":"https:\/\/www.ticketswhales.com\/?post_type=product&#038;p=9059"},"modified":"2023-10-06T12:11:09","modified_gmt":"2023-10-06T12:11:09","slug":"los-haitises-national-park-tour-from-punta-cana-montana-redonda-cano-hondo","status":"publish","type":"product","link":"https:\/\/www.boattoursamana.com\/da\/tur\/los-haitises-nationalpark-tur-fra-punta-cana-montana-redonda-cano-hondo-2","title":{"rendered":"Los Haitises National Park Tour fra Punta Cana, Montana Redonda og Ca\u00f1o Hondo"},"content":{"rendered":"<div class=\"vc_row wpb_row vc_row-fluid\" ><div class=\"wpb_column vc_column_container vc_col-sm-12\"><div class=\"vc_column-inner\"><div class=\"wpb_wrapper\"><div class=\"vc_btn3-container vc_btn3-inline\" ><a class=\"vc_general vc_btn3 vc_btn3-size-md vc_btn3-shape-rounded vc_btn3-style-modern vc_btn3-color-green\" href=\"https:\/\/bookingadventures.tours\/booking.php?tour_id=b932097145c8226c01088bd4aaecde46\" title=\"\" rel=\"noopener\">BOOK NU<\/a><\/div><div class=\"mkdf-section-title-holder\" style=\"text-align: left\">\n\t<div class=\"mkdf-st-inner\">\n\t\t\t\t\t<h5 class=\"mkdf-st-subtitle\" >\n\t\t\t\tTransport og frokost inkluderet\t\t\t<\/h5>\n\t\t\t\t\t\t\t<h3 class=\"mkdf-st-title\" >\n\t\t\t\tLos Haitises National Park Tour fra Punta Cana, Montana Redonda og Cano Hondo dagstur.\t\t\t<\/h3>\n\t\t\t\t\t<\/div>\n<\/div><\/div><\/div><\/div><\/div><div class=\"vc_row wpb_row vc_row-fluid\" ><div class=\"wpb_column vc_column_container vc_col-sm-12\"><div class=\"vc_column-inner\"><div class=\"wpb_wrapper\">\n\t<div class=\"wpb_text_column wpb_content_element\" >\n\t\t<div class=\"wpb_wrapper\">\n\t\t\t<h3><\/h3>\n<h4><b><i>Oversigt <\/i><\/b><\/h4>\n<p>Los Haitises National Park Tour fra Punta Cana Dagstur. Start fra dit hotel i Punta Cana eller Bavaro. Vi k\u00f8rer med vores rejseleder til Montana Redonda. Hvor du har tid til at tage fantastiske billeder fra en af de mest imponerende udsigter i Den Dominikanske Republik. Efter dette f\u00f8rste stop forts\u00e6tter vi med at bes\u00f8ge Los Haitises National Park, nogle snacks og typiske drinks, mens vi g\u00e5r rundt i mangrover, grotter og ber\u00f8mte klippe\u00f8er som i Jurassic Park. Efter at have bes\u00f8gt Los Haitises National Park venter frokost p\u00e5 os i Ca\u00f1o Hondo. Var efter lokal og gastronomisk lokal frokost, skal du have tid til at sv\u00f8mme i det unikke Natural pools vand kommer fra Los Haitises National Park.<\/p>\n<p>Efter denne oplevelse kommer du tilbage til Punta Cana Community, hvorfra vi henter dig.<\/p>\n<ul>\n<li style=\"font-weight: 400;\">Gebyrer inkluderet<\/li>\n<li>Frokost<\/li>\n<li>Snacks<\/li>\n<li style=\"font-weight: 400;\">Lokal rejseguide p\u00e5 engelsk eller fransk<\/li>\n<li>Transport<\/li>\n<li>Sejltur<\/li>\n<li>Montana Redonda<\/li>\n<li>Ca\u00f1o Hondo<\/li>\n<\/ul>\n<p>&nbsp;<\/p>\n<h4><b>Inklusioner &amp; Eksklusioner<\/b><\/h4>\n<p>&nbsp;<\/p>\n<p><b>Inklusioner<\/b><\/p>\n<ol>\n<li style=\"font-weight: 400;\">Los Haitises-tur + huler og piktogrammer<\/li>\n<li>Montana Redonda<\/li>\n<li>Ca\u00f1o Hondo<\/li>\n<li>Frokost<\/li>\n<li>Afhentning af hoteller i Punta Cana-omr\u00e5der.<\/li>\n<li style=\"font-weight: 400;\"><span style=\"font-weight: 400;\">Alle skatter, gebyrer og ekspeditionsgebyrer<\/span><\/li>\n<li style=\"font-weight: 400;\"><span style=\"font-weight: 400;\">Lokale skatter<\/span><\/li>\n<li style=\"font-weight: 400;\"><span style=\"font-weight: 400;\">Drikkevarer<\/span><\/li>\n<li>Snacks<\/li>\n<li style=\"font-weight: 400;\"><span style=\"font-weight: 400;\">Alle aktiviteter<\/span><\/li>\n<li style=\"font-weight: 400;\"><span style=\"font-weight: 400;\">Lokal guide<\/span><\/li>\n<\/ol>\n<p><b> Udelukkelser<\/b><\/p>\n<ol>\n<li style=\"font-weight: 400;\"><span style=\"font-weight: 400;\">Drikkepenge<\/span><\/li>\n<li style=\"font-weight: 400;\"><span style=\"font-weight: 400;\">Alkoholiske drikkevarer<\/span><\/li>\n<\/ol>\n<p>&nbsp;<\/p>\n<h4><em><strong>Afgang og hjemrejse<\/strong><\/em><\/h4>\n<p><span style=\"font-weight: 400;\">Den rejsende f\u00e5r et m\u00f8dested efter reservationsprocessen. Ture starter og slutter i dine m\u00f8desteder.<\/span><\/p>\n<h4><\/h4>\n<h3>Los Haitises National Park Tour fra Punta Cana, Montana Redonda og Cano Hondo.<\/h3>\n<h4><b><i>Hvad kan man forvente?<\/i><\/b><\/h4>\n<p><em><strong>F\u00e5 dine billetter<\/strong><\/em> for at bes\u00f8ge Los Haitises National Park Tour fra Punta Cana. Heldagstur. Starter fra Punta Cana, Den Dominikanske Republik. Tag transporten med vores lokale rejseguide til Bes\u00f8g Montana Redonda-udsigt, Los Haitises Nationalpark i Sabana de la Mar og frokosttid i Ca\u00f1o Hondo.<\/p>\n<p>Turen, arrangeret af &quot;Booking Adventures&quot; starter ved m\u00f8destedet, der er fastsat med rejselederen. Kom med Booking Adventures og begynd at se nogle fuglefyldte mangrover, b\u00f8lgende bakker med frodig vegetation og huler i <em><strong>Los Haitises Nationalpark<\/strong><\/em>. Bes\u00f8ger \u00f8en med fugle omkring. I redes\u00e6sonen kan vi endda se Pelecanos-ungerne p\u00e5 rederne. Kom mere inde p\u00e5 Rocky Islands og bes\u00f8g hulerne med piktogrammer og petrografier fra de oprindelige folk.<\/p>\n<p>Gennem mangrover og land ved den \u00e5bne San Lorenzo-bugt, Sabana de la Mar, hvorfra du kan fotografere det barske skovlandskab. Se til vandet for at f\u00e5 \u00f8je p\u00e5 <em><strong>Manater<\/strong><\/em>, krebsdyr og <em><strong>delfiner.<\/strong><\/em><\/p>\n<div class=\"body-description secondary\">\n<p>Nationalparkens navn kommer fra dens oprindelige indbyggere, Taino-indianerne. P\u00e5 deres sprog overs\u00e6ttes &quot;haitiser&quot; til h\u00f8jland eller bakker, en reference til kystlinjens stejle geologiske formationer med kalksten. G\u00e5 dybere ind i parken for at udforske huler s\u00e5som Cueva San Gabriel, <em><strong>Cueva de la Arena, <\/strong><\/em>og <strong><em>Cueva de la Linea.<\/em><\/strong><\/p>\n<p>Disse huler i reservatet blev brugt som ly af Taino-indianerne og senere ved at skjule pirater. Se efter tegninger af indianere, der dekorerer nogle af v\u00e6ggene.<\/p>\n<p>Ogs\u00e5 Montana Redonda (Round Mountain) i Miches, er et uforglemmeligt sted, der er omgivet af naturen p\u00e5 landet, nyd en panoramaudsigt, hvor refleksionen af lagunerne kombineres med solopgangen p\u00e5 stranden og solnedgangen med bjergenes gr\u00f8nne , ren luft og syngende fugle, fred og ro, der fylder os i vores \u00f8nske om at blive.<\/p>\n<\/div>\n<p>Plus Ca\u00f1o Hondo Fantastisk kompleks i en bjergtop med en betagende udsigt til en bugt fuld af natur og Samana-bugten i bunden. Det er, som om du boede i et regnskovsparadis med en smuk stil og s\u00e5 afslappende og stille. Med adgang til pools, der kommer fra en naturlig flod fra Los Haitises National Park.<\/p>\n<div class=\"body-description secondary\">\n<p>Dette sted er, hvor vi vil have en typisk frokost, hvis du er veganer, ingen bekymringer, vi har ogs\u00e5 mad til dig!<\/p>\n<p>Efter frokost kommer vi tilbage til Punta Cana!!<\/p>\n<\/div>\n<p>Hvis du vil kunne lide denne rejse l\u00e6ngere eller kortere, skal du blot kontakte os.<\/p>\n<p>&nbsp;<\/p>\n<h4><em><strong>Hvad skal du medbringe?<\/strong><\/em><\/h4>\n<ul>\n<li style=\"font-weight: 400;\"><span style=\"font-weight: 400;\">Kamera<\/span><\/li>\n<li style=\"font-weight: 400;\"><span style=\"font-weight: 400;\">Afvisende knopper<\/span><\/li>\n<li style=\"font-weight: 400;\"><span style=\"font-weight: 400;\">Solcreme<\/span><\/li>\n<li style=\"font-weight: 400;\"><span style=\"font-weight: 400;\">Hat<\/span><\/li>\n<li style=\"font-weight: 400;\"><span style=\"font-weight: 400;\">Komfortable bukser<\/span><\/li>\n<li style=\"font-weight: 400;\"><span style=\"font-weight: 400;\">Vandresko til skov<\/span><\/li>\n<li style=\"font-weight: 400;\"><span style=\"font-weight: 400;\">Sandaler til for\u00e5rets omr\u00e5der.<\/span><\/li>\n<li style=\"font-weight: 400;\"><span style=\"font-weight: 400;\">Badet\u00f8j<\/span><\/li>\n<\/ul>\n<p>&nbsp;<\/p>\n<h4><b><i>Hotel afhentning <\/i><\/b><\/h4>\n<p><span style=\"font-weight: 400;\">Hotel afhentning tilbydes til denne tur. V\u00e6lg hotelnavn og tid her. Hvis dit hotel ikke er p\u00e5 listen, bedes du kontakte os.<\/span><\/p>\n<p>&nbsp;<\/p>\n<p><b>Bem\u00e6rk:<\/b><span style=\"font-weight: 400;\"> Hvis du bestiller inden for 24 timer efter turens\/udflugtens afgangstidspunkt, kan vi arrangere hotelafhentning. N\u00e5r dit k\u00f8b er gennemf\u00f8rt, sender vi dig fuldst\u00e6ndige kontaktoplysninger (telefonnummer, e-mailadresse osv.), s\u00e5 vores lokale rejseguide kan organisere afhentningsarrangementer.<\/span><\/p>\n<h4><b><i>Yderligere info bekr\u00e6ftelse <\/i><\/b><\/h4>\n<ol>\n<li>Billetter er kvitteringen efter betaling af denne tur. Du kan vise betalingen p\u00e5 din telefon.<\/li>\n<li style=\"font-weight: 400;\"><span style=\"font-weight: 400;\">M\u00f8depunkt modtages efter reservationsprocessen.<\/span><\/li>\n<li style=\"font-weight: 400;\"><span style=\"font-weight: 400;\">B\u00f8rn skal ledsages af en voksen.<\/span><\/li>\n<li style=\"font-weight: 400;\"><span style=\"font-weight: 400;\"> Ikke tilg\u00e6ngelig for k\u00f8restolsbrugere <\/span><\/li>\n<li style=\"font-weight: 400;\"><span style=\"font-weight: 400;\">Sp\u00e6db\u00f8rn skal sidde p\u00e5 sk\u00f8det <\/span><\/li>\n<li style=\"font-weight: 400;\"><span style=\"font-weight: 400;\">Anbefales ikke til rejsende med rygproblemer<\/span><\/li>\n<li style=\"font-weight: 400;\"><span style=\"font-weight: 400;\">Anbefales ikke til gravide rejsende <\/span><\/li>\n<li style=\"font-weight: 400;\"><span style=\"font-weight: 400;\"> Ingen hjerteproblemer eller andre alvorlige medicinske tilstande <\/span><\/li>\n<li style=\"font-weight: 400;\"><span style=\"font-weight: 400;\">De fleste rejsende kan deltage<\/span><\/li>\n<\/ol>\n<h4><b><i>Afbestillingspolitik<\/i><\/b><\/h4>\n<p>For fuld refusion, l\u00e6s venligst vores afbestillingspolitikker\u00a0<a href=\"https:\/\/www.boattoursamana.com\/da\/online-booking\/\" target=\"_blank\" rel=\"noopener\" data-saferedirecturl=\"https:\/\/www.google.com\/url?q=https:\/\/www.boattoursamana.com\/online-booking\/&amp;source=gmail&amp;ust=1672529771100000&amp;usg=AOvVaw2NIGJBZ0qjB5RhPUl5Obc7\">Klik her<\/a>. Penge vil g\u00e5 tabt, hvis reservationen annulleres samme dag p\u00e5 rejsen.<\/p>\n\n\t\t<\/div>\n\t<\/div>\n<\/div><\/div><\/div><\/div><div class=\"vc_row wpb_row vc_row-fluid\" ><div class=\"wpb_column vc_column_container vc_col-sm-12\"><div class=\"vc_column-inner\"><div class=\"wpb_wrapper\"><div class=\"vc_btn3-container vc_btn3-inline\" ><a class=\"vc_general vc_btn3 vc_btn3-size-md vc_btn3-shape-rounded vc_btn3-style-modern vc_btn3-color-green\" href=\"https:\/\/bookingadventures.tours\/booking.php?tour_id=b932097145c8226c01088bd4aaecde46\" title=\"\" rel=\"noopener\">BOOK NU<\/a><\/div><div class=\"vc_empty_space\"   style=\"height: 32px\"><span class=\"vc_empty_space_inner\"><\/span><\/div>\n\t<div class=\"wpb_video_widget wpb_content_element vc_clearfix   vc_video-aspect-ratio-169 vc_video-el-width-100 vc_video-align-left\" >\n\t\t<div class=\"wpb_wrapper\">\n\t\t\t<h2 class=\"wpb_heading wpb_video_heading\">Los Haitises National Park Video:<\/h2>\n\t\t\t<div class=\"wpb_video_wrapper\"><iframe loading=\"lazy\" title=\"Los Haitises Nationalpark, ture og udflugter fra Samana eller Sabana de la Mar. Book her:\" src=\"https:\/\/player.vimeo.com\/video\/346508015?dnt=1&amp;app_id=122963\" width=\"1100\" height=\"619\" frameborder=\"0\" allow=\"autoplay; fullscreen\" allowfullscreen><\/iframe><\/div>\n\t\t<\/div>\n\t<\/div>\n<div class=\"vc_empty_space\"   style=\"height: 32px\"><span class=\"vc_empty_space_inner\"><\/span><\/div><\/div><\/div><\/div><\/div><div class=\"vc_row wpb_row vc_row-fluid\" ><div class=\"wpb_column vc_column_container vc_col-sm-12\"><div class=\"vc_column-inner\"><div class=\"wpb_wrapper\"><div class=\"vc_empty_space\"   style=\"height: 32px\"><span class=\"vc_empty_space_inner\"><\/span><\/div>\n\t<div class=\"wpb_text_column wpb_content_element\" >\n\t\t<div class=\"wpb_wrapper\">\n\t\t\t<h4>Kontakt os?<\/h4>\n<h5><em><strong>Booking Adventures<\/strong><\/em><\/h5>\n<p><em><strong>Lokalbefolkningen<\/strong>\u00a0og\u00a0<strong>Nationale<\/strong>\u00a0Turguider og g\u00e6steservice<\/em><\/p>\n<p><span class=\"text-turquoise\">Reservationer:<\/span>\u00a0Ture og udflugter i Dom. Rep.<\/p>\n<p><img decoding=\"async\" class=\"emoji\" draggable=\"false\" src=\"https:\/\/s.w.org\/images\/core\/emoji\/11.2.0\/svg\/1f4de.svg\" alt=\"\ud83d\udcde\" title=\"\">\u00a0Tlf\/Whatsapp\u00a0\u00a0<a href=\"tel:+1-809-720-6035\">+1-809-720-6035<\/a>.<\/p>\n<p><img decoding=\"async\" class=\"emoji\" draggable=\"false\" src=\"https:\/\/s.w.org\/images\/core\/emoji\/11.2.0\/svg\/1f4e9.svg\" alt=\"\ud83d\udce9\" title=\"\">\u00a0<a href=\"mailto:info@bookingadventures.com.do\">info@bookingadventures.com.do<\/a><\/p>\n<p><strong>Vi er fleksibel indstilling af private ture af Whatsapp:\u00a0<a href=\"tel:+18097206035\">+18097206035.<\/a><\/strong><\/p>\n\n\t\t<\/div>\n\t<\/div>\n<div class=\"vc_empty_space\"   style=\"height: 32px\"><span class=\"vc_empty_space_inner\"><\/span><\/div><\/div><\/div><\/div><\/div><div class=\"vc_row wpb_row vc_row-fluid\" ><div class=\"wpb_column vc_column_container vc_col-sm-12\"><div class=\"vc_column-inner\"><div class=\"wpb_wrapper\"><\/div><\/div><\/div><\/div><div class=\"vc_row wpb_row vc_row-fluid\" ><div class=\"wpb_column vc_column_container vc_col-sm-12\"><div class=\"vc_column-inner\"><div class=\"wpb_wrapper\"><div class=\"vc_btn3-container vc_btn3-inline\" ><a class=\"vc_general vc_btn3 vc_btn3-size-md vc_btn3-shape-rounded vc_btn3-style-modern vc_btn3-color-green\" href=\"https:\/\/bookingadventures.tours\/booking.php?tour_id=b932097145c8226c01088bd4aaecde46\" title=\"\" rel=\"noopener\">BOOK NU<\/a><\/div><\/div><\/div><\/div><\/div>","protected":false},"excerpt":{"rendered":"<p>Udflugt fra Punta Cana for at bes\u00f8ge Los Haitises National Park, Montana Redonda og Cano Hondo. Inkluderer frokost og transport til et bes\u00f8g i de 3 hovedhuler, en udforskning af 2 forskellige mangrove-\u00f8kosystemer, udsigter og sv\u00f8mmebassiner.<\/p>\n<p>Heldagstur til Los Haitises National Park med en lokal rejseguide. Bes\u00f8g Cays i Los Haitises National Park, Mangrover, Vegetation, Birding, Huler, Pictographs og de historiske omr\u00e5der af Sabana de la Mar i Los Haitises National Park. Fantastisk udsigt i Montana Redonda og frokost plus swimmingpools i Cano Hondo.<\/p>\n<p>&nbsp;<\/p>\n<p><strong>V\u00e6lg datoen for turen:\u00a0<\/strong><\/p>","protected":false},"featured_media":12642,"template":"","meta":[],"product_cat":[294,948,946,928,168,159,160,169,933,972,964,970,253],"product_tag":[176,211,210,268,192,296,267,171,209,440,441,299,212,297,222,298,269],"class_list":["post-9059","product","type-product","status-publish","has-post-thumbnail","hentry","product_cat-tours-excursions-punta-cana-dominican-republic","product_cat-1-punta-cana","product_cat-1-sabana-de-la-mar","product_cat-boat-trip-los-haitises","product_cat-caves","product_cat-fees-entrace","product_cat-lunch","product_cat-mangroves","product_cat-natural-pools-los-haitises","product_cat-punta-cana-group-tours","product_cat-punta-cana-los-haitises","product_cat-punta-cana-montana-redonda","product_cat-tours-and-excursions","product_tag-cano-hondo","product_tag-cano-hondo-hotel","product_tag-cano-hondo-tours","product_tag-caves-los-haitises","product_tag-day-tour-cano-hondo","product_tag-day-trip-punta-cana","product_tag-las-terrenas","product_tag-los-haitises","product_tag-los-haitises-national-park","product_tag-los-haitises-national-park-map","product_tag-los-haitises-national-park-tour-from-las-terrenas","product_tag-los-haitises-national-park-tours-excursions","product_tag-mangroves-los-haitises","product_tag-montana-redonda-tours-excursion","product_tag-punta-cana","product_tag-punta-cana-tours-excursions","product_tag-transportation-los-haitises"],"_links":{"self":[{"href":"https:\/\/www.boattoursamana.com\/da\/wp-json\/wp\/v2\/product\/9059","targetHints":{"allow":["GET"]}}],"collection":[{"href":"https:\/\/www.boattoursamana.com\/da\/wp-json\/wp\/v2\/product"}],"about":[{"href":"https:\/\/www.boattoursamana.com\/da\/wp-json\/wp\/v2\/types\/product"}],"wp:featuredmedia":[{"embeddable":true,"href":"https:\/\/www.boattoursamana.com\/da\/wp-json\/wp\/v2\/media\/12642"}],"wp:attachment":[{"href":"https:\/\/www.boattoursamana.com\/da\/wp-json\/wp\/v2\/media?parent=9059"}],"wp:term":[{"taxonomy":"product_cat","embeddable":true,"href":"https:\/\/www.boattoursamana.com\/da\/wp-json\/wp\/v2\/product_cat?post=9059"},{"taxonomy":"product_tag","embeddable":true,"href":"https:\/\/www.boattoursamana.com\/da\/wp-json\/wp\/v2\/product_tag?post=9059"}],"curies":[{"name":"wp","href":"https:\/\/api.w.org\/{rel}","templated":true}]}}