{"id":9218,"date":"2019-07-18T11:24:01","date_gmt":"2019-07-18T11:24:01","guid":{"rendered":"https:\/\/www.ticketswhales.com\/?post_type=product&#038;p=9218"},"modified":"2023-02-14T18:40:51","modified_gmt":"2023-02-14T18:40:51","slug":"samana-cayo-levantado-bacardi-island-and-whale-watching-from-miches-in-catamaran","status":"publish","type":"product","link":"https:\/\/www.boattoursamana.com\/da\/tur\/samana-cayo-levantado-bacardi-oen-og-hvalsafari-fra-miches-i-katamaran-2","title":{"rendered":"Saman\u00e1 Cayo Levantado (Bacardi Island) og hvalsafari fra Miches i katamaran"},"content":{"rendered":"<div class=\"vc_row wpb_row vc_row-fluid\" ><div class=\"wpb_column vc_column_container vc_col-sm-12\"><div class=\"vc_column-inner\"><div class=\"wpb_wrapper\">\n\t<div class=\"wpb_text_column wpb_content_element\" >\n\t\t<div class=\"wpb_wrapper\">\n\t\t\t<p><span style=\"vertical-align: inherit;\"><span style=\"vertical-align: inherit;\"><\/p>\n\n\t\t<\/div>\n\t<\/div>\n<\/div><\/div><\/div><\/div><div class=\"vc_row wpb_row vc_row-fluid\" ><\/div><div class=\"wpb_column vc_column_container vc_col-sm-12\"><div class=\"vc_column-inner\"><div class=\"wpb_wrapper\"><\/div><\/div><\/div><div class=\"vc_row wpb_row vc_row-fluid\" ><\/div><div class=\"wpb_column vc_column_container vc_col-sm-12\"><div class=\"vc_column-inner\"><div class=\"wpb_wrapper\"><div class=\"vc_btn3-container vc_btn3-inline\" ><button class=\"vc_general vc_btn3 vc_btn3-size-md vc_btn3-shape-rounded vc_btn3-style-modern vc_btn3-color-green\">BOOK NU<\/button><\/div><\/div><\/div><\/div><div class=\"mkdf-section-title-holder\" style=\"text-align: left\">\n\t<div class=\"mkdf-st-inner\">\n\t\t\t\t\t\t\t<h3 class=\"mkdf-st-title\" >\n\t\t\t\tCayo Levantado + Avistamiento de ballenas de Miches en catamar\u00e1n\t\t\t<\/h3>\n\t\t\t\t\t<\/div>\n<\/div><div class=\"vc_empty_space\"   style=\"height: 32px\"><span class=\"vc_empty_space_inner\"><\/span><\/div>\n\t<div class=\"wpb_text_column wpb_content_element\" >\n\t\t<div class=\"wpb_wrapper\">\n\t\t\t<p>\u00a0<\/span><\/span><\/p>\n<div class=\"vc_empty_space\"><\/div>\n<div class=\"wpb_text_column wpb_content_element\">\n<div class=\"wpb_wrapper\">\n<div class=\"vc_row wpb_row vc_row-fluid\">\n<div class=\"wpb_column vc_column_container vc_col-sm-12\">\n<div class=\"vc_column-inner\">\n<div class=\"wpb_wrapper\">\n<div class=\"wpb_text_column wpb_content_element\">\n<div class=\"wpb_wrapper\">\n<div class=\"vc_row wpb_row vc_row-fluid\">\n<div class=\"wpb_column vc_column_container vc_col-sm-12\">\n<div class=\"vc_column-inner\">\n<div class=\"wpb_wrapper\">\n<div class=\"wpb_text_column wpb_content_element\">\n<div class=\"wpb_wrapper\">\n<h4><a id=\"overview\" class=\"aal_anchor\" href=\"https:\/\/www.boattoursamana.com\/da\/tur\/samana-cayo-levantado-bacardi-oen-og-hvalsafari-fra-miches-i-katamaran-2\/#overview\" aria-hidden=\"true\"><\/a><b><i>Oversigt<\/i><\/b><\/h4>\n<p>Hvalsafari i Saman\u00e1 bugten med start fra Miches havn i katamaranen. Denne tur starter kl. 9.00 og slutter kl. 17.00. M\u00f8de f\u00f8r i Vores havn i Miches. Efter at have aborteret vores katamaran eller b\u00e5d for at bes\u00f8ge hvalerne i deres eget habitat.<\/p>\n<p>Fra 9:00 til kl. P\u00e5 Bacardi Island vil der blive serveret frokostbuffet fra typisk dominikansk stil. N\u00e5r frokosten er f\u00e6rdig m\u00e5 du sv\u00f8mme indtil kl. 16.30. Turen slutter kl. 17.00 i den samme havn, hvor den starter.<\/p>\n<p>Bem\u00e6rk: Denne tur er ikke privat.<strong>\u00a0Kontakt os venligst for en privat rundvisning.<\/strong><\/p>\n<ul>\n<li>Hvalsafari tur<\/li>\n<li>Indgangsgebyrer til observatoriet<\/li>\n<li>Inkluderer frokostbuffet p\u00e5 stranden<\/li>\n<li>B\u00e5dtransfer<\/li>\n<li>Kaptajnen s\u00f8rger for instruktion og supervision<\/li>\n<li>Tur guide<\/li>\n<\/ul>\n<p>&nbsp;<\/p>\n<h4><a id=\"inclusions-exclusions\" class=\"aal_anchor\" href=\"https:\/\/www.boattoursamana.com\/da\/tur\/samana-cayo-levantado-bacardi-oen-og-hvalsafari-fra-miches-i-katamaran-2\/#inclusions-exclusions\" aria-hidden=\"true\"><\/a><b>Inklusioner &amp; Eksklusioner<\/b><\/h4>\n<p>&nbsp;<\/p>\n<p><b>Inklusioner<\/b><\/p>\n<p>&nbsp;<\/p>\n<ol>\n<li>Buffet frokost p\u00e5 stranden<\/li>\n<li>Hvalsafari<\/li>\n<li>Tur guide<\/li>\n<li>Katamaran eller b\u00e5dtur<\/li>\n<li>Alle skatter, gebyrer og ekspeditionsgebyrer<\/li>\n<li>Lokale skatter<\/li>\n<li>Drikkevarer<\/li>\n<li>Alkoholiske drikkevarer<\/li>\n<\/ol>\n<p><b>Udelukkelser<\/b><\/p>\n<ol>\n<li>Drikkepenge<\/li>\n<li>Transfer bil<\/li>\n<\/ol>\n<p>&nbsp;<\/p>\n<h4><a id=\"departure-return\" class=\"aal_anchor\" href=\"https:\/\/www.boattoursamana.com\/da\/tur\/samana-cayo-levantado-bacardi-oen-og-hvalsafari-fra-miches-i-katamaran-2\/#departure-return\" aria-hidden=\"true\"><\/a><em><strong>Afgang og hjemrejse<\/strong><\/em><\/h4>\n<p>Den rejsende f\u00e5r et m\u00f8dested efter reservationsprocessen. Ture starter og slutter i vores m\u00f8desteder.<\/p>\n<p>&nbsp;<\/p>\n<h4><a id=\"what-to-expect\" class=\"aal_anchor\" href=\"https:\/\/www.boattoursamana.com\/da\/tur\/samana-cayo-levantado-bacardi-oen-og-hvalsafari-fra-miches-i-katamaran-2\/#what-to-expect\" aria-hidden=\"true\"><\/a><b><i>Hvad kan man forvente?<\/i><\/b><\/h4>\n<p>&nbsp;<\/p>\n<p><em><strong>F\u00e5 dine billetter<\/strong><\/em>\u00a0for en dag Whale Watching-tur i Saman\u00e1-bugten med start fra Miches i Catamaran med lokale drinks plus en vidunderlig frokost og strandtid.<\/p>\n<p>Dagpasset til hvalsafari, organiseret af &quot;Booking Adventures&quot;, starter ved m\u00f8destedet, der er fastsat med rejselederen. Frokost p\u00e5 stranden og du kan blive s\u00e5 l\u00e6nge du vil sv\u00f8mme rundt. Hvis du er veganer, kan vi ogs\u00e5 lave mad til dig.<\/p>\n<p><strong>Tidsplan:<\/strong><\/p>\n<p>8:45 \u2013 17:00<\/p>\n<p>&nbsp;<\/p>\n<h4><a id=\"what-you-should-bring\" class=\"aal_anchor\" href=\"https:\/\/www.boattoursamana.com\/da\/tur\/samana-cayo-levantado-bacardi-oen-og-hvalsafari-fra-miches-i-katamaran-2\/#what-you-should-bring\" aria-hidden=\"true\"><\/a><em><strong>Hvad skal du medbringe?<\/strong><\/em><\/h4>\n<ul>\n<li>Kamera<\/li>\n<li>Afvisende knopper<\/li>\n<li>Solcreme<\/li>\n<li>Hat<\/li>\n<li>Komfortable bukser<\/li>\n<li>Sandaler til stranden<\/li>\n<li>Badet\u00f8j<\/li>\n<li>Kontanter til souvenirs<\/li>\n<\/ul>\n<p>&nbsp;<\/p>\n<h4><a id=\"hotel-pickup\" class=\"aal_anchor\" href=\"https:\/\/www.boattoursamana.com\/da\/tur\/samana-cayo-levantado-bacardi-oen-og-hvalsafari-fra-miches-i-katamaran-2\/#hotel-pickup\" aria-hidden=\"true\"><\/a><b><i>Hotel afhentning<\/i><\/b><\/h4>\n<p>Hotel afhentning tilbydes ikke til denne tur.<\/p>\n<p>&nbsp;<\/p>\n<p><b>Bem\u00e6rk:<\/b>\u00a0hvis du bestiller inden for 24 timer efter turens\/udflugtens afgangstidspunkt, kan vi arrangere hotelafhentning med ekstra gebyrer. N\u00e5r dit k\u00f8b er gennemf\u00f8rt, sender vi dig fuldst\u00e6ndige kontaktoplysninger (telefonnummer, e-mail-adresse osv.), s\u00e5 vores lokale rejseguide kan organisere afhentningsarrangementer.<\/p>\n<h4><a id=\"additional-info-confirmation\" class=\"aal_anchor\" href=\"https:\/\/www.boattoursamana.com\/da\/tur\/samana-cayo-levantado-bacardi-oen-og-hvalsafari-fra-miches-i-katamaran-2\/#additional-info-confirmation\" aria-hidden=\"true\"><\/a><b><i>Yderligere info bekr\u00e6ftelse<\/i><\/b><\/h4>\n<ol>\n<li>Billetter er kvitteringen efter betaling af denne tur. Du kan vise betalingen p\u00e5 din telefon.<\/li>\n<li>M\u00f8depunkt modtages efter reservationsprocessen.<\/li>\n<li>B\u00f8rn skal ledsages af en voksen.<\/li>\n<li>K\u00f8restolsvenligt<\/li>\n<li>Sp\u00e6db\u00f8rn skal sidde p\u00e5 sk\u00f8det<\/li>\n<li>De fleste rejsende kan deltage<\/li>\n<\/ol>\n<h4><a id=\"cancellation-policy\" class=\"aal_anchor\" href=\"https:\/\/www.boattoursamana.com\/da\/tur\/samana-cayo-levantado-bacardi-oen-og-hvalsafari-fra-miches-i-katamaran-2\/#cancellation-policy\" aria-hidden=\"true\"><\/a><b><i>Afbestillingspolitik<\/i><\/b><\/h4>\n<p>For en fuld refusion skal du annullere mindst 24 timer f\u00f8r startdatoen for oplevelsen.<\/p>\n<\/div>\n<\/div>\n<\/div>\n<\/div>\n<\/div>\n<\/div>\n<\/div>\n<\/div>\n<\/div>\n<\/div>\n<\/div>\n<\/div>\n<div class=\"vc_row wpb_row vc_row-fluid\">\n<div class=\"wpb_column vc_column_container vc_col-sm-12\">\n<div class=\"vc_column-inner\">\n<div class=\"wpb_wrapper\">\n<div class=\"vc_empty_space\"><\/div>\n<div class=\"wpb_text_column wpb_content_element\">\n<div class=\"wpb_wrapper\">\n<h4><a id=\"contact-us\" class=\"aal_anchor\" href=\"https:\/\/www.boattoursamana.com\/da\/tur\/samana-cayo-levantado-bacardi-oen-og-hvalsafari-fra-miches-i-katamaran-2\/#contact-us\" aria-hidden=\"true\"><\/a>Kontakt os?<\/h4>\n<h5><\/h5>\n<p><em><strong>Lokalbefolkningen<\/strong>\u00a0og\u00a0<strong>Nationale<\/strong>\u00a0Turguider og g\u00e6steservice<\/em><\/p>\n<p><span class=\"text-turquoise\">Reservationer:<\/span>\u00a0Ture og udflugter i Dom. Rep.<\/p>\n<p><img decoding=\"async\" class=\"emoji\" title=\"Samana Cayo Levantado (Bacardi Island) og hvalsafari fra Miches i katamaran 1\" draggable=\"false\" src=\"https:\/\/s.w.org\/images\/core\/emoji\/11.2.0\/svg\/1f4de.svg\" alt=\"\ud83d\udcde\" \/> Tlf\/Whatsapp <strong><a href=\"tel:+1 (829) 318-9463\">+1 (829) 318-9463.<\/a><\/strong><\/p>\n<p><img decoding=\"async\" class=\"emoji\" title=\"Samana Cayo Levantado (Bacardi Island) og hvalsafari fra Miches i Catamaran 2\" draggable=\"false\" src=\"https:\/\/s.w.org\/images\/core\/emoji\/11.2.0\/svg\/1f4e9.svg\" alt=\"\ud83d\udce9\" \/>\u00a0<a href=\"mailto:reservabatour@gmail.com\">reservabatour@gmail.com<\/a><\/p>\n<p><strong>Vi er fleksibel indstilling af private ture af Whatsapp:\u00a0<a href=\"tel:+1 (829) 318-9463\">+1 (829) 318-9463.<\/a><\/strong><\/p>\n<\/div>\n<\/div>\n<\/div>\n<\/div>\n<\/div>\n<\/div>\n<\/div>\n<\/div>\n\n\t\t<\/div>\n\t<\/div>\n<div class=\"vc_row wpb_row vc_row-fluid\" ><div class=\"wpb_column vc_column_container vc_col-sm-12\"><div class=\"vc_column-inner\"><div class=\"wpb_wrapper\"><div class=\"vc_btn3-container vc_btn3-inline\" ><button class=\"vc_general vc_btn3 vc_btn3-size-md vc_btn3-shape-rounded vc_btn3-style-modern vc_btn3-color-green\">BOOK NU<\/button><\/div><\/div><\/div><\/div><\/div>","protected":false},"excerpt":{"rendered":"<p><span style=\"vertical-align: inherit;\"><span style=\"vertical-align: inherit;\">Whale Miches Tours &amp; Excursiones. <\/span><span style=\"vertical-align: inherit;\">Reserve sus boletos para el avistamiento de ballenas en la Bah\u00eda de Saman\u00e1, comenzando desde Miches y visitando Cayo Levantado, tambi\u00e9n conocida como Isla Bacard\u00ed para una aventura con pase de un d\u00eda.<\/span><\/span><\/p>\n<p>&nbsp;<\/p>\n<p><em><strong><span style=\"vertical-align: inherit;\"><span style=\"vertical-align: inherit;\">V\u00e6lg udflugt:<\/span><\/span><\/strong><\/em><\/p>","protected":false},"featured_media":11588,"template":"","meta":[],"product_cat":[255,937],"product_tag":[393,375,342,392,391,276,274,322,394,390],"class_list":["post-9218","product","type-product","status-publish","has-post-thumbnail","hentry","product_cat-tours-excursions-samana-bay-dominican-republic","product_cat-whale-watching-miches","product_tag-miches-whale-watching","product_tag-samana-dominican-republic","product_tag-samana-whale-watching","product_tag-samana-whale-watching-price","product_tag-things-to-do-in-dominican-republic","product_tag-whale-samana","product_tag-whale-watching-dominican-republic","product_tag-whale-watching-miches","product_tag-whale-watching-miches-dominican-republic","product_tag-when-to-see-whales-dominican-republic"],"_links":{"self":[{"href":"https:\/\/www.boattoursamana.com\/da\/wp-json\/wp\/v2\/product\/9218","targetHints":{"allow":["GET"]}}],"collection":[{"href":"https:\/\/www.boattoursamana.com\/da\/wp-json\/wp\/v2\/product"}],"about":[{"href":"https:\/\/www.boattoursamana.com\/da\/wp-json\/wp\/v2\/types\/product"}],"wp:featuredmedia":[{"embeddable":true,"href":"https:\/\/www.boattoursamana.com\/da\/wp-json\/wp\/v2\/media\/11588"}],"wp:attachment":[{"href":"https:\/\/www.boattoursamana.com\/da\/wp-json\/wp\/v2\/media?parent=9218"}],"wp:term":[{"taxonomy":"product_cat","embeddable":true,"href":"https:\/\/www.boattoursamana.com\/da\/wp-json\/wp\/v2\/product_cat?post=9218"},{"taxonomy":"product_tag","embeddable":true,"href":"https:\/\/www.boattoursamana.com\/da\/wp-json\/wp\/v2\/product_tag?post=9218"}],"curies":[{"name":"wp","href":"https:\/\/api.w.org\/{rel}","templated":true}]}}