{"id":9228,"date":"2019-07-19T06:00:45","date_gmt":"2019-07-19T06:00:45","guid":{"rendered":"https:\/\/www.ticketswhales.com\/?post_type=product&#038;p=9228"},"modified":"2023-02-19T13:36:18","modified_gmt":"2023-02-19T13:36:18","slug":"cayo-levantado-whale-watching-from-samana-port-private-boat-tour","status":"publish","type":"product","link":"https:\/\/www.boattoursamana.com\/da\/tur\/cayo-levantado-hvalsafari-fra-samana-havn-privat-badtur","title":{"rendered":"Privat tur Saman\u00e1 Whale Watching + Cayo Levantado (Bacardi Island) fra Saman\u00e1 Port"},"content":{"rendered":"<div class=\"vc_row wpb_row vc_row-fluid\" ><div class=\"wpb_column vc_column_container vc_col-sm-12\"><div class=\"vc_column-inner\"><div class=\"wpb_wrapper\"><div class=\"vc_empty_space\"   style=\"height: 32px\"><span class=\"vc_empty_space_inner\"><\/span><\/div><div class=\"mkdf-section-title-holder\" style=\"text-align: left\">\n\t<div class=\"mkdf-st-inner\">\n\t\t\t\t\t<h5 class=\"mkdf-st-subtitle\" >\n\t\t\t\tFra Saman\u00e1 havn Privat b\u00e5dtur\t\t\t<\/h5>\n\t\t\t\t\t\t\t<h3 class=\"mkdf-st-title\" >\n\t\t\t\tSamana Cayo Levantado + Hvalsafari\t\t\t<\/h3>\n\t\t\t\t\t<\/div>\n<\/div><div class=\"vc_message_box vc_message_box-standard vc_message_box-rounded vc_color-info\" ><div class=\"vc_message_box-icon\"><i class=\"fas fa-info-circle\"><\/i><\/div><p>Dette er en privat tur Minimum 4 personer. At booke samme tur i katamarangrupper <a href=\"https:\/\/www.boattoursamana.com\/da\/tours-excursions\/tours-and-excursions\/samana-hvalsafari-cayo-levantado\/\">Klik her.<\/a><\/p>\n<p>Hvis du er mindre end 4 personer og vil kunne lide Privat Kontakt os.<\/p>\n<\/div><div class=\"vc_empty_space\"   style=\"height: 32px\"><span class=\"vc_empty_space_inner\"><\/span><\/div><\/div><\/div><\/div><\/div><div class=\"vc_row wpb_row vc_row-fluid\" ><div class=\"wpb_column vc_column_container vc_col-sm-12\"><div class=\"vc_column-inner\"><div class=\"wpb_wrapper\"><div class=\"vc_btn3-container vc_btn3-inline\" ><a class=\"vc_general vc_btn3 vc_btn3-size-md vc_btn3-shape-rounded vc_btn3-style-modern vc_btn3-color-green\" href=\"https:\/\/bookingadventures.tours\/booking.php?tour_id=ccd2fafcfb0614232b46b749871336cb\" title=\"BOOK NU\" rel=\"noopener\">BOOK NU<\/a><\/div>\n\t<div class=\"wpb_text_column wpb_content_element\" >\n\t\t<div class=\"wpb_wrapper\">\n\t\t\t<div class=\"vc_row wpb_row vc_row-fluid\">\n<div class=\"wpb_column vc_column_container vc_col-sm-12\">\n<div class=\"vc_column-inner\">\n<div class=\"wpb_wrapper\">\n<div class=\"wpb_text_column wpb_content_element\">\n<div class=\"wpb_wrapper\">\n<div class=\"vc_row wpb_row vc_row-fluid\">\n<div class=\"wpb_column vc_column_container vc_col-sm-12\">\n<div class=\"vc_column-inner\">\n<div class=\"wpb_wrapper\">\n<div class=\"wpb_text_column wpb_content_element\">\n<div class=\"wpb_wrapper\">\n<h4><b><i>Oversigt<img decoding=\"async\" class=\"emoji\" draggable=\"false\" src=\"https:\/\/s.w.org\/images\/core\/emoji\/12.0.0-1\/svg\/1f433.svg\" alt=\"\ud83d\udc33\" title=\"\"><\/i><\/b><\/h4>\n<p><strong>Undg\u00e5 store grupper af turister<\/strong>\u00a0og lav din hvalsafari i Saman\u00e1 bugten med start fra Saman\u00e1 havn i en privat b\u00e5d. Denne tur starter kl. 9.00 og slutter kl. 17.00. Men fordi det vil v\u00e6re en privat tur, kan du indstille tidspunktet for start og slut. M\u00f8de f\u00f8r i Vores Kontor ved siden af Den Kongelige Restaurant. Efter at have aborteret vores b\u00e5d for at bes\u00f8ge hvalerne i deres eget habitat. Vores kaptajner er uddannet til at sikre, at du ser hvaler.<\/p>\n<p>Fra 9:00 til kl. P\u00e5 Bacardi Island vil der blive serveret frokostbuffet fra typisk dominikansk stil (ris, b\u00f8nner, fisk, salater...). N\u00e5r frokosten er f\u00e6rdig m\u00e5 du sv\u00f8mme indtil kl. 16.30. Turen slutter kl. 17.00 i den samme havn, hvorfra den starter.<\/p>\n<p><strong>Bem\u00e6rk:<\/strong>\u00a0Denne tur er privat. (Kun dig og familie eller venner om bord med kaptajn og rejseleder).<\/p>\n<ul>\n<li>Hvalsafari tur<\/li>\n<li>Indgangsgebyrer til observatoriet<\/li>\n<li>Inkluderer frokostbuffet p\u00e5 stranden<\/li>\n<li>B\u00e5dtransfer<\/li>\n<li>Kaptajnen s\u00f8rger for instruktion og supervision<\/li>\n<li>Tur guide<\/li>\n<\/ul>\n<p>&nbsp;<\/p>\n<h4><b>Inklusioner &amp; Eksklusioner<\/b><\/h4>\n<p>&nbsp;<\/p>\n<p><b>Inklusioner<\/b><\/p>\n<p>&nbsp;<\/p>\n<ol>\n<li>Buffet frokost p\u00e5 stranden<\/li>\n<li>Tur guide<\/li>\n<li>Katamaran eller b\u00e5dtur<\/li>\n<li>Alle skatter, gebyrer og ekspeditionsgebyrer<\/li>\n<li>Lokale skatter<\/li>\n<li>Drikkevarer<\/li>\n<\/ol>\n<p><b>Udelukkelser<\/b><\/p>\n<ol>\n<li>Drikkepenge<\/li>\n<li>Transfer bil<\/li>\n<li>Alkoholiske drikkevarer<\/li>\n<\/ol>\n<p>&nbsp;<\/p>\n<h4><em><strong>Afgang og hjemrejse<\/strong><\/em><\/h4>\n<p>Den rejsende f\u00e5r et m\u00f8dested efter reservationsprocessen. Ture starter og slutter i vores m\u00f8desteder.<\/p>\n<p>&nbsp;<\/p>\n<h4><b><i>Hvad kan man forvente?<\/i><\/b><\/h4>\n<p>&nbsp;<\/p>\n<p><em><strong>F\u00e5 dine billetter<\/strong><\/em>\u00a0for en dag Whale Watching privat tur i Saman\u00e1 bugten plus en vidunderlig frokost og strandtid p\u00e5 Bacardi Island.<\/p>\n<p>Dagpasset til hvalsafari, organiseret af &quot;Booking Adventures&quot;, starter ved m\u00f8destedet, der er fastsat med rejselederen. Frokost p\u00e5 stranden og du kan blive s\u00e5 l\u00e6nge du vil sv\u00f8mme rundt. Hvis du er veganer, kan vi ogs\u00e5 lave mad til dig.<\/p>\n<p><strong>Tidsplan:<\/strong><\/p>\n<p>8:45 \u2013 17:00<\/p>\n<p>&nbsp;<\/p>\n<h4><em><strong>Hvad skal du medbringe?<\/strong><\/em><\/h4>\n<ul>\n<li>Kamera<\/li>\n<li>Afvisende knopper<\/li>\n<li>solcreme<\/li>\n<li>Hat<\/li>\n<li>Komfortable bukser<\/li>\n<li>Sandaler til stranden<\/li>\n<li>Badet\u00f8j<\/li>\n<li>Kontanter til souvenirs<\/li>\n<\/ul>\n<p>&nbsp;<\/p>\n<h4><b><i>Hotel afhentning<\/i><\/b><\/h4>\n<p>Hotel afhentning tilbydes ikke til denne tur.<\/p>\n<p>&nbsp;<\/p>\n<p><b>Bem\u00e6rk:<\/b>\u00a0hvis du bestiller inden for 24 timer efter turens\/udflugtens afgangstidspunkt, kan vi arrangere hotelafhentning med ekstra gebyrer. N\u00e5r dit k\u00f8b er gennemf\u00f8rt, sender vi dig fuldst\u00e6ndige kontaktoplysninger (telefonnummer, e-mail-adresse osv.), s\u00e5 vores lokale rejseguide kan organisere afhentningsarrangementer.<\/p>\n<h4><b><i>Yderligere info bekr\u00e6ftelse<\/i><\/b><\/h4>\n<ol>\n<li>Billetter er kvitteringen efter betaling af denne tur. Du kan vise betalingen p\u00e5 din telefon.<\/li>\n<li>M\u00f8depunkt modtages efter reservationsprocessen.<\/li>\n<li>B\u00f8rn skal ledsages af en voksen.<\/li>\n<li>K\u00f8restolsvenligt<\/li>\n<li>Sp\u00e6db\u00f8rn skal sidde p\u00e5 sk\u00f8det<\/li>\n<li>De fleste rejsende kan deltage<\/li>\n<\/ol>\n<h4><b><i>Afbestillingspolitik<\/i><\/b><\/h4>\n<p><span style=\"font-weight: 400;\">For fuld refusion, l\u00e6s venligst vores afbestillingspolitikker\u00a0<a href=\"https:\/\/www.boattoursamana.com\/da\/online-booking\/\" target=\"_blank\" rel=\"noopener\" data-saferedirecturl=\"https:\/\/www.google.com\/url?q=https:\/\/www.boattoursamana.com\/online-booking\/&amp;source=gmail&amp;ust=1672449202351000&amp;usg=AOvVaw1yAeVAPktmaVCqDujgUn90\">Klik her<\/a>. Penge vil g\u00e5 tabt, hvis reservationen annulleres samme dag p\u00e5 rejsen.<\/span><\/p>\n<\/div>\n<\/div>\n<\/div>\n<\/div>\n<\/div>\n<\/div>\n<\/div>\n<\/div>\n<\/div>\n<\/div>\n<\/div>\n<\/div>\n<div class=\"vc_row wpb_row vc_row-fluid\">\n<div class=\"wpb_column vc_column_container vc_col-sm-12\">\n<div class=\"vc_column-inner\">\n<div class=\"wpb_wrapper\">\n<div class=\"vc_empty_space\"><\/div>\n<div class=\"wpb_text_column wpb_content_element\">\n<div class=\"wpb_wrapper\">\n<h4>Kontakt os?<\/h4>\n<h5><b><i>TOUR HVALER SAMANA<\/i><\/b><\/h5>\n<p><em><strong>Lokalbefolkningen<\/strong>\u00a0og\u00a0<strong>Nationale<\/strong>\u00a0Turguider og g\u00e6steservice<\/em><\/p>\n<p><span class=\"text-turquoise\">Reservationer:<\/span>\u00a0Ture og udflugter i Dom. Rep.<\/p>\n<p><img decoding=\"async\" class=\"emoji\" draggable=\"false\" src=\"https:\/\/s.w.org\/images\/core\/emoji\/11.2.0\/svg\/1f4de.svg\" alt=\"\ud83d\udcde\" title=\"\">\u00a0Tlf\/Whatsapp\u00a0\u00a0<a href=\"tel:+1-809-720-6035\">+1-809-720-6035<\/a>.<\/p>\n<p><img decoding=\"async\" class=\"emoji\" draggable=\"false\" src=\"https:\/\/s.w.org\/images\/core\/emoji\/11.2.0\/svg\/1f4e9.svg\" alt=\"\ud83d\udce9\" title=\"\">\u00a0<a href=\"mailto:info@bookingadventures.com.do\">info@bookingadventures.com.do<\/a><\/p>\n<p><strong>Vi er fleksibel indstilling af private ture af Whatsapp:\u00a0<a href=\"tel:+18097206035\">+18097206035.<\/a><\/strong><\/p>\n<\/div>\n<\/div>\n<\/div>\n<\/div>\n<\/div>\n<\/div>\n\n\t\t<\/div>\n\t<\/div>\n<div class=\"vc_btn3-container vc_btn3-inline\" ><a class=\"vc_general vc_btn3 vc_btn3-size-md vc_btn3-shape-rounded vc_btn3-style-modern vc_btn3-color-green\" href=\"https:\/\/bookingadventures.tours\/booking.php?tour_id=ccd2fafcfb0614232b46b749871336cb\" title=\"BOOK NU\" rel=\"noopener\">BOOK NU<\/a><\/div><\/div><\/div><\/div><\/div>","protected":false},"excerpt":{"rendered":"<p>Privat hvalsafaritur i Samana-bugten, Den Dominikanske Republik med lokale guider. Du er velkommen til at indstille din tid til at ankomme eller for at afslutte udflugten. Frokost og tidspunkt bestemmes af dig selv. Book nu denne udflugt i Samana-bugten for en god hvalsafari-oplevelse.<\/p>\n<p>Bem\u00e6rk: Denne tur er en privat tur med en minimumsbetaling. For at deltage i en gruppe til hvalsafari til samme pris i katamaran venligst\u00a0 <a href=\"https:\/\/www.boattoursamana.com\/da\/tours-excursions\/tours-and-excursions\/samana-hvalsafari-cayo-levantado\/\">KLIK HER.<\/a><\/p>\n<p>&nbsp;<\/p>\n<p><em><strong>V\u00e6lg venligst datoen for udflugten:<\/strong><\/em><\/p>","protected":false},"featured_media":12061,"template":"","meta":[],"product_cat":[255,655,942,273],"product_tag":[184,328,327,187,604,342,648,276,605,529,274],"class_list":["post-9228","product","type-product","status-publish","has-post-thumbnail","hentry","product_cat-tours-excursions-samana-bay-dominican-republic","product_cat-1-samana","product_cat-whale-watching-private-tours","product_cat-whale-watching-samana","product_tag-bacardi-island","product_tag-cayo-levantado-day-pass","product_tag-private-tours-samana","product_tag-samana-tours","product_tag-samana-whale","product_tag-samana-whale-watching","product_tag-samana-whale-watching-excursions","product_tag-whale-samana","product_tag-whale-watching","product_tag-whale-watching-2020","product_tag-whale-watching-dominican-republic"],"_links":{"self":[{"href":"https:\/\/www.boattoursamana.com\/da\/wp-json\/wp\/v2\/product\/9228","targetHints":{"allow":["GET"]}}],"collection":[{"href":"https:\/\/www.boattoursamana.com\/da\/wp-json\/wp\/v2\/product"}],"about":[{"href":"https:\/\/www.boattoursamana.com\/da\/wp-json\/wp\/v2\/types\/product"}],"wp:featuredmedia":[{"embeddable":true,"href":"https:\/\/www.boattoursamana.com\/da\/wp-json\/wp\/v2\/media\/12061"}],"wp:attachment":[{"href":"https:\/\/www.boattoursamana.com\/da\/wp-json\/wp\/v2\/media?parent=9228"}],"wp:term":[{"taxonomy":"product_cat","embeddable":true,"href":"https:\/\/www.boattoursamana.com\/da\/wp-json\/wp\/v2\/product_cat?post=9228"},{"taxonomy":"product_tag","embeddable":true,"href":"https:\/\/www.boattoursamana.com\/da\/wp-json\/wp\/v2\/product_tag?post=9228"}],"curies":[{"name":"wp","href":"https:\/\/api.w.org\/{rel}","templated":true}]}}